{"id":338,"date":"2021-09-13T08:43:56","date_gmt":"2021-09-13T06:43:56","guid":{"rendered":"https:\/\/bautenschutz-keul.de\/angebote\/innenabdichtung-buchholz-in-der-nordheide\/"},"modified":"2021-09-13T08:43:56","modified_gmt":"2021-09-13T06:43:56","slug":"innenabdichtung-buchholz-in-der-nordheide","status":"publish","type":"page","link":"https:\/\/bautenschutz-keul.de\/angebote\/innenabdichtung-buchholz-in-der-nordheide\/","title":{"rendered":"Innenabdichtung &#8211; Buchholz in der Nordheide"},"content":{"rendered":"<h3>Innenabdichtung: Wir helfen schnell und kompetent!<\/h3>\n<p>Ein feuchter Keller kann die bauliche Substanz eines Hauses ernstlich sch\u00e4digen.<br \/>\nInsbesondere von au\u00dfen eindringende N\u00e4sse ist ein Problem, welchem sich<br \/>\nHauseigent\u00fcmer auf jeden Fall annehmen sollten. Sollte eine Abdichtung von au\u00dfen baulich nicht m\u00f6glich sein, kann auch eine Innenabdichtung zum gew\u00fcnschten Ergebnis f\u00fchren. Dies ist zum Beispiel dann der Fall, wenn Anbauten den Zugang zur Au\u00dfenmauer versperren. Die Innenabdichtung ist au\u00dferdem eine verh\u00e4ltnism\u00e4\u00dfig kosteng\u00fcnstige Methode, da die Mauern nicht erst freigelegt werden m\u00fcssen. Erdarbeiten entfallen vollst\u00e4ndig. Die Abdichtung hat den Zweck, die W\u00e4nde dauerhaft wasserundurchl\u00e4ssig zu machen. Mit der Innenabdichtung schaffen Sie die Voraussetzung, Ihr Haus vor substanzbedrohenden N\u00e4ssesch\u00e4den zu sch\u00fctzen. Allerdings muss darauf hingewiesen werden, dass Feuchtigkeit immer noch von au\u00dfen auf das Mauerwerk dr\u00fcckt. Die N\u00e4sse kann aber nicht mehr ins Geb\u00e4udeinnere dringen. <\/p>\n<p>Eine Vielzahl von hochwertigen Baustoffen steht f\u00fcr die Innenabdichtung zum Gebrauch bereit. Je nach Anwendungsfall lassen sich f\u00fcr die Abdichtung beispielsweise mineralische Dichtungsschl\u00e4mme verarbeiten. Das Setzen einer horizontalen oder vertikalen Feuchtigkeitssperre geh\u00f6rt zu den Grundarbeiten. Auf die abgedichtete Wand wird zum Abschluss ein zus\u00e4tzlich sch\u00fctzender Sanierputz gestrichen. <\/p>\n<h3>Innenabdichtung: Unser Unternehmen k\u00fcmmert sich darum!<\/h3>\n<p>Um die geeigneten Baustoffe und Methoden auszuw\u00e4hlen sowie den Sanierungsaufwand zu abzuw\u00e4gen, ist eine Sichtung direkt am betroffenen Wohn- oder Gesch\u00e4ftsgeb\u00e4ude unbedingt von N\u00f6ten. Nur nach einer genauen Analyse kann man die notwendigen Mittel f\u00fcr eine Innenabdichtung festlegen. Die Diagnose ist Aufgabe f\u00fcr einen Fachmann. Nur der erfahrene Fachhandwerker Sanierungswege empfehlenswert sind.<\/p>\n","protected":false},"excerpt":{"rendered":"<p>Innenabdichtung: Wir helfen schnell und kompetent! Ein feuchter Keller kann die bauliche Substanz eines Hauses ernstlich sch\u00e4digen. Insbesondere von au\u00dfen eindringende N\u00e4sse ist ein Problem, welchem sich Hauseigent\u00fcmer auf jeden Fall annehmen sollten. Sollte eine Abdichtung von au\u00dfen baulich nicht m\u00f6glich sein, kann auch eine Innenabdichtung zum gew\u00fcnschten Ergebnis f\u00fchren. Dies ist zum Beispiel dann [&hellip;]<\/p>\n","protected":false},"author":1,"featured_media":0,"parent":0,"menu_order":0,"comment_status":"closed","ping_status":"closed","template":"","meta":{"footnotes":""},"class_list":["post-338","page","type-page","status-publish","hentry"],"meta_box":{"popseo_subtitel":"Die Firma TK-Geb\u00e4udetechnik Thorsten Keul ist Ihr Experte f\u00fcr eine Innenabdichtung im Raum Buchholz in der Nordheide","popseo_subtitel2":"Innenabdichtung f\u00fcr Immobilienbesitzer aus Norddeutschland","popseo_lasttitel":"Innenabdichtung: Treten Sie in Kontakt mit uns!","popseo_region":"Buchholz in der Nordheide","popseo_sachwort":"Innenabdichtung","popseo_noupdate":"","popseo_einleitungstext":"<p>Wenn es um die Bauwerksabdichtung geht, sind Sie bei der Firma TK-Geb\u00e4udetechnik genau an der richtigen Adresse. Seit unserer Gr\u00fcndung sind wir Ihre lokalen Experten f\u00fcr das Setzen von Horizontalsperren, die Kellerabdichtung und ganz grunds\u00e4tzlich f\u00fcr wirksame Methoden gegen aufsteigende Feuchtigkeit. Wir beurteilen den aktuellen Zustand von Mauern und W\u00e4nden und zeigen Ihnen M\u00f6glichkeiten auf, wie Sie die Bausubstanz Ihres Wohn- oder Gesch\u00e4ftsgeb\u00e4udes dauerhaft absichern k\u00f6nnen. Auf diesen Seiten haben wir einige erste Informationen f\u00fcr Sie notiert.<\/p>","popseo_schlusstext":"<p>Sie haben Fragen zu unseren Leistungen? Wenn Sie m\u00f6chten, informieren wir Sie n\u00e4her \u00fcber unser gesamtes Themengebiet. Mit Vergn\u00fcgen zeigen wir Ihnen einige Referenzprojekte, die Ihnen einen Einblick in unsere Unternehmenst\u00e4tigkeit geben. Rufen Sie uns doch einfach einmal an oder schreiben Sie uns eine E-Mail. Unser freundliches Team arbeitet fachkundig und immer kundenorientiert. Ihre Fragen beantworten wir unter: <\/p>\n<p>04133 \u2013 22 37 940<\/p>","popseo_stadttext":"<h3>Anfragen erhalten wir auch aus Buchholz i.d. Nordheide<\/h3>\n<p>Buchholz z\u00e4hlt zum nieders\u00e4chsischen Kreis Harburg und liegt in der Nordheide. Um Verwechslungen mit anderen St\u00e4dten zu verhindern, tr\u00e4gt die Stadt Buchholz von Amts wegen die Namenserweiterung \"Buchholz in der Nordheide\". Durch unsere Vertriebst\u00e4tigkeit haben wir uns einen sehr guten \u00dcberblick \u00fcber die Architektur der St\u00e4dte und Gemeinden unseres Einzugsbereiches erarbeiten k\u00f6nnen. Nat\u00fcrlich geh\u00f6rt auch Buchholz i.d. Nordheide zu unserem unmittelbaren Wirkungskreis. Wir freuen uns darauf, mit Ihnen ins Gespr\u00e4ch zu treten. <\/p>\n<h3>Wissenswertes \u00fcber Buchholz i.d. Nordheide<\/h3>\n<p>Buchholz ist eine zentral gelegene Stadt. Bis in die Gro\u00dfstadt Hamburg sind es knapp 20 km. Entsprechend viele Berufspendler wohnen in Buchholz. Wer seine Arbeitsst\u00e4tte in Hamburg hat, dennoch eine eher weniger hektische Wohnlage pr\u00e4feriert, hat es in Buchholz hervorragend getroffen. Der nette und beschauliche Ort bietet ein \u00e4u\u00dferst attraktives Lebensumfeld. Insgesamt wohnen rund 37.000 Menschen in Buchholz. Stadt und Einzugsgebiet strecken sich \u00fcber eine Gesamtfl\u00e4che von etwa 75 qkm. Buchholz gliedert sich in insgesamt sechs Stadtteile. Eine kleine Eigenheit von Buchholz: Jeder Ortsteil hat einen eigenen Ortsb\u00fcrgermeister.<\/p>\n<h3>Wir kennen uns aus in Buchholz<\/h3>\n<p>Trotz der r\u00e4umlichen N\u00e4he zur Metropole Hamburg, verf\u00fcgt Buchholz \u00fcber ein umtriebiges Wirtschaftsleben, das sich auf insgesamt drei Gewerbegebiete erstreckt. Gro\u00dfe Einzelh\u00e4ndler wie z.B. M\u00f6bel Kraft oder Media Markt f\u00fchren in Buchholz Filialen. Gepr\u00e4gt wird die Wirtschaft von Buchholz weitgehend von mittelst\u00e4ndischen Fimen aus den Gesch\u00e4ftsfeldern Dienstleistung und Gro\u00dfhandel. Au\u00dferdem finden sich in Buchholz etliche Autoh\u00e4user. \u00dcber die Auffahrt Dibbersen ist Buchholz an die Autobahn A1 angeschlossen. Das Buchholzer Dreieck stellt au\u00dferdem eine Autobahnverbindung mit der A7 her. Des Weiteren erreicht man Buchholz mit dem Auto auch bequem \u00fcber die Bundesstra\u00dfe 75. Wer mit der Eisenbahn nach Buchholz reist, nutzt die Bahnlinie Bremen-Hamburg. Der Verkehrsbetrieb Metronom f\u00e4hrt Buchholz mit der Expresslinie Bremen-Hamburg und \u00fcber eine Nahverkehrslinie an.  <\/p>\n<h4>Hohe Qualit\u00e4t f\u00fcr Kunden aus Buchholz i.d. Nordheide<\/h4>\n<p>Wir finden es prima, dass Sie unsere Internetseite entdeckt haben. Privat- und Gesch\u00e4ftskunden profitieren von einem sehr guten Preis-Leistungs-Verh\u00e4ltnis. Sie m\u00f6chten mehr \u00fcber uns erfahren? F\u00fcr R\u00fcckfragen stehen wir Ihnen jederzeit zur Verf\u00fcgung. Auf Ihre Anfragen freuen wir uns.<\/p>","popseo_zusatztext":"<h3>Hohe Kosten bei der Bauwerksabdichtung m\u00fcssen nicht sein<\/h3>\n<p>Sie interessieren sich f\u00fcr eine Kellertrockenlegung oder eine Sanierungsarbeit an Mauern bzw. W\u00e4nden und w\u00fcnschen sich ein individuelles Angebot, das eine qualitativ gute Arbeit garantiert, gleichzeitig aber die Kosten im Blick hat. Prima, in diesem Fall sind Sie bei uns an der richtigen Adresse. Als Fachbetrieb f\u00fcr Bauwerksabdichtung, Schimmelbeseitigung und Kellersanierung verwenden wir ausschlie\u00dflich hochwertige Materialien. Trotzdem achten wir stets auf die Kosten, die nat\u00fcrlich nicht zu hoch sein sollen. Wir m\u00f6chten Ihnen Qualit\u00e4t anbieten, die trotzdem auch die Kosten im Blick beh\u00e4lt. Bei uns stimmen Kosten und Qualit\u00e4t: Bereits seit vielen Jahren sind wir Ihr erfahrener Fachbetrieb f\u00fcr Trocknungs- und Sanierungsarbeiten in Norddeutschland. Unser Standort liegt verkehrsg\u00fcnstig in Brietlingen bei L\u00fcndeburg. Die Kosten stets vor Augen: Wir bieten Ihnen eine fachm\u00e4nnisch ausgef\u00fchrte Sanierungsarbeit nach dem jeweils neuesten Stand der Technik.<\/p>\n<h3>Hochwertige Arbeit, geringe Kosten!<\/h3>\n<p>D\u00fcrfen wir Sie beraten, wie Sie die Kosten f\u00fcr eine Sanierung reduzieren? Toll, dann warten Sie bitte nicht und nehmen am besten noch heute Verbindung mit uns auf. Ein kurzer Anruf oder eine kurze Mail gen\u00fcgen. Die gute Beratung ist gleicherma\u00dfen wichtig wie die sachgem\u00e4\u00dfe Projektausf\u00fchrung. Unsere Beratung ist nat\u00fcrlich absolut unverbindlich. Hochwertige Arbeit bei moderaten Kosten: Wir empfehlen uns als spezialisiertes Fachunternehmen im Norden. Unsere langj\u00e4hrige Erfahrung spricht f\u00fcr uns.<br \/>\nMinimieren Sie die Kosten f\u00fcr Ihre Geb\u00e4udesanierung: Setzen Sie auf die Profis der Fachfirma Keul.<\/p>","popseo_links":"<a href=\"https:\/\/bautenschutz-keul.de\/angebote\/schimmel-hanstedt\/\">Schimmel Hanstedt<\/a>, <a href=\"https:\/\/bautenschutz-keul.de\/angebote\/kellerabdichtung-bispingen\/\">Kellerabdichtung Bispingen<\/a>, <a href=\"https:\/\/bautenschutz-keul.de\/angebote\/schimmelbeseitigung-glinde-sachsenwald\/\">Schimmelbeseitigung Glinde Sachsenwald<\/a>, <a href=\"https:\/\/bautenschutz-keul.de\/angebote\/kellerabdichtung-bad-bevensen\/\">Kellerabdichtung Bad Bevensen<\/a>, <a href=\"https:\/\/bautenschutz-keul.de\/angebote\/aufsteigende-feuchtigkeit-glinde-sachsenwald\/\">aufsteigende Feuchtigkeit Glinde Sachsenwald<\/a>, <a href=\"https:\/\/bautenschutz-keul.de\/angebote\/schimmelbeseitigung-seevetal-rosengarten\/\">Schimmelbeseitigung Seevetal Rosengarten<\/a>, <a href=\"https:\/\/bautenschutz-keul.de\/angebote\/feuchter-keller-boizenburg\/\">Feuchter Keller Boizenburg<\/a>, <a href=\"https:\/\/bautenschutz-keul.de\/angebote\/kellersanierung-salzhausen\/\">Kellersanierung Salzhausen<\/a>, <a href=\"https:\/\/bautenschutz-keul.de\/angebote\/kellertrockenlegung-glinde-sachsenwald\/\">Kellertrockenlegung Glinde Sachsenwald<\/a>, <a href=\"https:\/\/bautenschutz-keul.de\/angebote\/schimmelsanierung-bardowick\/\">Schimmelsanierung Bardowick<\/a>, <a href=\"https:\/\/bautenschutz-keul.de\/angebote\/aufsteigende-feuchtigkeit-bienenbuettel\/\">aufsteigende Feuchtigkeit Bienenb\u00fcttel<\/a>, <a href=\"https:\/\/bautenschutz-keul.de\/angebote\/kellertrockenlegung-bienenbuettel\/\">Kellertrockenlegung Bienenb\u00fcttel<\/a>, <a href=\"https:\/\/bautenschutz-keul.de\/angebote\/aussenabdichtung-salzhausen\/\">Au\u00dfenabdichtung Salzhausen<\/a>, <a href=\"https:\/\/bautenschutz-keul.de\/angebote\/salpeter-im-keller-buechen\/\">Salpeter im Keller B\u00fcchen<\/a>, <a href=\"https:\/\/bautenschutz-keul.de\/angebote\/feuchter-keller-uelzen\/\">Feuchter Keller Uelzen<\/a>, <a href=\"https:\/\/bautenschutz-keul.de\/angebote\/feuchtigkeit-maschen\/\">Feuchtigkeit Maschen<\/a>, <a href=\"https:\/\/bautenschutz-keul.de\/angebote\/feuchte-mauer-buchholz-in-der-nordheide\/\">Feuchte Mauer Buchholz in der Nordheide<\/a>, <a href=\"https:\/\/bautenschutz-keul.de\/angebote\/horizontalsperre-glinde-sachsenwald\/\">Horizontalsperre Glinde Sachsenwald<\/a>, <a href=\"https:\/\/bautenschutz-keul.de\/angebote\/schimmelbeseitigung-geesthacht\/\">Schimmelbeseitigung Geesthacht<\/a>, <a href=\"https:\/\/bautenschutz-keul.de\/angebote\/feuchtigkeit-ebstorf\/\">Feuchtigkeit Ebstorf<\/a>, <a href=\"https:\/\/bautenschutz-keul.de\/angebote\/feuchtigkeitsschaden-brietlingen\/\">Feuchtigkeitsschaden Brietlingen<\/a>, <a href=\"https:\/\/bautenschutz-keul.de\/angebote\/kellertrockenlegung-jesteburg\/\">Kellertrockenlegung Jesteburg<\/a>, <a href=\"https:\/\/bautenschutz-keul.de\/angebote\/kellerabdichtung-lueneburg\/\">Kellerabdichtung L\u00fcneburg<\/a>, <a href=\"https:\/\/bautenschutz-keul.de\/angebote\/horizontalsperre-stelle\/\">Horizontalsperre Stelle<\/a>, <a href=\"https:\/\/bautenschutz-keul.de\/angebote\/salpeter-im-keller-buchholz-in-der-nordheide\/\">Salpeter im Keller Buchholz in der Nordheide<\/a>, <a href=\"https:\/\/bautenschutz-keul.de\/angebote\/feuchtigkeitsschaden-ebstorf\/\">Feuchtigkeitsschaden Ebstorf<\/a>, <a href=\"https:\/\/bautenschutz-keul.de\/angebote\/aufsteigende-feuchtigkeit-adendorf\/\">aufsteigende Feuchtigkeit Adendorf<\/a>, <a href=\"https:\/\/bautenschutz-keul.de\/angebote\/feuchtigkeit-uelzen\/\">Feuchtigkeit Uelzen<\/a>"},"_links":{"self":[{"href":"https:\/\/bautenschutz-keul.de\/angebote\/wp-json\/wp\/v2\/pages\/338","targetHints":{"allow":["GET"]}}],"collection":[{"href":"https:\/\/bautenschutz-keul.de\/angebote\/wp-json\/wp\/v2\/pages"}],"about":[{"href":"https:\/\/bautenschutz-keul.de\/angebote\/wp-json\/wp\/v2\/types\/page"}],"author":[{"embeddable":true,"href":"https:\/\/bautenschutz-keul.de\/angebote\/wp-json\/wp\/v2\/users\/1"}],"replies":[{"embeddable":true,"href":"https:\/\/bautenschutz-keul.de\/angebote\/wp-json\/wp\/v2\/comments?post=338"}],"version-history":[{"count":0,"href":"https:\/\/bautenschutz-keul.de\/angebote\/wp-json\/wp\/v2\/pages\/338\/revisions"}],"wp:attachment":[{"href":"https:\/\/bautenschutz-keul.de\/angebote\/wp-json\/wp\/v2\/media?parent=338"}],"curies":[{"name":"wp","href":"https:\/\/api.w.org\/{rel}","templated":true}]}}