{"id":341,"date":"2021-09-13T08:43:56","date_gmt":"2021-09-13T06:43:56","guid":{"rendered":"https:\/\/bautenschutz-keul.de\/angebote\/innenabdichtung-geesthacht\/"},"modified":"2021-09-13T08:43:56","modified_gmt":"2021-09-13T06:43:56","slug":"innenabdichtung-geesthacht","status":"publish","type":"page","link":"https:\/\/bautenschutz-keul.de\/angebote\/innenabdichtung-geesthacht\/","title":{"rendered":"Innenabdichtung &#8211; Geesthacht"},"content":{"rendered":"<h3>Innenabdichtung: Wir helfen schnell und kompetent!<\/h3>\n<p>Ein feuchter Keller kann die bauliche Substanz eines Hauses ernstlich sch\u00e4digen.<br \/>\nInsbesondere von au\u00dfen eintretende Feuchtigkeit ist eine Problematik, welchem sich<br \/>\nImmobilieneigent\u00fcmer unbedingt annehmen sollten. Sollte eine Abdichtung von au\u00dfen baulich nicht m\u00f6glich sein, kann auch eine Innenabdichtung vorgenommen werden. Dies ist beispielsweise dann der Fall, wenn Anbauten den Zugang zur Au\u00dfenmauer verhindern. Die Innenabdichtung ist dar\u00fcber hinaus eine relativ g\u00fcnstige Methode, da die Mauern nicht erst freigestemmt werden m\u00fcssen. Erdarbeiten entfallen vollst\u00e4ndig. Die Abdichtung hat den Zweck, die Mauern dauerhaft wasserundurchl\u00e4ssig zu machen. Mit der Innenabdichtung schaffen Sie die Grundlage, Ihre Immobilie vor substanzgef\u00e4hrdenden Feuchtigkeitssch\u00e4den zu sch\u00fctzen. Allerdings muss darauf hingewiesen werden, dass Feuchtigkeit weiterhin von au\u00dfen auf das Mauerwerk dr\u00fcckt. Die N\u00e4sse kann aber nicht mehr ins Geb\u00e4udeinnere dringen. <\/p>\n<p>Eine gro\u00dfe Anzahl von hochwertigen Baustoffen steht f\u00fcr die Innenabdichtung zum Gebrauch bereit. Je nach Anwendungsfall lassen sich f\u00fcr die Abdichtung beispielsweise mineralische Dichtungsschl\u00e4mme verarbeiten. Das Setzen einer horizontalen oder vertikalen Feuchtigkeitssperre z\u00e4hlt zu den Grundarbeiten. Auf die abgedichtete Wand wird abschlie\u00dfend ein hochwertiger Sanierputz gestrichen. <\/p>\n<h3>Innenabdichtung: Unser Unternehmen k\u00fcmmert sich darum!<\/h3>\n<p>Um die geeigneten Methoden und Baustoffe auszuw\u00e4hlen sowie den Sanierungsumfang zu beurteilen, ist eine Begutachtung unmittelbar am betroffenen Wohn- oder Gesch\u00e4ftsgeb\u00e4ude zwingend angeraten. Nur nach einer genauen Analyse kann man die notwendigen Mittel f\u00fcr eine Innenabdichtung ermitteln. Die Diagnose ist Angelegenheit f\u00fcr einen Spezialisten. Nur der erfahrene Fachhandwerker Sanierungswege empfehlenswert sind.<\/p>\n","protected":false},"excerpt":{"rendered":"<p>Innenabdichtung: Wir helfen schnell und kompetent! Ein feuchter Keller kann die bauliche Substanz eines Hauses ernstlich sch\u00e4digen. Insbesondere von au\u00dfen eintretende Feuchtigkeit ist eine Problematik, welchem sich Immobilieneigent\u00fcmer unbedingt annehmen sollten. Sollte eine Abdichtung von au\u00dfen baulich nicht m\u00f6glich sein, kann auch eine Innenabdichtung vorgenommen werden. Dies ist beispielsweise dann der Fall, wenn Anbauten den [&hellip;]<\/p>\n","protected":false},"author":1,"featured_media":0,"parent":0,"menu_order":0,"comment_status":"closed","ping_status":"closed","template":"","meta":{"footnotes":""},"class_list":["post-341","page","type-page","status-publish","hentry"],"meta_box":{"popseo_subtitel":"Wir sind Ihr Spezialist f\u00fcr eine Innenabdichtung in Geesthacht","popseo_subtitel2":"Innenabdichtung f\u00fcr Kunden aus Norddeutschland","popseo_lasttitel":"Innenabdichtung: F\u00fcr weitere Informationen sprechen Sie uns bitte an","popseo_region":"Geesthacht","popseo_sachwort":"Innenabdichtung","popseo_noupdate":"","popseo_einleitungstext":"<p>Wenn es um die Bauwerksabdichtung geht, sind Sie bei der Firma TK-Geb\u00e4udetechnik exakt an der richtigen Adresse. Seit Unternehmensgr\u00fcndung sind wir Ihr lokaler Fachbetrieb f\u00fcr die Kellerabdichtung, f\u00fcr wirkungsvolle Methoden gegen aufsteigende Feuchtigkeit und das Setzen von Horizontalsperren. Unsere Fachleute beurteilen den Ist-Zustand von Mauern und W\u00e4nden und zeigen Ihnen Wege auf, wie Sie die Bausubstanz Ihres Gesch\u00e4fts- oder Wohnhauses dauerhaft absichern k\u00f6nnen. Auf diesen Seiten haben wir einige erste Informationen f\u00fcr Sie zusammengestellt.<\/p>","popseo_schlusstext":"<p>Auf Wunsch informieren wir Sie n\u00e4her \u00fcber unser T\u00e4tigkeitsspektrum. Wir zeigen Ihnen mit Vergn\u00fcgen auch ein paar Projekte, die Ihnen einen Einblick in unsere Arbeit geben.<br \/>\nSchenken Sie uns Ihr Vertrauen. Rufen Sie uns doch rasch einmal an oder senden Sie uns eine kurze E-Mail. Wir freuen uns auf Sie.<\/p>","popseo_stadttext":"<h3>Unser Vertriebsgebiet umfasst auch Geesthacht<\/h3>\n<p>Wir arbeiten f\u00fcr Kunden aus Geesthacht. Durch unsere Vertriebst\u00e4tigkeit haben wir uns einen ausgezeichneten \u00dcberblick \u00fcber die Stadtarchitektur der St\u00e4dte und Gemeinden unseres Einzugsbereiches erarbeiten k\u00f6nnen. Nat\u00fcrlich z\u00e4hlt auch Ihre Region zu unserem unmittelbaren Vertriebsgebiet. Wir freuen uns darauf, mit Ihnen in Kontakt zu treten. <\/p>\n<h3>Wissenswertes \u00fcber Geesthacht<\/h3>\n<p>Im S\u00fcdosten von Hamburg, direkt am Elbufer findet man Geesthacht, die gr\u00f6\u00dfte Stadt des Kreises Herzogtum Lauenburg in Schleswig-Holstein. Geesthacht befindet sich in der Metropolregion Hamburg. Zur Hamburger Innenstadt sind es in etwa 30 km, bis zum n\u00e4chstgelegenen Stadtteil Hamburg-Bergedorf gut 12 Kilometer.<br \/>\nTechnischer Fortschritt und Innovationen sind wichtig f\u00fcr den Ort Geesthacht. Exemplarisch hierf\u00fcr sind das Pumpspeicherwerk, der Forschungsreaktor Geesthacht und das Kernkraftwerk Kr\u00fcmmel. Das macht Geesthacht zu dem gr\u00f6\u00dften Nuklear- und Energiestandort in Norddeutschland. Kein Wunder, dass Geesthacht mit gut 50 Millionen Euro R\u00fccklagen den 1. Rang unter den verm\u00f6gendsten St\u00e4dten in Schleswig-Holstein belegt. Ma\u00dfgebend sind hier jedoch die Zahlungen des AKW.<\/p>\n<p>Erreichbar ist Geesthacht mit dem Auto aus s\u00fcdlicher Richtung \u00fcber die Bundesstra\u00dfe 404. \u00dcber diese hat man auch Anschluss an die A25, mit der man direkt nach Hamburg kommt. Parallel zur Bundesautobahn verl\u00e4uft die Bundesstra\u00dfe B5, die von Bergedorf \u00fcber die City von Geesthacht f\u00fchrt und in Lauenburg endet.<br \/>\nAuch mit dem \u00f6ffentlichen Personennahverkehr kann man, dank der Vernetzung mit dem HVV, Geesthacht einfach erreichen. Aufgrund der geringen N\u00e4he zum Hamburger Stadtgebiet bringt Sie der Bus bequem, innerhalb von 20 Minuten nach Hamburg.<\/p>\n<h4>Hohe Qualit\u00e4t f\u00fcr Kunden aus Geesthacht<\/h4>\n<p>Toll, dass Sie diese Website gefunden haben. Wenn Sie ein Fachunternehmen ben\u00f6tigen, sind Sie bei uns richtig. Sie m\u00f6chten mehr \u00fcber uns erfahren? F\u00fcr R\u00fcckfragen stehen wir Ihnen jederzeit zur Verf\u00fcgung. Auf den Kontakt zu Ihnen freuen wir uns.<\/p>","popseo_zusatztext":"<h3>Perfekte Sanierungsarbeiten zu geringen Kosten<\/h3>\n<p>Sie haben Interesse an Trocknungs- oder Sanierungsarbeiten und w\u00fcnschen sich ein passendes Angebot, das eine handwerklich gute Arbeit garantiert, gleichwohl keine hohen Kosten verursacht. Super, dann sind Sie bei uns an der richtigen Adresse. Als Handwerksbetrieb f\u00fcr Bauwerksabdichtung, Kellersanierung und Schimmelbeseitigung verwenden wir ausnahmslos hochwertige Materialien. Trotzdem schauen wir stets auf die Kosten, die selbstverst\u00e4ndlich \u00fcberschaubar bleiben sollen. Wir m\u00f6chten Ihnen beste Qualit\u00e4t anbieten, die gleichzeitig auch die Kosten im Blick hat. Bei uns stimmen Kosten und Leistung: Bereits seit vielen Jahren sind wir Ihr erfahrener Fachbetrieb f\u00fcr Trocknungs- und Sanierungsarbeiten in Norddeutschland. Unser Standort liegt verkehrsg\u00fcnstig in Brietlingen bei L\u00fcndeburg. Die Kosten stets vor Augen: Wir versprechen Ihnen eine fachkundig ausgef\u00fchrte Sanierungsarbeit nach dem stets aktuellsten Stand der Technik.<\/p>\n<h3>Die Kosten stets vor Augen<\/h3>\n<p>D\u00fcrfen wir Sie informieren, wie Sie die Kosten f\u00fcr eine Sanierung reduzieren? Super, dann z\u00f6gern Sie bitte nicht und nehmen am besten noch heute Kontakt mit uns auf. Ein kurzer Anruf oder auch eine kurze Mail gen\u00fcgen. Die gute Beratung ist gleicherma\u00dfen wichtig wie die perfekte Ausf\u00fchrung der entsprechenden T\u00e4tigkeiten. Unsere Beratung ist selbstverst\u00e4ndlich v\u00f6llig unverbindlich. Beste Qualit\u00e4t bei moderaten Kosten: Wir empfehlen uns als spezialisiertes Fachunternehmen im Norden. Unsere gro\u00dfe Erfahrung spricht f\u00fcr uns.<br \/>\nSenken Sie die Kosten f\u00fcr Ihr Sanierungsprojekt: Setzen Sie auf die Profis der Fachfirma Keul.<\/p>","popseo_links":"<a href=\"https:\/\/bautenschutz-keul.de\/angebote\/schimmel-bienenbuettel\/\">Schimmel Bienenb\u00fcttel<\/a>, <a href=\"https:\/\/bautenschutz-keul.de\/angebote\/feuchte-mauer-harburg\/\">Feuchte Mauer Harburg<\/a>, <a href=\"https:\/\/bautenschutz-keul.de\/angebote\/salpeter-im-keller-bienenbuettel\/\">Salpeter im Keller Bienenb\u00fcttel<\/a>, <a href=\"https:\/\/bautenschutz-keul.de\/angebote\/zerstoerter-putz-reinbek-aumuehle\/\">zerst\u00f6rter Putz Reinbek Aum\u00fchle<\/a>, <a href=\"https:\/\/bautenschutz-keul.de\/angebote\/rissverpressung-geesthacht\/\">Rissverpressung Geesthacht<\/a>, <a href=\"https:\/\/bautenschutz-keul.de\/angebote\/kellersanierung-harburg\/\">Kellersanierung Harburg<\/a>, <a href=\"https:\/\/bautenschutz-keul.de\/angebote\/aufsteigende-feuchtigkeit-herzogtum-lauenburg\/\">aufsteigende Feuchtigkeit Herzogtum Lauenburg<\/a>, <a href=\"https:\/\/bautenschutz-keul.de\/angebote\/kellersanierung-glinde-sachsenwald\/\">Kellersanierung Glinde Sachsenwald<\/a>, <a href=\"https:\/\/bautenschutz-keul.de\/angebote\/kellerabdichtung-jesteburg\/\">Kellerabdichtung Jesteburg<\/a>, <a href=\"https:\/\/bautenschutz-keul.de\/angebote\/rissverpressung-adendorf\/\">Rissverpressung Adendorf<\/a>, <a href=\"https:\/\/bautenschutz-keul.de\/angebote\/rissverpressung-ebstorf\/\">Rissverpressung Ebstorf<\/a>, <a href=\"https:\/\/bautenschutz-keul.de\/angebote\/feuchter-keller-lueneburg\/\">Feuchter Keller L\u00fcneburg<\/a>, <a href=\"https:\/\/bautenschutz-keul.de\/angebote\/mauertrockenlegung-uelzen\/\">Mauertrockenlegung Uelzen<\/a>, <a href=\"https:\/\/bautenschutz-keul.de\/angebote\/kellerabdichtung-adendorf\/\">Kellerabdichtung Adendorf<\/a>, <a href=\"https:\/\/bautenschutz-keul.de\/angebote\/schimmelbeseitigung-geesthacht\/\">Schimmelbeseitigung Geesthacht<\/a>, <a href=\"https:\/\/bautenschutz-keul.de\/angebote\/aufsteigende-feuchtigkeit-reppenstedt\/\">aufsteigende Feuchtigkeit Reppenstedt<\/a>, <a href=\"https:\/\/bautenschutz-keul.de\/angebote\/kellersanierung-ebstorf\/\">Kellersanierung Ebstorf<\/a>, <a href=\"https:\/\/bautenschutz-keul.de\/angebote\/horizontalsperre-adendorf\/\">Horizontalsperre Adendorf<\/a>, <a href=\"https:\/\/bautenschutz-keul.de\/angebote\/aufsteigende-feuchtigkeit-amt-neuhaus\/\">aufsteigende Feuchtigkeit Amt Neuhaus<\/a>, <a href=\"https:\/\/bautenschutz-keul.de\/angebote\/rissverpressung-bergedorf-wentorf\/\">Rissverpressung Bergedorf Wentorf<\/a>, <a href=\"https:\/\/bautenschutz-keul.de\/angebote\/aufsteigende-feuchtigkeit-brietlingen\/\">aufsteigende Feuchtigkeit Brietlingen<\/a>, <a href=\"https:\/\/bautenschutz-keul.de\/angebote\/mauertrockenlegung-bad-bevensen\/\">Mauertrockenlegung Bad Bevensen<\/a>, <a href=\"https:\/\/bautenschutz-keul.de\/angebote\/horizontalsperre-boizenburg\/\">Horizontalsperre Boizenburg<\/a>, <a href=\"https:\/\/bautenschutz-keul.de\/angebote\/feuchtigkeit-amt-neuhaus\/\">Feuchtigkeit Amt Neuhaus<\/a>, <a href=\"https:\/\/bautenschutz-keul.de\/angebote\/kellersanierung-adendorf\/\">Kellersanierung Adendorf<\/a>, <a href=\"https:\/\/bautenschutz-keul.de\/angebote\/zerstoerter-putz-jesteburg\/\">zerst\u00f6rter Putz Jesteburg<\/a>, <a href=\"https:\/\/bautenschutz-keul.de\/angebote\/kellertrockenlegung-reinbek-aumuehle\/\">Kellertrockenlegung Reinbek Aum\u00fchle<\/a>, <a href=\"https:\/\/bautenschutz-keul.de\/angebote\/kellertrockenlegung-schwarzenbek\/\">Kellertrockenlegung Schwarzenbek<\/a>"},"_links":{"self":[{"href":"https:\/\/bautenschutz-keul.de\/angebote\/wp-json\/wp\/v2\/pages\/341","targetHints":{"allow":["GET"]}}],"collection":[{"href":"https:\/\/bautenschutz-keul.de\/angebote\/wp-json\/wp\/v2\/pages"}],"about":[{"href":"https:\/\/bautenschutz-keul.de\/angebote\/wp-json\/wp\/v2\/types\/page"}],"author":[{"embeddable":true,"href":"https:\/\/bautenschutz-keul.de\/angebote\/wp-json\/wp\/v2\/users\/1"}],"replies":[{"embeddable":true,"href":"https:\/\/bautenschutz-keul.de\/angebote\/wp-json\/wp\/v2\/comments?post=341"}],"version-history":[{"count":0,"href":"https:\/\/bautenschutz-keul.de\/angebote\/wp-json\/wp\/v2\/pages\/341\/revisions"}],"wp:attachment":[{"href":"https:\/\/bautenschutz-keul.de\/angebote\/wp-json\/wp\/v2\/media?parent=341"}],"curies":[{"name":"wp","href":"https:\/\/api.w.org\/{rel}","templated":true}]}}