{"id":343,"date":"2021-09-13T08:43:56","date_gmt":"2021-09-13T06:43:56","guid":{"rendered":"https:\/\/bautenschutz-keul.de\/angebote\/innenabdichtung-hanstedt\/"},"modified":"2021-09-13T08:43:56","modified_gmt":"2021-09-13T06:43:56","slug":"innenabdichtung-hanstedt","status":"publish","type":"page","link":"https:\/\/bautenschutz-keul.de\/angebote\/innenabdichtung-hanstedt\/","title":{"rendered":"Innenabdichtung &#8211; Hanstedt"},"content":{"rendered":"<h3>Innenabdichtung: Kompetent und erfahren bei Planung und Ausf\u00fchrung<\/h3>\n<p>Ein nasser Keller kann die bauliche Beschaffenheit eines Geb\u00e4udes ernstlich beeintr\u00e4chtigen.<br \/>\nBesonders von au\u00dfen eintretende Feuchtigkeit ist eine Problematik, welchem sich<br \/>\nImmobilieneigent\u00fcmer auf jeden Fall annehmen sollten. Sollte eine Au\u00dfenabdichtung baulich nicht m\u00f6glich sein, kann auch eine Innenabdichtung vorgenommen werden. Dies ist zum Beispiel dann der Fall, wenn Anbauten den Zugang zur Au\u00dfenmauer verhindern. Die Innenabdichtung ist dar\u00fcber hinaus eine relativ g\u00fcnstige Methode, da die Au\u00dfenw\u00e4nde nicht umst\u00e4ndlich freigelegt werden m\u00fcssen. Vorbereitende Erdarbeiten entfallen vollst\u00e4ndig. Die Abdichtung verfolgt den Zweck, die W\u00e4nde langfristig wasserdicht zu machen. Mit der Innenabdichtung schaffen Sie die Grundlage, Ihr Geb\u00e4ude vor substanzbedrohenden Feuchtigkeitssch\u00e4den zu sch\u00fctzen. Allerdings muss darauf hingewiesen werden, dass Feuchtigkeit immer noch von au\u00dfen auf das Mauerwerk dr\u00fcckt. Die N\u00e4sse kann aber nicht mehr ins Geb\u00e4udeinnere dringen. <\/p>\n<p>Eine gro\u00dfe Anzahl von qualitativen Baustoffen steht f\u00fcr die Innenabdichtung zur Verf\u00fcgung. Je nach Aufgabenstellung lassen sich f\u00fcr die Abdichtung zum Beispiel mineralische Dichtungsschl\u00e4mme verarbeiten. Das Setzen einer horizontalen oder vertikalen Feuchtigkeitssperre geh\u00f6rt zu den Grundarbeiten. Auf die abgedichtete Wand wird abschlie\u00dfend ein hochwertiger Sanierputz gestrichen. <\/p>\n<h3>Sie interessieren sich f\u00fcr eine Innenabdichtung? Dann rufen Sie uns bitte an!<\/h3>\n<p>Um die geeigneten Baustoffe und Methoden auszuw\u00e4hlen sowie den Sanierungsaufwand zu festzustellen, ist eine Sichtung direkt am betroffenen Bauk\u00f6rper zwingend notwendig. Nur nach einer genauen Analyse kann man die entsprechenden Ma\u00dfnahmen f\u00fcr eine Innenabdichtung festlegen. Die Beurteilung ist Arbeit f\u00fcr einen Fachmann. Nur der erfahrene Fachhandwerker wei\u00df, welche Sanierungsm\u00f6glichkeiten ratsam sind.<\/p>\n","protected":false},"excerpt":{"rendered":"<p>Innenabdichtung: Kompetent und erfahren bei Planung und Ausf\u00fchrung Ein nasser Keller kann die bauliche Beschaffenheit eines Geb\u00e4udes ernstlich beeintr\u00e4chtigen. Besonders von au\u00dfen eintretende Feuchtigkeit ist eine Problematik, welchem sich Immobilieneigent\u00fcmer auf jeden Fall annehmen sollten. Sollte eine Au\u00dfenabdichtung baulich nicht m\u00f6glich sein, kann auch eine Innenabdichtung vorgenommen werden. Dies ist zum Beispiel dann der Fall, [&hellip;]<\/p>\n","protected":false},"author":1,"featured_media":0,"parent":0,"menu_order":0,"comment_status":"closed","ping_status":"closed","template":"","meta":{"footnotes":""},"class_list":["post-343","page","type-page","status-publish","hentry"],"meta_box":{"popseo_subtitel":"Die Firma TK-Geb\u00e4udetechnik Thorsten Keul ist Ihr Fachbetrieb f\u00fcr eine Innenabdichtung in Hanstedt","popseo_subtitel2":"Innenabdichtung - wir haben die richtige L\u00f6sung f\u00fcr Sie!","popseo_lasttitel":"Innenabdichtung: Unsere Mitarbeiter beantworten gerne Ihre Fragen","popseo_region":"Hanstedt","popseo_sachwort":"Innenabdichtung","popseo_noupdate":"","popseo_einleitungstext":"<p>W\u00e4nde, Kellerr\u00e4ume oder Mauern Ihres Wohn- oder Gesch\u00e4ftshauses weisen einen Feuchtigkeitsschaden und damit einen echten Sanierungbedarf auf. Dann ist es h\u00f6chste Eisenbahn, sich \u00fcber eine fachlich korrekt vorgenommene Trocknung Gedanken zu machen. Unser Fachbetrieb ist auf die Bauwerksabdichtung spezialisiert. Zu den Schwerpunkten unseres Betriebes geh\u00f6ren zum Beispiel die Bereiche Mauertrockenlegung, Schimmelbeseitigung und Kellerabdichtung. Der nachhaltigen Sanierung haben wir uns verschrieben. Wir beraten fachsicher, wie Sie Ihre Immobilie umweltgerecht und preisg\u00fcnstig sanieren k\u00f6nnen. Ein paar erste Informationen hierzu lesen Sie nachfolgend auf diesen Seiten.<\/p>","popseo_schlusstext":"<p>H\u00f6chste Anspr\u00fcche an unsere eigenen Leistungen sind f\u00fcr uns selbstverst\u00e4ndlich. Know-how, Zuverl\u00e4ssigkeit und Fachkompetenz garantieren erfolgreiche Sanierungs- und Trockenlegungsprojekte. Die Zufriedenheit unserer Kunden steht f\u00fcr uns immer im Vordergrund. Unsere Experten freuen sich \u00fcber Ihre Anfrage, gleichg\u00fcltig ob durch Telefonanruf oder Mail.<\/p>","popseo_stadttext":"<h3>Vor Ort in Hanstedt (Harburg)<\/h3>\n<p>Sie kommen aus Hanstedt (Harburg) und sind hier im Internet auf unsere Homepage gesto\u00dfen? Das finden wir klasse. Sehr gerne pr\u00e4sentieren wir Ihnen unser gesamtes Leistungsspektrum und beantworten Ihre Fragen. Durch unsere Vertriebst\u00e4tigkeit haben wir uns einen guten \u00dcberblick \u00fcber die Stadtarchitektur der St\u00e4dte und Gemeinden unseres Einzugsbereiches erarbeiten k\u00f6nnen. Nat\u00fcrlich geh\u00f6rt auch Hanstedt (Harburg) unserem unmittelbaren Gesch\u00e4ftsgebiet. Wir freuen uns darauf, mit Ihnen in Kontakt zu treten. <\/p>\n<h3>Interessante Fakten zu Hanstedt (Harburg)<\/h3>\n<p>Gut 5.800 Einwohner z\u00e4hlt Hanstedt (Harburg). Das Gemeindegebiet umfasst ein Areal von ann\u00e4hernd 59 qkm. Die \u00d6konomie von Hanstedt nutznie\u00dft von der verkehrstechnisch vorteilhaften Lage in der L\u00fcneburger Heide. Besonders f\u00fcr die mittelst\u00e4ndischen Betriebe erweist sich die Zentralit\u00e4t des Ortes als Motor. Wirtschaftlich betrachtet wird Hanstedt vor allem durch kleine und mittelst\u00e4ndische Betriebe aus den Bereichen Dienstleistung und Handwerk gepr\u00e4gt. Diese Wirtschaftbereiche sind erkennbar prominent vertreten. Des Weiteren wurde der Tourismus zu einem wichtigen Element der \u00f6rtlichen Wirtschaft. Erholungssuchende finden in Hanstedt (Harburg) zahlreiche M\u00f6glichkeiten zum Wandern und f\u00fcr Radtouren. Speziell die ausdehnten Heidefl\u00e4chen des Naturschutzgebietes L\u00fcneburger Heide und die Hanstedter Berge ziehen zahlreiche Touristen und Tagesbesucher in die Region. Hanstedt (Harburg) ist ein familiengeeigneter Ort. Die Gemeinde verf\u00fcgt \u00fcber eine sehr gute Infrastruktur. Organisatorisch z\u00e4hlt Hanstedt zum Landkreis Harburg.<\/p>\n<h4>Unsere Leistung f\u00fcr qualit\u00e4tsbewusste Kunden aus Hanstedt (Harburg)<\/h4>\n<p>Das Leben in Hanstedt (Harburg) ist ruhig. Die Gemeinde verf\u00fcgt \u00fcber zahlreiche beruhigte Wohnquartiere, die insbesondere von einer ansprechenden Einzelhausbebauung gepr\u00e4gt sind. Sie interessieren sich f\u00fcr unser Angebot und haben deshalb unsere Website besucht? Das freut uns sehr. Unser engagiertes Team nimmt gerne Ihren Anruf entgegen oder beantwortet Ihre E-Mail.<\/p>","popseo_zusatztext":"<h3>Keine Angst vor hohen Kosten<\/h3>\n<p>Sie sind interessiert an Trocknungs- oder Sanierungsarbeiten und m\u00f6chten gerne ein passendes Angebot, das eine qualitativ gute Arbeit garantiert, gleichwohl die Kosten im Blick hat. Prima, dann sind Sie bei uns an der richtigen Adresse. Als Spezialist f\u00fcr Schimmelbeseitigung, Geb\u00e4udeabdichtung und Kellersanierung verwenden wir ausschlie\u00dflich ausgezeichnete Materialien. Nichtsdestotrotz schauen wir stets auf die Kosten, die selbstverst\u00e4ndlich \u00fcberschaubar bleiben sollen. Wir m\u00f6chten Ihnen beste Qualit\u00e4t anbieten, die trotzdem auch die Kosten im Blick hat. Bei uns stimmen Kosten und Leistung: Schon seit etlichen Jahren sind wir Ihr qualifizierter Partner f\u00fcr Trocknungs- und Sanierungsarbeiten in Norddeutschland. Unser Standort liegt verkehrsg\u00fcnstig in Brietlingen bei L\u00fcndeburg. Die Kosten stets im Blick: Wir sorgen f\u00fcr eine professionell durchgef\u00fchrte Arbeit nach dem immer derzeitigen Stand der Technik.<\/p>\n<h3>Trocknung und Sanierung durch die Firma Wist: Beste Arbeit, geringe Kosten!<\/h3>\n<p>D\u00fcrfen wir Sie beraten, wie Sie die Kosten f\u00fcr eine Sanierung begrenzen k\u00f6nnen? Toll, dann warten Sie bitte nicht und nehmen am besten noch heute Kontakt mit uns auf. Ein kurzer Telefonanruf oder eine kurze Mail gen\u00fcgen. Eine fachm\u00e4nnische Beratung ist genauso wichtig wie die korrekte Projektausf\u00fchrung. Unsere fachliche Beratung ist nat\u00fcrlich absolut unverbindlich. Hochwertige Arbeit bei niedrigen Kosten: Wir empfehlen uns als spezialisiertes Fachunternehmen in Norddeutschland. Unsere langj\u00e4hrige Erfahrung spricht f\u00fcr uns.<br \/>\nVerringern Sie die Kosten f\u00fcr Ihr Sanierungsprojekt: Setzen Sie auf die Profis der Fachfirma Keul.<\/p>","popseo_links":"<a href=\"https:\/\/bautenschutz-keul.de\/angebote\/aussenabdichtung-reppenstedt\/\">Au\u00dfenabdichtung Reppenstedt<\/a>, <a href=\"https:\/\/bautenschutz-keul.de\/angebote\/feuchte-wand-boizenburg\/\">Feuchte Wand Boizenburg<\/a>, <a href=\"https:\/\/bautenschutz-keul.de\/angebote\/kellerabdichtung-ebstorf\/\">Kellerabdichtung Ebstorf<\/a>, <a href=\"https:\/\/bautenschutz-keul.de\/angebote\/feuchtigkeit-schwarzenbek\/\">Feuchtigkeit Schwarzenbek<\/a>, <a href=\"https:\/\/bautenschutz-keul.de\/angebote\/schimmel-bispingen\/\">Schimmel Bispingen<\/a>, <a href=\"https:\/\/bautenschutz-keul.de\/angebote\/horizontalsperre-tostedt-sittensen\/\">Horizontalsperre Tostedt Sittensen<\/a>, <a href=\"https:\/\/bautenschutz-keul.de\/angebote\/bauwerksabdichtung-glinde-sachsenwald\/\">Bauwerksabdichtung Glinde Sachsenwald<\/a>, <a href=\"https:\/\/bautenschutz-keul.de\/angebote\/schimmelbeseitigung-bienenbuettel\/\">Schimmelbeseitigung Bienenb\u00fcttel<\/a>, <a href=\"https:\/\/bautenschutz-keul.de\/angebote\/mauertrockenlegung-boizenburg\/\">Mauertrockenlegung Boizenburg<\/a>, <a href=\"https:\/\/bautenschutz-keul.de\/angebote\/salpeter-im-keller-seevetal-rosengarten\/\">Salpeter im Keller Seevetal Rosengarten<\/a>, <a href=\"https:\/\/bautenschutz-keul.de\/angebote\/aufsteigende-feuchtigkeit-lueneburg\/\">aufsteigende Feuchtigkeit L\u00fcneburg<\/a>, <a href=\"https:\/\/bautenschutz-keul.de\/angebote\/horizontalsperre-uelzen\/\">Horizontalsperre Uelzen<\/a>, <a href=\"https:\/\/bautenschutz-keul.de\/angebote\/kellertrockenlegung-jesteburg\/\">Kellertrockenlegung Jesteburg<\/a>, <a href=\"https:\/\/bautenschutz-keul.de\/angebote\/schimmel-lueneburg\/\">Schimmel L\u00fcneburg<\/a>, <a href=\"https:\/\/bautenschutz-keul.de\/angebote\/kellertrockenlegung-glinde-sachsenwald\/\">Kellertrockenlegung Glinde Sachsenwald<\/a>, <a href=\"https:\/\/bautenschutz-keul.de\/angebote\/kellerabdichtung-bergedorf-wentorf\/\">Kellerabdichtung Bergedorf Wentorf<\/a>, <a href=\"https:\/\/bautenschutz-keul.de\/angebote\/aussenabdichtung-buechen\/\">Au\u00dfenabdichtung B\u00fcchen<\/a>, <a href=\"https:\/\/bautenschutz-keul.de\/angebote\/schimmelsanierung-bardowick\/\">Schimmelsanierung Bardowick<\/a>, <a href=\"https:\/\/bautenschutz-keul.de\/angebote\/feuchte-mauer-seevetal-rosengarten\/\">Feuchte Mauer Seevetal Rosengarten<\/a>, <a href=\"https:\/\/bautenschutz-keul.de\/angebote\/feuchte-mauer-stelle\/\">Feuchte Mauer Stelle<\/a>, <a href=\"https:\/\/bautenschutz-keul.de\/angebote\/rissverpressung-herzogtum-lauenburg\/\">Rissverpressung Herzogtum Lauenburg<\/a>, <a href=\"https:\/\/bautenschutz-keul.de\/angebote\/aufsteigende-feuchtigkeit-uelzen\/\">aufsteigende Feuchtigkeit Uelzen<\/a>, <a href=\"https:\/\/bautenschutz-keul.de\/angebote\/feuchter-keller-bad-bevensen\/\">Feuchter Keller Bad Bevensen<\/a>, <a href=\"https:\/\/bautenschutz-keul.de\/angebote\/kellersanierung-ebstorf\/\">Kellersanierung Ebstorf<\/a>, <a href=\"https:\/\/bautenschutz-keul.de\/angebote\/feuchter-keller-uelzen\/\">Feuchter Keller Uelzen<\/a>, <a href=\"https:\/\/bautenschutz-keul.de\/angebote\/kellertrockenlegung-hanstedt\/\">Kellertrockenlegung Hanstedt<\/a>, <a href=\"https:\/\/bautenschutz-keul.de\/angebote\/salpeter-im-keller-herzogtum-lauenburg\/\">Salpeter im Keller Herzogtum Lauenburg<\/a>, <a href=\"https:\/\/bautenschutz-keul.de\/angebote\/kellersanierung-amt-neuhaus\/\">Kellersanierung Amt Neuhaus<\/a>"},"_links":{"self":[{"href":"https:\/\/bautenschutz-keul.de\/angebote\/wp-json\/wp\/v2\/pages\/343","targetHints":{"allow":["GET"]}}],"collection":[{"href":"https:\/\/bautenschutz-keul.de\/angebote\/wp-json\/wp\/v2\/pages"}],"about":[{"href":"https:\/\/bautenschutz-keul.de\/angebote\/wp-json\/wp\/v2\/types\/page"}],"author":[{"embeddable":true,"href":"https:\/\/bautenschutz-keul.de\/angebote\/wp-json\/wp\/v2\/users\/1"}],"replies":[{"embeddable":true,"href":"https:\/\/bautenschutz-keul.de\/angebote\/wp-json\/wp\/v2\/comments?post=343"}],"version-history":[{"count":0,"href":"https:\/\/bautenschutz-keul.de\/angebote\/wp-json\/wp\/v2\/pages\/343\/revisions"}],"wp:attachment":[{"href":"https:\/\/bautenschutz-keul.de\/angebote\/wp-json\/wp\/v2\/media?parent=343"}],"curies":[{"name":"wp","href":"https:\/\/api.w.org\/{rel}","templated":true}]}}