{"id":344,"date":"2021-09-13T08:43:56","date_gmt":"2021-09-13T06:43:56","guid":{"rendered":"https:\/\/bautenschutz-keul.de\/angebote\/innenabdichtung-harburg\/"},"modified":"2021-09-13T08:43:56","modified_gmt":"2021-09-13T06:43:56","slug":"innenabdichtung-harburg","status":"publish","type":"page","link":"https:\/\/bautenschutz-keul.de\/angebote\/innenabdichtung-harburg\/","title":{"rendered":"Innenabdichtung &#8211; Harburg"},"content":{"rendered":"<h3>Kompetent und gr\u00fcndlich: Wir \u00fcbernehmen die Innenabdichtung<\/h3>\n<p>Ein feuchter Keller kann die bauliche Beschaffenheit eines Geb\u00e4udes folgenschwer sch\u00e4digen.<br \/>\nInsbesondere von au\u00dfen eindringende N\u00e4sse ist ein Thema, dessen sich<br \/>\nHausbesitzer dringend annehmen sollten. Sollte eine Abdichtung von au\u00dfen baulich nicht m\u00f6glich sein, kann auch eine Innenabdichtung vorgenommen werden. Dies ist beispielsweise dann der Fall, wenn Anbauten den Zugang zur Au\u00dfenmauer versperren. Die Innenabdichtung ist dar\u00fcber hinaus eine verh\u00e4ltnism\u00e4\u00dfig g\u00fcnstige Methode, da die Mauern nicht zun\u00e4chst freigelegt werden m\u00fcssen. Erdarbeiten entfallen vollst\u00e4ndig. Die Abdichtung verfolgt den Zweck, die W\u00e4nde langfristig wasserdicht zu machen. Mit der Innenabdichtung schaffen Sie die Voraussetzung, Ihr Geb\u00e4ude vor substanzgef\u00e4hrdenden N\u00e4ssesch\u00e4den zu bewahren. Allerdings muss darauf hingewiesen werden, dass Feuchtigkeit immer noch von au\u00dfen auf das Mauerwerk dr\u00fcckt. Die N\u00e4sse kann allerdings nicht mehr ins Geb\u00e4udeinnere dringen. <\/p>\n<p>Eine Vielzahl von qualitativen Baustoffen steht f\u00fcr die Innenabdichtung zur Verf\u00fcgung. Je nach Aufgabenstellung lassen sich f\u00fcr die Abdichtung zum Beispiel mineralische Dichtungsschl\u00e4mme verarbeiten. Das Setzen einer vertikalen oder horizontalen Feuchtigkeitssperre geh\u00f6rt zu den Grundarbeiten. Auf die abgedichtete Wand wird abschlie\u00dfend ein hochwertiger Sanierputz gestrichen. <\/p>\n<h3>Fragen Sie unseren Fachbetrieb in Sachen Innenabdichtung!<\/h3>\n<p>Um die geeigneten Methoden und Baustoffe auszuw\u00e4hlen sowie den Sanierungsaufwand zu zu sch\u00e4tzen, ist eine Begutachtung direkt am jeweiligen Geb\u00e4ude unbedingt angeraten. Nur nach einer genauen Analyse kann man die geeigneten Mittel f\u00fcr eine Innenabdichtung ermitteln. Die Beurteilung ist Aufgabe f\u00fcr einen Fachmann. Nur der erfahrene Fachhandwerker Sanierungswege empfehlenswert sind.<\/p>\n","protected":false},"excerpt":{"rendered":"<p>Kompetent und gr\u00fcndlich: Wir \u00fcbernehmen die Innenabdichtung Ein feuchter Keller kann die bauliche Beschaffenheit eines Geb\u00e4udes folgenschwer sch\u00e4digen. Insbesondere von au\u00dfen eindringende N\u00e4sse ist ein Thema, dessen sich Hausbesitzer dringend annehmen sollten. Sollte eine Abdichtung von au\u00dfen baulich nicht m\u00f6glich sein, kann auch eine Innenabdichtung vorgenommen werden. Dies ist beispielsweise dann der Fall, wenn Anbauten [&hellip;]<\/p>\n","protected":false},"author":1,"featured_media":0,"parent":0,"menu_order":0,"comment_status":"closed","ping_status":"closed","template":"","meta":{"footnotes":""},"class_list":["post-344","page","type-page","status-publish","hentry"],"meta_box":{"popseo_subtitel":"Die Firma TK-Geb\u00e4udetechnik Thorsten Keul ist Ihr erfahrener Fachbetrieb f\u00fcr eine Innenabdichtung im Raum Harburg","popseo_subtitel2":"Innenabdichtung - wir helfen Ihnen gerne!","popseo_lasttitel":"Innenabdichtung: Treten Sie in Kontakt mit uns!","popseo_region":"Harburg","popseo_sachwort":"Innenabdichtung","popseo_noupdate":"","popseo_einleitungstext":"<p>Kellerr\u00e4ume, W\u00e4nde oder Mauern Ihrer Wohn- oder Gesch\u00e4ftsimmobilie weisen Durchfeuchtungen und damit einen echten Sanierungbedarf auf. Dann ist es an der Zeit, sich \u00fcber eine qualifiziert ausgef\u00fchrte Trocknung Gedanken zu machen. Das Team der Firma TK Geb\u00e4udetechnik ist auf die Bauwerksabdichtung spezialisiert. Zu den haupts\u00e4chlichen T\u00e4tigkeiten unseres Betriebes geh\u00f6ren zum Beispiel die Bereiche Mauertrockenlegung, Kellerabdichtung und Schimmelbeseitigung. Der nachhaltigen Sanierung gilt unsere Aufmersamkeit. Wir beraten fachsicher, wie Sie Ihr Geb\u00e4ude umweltgerecht und preisg\u00fcnstig sanieren k\u00f6nnen. Ein paar erste Informationen dazu lesen Sie nachfolgend.<\/p>","popseo_schlusstext":"<p>Wenn Sie einen qualifizierten Fachbetrieb f\u00fcr die Bauwerksabdichtung suchen, sind Sie bei uns richtig. Sie m\u00f6chten mehr \u00fcber uns erfahren? Als auf Sanierung spezialisierte Fachfirma sind wir f\u00fcr Ihr Vorhaben der richtige Dienstleister und freuen uns \u00fcber Ihre Anfrage, ganz gleich ob durch Telefonanruf oder E-Mail. Worauf Sie neben Fachwissen setzen d\u00fcrfen: Unser Expertenteam ist immer mit Elan und viel Motivation bei der Sache. Wir freuen uns, wenn wir ihnen helfen k\u00f6nnen!<\/p>","popseo_stadttext":"<h3>Unser Wirkungskreis umfasst auch Harburg<\/h2>\n<p>Durch unsere Gesch\u00e4ftst\u00e4tigkeit haben wir uns einen ausgezeichneten \u00dcberblick \u00fcber die Architektur der Gemeinden und St\u00e4dte unseres Einzugsbereiches machen k\u00f6nnen. Nat\u00fcrlich geh\u00f6rt auch Harburg zu unserem unmittelbaren Vertriebsgebiet. Wir freuen uns darauf, mit Ihnen ins Gespr\u00e4ch zu kommen. <\/p>\n<h3>Einige interessante Informationen \u00fcber Harburg<\/h3>\n<p>Harburg ist ein Stadtteil der Freien und Hansestadt Hamburg. Harburg war ehemals selbst\u00e4ndig. 1927 erfolgte zun\u00e4chst der Zusammenschluss mit Wilhelmsburg zur ehedem 110.000 Anwohner z\u00e4hlenden Stadt Harburg-Wilhelmsburg. Zehn Jahre danach ordnete die Stadtverwaltung schlie\u00dflich dieses neu entstandene Stadtkonstrukt dem dem Land Hamburg zu. Harburg verlor damit seine Autonomie. 1951 entstand au\u00dferdem der Verwaltungsbezirk Harburg. Harburg liegt an der S\u00fcderelbe. Der Stadtteil grenzt an Hamburg-Wilhemlsburg und Hamburg-Neuland sowie an die nieders\u00e4chsischen Kreise Harburg und Stade.  <\/p>\n<h3>Harburg \u2013 Stadtteil mit Herz<\/h3>\n<p>Besonders der Ausbau des Binnenhafens zur Mitte des 19. Jahrhunderts war f\u00fcr das Wachstum von Harburg entscheidend. Die kautschuk- und \u00f6lverarbeitende Schwerindustrie sorgte in Harburg f\u00fcr eine konstante Weiterentwicklung. Ab den 1960er Jahren zog sich die Hafenindustrie gro\u00dffl\u00e4chig aus Harburg zur\u00fcck. Best\u00e4ndig mehr Geb\u00e4ude und Industriefl\u00e4chen lagen brach. Der Strukturwandel wirkte sich in starkem Ma\u00dfe auf das Leben im Stadtteil Harburg aus. <\/p>\n<p>In den zur\u00fcckliegenden Dekaden hat sich Harburg auff\u00e4llig entwickelt und sich vorrangig als Wohngegend einen Namen erworben. Die Infrastruktur von Harburg ist ausgezeichnet: Die Innenstadt hat sich zu einem Shoppingeldorado entfaltet. Allein drei gro\u00dfe Shoppingcenter sind in Harburg beheimatet. Der Stadtteil verf\u00fcgt ferner \u00fcber zahlreiche ruhige und ansprechend gelegene Wohnviertel. Ein zus\u00e4tzlicher Pluspunkt: Mit der S-Bahn ben\u00f6tigt man nur gut 15 Minuten bis zum Hamburger Hauptbahnhof. In den vergangenen Jahren wurden zahlreiche Neubauprojekte in Harburg gestartet. Besonders das hafennahe Areal um die Schlossinsel Harburg sowie das Gebiet um den Veritaskai wurden stadtarchitektonisch modernisiert. Harburg ist f\u00fcr sein Bildungsangebot beliebt. Die Technische Universit\u00e4t Hamburg-Harburg, die K\u00fchne School of Logistics und das Northern Institut of Technology haben einen ausgezeichneten Ruf. <\/p>\n<h4>Hohe Qualit\u00e4t f\u00fcr Kunden aus Harburg<\/h4>\n<p>Sie interessieren sich f\u00fcr unser Angebot und sind hier im World Wide Web auf unsere Website gesto\u00dfen? Das freut uns sehr. Gerne pr\u00e4sentieren wir Ihnen unser komplettes Leistungsspektrum und beantworten Ihre Fragen. Unser engagiertes Team freut sich auf Sie.<\/p>","popseo_zusatztext":"<h3>Hochwertige Sanierung, faire Kosten!<\/h3>\n<p>Sie interessieren sich f\u00fcr eine Kellertrockenlegung oder eine Sanierungsarbeit an Mauern bzw. W\u00e4nden und m\u00f6chten gerne ein individuelles Angebot, das eine qualitativ gute Arbeit garantiert, gleichwohl die Kosten im Blick hat. Prima, in diesem Fall sind Sie bei uns genau richtig. Als Spezialist f\u00fcr Bauwerksabdichtung, Kellersanierung und Schimmelbeseitigung verwenden wir nur hochwertige Materialien. Nichtsdestotrotz achten wir nat\u00fcrlich auf die Kosten, die nat\u00fcrlich nicht zu hoch sein sollen. Wir m\u00f6chten Ihnen Qualit\u00e4t anbieten, die trotzdem auch die Kosten im Blick beh\u00e4lt. Bei uns stimmen Kosten und Leistung: Schon seit etlichen Jahren sind wir Ihr qualifizierter Fachbetrieb f\u00fcr Trocknungs- und Sanierungsarbeiten in Norddeutschland. Unser Gesch\u00e4ftssitz liegt verkehrsg\u00fcnstig in Brietlingen bei L\u00fcndeburg. Die Kosten stets vor Augen: Wir versprechen Ihnen eine sachkundig ausgef\u00fchrte Arbeit nach dem immer aktuellsten Stand der Technik.<\/p>\n<h3>Die Kosten stets vor Augen<\/h3>\n<p>D\u00fcrfen wir Sie beraten, wie Sie die Kosten f\u00fcr eine Sanierung reduzieren? Prima, dann warten Sie bitte nicht und nehmen am besten gleich heute Verbindung mit uns auf. Ein kurzer Telefonanruf oder auch eine kurze Email gen\u00fcgen. Die fachlich versierte Beratung ist gleicherma\u00dfen wichtig wie die sachgem\u00e4\u00dfe Ausf\u00fchrung der entsprechenden T\u00e4tigkeiten. Unsere fachliche Beratung ist selbstverst\u00e4ndlich absolut unverbindlich. Qualit\u00e4tsbewusst bei niedrigen Kosten: Wir empfehlen uns als spezialisiertes Unternehmen in Norddeutschland. Unsere langj\u00e4hrige Erfahrung zeichnet uns aus.<br \/>\nVerringern Sie die Kosten f\u00fcr Ihr Sanierungsprojekt: Vertrauen Sie den Spezialisten der Firma Keul.<\/p>","popseo_links":"<a href=\"https:\/\/bautenschutz-keul.de\/angebote\/salpeter-im-keller-amt-neuhaus\/\">Salpeter im Keller Amt Neuhaus<\/a>, <a href=\"https:\/\/bautenschutz-keul.de\/angebote\/rissverpressung-harburg\/\">Rissverpressung Harburg<\/a>, <a href=\"https:\/\/bautenschutz-keul.de\/angebote\/feuchter-keller-amelinghausen\/\">Feuchter Keller Amelinghausen<\/a>, <a href=\"https:\/\/bautenschutz-keul.de\/angebote\/feuchtigkeitsschaden-stelle\/\">Feuchtigkeitsschaden Stelle<\/a>, <a href=\"https:\/\/bautenschutz-keul.de\/angebote\/kellertrockenlegung-bispingen\/\">Kellertrockenlegung Bispingen<\/a>, <a href=\"https:\/\/bautenschutz-keul.de\/angebote\/schimmel-salzhausen\/\">Schimmel Salzhausen<\/a>, <a href=\"https:\/\/bautenschutz-keul.de\/angebote\/kellertrockenlegung-buchholz-in-der-nordheide\/\">Kellertrockenlegung Buchholz in der Nordheide<\/a>, <a href=\"https:\/\/bautenschutz-keul.de\/angebote\/kellerabdichtung-reinbek-aumuehle\/\">Kellerabdichtung Reinbek Aum\u00fchle<\/a>, <a href=\"https:\/\/bautenschutz-keul.de\/angebote\/kellerabdichtung-bergedorf-wentorf\/\">Kellerabdichtung Bergedorf Wentorf<\/a>, <a href=\"https:\/\/bautenschutz-keul.de\/angebote\/schimmelsanierung-seevetal-rosengarten\/\">Schimmelsanierung Seevetal Rosengarten<\/a>, <a href=\"https:\/\/bautenschutz-keul.de\/angebote\/feuchte-mauer-bardowick\/\">Feuchte Mauer Bardowick<\/a>, <a href=\"https:\/\/bautenschutz-keul.de\/angebote\/schimmelbeseitigung-bad-bevensen\/\">Schimmelbeseitigung Bad Bevensen<\/a>, <a href=\"https:\/\/bautenschutz-keul.de\/angebote\/horizontalsperre-uelzen\/\">Horizontalsperre Uelzen<\/a>, <a href=\"https:\/\/bautenschutz-keul.de\/angebote\/rissverpressung-geesthacht\/\">Rissverpressung Geesthacht<\/a>, <a href=\"https:\/\/bautenschutz-keul.de\/angebote\/feuchter-keller-lueneburg\/\">Feuchter Keller L\u00fcneburg<\/a>, <a href=\"https:\/\/bautenschutz-keul.de\/angebote\/aufsteigende-feuchtigkeit-herzogtum-lauenburg\/\">aufsteigende Feuchtigkeit Herzogtum Lauenburg<\/a>, <a href=\"https:\/\/bautenschutz-keul.de\/angebote\/kellersanierung-tostedt-sittensen\/\">Kellersanierung Tostedt Sittensen<\/a>, <a href=\"https:\/\/bautenschutz-keul.de\/angebote\/schimmelbeseitigung-schwarzenbek\/\">Schimmelbeseitigung Schwarzenbek<\/a>, <a href=\"https:\/\/bautenschutz-keul.de\/angebote\/bauwerksabdichtung-winsen-luhe\/\">Bauwerksabdichtung Winsen Luhe<\/a>, <a href=\"https:\/\/bautenschutz-keul.de\/angebote\/kellersanierung-bispingen\/\">Kellersanierung Bispingen<\/a>, <a href=\"https:\/\/bautenschutz-keul.de\/angebote\/kellersanierung-bardowick\/\">Kellersanierung Bardowick<\/a>, <a href=\"https:\/\/bautenschutz-keul.de\/angebote\/kellerabdichtung-reppenstedt\/\">Kellerabdichtung Reppenstedt<\/a>, <a href=\"https:\/\/bautenschutz-keul.de\/angebote\/feuchter-keller-geesthacht\/\">Feuchter Keller Geesthacht<\/a>, <a href=\"https:\/\/bautenschutz-keul.de\/angebote\/kellerabdichtung-buchholz-in-der-nordheide\/\">Kellerabdichtung Buchholz in der Nordheide<\/a>, <a href=\"https:\/\/bautenschutz-keul.de\/angebote\/feuchtigkeit-jesteburg\/\">Feuchtigkeit Jesteburg<\/a>, <a href=\"https:\/\/bautenschutz-keul.de\/angebote\/schimmel-glinde-sachsenwald\/\">Schimmel Glinde Sachsenwald<\/a>, <a href=\"https:\/\/bautenschutz-keul.de\/angebote\/feuchte-wand-stelle\/\">Feuchte Wand Stelle<\/a>, <a href=\"https:\/\/bautenschutz-keul.de\/angebote\/schimmel-maschen\/\">Schimmel Maschen<\/a>"},"_links":{"self":[{"href":"https:\/\/bautenschutz-keul.de\/angebote\/wp-json\/wp\/v2\/pages\/344","targetHints":{"allow":["GET"]}}],"collection":[{"href":"https:\/\/bautenschutz-keul.de\/angebote\/wp-json\/wp\/v2\/pages"}],"about":[{"href":"https:\/\/bautenschutz-keul.de\/angebote\/wp-json\/wp\/v2\/types\/page"}],"author":[{"embeddable":true,"href":"https:\/\/bautenschutz-keul.de\/angebote\/wp-json\/wp\/v2\/users\/1"}],"replies":[{"embeddable":true,"href":"https:\/\/bautenschutz-keul.de\/angebote\/wp-json\/wp\/v2\/comments?post=344"}],"version-history":[{"count":0,"href":"https:\/\/bautenschutz-keul.de\/angebote\/wp-json\/wp\/v2\/pages\/344\/revisions"}],"wp:attachment":[{"href":"https:\/\/bautenschutz-keul.de\/angebote\/wp-json\/wp\/v2\/media?parent=344"}],"curies":[{"name":"wp","href":"https:\/\/api.w.org\/{rel}","templated":true}]}}