{"id":345,"date":"2021-09-13T08:43:56","date_gmt":"2021-09-13T06:43:56","guid":{"rendered":"https:\/\/bautenschutz-keul.de\/angebote\/innenabdichtung-herzogtum-lauenburg\/"},"modified":"2021-09-13T08:43:56","modified_gmt":"2021-09-13T06:43:56","slug":"innenabdichtung-herzogtum-lauenburg","status":"publish","type":"page","link":"https:\/\/bautenschutz-keul.de\/angebote\/innenabdichtung-herzogtum-lauenburg\/","title":{"rendered":"Innenabdichtung &#8211; Herzogtum Lauenburg"},"content":{"rendered":"<h3>Innenabdichtung: Unsere Mitarbeiter stehen f\u00fcr Sie bereit!<\/h3>\n<p>Ein nasser Keller kann die bauliche Beschaffenheit eines Hauses folgenschwer beeintr\u00e4chtigen.<br \/>\nInsbesondere von au\u00dfen eindringende Feuchtigkeit ist eine Problematik, dessen sich<br \/>\nImmobilienbesitzer unbedingt annehmen sollten. Sollte eine Au\u00dfenabdichtung aus baulichen Gr\u00fcnden nicht m\u00f6glich sein, kann auch eine Innenabdichtung zum gew\u00fcnschten Ergebnis f\u00fchren. Dies ist beispielsweise dann der Fall, wenn Anbauten den Zugang zur Au\u00dfenmauer versperren. Die Innenabdichtung ist dar\u00fcber hinaus eine verh\u00e4ltnism\u00e4\u00dfig g\u00fcnstige Methode, da die Au\u00dfenw\u00e4nde nicht zun\u00e4chst freigelegt werden m\u00fcssen. Vorbereitende Erdarbeiten entfallen vollst\u00e4ndig. Die Abdichtung verfolgt den Zweck, die W\u00e4nde auf Dauer wasserundurchl\u00e4ssig zu machen. Mit der Innenabdichtung schaffen Sie die Basis, Ihr Haus vor substanzgef\u00e4hrdenden Feuchtigkeitssch\u00e4den zu sch\u00fctzen. Allerdings muss bedacht werden, dass Feuchtigkeit immer noch von au\u00dfen auf das Mauerwerk dr\u00fcckt. Die N\u00e4sse kann aber nicht mehr ins Geb\u00e4udeinnere dringen. <\/p>\n<p>Eine Vielzahl von hochwertigen Baustoffen steht f\u00fcr die Innenabdichtung zur Verf\u00fcgung. Je nach Aufgabenstellung lassen sich f\u00fcr die Abdichtung zum Beispiel mineralische Dichtungsschl\u00e4mme verarbeiten. Das Setzen einer vertikalen oder horizontalen Feuchtigkeitssperre z\u00e4hlt zu den Grundarbeiten. Auf die abgedichtete Wand wird abschlie\u00dfend ein hochwertiger Sanierputz gestrichen. <\/p>\n<h3>Innenabdichtung: Wir sanieren kompetent und schnell!<\/h3>\n<p>Um die geeigneten Baustoffe und Methoden auszuw\u00e4hlen sowie den Sanierungsumfang zu beurteilen, ist eine Begutachtung direkt am jeweiligen Bauk\u00f6rper unbedingt angeraten. Nur nach einer genauen Analyse kann man die notwendigen Ma\u00dfnahmen f\u00fcr eine Innenabdichtung festlegen. Die Bewertung ist Aufgabe f\u00fcr einen Spezialisten. Nur der erfahrene Fachhandwerker wei\u00df, welche Sanierungsm\u00f6glichkeiten empfehlenswert sind.<\/p>\n","protected":false},"excerpt":{"rendered":"<p>Innenabdichtung: Unsere Mitarbeiter stehen f\u00fcr Sie bereit! Ein nasser Keller kann die bauliche Beschaffenheit eines Hauses folgenschwer beeintr\u00e4chtigen. Insbesondere von au\u00dfen eindringende Feuchtigkeit ist eine Problematik, dessen sich Immobilienbesitzer unbedingt annehmen sollten. Sollte eine Au\u00dfenabdichtung aus baulichen Gr\u00fcnden nicht m\u00f6glich sein, kann auch eine Innenabdichtung zum gew\u00fcnschten Ergebnis f\u00fchren. Dies ist beispielsweise dann der Fall, [&hellip;]<\/p>\n","protected":false},"author":1,"featured_media":0,"parent":0,"menu_order":0,"comment_status":"closed","ping_status":"closed","template":"","meta":{"footnotes":""},"class_list":["post-345","page","type-page","status-publish","hentry"],"meta_box":{"popseo_subtitel":"Wir sind Ihr erfahrener Experte f\u00fcr eine Innenabdichtung in Herzogtum Lauenburg","popseo_subtitel2":"Innenabdichtung - setzen Sie auf unsere Erfahrung","popseo_lasttitel":"Innenabdichtung: D\u00fcrfen wir Ihre Fragen beantworten?","popseo_region":"Herzogtum Lauenburg","popseo_sachwort":"Innenabdichtung","popseo_noupdate":"","popseo_einleitungstext":"<p>Sie haben sich mit der Bauwerksabdichtung besch\u00e4ftigt, da Ihr Wohn- oder Gesch\u00e4ftshaus feuchte Geb\u00e4udebereiche aufweist und Sie nach M\u00f6glichkeiten einer professionellen und vor allem wirksamen Sanierung Ausschau halten. Toll, dass Sie unsere Website entdeckt haben. Auf den folgenden Seiten d\u00fcrfen wir Ihnen n\u00e4here Informationen zu unserem Leistungsangebot geben. Sie lernen auf dieser Internetseite unsere Firma n\u00e4her kennen. <\/p>\n<p>Die Firma TK-Geb\u00e4udetechnik Thorsten Keul ist ein versierter und erfahrener Fachbetrieb mit Gesch\u00e4ftsssitz in Brietlingen bei L\u00fcneburg. Seit vielen Jahren schon sind wir Ihr Fachpartner f\u00fcr alle auftretenden Fragen rund um Geb\u00e4udeabdichtung. Wir setzen ausschlie\u00dflich praxisbew\u00e4hrte und effektive Sanierungsmethoden und -systeme ein. Als Sanierungsfachbetrieb schauen wir auf eine lange Berufserfahrung zur\u00fcck. Unsere engagierten Fachkr\u00e4fte informieren Sie sehr gerne im Detail.<\/p>","popseo_schlusstext":"<p>Auf Wunsch informieren wir Sie n\u00e4her \u00fcber unser T\u00e4tigkeitsspektrum. Wir nennen Ihnen mit Vergn\u00fcgen auch einige Projekte, die Ihnen einen Einblick in unsere Firment\u00e4tigkeit geben.<br \/>\nSetzen Sie auf die Expertise eines erfahrenen Fachbetriebes. Rufen Sie uns doch rasch einmal an oder schreiben Sie uns eine schnelle E-Mail. Wir freuen uns auf Sie.<\/p>","popseo_stadttext":"<h3>Unser Leistungskatalog f\u00fcr Kunden aus dem Kreis Herzogtum Lauenburg<\/h3>\n<p>Durch unsere Gesch\u00e4ftst\u00e4tigkeit haben wir uns einen sehr guten \u00dcberblick \u00fcber die Stadtarchitektur der Gemeinden und St\u00e4dte unseres Einzugsbereiches erarbeiten k\u00f6nnen. Selbstverst\u00e4ndlich z\u00e4hlt auch der Landkreis Herzogtum Lauenburg zu unserem unmittelbaren Vertriebsgebiet. Wir freuen uns darauf, mit Ihnen ins Gespr\u00e4ch zu treten. <\/p>\n<h3>Einige interessante Informationen \u00fcber den Kreis Herzogtum Lauenburg<\/h3>\n<p>Der Landkreis Herzogtum Lauenburg zieht sich \u00fcber gut 1200 Quadratkilometer und ist Heimat von knapp 190.000 Menschen. Die gr\u00f6\u00dfen St\u00e4dte im Kreis Herzogtum Lauenburg sind neben der Kreisstadt Lauenburg die Orte Geesthacht, M\u00f6lln und Ratzeburg. <\/p>\n<p>Der Kreis Herzogtum Lauenburg geh\u00f6rt zum Einzugsbereich der Freien und Hansestadt Hamburg. Der schleswig-holsteinische Landkreis liegt sehr verkehrsg\u00fcnstig im S\u00fcdosten von Hamburg, was daran ersichtlich wird, dass die eher l\u00e4ndliche Region dem Hamburger Verkehrsverbund angeschlossen ist. Mit dem Automobil gelangt man \u00fcber die Autobahnen 1, 24 und 25 in den Kreis Herzogtum Lauenburg. Z\u00fcge der Deuschen Bahn f\u00e4hrt das Kreisgebiet von Herzogtum Lauenburg zum Beispiel \u00fcber die Strecken mit den Zielen Schwarzenbek, M\u00f6lln und Ratzeburg an.<\/p>\n<h3>Herzogtum Lauenburg: Attraktiver Lebensmittelpunktr!<\/h3>\n<p>Der Landkreis Herzogtum Lauenburg ist au\u00dferordentlich beliebt bei Pendlern. Wer in der Metropole Hamburg seiner Arbeit nachgeht, erreicht seine Wohnstatt im Kreis Herzogtum Lauenburg f\u00fcr gew\u00f6hnlich in circa 45 min. Arbeiten in der Gro\u00dfstadt, wohnen in l\u00e4ndlicher Umgebung: Ein Weg, der besonders f\u00fcr heutige Familien optimal ist. <\/p>\n<p>Der Landkreis Herzogtum Lauenburg zeichnet sich durch einen hohen Wohn- und Freizeitwert und eine hohe Lebensqualit\u00e4t aus. Das Kreisgebiet verf\u00fcgt \u00fcber viele Naherholungsgebiete, die sich sehr gut auf zwei Sohlen oder mit dem Mountainbike erobern lassen.<\/p>\n<h4>Hohe Qualit\u00e4t f\u00fcr Kunden aus dem Kreis Herzogtum Lauenburg<\/h4>\n<p>Wir finden es super, dass Sie unsere Internetseite entdeckt haben. Ob M\u00f6lln, Geesthacht oder Ratzeburg: Unser Fachunternehmen steht f\u00fcr ein sehr gutes Preis-Leistungs-Verh\u00e4ltnis. Sie m\u00f6chten mehr \u00fcber uns wissen? F\u00fcr R\u00fcckfragen stehen wir Ihnen jederzeit zur Verf\u00fcgung. Auf Ihre Anfragen freuen wir uns.<\/p>","popseo_zusatztext":"<h3>Keine Angst vor hohen Kosten<\/h3>\n<p>Sie haben Interesse an Trocknungs- oder Sanierungsarbeiten und m\u00f6chten gerne ein entsprechendes Angebot, das eine qualitativ gute Arbeit garantiert, gleichzeitig aber die Kosten im Blick hat. Prima, in diesem Fall sind Sie bei uns an der richtigen Adresse. Als Fachbetrieb f\u00fcr Bauwerksabdichtung, Kellersanierung und Schimmelbeseitigung verarbeiten wir ausnahmslos ausgezeichnete Materialien. Nichtsdestotrotz achten wir stets auf die Kosten, die selbstverst\u00e4ndlich \u00fcberschaubar bleiben sollen. Wir m\u00f6chten Ihnen Qualit\u00e4t anbieten, die zugleich auch die Kosten im Blick hat. Bei uns stimmen Kosten und Qualit\u00e4t: Bereits seit vielen Jahren sind wir Ihr qualifizierter Fachbetrieb f\u00fcr Sanierungs- und Trocknungsarbeiten im norddeutschen Raum. Unser Firmensitz befindet sich verkehrsg\u00fcnstig in Brietlingen bei L\u00fcndeburg. Die Kosten stets vor Augen: Wir sorgen f\u00fcr eine fachkundig ausgef\u00fchrte Arbeit nach dem stets derzeitigen Stand der Technik.<\/p>\n<h3>Hochwertige Arbeit, geringe Kosten!<\/h3>\n<p>D\u00fcrfen wir Sie beraten, wie Sie die Kosten f\u00fcr eine Sanierung reduzieren? Super, dann warten Sie bitte nicht und nehmen am besten noch heute Kontakt mit uns auf. Ein kurzer Anruf oder auch eine schnelle E-Mail gen\u00fcgen. Eine gute Beratung ist ebenso wichtig wie die perfekte Umsetzung der eigentlichen Arbeiten. Unsere fachliche Beratung ist nat\u00fcrlich absolut unverbindlich. Hochwertige Arbeit bei niedrigen Kosten: Wir empfehlen uns als spezialisiertes Unternehmen im Norden. Unsere langj\u00e4hrige Erfahrung spricht f\u00fcr uns.<br \/>\nMinimieren Sie die Kosten f\u00fcr Ihre Geb\u00e4udesanierung: Vertrauen Sie den Spezialisten der Firma Keul.<\/p>","popseo_links":"<a href=\"https:\/\/bautenschutz-keul.de\/angebote\/aufsteigende-feuchtigkeit-bad-bevensen\/\">aufsteigende Feuchtigkeit Bad Bevensen<\/a>, <a href=\"https:\/\/bautenschutz-keul.de\/angebote\/feuchte-mauer-reinbek-aumuehle\/\">Feuchte Mauer Reinbek Aum\u00fchle<\/a>, <a href=\"https:\/\/bautenschutz-keul.de\/angebote\/aussenabdichtung-maschen\/\">Au\u00dfenabdichtung Maschen<\/a>, <a href=\"https:\/\/bautenschutz-keul.de\/angebote\/feuchtigkeit-brietlingen\/\">Feuchtigkeit Brietlingen<\/a>, <a href=\"https:\/\/bautenschutz-keul.de\/angebote\/schimmelbeseitigung-uelzen\/\">Schimmelbeseitigung Uelzen<\/a>, <a href=\"https:\/\/bautenschutz-keul.de\/angebote\/kellerabdichtung-adendorf\/\">Kellerabdichtung Adendorf<\/a>, <a href=\"https:\/\/bautenschutz-keul.de\/angebote\/feuchter-keller-jesteburg\/\">Feuchter Keller Jesteburg<\/a>, <a href=\"https:\/\/bautenschutz-keul.de\/angebote\/zerstoerter-putz-buechen\/\">zerst\u00f6rter Putz B\u00fcchen<\/a>, <a href=\"https:\/\/bautenschutz-keul.de\/angebote\/salpeter-im-keller-maschen\/\">Salpeter im Keller Maschen<\/a>, <a href=\"https:\/\/bautenschutz-keul.de\/angebote\/schimmel-ebstorf\/\">Schimmel Ebstorf<\/a>, <a href=\"https:\/\/bautenschutz-keul.de\/angebote\/aufsteigende-feuchtigkeit-reinbek-aumuehle\/\">aufsteigende Feuchtigkeit Reinbek Aum\u00fchle<\/a>, <a href=\"https:\/\/bautenschutz-keul.de\/angebote\/schimmel-reinbek-aumuehle\/\">Schimmel Reinbek Aum\u00fchle<\/a>, <a href=\"https:\/\/bautenschutz-keul.de\/angebote\/feuchtigkeitsschaden-amelinghausen\/\">Feuchtigkeitsschaden Amelinghausen<\/a>, <a href=\"https:\/\/bautenschutz-keul.de\/angebote\/horizontalsperre-glinde-sachsenwald\/\">Horizontalsperre Glinde Sachsenwald<\/a>, <a href=\"https:\/\/bautenschutz-keul.de\/angebote\/kellersanierung-geesthacht\/\">Kellersanierung Geesthacht<\/a>, <a href=\"https:\/\/bautenschutz-keul.de\/angebote\/bauwerksabdichtung-bad-bevensen\/\">Bauwerksabdichtung Bad Bevensen<\/a>, <a href=\"https:\/\/bautenschutz-keul.de\/angebote\/zerstoerter-putz-amelinghausen\/\">zerst\u00f6rter Putz Amelinghausen<\/a>, <a href=\"https:\/\/bautenschutz-keul.de\/angebote\/feuchter-keller-ebstorf\/\">Feuchter Keller Ebstorf<\/a>, <a href=\"https:\/\/bautenschutz-keul.de\/angebote\/salpeter-im-keller-tostedt-sittensen\/\">Salpeter im Keller Tostedt Sittensen<\/a>, <a href=\"https:\/\/bautenschutz-keul.de\/angebote\/rissverpressung-jesteburg\/\">Rissverpressung Jesteburg<\/a>, <a href=\"https:\/\/bautenschutz-keul.de\/angebote\/schimmelbeseitigung-amt-neuhaus\/\">Schimmelbeseitigung Amt Neuhaus<\/a>, <a href=\"https:\/\/bautenschutz-keul.de\/angebote\/aufsteigende-feuchtigkeit-hanstedt\/\">aufsteigende Feuchtigkeit Hanstedt<\/a>, <a href=\"https:\/\/bautenschutz-keul.de\/angebote\/feuchtigkeit-reinbek-aumuehle\/\">Feuchtigkeit Reinbek Aum\u00fchle<\/a>, <a href=\"https:\/\/bautenschutz-keul.de\/angebote\/feuchtigkeitsschaden-salzhausen\/\">Feuchtigkeitsschaden Salzhausen<\/a>, <a href=\"https:\/\/bautenschutz-keul.de\/angebote\/feuchtigkeit-ebstorf\/\">Feuchtigkeit Ebstorf<\/a>, <a href=\"https:\/\/bautenschutz-keul.de\/angebote\/bauwerksabdichtung-stelle\/\">Bauwerksabdichtung Stelle<\/a>, <a href=\"https:\/\/bautenschutz-keul.de\/angebote\/schimmel-buechen\/\">Schimmel B\u00fcchen<\/a>, <a href=\"https:\/\/bautenschutz-keul.de\/angebote\/mauertrockenlegung-uelzen\/\">Mauertrockenlegung Uelzen<\/a>"},"_links":{"self":[{"href":"https:\/\/bautenschutz-keul.de\/angebote\/wp-json\/wp\/v2\/pages\/345","targetHints":{"allow":["GET"]}}],"collection":[{"href":"https:\/\/bautenschutz-keul.de\/angebote\/wp-json\/wp\/v2\/pages"}],"about":[{"href":"https:\/\/bautenschutz-keul.de\/angebote\/wp-json\/wp\/v2\/types\/page"}],"author":[{"embeddable":true,"href":"https:\/\/bautenschutz-keul.de\/angebote\/wp-json\/wp\/v2\/users\/1"}],"replies":[{"embeddable":true,"href":"https:\/\/bautenschutz-keul.de\/angebote\/wp-json\/wp\/v2\/comments?post=345"}],"version-history":[{"count":0,"href":"https:\/\/bautenschutz-keul.de\/angebote\/wp-json\/wp\/v2\/pages\/345\/revisions"}],"wp:attachment":[{"href":"https:\/\/bautenschutz-keul.de\/angebote\/wp-json\/wp\/v2\/media?parent=345"}],"curies":[{"name":"wp","href":"https:\/\/api.w.org\/{rel}","templated":true}]}}