{"id":347,"date":"2021-09-13T08:43:56","date_gmt":"2021-09-13T06:43:56","guid":{"rendered":"https:\/\/bautenschutz-keul.de\/angebote\/innenabdichtung-lueneburg\/"},"modified":"2021-09-13T08:43:56","modified_gmt":"2021-09-13T06:43:56","slug":"innenabdichtung-lueneburg","status":"publish","type":"page","link":"https:\/\/bautenschutz-keul.de\/angebote\/innenabdichtung-lueneburg\/","title":{"rendered":"Innenabdichtung &#8211; L\u00fcneburg"},"content":{"rendered":"<h3>Innenabdichtung: Kompetente Arbeit durch den Fachbetrieb!<\/h3>\n<p>Ein nasser Keller kann die bauliche Beschaffenheit eines Bauwerkes folgenschwer sch\u00e4digen.<br \/>\nBesonders von au\u00dfen eintretende N\u00e4sse ist ein Problem, welchem sich<br \/>\nHauseigent\u00fcmer unbedingt annehmen sollten. Sollte eine Abdichtung von au\u00dfen aus baulichen Gr\u00fcnden nicht m\u00f6glich sein, kann auch eine Innenabdichtung vorgenommen werden. Dies ist zum Beispiel dann der Fall, wenn Anbauten den Zugang zur Au\u00dfenmauer verhindern. Die Innenabdichtung ist au\u00dferdem eine relativ kosteng\u00fcnstige Methode, da die Mauern nicht erst freigelegt werden m\u00fcssen. Vorbereitende Erdarbeiten entfallen vollst\u00e4ndig. Die Abdichtung verfolgt den Zweck, die Mauern dauerhaft wasserdicht zu machen. Mit der Innenabdichtung schaffen Sie die Grundlage, Ihr Haus vor substanzbedrohenden N\u00e4ssesch\u00e4den zu bewahren. Jedoch muss darauf hingewiesen werden, dass Feuchtigkeit weiterhin von au\u00dfen auf das Mauerwerk dr\u00fcckt. Die N\u00e4sse kann jedoch nicht mehr ins Geb\u00e4udeinnere dringen. <\/p>\n<p>Eine Vielzahl von qualitativen Baustoffen steht f\u00fcr die Innenabdichtung zum Gebrauch bereit. Je nach Aufgabenstellung lassen sich f\u00fcr die Abdichtung beispielsweise mineralische Dichtungsschl\u00e4mme verarbeiten. Das Setzen einer horizontalen oder vertikalen Feuchtigkeitssperre geh\u00f6rt zu den Grundarbeiten. Auf die abgedichtete Wand wird abschlie\u00dfend ein zus\u00e4tzlich sch\u00fctzender Sanierputz gestrichen. <\/p>\n<h3>Innenabdichtung: Unser Unternehmen k\u00fcmmert sich darum!<\/h3>\n<p>Um die geeigneten Methoden und Baustoffe auszuw\u00e4hlen sowie den Sanierungsumfang zu abzuw\u00e4gen, ist eine Begutachtung direkt am entsprechenden Geb\u00e4ude unbedingt angeraten. Nur nach einer genauen Analyse kann man die geeigneten Mittel f\u00fcr eine Innenabdichtung festlegen. Die Bewertung ist Arbeit f\u00fcr einen Spezialisten. Nur der erfahrene Fachhandwerker Sanierungswege ratsam sind.<\/p>\n","protected":false},"excerpt":{"rendered":"<p>Innenabdichtung: Kompetente Arbeit durch den Fachbetrieb! Ein nasser Keller kann die bauliche Beschaffenheit eines Bauwerkes folgenschwer sch\u00e4digen. Besonders von au\u00dfen eintretende N\u00e4sse ist ein Problem, welchem sich Hauseigent\u00fcmer unbedingt annehmen sollten. Sollte eine Abdichtung von au\u00dfen aus baulichen Gr\u00fcnden nicht m\u00f6glich sein, kann auch eine Innenabdichtung vorgenommen werden. Dies ist zum Beispiel dann der Fall, [&hellip;]<\/p>\n","protected":false},"author":1,"featured_media":0,"parent":0,"menu_order":0,"comment_status":"closed","ping_status":"closed","template":"","meta":{"footnotes":""},"class_list":["post-347","page","type-page","status-publish","hentry"],"meta_box":{"popseo_subtitel":"Die Firma TK-Geb\u00e4udetechnik Thorsten Keul ist Ihr Spezialist f\u00fcr eine Innenabdichtung im Raum L\u00fcneburg","popseo_subtitel2":"Innenabdichtung - setzen Sie auf unsere Erfahrung","popseo_lasttitel":"Innenabdichtung: Gerne beantworten wir Ihre Fragen!","popseo_region":"L\u00fcneburg","popseo_sachwort":"Innenabdichtung","popseo_noupdate":"","popseo_einleitungstext":"<p>Sie haben sich mit dem Thema Bauwerksabdichtung besch\u00e4ftigt, da Ihr Wohn- oder Gesch\u00e4ftshaus feuchte Geb\u00e4udeteile aufweist und Sie nach M\u00f6glichkeiten einer professionellen und vor allem wirksamen Sanierung Ausschau halten. Sch\u00f6n, dass Sie unsere Website besuchen. Auf den folgenden Seiten d\u00fcrfen wir Ihnen einige Informationen zu unserem Leistungsangebot geben. Sie lernen auf dieser Website unsere Firma etwas n\u00e4her kennen. <\/p>\n<p>Unser Unternehmen ist ein spezialisierter und etablierter Fachbetrieb mit Gesch\u00e4ftsssitz in Brietlingen bei L\u00fcneburg. Seit vielen Jahren schon sind wir Ihr Spezialist f\u00fcr alle Fragen rund um die Bauwerksabdichtung. Wir setzen ausschlie\u00dflich praxisbew\u00e4hrte und effektive Sanierungsmethoden und -systeme ein. Als Sanierungsfachbetrieb blicken wir auf eine lange und intensive Berufserfahrung zur\u00fcck. Unsere engagierten Mitarbeiter informieren Sie sehr gerne im Detail.<\/p>","popseo_schlusstext":"<p>Sie suchen einen Partner f\u00fcr die fachgerechte Abdichtung und Sanierung Ihrer Immobilie. Toll, dass unser Angebot Ihre Aufmerksamkeit gefunden hat. Worauf Sie neben unserer Fachkompetenz setzen d\u00fcrfen: Unsere Handwerksexperten sind mit Elan und dem notwendigen Schwung f\u00fcr Ihren Erfolg t\u00e4tig. Wir freuen uns sehr, wenn wir Sie in einem unverbindlichen Beratungsgespr\u00e4ch \u00fcber die zahlreichen Optionen, die sich Ihnen bieten, informieren d\u00fcrfen. Nehmen Sie bitte Kontakt mit uns auf. Wir sind gerne f\u00fcr Sie da!<\/p>","popseo_stadttext":"<h3>Wir freuen uns \u00fcber zufriedene Kunden aus L\u00fcneburg und Bleckede<\/h3>\n<p>Wir betreuen Kunden aus L\u00fcneburg und Bleckede. Durch unsere Vertriebst\u00e4tigkeit haben wir uns einen guten \u00dcberblick \u00fcber die Architektur der Gemeinden und St\u00e4dte unseres Einzugsbereiches machen k\u00f6nnen. Selbstverst\u00e4ndlich geh\u00f6rt auch Ihre Region zu unserem unmittelbaren Gesch\u00e4ftsgebiet. Wir freuen uns darauf, mit Ihnen ins Gespr\u00e4ch zu kommen. <\/p>\n<h3>Ein paar Hintergrundinformationen zu L\u00fcneburg und Bleckede<\/h3>\n<p>In der ca. 40 km s\u00fcdlich von Hansestadt Hamburg gelegenen Stadt L\u00fcneburg wohnen rund 70.000 Anwohner. Die Stadt erstreckt sich \u00fcber ein Areal von 70 qkm. L\u00fcneburg ist Kreisstadt des Landkreises L\u00fcneburg und geh\u00f6rt zur Metropolregion Hamburg. Was viele nicht wissen: L\u00fcneburg ist eine alte Hansestadt. Malerisch an der Ilmenau gelegen, erfreut sich L\u00fcneburg gr\u00f6\u00dfter Popularit\u00e4t bei Tagesbesuchern und Touristen. Die mehr als 300.000 \u00dcbernachtungen, welche das nieders\u00e4chsische Landesamt f\u00fcr Statistik festgestellt hat, sprechen eine ganz eindeutige Sprache. Ganz besonders besuchenswert ist das Zentrum von L\u00fcneburg. Zahlreiche geschichtstr\u00e4chtige Bauwerke verleihen der Stadt einen ganz und gar einmaligen Charme. Bei einem Gang durch die Altstadt von L\u00fcneburg sollte man auf jeden Fall die Kirche St. Nicolai im Wasserviertel, das Stadtschloss am Markt sowie den Stintmarkt am L\u00fcneburger Hafen besuchen. Wer ein wenig Zeit zur Verf\u00fcgung hat, macht Station in einem der zahllosen ge\u00fcml\u00fctlichen Caf\u00e9s am Marktplatz und l\u00e4sst einfach die herrliche Stimmung von L\u00fcneburg auf sich wirken. Die zahlreichen Fachwerkbauten geben dem st\u00e4dtischen Ensemble eine g\u00e4nzlich unverwechselbare Aura. Die beschauliche Universit\u00e4tsstadt ist bekannt f\u00fcr die Salzproduktion. In L\u00fcneburg liegt ein ein alter Salzstock. Dort wurde \u00fcber Jahrhunderte in gro\u00dfem Stile Salz abgebaut. Das Deutsche Salzmuseum L\u00fcneburg erz\u00e4hlt heute von diesem historischen Teil der Stadtgeschichte. Des Weiteren ist der Stint eine bekannte kulinarische Spezialit\u00e4t. Dem kleinen Fisch begegnet man in L\u00fcneburg fast an jeder Ecke. Bei einem Besuch der nieders\u00e4chsischen Stadt sollte man ein Stint-Essen auf keinen Fall verpassen.      <\/p>\n<p>L\u00fcneburg liegt an der Bundesautobahn A39. Auch \u00fcber die Bundesstra\u00dfen B4, B209 und B216 f\u00e4hrt man rasch und bequem in die nieders\u00e4chsische Kreisstadt. Auch das Umland \u2013 zum Beispiel Scharnebeck, Salzhausen, Fleestedt, Hanstedt, Bienenb\u00fcttel, Amelinghausen und Egestorf - ist gut angebunden. Wer mit der Eisenbahn nach L\u00fcneburg fahren m\u00f6chte, kann dies \u00fcber die Bahnverbindung Hamburg-Hannover tun. Au\u00dferdem gibt es eine Regionalbahnverbindung durch den Verkehrsbetrieb Metronom. Die Fahrdauer zwischen Hamburg und L\u00fcneburg betr\u00e4gt nur knapp 30 Minuten. <\/p>\n<h3>L\u00fcneburg und Bleckede: Attraktive Lebensmittelpunkte!<\/h3>\n<p>Die Stadt Bleckede befindet sich im nieders\u00e4chsischen Landkreis L\u00fcneburg. Bleckede z\u00e4hlt ungef\u00e4hr 10.000 Einwohner. Das Stadtgebiet erstreckt sich \u00fcber eine Gesamtfl\u00e4che von rund 139 Quadratkilometer. In direkter N\u00e4he liegen die Gemeinden Dahlenburg, Thomasburg, Amt Neuhaus und Vastorf. Zu Bleckede geh\u00f6ren alles in allem 15 Ortsteile. Die herrliche Lage unmittelbar an der Elbe macht Bleckede interessant f\u00fcr Tagesbesucher und Touristen. Insbesondere mit dem Fahrrad lohnt sich ein Ausflug nach Bleckede. Der Elbradweg sowie der Mecklenburgische Seen-Radweg laden zum erholsamen Radeln ein. Kennzeichnend f\u00fcr Bleckede sind die zahllosen Fachwerkh\u00e4user. Per pedes l\u00e4sst sich die herrliche Architektur besonders gut bewundern. Entsprechend stolz sind die Stadtv\u00e4ter von Bleckede darauf, dass die Stadt Teil der Deutschen Fachwerkstra\u00dfe ist. Besonders sch\u00f6n ist der Hafen von Bleckede. Bis zum heutigen Tage machen viele Frachter hier Halt. Besucher sch\u00e4tzen dar\u00fcber hinaus den Fahrgastverkehr auf der Elbe. Eine touristische Besonderheit: Der historische Raddampfer Kaiser-Wilhelm legt in steter Folge in Bleckede an. Vorteilhaft ist der Hafen auch f\u00fcr die Sportschifffahrt. Die zahllosen Sportbootliegepl\u00e4tze dokumentieren die Anziehungskraft des Hafen \u00fcberzeugend. Bleckede ist bekannt f\u00fcr seine attraktive Umgebung. Neben der schon beschriebenen Deutschen Fachwerkstra\u00dfe f\u00fchrt auch die Deutsche Storchenstra\u00dfe durch Bleckede. Das innerst\u00e4dtisch zu bestaunende Storchennest ist eine ganz au\u00dfergew\u00f6hnliche Attraktion. Aus Richtung L\u00fcneburg kommend, kann man au\u00dferdem auch mit einer historischen Eisenbahn nach Bleckede reisen. Die Fahrt mit dem sogenannten Heide-Elbe-Express ist ein Ausflugstipp f\u00fcr Besucher der Region.<\/p>\n<h4>Hohe Qualit\u00e4t f\u00fcr Kunden aus L\u00fcneburg und Bleckede<\/h4>\n<p>Prima, dass Sie diese Seite gefunden haben. Wenn Sie eine erfahrene Fachfirma ben\u00f6tigen, sind Sie bei uns richtig. Sie m\u00f6chten mehr \u00fcber uns erfahren? F\u00fcr R\u00fcckfragen stehen wir Ihnen jederzeit zur Verf\u00fcgung. Unser engagiertes Team freut sich auf Sie.<\/p>","popseo_zusatztext":"<h3>Hohe Kosten? Nicht bei uns!<\/h3>\n<p>Sie sind interessiert an Trocknungs- oder Sanierungsarbeiten und m\u00f6chten gerne ein entsprechendes Angebot, das eine qualitativ gute Arbeit garantiert, gleichwohl keine hohen Kosten verursacht. Klasse, dann sind Sie bei uns an der richtigen Adresse. Als Fachbetrieb f\u00fcr Bauwerksabdichtung, Kellersanierung und Schimmelbeseitigung verarbeiten wir ausschlie\u00dflich ausgezeichnete Materialien. Trotzdem achten wir nat\u00fcrlich auf die Kosten, die nat\u00fcrlich nicht zu hoch sein sollen. Wir m\u00f6chten Ihnen beste Qualit\u00e4t anbieten, die trotzdem auch die Kosten im Blick beh\u00e4lt. Bei uns stimmen Kosten und Qualit\u00e4t: Schon seit etlichen Jahren sind wir Ihr erfahrener Partner f\u00fcr Sanierungs- und Trocknungsarbeiten im norddeutschen Raum. Unser Standort befindet sich verkehrsg\u00fcnstig in Brietlingen bei L\u00fcndeburg. Die Kosten stets im Blick: Wir versprechen Ihnen eine professionell ausgef\u00fchrte Arbeit nach dem immer derzeitigen Stand der Technik.<\/p>\n<h3>Kosten vs. Leistung: Eine Sanierung rechnet sich!<\/h3>\n<p>D\u00fcrfen wir Sie beraten, wie Sie die Kosten f\u00fcr eine Sanierung begrenzen k\u00f6nnen? Klasse, dann warten Sie bitte nicht und nehmen am besten noch heute Kontakt mit uns auf. Ein kurzer Anruf oder auch eine schnelle E-Mail gen\u00fcgen. Eine optimale Beratung ist gleicherma\u00dfen wichtig wie die perfekte Umsetzung der eigentlichen Arbeiten. Unsere fachliche Beratung ist selbstverst\u00e4ndlich absolut unverbindlich. Beste Qualit\u00e4t bei moderaten Kosten: Wir empfehlen uns als spezialisiertes Fachunternehmen in Norddeutschland. Unsere jahrelange Erfahrung spricht f\u00fcr uns.<br \/>\nSenken Sie die Kosten f\u00fcr Ihre Geb\u00e4udesanierung: Vertrauen Sie den Spezialisten der Firma Keul.<\/p>","popseo_links":"<a href=\"https:\/\/bautenschutz-keul.de\/angebote\/rissverpressung-adendorf\/\">Rissverpressung Adendorf<\/a>, <a href=\"https:\/\/bautenschutz-keul.de\/angebote\/kellersanierung-amt-neuhaus\/\">Kellersanierung Amt Neuhaus<\/a>, <a href=\"https:\/\/bautenschutz-keul.de\/angebote\/schimmel-stelle\/\">Schimmel Stelle<\/a>, <a href=\"https:\/\/bautenschutz-keul.de\/angebote\/bauwerksabdichtung-bad-bevensen\/\">Bauwerksabdichtung Bad Bevensen<\/a>, <a href=\"https:\/\/bautenschutz-keul.de\/angebote\/feuchter-keller-maschen\/\">Feuchter Keller Maschen<\/a>, <a href=\"https:\/\/bautenschutz-keul.de\/angebote\/kellersanierung-buchholz-in-der-nordheide\/\">Kellersanierung Buchholz in der Nordheide<\/a>, <a href=\"https:\/\/bautenschutz-keul.de\/angebote\/feuchter-keller-bienenbuettel\/\">Feuchter Keller Bienenb\u00fcttel<\/a>, <a href=\"https:\/\/bautenschutz-keul.de\/angebote\/schimmelsanierung-uelzen\/\">Schimmelsanierung Uelzen<\/a>, <a href=\"https:\/\/bautenschutz-keul.de\/angebote\/bauwerksabdichtung-bienenbuettel\/\">Bauwerksabdichtung Bienenb\u00fcttel<\/a>, <a href=\"https:\/\/bautenschutz-keul.de\/angebote\/schimmelbeseitigung-amt-neuhaus\/\">Schimmelbeseitigung Amt Neuhaus<\/a>, <a href=\"https:\/\/bautenschutz-keul.de\/angebote\/bauwerksabdichtung-ebstorf\/\">Bauwerksabdichtung Ebstorf<\/a>, <a href=\"https:\/\/bautenschutz-keul.de\/angebote\/mauertrockenlegung-winsen-luhe\/\">Mauertrockenlegung Winsen Luhe<\/a>, <a href=\"https:\/\/bautenschutz-keul.de\/angebote\/zerstoerter-putz-bienenbuettel\/\">zerst\u00f6rter Putz Bienenb\u00fcttel<\/a>, <a href=\"https:\/\/bautenschutz-keul.de\/angebote\/feuchter-keller-seevetal-rosengarten\/\">Feuchter Keller Seevetal Rosengarten<\/a>, <a href=\"https:\/\/bautenschutz-keul.de\/angebote\/kellerabdichtung-herzogtum-lauenburg\/\">Kellerabdichtung Herzogtum Lauenburg<\/a>, <a href=\"https:\/\/bautenschutz-keul.de\/angebote\/salpeter-im-keller-winsen-luhe\/\">Salpeter im Keller Winsen Luhe<\/a>, <a href=\"https:\/\/bautenschutz-keul.de\/angebote\/aussenabdichtung-bienenbuettel\/\">Au\u00dfenabdichtung Bienenb\u00fcttel<\/a>, <a href=\"https:\/\/bautenschutz-keul.de\/angebote\/feuchtigkeitsschaden-hanstedt\/\">Feuchtigkeitsschaden Hanstedt<\/a>, <a href=\"https:\/\/bautenschutz-keul.de\/angebote\/schimmel-adendorf\/\">Schimmel Adendorf<\/a>, <a href=\"https:\/\/bautenschutz-keul.de\/angebote\/schimmelbeseitigung-uelzen\/\">Schimmelbeseitigung Uelzen<\/a>, <a href=\"https:\/\/bautenschutz-keul.de\/angebote\/feuchte-wand-buchholz-in-der-nordheide\/\">Feuchte Wand Buchholz in der Nordheide<\/a>, <a href=\"https:\/\/bautenschutz-keul.de\/angebote\/schimmel-buchholz-in-der-nordheide\/\">Schimmel Buchholz in der Nordheide<\/a>, <a href=\"https:\/\/bautenschutz-keul.de\/angebote\/feuchte-mauer-schwarzenbek\/\">Feuchte Mauer Schwarzenbek<\/a>, <a href=\"https:\/\/bautenschutz-keul.de\/angebote\/kellerabdichtung-seevetal-rosengarten\/\">Kellerabdichtung Seevetal Rosengarten<\/a>, <a href=\"https:\/\/bautenschutz-keul.de\/angebote\/mauertrockenlegung-geesthacht\/\">Mauertrockenlegung Geesthacht<\/a>, <a href=\"https:\/\/bautenschutz-keul.de\/angebote\/aufsteigende-feuchtigkeit-seevetal-rosengarten\/\">aufsteigende Feuchtigkeit Seevetal Rosengarten<\/a>, <a href=\"https:\/\/bautenschutz-keul.de\/angebote\/feuchter-keller-lueneburg\/\">Feuchter Keller L\u00fcneburg<\/a>, <a href=\"https:\/\/bautenschutz-keul.de\/angebote\/aufsteigende-feuchtigkeit-herzogtum-lauenburg\/\">aufsteigende Feuchtigkeit Herzogtum Lauenburg<\/a>"},"_links":{"self":[{"href":"https:\/\/bautenschutz-keul.de\/angebote\/wp-json\/wp\/v2\/pages\/347","targetHints":{"allow":["GET"]}}],"collection":[{"href":"https:\/\/bautenschutz-keul.de\/angebote\/wp-json\/wp\/v2\/pages"}],"about":[{"href":"https:\/\/bautenschutz-keul.de\/angebote\/wp-json\/wp\/v2\/types\/page"}],"author":[{"embeddable":true,"href":"https:\/\/bautenschutz-keul.de\/angebote\/wp-json\/wp\/v2\/users\/1"}],"replies":[{"embeddable":true,"href":"https:\/\/bautenschutz-keul.de\/angebote\/wp-json\/wp\/v2\/comments?post=347"}],"version-history":[{"count":0,"href":"https:\/\/bautenschutz-keul.de\/angebote\/wp-json\/wp\/v2\/pages\/347\/revisions"}],"wp:attachment":[{"href":"https:\/\/bautenschutz-keul.de\/angebote\/wp-json\/wp\/v2\/media?parent=347"}],"curies":[{"name":"wp","href":"https:\/\/api.w.org\/{rel}","templated":true}]}}