{"id":353,"date":"2021-09-13T08:43:56","date_gmt":"2021-09-13T06:43:56","guid":{"rendered":"https:\/\/bautenschutz-keul.de\/angebote\/innenabdichtung-seevetal-rosengarten\/"},"modified":"2021-09-13T08:43:56","modified_gmt":"2021-09-13T06:43:56","slug":"innenabdichtung-seevetal-rosengarten","status":"publish","type":"page","link":"https:\/\/bautenschutz-keul.de\/angebote\/innenabdichtung-seevetal-rosengarten\/","title":{"rendered":"Innenabdichtung &#8211; Seevetal Rosengarten"},"content":{"rendered":"<h3>Innenabdichtung: Kompetente Arbeit durch den Fachbetrieb!<\/h3>\n<p>Ein nasser Keller kann die bauliche Beschaffenheit eines Bauwerkes folgenschwer sch\u00e4digen.<br \/>\nInsbesondere von au\u00dfen eindringende N\u00e4sse ist eine Problematik, welchem sich<br \/>\nImmobilienbesitzer dringend annehmen sollten. Sollte eine Au\u00dfenabdichtung baulich nicht m\u00f6glich sein, kann auch eine Innenabdichtung zum gew\u00fcnschten Ergebnis f\u00fchren. Dies ist zum Beispiel dann der Fall, wenn Anbauten den Zugang zur Au\u00dfenmauer versperren. Die Innenabdichtung ist dar\u00fcber hinaus eine relativ g\u00fcnstige Methode, da die Mauern nicht zun\u00e4chst freigestemmt werden m\u00fcssen. Vorbereitende Erdarbeiten entfallen vollst\u00e4ndig. Die Abdichtung verfolgt den Zweck, die Mauern dauerhaft wasserdicht zu machen. Mit der Innenabdichtung schaffen Sie die Voraussetzung, Ihr Geb\u00e4ude vor substanzgef\u00e4hrdenden Feuchtigkeitssch\u00e4den zu sch\u00fctzen. Jedoch muss bedacht werden, dass Feuchtigkeit weiterhin von au\u00dfen auf das Mauerwerk dr\u00fcckt. Die N\u00e4sse kann jedoch nicht mehr ins Geb\u00e4udeinnere dringen. <\/p>\n<p>Eine gro\u00dfe Anzahl von guten Baustoffen steht f\u00fcr die Innenabdichtung zum Gebrauch bereit. Je nach Anwendungsfall lassen sich f\u00fcr die Abdichtung zum Beispiel mineralische Dichtungsschl\u00e4mme verarbeiten. Das Setzen einer horizontalen oder vertikalen Feuchtigkeitssperre z\u00e4hlt zu den Grundarbeiten. Auf die abgedichtete Wand wird abschlie\u00dfend ein qualitativ hochwertiger Sanierputz gestrichen. <\/p>\n<h3>Innenabdichtung: Unser Unternehmen k\u00fcmmert sich darum!<\/h3>\n<p>Um die geeigneten Methoden und Baustoffe auszuw\u00e4hlen sowie den Sanierungsumfang zu abzuw\u00e4gen, ist eine Sichtung unmittelbar am entsprechenden Wohn- oder Gesch\u00e4ftsgeb\u00e4ude unbedingt angeraten. Nur nach einer fachlichen Analyse kann man die notwendigen Mittel f\u00fcr eine Innenabdichtung ermitteln. Die Beurteilung ist Angelegenheit f\u00fcr einen Spezialisten. Nur der erfahrene Fachhandwerker wei\u00df, welche Sanierungsm\u00f6glichkeiten ratsam sind.<\/p>\n","protected":false},"excerpt":{"rendered":"<p>Innenabdichtung: Kompetente Arbeit durch den Fachbetrieb! Ein nasser Keller kann die bauliche Beschaffenheit eines Bauwerkes folgenschwer sch\u00e4digen. Insbesondere von au\u00dfen eindringende N\u00e4sse ist eine Problematik, welchem sich Immobilienbesitzer dringend annehmen sollten. Sollte eine Au\u00dfenabdichtung baulich nicht m\u00f6glich sein, kann auch eine Innenabdichtung zum gew\u00fcnschten Ergebnis f\u00fchren. Dies ist zum Beispiel dann der Fall, wenn Anbauten [&hellip;]<\/p>\n","protected":false},"author":1,"featured_media":0,"parent":0,"menu_order":0,"comment_status":"closed","ping_status":"closed","template":"","meta":{"footnotes":""},"class_list":["post-353","page","type-page","status-publish","hentry"],"meta_box":{"popseo_subtitel":"Wir sind Ihr Fachbetrieb f\u00fcr eine Innenabdichtung im Raum Seevetal Rosengarten","popseo_subtitel2":"Innenabdichtung durch die Experten unserer Firma","popseo_lasttitel":"Innenabdichtung: D\u00fcrfen wir Ihre Fragen beantworten?","popseo_region":"Seevetal Rosengarten","popseo_sachwort":"Innenabdichtung","popseo_noupdate":"","popseo_einleitungstext":"<p>Sie wollen Ihre Immobilie sanieren lassen und m\u00f6chten sich \u00fcber wirksame Sanierungsmethoden informieren? Wunderbar, dann sind Sie bei uns goldrichtig. Als auf die Sanierung spezialisiertes Handwerksunternehmen, \u00fcbernehmen wir vor allem Arbeiten im Bereich Trockenlegung und Abdichtung.  <\/p>\n<p>Erfahren sind wir bei der Bauwerksabdichtung und au\u00dferdem bei der Kellersanierung, der Schimmelbek\u00e4mpfung und der Rissverpressung. Wir kennen uns mit der zeitgem\u00e4\u00dfen Sanierung von Neubauten und Bestandsimmobilien bestens aus. Auf unserer Website stellen wir Ihnen unser Unternehmen und das komplette Leistungsprogramm n\u00e4her vor. Ihr Interesse freut uns sehr.<\/p>","popseo_schlusstext":"<p>Sie suchen einen Experten f\u00fcr die fachgerecht ausgef\u00fchrte Bauwerksabdichtung. Dann rufen Sie uns bitte rasch an. Wir freuen uns auf Ihren Anruf oder Ihre E-Mail. Wenn es um Sanierung geht, sind wir Ihr verl\u00e4sslicher Handwerkspartner. Wir sorgen f\u00fcr eine fachm\u00e4nnisch durchgef\u00fchrte Arbeit nach dem stets derzeitigen Stand der Technik.<\/p>","popseo_stadttext":"<h3>Wir freuen uns \u00fcber Anfragen aus Rosengarten und Seevetal<\/h2>\n<p>Unser Einzugsgebiet umfasst auch Rosengarten und Seevetal. Durch unsere Gesch\u00e4ftst\u00e4tigkeit haben wir uns einen sehr guten \u00dcberblick \u00fcber die Architektur der Gemeinden und St\u00e4dte unseres Vertriebsgebietes machen k\u00f6nnen. Wir f\u00fchlen uns der Region verpflichtet und freuen uns dar\u00fcber, einen Anteil zur gesunden Infrastruktur der Gemeinden beizusteuern zu d\u00fcrfen.  <\/p>\n<h3>Seevetal und Rosengarten \u2013 einige interessante Informationen zu den beiden Gemeinden<\/h3>\n<p>Die Gemeinde Seevetal liegt in s\u00fcdlicher Richtung von Hamburg im nieders\u00e4chsischen Landkreis Harburg. Anno 1972 schlossen sich in Summe 19 ehemals selbst\u00e4ndige Orte zur Gesamtgemeinde Seevetal zusammen. Durch die Zusammenf\u00fchrung gilt Seevetal mit mehr als 42.000 B\u00fcrgern als die gr\u00f6\u00dfte Gemeinde der Bundesrepublik Deutschland. Trotz der noch kurzen Geschichte, sehen einige der ehemals autonomen Gemeindeteile auf eine \u00e4u\u00dferst lange Tradition zur\u00fcck. Die Ortschronik von Seevetal erz\u00e4hlt dar\u00fcber, dass der Gemeindeteil Ramelsloh bereits im Jahre 845 erstmalig urkundlich genannt wurde. Die gute Bev\u00f6lkerungsentwicklung des Ortes Seevetal erkl\u00e4rt sich auch durch die verkehrstechnisch g\u00fcnstige Lage. Die N\u00e4he zur Gro\u00dfstadt Hamburg macht Seevetal f\u00fcr Berufspendler attraktiv. Das Arbeiten in der Gro\u00dfstadt und das Leben im eher l\u00e4ndlich wirkenden Bereich, gehen in Seevetal eine sehr gute Verbindung ein. <\/p>\n<h4>Seevetal und Rosengarten \u2013 beliebt bei jungen Familien<\/h4>\n<p>Der Gewerbestandort Seevetal ist f\u00fcr zahlreiche Betrieben von massiver Anziehungskraft. Seevetal liegt zwischen f\u00fcnf Schnellstra\u00dfen. Die verkehrstechnisch gute Lage gew\u00e4hrleistet sowohl eine ausgezeichnete Erreichbarkeit als auch einen schnellen G\u00fcterumschlag. Wirtschaftsf\u00f6rderung genie\u00dft in Seevetal Priorit\u00e4t. Die Gemeinde f\u00f6rdert weitfl\u00e4chig und unkompliziert die Gewerbeansiedlung. Seevetal ist Teil vom Hamburger Verkehrsverbund (HVV). Mit der Bahn erreicht man den Gemeindeteil Hittfeld mit dem Metronom \u00fcber die Streckenverbindung HH-Harburg-Buchholz-Tostedt. Die zu Seevetal geh\u00f6renden Ortsteile Meckelfeld und Maschen sind an die Schienenverbindung HH-Harburg-Winsen-L\u00fcneburg angebunden.  <\/p>\n<p>Die Region Seevetal zeichnet sich durch einen hohen Wohnwert aus. Eine exellente Infrastruktur macht das Leben in Seevetal speziell f\u00fcr junge Familien attraktiv. Durch die starke und auf Wachstum ausgerichte Wirtschaft in Seevetal wird von den Gemeindeverantwortlichen auch ein besonderes Augenmerk auf die Attraktivit\u00e4t des Wohnortes Seevetal gelegt. In den 19 Einzelgemeinden von Seevetal findet sich ausreichend Baugrund f\u00fcr private Bauherren.<\/p>\n<p>\u00c4hnlich anziehend zeigt sich Rosengarten. Die Gemeinde liegt etwa rund 15 Kilometer von Seevetal entfernt. Ungef\u00e4hr 13.000 Einwohner z\u00e4hlt man in dem beschaulichen Ort, der sich \u00fcber eine Fl\u00e4che von \u00fcber 63 km\u00b2 erstreckt. Rosengarten grenzt an die Hamburger Stadtteile Hausbruch, Marmstorf und Heimfeld. Das zumeist ruhige Leben auf dem Lande verkn\u00fcpft sich in Rosengarten auf hervorragende Weise mit den vielf\u00e4ltigen Angeboten der nahen Metropole. Seevetal und Rosengarten verf\u00fcgen \u00fcber zahlreiche sch\u00f6ne Wohnquartiere, die insbesondere von einer angenehmen Einzelhausbebauung bestimmt sind. <\/p>\n<h4>Wir f\u00fcr Sie in Seevetal und Rosengarten!<\/h4>\n<p>Sie wohnen in Seevetal oder Rosengarten und interessieren sich f\u00fcr unser Angebot. Klasse, dass Sie uns hier auf dieser Website entdeckt haben. F\u00fcr R\u00fcckfragen stehen wir Ihnen jederzeit zur Verf\u00fcgung. Unser freundliches Team freut sich auf Sie.<\/p>","popseo_zusatztext":"<h3>Hohe Kosten? Nicht bei uns!<\/h3>\n<p>Sie sind interessiert an Trocknungs- oder Sanierungsarbeiten und w\u00fcnschen sich ein entsprechendes Angebot, das eine handwerklich gute Arbeit garantiert, gleichwohl keine hohen Kosten nach sich zieht. Toll, in diesem Fall sind Sie bei uns genau richtig. Als Fachbetrieb f\u00fcr Bauwerksabdichtung, Kellersanierung und Schimmelbeseitigung verwenden wir ausschlie\u00dflich ausgezeichnete Materialien. Trotzdem achten wir stets auf die Kosten, die nat\u00fcrlich nicht zu hoch sein sollen. Wir m\u00f6chten Ihnen Qualit\u00e4t bieten, die gleichzeitig auch die Kosten im Blick hat. Bei uns stimmen Kosten und Leistung: Schon seit etlichen Jahren sind wir Ihr qualifizierter Partner f\u00fcr Sanierungs- und Trocknungsarbeiten im norddeutschen Raum. Unser Unternehmenssitz befindet sich verkehrsg\u00fcnstig in Brietlingen bei L\u00fcndeburg. Die Kosten stets im Blick: Wir stehen f\u00fcr eine professionell durchgef\u00fchrte Sanierungsarbeit nach dem jeweils aktuellsten Stand der Technik.<\/p>\n<h3>Kosten vs. Leistung: Eine Sanierung rechnet sich!<\/h3>\n<p>D\u00fcrfen wir Sie beraten, wie Sie die Kosten f\u00fcr eine Sanierung senken k\u00f6nnen? Toll, dann z\u00f6gern Sie bitte nicht und nehmen am besten gleich heute Kontakt mit uns auf. Ein kurzer Anruf oder eine kurze eMail gen\u00fcgen. Eine optimale Beratung ist gleicherma\u00dfen wichtig wie die sachgem\u00e4\u00dfe Ausf\u00fchrung der entprechenden Arbeiten. Unsere fachliche Beratung ist nat\u00fcrlich absolut unverbindlich. Beste Qualit\u00e4t bei \u00fcberschaubaren Kosten: Wir empfehlen uns als spezialisiertes Unternehmen in Norddeutschland. Unsere gro\u00dfe Erfahrung spricht f\u00fcr uns.<br \/>\nSenken Sie die Kosten f\u00fcr Ihre Geb\u00e4udesanierung: Vertrauen Sie den Spezialisten der Firma Keul.<\/p>","popseo_links":"<a href=\"https:\/\/bautenschutz-keul.de\/angebote\/feuchter-keller-buchholz-in-der-nordheide\/\">Feuchter Keller Buchholz in der Nordheide<\/a>, <a href=\"https:\/\/bautenschutz-keul.de\/angebote\/mauertrockenlegung-bardowick\/\">Mauertrockenlegung Bardowick<\/a>, <a href=\"https:\/\/bautenschutz-keul.de\/angebote\/rissverpressung-seevetal-rosengarten\/\">Rissverpressung Seevetal Rosengarten<\/a>, <a href=\"https:\/\/bautenschutz-keul.de\/angebote\/kellersanierung-boizenburg\/\">Kellersanierung Boizenburg<\/a>, <a href=\"https:\/\/bautenschutz-keul.de\/angebote\/schimmelsanierung-winsen-luhe\/\">Schimmelsanierung Winsen Luhe<\/a>, <a href=\"https:\/\/bautenschutz-keul.de\/angebote\/kellerabdichtung-adendorf\/\">Kellerabdichtung Adendorf<\/a>, <a href=\"https:\/\/bautenschutz-keul.de\/angebote\/kellerabdichtung-bienenbuettel\/\">Kellerabdichtung Bienenb\u00fcttel<\/a>, <a href=\"https:\/\/bautenschutz-keul.de\/angebote\/kellersanierung-buechen\/\">Kellersanierung B\u00fcchen<\/a>, <a href=\"https:\/\/bautenschutz-keul.de\/angebote\/feuchte-wand-bardowick\/\">Feuchte Wand Bardowick<\/a>, <a href=\"https:\/\/bautenschutz-keul.de\/angebote\/schimmel-herzogtum-lauenburg\/\">Schimmel Herzogtum Lauenburg<\/a>, <a href=\"https:\/\/bautenschutz-keul.de\/angebote\/kellersanierung-seevetal-rosengarten\/\">Kellersanierung Seevetal Rosengarten<\/a>, <a href=\"https:\/\/bautenschutz-keul.de\/angebote\/kellerabdichtung-boizenburg\/\">Kellerabdichtung Boizenburg<\/a>, <a href=\"https:\/\/bautenschutz-keul.de\/angebote\/schimmelsanierung-brietlingen\/\">Schimmelsanierung Brietlingen<\/a>, <a href=\"https:\/\/bautenschutz-keul.de\/angebote\/mauertrockenlegung-bergedorf-wentorf\/\">Mauertrockenlegung Bergedorf Wentorf<\/a>, <a href=\"https:\/\/bautenschutz-keul.de\/angebote\/feuchter-keller-tostedt-sittensen\/\">Feuchter Keller Tostedt Sittensen<\/a>, <a href=\"https:\/\/bautenschutz-keul.de\/angebote\/salpeter-im-keller-uelzen\/\">Salpeter im Keller Uelzen<\/a>, <a href=\"https:\/\/bautenschutz-keul.de\/angebote\/feuchte-wand-ebstorf\/\">Feuchte Wand Ebstorf<\/a>, <a href=\"https:\/\/bautenschutz-keul.de\/angebote\/feuchtigkeitsschaden-lueneburg\/\">Feuchtigkeitsschaden L\u00fcneburg<\/a>, <a href=\"https:\/\/bautenschutz-keul.de\/angebote\/kellertrockenlegung-buechen\/\">Kellertrockenlegung B\u00fcchen<\/a>, <a href=\"https:\/\/bautenschutz-keul.de\/angebote\/aufsteigende-feuchtigkeit-maschen\/\">aufsteigende Feuchtigkeit Maschen<\/a>, <a href=\"https:\/\/bautenschutz-keul.de\/angebote\/aufsteigende-feuchtigkeit-winsen-luhe\/\">aufsteigende Feuchtigkeit Winsen Luhe<\/a>, <a href=\"https:\/\/bautenschutz-keul.de\/angebote\/aussenabdichtung-schwarzenbek\/\">Au\u00dfenabdichtung Schwarzenbek<\/a>, <a href=\"https:\/\/bautenschutz-keul.de\/angebote\/schimmelbeseitigung-lueneburg\/\">Schimmelbeseitigung L\u00fcneburg<\/a>, <a href=\"https:\/\/bautenschutz-keul.de\/angebote\/feuchtigkeit-herzogtum-lauenburg\/\">Feuchtigkeit Herzogtum Lauenburg<\/a>, <a href=\"https:\/\/bautenschutz-keul.de\/angebote\/schimmelsanierung-reinbek-aumuehle\/\">Schimmelsanierung Reinbek Aum\u00fchle<\/a>, <a href=\"https:\/\/bautenschutz-keul.de\/angebote\/feuchtigkeitsschaden-uelzen\/\">Feuchtigkeitsschaden Uelzen<\/a>, <a href=\"https:\/\/bautenschutz-keul.de\/angebote\/feuchte-mauer-bardowick\/\">Feuchte Mauer Bardowick<\/a>, <a href=\"https:\/\/bautenschutz-keul.de\/angebote\/horizontalsperre-adendorf\/\">Horizontalsperre Adendorf<\/a>"},"_links":{"self":[{"href":"https:\/\/bautenschutz-keul.de\/angebote\/wp-json\/wp\/v2\/pages\/353","targetHints":{"allow":["GET"]}}],"collection":[{"href":"https:\/\/bautenschutz-keul.de\/angebote\/wp-json\/wp\/v2\/pages"}],"about":[{"href":"https:\/\/bautenschutz-keul.de\/angebote\/wp-json\/wp\/v2\/types\/page"}],"author":[{"embeddable":true,"href":"https:\/\/bautenschutz-keul.de\/angebote\/wp-json\/wp\/v2\/users\/1"}],"replies":[{"embeddable":true,"href":"https:\/\/bautenschutz-keul.de\/angebote\/wp-json\/wp\/v2\/comments?post=353"}],"version-history":[{"count":0,"href":"https:\/\/bautenschutz-keul.de\/angebote\/wp-json\/wp\/v2\/pages\/353\/revisions"}],"wp:attachment":[{"href":"https:\/\/bautenschutz-keul.de\/angebote\/wp-json\/wp\/v2\/media?parent=353"}],"curies":[{"name":"wp","href":"https:\/\/api.w.org\/{rel}","templated":true}]}}