{"id":356,"date":"2021-09-13T08:43:56","date_gmt":"2021-09-13T06:43:56","guid":{"rendered":"https:\/\/bautenschutz-keul.de\/angebote\/innenabdichtung-uelzen\/"},"modified":"2021-09-13T08:43:56","modified_gmt":"2021-09-13T06:43:56","slug":"innenabdichtung-uelzen","status":"publish","type":"page","link":"https:\/\/bautenschutz-keul.de\/angebote\/innenabdichtung-uelzen\/","title":{"rendered":"Innenabdichtung &#8211; Uelzen"},"content":{"rendered":"<h3>Innenabdichtung \u2013 wir \u00fcbernehmen das!<\/h3>\n<p>Ein nasser Keller kann die Bausubstanz eines Geb\u00e4udes folgenschwer sch\u00e4digen.<br \/>\nInsbesondere von au\u00dfen eindringende Feuchtigkeit ist ein Problem, dessen sich<br \/>\nHauseigent\u00fcmer auf jeden Fall annehmen sollten. Sollte eine Abdichtung von au\u00dfen aus baulichen Gr\u00fcnden nicht m\u00f6glich sein, kann auch eine Innenabdichtung vorgenommen werden. Dies ist beispielsweise dann der Fall, wenn Anbauten den Zugang zur Au\u00dfenmauer versperren. Die Innenabdichtung ist dar\u00fcber hinaus eine verh\u00e4ltnism\u00e4\u00dfig kosteng\u00fcnstige Methode, da die Au\u00dfenw\u00e4nde nicht erst freigestemmt werden m\u00fcssen. Vorbereitende Erdarbeiten entfallen vollst\u00e4ndig. Die Abdichtung hat den Zweck, die Mauern auf Dauer wasserundurchl\u00e4ssig zu machen. Mit der Innenabdichtung schaffen Sie die Voraussetzung, Ihr Haus vor substanzbedrohenden N\u00e4ssesch\u00e4den zu sch\u00fctzen. Allerdings muss bedacht werden, dass Feuchtigkeit immer noch von au\u00dfen auf das Mauerwerk dr\u00fcckt. Die N\u00e4sse kann aber nicht mehr ins Geb\u00e4udeinnere dringen. <\/p>\n<p>Eine gro\u00dfe Anzahl von hochwertigen Baustoffen steht f\u00fcr die Innenabdichtung zum Gebrauch bereit. Je nach Anwendungsfall lassen sich f\u00fcr die Abdichtung zum Beispiel mineralische Dichtungsschl\u00e4mme verarbeiten. Das Setzen einer horizontalen oder vertikalen Feuchtigkeitssperre z\u00e4hlt zu den Grundarbeiten. Auf die abgedichtete Wand wird abschlie\u00dfend ein zus\u00e4tzlich sch\u00fctzender Sanierputz gestrichen. <\/p>\n<h3>Innenabdichtung: Wir sanieren kompetent und schnell!<\/h3>\n<p>Um die geeigneten Methoden und Baustoffe auszuw\u00e4hlen sowie den Sanierungsumfang zu definieren, ist eine Sichtung direkt am jeweiligen Wohn- oder Gesch\u00e4ftsgeb\u00e4ude unbedingt notwendig. Nur nach einer fachlichen Analyse kann man die notwendigen Ma\u00dfnahmen f\u00fcr eine Innenabdichtung ermitteln. Die Bewertung ist Aufgabe f\u00fcr einen Fachmann. Nur der erfahrene Fachhandwerker Sanierungswege ratsam sind.<\/p>\n","protected":false},"excerpt":{"rendered":"<p>Innenabdichtung \u2013 wir \u00fcbernehmen das! Ein nasser Keller kann die Bausubstanz eines Geb\u00e4udes folgenschwer sch\u00e4digen. Insbesondere von au\u00dfen eindringende Feuchtigkeit ist ein Problem, dessen sich Hauseigent\u00fcmer auf jeden Fall annehmen sollten. Sollte eine Abdichtung von au\u00dfen aus baulichen Gr\u00fcnden nicht m\u00f6glich sein, kann auch eine Innenabdichtung vorgenommen werden. Dies ist beispielsweise dann der Fall, wenn [&hellip;]<\/p>\n","protected":false},"author":1,"featured_media":0,"parent":0,"menu_order":0,"comment_status":"closed","ping_status":"closed","template":"","meta":{"footnotes":""},"class_list":["post-356","page","type-page","status-publish","hentry"],"meta_box":{"popseo_subtitel":"Wir sind Ihr Fachunternehmen f\u00fcr eine Innenabdichtung in Uelzen","popseo_subtitel2":"Innenabdichtung - wir helfen Ihnen gerne!","popseo_lasttitel":"Innenabdichtung: D\u00fcrfen wir Ihre Fragen beantworten?","popseo_region":"Uelzen","popseo_sachwort":"Innenabdichtung","popseo_noupdate":"","popseo_einleitungstext":"<p>Sie haben sich mit dem Thema Bauwerksabdichtung besch\u00e4ftigt, weil Ihre Immobilie feuchte Geb\u00e4udebereiche aufweist und Sie nach M\u00f6glichkeiten einer wirkungsvollen und professionellen Sanierung Ausschau halten. Super, dass sie uns gefunden haben. Nachfolgend d\u00fcrfen wir Ihnen einige Informationen zu unserem Leistungsangebot geben. Sie lernen auf dieser Internetseite unsere Firma etwas n\u00e4her kennen. <\/p>\n<p>Unser Unternehmen ist ein versierter und etablierter Fachbetrieb mit Firmensitz in Brietlingen bei L\u00fcneburg. Bereits seit vielen Jahren sind wir Ihr Fachpartner f\u00fcr alle Fragen rund um Geb\u00e4udeabdichtung. Wir setzen ausschlie\u00dflich praxisbew\u00e4hrte und effektive Sanierungssysteme und -methoden ein. Als Sanierungsfachbetrieb blicken wir auf eine lange und intensive Berufserfahrung zur\u00fcck. Unsere engagierten Fachleute informieren Sie mit Vergn\u00fcgen im Detail.<\/p>","popseo_schlusstext":"<p>Auf Wunsch informieren wir Sie n\u00e4her \u00fcber unser Themengebiet. Wir pr\u00e4sentieren Ihnen mit Vergn\u00fcgen auch ein paar Referenzen, die Ihnen einen Einblick in unsere Unternehmenst\u00e4tigkeit geben.<br \/>\nVertrauen Sie auf das Urteil eines erfahrenen Sannierungsfachbetriebes. Rufen Sie uns doch rasch einmal an oder senden Sie uns eine kurze E-Mail. Wir freuen uns auf den Kontakt zu Ihnen.<\/p>","popseo_stadttext":"<h3>Unsere Dienstleistungen auch f\u00fcr Kunden aus Uelzen<\/h3>\n<p>Durch unsere Vertriebst\u00e4tigkeit haben wir uns einen ausgezeichneten \u00dcberblick \u00fcber die Architektur der St\u00e4dte und Gemeinden unseres Einzugsbereiches machen k\u00f6nnen. Nat\u00fcrlich geh\u00f6rt auch die Stadt Uelzen zu unserem unmittelbaren Wirkungskreis. Wir freuen uns darauf, mit Ihnen in Kontakt zu kommen. <\/p>\n<h3>Interessante Fakten zu Uelzen<\/h3>\n<p>Uelzen ist die Kreisstadt des nieders\u00e4chsischen Kreises Uelzen. In Summe wohnen 33.000 Einwohner in der zur Metropolregion Hamburg z\u00e4hlenden Stadt. Das Stadtgebiet umfasst eine Fl\u00e4che von \u00fcber 135 qkm. St\u00e4dte in der n\u00e4heren Umgebung sind unter anderem Bad Berversen, Rosche und Ebstorf. Geographisch befindet sich Uelzen am am s\u00fcdlichen Zipfel der L\u00fcneburger Heide. Die Stadt ist zwischen ausladenden Naturschutzgebieten herrlich gelegen. Neben der L\u00fcneburger Heide ist auch das Naturreservat Elbufer-Drawehn und das Schutzgebiet Nieders\u00e4chsische Elbtalaue von Uelzen aus geschwind zu erreichen. Uelzen selbst liegt an der Ilmenau. Uelzen verf\u00fcgt \u00fcber viele nett gelegene Wohnviertel. Die Stadt ist ein sch\u00f6ner Platz zum Wohnen und Arbeiten. Wer das eher \u00fcberschaubare Leben in einer kleineren Stadt lieber mag, gleichwohl aber nicht auf die Vorteile der Metropole verzichten will, ist in Uelzen exakt richtig. <\/p>\n<h3>Wir kennen uns aus in Uelzen<\/h3>\n<p>Die Stadt Uelzen teilt sich auf in insgesamt 18 Gemeindeteile. Die Stadtarchitektur von Uelzen wird beherrscht von vielen Fachwerkgeb\u00e4uden, die dem Ort einen fraglos als m\u00e4rchenhaft zu bezeichnenden Charme verleihen. Auch historische Bauwerke im Baustil der Backsteingotik pr\u00e4gen die \u00e4u\u00dfere Erscheinung von Uelzen. Das Wahrzeichen der Stadt ist das sogenannte \"Goldene Schiff\". Die Skulptur findet sich an der St. Marien-Kirche zu Uelzen. Aller Wahrscheinlichkeit nach stammt die Skulptur aus der \u00c4ra der Hanse. F\u00fcr Kunstliebhaber ist Uelzen so etwas \u00e4hnliches wie eine Pilgerst\u00e4tte. Der K\u00fcnstler Friedensreich Hundertwasser kreierte direkt vor seinem Tod im Jahre 2000 den st\u00e4dtischen Bahnhof. Das extravagante Bauwerk tr\u00e4gt den Namen Hundertwasserbahnhof Uelzen.<\/p>\n<p>Die \u00d6konomie von Uelzen ist mittelst\u00e4ndisch orientiert. Schwerpunkte sind der Lebensmittelsektor und Unternehmen aus dem Dienstleistungsgewerbe. Die Wirtschaftsf\u00f6rderung der Stadt Uelzen muss als herausragend benannt werden. Um den Zuzug zus\u00e4tzlicher Betriebe werben sich die Stadtverantwortlichen erkennbar. Die wichtigsten Arbeitgeber in Uelzen sind die Nordzucker AG sowie die Uelzena AG. Der Konzern Nestl\u00e9 Schoeller f\u00fchrt in Uelzen ein Werk mit gut 500 Besch\u00e4ftigten. <\/p>\n<h4>Wir f\u00fcr Sie in Uelzen!<\/h4>\n<p>Sie leben in Uelzen und interessieren sich f\u00fcr unser Leistungsangebot. Klasse, das Sie unsere Internetseite entdeckt haben. F\u00fcr R\u00fcckfragen sind wir jederzeit f\u00fcr Sie da. Auf den Kontakt zu Ihnen freuen wir uns.<\/p>","popseo_zusatztext":"<h3>Hohe Kosten bei der Bauwerksabdichtung m\u00fcssen nicht sein<\/h3>\n<p>Sie interessieren sich f\u00fcr eine Kellertrockenlegung oder eine Sanierungsarbeit an Mauern bzw. W\u00e4nden und m\u00f6chten gerne ein entsprechendes Angebot, das eine qualitativ gute Arbeit garantiert, gleichwohl die Kosten im Blick hat. Prima, in diesem Fall sind Sie bei uns genau richtig. Als Handwerksbetrieb f\u00fcr Kellersanierung, Schimmelbeseitigung und Geb\u00e4udeabdichtung verarbeiten wir ausschlie\u00dflich exzellente Materialien. Nichtsdestotrotz achten wir nat\u00fcrlich auf die Kosten, die selbstverst\u00e4ndlich \u00fcberschaubar bleiben sollen. Wir m\u00f6chten Ihnen beste Qualit\u00e4t anbieten, die gleichzeitig auch die Kosten im Blick beh\u00e4lt. Bei uns stimmen Kosten und Leistung: Schon seit etlichen Jahren sind wir Ihr qualifizierter Partner f\u00fcr Sanierungs- und Trocknungsarbeiten in Norddeutschland. Unser Unternehmenssitz befindet sich verkehrsg\u00fcnstig in Brietlingen bei L\u00fcndeburg. Die Kosten stets im Blick: Wir bieten Ihnen eine sachkundig durchgef\u00fchrte Sanierungsarbeit nach dem jeweils aktuellsten Stand der Technik.<\/p>\n<h3>Kosten vs. Leistung: Eine Sanierung rechnet sich!<\/h3>\n<p>D\u00fcrfen wir Sie informieren, wie Sie die Kosten f\u00fcr eine Sanierung reduzieren? Super, dann warten Sie bitte nicht und nehmen am besten noch heute Kontakt mit uns auf. Ein kurzer Telefonanruf oder auch eine schnelle E-Mail gen\u00fcgen. Die optimale Beratung ist genauso wichtig wie die korrekte Ausf\u00fchrung der entprechenden Arbeiten. Unsere fachliche Beratung ist selbstverst\u00e4ndlich v\u00f6llig unverbindlich. Hochwertige Arbeit bei moderaten Kosten: Wir empfehlen uns als spezialisiertes Unternehmen in Norddeutschland. Unsere jahrelange Erfahrung zeichnet uns aus.<br \/>\nSenken Sie die Kosten f\u00fcr Ihre Geb\u00e4udesanierung: Setzen Sie auf die Profis der Fachfirma Keul.<\/p>","popseo_links":"<a href=\"https:\/\/bautenschutz-keul.de\/angebote\/feuchte-wand-boizenburg\/\">Feuchte Wand Boizenburg<\/a>, <a href=\"https:\/\/bautenschutz-keul.de\/angebote\/feuchter-keller-herzogtum-lauenburg\/\">Feuchter Keller Herzogtum Lauenburg<\/a>, <a href=\"https:\/\/bautenschutz-keul.de\/angebote\/kellertrockenlegung-tostedt-sittensen\/\">Kellertrockenlegung Tostedt Sittensen<\/a>, <a href=\"https:\/\/bautenschutz-keul.de\/angebote\/zerstoerter-putz-reinbek-aumuehle\/\">zerst\u00f6rter Putz Reinbek Aum\u00fchle<\/a>, <a href=\"https:\/\/bautenschutz-keul.de\/angebote\/schimmelbeseitigung-bardowick\/\">Schimmelbeseitigung Bardowick<\/a>, <a href=\"https:\/\/bautenschutz-keul.de\/angebote\/bauwerksabdichtung-buechen\/\">Bauwerksabdichtung B\u00fcchen<\/a>, <a href=\"https:\/\/bautenschutz-keul.de\/angebote\/aussenabdichtung-seevetal-rosengarten\/\">Au\u00dfenabdichtung Seevetal Rosengarten<\/a>, <a href=\"https:\/\/bautenschutz-keul.de\/angebote\/schimmelbeseitigung-uelzen\/\">Schimmelbeseitigung Uelzen<\/a>, <a href=\"https:\/\/bautenschutz-keul.de\/angebote\/feuchtigkeitsschaden-glinde-sachsenwald\/\">Feuchtigkeitsschaden Glinde Sachsenwald<\/a>, <a href=\"https:\/\/bautenschutz-keul.de\/angebote\/feuchtigkeit-tostedt-sittensen\/\">Feuchtigkeit Tostedt Sittensen<\/a>, <a href=\"https:\/\/bautenschutz-keul.de\/angebote\/feuchter-keller-adendorf\/\">Feuchter Keller Adendorf<\/a>, <a href=\"https:\/\/bautenschutz-keul.de\/angebote\/mauertrockenlegung-boizenburg\/\">Mauertrockenlegung Boizenburg<\/a>, <a href=\"https:\/\/bautenschutz-keul.de\/angebote\/bauwerksabdichtung-boizenburg\/\">Bauwerksabdichtung Boizenburg<\/a>, <a href=\"https:\/\/bautenschutz-keul.de\/angebote\/feuchte-mauer-glinde-sachsenwald\/\">Feuchte Mauer Glinde Sachsenwald<\/a>, <a href=\"https:\/\/bautenschutz-keul.de\/angebote\/kellertrockenlegung-boizenburg\/\">Kellertrockenlegung Boizenburg<\/a>, <a href=\"https:\/\/bautenschutz-keul.de\/angebote\/kellertrockenlegung-buchholz-in-der-nordheide\/\">Kellertrockenlegung Buchholz in der Nordheide<\/a>, <a href=\"https:\/\/bautenschutz-keul.de\/angebote\/feuchter-keller-bad-bevensen\/\">Feuchter Keller Bad Bevensen<\/a>, <a href=\"https:\/\/bautenschutz-keul.de\/angebote\/feuchte-wand-harburg\/\">Feuchte Wand Harburg<\/a>, <a href=\"https:\/\/bautenschutz-keul.de\/angebote\/mauertrockenlegung-winsen-luhe\/\">Mauertrockenlegung Winsen Luhe<\/a>, <a href=\"https:\/\/bautenschutz-keul.de\/angebote\/zerstoerter-putz-lueneburg\/\">zerst\u00f6rter Putz L\u00fcneburg<\/a>, <a href=\"https:\/\/bautenschutz-keul.de\/angebote\/feuchte-wand-bienenbuettel\/\">Feuchte Wand Bienenb\u00fcttel<\/a>, <a href=\"https:\/\/bautenschutz-keul.de\/angebote\/aufsteigende-feuchtigkeit-ebstorf\/\">aufsteigende Feuchtigkeit Ebstorf<\/a>, <a href=\"https:\/\/bautenschutz-keul.de\/angebote\/aussenabdichtung-hanstedt\/\">Au\u00dfenabdichtung Hanstedt<\/a>, <a href=\"https:\/\/bautenschutz-keul.de\/angebote\/mauertrockenlegung-harburg\/\">Mauertrockenlegung Harburg<\/a>, <a href=\"https:\/\/bautenschutz-keul.de\/angebote\/zerstoerter-putz-bienenbuettel\/\">zerst\u00f6rter Putz Bienenb\u00fcttel<\/a>, <a href=\"https:\/\/bautenschutz-keul.de\/angebote\/kellertrockenlegung-ebstorf\/\">Kellertrockenlegung Ebstorf<\/a>, <a href=\"https:\/\/bautenschutz-keul.de\/angebote\/kellertrockenlegung-amelinghausen\/\">Kellertrockenlegung Amelinghausen<\/a>, <a href=\"https:\/\/bautenschutz-keul.de\/angebote\/rissverpressung-reppenstedt\/\">Rissverpressung Reppenstedt<\/a>"},"_links":{"self":[{"href":"https:\/\/bautenschutz-keul.de\/angebote\/wp-json\/wp\/v2\/pages\/356","targetHints":{"allow":["GET"]}}],"collection":[{"href":"https:\/\/bautenschutz-keul.de\/angebote\/wp-json\/wp\/v2\/pages"}],"about":[{"href":"https:\/\/bautenschutz-keul.de\/angebote\/wp-json\/wp\/v2\/types\/page"}],"author":[{"embeddable":true,"href":"https:\/\/bautenschutz-keul.de\/angebote\/wp-json\/wp\/v2\/users\/1"}],"replies":[{"embeddable":true,"href":"https:\/\/bautenschutz-keul.de\/angebote\/wp-json\/wp\/v2\/comments?post=356"}],"version-history":[{"count":0,"href":"https:\/\/bautenschutz-keul.de\/angebote\/wp-json\/wp\/v2\/pages\/356\/revisions"}],"wp:attachment":[{"href":"https:\/\/bautenschutz-keul.de\/angebote\/wp-json\/wp\/v2\/media?parent=356"}],"curies":[{"name":"wp","href":"https:\/\/api.w.org\/{rel}","templated":true}]}}