{"id":360,"date":"2021-09-13T08:43:56","date_gmt":"2021-09-13T06:43:56","guid":{"rendered":"https:\/\/bautenschutz-keul.de\/angebote\/kellerabdichtung-amt-neuhaus\/"},"modified":"2021-09-13T08:43:56","modified_gmt":"2021-09-13T06:43:56","slug":"kellerabdichtung-amt-neuhaus","status":"publish","type":"page","link":"https:\/\/bautenschutz-keul.de\/angebote\/kellerabdichtung-amt-neuhaus\/","title":{"rendered":"Kellerabdichtung &#8211; Amt Neuhaus"},"content":{"rendered":"<h3>Kellerabdichtung: Kompetente Arbeit durch den Fachbetrieb!<\/h3>\n<p>Ein feuchter Keller kann die bauliche Substanz eines Geb\u00e4udes folgenschwer beeintr\u00e4chtigen.<br \/>\nInsbesondere von drau\u00dfen einsickernde Feuchtigkeit ist ein Thema, welchem sich<br \/>\nHausbesitzer auf jeden Fall annehmen sollten. Eine professionell ausgef\u00fchrte Kellerabdichtung hilft gr\u00f6\u00dfere Aufwendungen zu vermeiden. <\/p>\n<p>Die Gr\u00fcnde, die eine umfassende Kellerabdichtung notwendig machen, sind meist<br \/>\nvielf\u00e4ltiger Natur. Als gel\u00e4ufigste Ursache sind ein hoher Grundwasserspiegel sowie auch Durchfeuchtungen beg\u00fcnstigende Hanglagen von Geb\u00e4uden zu benennen. Als Pr\u00e4ventiv- und Ma\u00dfnahme m\u00fcsste man dementsprechend eine gr\u00f6\u00dfere Kellerabdichtung erw\u00e4gen. Um den Sanierungsbedarf zu festzustellen, ist eine Sichtung direkt am jeweiligen Bauk\u00f6rper unbedingt notwendig. Nur wenn man die Gr\u00fcnde<br \/>\nund den Umfang der Duchn\u00e4ssungen kennt, kann man die notwendigen Ma\u00dfnahmen f\u00fcr eine geeignete Kellerabdichtung festlegen.<\/p>\n<h3>Fragen Sie unseren Fachbetrieb in Sachen Kellerabdichtung!<\/h3>\n<p>Welche Mittel auch immer geboten sind: Die Kellerabdichtung verfolgt immer den Zweck, die Mauern von Innen und Au\u00dfen langfristig wasserdicht zu machen. Mit einer passenden Kellerabdichtung schaffen Sie die Basis, Ihr Haus best\u00e4ndig vor substanzbedrohenden N\u00e4ssesch\u00e4den zu sch\u00fctzen. Bedarfsgerecht k\u00f6nnen diverse Arten und Vorgehensweisen der Kellerabdichtung notwendig sein. Eine Vielzahl von qualitativ wertigen Baustoffen steht daf\u00fcr zum Gebrauch bereit. Gerne informieren wir Sie \u00fcber die Ma\u00dfnahmen, die wir f\u00fcr die erfolgreiche Kellerabdichtung anraten.<\/p>\n","protected":false},"excerpt":{"rendered":"<p>Kellerabdichtung: Kompetente Arbeit durch den Fachbetrieb! Ein feuchter Keller kann die bauliche Substanz eines Geb\u00e4udes folgenschwer beeintr\u00e4chtigen. Insbesondere von drau\u00dfen einsickernde Feuchtigkeit ist ein Thema, welchem sich Hausbesitzer auf jeden Fall annehmen sollten. Eine professionell ausgef\u00fchrte Kellerabdichtung hilft gr\u00f6\u00dfere Aufwendungen zu vermeiden. Die Gr\u00fcnde, die eine umfassende Kellerabdichtung notwendig machen, sind meist vielf\u00e4ltiger Natur. Als [&hellip;]<\/p>\n","protected":false},"author":1,"featured_media":0,"parent":0,"menu_order":0,"comment_status":"closed","ping_status":"closed","template":"","meta":{"footnotes":""},"class_list":["post-360","page","type-page","status-publish","hentry"],"meta_box":{"popseo_subtitel":"Wir sind Ihr Fachbetrieb f\u00fcr eine Kellerabdichtung im Raum Amt Neuhaus","popseo_subtitel2":"Kellerabdichtung - eine Aufgabe, die wir gerne \u00fcbernehmen","popseo_lasttitel":"Kellerabdichtung: Treten Sie in Kontakt mit uns!","popseo_region":"Amt Neuhaus","popseo_sachwort":"Kellerabdichtung","popseo_noupdate":"","popseo_einleitungstext":"<p>Sie haben sich mit dem Thema Bauwerksabdichtung besch\u00e4ftigt, weil Ihre Immobilie feuchte Geb\u00e4udeteile aufweist und Sie nach Methoden einer professionellen und vor allem wirksamen Sanierung Ausschau halten. Gut, dass Sie unseren Internetauftritt entdeckt haben. Auf den folgenden Seiten d\u00fcrfen wir Ihnen einige Informationen zu unserem Leistungsangebot geben. Sie lernen auf dieser Internetseite unsere Firma etwas n\u00e4her kennen. <\/p>\n<p>Unser Unternehmen ist ein spezialisierter und erfahrener Handwerksbetrieb mit Sitz in Brietlingen bei L\u00fcneburg. Seit vielen Jahren schon sind wir Ihr Spezialist f\u00fcr alle auftretenden Fragen rund um die Bauwerksabdichtung. Wir setzen ausschlie\u00dflich effektive und praxisbew\u00e4hrte Sanierungssysteme und -methoden ein. Als Sanierungsfachbetrieb schauen wir auf eine lange und intensive Berufserfahrung zur\u00fcck. Unsere gut geschulten Fachkr\u00e4fte informieren Sie gerne im Detail.<\/p>","popseo_schlusstext":"<p>Gerne informieren wir Sie n\u00e4her \u00fcber unser T\u00e4tigkeitsspektrum. Wir zeigen Ihnen mit Vergn\u00fcgen auch ein paar Referenzprojekte, die Ihnen einen Einblick in unsere Unternehmenst\u00e4tigkeit geben.<br \/>\nWir sind f\u00fcr Sie da. Rufen Sie uns doch rasch einmal an oder schicken Sie uns eine kurze E-Mail. Wir freuen uns auf Ihre Kontaktaufnahme.<\/p>","popseo_stadttext":"<h3>Wir freuen uns \u00fcber zufriedene Kunden aus dem Amt Neuhaus<\/h3>\n<p>Durch unsere Vertriebst\u00e4tigkeit haben wir uns einen sehr guten \u00dcberblick \u00fcber die Stadtarchitektur der Gemeinden und St\u00e4dte unseres Einzugsbereiches erarbeiten k\u00f6nnen. Selbstverst\u00e4ndlich geh\u00f6rt auch das Amt Neuhaus zu unserem unmittelbaren Vertriebsgebiet. Sie kommen aus Dellien, Haar, Kaar\u00dfen, Neuhaus, Stapel, Sumte oder Tripkau und sind hier im Internet auf unsere Homepage gesto\u00dfen? Das finden wir klasse. Sehr gerne pr\u00e4sentieren wir Ihnen unser gesamtes Leistungsspektrum und beantworten Ihre Fragen. Wir freuen uns darauf, mit Ihnen in Kontakt zu kommen. <\/p>\n<h2>Einige Informationen \u00fcber das Amt Neuhaus:<\/h2>\n<p>Das Amt Neuhaus geh\u00f6rt juristisch zum Landkreis L\u00fcneburg. Insgesamt leben gerundet 5.000 Menschen in der Region. Ann\u00e4hernd 237 Quadratkilometer umfasst das gesamte Gebiet. Das Amt Neuhaus ist verkehrstechnisch hervorragend angeschlossen und \u00fcberzeugt durch eine gute Infrastruktur. Aufgrund der hervorragenden Lage ist das Amt Neuhaus besonders bei Pendlern gesch\u00e4tzt. Sowohl Hannover, L\u00fcneburg als auch Hamburg sind schnell erreicht. Das gesamte Areal des Amtes zeichnet sich durch eine au\u00dfergew\u00f6hnliche Wohn- und Lebensqualit\u00e4t aus. Die insbesondere als Wohnstatt beliebte Ortschaften sind vor allem auch f\u00fcr junge Familien mit Kindern die erste Wahl. Das Amt Neuhaus verbindet durch seine Lage auf eine charmante Art und Weise urbanes Leben mit dem eher \u00fcbersichtlichen Profil eines Randbezirkes. F\u00fcr die Gr\u00f6\u00dfe des Amtes \u00fcberraschend viele Sport- und Freizeitm\u00f6glichkeiten und eine landschaftlich wunderbare Umgebung kennzeichnen die Region. Die Baustruktur im Amt Neuhaus wird gepr\u00e4gt von einer angenehmen Einzelhausbebauung. <\/p>\n<h4>Unsere Leistung f\u00fcr qualit\u00e4tsbewusste Kunden aus dem Amt Neuhaus<\/h4>\n<p>Sie kommen aus Dellien, Haar, Neuhaus, Kaar\u00dfen, Sumte, Stapel oder Tripkau, interessieren sich f\u00fcr unser Angebot und sind hier im World Wide Web auf unsere Homepage gesto\u00dfen? Dar\u00fcber freuen wir uns sehr. Sehr gerne pr\u00e4sentieren wir Ihnen unser gesamtes Angebotsspektrum und beantworten Ihre Fragen. Unser engagiertes Team freut sich auf Sie.<\/p>","popseo_zusatztext":"<h3>Hohe Kosten bei der Bauwerksabdichtung m\u00fcssen nicht sein<\/h3>\n<p>Sie sind interessiert an Trocknungs- oder Sanierungsarbeiten und w\u00fcnschen sich ein entsprechendes Angebot, das eine qualitativ gute Arbeit garantiert, gleichzeitig aber keine hohen Kosten verursacht. Super, dann sind Sie bei uns genau richtig. Als Fachbetrieb f\u00fcr Bauwerksabdichtung, Schimmelbeseitigung und Kellersanierung verwenden wir ausschlie\u00dflich hochwertige Materialien. Trotzdem schauen wir nat\u00fcrlich auf die Kosten, die selbstverst\u00e4ndlich \u00fcberschaubar bleiben sollen. Wir m\u00f6chten Ihnen Qualit\u00e4t anbieten, die trotzdem auch die Kosten im Blick hat. Bei uns stimmen Kosten und Qualit\u00e4t: Schon seit etlichen Jahren sind wir Ihr erfahrener Partner f\u00fcr Trocknungs- und Sanierungsarbeiten in Norddeutschland. Unser Gesch\u00e4ftssitz liegt verkehrsg\u00fcnstig in Brietlingen bei L\u00fcndeburg. Die Kosten stets vor Augen: Wir sorgen f\u00fcr eine professionell durchgef\u00fchrte Sanierungsarbeit nach dem stets aktuellsten Stand der Technik.<\/p>\n<h3>Die Kosten stets vor Augen<\/h3>\n<p>D\u00fcrfen wir Sie informieren, wie Sie die Kosten f\u00fcr eine Sanierung reduzieren? Super, dann warten Sie bitte nicht und nehmen am besten gleich heute Kontakt mit uns auf. Ein kurzer Anruf oder auch eine schnelle E-Mail gen\u00fcgen. Die gute Beratung ist ebenso wichtig wie die perfekte Ausf\u00fchrung der entprechenden Arbeiten. Unsere Beratung ist nat\u00fcrlich absolut unverbindlich. Qualit\u00e4tsbewusst bei moderaten Kosten: Wir empfehlen uns als spezialisiertes Fachunternehmen im Norden. Unsere jahrelange Erfahrung spricht f\u00fcr uns.<br \/>\nSenken Sie die Kosten f\u00fcr Ihr Sanierungsprojekt: Setzen Sie auf die Profis der Fachfirma Keul.<\/p>","popseo_links":"<a href=\"https:\/\/bautenschutz-keul.de\/angebote\/aussenabdichtung-reinbek-aumuehle\/\">Au\u00dfenabdichtung Reinbek Aum\u00fchle<\/a>, <a href=\"https:\/\/bautenschutz-keul.de\/angebote\/schimmelsanierung-buchholz-in-der-nordheide\/\">Schimmelsanierung Buchholz in der Nordheide<\/a>, <a href=\"https:\/\/bautenschutz-keul.de\/angebote\/innenabdichtung-bardowick\/\">Innenabdichtung Bardowick<\/a>, <a href=\"https:\/\/bautenschutz-keul.de\/angebote\/zerstoerter-putz-boizenburg\/\">zerst\u00f6rter Putz Boizenburg<\/a>, <a href=\"https:\/\/bautenschutz-keul.de\/angebote\/mauertrockenlegung-amt-neuhaus\/\">Mauertrockenlegung Amt Neuhaus<\/a>, <a href=\"https:\/\/bautenschutz-keul.de\/angebote\/kellersanierung-salzhausen\/\">Kellersanierung Salzhausen<\/a>, <a href=\"https:\/\/bautenschutz-keul.de\/angebote\/aussenabdichtung-bergedorf-wentorf\/\">Au\u00dfenabdichtung Bergedorf Wentorf<\/a>, <a href=\"https:\/\/bautenschutz-keul.de\/angebote\/bauwerksabdichtung-amelinghausen\/\">Bauwerksabdichtung Amelinghausen<\/a>, <a href=\"https:\/\/bautenschutz-keul.de\/angebote\/horizontalsperre-amt-neuhaus\/\">Horizontalsperre Amt Neuhaus<\/a>, <a href=\"https:\/\/bautenschutz-keul.de\/angebote\/salpeter-im-keller-herzogtum-lauenburg\/\">Salpeter im Keller Herzogtum Lauenburg<\/a>, <a href=\"https:\/\/bautenschutz-keul.de\/angebote\/feuchter-keller-hanstedt\/\">Feuchter Keller Hanstedt<\/a>, <a href=\"https:\/\/bautenschutz-keul.de\/angebote\/feuchte-wand-seevetal-rosengarten\/\">Feuchte Wand Seevetal Rosengarten<\/a>, <a href=\"https:\/\/bautenschutz-keul.de\/angebote\/feuchte-wand-bad-bevensen\/\">Feuchte Wand Bad Bevensen<\/a>, <a href=\"https:\/\/bautenschutz-keul.de\/angebote\/horizontalsperre-brietlingen\/\">Horizontalsperre Brietlingen<\/a>, <a href=\"https:\/\/bautenschutz-keul.de\/angebote\/feuchtigkeitsschaden-boizenburg\/\">Feuchtigkeitsschaden Boizenburg<\/a>, <a href=\"https:\/\/bautenschutz-keul.de\/angebote\/feuchte-wand-amelinghausen\/\">Feuchte Wand Amelinghausen<\/a>, <a href=\"https:\/\/bautenschutz-keul.de\/angebote\/salpeter-im-keller-stelle\/\">Salpeter im Keller Stelle<\/a>, <a href=\"https:\/\/bautenschutz-keul.de\/angebote\/mauertrockenlegung-bienenbuettel\/\">Mauertrockenlegung Bienenb\u00fcttel<\/a>, <a href=\"https:\/\/bautenschutz-keul.de\/angebote\/schimmelsanierung-ebstorf\/\">Schimmelsanierung Ebstorf<\/a>, <a href=\"https:\/\/bautenschutz-keul.de\/angebote\/bauwerksabdichtung-schwarzenbek\/\">Bauwerksabdichtung Schwarzenbek<\/a>, <a href=\"https:\/\/bautenschutz-keul.de\/angebote\/feuchter-keller-herzogtum-lauenburg\/\">Feuchter Keller Herzogtum Lauenburg<\/a>, <a href=\"https:\/\/bautenschutz-keul.de\/angebote\/feuchte-wand-reinbek-aumuehle\/\">Feuchte Wand Reinbek Aum\u00fchle<\/a>, <a href=\"https:\/\/bautenschutz-keul.de\/angebote\/kellersanierung-buechen\/\">Kellersanierung B\u00fcchen<\/a>, <a href=\"https:\/\/bautenschutz-keul.de\/angebote\/feuchtigkeitsschaden-bardowick\/\">Feuchtigkeitsschaden Bardowick<\/a>, <a href=\"https:\/\/bautenschutz-keul.de\/angebote\/aufsteigende-feuchtigkeit-ebstorf\/\">aufsteigende Feuchtigkeit Ebstorf<\/a>, <a href=\"https:\/\/bautenschutz-keul.de\/angebote\/feuchte-wand-brietlingen\/\">Feuchte Wand Brietlingen<\/a>, <a href=\"https:\/\/bautenschutz-keul.de\/angebote\/innenabdichtung-hanstedt\/\">Innenabdichtung Hanstedt<\/a>, <a href=\"https:\/\/bautenschutz-keul.de\/angebote\/schimmelsanierung-uelzen\/\">Schimmelsanierung Uelzen<\/a>"},"_links":{"self":[{"href":"https:\/\/bautenschutz-keul.de\/angebote\/wp-json\/wp\/v2\/pages\/360","targetHints":{"allow":["GET"]}}],"collection":[{"href":"https:\/\/bautenschutz-keul.de\/angebote\/wp-json\/wp\/v2\/pages"}],"about":[{"href":"https:\/\/bautenschutz-keul.de\/angebote\/wp-json\/wp\/v2\/types\/page"}],"author":[{"embeddable":true,"href":"https:\/\/bautenschutz-keul.de\/angebote\/wp-json\/wp\/v2\/users\/1"}],"replies":[{"embeddable":true,"href":"https:\/\/bautenschutz-keul.de\/angebote\/wp-json\/wp\/v2\/comments?post=360"}],"version-history":[{"count":0,"href":"https:\/\/bautenschutz-keul.de\/angebote\/wp-json\/wp\/v2\/pages\/360\/revisions"}],"wp:attachment":[{"href":"https:\/\/bautenschutz-keul.de\/angebote\/wp-json\/wp\/v2\/media?parent=360"}],"curies":[{"name":"wp","href":"https:\/\/api.w.org\/{rel}","templated":true}]}}