{"id":366,"date":"2021-09-13T08:43:56","date_gmt":"2021-09-13T06:43:56","guid":{"rendered":"https:\/\/bautenschutz-keul.de\/angebote\/kellerabdichtung-boizenburg\/"},"modified":"2021-09-13T08:43:56","modified_gmt":"2021-09-13T06:43:56","slug":"kellerabdichtung-boizenburg","status":"publish","type":"page","link":"https:\/\/bautenschutz-keul.de\/angebote\/kellerabdichtung-boizenburg\/","title":{"rendered":"Kellerabdichtung &#8211; Boizenburg"},"content":{"rendered":"<h3>Kellerabdichtung \u2013 wir \u00fcbernehmen das!<\/h3>\n<p>Ein nasser Keller kann die Bausubstanz eines Bauwerkes ernstlich sch\u00e4digen.<br \/>\nInsbesondere von au\u00dfen eintretende N\u00e4sse ist ein Thema, dessen sich<br \/>\nHausbesitzer dringend annehmen sollten. Eine fachm\u00e4nnisch durchgef\u00fchrte Kellerabdichtung hilft gr\u00f6\u00dfere Aufwendungen zu auszuschlie\u00dfen. <\/p>\n<p>Die Ursachen, die eine gro\u00dfe Kellerabdichtung unvermeidlich machen, sind zumeist<br \/>\nvielgestaltiger Natur. Als meist genannte Ursache sind ein hoher Wasserspiegel und auch Durchfeuchtungen f\u00f6rdernde Hanglagen von H\u00e4usern zu nennen. Als Vorsorge- und Ma\u00dfnahme k\u00f6nnte man demzufolge eine gr\u00f6\u00dfere Kellerabdichtung ins Auge fassen. Um den Sanierungsumfang zu beurteilen, ist eine Sichtung unmittelbar am entsprechenden Geb\u00e4ude zwingend notwendig. Erst wenn man die Gr\u00fcnde<br \/>\nund den Umfang der Feuchtigkeitssch\u00e4den kennt, kann man die entsprechenden Ma\u00dfnahmen f\u00fcr eine zweckm\u00e4ssige Kellerabdichtung ermitteln.<\/p>\n<h3>Fragen Sie unseren Fachbetrieb in Sachen Kellerabdichtung!<\/h3>\n<p>Welche Mittel auch immer geboten erscheinen: Die Kellerabdichtung verfolgt grunds\u00e4tzlich den Zweck, die Mauern von Au\u00dfen und Innen dauerhaft wasserundurchl\u00e4ssig zu machen. Mit einer geeigneten Kellerabdichtung schaffen Sie die Basis, Ihr Geb\u00e4ude langfristig vor substanzbedrohenden N\u00e4ssesch\u00e4den zu bewahren. Bedarfsabh\u00e4ngig k\u00f6nnen unterschiedliche Arten und Methoden der Kellerabdichtung notwendig sein. Eine Vielzahl von qualitativen Baustoffen steht hierf\u00fcr zum Gebrauch bereit. Gern informieren wir Sie \u00fcber die Vorgehensweisen, die wir f\u00fcr die wirksame Kellerabdichtung empfehlen.<\/p>\n","protected":false},"excerpt":{"rendered":"<p>Kellerabdichtung \u2013 wir \u00fcbernehmen das! Ein nasser Keller kann die Bausubstanz eines Bauwerkes ernstlich sch\u00e4digen. Insbesondere von au\u00dfen eintretende N\u00e4sse ist ein Thema, dessen sich Hausbesitzer dringend annehmen sollten. Eine fachm\u00e4nnisch durchgef\u00fchrte Kellerabdichtung hilft gr\u00f6\u00dfere Aufwendungen zu auszuschlie\u00dfen. Die Ursachen, die eine gro\u00dfe Kellerabdichtung unvermeidlich machen, sind zumeist vielgestaltiger Natur. Als meist genannte Ursache sind [&hellip;]<\/p>\n","protected":false},"author":1,"featured_media":0,"parent":0,"menu_order":0,"comment_status":"closed","ping_status":"closed","template":"","meta":{"footnotes":""},"class_list":["post-366","page","type-page","status-publish","hentry"],"meta_box":{"popseo_subtitel":"Wir sind Ihr Fachunternehmen f\u00fcr eine Kellerabdichtung in Boizenburg","popseo_subtitel2":"Kellerabdichtung - unsere Experten informieren Sie gerne \u00fcber Ihre M\u00f6glichkeiten","popseo_lasttitel":"Kellerabdichtung: Unsere Experten beantworten Ihre Fragen","popseo_region":"Boizenburg","popseo_sachwort":"Kellerabdichtung","popseo_noupdate":"","popseo_einleitungstext":"<p>Sie haben sich mit der Bauwerksabdichtung auseinandergesetzt, da Ihre Immobilie feuchte Geb\u00e4udebereiche aufweist und Sie nach Methoden einer wirkungsvollen und professionellen Sanierung Ausschau halten. Gut, dass Sie zu uns gefunden haben. Nachfolgend d\u00fcrfen wir Ihnen n\u00e4here Informationen zu unserem Leistungsangebot geben. Sie lernen auf dieser Website unsere Firma n\u00e4her kennen. <\/p>\n<p>Unser Unternehmen ist ein qualifizierter und erfahrener Handwerksbetrieb mit Gesch\u00e4ftsssitz in Brietlingen bei L\u00fcneburg. Seit vielen Jahren schon sind wir Ihr Fachpartner f\u00fcr alle Fragen rund um Geb\u00e4udeabdichtung. Wir setzen ausschlie\u00dflich effektive und praxisbew\u00e4hrte Sanierungssysteme und -methoden ein. Als Sanierungsfachbetrieb blicken wir auf eine lange und intensive Berufserfahrung zur\u00fcck. Unsere versierten Fachkr\u00e4fte informieren Sie gerne im Detail.<\/p>","popseo_schlusstext":"<p>Auf Wunsch informieren wir Sie n\u00e4her \u00fcber unser Aufgabengebiet. Wir zeigen Ihnen mit Vergn\u00fcgen auch einige Referenzen, die Ihnen einen Einblick in unsere Unternehmenst\u00e4tigkeit geben.<br \/>\nSetzen Sie auf die Expertise eines erfahrenen Fachbetriebes. Rufen Sie uns doch einfach einmal an oder schicken Sie uns eine kurze E-Mail. Wir freuen uns auf den Kontakt zu Ihnen.<\/p>","popseo_stadttext":"<h3>Unser Vertriebsgebiet umfasst auch Boizenburg<\/h3>\n<p>Unser Gesch\u00e4ftsbereich umfasst auch Boizenburg. Durch unsere Gesch\u00e4ftst\u00e4tigkeit haben wir uns einen sehr guten \u00dcberblick \u00fcber die Stadtarchitektur der Gemeinden und St\u00e4dte unseres Vertriebsgebietes erarbeiten k\u00f6nnen. Wir f\u00fchlen uns der Region verpflichtet und sind stolz darauf, auch unseren Teil zur ausgezeichneten Infrastruktur der Stadt Boizenburg beisteuern zu k\u00f6nnen.  <\/p>\n<h3>Wissenswertes \u00fcber Boizenburg<\/h3>\n<p>Die Stadt Boizenburg liegt im Kreis Ludwigslust-Parchim im Bundesland Mecklenburg-Vorpommern. In Boizenburg leben knapp 10.000 Einwohner auf einer Gesamtfl\u00e4che von 47 Quadratkilometer. Die Ortsbezeichnung Boizenburg leitet sich ab vom Fluss Boitze. Dieser flie\u00dft direkt durch das Stadtgebiet. Allgemein bekannter d\u00fcrfte jedoch sein, dass Boizenburg an der Elbe liegt. Boizenburg gliedert sich in insgesamt f\u00fcnf Ortsteile. Dies sind Gehrum, Bahlenburg, Bahlen, Heide und Gothmann. <\/p>\n<p>Boizenburg ist eine recht alte Ortschaft. Das erste Mal erw\u00e4hnt wurde die Region bereits anno 1171. W\u00e4hrend der der Zeit der deutschen Teilung war Boizenburg zu gro\u00dfen Teilen abgeschieden. Die damalige Deutsch-Deutsche-Grenze lief direkt entlang des Ortsgebietes von Boizenburg. Seinerzeit war Boizenburg Sperrgebiet. B\u00fcrger und Besucher der Stadt ben\u00f6tigten damals einen beh\u00f6rdlichen Passierschein. Eine Minderung der individuellen Freiheit, die in unserer Zeit gl\u00fccklicherweise kaum noch vorstellbar ist. <\/p>\n<h3>Wir kennen uns aus in Boizenburg<\/h3>\n<p>Nach der Wiedervereinigung der zwei deutschen Staaten bl\u00fchte Boizenburg regelrecht auf. Der historische Stadtkern wurde saniert. Auch der kleine Elbhafen wurde umfangreich erneuert. Heute ist Boizenburg eine reizvoll gelegene Kleinstadt, die ihren Einwohnern ein attraktives Umfeld bietet. Der innerst\u00e4dtische Bereich von Boizenburg wird von einer mittelalterlichen Wallanlage dominiert. Zahlreiche Fachwerkgeb\u00e4ude runden das Stadtbild ab. Besonders auff\u00e4llig ist auch das Rathaus Boizenburg - das ansehliche Fachwerkhaus wurde im Jahre 1711 erbaut. Dar\u00fcber hinaus pr\u00e4gt besonders die Sankt Marien Kirche das Profil der mecklenburgischen Mittelstadt.<\/p>\n<p>Das Wirtschaftsleben von Boizenburg ist gepr\u00e4gt von mittelst\u00e4ndischen Betrieben. Etwa 50 Hektar Gewerbegrund steht in Boizenburg zur Verf\u00fcgung. Eine weitere Ausdehnung ist geplant. F\u00fcr junge Familien ist Boizenburg als Lebensmittelpunkt von Interesse. Das Kultur- und Sportangebot \u00fcberrascht durch seine Vielfalt. Schulische Einrichtungen jeder Art und Kindertagesst\u00e4tten sind in gen\u00fcgender Zahl vorhanden.  <\/p>\n<h4>Wir f\u00fcr Sie in Boizenburg!<\/h4>\n<p>Toll, dass Sie diese Website gefunden haben. Wenn Sie ein Fachunternehmen ben\u00f6tigen, sind Sie bei uns an der richtigen Adresse. Sie m\u00f6chten mehr \u00fcber uns erfahren? F\u00fcr R\u00fcckfragen stehen wir Ihnen jederzeit zur Verf\u00fcgung. Auf den Kontakt zu Ihnen freuen wir uns.<\/p>","popseo_zusatztext":"<h3>Keine Angst vor hohen Kosten<\/h3>\n<p>Sie sind interessiert an Trocknungs- oder Sanierungsarbeiten und w\u00fcnschen sich ein individuelles Angebot, das eine handwerklich gute Arbeit garantiert, gleichzeitig aber keine hohen Kosten nach sich zieht. Klasse, dann sind Sie bei uns an der richtigen Adresse. Als Spezialist f\u00fcr Schimmelbeseitigung, Geb\u00e4udeabdichtung und Kellersanierung verwenden wir ausnahmslos hochwertige Materialien. Nichtsdestotrotz achten wir nat\u00fcrlich auf die Kosten, die nat\u00fcrlich nicht zu hoch sein sollen. Wir m\u00f6chten Ihnen beste Qualit\u00e4t bieten, die gleichzeitig auch die Kosten im Blick beh\u00e4lt. Bei uns stimmen Kosten und Leistung: Schon seit etlichen Jahren sind wir Ihr qualifizierter Partner f\u00fcr Sanierungs- und Trocknungsarbeiten im norddeutschen Raum. Unser Standort liegt verkehrsg\u00fcnstig in Brietlingen bei L\u00fcndeburg. Die Kosten stets vor Augen: Wir sorgen f\u00fcr eine fachgerecht durchgef\u00fchrte Sanierungsarbeit nach dem stets derzeitigen Stand der Technik.<\/p>\n<h3>Kosten vs. Leistung: Eine Sanierung rechnet sich!<\/h3>\n<p>D\u00fcrfen wir Sie beraten, wie Sie die Kosten f\u00fcr eine Sanierung begrenzen k\u00f6nnen? Super, dann z\u00f6gern Sie bitte nicht und nehmen am besten noch heute Kontakt mit uns auf. Ein kurzer Anruf oder auch eine kurze Email gen\u00fcgen. Die optimale Beratung ist genauso wichtig wie die korrekte Ausf\u00fchrung der entprechenden Arbeiten. Unsere Beratung ist selbstverst\u00e4ndlich v\u00f6llig unverbindlich. Hochwertige Arbeit bei \u00fcberschaubaren Kosten: Wir empfehlen uns als spezialisiertes Fachunternehmen in Norddeutschland. Unsere gro\u00dfe Erfahrung spricht f\u00fcr uns.<br \/>\nVerringern Sie die Kosten f\u00fcr Ihr Sanierungsprojekt: Vertrauen Sie den Spezialisten der Firma Keul.<\/p>","popseo_links":"<a href=\"https:\/\/bautenschutz-keul.de\/angebote\/innenabdichtung-bergedorf-wentorf\/\">Innenabdichtung Bergedorf Wentorf<\/a>, <a href=\"https:\/\/bautenschutz-keul.de\/angebote\/feuchter-keller-reinbek-aumuehle\/\">Feuchter Keller Reinbek Aum\u00fchle<\/a>, <a href=\"https:\/\/bautenschutz-keul.de\/angebote\/rissverpressung-stelle\/\">Rissverpressung Stelle<\/a>, <a href=\"https:\/\/bautenschutz-keul.de\/angebote\/aufsteigende-feuchtigkeit-maschen\/\">aufsteigende Feuchtigkeit Maschen<\/a>, <a href=\"https:\/\/bautenschutz-keul.de\/angebote\/feuchtigkeit-harburg\/\">Feuchtigkeit Harburg<\/a>, <a href=\"https:\/\/bautenschutz-keul.de\/angebote\/feuchte-wand-geesthacht\/\">Feuchte Wand Geesthacht<\/a>, <a href=\"https:\/\/bautenschutz-keul.de\/angebote\/innenabdichtung-glinde-sachsenwald\/\">Innenabdichtung Glinde Sachsenwald<\/a>, <a href=\"https:\/\/bautenschutz-keul.de\/angebote\/zerstoerter-putz-buechen\/\">zerst\u00f6rter Putz B\u00fcchen<\/a>, <a href=\"https:\/\/bautenschutz-keul.de\/angebote\/salpeter-im-keller-tostedt-sittensen\/\">Salpeter im Keller Tostedt Sittensen<\/a>, <a href=\"https:\/\/bautenschutz-keul.de\/angebote\/zerstoerter-putz-harburg\/\">zerst\u00f6rter Putz Harburg<\/a>, <a href=\"https:\/\/bautenschutz-keul.de\/angebote\/rissverpressung-schwarzenbek\/\">Rissverpressung Schwarzenbek<\/a>, <a href=\"https:\/\/bautenschutz-keul.de\/angebote\/bauwerksabdichtung-winsen-luhe\/\">Bauwerksabdichtung Winsen Luhe<\/a>, <a href=\"https:\/\/bautenschutz-keul.de\/angebote\/feuchte-mauer-seevetal-rosengarten\/\">Feuchte Mauer Seevetal Rosengarten<\/a>, <a href=\"https:\/\/bautenschutz-keul.de\/angebote\/feuchte-mauer-bardowick\/\">Feuchte Mauer Bardowick<\/a>, <a href=\"https:\/\/bautenschutz-keul.de\/angebote\/kellersanierung-buechen\/\">Kellersanierung B\u00fcchen<\/a>, <a href=\"https:\/\/bautenschutz-keul.de\/angebote\/feuchter-keller-seevetal-rosengarten\/\">Feuchter Keller Seevetal Rosengarten<\/a>, <a href=\"https:\/\/bautenschutz-keul.de\/angebote\/salpeter-im-keller-adendorf\/\">Salpeter im Keller Adendorf<\/a>, <a href=\"https:\/\/bautenschutz-keul.de\/angebote\/horizontalsperre-tostedt-sittensen\/\">Horizontalsperre Tostedt Sittensen<\/a>, <a href=\"https:\/\/bautenschutz-keul.de\/angebote\/kellersanierung-ebstorf\/\">Kellersanierung Ebstorf<\/a>, <a href=\"https:\/\/bautenschutz-keul.de\/angebote\/feuchte-wand-adendorf\/\">Feuchte Wand Adendorf<\/a>, <a href=\"https:\/\/bautenschutz-keul.de\/angebote\/feuchter-keller-buchholz-in-der-nordheide\/\">Feuchter Keller Buchholz in der Nordheide<\/a>, <a href=\"https:\/\/bautenschutz-keul.de\/angebote\/salpeter-im-keller-bienenbuettel\/\">Salpeter im Keller Bienenb\u00fcttel<\/a>, <a href=\"https:\/\/bautenschutz-keul.de\/angebote\/kellersanierung-brietlingen\/\">Kellersanierung Brietlingen<\/a>, <a href=\"https:\/\/bautenschutz-keul.de\/angebote\/feuchte-wand-glinde-sachsenwald\/\">Feuchte Wand Glinde Sachsenwald<\/a>, <a href=\"https:\/\/bautenschutz-keul.de\/angebote\/aufsteigende-feuchtigkeit-geesthacht\/\">aufsteigende Feuchtigkeit Geesthacht<\/a>, <a href=\"https:\/\/bautenschutz-keul.de\/angebote\/schimmel-hanstedt\/\">Schimmel Hanstedt<\/a>, <a href=\"https:\/\/bautenschutz-keul.de\/angebote\/schimmel-bergedorf-wentorf\/\">Schimmel Bergedorf Wentorf<\/a>, <a href=\"https:\/\/bautenschutz-keul.de\/angebote\/feuchte-wand-reinbek-aumuehle\/\">Feuchte Wand Reinbek Aum\u00fchle<\/a>"},"_links":{"self":[{"href":"https:\/\/bautenschutz-keul.de\/angebote\/wp-json\/wp\/v2\/pages\/366","targetHints":{"allow":["GET"]}}],"collection":[{"href":"https:\/\/bautenschutz-keul.de\/angebote\/wp-json\/wp\/v2\/pages"}],"about":[{"href":"https:\/\/bautenschutz-keul.de\/angebote\/wp-json\/wp\/v2\/types\/page"}],"author":[{"embeddable":true,"href":"https:\/\/bautenschutz-keul.de\/angebote\/wp-json\/wp\/v2\/users\/1"}],"replies":[{"embeddable":true,"href":"https:\/\/bautenschutz-keul.de\/angebote\/wp-json\/wp\/v2\/comments?post=366"}],"version-history":[{"count":0,"href":"https:\/\/bautenschutz-keul.de\/angebote\/wp-json\/wp\/v2\/pages\/366\/revisions"}],"wp:attachment":[{"href":"https:\/\/bautenschutz-keul.de\/angebote\/wp-json\/wp\/v2\/media?parent=366"}],"curies":[{"name":"wp","href":"https:\/\/api.w.org\/{rel}","templated":true}]}}