{"id":367,"date":"2021-09-13T08:43:56","date_gmt":"2021-09-13T06:43:56","guid":{"rendered":"https:\/\/bautenschutz-keul.de\/angebote\/kellerabdichtung-brietlingen\/"},"modified":"2021-09-13T08:43:56","modified_gmt":"2021-09-13T06:43:56","slug":"kellerabdichtung-brietlingen","status":"publish","type":"page","link":"https:\/\/bautenschutz-keul.de\/angebote\/kellerabdichtung-brietlingen\/","title":{"rendered":"Kellerabdichtung &#8211; Brietlingen"},"content":{"rendered":"<h3>Kellerabdichtung: Kompetent und erfahren bei Planung und Ausf\u00fchrung<\/h3>\n<p>Ein nasser Keller kann die Bausubstanz eines Geb\u00e4udes ernstlich beeintr\u00e4chtigen.<br \/>\nBesonders von au\u00dfen eintretende Feuchtigkeit ist eine Problematik, dessen sich<br \/>\nImmobilienbesitzer dringend annehmen sollten. Eine fachm\u00e4nnisch erledigte Kellerabdichtung hilft gr\u00f6\u00dfere Aufwendungen zu auszuschlie\u00dfen. <\/p>\n<p>Die Umst\u00e4nde, die eine aufw\u00e4ndige Kellerabdichtung erforderlich machen, sind durchaus<br \/>\nvielf\u00e4ltiger Natur. Als verbreiteste Ursache sind ein hoher Wasserspiegel oder auch Durchfeuchtungen f\u00f6rdernde Hanglagen von Geb\u00e4uden zu nennen. Als Vorsorge- und Sanierungsma\u00dfnahme k\u00f6nnte man entsprechend eine vollumf\u00e4ngliche Kellerabdichtung erw\u00e4gen. Um den Sanierungsumfang zu beurteilen, ist eine Analyse unmittelbar am jeweiligen Bauk\u00f6rper unbedingt angeraten. Erst wenn man die Gr\u00fcnde<br \/>\nund den Umfang der Duchn\u00e4ssungen kennt, kann man die entsprechenden Mittel f\u00fcr eine zweckm\u00e4ssige Kellerabdichtung ermitteln.<\/p>\n<h3>Kellerabdichtung: Wir sanieren kompetent und schnell!<\/h3>\n<p>Welche Ma\u00dfnahmen auch immer erforderlich erscheinen: Die Kellerabdichtung verfolgt in jedem Fall den Zweck, die Mauern von Innen und Au\u00dfen dauerhaft wasserundurchl\u00e4ssig zu machen. Mit einer zweckdienlichen Kellerabdichtung schaffen Sie die Basis, Ihr Geb\u00e4ude langfristig vor substanzbedrohenden Feuchtigkeitssch\u00e4den zu sch\u00fctzen. Bedarfsgerecht k\u00f6nnen unterschiedliche Arten und Vorgehensweisen der Kellerabdichtung von N\u00f6ten sein. Eine gro\u00dfe Anzahl von qualitativen Baustoffen steht diesbez\u00fcglich zur Verf\u00fcgung. Gern informieren wir Sie \u00fcber die Vorgehensweisen, die wir f\u00fcr die erfolgreiche Kellerabdichtung anraten.<\/p>\n","protected":false},"excerpt":{"rendered":"<p>Kellerabdichtung: Kompetent und erfahren bei Planung und Ausf\u00fchrung Ein nasser Keller kann die Bausubstanz eines Geb\u00e4udes ernstlich beeintr\u00e4chtigen. Besonders von au\u00dfen eintretende Feuchtigkeit ist eine Problematik, dessen sich Immobilienbesitzer dringend annehmen sollten. Eine fachm\u00e4nnisch erledigte Kellerabdichtung hilft gr\u00f6\u00dfere Aufwendungen zu auszuschlie\u00dfen. Die Umst\u00e4nde, die eine aufw\u00e4ndige Kellerabdichtung erforderlich machen, sind durchaus vielf\u00e4ltiger Natur. Als verbreiteste [&hellip;]<\/p>\n","protected":false},"author":1,"featured_media":0,"parent":0,"menu_order":0,"comment_status":"closed","ping_status":"closed","template":"","meta":{"footnotes":""},"class_list":["post-367","page","type-page","status-publish","hentry"],"meta_box":{"popseo_subtitel":"Wir sind Ihr Fachanbieter f\u00fcr eine Kellerabdichtung im Raum Brietlingen","popseo_subtitel2":"Kellerabdichtung f\u00fcr Immobilienbesitzer aus Norddeutschland","popseo_lasttitel":"Kellerabdichtung: Wir beantworten Ihre Fragen!","popseo_region":"Brietlingen","popseo_sachwort":"Kellerabdichtung","popseo_noupdate":"","popseo_einleitungstext":"<p>Sie wollen Ihre Gesch\u00e4fts- oder Wohnimmobilie sanieren lassen interessieren sich f\u00fcr Sanierungsmethoden und Abdichtungssysteme? Wunderbar, dann sind Sie bei uns an der richtigen Adresse. Als auf die Objektsanierung fokussiertes Unternehmen, \u00fcbernehmen wir vor allem Arbeiten im Bereich Abdichtung und Trockenlegung.  <\/p>\n<p>Erfahren sind wir bei der Bauwerksabdichtung und dar\u00fcber hinaus bei der Schimmelbek\u00e4mpfung, bei der Rissverpressung und bei der Kellersanierung. Wir kennen uns mit der zeitgem\u00e4\u00dfen Sanierung von Neubauten und Bestandsimmobilien bestens aus. Auf unserer Internetseite stellen wir Ihnen unser Unternehmen und das komplette Leistungsprogramm n\u00e4her vor. Ihr Interesse freut uns sehr.<\/p>","popseo_schlusstext":"<p>Auf Wunsch informieren wir Sie n\u00e4her \u00fcber unser T\u00e4tigkeitsspektrum. Wir pr\u00e4sentieren Ihnen mit Vergn\u00fcgen auch einige Referenzen, die Ihnen einen Einblick in unsere T\u00e4tigkeit geben.<br \/>\nWir sind f\u00fcr Sie da. Rufen Sie uns doch einfach einmal an oder schreiben Sie uns eine schnelle E-Mail. Wir freuen uns auf Ihre Kontaktaufnahme.<\/p>","popseo_stadttext":"<h3>Wir sind Ihr Partner auch in Brietlingen<\/h3>\n<p>Wir betreuen Kunden aus unser Heimatgemeinde Brietlingen und Umgebung. Durch unsere Vertriebst\u00e4tigkeit haben wir uns einen sehr guten \u00dcberblick \u00fcber die Stadtarchitektur der St\u00e4dte und Gemeinden unseres Einzugsbereiches machen k\u00f6nnen. Nat\u00fcrlich geh\u00f6rt besonders auch unsere Heimatgemeinde zu unserem unmittelbaren Wirkungskreis. Wir freuen uns darauf, mit Ihnen ins Gespr\u00e4ch zu kommen. <\/p>\n<h3>Einige Details \u00fcber Brietlingen<\/h3>\n<p>Brietlingen liegt im Westen von vom Naturpark Elbufer-Drawelen und ist ungef\u00e4hr 10 Kilometer von der Hansestadt L\u00fcneburg entfernt. Auf einer Fl\u00e4che von rund 19 Quadratkilometern wohnen ca. 3.500 Menschen. Formell geh\u00f6rt Brietlingen zum Kreis L\u00fcneburg. Der charmante Ort ist Teil der Samtgemeinde Scharnebeck, einer Vereinigung von acht kleineren Orten. Dies sind neben Scharnebck und Brietlingen die Gemeinden Hittbergen, Echem, Hohnstorf (Elbe), L\u00fcdersburg, Artlenburg und Rullsdorf. Die Samtgemeinde z\u00e4hlt in Summe rund 15.000 Einwohner und erstreckt sich \u00fcber eine Fl\u00e4che von etwas mehr als 135 km\u00b2.<\/p>\n<p>Sehr gesch\u00e4tzt wird Brietlingen von Naturliebhabern wegen seines guten Erholungswertes. In Brietlingen startet man gerne zu ausgedehnten Touren durch den Naturpark Elbufer-Drawelen. Speziell f\u00fcr Familien ist Brietlingen vorteilhaft. Die ruhige Lage und eine sehr gute Infrastruktur zeichnen die Gemeinde aus.<\/p>\n<h4>Unsere Leistung f\u00fcr qualit\u00e4tsbewusste Kunden aus Brietlingen<\/h4>\n<p>Das Leben in Brietlingen ist beschaulich. Die Gemeinde verf\u00fcgt \u00fcber zahlreiche beruhigte Wohnviertel, die insbesondere von einer typischen Einzelhausbebauung gepr\u00e4gt sind. Sie interessieren sich f\u00fcr unser Leistungsprogramm und haben deshalb unsere Website besucht? Das freut uns sehr. Unser engagiertes Team nimmt gerne Ihren Anruf entgegen oder beantwortet Ihre E-Mail.<\/p>","popseo_zusatztext":"<h3>Hohe Kosten bei der Bauwerksabdichtung m\u00fcssen nicht sein<\/h3>\n<p>Sie interessieren sich f\u00fcr eine Kellertrockenlegung oder eine Sanierungsarbeit an Mauern bzw. W\u00e4nden und m\u00f6chten gerne ein individuelles Angebot, das eine handwerklich gute Arbeit garantiert, gleichzeitig aber die Kosten im Blick hat. Klasse, dann sind Sie bei uns an der richtigen Adresse. Als Spezialist f\u00fcr Kellersanierung, Schimmelbeseitigung und Geb\u00e4udeabdichtung verarbeiten wir ausnahmslos exzellente Materialien. Trotzdem schauen wir nat\u00fcrlich auf die Kosten, die nat\u00fcrlich nicht zu hoch sein sollen. Wir m\u00f6chten Ihnen Qualit\u00e4t bieten, die trotzdem auch die Kosten im Blick beh\u00e4lt. Bei uns stimmen Kosten und Qualit\u00e4t: Seit vielen Jahren schon sind wir Ihr qualifizierter Fachbetrieb f\u00fcr Trocknungs- und Sanierungsarbeiten in Norddeutschland. Unser Firmensitz liegt verkehrsg\u00fcnstig in Brietlingen bei L\u00fcndeburg. Die Kosten stets im Blick: Wir versprechen Ihnen eine fachgerecht ausgef\u00fchrte Sanierungsarbeit nach dem stets neuesten Stand der Technik.<\/p>\n<h3>Hochwertige Arbeit, geringe Kosten!<\/h3>\n<p>D\u00fcrfen wir Sie informieren, wie Sie die Kosten f\u00fcr eine Sanierung begrenzen k\u00f6nnen? Prima, dann warten Sie bitte nicht und nehmen am besten noch heute Verbindung mit uns auf. Ein kurzer Anruf oder auch eine kurze E-Mail gen\u00fcgen. Eine gute und umfangreiche Beratung ist genauso wichtig wie die fachgerechte Ausf\u00fchrung der entprechenden Arbeiten. Unsere Beratung ist nat\u00fcrlich absolut unverbindlich. Hochwertige Arbeit bei moderaten Kosten: Wir empfehlen uns als spezialisiertes Unternehmen im Norden. Unsere langj\u00e4hrige Erfahrung zeichnet uns aus.<br \/>\nVerringern Sie die Kosten f\u00fcr Ihre Geb\u00e4udesanierung: Vertrauen Sie den Spezialisten der Firma Keul.<\/p>","popseo_links":"<a href=\"https:\/\/bautenschutz-keul.de\/angebote\/schimmelsanierung-ebstorf\/\">Schimmelsanierung Ebstorf<\/a>, <a href=\"https:\/\/bautenschutz-keul.de\/angebote\/feuchte-wand-buchholz-in-der-nordheide\/\">Feuchte Wand Buchholz in der Nordheide<\/a>, <a href=\"https:\/\/bautenschutz-keul.de\/angebote\/kellersanierung-adendorf\/\">Kellersanierung Adendorf<\/a>, <a href=\"https:\/\/bautenschutz-keul.de\/angebote\/kellersanierung-geesthacht\/\">Kellersanierung Geesthacht<\/a>, <a href=\"https:\/\/bautenschutz-keul.de\/angebote\/kellertrockenlegung-glinde-sachsenwald\/\">Kellertrockenlegung Glinde Sachsenwald<\/a>, <a href=\"https:\/\/bautenschutz-keul.de\/angebote\/aussenabdichtung-reppenstedt\/\">Au\u00dfenabdichtung Reppenstedt<\/a>, <a href=\"https:\/\/bautenschutz-keul.de\/angebote\/rissverpressung-buchholz-in-der-nordheide\/\">Rissverpressung Buchholz in der Nordheide<\/a>, <a href=\"https:\/\/bautenschutz-keul.de\/angebote\/salpeter-im-keller-seevetal-rosengarten\/\">Salpeter im Keller Seevetal Rosengarten<\/a>, <a href=\"https:\/\/bautenschutz-keul.de\/angebote\/salpeter-im-keller-amt-neuhaus\/\">Salpeter im Keller Amt Neuhaus<\/a>, <a href=\"https:\/\/bautenschutz-keul.de\/angebote\/feuchter-keller-lueneburg\/\">Feuchter Keller L\u00fcneburg<\/a>, <a href=\"https:\/\/bautenschutz-keul.de\/angebote\/rissverpressung-bergedorf-wentorf\/\">Rissverpressung Bergedorf Wentorf<\/a>, <a href=\"https:\/\/bautenschutz-keul.de\/angebote\/salpeter-im-keller-brietlingen\/\">Salpeter im Keller Brietlingen<\/a>, <a href=\"https:\/\/bautenschutz-keul.de\/angebote\/schimmelsanierung-hanstedt\/\">Schimmelsanierung Hanstedt<\/a>, <a href=\"https:\/\/bautenschutz-keul.de\/angebote\/kellertrockenlegung-tostedt-sittensen\/\">Kellertrockenlegung Tostedt Sittensen<\/a>, <a href=\"https:\/\/bautenschutz-keul.de\/angebote\/salpeter-im-keller-hanstedt\/\">Salpeter im Keller Hanstedt<\/a>, <a href=\"https:\/\/bautenschutz-keul.de\/angebote\/feuchter-keller-bad-bevensen\/\">Feuchter Keller Bad Bevensen<\/a>, <a href=\"https:\/\/bautenschutz-keul.de\/angebote\/feuchte-mauer-buechen\/\">Feuchte Mauer B\u00fcchen<\/a>, <a href=\"https:\/\/bautenschutz-keul.de\/angebote\/rissverpressung-maschen\/\">Rissverpressung Maschen<\/a>, <a href=\"https:\/\/bautenschutz-keul.de\/angebote\/horizontalsperre-bispingen\/\">Horizontalsperre Bispingen<\/a>, <a href=\"https:\/\/bautenschutz-keul.de\/angebote\/kellersanierung-buechen\/\">Kellersanierung B\u00fcchen<\/a>, <a href=\"https:\/\/bautenschutz-keul.de\/angebote\/feuchtigkeit-bergedorf-wentorf\/\">Feuchtigkeit Bergedorf Wentorf<\/a>, <a href=\"https:\/\/bautenschutz-keul.de\/angebote\/feuchte-mauer-maschen\/\">Feuchte Mauer Maschen<\/a>, <a href=\"https:\/\/bautenschutz-keul.de\/angebote\/horizontalsperre-uelzen\/\">Horizontalsperre Uelzen<\/a>, <a href=\"https:\/\/bautenschutz-keul.de\/angebote\/innenabdichtung-reinbek-aumuehle\/\">Innenabdichtung Reinbek Aum\u00fchle<\/a>, <a href=\"https:\/\/bautenschutz-keul.de\/angebote\/mauertrockenlegung-geesthacht\/\">Mauertrockenlegung Geesthacht<\/a>, <a href=\"https:\/\/bautenschutz-keul.de\/angebote\/salpeter-im-keller-boizenburg\/\">Salpeter im Keller Boizenburg<\/a>, <a href=\"https:\/\/bautenschutz-keul.de\/angebote\/feuchtigkeitsschaden-brietlingen\/\">Feuchtigkeitsschaden Brietlingen<\/a>, <a href=\"https:\/\/bautenschutz-keul.de\/angebote\/schimmelbeseitigung-tostedt-sittensen\/\">Schimmelbeseitigung Tostedt Sittensen<\/a>"},"_links":{"self":[{"href":"https:\/\/bautenschutz-keul.de\/angebote\/wp-json\/wp\/v2\/pages\/367","targetHints":{"allow":["GET"]}}],"collection":[{"href":"https:\/\/bautenschutz-keul.de\/angebote\/wp-json\/wp\/v2\/pages"}],"about":[{"href":"https:\/\/bautenschutz-keul.de\/angebote\/wp-json\/wp\/v2\/types\/page"}],"author":[{"embeddable":true,"href":"https:\/\/bautenschutz-keul.de\/angebote\/wp-json\/wp\/v2\/users\/1"}],"replies":[{"embeddable":true,"href":"https:\/\/bautenschutz-keul.de\/angebote\/wp-json\/wp\/v2\/comments?post=367"}],"version-history":[{"count":0,"href":"https:\/\/bautenschutz-keul.de\/angebote\/wp-json\/wp\/v2\/pages\/367\/revisions"}],"wp:attachment":[{"href":"https:\/\/bautenschutz-keul.de\/angebote\/wp-json\/wp\/v2\/media?parent=367"}],"curies":[{"name":"wp","href":"https:\/\/api.w.org\/{rel}","templated":true}]}}