{"id":368,"date":"2021-09-13T08:43:56","date_gmt":"2021-09-13T06:43:56","guid":{"rendered":"https:\/\/bautenschutz-keul.de\/angebote\/kellerabdichtung-buchholz-in-der-nordheide\/"},"modified":"2021-09-13T08:43:56","modified_gmt":"2021-09-13T06:43:56","slug":"kellerabdichtung-buchholz-in-der-nordheide","status":"publish","type":"page","link":"https:\/\/bautenschutz-keul.de\/angebote\/kellerabdichtung-buchholz-in-der-nordheide\/","title":{"rendered":"Kellerabdichtung &#8211; Buchholz in der Nordheide"},"content":{"rendered":"<h3>Kellerabdichtung: Kompetente Arbeit durch den Fachbetrieb!<\/h3>\n<p>Ein feuchter Keller kann die bauliche Substanz eines Hauses erheblich beeintr\u00e4chtigen.<br \/>\nBesonders von au\u00dfen eintretende N\u00e4sse ist ein Thema, dessen sich<br \/>\nImmobilienbesitzer auf jeden Fall annehmen sollten. Eine fachgerecht durchgef\u00fchrte Kellerabdichtung hilft gr\u00f6\u00dfere Sch\u00e4den zu vermeiden. <\/p>\n<p>Die Gr\u00fcnde, die eine umfangreiche Kellerabdichtung unvermeidlich machen, sind meist<br \/>\nvielf\u00e4ltiger Natur. Als meist genannte Ursache sind ein hoher Wasserspiegel und auch Durchfeuchtungen beg\u00fcnstigende Hanglagen von Geb\u00e4uden zu nennen. Als Pr\u00e4ventiv- oder Ma\u00dfnahme m\u00fcsste man demzufolge eine gr\u00f6\u00dfere Kellerabdichtung ins Auge fassen. Um den Sanierungsumfang zu beurteilen, ist eine Sichtung unmittelbar am entsprechenden Geb\u00e4ude zwingend angeraten. Erst wenn man die Ursachen<br \/>\nund das Ausma\u00df der Durchfeuchtungen kennt, kann man die geeigneten Ma\u00dfnahmen f\u00fcr eine zweckm\u00e4ssige Kellerabdichtung festlegen.<\/p>\n<h3>Fragen Sie unseren Fachbetrieb in Sachen Kellerabdichtung!<\/h3>\n<p>Welche Mittel auch immer erforderlich sind: Die Kellerabdichtung verfolgt in jedem Fall den Zweck, die W\u00e4nde von Innen und Au\u00dfen langfristig wasserundurchl\u00e4ssig zu machen. Mit einer geeigneten Kellerabdichtung schaffen Sie die Basis, Ihr Geb\u00e4ude dauerhaft vor substanzgef\u00e4hrdenden N\u00e4ssesch\u00e4den zu sch\u00fctzen. Bedarfsabh\u00e4ngig k\u00f6nnen unterschiedliche Arten und Methoden der Kellerabdichtung von N\u00f6ten sein. Eine Vielzahl von qualitativen Baustoffen steht f\u00fcr diesen Zweck zum Gebrauch bereit. Sehr gerne informieren wir Sie \u00fcber die Vorgehensweisen, die wir f\u00fcr die wirksame Kellerabdichtung empfehlen.<\/p>\n","protected":false},"excerpt":{"rendered":"<p>Kellerabdichtung: Kompetente Arbeit durch den Fachbetrieb! Ein feuchter Keller kann die bauliche Substanz eines Hauses erheblich beeintr\u00e4chtigen. Besonders von au\u00dfen eintretende N\u00e4sse ist ein Thema, dessen sich Immobilienbesitzer auf jeden Fall annehmen sollten. Eine fachgerecht durchgef\u00fchrte Kellerabdichtung hilft gr\u00f6\u00dfere Sch\u00e4den zu vermeiden. Die Gr\u00fcnde, die eine umfangreiche Kellerabdichtung unvermeidlich machen, sind meist vielf\u00e4ltiger Natur. Als [&hellip;]<\/p>\n","protected":false},"author":1,"featured_media":0,"parent":0,"menu_order":0,"comment_status":"closed","ping_status":"closed","template":"","meta":{"footnotes":""},"class_list":["post-368","page","type-page","status-publish","hentry"],"meta_box":{"popseo_subtitel":"Wir sind Ihr Experte f\u00fcr eine Kellerabdichtung im Raum Buchholz in der Nordheide","popseo_subtitel2":"Kellerabdichtung - wir haben die richtige L\u00f6sung f\u00fcr Sie!","popseo_lasttitel":"Kellerabdichtung: D\u00fcrfen wir Ihre Fragen beantworten?","popseo_region":"Buchholz in der Nordheide","popseo_sachwort":"Kellerabdichtung","popseo_noupdate":"","popseo_einleitungstext":"<p>Mauern, W\u00e4nde oder Kellerr\u00e4ume Ihrer Wohn- oder Gesch\u00e4ftsimmobilie weisen Durchfeuchtungen und damit einen echten Sanierungbedarf auf. Dann ist es an der Zeit, sich \u00fcber eine sachgerechte Trocknung Gedanken zu machen. Unser Fachbetrieb ist auf die Bauwerksabdichtung spezialisiert. Zu den Hauptaufgaben unseres Unternehmens geh\u00f6ren unter anderem die Bereiche Mauertrockenlegung, Schimmelbeseitigung und Kellerabdichtung. Der nachhaltigen Sanierung haben wir uns verschrieben. Wir beraten fachsicher, wie Sie Ihr Geb\u00e4ude preisg\u00fcnstig und umweltgerecht sanieren k\u00f6nnen. Ein paar erste Informationen hierzu lesen Sie nachfolgend.<\/p>","popseo_schlusstext":"<p>Gerne informieren wir Sie n\u00e4her \u00fcber unser T\u00e4tigkeitsspektrum. Wir zeigen Ihnen mit Vergn\u00fcgen auch ein paar Projekte, die Ihnen einen Einblick in unsere Firment\u00e4tigkeit geben.<br \/>\nVertrauen Sie auf das Urteil eines erfahrenen Sannierungsfachbetriebes. Rufen Sie uns doch rasch einmal an oder senden Sie uns eine schnelle E-Mail. Wir freuen uns auf Sie.<\/p>","popseo_stadttext":"<h3>Unser Leistungsprogramm f\u00fcr Kunden aus Buchholz i.d. Nordheide<\/h3>\n<p>Buchholz z\u00e4hlt zum nieders\u00e4chsischen Landkreis Harburg und liegt in der Nordheide. Um Verwechslungen mit anderen Orten zu verhindern, tr\u00e4gt die Stadt Buchholz von Amts wegen den Namenszusatz \"Buchholz in der Nordheide\". Durch unsere Vertriebst\u00e4tigkeit haben wir uns einen ausgezeichneten \u00dcberblick \u00fcber die Architektur der St\u00e4dte und Gemeinden unseres Einzugsbereiches erarbeiten k\u00f6nnen. Selbstverst\u00e4ndlich geh\u00f6rt auch Buchholz i.d. Nordheide zu unserem unmittelbaren Gesch\u00e4ftsgebiet. Wir freuen uns darauf, mit Ihnen ins Gespr\u00e4ch zu treten. <\/p>\n<h3>Ein paar Hintergrundinformationen zu Buchholz i.d. Nordheide<\/h3>\n<p>Buchholz ist eine zentral gelegene Stadt. Bis in die Metropole Hamburg sind es lediglich 20 km. Entsprechend viele Berufspendler leben in Buchholz. Wer seinen Arbeitsplatz in Hamburg hat, allerdings eine eher l\u00e4ndliche Wohnlage bevorzugt, hat es in Buchholz bestens getroffen. Der \u00fcbersichtliche und angenehme Ort bietet ein \u00e4u\u00dferst attraktives Lebensumfeld. In Summe wohnen zirka 37.000 B\u00fcrger in Buchholz. Stadt und Umkreis strecken sich \u00fcber eine Fl\u00e4che von circa 75 qkm. Buchholz teilt sich auf in insgesamt sechs Ortsteile. Eine kleine Eigenart von Buchholz: Jeder Stadtteil hat einen eigenen Ortsb\u00fcrgermeister.<\/p>\n<h3>Buchholz \u2013 St\u00e4dtchen mit Herz<\/h3>\n<p>Trotz der r\u00e4umlichen N\u00e4he zur Freien und Hansestadt Hamburg, verf\u00fcgt Buchholz \u00fcber ein munteres Wirtschaftsleben, das sich \u00fcber drei Gewerbegebiete aufteilt. Gro\u00dfe Einzelhandelsunternehmen wie beispielsweise M\u00f6bel Kraft oder Media Markt f\u00fchren in Buchholz Niederlassungen. Beherrscht wird die Wirtschaft von Buchholz ansonsten von mittelst\u00e4ndischen Unternehmen aus den Bereichen Dienstleistung und Gro\u00dfhandel. Des Weiteren finden sich in Buchholz zahlreiche Autoh\u00e4ndler. \u00dcber die Autobahnabfahrt Dibbersen ist Buchholz an die Bundesautobahn A1 angeschlossen. Das Buchholzer Dreieck stellt au\u00dferdem eine Autobahnverbindung mit der A7 her. Au\u00dferdem erreicht man Buchholz mit dem Wagen auch einfach \u00fcber die Bundesstra\u00dfe 75. Wer mit dem Zug nach Buchholz f\u00e4hrt, benutzt die Strecke Bremen-Hamburg. Der Verkehrsbetrieb Metronom f\u00e4hrt Buchholz \u00fcber die Expresslinie Hamburg-Bremen sowie \u00fcber eine Nahverkehrslinie an.  <\/p>\n<h4>Unsere Leistung f\u00fcr qualit\u00e4tsbewusste Kunden aus Buchholz<\/h4>\n<p>Wir finden es klasse, dass Sie unsere Website gefunden haben. Unsere Erfahrung und die Qualit\u00e4t von Material und Ausf\u00fchrung garantiert Ihnen ein sehr gutes Preis-Leistungsverh\u00e4ltnis. Sie m\u00f6chten mehr \u00fcber uns wissen? F\u00fcr R\u00fcckfragen stehen wir Ihnen jederzeit zur Verf\u00fcgung. Unser engagiertes Team freut sich auf Sie.<\/p>","popseo_zusatztext":"<h3>Hohe Kosten bei der Bauwerksabdichtung m\u00fcssen nicht sein<\/h3>\n<p>Sie interessieren sich f\u00fcr eine Kellertrockenlegung oder eine Sanierungsarbeit an Mauern bzw. W\u00e4nden und w\u00fcnschen sich ein individuelles Angebot, das eine handwerklich gute Arbeit garantiert, gleichzeitig aber die Kosten im Blick hat. Toll, dann sind Sie bei uns an der richtigen Adresse. Als Handwerksbetrieb f\u00fcr Schimmelbeseitigung, Geb\u00e4udeabdichtung und Kellersanierung verwenden wir ausnahmslos exzellente Materialien. Nichtsdestotrotz schauen wir stets auf die Kosten, die selbstverst\u00e4ndlich \u00fcberschaubar bleiben sollen. Wir m\u00f6chten Ihnen beste Qualit\u00e4t anbieten, die zugleich auch die Kosten im Blick beh\u00e4lt. Bei uns stimmen Kosten und Qualit\u00e4t: Schon seit etlichen Jahren sind wir Ihr qualifizierter Fachbetrieb f\u00fcr Sanierungs- und Trocknungsarbeiten in Norddeutschland. Unser Firmensitz befindet sich verkehrsg\u00fcnstig in Brietlingen bei L\u00fcndeburg. Die Kosten stets vor Augen: Wir stehen f\u00fcr eine einwandfrei durchgef\u00fchrte Arbeit nach dem jeweils aktuellsten Stand der Technik.<\/p>\n<h3>Die Kosten stets vor Augen<\/h3>\n<p>D\u00fcrfen wir Sie informieren, wie Sie die Kosten f\u00fcr eine Sanierung reduzieren? Super, dann z\u00f6gern Sie bitte nicht und nehmen am besten noch heute Verbindung mit uns auf. Ein kurzer Anruf oder auch eine kurze Email gen\u00fcgen. Die fachlich versierte Beratung ist genauso wichtig wie die sachgem\u00e4\u00dfe Umsetzung der eigentlichen Arbeiten. Unsere fachliche Beratung ist selbstverst\u00e4ndlich absolut unverbindlich. Qualit\u00e4tsbewusst bei \u00fcberschaubaren Kosten: Wir empfehlen uns als spezialisiertes Fachunternehmen im Norden. Unsere jahrelange Erfahrung spricht f\u00fcr uns.<br \/>\nSenken Sie die Kosten f\u00fcr Ihr Sanierungsprojekt: Vertrauen Sie den Spezialisten der Firma Keul.<\/p>","popseo_links":"<a href=\"https:\/\/bautenschutz-keul.de\/angebote\/schimmelbeseitigung-salzhausen\/\">Schimmelbeseitigung Salzhausen<\/a>, <a href=\"https:\/\/bautenschutz-keul.de\/angebote\/feuchter-keller-winsen-luhe\/\">Feuchter Keller Winsen Luhe<\/a>, <a href=\"https:\/\/bautenschutz-keul.de\/angebote\/salpeter-im-keller-hanstedt\/\">Salpeter im Keller Hanstedt<\/a>, <a href=\"https:\/\/bautenschutz-keul.de\/angebote\/feuchtigkeitsschaden-maschen\/\">Feuchtigkeitsschaden Maschen<\/a>, <a href=\"https:\/\/bautenschutz-keul.de\/angebote\/kellersanierung-maschen\/\">Kellersanierung Maschen<\/a>, <a href=\"https:\/\/bautenschutz-keul.de\/angebote\/aussenabdichtung-schwarzenbek\/\">Au\u00dfenabdichtung Schwarzenbek<\/a>, <a href=\"https:\/\/bautenschutz-keul.de\/angebote\/zerstoerter-putz-buchholz-in-der-nordheide\/\">zerst\u00f6rter Putz Buchholz in der Nordheide<\/a>, <a href=\"https:\/\/bautenschutz-keul.de\/angebote\/innenabdichtung-reppenstedt\/\">Innenabdichtung Reppenstedt<\/a>, <a href=\"https:\/\/bautenschutz-keul.de\/angebote\/bauwerksabdichtung-bispingen\/\">Bauwerksabdichtung Bispingen<\/a>, <a href=\"https:\/\/bautenschutz-keul.de\/angebote\/feuchter-keller-amelinghausen\/\">Feuchter Keller Amelinghausen<\/a>, <a href=\"https:\/\/bautenschutz-keul.de\/angebote\/rissverpressung-brietlingen\/\">Rissverpressung Brietlingen<\/a>, <a href=\"https:\/\/bautenschutz-keul.de\/angebote\/salpeter-im-keller-bardowick\/\">Salpeter im Keller Bardowick<\/a>, <a href=\"https:\/\/bautenschutz-keul.de\/angebote\/feuchter-keller-brietlingen\/\">Feuchter Keller Brietlingen<\/a>, <a href=\"https:\/\/bautenschutz-keul.de\/angebote\/aussenabdichtung-geesthacht\/\">Au\u00dfenabdichtung Geesthacht<\/a>, <a href=\"https:\/\/bautenschutz-keul.de\/angebote\/schimmel-bardowick\/\">Schimmel Bardowick<\/a>, <a href=\"https:\/\/bautenschutz-keul.de\/angebote\/schimmelbeseitigung-amelinghausen\/\">Schimmelbeseitigung Amelinghausen<\/a>, <a href=\"https:\/\/bautenschutz-keul.de\/angebote\/feuchtigkeit-tostedt-sittensen\/\">Feuchtigkeit Tostedt Sittensen<\/a>, <a href=\"https:\/\/bautenschutz-keul.de\/angebote\/horizontalsperre-bergedorf-wentorf\/\">Horizontalsperre Bergedorf Wentorf<\/a>, <a href=\"https:\/\/bautenschutz-keul.de\/angebote\/mauertrockenlegung-stelle\/\">Mauertrockenlegung Stelle<\/a>, <a href=\"https:\/\/bautenschutz-keul.de\/angebote\/innenabdichtung-amelinghausen\/\">Innenabdichtung Amelinghausen<\/a>, <a href=\"https:\/\/bautenschutz-keul.de\/angebote\/rissverpressung-bispingen\/\">Rissverpressung Bispingen<\/a>, <a href=\"https:\/\/bautenschutz-keul.de\/angebote\/feuchte-mauer-boizenburg\/\">Feuchte Mauer Boizenburg<\/a>, <a href=\"https:\/\/bautenschutz-keul.de\/angebote\/aussenabdichtung-bardowick\/\">Au\u00dfenabdichtung Bardowick<\/a>, <a href=\"https:\/\/bautenschutz-keul.de\/angebote\/zerstoerter-putz-reppenstedt\/\">zerst\u00f6rter Putz Reppenstedt<\/a>, <a href=\"https:\/\/bautenschutz-keul.de\/angebote\/kellertrockenlegung-ebstorf\/\">Kellertrockenlegung Ebstorf<\/a>, <a href=\"https:\/\/bautenschutz-keul.de\/angebote\/schimmel-buechen\/\">Schimmel B\u00fcchen<\/a>, <a href=\"https:\/\/bautenschutz-keul.de\/angebote\/salpeter-im-keller-geesthacht\/\">Salpeter im Keller Geesthacht<\/a>, <a href=\"https:\/\/bautenschutz-keul.de\/angebote\/feuchter-keller-buechen\/\">Feuchter Keller B\u00fcchen<\/a>"},"_links":{"self":[{"href":"https:\/\/bautenschutz-keul.de\/angebote\/wp-json\/wp\/v2\/pages\/368","targetHints":{"allow":["GET"]}}],"collection":[{"href":"https:\/\/bautenschutz-keul.de\/angebote\/wp-json\/wp\/v2\/pages"}],"about":[{"href":"https:\/\/bautenschutz-keul.de\/angebote\/wp-json\/wp\/v2\/types\/page"}],"author":[{"embeddable":true,"href":"https:\/\/bautenschutz-keul.de\/angebote\/wp-json\/wp\/v2\/users\/1"}],"replies":[{"embeddable":true,"href":"https:\/\/bautenschutz-keul.de\/angebote\/wp-json\/wp\/v2\/comments?post=368"}],"version-history":[{"count":0,"href":"https:\/\/bautenschutz-keul.de\/angebote\/wp-json\/wp\/v2\/pages\/368\/revisions"}],"wp:attachment":[{"href":"https:\/\/bautenschutz-keul.de\/angebote\/wp-json\/wp\/v2\/media?parent=368"}],"curies":[{"name":"wp","href":"https:\/\/api.w.org\/{rel}","templated":true}]}}