{"id":378,"date":"2021-09-13T08:43:56","date_gmt":"2021-09-13T06:43:56","guid":{"rendered":"https:\/\/bautenschutz-keul.de\/angebote\/kellerabdichtung-maschen\/"},"modified":"2021-09-13T08:43:56","modified_gmt":"2021-09-13T06:43:56","slug":"kellerabdichtung-maschen","status":"publish","type":"page","link":"https:\/\/bautenschutz-keul.de\/angebote\/kellerabdichtung-maschen\/","title":{"rendered":"Kellerabdichtung &#8211; Maschen"},"content":{"rendered":"<h3>Kompetent und gr\u00fcndlich: Wir \u00fcbernehmen die Kellerabdichtung<\/h3>\n<p>Ein feuchter Keller kann die Bausubstanz eines Bauwerkes ernstlich beeintr\u00e4chtigen.<br \/>\nInsbesondere von au\u00dfen einsickernde N\u00e4sse ist ein Problem, dessen sich<br \/>\nHauseigent\u00fcmer unbedingt annehmen sollten. Eine professionell erledigte Kellerabdichtung hilft gr\u00f6\u00dfere Sch\u00e4den zu verhindern. <\/p>\n<p>Die Umst\u00e4nde, die eine gro\u00dfe Kellerabdichtung notwendig machen, sind durchaus<br \/>\nvielgestaltiger Natur. Als verbreiteste Ursache sind ein anhaltend hoher Grundwasserspiegel oder auch Durchn\u00e4ssungen f\u00f6rdernde Hanglagen von Geb\u00e4uden zu nennen. Als Pr\u00e4ventiv- und Sanierungsma\u00dfnahme m\u00fcsste man demzufolge eine komplette Kellerabdichtung planen. Um den Sanierungsumfang zu abzusch\u00e4tzen, ist eine Sichtung unmittelbar am jeweiligen Bauk\u00f6rper zwingend angeraten. Nur wenn man die Gr\u00fcnde<br \/>\nund das Ausma\u00df der N\u00e4ssesch\u00e4den wei\u00df, kann man die entsprechenden Ma\u00dfnahmen f\u00fcr eine praktikable Kellerabdichtung festlegen.<\/p>\n<h3>Fragen Sie unseren Fachbetrieb in Sachen Kellerabdichtung!<\/h3>\n<p>Welche Mittel auch immer angebracht sind: Die Kellerabdichtung verfolgt immer den Zweck, die Mauern von Au\u00dfen und Innen auf lange Zeit wasserdicht zu machen. Mit einer zweckm\u00e4\u00dfigen Kellerabdichtung schaffen Sie die Grundlage, Ihr Wohn- oder Gesch\u00e4ftshaus langfristig vor substanzbedrohenden Feuchtigkeitssch\u00e4den zu sch\u00fctzen. Bedarfsgerecht k\u00f6nnen verschiedene Arten und Methoden der Kellerabdichtung angebracht sein. Eine Menge von qualitativen Baustoffen steht f\u00fcr diesen Zweck zum Gebrauch bereit. Gerne informieren wir Sie \u00fcber die Vorgehensweisen, die wir f\u00fcr die erfolgreiche Kellerabdichtung empfehlen.<\/p>\n","protected":false},"excerpt":{"rendered":"<p>Kompetent und gr\u00fcndlich: Wir \u00fcbernehmen die Kellerabdichtung Ein feuchter Keller kann die Bausubstanz eines Bauwerkes ernstlich beeintr\u00e4chtigen. Insbesondere von au\u00dfen einsickernde N\u00e4sse ist ein Problem, dessen sich Hauseigent\u00fcmer unbedingt annehmen sollten. Eine professionell erledigte Kellerabdichtung hilft gr\u00f6\u00dfere Sch\u00e4den zu verhindern. Die Umst\u00e4nde, die eine gro\u00dfe Kellerabdichtung notwendig machen, sind durchaus vielgestaltiger Natur. Als verbreiteste Ursache [&hellip;]<\/p>\n","protected":false},"author":1,"featured_media":0,"parent":0,"menu_order":0,"comment_status":"closed","ping_status":"closed","template":"","meta":{"footnotes":""},"class_list":["post-378","page","type-page","status-publish","hentry"],"meta_box":{"popseo_subtitel":"Die Firma TK-Geb\u00e4udetechnik Thorsten Keul ist Ihr Fachbetrieb f\u00fcr eine Kellerabdichtung im Raum Maschen","popseo_subtitel2":"Kellerabdichtung durch den Fachbetrieb!","popseo_lasttitel":"Kellerabdichtung: D\u00fcrfen wir Ihre Fragen beantworten?","popseo_region":"Maschen","popseo_sachwort":"Kellerabdichtung","popseo_noupdate":"","popseo_einleitungstext":"<p>Sie haben sich mit dem Thema Bauwerksabdichtung besch\u00e4ftigt, da Ihre Immobilie feuchte Geb\u00e4udeteile aufweist und Sie nach Methoden einer professionellen und vor allem wirksamen Sanierung Ausschau halten. Toll, dass Sie unsere Website entdeckt haben. Auf den folgenden Seiten d\u00fcrfen wir Ihnen einige Informationen zu unserem Leistungsangebot geben. Sie lernen auf dieser Website unsere Firma etwas n\u00e4her kennen. <\/p>\n<p>Die Firma TK-Geb\u00e4udetechnik Thorsten Keul ist ein spezialisierter und erfahrener Handwerksbetrieb mit Gesch\u00e4ftsssitz in Brietlingen bei L\u00fcneburg. Seit vielen Jahren schon sind wir Ihre Experten f\u00fcr alle auftretenden Fragen rund um Geb\u00e4udeabdichtung. Wir setzen ausschlie\u00dflich effektive und praxisbew\u00e4hrte Sanierungssysteme und -methoden ein. Als Sanierungsfachbetrieb schauen wir auf eine lange und intensive Berufserfahrung zur\u00fcck. Unsere engagierten Fachkr\u00e4fte informieren Sie sehr gerne im Detail.<\/p>","popseo_schlusstext":"<p>Sie haben Fragen zu unserem Leistungskatalog? Wenn Sie m\u00f6chten, informieren wir Sie n\u00e4her \u00fcber unser gesamtes Aufgabengebiet. Mit Vergn\u00fcgen nennen wir Ihnen ein paar Referenzen, die Ihnen einen Einblick in unsere Firment\u00e4tigkeit geben. Rufen Sie uns doch einfach einmal an oder schicken Sie uns eine E-Mail. Unser freundliches Team arbeitet fachkundig und immer kundenorientiert. Informationen und Terminvereinbarungen unter: <\/p>\n<p>04133 \u2013 22 37 940<\/p>","popseo_stadttext":"<h3>Die Gemeinde  Maschen<\/h2>\n<p>Unser Einzugsbereich umfasst auch Maschen. Durch unsere Gesch\u00e4ftst\u00e4tigkeit haben wir uns einen guten \u00dcberblick \u00fcber die Architektur der Gemeinden und St\u00e4dte unseres Vertriebsgebietes erarbeiten k\u00f6nnen. Wir f\u00fchlen uns der Region verpflichtet und freuen uns dar\u00fcber, auch einen Teil zur guten Infrastruktur der Gemeinde beizusteuern zu d\u00fcrfen.  <\/p>\n<h3>Gute Gr\u00fcnde sprechen f\u00fcr den Wohnort Maschen<\/h3>\n<p>In der zum Kreis Harburg z\u00e4hlenden Gemeinde Maschen leben insgesamt etwa 9.000 B\u00fcrger. Unmittelbar an Hamburg angrenzend, z\u00e4hlt Maschen zum sogenannten \u201eSpeckg\u00fcrtel\u201c der Freien und Hansestadt. Die Bev\u00f6lkerungsdichte ist ist eher knapp bemessen, was den Ort zu einer bevorzugten Wohngegend macht. Maschen ist f\u00fcr Berufspendler besonders gut ideal. Wer seine Arbeit in der Hansestadt Hamburg hat, genie\u00dft das eher beschauliche Leben in der Peripherie. Maschen verf\u00fcgt \u00fcber zahlreiche beruhigte Wohnquartiere, die von einer typischen Einzelhausbebauung bestimmt sind. Einige sch\u00f6ne Quartiere machen Maschen f\u00fcr viele Menschen besonders anziehend. Leben im Gr\u00fcnen, dabei die Gro\u00dfstadt unmittelbar vor der T\u00fcr \u2013 ein Wohnmodell, das f\u00fcr sehr viele Menschen interessant ist. Zahlreiche W\u00e4lder und Wiesen verleihen dem Ort einen teilweise nahezu bukolischen Charakter. <\/p>\n<h4>Wir f\u00fcr Sie in Maschen!<\/h4>\n<p>Gerne werden wir auch f\u00fcr Sie im Raum Maschen t\u00e4tig. D\u00fcrfen wir Sie n\u00e4her beraten? Rufen Sie uns an oder senden Sie uns eine Mail. Wir freuen uns auf Sie! Das perfekt eingespielte Team unseres Unternehmens zeichnet sich durch eine zielgerichtete Arbeit aus.<\/p>","popseo_zusatztext":"<h3>Hohe Kosten bei der Bauwerksabdichtung m\u00fcssen nicht sein<\/h3>\n<p>Sie interessieren sich f\u00fcr eine Kellertrockenlegung oder eine Sanierungsarbeit an Mauern bzw. W\u00e4nden und w\u00fcnschen sich ein entsprechendes Angebot, das eine handwerklich gute Arbeit garantiert, gleichzeitig aber keine hohen Kosten nach sich zieht. Toll, in diesem Fall sind Sie bei uns genau richtig. Als Fachbetrieb f\u00fcr Schimmelbeseitigung, Geb\u00e4udeabdichtung und Kellersanierung verarbeiten wir ausschlie\u00dflich hochwertige Materialien. Trotzdem achten wir immer auf die Kosten, die nat\u00fcrlich nicht zu hoch sein sollen. Wir m\u00f6chten Ihnen beste Qualit\u00e4t bieten, die trotzdem auch die Kosten im Blick hat. Bei uns stimmen Kosten und Qualit\u00e4t: Schon seit etlichen Jahren sind wir Ihr qualifizierter Partner f\u00fcr Trocknungs- und Sanierungsarbeiten im norddeutschen Raum. Unser Unternehmenssitz liegt verkehrsg\u00fcnstig in Brietlingen bei L\u00fcndeburg. Die Kosten stets vor Augen: Wir bieten Ihnen eine professionell durchgef\u00fchrte Sanierungsarbeit nach dem immer aktuellsten Stand der Technik.<\/p>\n<h3>Die Kosten stets vor Augen<\/h3>\n<p>D\u00fcrfen wir Sie beraten, wie Sie die Kosten f\u00fcr eine Sanierung senken k\u00f6nnen? Super, dann warten Sie bitte nicht und nehmen am besten gleich heute Verbindung mit uns auf. Ein kurzer Anruf oder auch eine kurze Email gen\u00fcgen. Eine gute und umfangreiche Beratung ist genauso wichtig wie die sachgem\u00e4\u00dfe Ausf\u00fchrung der entprechenden Arbeiten. Unsere Beratung ist nat\u00fcrlich v\u00f6llig unverbindlich. Beste Qualit\u00e4t bei moderaten Kosten: Wir empfehlen uns als spezialisiertes Unternehmen in Norddeutschland. Unsere jahrelange Erfahrung spricht f\u00fcr uns.<br \/>\nVerringern Sie die Kosten f\u00fcr Ihr Sanierungsprojekt: Setzen Sie auf die Profis der Fachfirma Keul.<\/p>","popseo_links":"<a href=\"https:\/\/bautenschutz-keul.de\/angebote\/aussenabdichtung-amt-neuhaus\/\">Au\u00dfenabdichtung Amt Neuhaus<\/a>, <a href=\"https:\/\/bautenschutz-keul.de\/angebote\/feuchtigkeitsschaden-buechen\/\">Feuchtigkeitsschaden B\u00fcchen<\/a>, <a href=\"https:\/\/bautenschutz-keul.de\/angebote\/feuchte-wand-bardowick\/\">Feuchte Wand Bardowick<\/a>, <a href=\"https:\/\/bautenschutz-keul.de\/angebote\/feuchter-keller-uelzen\/\">Feuchter Keller Uelzen<\/a>, <a href=\"https:\/\/bautenschutz-keul.de\/angebote\/salpeter-im-keller-uelzen\/\">Salpeter im Keller Uelzen<\/a>, <a href=\"https:\/\/bautenschutz-keul.de\/angebote\/aussenabdichtung-lueneburg\/\">Au\u00dfenabdichtung L\u00fcneburg<\/a>, <a href=\"https:\/\/bautenschutz-keul.de\/angebote\/rissverpressung-reppenstedt\/\">Rissverpressung Reppenstedt<\/a>, <a href=\"https:\/\/bautenschutz-keul.de\/angebote\/feuchtigkeitsschaden-adendorf\/\">Feuchtigkeitsschaden Adendorf<\/a>, <a href=\"https:\/\/bautenschutz-keul.de\/angebote\/feuchter-keller-reppenstedt\/\">Feuchter Keller Reppenstedt<\/a>, <a href=\"https:\/\/bautenschutz-keul.de\/angebote\/feuchte-wand-bergedorf-wentorf\/\">Feuchte Wand Bergedorf Wentorf<\/a>, <a href=\"https:\/\/bautenschutz-keul.de\/angebote\/aussenabdichtung-bad-bevensen\/\">Au\u00dfenabdichtung Bad Bevensen<\/a>, <a href=\"https:\/\/bautenschutz-keul.de\/angebote\/zerstoerter-putz-salzhausen\/\">zerst\u00f6rter Putz Salzhausen<\/a>, <a href=\"https:\/\/bautenschutz-keul.de\/angebote\/salpeter-im-keller-reppenstedt\/\">Salpeter im Keller Reppenstedt<\/a>, <a href=\"https:\/\/bautenschutz-keul.de\/angebote\/schimmel-seevetal-rosengarten\/\">Schimmel Seevetal Rosengarten<\/a>, <a href=\"https:\/\/bautenschutz-keul.de\/angebote\/mauertrockenlegung-stelle\/\">Mauertrockenlegung Stelle<\/a>, <a href=\"https:\/\/bautenschutz-keul.de\/angebote\/zerstoerter-putz-buechen\/\">zerst\u00f6rter Putz B\u00fcchen<\/a>, <a href=\"https:\/\/bautenschutz-keul.de\/angebote\/schimmel-lueneburg\/\">Schimmel L\u00fcneburg<\/a>, <a href=\"https:\/\/bautenschutz-keul.de\/angebote\/kellersanierung-herzogtum-lauenburg\/\">Kellersanierung Herzogtum Lauenburg<\/a>, <a href=\"https:\/\/bautenschutz-keul.de\/angebote\/innenabdichtung-ebstorf\/\">Innenabdichtung Ebstorf<\/a>, <a href=\"https:\/\/bautenschutz-keul.de\/angebote\/horizontalsperre-harburg\/\">Horizontalsperre Harburg<\/a>, <a href=\"https:\/\/bautenschutz-keul.de\/angebote\/schimmelbeseitigung-ebstorf\/\">Schimmelbeseitigung Ebstorf<\/a>, <a href=\"https:\/\/bautenschutz-keul.de\/angebote\/salpeter-im-keller-maschen\/\">Salpeter im Keller Maschen<\/a>, <a href=\"https:\/\/bautenschutz-keul.de\/angebote\/innenabdichtung-herzogtum-lauenburg\/\">Innenabdichtung Herzogtum Lauenburg<\/a>, <a href=\"https:\/\/bautenschutz-keul.de\/angebote\/bauwerksabdichtung-amt-neuhaus\/\">Bauwerksabdichtung Amt Neuhaus<\/a>, <a href=\"https:\/\/bautenschutz-keul.de\/angebote\/schimmelsanierung-stelle\/\">Schimmelsanierung Stelle<\/a>, <a href=\"https:\/\/bautenschutz-keul.de\/angebote\/zerstoerter-putz-stelle\/\">zerst\u00f6rter Putz Stelle<\/a>, <a href=\"https:\/\/bautenschutz-keul.de\/angebote\/feuchtigkeit-schwarzenbek\/\">Feuchtigkeit Schwarzenbek<\/a>, <a href=\"https:\/\/bautenschutz-keul.de\/angebote\/aufsteigende-feuchtigkeit-bergedorf-wentorf\/\">aufsteigende Feuchtigkeit Bergedorf Wentorf<\/a>"},"_links":{"self":[{"href":"https:\/\/bautenschutz-keul.de\/angebote\/wp-json\/wp\/v2\/pages\/378","targetHints":{"allow":["GET"]}}],"collection":[{"href":"https:\/\/bautenschutz-keul.de\/angebote\/wp-json\/wp\/v2\/pages"}],"about":[{"href":"https:\/\/bautenschutz-keul.de\/angebote\/wp-json\/wp\/v2\/types\/page"}],"author":[{"embeddable":true,"href":"https:\/\/bautenschutz-keul.de\/angebote\/wp-json\/wp\/v2\/users\/1"}],"replies":[{"embeddable":true,"href":"https:\/\/bautenschutz-keul.de\/angebote\/wp-json\/wp\/v2\/comments?post=378"}],"version-history":[{"count":0,"href":"https:\/\/bautenschutz-keul.de\/angebote\/wp-json\/wp\/v2\/pages\/378\/revisions"}],"wp:attachment":[{"href":"https:\/\/bautenschutz-keul.de\/angebote\/wp-json\/wp\/v2\/media?parent=378"}],"curies":[{"name":"wp","href":"https:\/\/api.w.org\/{rel}","templated":true}]}}