{"id":380,"date":"2021-09-13T08:43:56","date_gmt":"2021-09-13T06:43:56","guid":{"rendered":"https:\/\/bautenschutz-keul.de\/angebote\/kellerabdichtung-reppenstedt\/"},"modified":"2021-09-13T08:43:56","modified_gmt":"2021-09-13T06:43:56","slug":"kellerabdichtung-reppenstedt","status":"publish","type":"page","link":"https:\/\/bautenschutz-keul.de\/angebote\/kellerabdichtung-reppenstedt\/","title":{"rendered":"Kellerabdichtung &#8211; Reppenstedt"},"content":{"rendered":"<h3>Kellerabdichtung: Unsere Mitarbeiter stehen f\u00fcr Sie bereit!<\/h3>\n<p>Ein nasser Keller kann die Bausubstanz eines Hauses folgenschwer sch\u00e4digen.<br \/>\nInsbesondere von au\u00dfen einsickernde N\u00e4sse ist eine Problematik, dessen sich<br \/>\nHausbesitzer unbedingt annehmen sollten. Eine fachgerecht ausgef\u00fchrte Kellerabdichtung hilft h\u00f6here Sch\u00e4den zu vermeiden. <\/p>\n<p>Die Umst\u00e4nde, die eine umfangreiche Kellerabdichtung notwendig machen, sind regelm\u00e4\u00dfig<br \/>\nvielgestaltiger Natur. Als meist genannte Ursache sind ein hoher Wasserspiegel und auch Durchfeuchtungen beg\u00fcnstigende Hanglagen von Immobilien zu benennen. Als Pr\u00e4ventiv- und Ma\u00dfnahme m\u00fcsste man demzufolge eine gr\u00f6\u00dfere Kellerabdichtung planen. Um den Instandsetzungsbedarf zu abzusch\u00e4tzen, ist eine Analyse unmittelbar am jeweiligen Bauk\u00f6rper zwingend notwendig. Nur wenn man die Ursachen<br \/>\nund den Umfang der Duchn\u00e4ssungen kennt, kann man die entsprechenden Mittel f\u00fcr eine geeignete Kellerabdichtung ermitteln.<\/p>\n<h3>Sie interessieren sich f\u00fcr Kellerabdichtung? Dann rufen Sie uns bitte an!<\/h3>\n<p>Welche Ma\u00dfnahmen auch immer erforderlich sind: Die Kellerabdichtung verfolgt grunds\u00e4tzlich den Zweck, die Mauern von Au\u00dfen und Innen langfristig wasserdicht zu machen. Mit einer geeigneten Kellerabdichtung schaffen Sie die Basis, Ihr Haus langfristig vor substanzbedrohenden Feuchtigkeitssch\u00e4den zu sch\u00fctzen. Bedarfsgerecht k\u00f6nnen unterschiedliche Arten und Methoden der Kellerabdichtung angebracht sein. Eine Vielzahl von qualitativ wertigen Baustoffen steht diesbez\u00fcglich zum Gebrauch bereit. Gerne informieren wir Sie \u00fcber die Schritte, die wir f\u00fcr die erfolgreiche Kellerabdichtung anraten.<\/p>\n","protected":false},"excerpt":{"rendered":"<p>Kellerabdichtung: Unsere Mitarbeiter stehen f\u00fcr Sie bereit! Ein nasser Keller kann die Bausubstanz eines Hauses folgenschwer sch\u00e4digen. Insbesondere von au\u00dfen einsickernde N\u00e4sse ist eine Problematik, dessen sich Hausbesitzer unbedingt annehmen sollten. Eine fachgerecht ausgef\u00fchrte Kellerabdichtung hilft h\u00f6here Sch\u00e4den zu vermeiden. Die Umst\u00e4nde, die eine umfangreiche Kellerabdichtung notwendig machen, sind regelm\u00e4\u00dfig vielgestaltiger Natur. Als meist genannte [&hellip;]<\/p>\n","protected":false},"author":1,"featured_media":0,"parent":0,"menu_order":0,"comment_status":"closed","ping_status":"closed","template":"","meta":{"footnotes":""},"class_list":["post-380","page","type-page","status-publish","hentry"],"meta_box":{"popseo_subtitel":"Die Firma TK-Geb\u00e4udetechnik Thorsten Keul ist Ihr erfahrener Fachbetrieb f\u00fcr eine Kellerabdichtung in Reppenstedt","popseo_subtitel2":"Kellerabdichtung - unsere Experten informieren Sie gerne \u00fcber Ihre M\u00f6glichkeiten","popseo_lasttitel":"Kellerabdichtung: Wir beantworten Ihre Fragen!","popseo_region":"Reppenstedt","popseo_sachwort":"Kellerabdichtung","popseo_noupdate":"","popseo_einleitungstext":"<p>Sie haben sich mit der Bauwerksabdichtung besch\u00e4ftigt, weil Ihre Immobilie feuchte Geb\u00e4udeteile aufweist und Sie nach M\u00f6glichkeiten einer wirkungsvollen und professionellen Sanierung Ausschau halten. Sch\u00f6n, dass Sie unsere Website besuchen. Nachfolgend m\u00f6chten wir Ihnen n\u00e4here Informationen zu unserem Leistungsangebot geben. Sie lernen auf dieser Website unsere Firma n\u00e4her kennen. <\/p>\n<p>Die Firma TK-Geb\u00e4udetechnik Thorsten Keul ist ein spezialisierter und erfahrener Fachbetrieb mit Gesch\u00e4ftsssitz in Brietlingen bei L\u00fcneburg. Bereits seit vielen Jahren sind wir Ihr Spezialist f\u00fcr alle Fragen rund um die Bauwerksabdichtung. Wir setzen ausschlie\u00dflich effektive und praxisbew\u00e4hrte Sanierungsmethoden und -systeme ein. Als Sanierungsfachbetrieb schauen wir auf eine lange und intensive Berufserfahrung zur\u00fcck. Unsere gut geschulten Fachleute informieren Sie mit Vergn\u00fcgen im Detail.<\/p>","popseo_schlusstext":"<p>Auf Wunsch informieren wir Sie n\u00e4her \u00fcber unser T\u00e4tigkeitsspektrum. Wir pr\u00e4sentieren Ihnen mit Vergn\u00fcgen auch ein paar Referenzprojekte, die Ihnen einen Einblick in unsere Arbeit geben.<br \/>\nWir sind f\u00fcr Sie da. Rufen Sie uns doch rasch einmal an oder schreiben Sie uns eine kurze E-Mail. Wir freuen uns auf Ihre Kontaktaufnahme.<\/p>","popseo_stadttext":"<h3>Anfragen erhalten wir auch aus Reppenstedt<\/h3>\n<p>Sie kommen aus Reppenstedt, Westergellersen, S\u00fcdergellersen oder Kirchgellersen und sind hier im Internet auf unsere Homepage gesto\u00dfen? Das finden wir toll. Gerne pr\u00e4sentieren wir Ihnen unser komplettes Leistungsspektrum und beantworten Ihre Fragen. Durch unsere Vertriebst\u00e4tigkeit haben wir uns einen ausgezeichneten \u00dcberblick \u00fcber die Architektur der Gemeinden und St\u00e4dte unseres Einzugsbereiches erarbeiten k\u00f6nnen. Nat\u00fcrlich z\u00e4hlen auch Reppenstedt und die anderen Ortschaften der Samtgemeinde Gellersen zu unserem unmittelbaren Gesch\u00e4ftsgebiet. Wir freuen uns darauf, mit Ihnen in Kontakt zu treten. <\/p>\n<h3>Ein paar Hintergrundinformationen zu Reppenstedt<\/h3>\n<p>\u00dcber 7.600 Anwohner z\u00e4hlt Reppenstedt. Das Gemeindegebiet umfasst ein Gesamtareal von etwas weniger als 14 qkm. Reppenstedt ist Sitz der Samtgemeinde Gellersen, einem Zusammenschluss von kleineren Ortschaften, zu dem neben Reppenstedt selbst auch Westergellersen, Kirchgellersen und S\u00fcdergellersen geh\u00f6ren. Die Samtgemeinde z\u00e4hlt insgesamt knapp 14.000 B\u00fcrger und erstreckt sich \u00fcber eine Fl\u00e4che von zirka 73 km\u00b2. Reppenstedt schlie\u00dft unmittelbar westlich an L\u00fcneburg an. \u00dcber die Landesstra\u00dfe 216 und die Kreisstra\u00dfe 50 ist die Gemeinde einfach und bequem mit dem Auto zu erreichen. Dar\u00fcber hinaus gibt es eine Busverbindung nach L\u00fcneburg. Reppenstedt ist ein familiengeeigneter Ort. Die Gemeinde \u00fcberzeugt wegen ihrer direkten Anbindung an L\u00fcneburg durch eine ausgezeichnete Infrastruktur. Reppenstedt ist ein Ort mit einer attraktiven naturnahen Umgebung. <\/p>\n<h4>Wir f\u00fcr Sie in Reppenstedt!<\/h4>\n<p>Das Leben in Reppenstedt, Westergellersen, Kirchgellersen und S\u00fcdergellersen ist romantisch. Alle Orte der Samtgemeinde Gellersen verf\u00fcgen \u00fcber sch\u00f6ne Wohngebiete, die vor allem von einer angenehmen Einzelhausbebauung gepr\u00e4gt sind. Sie interessieren sich f\u00fcr unser Leistungsangebot und haben deshalb unsere Website besucht? Das freut uns sehr. Unser freundliches Team nimmt gerne Ihren Anruf entgegen oder beantwortet Ihre E-Mail.<\/p>","popseo_zusatztext":"<h3>Hohe Kosten bei der Bauwerksabdichtung m\u00fcssen nicht sein<\/h3>\n<p>Sie sind interessiert an Trocknungs- oder Sanierungsarbeiten und m\u00f6chten gerne ein individuelles Angebot, das eine handwerklich gute Arbeit garantiert, gleichzeitig aber keine hohen Kosten verursacht. Toll, dann sind Sie bei uns genau richtig. Als Handwerksbetrieb f\u00fcr Bauwerksabdichtung, Schimmelbeseitigung und Kellersanierung verarbeiten wir nur ausgezeichnete Materialien. Nichtsdestotrotz achten wir immer auf die Kosten, die selbstverst\u00e4ndlich \u00fcberschaubar bleiben sollen. Wir m\u00f6chten Ihnen beste Qualit\u00e4t bieten, die gleichzeitig auch die Kosten im Blick beh\u00e4lt. Bei uns stimmen Kosten und Qualit\u00e4t: Seit vielen Jahren schon sind wir Ihr qualifizierter Fachbetrieb f\u00fcr Trocknungs- und Sanierungsarbeiten in Norddeutschland. Unser Firmensitz liegt verkehrsg\u00fcnstig in Brietlingen bei L\u00fcndeburg. Die Kosten stets im Blick: Wir stehen f\u00fcr eine fachm\u00e4nnisch durchgef\u00fchrte Arbeit nach dem stets derzeitigen Stand der Technik.<\/p>\n<h3>Kosten vs. Leistung: Eine Sanierung rechnet sich!<\/h3>\n<p>D\u00fcrfen wir Sie informieren, wie Sie die Kosten f\u00fcr eine Sanierung reduzieren? Klasse, dann z\u00f6gern Sie bitte nicht und nehmen am besten gleich heute Verbindung mit uns auf. Ein kurzer Anruf oder eine kurze E-Mail gen\u00fcgen. Eine fachlich versierte Beratung ist genauso wichtig wie die fachgerechte Ausf\u00fchrung der entsprechenden T\u00e4tigkeiten. Unsere Beratung ist selbstverst\u00e4ndlich v\u00f6llig unverbindlich. Beste Qualit\u00e4t bei \u00fcberschaubaren Kosten: Wir empfehlen uns als spezialisiertes Fachunternehmen in Norddeutschland. Unsere gro\u00dfe Erfahrung spricht f\u00fcr uns.<br \/>\nVerringern Sie die Kosten f\u00fcr Ihr Sanierungsprojekt: Setzen Sie auf die Profis der Fachfirma Keul.<\/p>","popseo_links":"<a href=\"https:\/\/bautenschutz-keul.de\/angebote\/feuchte-wand-bienenbuettel\/\">Feuchte Wand Bienenb\u00fcttel<\/a>, <a href=\"https:\/\/bautenschutz-keul.de\/angebote\/feuchter-keller-bienenbuettel\/\">Feuchter Keller Bienenb\u00fcttel<\/a>, <a href=\"https:\/\/bautenschutz-keul.de\/angebote\/schimmelsanierung-boizenburg\/\">Schimmelsanierung Boizenburg<\/a>, <a href=\"https:\/\/bautenschutz-keul.de\/angebote\/aufsteigende-feuchtigkeit-jesteburg\/\">aufsteigende Feuchtigkeit Jesteburg<\/a>, <a href=\"https:\/\/bautenschutz-keul.de\/angebote\/zerstoerter-putz-buechen\/\">zerst\u00f6rter Putz B\u00fcchen<\/a>, <a href=\"https:\/\/bautenschutz-keul.de\/angebote\/salpeter-im-keller-hanstedt\/\">Salpeter im Keller Hanstedt<\/a>, <a href=\"https:\/\/bautenschutz-keul.de\/angebote\/aufsteigende-feuchtigkeit-reppenstedt\/\">aufsteigende Feuchtigkeit Reppenstedt<\/a>, <a href=\"https:\/\/bautenschutz-keul.de\/angebote\/innenabdichtung-bardowick\/\">Innenabdichtung Bardowick<\/a>, <a href=\"https:\/\/bautenschutz-keul.de\/angebote\/innenabdichtung-tostedt-sittensen\/\">Innenabdichtung Tostedt Sittensen<\/a>, <a href=\"https:\/\/bautenschutz-keul.de\/angebote\/feuchte-wand-amelinghausen\/\">Feuchte Wand Amelinghausen<\/a>, <a href=\"https:\/\/bautenschutz-keul.de\/angebote\/schimmelbeseitigung-stelle\/\">Schimmelbeseitigung Stelle<\/a>, <a href=\"https:\/\/bautenschutz-keul.de\/angebote\/rissverpressung-seevetal-rosengarten\/\">Rissverpressung Seevetal Rosengarten<\/a>, <a href=\"https:\/\/bautenschutz-keul.de\/angebote\/aufsteigende-feuchtigkeit-brietlingen\/\">aufsteigende Feuchtigkeit Brietlingen<\/a>, <a href=\"https:\/\/bautenschutz-keul.de\/angebote\/kellertrockenlegung-schwarzenbek\/\">Kellertrockenlegung Schwarzenbek<\/a>, <a href=\"https:\/\/bautenschutz-keul.de\/angebote\/schimmelsanierung-bergedorf-wentorf\/\">Schimmelsanierung Bergedorf Wentorf<\/a>, <a href=\"https:\/\/bautenschutz-keul.de\/angebote\/feuchtigkeitsschaden-geesthacht\/\">Feuchtigkeitsschaden Geesthacht<\/a>, <a href=\"https:\/\/bautenschutz-keul.de\/angebote\/feuchte-wand-harburg\/\">Feuchte Wand Harburg<\/a>, <a href=\"https:\/\/bautenschutz-keul.de\/angebote\/schimmelbeseitigung-glinde-sachsenwald\/\">Schimmelbeseitigung Glinde Sachsenwald<\/a>, <a href=\"https:\/\/bautenschutz-keul.de\/angebote\/feuchte-mauer-amt-neuhaus\/\">Feuchte Mauer Amt Neuhaus<\/a>, <a href=\"https:\/\/bautenschutz-keul.de\/angebote\/mauertrockenlegung-jesteburg\/\">Mauertrockenlegung Jesteburg<\/a>, <a href=\"https:\/\/bautenschutz-keul.de\/angebote\/schimmel-bad-bevensen\/\">Schimmel Bad Bevensen<\/a>, <a href=\"https:\/\/bautenschutz-keul.de\/angebote\/bauwerksabdichtung-bergedorf-wentorf\/\">Bauwerksabdichtung Bergedorf Wentorf<\/a>, <a href=\"https:\/\/bautenschutz-keul.de\/angebote\/horizontalsperre-buchholz-in-der-nordheide\/\">Horizontalsperre Buchholz in der Nordheide<\/a>, <a href=\"https:\/\/bautenschutz-keul.de\/angebote\/feuchte-wand-bad-bevensen\/\">Feuchte Wand Bad Bevensen<\/a>, <a href=\"https:\/\/bautenschutz-keul.de\/angebote\/schimmel-stelle\/\">Schimmel Stelle<\/a>, <a href=\"https:\/\/bautenschutz-keul.de\/angebote\/schimmelsanierung-buechen\/\">Schimmelsanierung B\u00fcchen<\/a>, <a href=\"https:\/\/bautenschutz-keul.de\/angebote\/bauwerksabdichtung-harburg\/\">Bauwerksabdichtung Harburg<\/a>, <a href=\"https:\/\/bautenschutz-keul.de\/angebote\/feuchte-wand-seevetal-rosengarten\/\">Feuchte Wand Seevetal Rosengarten<\/a>"},"_links":{"self":[{"href":"https:\/\/bautenschutz-keul.de\/angebote\/wp-json\/wp\/v2\/pages\/380","targetHints":{"allow":["GET"]}}],"collection":[{"href":"https:\/\/bautenschutz-keul.de\/angebote\/wp-json\/wp\/v2\/pages"}],"about":[{"href":"https:\/\/bautenschutz-keul.de\/angebote\/wp-json\/wp\/v2\/types\/page"}],"author":[{"embeddable":true,"href":"https:\/\/bautenschutz-keul.de\/angebote\/wp-json\/wp\/v2\/users\/1"}],"replies":[{"embeddable":true,"href":"https:\/\/bautenschutz-keul.de\/angebote\/wp-json\/wp\/v2\/comments?post=380"}],"version-history":[{"count":0,"href":"https:\/\/bautenschutz-keul.de\/angebote\/wp-json\/wp\/v2\/pages\/380\/revisions"}],"wp:attachment":[{"href":"https:\/\/bautenschutz-keul.de\/angebote\/wp-json\/wp\/v2\/media?parent=380"}],"curies":[{"name":"wp","href":"https:\/\/api.w.org\/{rel}","templated":true}]}}