{"id":382,"date":"2021-09-13T08:43:56","date_gmt":"2021-09-13T06:43:56","guid":{"rendered":"https:\/\/bautenschutz-keul.de\/angebote\/kellerabdichtung-schwarzenbek\/"},"modified":"2021-09-13T08:43:56","modified_gmt":"2021-09-13T06:43:56","slug":"kellerabdichtung-schwarzenbek","status":"publish","type":"page","link":"https:\/\/bautenschutz-keul.de\/angebote\/kellerabdichtung-schwarzenbek\/","title":{"rendered":"Kellerabdichtung &#8211; Schwarzenbek"},"content":{"rendered":"<h3>Kellerabdichtung \u2013 wir \u00fcbernehmen das!<\/h3>\n<p>Ein nasser Keller kann die bauliche Beschaffenheit eines Hauses erheblich sch\u00e4digen.<br \/>\nBesonders von au\u00dfen eintretende Feuchtigkeit ist ein Thema, dessen sich<br \/>\nImmobilienbesitzer auf jeden Fall annehmen sollten. Eine fachm\u00e4nnisch ausgef\u00fchrte Kellerabdichtung hilft gr\u00f6\u00dfere Aufwendungen zu verhindern. <\/p>\n<p>Die Ursachen, die eine umfassende Kellerabdichtung unvermeidlich machen, sind grunds\u00e4tzlich<br \/>\nvielgestaltiger Natur. Als h\u00e4ufigste Ursache sind ein anhaltend hoher Grundwasserspiegel sowie auch Durchfeuchtungen beg\u00fcnstigende Hanglagen von H\u00e4usern zu nennen. Als Pr\u00e4ventiv- und Sanierungsma\u00dfnahme k\u00f6nnte man demzufolge eine vollumf\u00e4ngliche Kellerabdichtung planen. Um den Instandsetzungsbedarf zu festzustellen, ist eine Analyse direkt am jeweiligen Bauk\u00f6rper unbedingt notwendig. Nur wenn man die Ursachen<br \/>\nund das Ausma\u00df der Duchn\u00e4ssungen wei\u00df, kann man die notwendigen Ma\u00dfnahmen f\u00fcr eine geeignete Kellerabdichtung ermitteln.<\/p>\n<h3>Kellerabdichtung: Wir sanieren kompetent und schnell!<\/h3>\n<p>Welche Methoden auch immer angebracht sind: Die Kellerabdichtung verfolgt immer den Zweck, die Mauern von Innen und Au\u00dfen auf lange Zeit wasserdicht zu machen. Mit einer geeigneten Kellerabdichtung schaffen Sie die Grundlage, Ihr Geb\u00e4ude best\u00e4ndig vor substanzbedrohenden Feuchtigkeitssch\u00e4den zu bewahren. Bedarfsabh\u00e4ngig k\u00f6nnen verschiedene Arten und Vorgehensweisen der Kellerabdichtung notwendig sein. Eine Menge von hochwertigen Baustoffen steht daf\u00fcr zum Gebrauch bereit. Sehr gerne informieren wir Sie \u00fcber die Schritte, die wir f\u00fcr die wirkungsvolle Kellerabdichtung anraten.<\/p>\n","protected":false},"excerpt":{"rendered":"<p>Kellerabdichtung \u2013 wir \u00fcbernehmen das! Ein nasser Keller kann die bauliche Beschaffenheit eines Hauses erheblich sch\u00e4digen. Besonders von au\u00dfen eintretende Feuchtigkeit ist ein Thema, dessen sich Immobilienbesitzer auf jeden Fall annehmen sollten. Eine fachm\u00e4nnisch ausgef\u00fchrte Kellerabdichtung hilft gr\u00f6\u00dfere Aufwendungen zu verhindern. Die Ursachen, die eine umfassende Kellerabdichtung unvermeidlich machen, sind grunds\u00e4tzlich vielgestaltiger Natur. Als h\u00e4ufigste [&hellip;]<\/p>\n","protected":false},"author":1,"featured_media":0,"parent":0,"menu_order":0,"comment_status":"closed","ping_status":"closed","template":"","meta":{"footnotes":""},"class_list":["post-382","page","type-page","status-publish","hentry"],"meta_box":{"popseo_subtitel":"Wir sind Ihr Fachanbieter f\u00fcr eine Kellerabdichtung in Schwarzenbek","popseo_subtitel2":"Kellerabdichtung - setzen Sie auf unsere Erfahrung","popseo_lasttitel":"Kellerabdichtung: Wir informieren Sie gerne auch pers\u00f6nlich!","popseo_region":"Schwarzenbek","popseo_sachwort":"Kellerabdichtung","popseo_noupdate":"","popseo_einleitungstext":"<p>Sie haben sich mit dem Thema Bauwerksabdichtung besch\u00e4ftigt, weil Ihr Haus feuchte Geb\u00e4udebereiche aufweist und Sie nach M\u00f6glichkeiten einer wirkungsvollen und professionellen Sanierung Ausschau halten. Sch\u00f6n, dass Sie unsere Website besuchen. Nachfolgend m\u00f6chten wir Ihnen n\u00e4here Informationen zu unserem Leistungsangebot geben. Sie lernen auf dieser Internetseite unsere Firma etwas n\u00e4her kennen. <\/p>\n<p>Unser Unternehmen ist ein versierter und erfahrener Handwerksbetrieb mit Sitz in Brietlingen bei L\u00fcneburg. Seit vielen Jahren schon sind wir Ihre Experten f\u00fcr s\u00e4mtliche Fragen rund um die Bauwerksabdichtung. Wir setzen ausschlie\u00dflich effektive und praxisbew\u00e4hrte Sanierungsmethoden und -systeme ein. Als Fachbetrieb f\u00fcr Abdichtung und Sanierung schauen wir auf eine lange Berufserfahrung zur\u00fcck. Unsere versierten Fachleute informieren Sie gerne im Detail.<\/p>","popseo_schlusstext":"<p>Sie suchen einen Spezialisten f\u00fcr die fachgerecht ausgef\u00fchrte Bauwerksabdichtung. Dann melden Sie sich am besten noch heute bei uns. Wir freuen uns auf das Gespr\u00e4ch mit Ihnen. Wenn es um Sanierung geht, sind wir Ihr qualifizierter Handwerkspartner. Wir bieten Ihnen eine sachkundig ausgef\u00fchrte Arbeit nach dem immer neuesten Stand der Technik.<\/p>","popseo_stadttext":"<h3>Unsere Leistung auch in Schwarzenbek<\/h3>\n<p>Unser Einzugsbereich umfasst auch Schwarzenbek. Durch unsere Gesch\u00e4ftst\u00e4tigkeit haben wir uns einen guten \u00dcberblick \u00fcber die Stadtarchitektur der St\u00e4dte und Gemeinden unseres Vertriebsgebietes machen k\u00f6nnen. Wir f\u00fchlen uns der Region verpflichtet und freuen uns dar\u00fcber, auch unseren Teil zur gesunden Infrastruktur der Stadt Schwarzenbek beizusteuern zu d\u00fcrfen.  <\/p>\n<h3>Einige interessante Informationen \u00fcber Schwarzenbek<\/h3>\n<p>Die Kleinstadt Schwarzenbek geh\u00f6rt formaljuristisch zum schleswig-holsteinischen Kreis Herzogtum Lauenburg. In Schwarzenbek leben circa 15.000 Menschen auf einer Gesamtfl\u00e4che von gut 11 Quadratkilometern. Schwarzenbek ist Verwaltungssitz des Amtes Schwarzenbek-Land. Schwarzenbek begeistert speziell durch seine sch\u00f6n gelegenen Wohngebiete. Die Einzelhausbebauung \u00fcberwiegt in der lauenburgischen Kleinstadt ganz augenf\u00e4llig. Mehrgeschossige Wohnhaussiedlungen sind in Schwarzenbek erkennbar in der Minderheit.<\/p>\n<p>Die r\u00e4umliche N\u00e4he zur Freien und Hansestadt Hamburg ist ein entscheidender Standortfaktor der Gemeinde. Kaum mehr als gut 35 Kilometer liegt die gr\u00f6\u00dfte Stadt Norddeutschlands von Schwarzenbek entfernt. F\u00fcr die Wohnstatt Schwarzenbek eine ideale Situation: Wer seinen Arbeitgeber in Hamburg hat, f\u00e4hrt nicht sehr lange bis zum Lebensmittelpunkt in Schwarzenbek. Das vorrangig ruhige Leben auf dem Lande kombiniert sich auf perfekte Weise mit den Vorteilen der Gro\u00dfstadt.<br \/>\nEine funktionierende Infrastruktur macht das Leben in Schwarzenbek besonders f\u00fcr junge Familien interessant. Die Stadt ist Teil vom Hamburger Verkehrsverbund (HVV). Auf dem Schienenweg erreicht man Schwarzenbek \u00fcber die Streckenverbindung Hamburg-Berlin. Zum Hauptbahnhof Hamburg ben\u00f6tigt man ca. 20 Minuten. <\/p>\n<h3>Schwarzenbek \u2013 beliebt bei jungen Familien<\/h3>\n<p>Die Gemeinde Schwarzenbek wurde unl\u00e4ngst mit dem sog. Europapreis ausgezeichnet. Die Auszeichnung wird Gemeinden verliehen, die sich sich besonders intensiv f\u00fcr die Ausbreitung des europ\u00e4ischen Einigungsgedankens stark gemacht haben. Schwarzenbek tr\u00e4gt den Titel \u201eEuropastadt\u201c mit Stolz.<br \/>\nAufgrund der exponierten Lage im Kreis Herzogtum Lauenburg wird Schwarzenbek zuweilen auch als \u201eStadt der Mitte\u201c bezeichnet. Schwarzenbek war nebenbei eine der ersten St\u00e4dte in Norddeutschland, die auf den Ortsschildern den Stadtnamen auch auf Plattdeutsch geschrieben haben. Eine tolle Idee, die zwischenzeitlich zahllose Nachahmer gefunden hat. <\/p>\n<h4>Privat- und Gesch\u00e4ftskunden aus Schwarzenbek sch\u00e4tzen unsere Leistungen!<\/h4>\n<p>Gerne werden wir auch f\u00fcr Sie im Raum Schwarzenbek t\u00e4tig. D\u00fcrfen wir Sie n\u00e4her beraten? Kontaktieren sie uns per Telefon oder senden Sie uns eine eMail. Wir freuen uns auf das Gespr\u00e4ch mit Ihnen! Das Team unseres Fachbetriebes ist eingespielt und arbeitet perfekt \u201eHand in Hand\u201c.<\/p>","popseo_zusatztext":"<h3>Wir haben die Kosten im Blick<\/h3>\n<p>Sie haben Interesse an Trocknungs- oder Sanierungsarbeiten und m\u00f6chten gerne ein entsprechendes Angebot, das eine handwerklich gute Arbeit garantiert, gleichzeitig aber die Kosten im Blick hat. Super, dann sind Sie bei uns genau richtig. Als Fachbetrieb f\u00fcr Bauwerksabdichtung, Kellersanierung und Schimmelbeseitigung verarbeiten wir ausschlie\u00dflich ausgezeichnete Materialien. Trotzdem schauen wir nat\u00fcrlich auf die Kosten, die selbstverst\u00e4ndlich \u00fcberschaubar bleiben sollen. Wir m\u00f6chten Ihnen Qualit\u00e4t bieten, die trotzdem auch die Kosten im Blick beh\u00e4lt. Bei uns stimmen Kosten und Leistung: Schon seit etlichen Jahren sind wir Ihr qualifizierter Partner f\u00fcr Trocknungs- und Sanierungsarbeiten in Norddeutschland. Unser Firmensitz befindet sich verkehrsg\u00fcnstig in Brietlingen bei L\u00fcndeburg. Die Kosten stets vor Augen: Wir stehen f\u00fcr eine fachkundig ausgef\u00fchrte Arbeit nach dem stets neuesten Stand der Technik.<\/p>\n<h3>Trocknung und Sanierung durch die Firma Wist: Beste Arbeit, geringe Kosten!<\/h3>\n<p>D\u00fcrfen wir Sie beraten, wie Sie die Kosten f\u00fcr eine Sanierung begrenzen k\u00f6nnen? Toll, dann z\u00f6gern Sie bitte nicht und nehmen am besten noch heute Verbindung mit uns auf. Ein kurzer Anruf oder eine kurze E-Mail gen\u00fcgen. Die fachlich versierte Beratung ist gleicherma\u00dfen wichtig wie die perfekte Projektausf\u00fchrung. Unsere Beratung ist nat\u00fcrlich absolut unverbindlich. Beste Qualit\u00e4t bei moderaten Kosten: Wir empfehlen uns als spezialisiertes Unternehmen in Norddeutschland. Unsere langj\u00e4hrige Erfahrung spricht f\u00fcr uns.<br \/>\nSenken Sie die Kosten f\u00fcr Ihr Sanierungsprojekt: Setzen Sie auf die Profis der Fachfirma Keul.<\/p>","popseo_links":"<a href=\"https:\/\/bautenschutz-keul.de\/angebote\/schimmel-harburg\/\">Schimmel Harburg<\/a>, <a href=\"https:\/\/bautenschutz-keul.de\/angebote\/schimmelbeseitigung-maschen\/\">Schimmelbeseitigung Maschen<\/a>, <a href=\"https:\/\/bautenschutz-keul.de\/angebote\/schimmelbeseitigung-lueneburg\/\">Schimmelbeseitigung L\u00fcneburg<\/a>, <a href=\"https:\/\/bautenschutz-keul.de\/angebote\/horizontalsperre-bispingen\/\">Horizontalsperre Bispingen<\/a>, <a href=\"https:\/\/bautenschutz-keul.de\/angebote\/horizontalsperre-bienenbuettel\/\">Horizontalsperre Bienenb\u00fcttel<\/a>, <a href=\"https:\/\/bautenschutz-keul.de\/angebote\/feuchtigkeit-stelle\/\">Feuchtigkeit Stelle<\/a>, <a href=\"https:\/\/bautenschutz-keul.de\/angebote\/aufsteigende-feuchtigkeit-bad-bevensen\/\">aufsteigende Feuchtigkeit Bad Bevensen<\/a>, <a href=\"https:\/\/bautenschutz-keul.de\/angebote\/aufsteigende-feuchtigkeit-maschen\/\">aufsteigende Feuchtigkeit Maschen<\/a>, <a href=\"https:\/\/bautenschutz-keul.de\/angebote\/salpeter-im-keller-ebstorf\/\">Salpeter im Keller Ebstorf<\/a>, <a href=\"https:\/\/bautenschutz-keul.de\/angebote\/salpeter-im-keller-glinde-sachsenwald\/\">Salpeter im Keller Glinde Sachsenwald<\/a>, <a href=\"https:\/\/bautenschutz-keul.de\/angebote\/feuchter-keller-buchholz-in-der-nordheide\/\">Feuchter Keller Buchholz in der Nordheide<\/a>, <a href=\"https:\/\/bautenschutz-keul.de\/angebote\/bauwerksabdichtung-boizenburg\/\">Bauwerksabdichtung Boizenburg<\/a>, <a href=\"https:\/\/bautenschutz-keul.de\/angebote\/salpeter-im-keller-hanstedt\/\">Salpeter im Keller Hanstedt<\/a>, <a href=\"https:\/\/bautenschutz-keul.de\/angebote\/schimmelbeseitigung-amt-neuhaus\/\">Schimmelbeseitigung Amt Neuhaus<\/a>, <a href=\"https:\/\/bautenschutz-keul.de\/angebote\/aufsteigende-feuchtigkeit-herzogtum-lauenburg\/\">aufsteigende Feuchtigkeit Herzogtum Lauenburg<\/a>, <a href=\"https:\/\/bautenschutz-keul.de\/angebote\/feuchter-keller-bardowick\/\">Feuchter Keller Bardowick<\/a>, <a href=\"https:\/\/bautenschutz-keul.de\/angebote\/salpeter-im-keller-bienenbuettel\/\">Salpeter im Keller Bienenb\u00fcttel<\/a>, <a href=\"https:\/\/bautenschutz-keul.de\/angebote\/schimmel-uelzen\/\">Schimmel Uelzen<\/a>, <a href=\"https:\/\/bautenschutz-keul.de\/angebote\/feuchte-wand-amelinghausen\/\">Feuchte Wand Amelinghausen<\/a>, <a href=\"https:\/\/bautenschutz-keul.de\/angebote\/mauertrockenlegung-brietlingen\/\">Mauertrockenlegung Brietlingen<\/a>, <a href=\"https:\/\/bautenschutz-keul.de\/angebote\/kellertrockenlegung-reppenstedt\/\">Kellertrockenlegung Reppenstedt<\/a>, <a href=\"https:\/\/bautenschutz-keul.de\/angebote\/feuchte-mauer-brietlingen\/\">Feuchte Mauer Brietlingen<\/a>, <a href=\"https:\/\/bautenschutz-keul.de\/angebote\/kellertrockenlegung-glinde-sachsenwald\/\">Kellertrockenlegung Glinde Sachsenwald<\/a>, <a href=\"https:\/\/bautenschutz-keul.de\/angebote\/kellersanierung-reinbek-aumuehle\/\">Kellersanierung Reinbek Aum\u00fchle<\/a>, <a href=\"https:\/\/bautenschutz-keul.de\/angebote\/schimmelbeseitigung-bispingen\/\">Schimmelbeseitigung Bispingen<\/a>, <a href=\"https:\/\/bautenschutz-keul.de\/angebote\/zerstoerter-putz-jesteburg\/\">zerst\u00f6rter Putz Jesteburg<\/a>, <a href=\"https:\/\/bautenschutz-keul.de\/angebote\/mauertrockenlegung-herzogtum-lauenburg\/\">Mauertrockenlegung Herzogtum Lauenburg<\/a>, <a href=\"https:\/\/bautenschutz-keul.de\/angebote\/feuchtigkeit-seevetal-rosengarten\/\">Feuchtigkeit Seevetal Rosengarten<\/a>"},"_links":{"self":[{"href":"https:\/\/bautenschutz-keul.de\/angebote\/wp-json\/wp\/v2\/pages\/382","targetHints":{"allow":["GET"]}}],"collection":[{"href":"https:\/\/bautenschutz-keul.de\/angebote\/wp-json\/wp\/v2\/pages"}],"about":[{"href":"https:\/\/bautenschutz-keul.de\/angebote\/wp-json\/wp\/v2\/types\/page"}],"author":[{"embeddable":true,"href":"https:\/\/bautenschutz-keul.de\/angebote\/wp-json\/wp\/v2\/users\/1"}],"replies":[{"embeddable":true,"href":"https:\/\/bautenschutz-keul.de\/angebote\/wp-json\/wp\/v2\/comments?post=382"}],"version-history":[{"count":0,"href":"https:\/\/bautenschutz-keul.de\/angebote\/wp-json\/wp\/v2\/pages\/382\/revisions"}],"wp:attachment":[{"href":"https:\/\/bautenschutz-keul.de\/angebote\/wp-json\/wp\/v2\/media?parent=382"}],"curies":[{"name":"wp","href":"https:\/\/api.w.org\/{rel}","templated":true}]}}