{"id":383,"date":"2021-09-13T08:43:56","date_gmt":"2021-09-13T06:43:56","guid":{"rendered":"https:\/\/bautenschutz-keul.de\/angebote\/kellerabdichtung-seevetal-rosengarten\/"},"modified":"2021-09-13T08:43:56","modified_gmt":"2021-09-13T06:43:56","slug":"kellerabdichtung-seevetal-rosengarten","status":"publish","type":"page","link":"https:\/\/bautenschutz-keul.de\/angebote\/kellerabdichtung-seevetal-rosengarten\/","title":{"rendered":"Kellerabdichtung &#8211; Seevetal Rosengarten"},"content":{"rendered":"<h3>Kellerabdichtung \u2013 wir \u00fcbernehmen das!<\/h3>\n<p>Ein feuchter Keller kann die Bausubstanz eines Geb\u00e4udes folgenschwer beeintr\u00e4chtigen.<br \/>\nBesonders von au\u00dfen einsickernde N\u00e4sse ist ein Thema, dessen sich<br \/>\nHauseigent\u00fcmer unbedingt annehmen sollten. Eine fachgerecht ausgef\u00fchrte Kellerabdichtung hilft h\u00f6here Aufwendungen zu vermeiden. <\/p>\n<p>Die Gr\u00fcnde, die eine gro\u00dfe Kellerabdichtung notwendig machen, sind meist<br \/>\nvielf\u00e4ltiger Natur. Als h\u00e4ufigste Ursache sind ein hoher Grundwasserspiegel und auch Durchfeuchtungen f\u00f6rdernde Hanglagen von H\u00e4usern zu nennen. Als Pr\u00e4ventiv- oder Ma\u00dfnahme sollte man entsprechend eine umfangreiche Kellerabdichtung ins Auge fassen. Um den Sanierungsumfang zu definieren, ist eine Sichtung unmittelbar am entsprechenden Bauk\u00f6rper zwingend notwendig. Nur wenn man die Ursachen<br \/>\nund das Ausma\u00df der Feuchtigkeitssch\u00e4den wei\u00df, kann man die entsprechenden Mittel f\u00fcr eine praktikable Kellerabdichtung festlegen.<\/p>\n<h3>Fragen Sie unseren Fachbetrieb in Sachen Kellerabdichtung!<\/h3>\n<p>Welche Methoden auch immer erforderlich sind: Die Kellerabdichtung verfolgt immer den Zweck, die Mauern von Au\u00dfen und Innen auf Dauer wasserundurchl\u00e4ssig zu machen. Mit einer passenden Kellerabdichtung schaffen Sie die Voraussetzung, Ihr Haus langfristig vor substanzbedrohenden Feuchtigkeitssch\u00e4den zu sch\u00fctzen. Bedarfsgerecht k\u00f6nnen unterschiedliche Arten und Methoden der Kellerabdichtung angebracht sein. Eine Vielzahl von qualitativ wertigen Baustoffen steht hierf\u00fcr zum Gebrauch bereit. Gerne informieren wir Sie \u00fcber die Ma\u00dfnahmen, die wir f\u00fcr die erfolgreiche Kellerabdichtung empfehlen.<\/p>\n","protected":false},"excerpt":{"rendered":"<p>Kellerabdichtung \u2013 wir \u00fcbernehmen das! Ein feuchter Keller kann die Bausubstanz eines Geb\u00e4udes folgenschwer beeintr\u00e4chtigen. Besonders von au\u00dfen einsickernde N\u00e4sse ist ein Thema, dessen sich Hauseigent\u00fcmer unbedingt annehmen sollten. Eine fachgerecht ausgef\u00fchrte Kellerabdichtung hilft h\u00f6here Aufwendungen zu vermeiden. Die Gr\u00fcnde, die eine gro\u00dfe Kellerabdichtung notwendig machen, sind meist vielf\u00e4ltiger Natur. Als h\u00e4ufigste Ursache sind ein [&hellip;]<\/p>\n","protected":false},"author":1,"featured_media":0,"parent":0,"menu_order":0,"comment_status":"closed","ping_status":"closed","template":"","meta":{"footnotes":""},"class_list":["post-383","page","type-page","status-publish","hentry"],"meta_box":{"popseo_subtitel":"Wir sind Ihr Fachunternehmen f\u00fcr eine Kellerabdichtung in Seevetal Rosengarten","popseo_subtitel2":"Kellerabdichtung durch den Fachbetrieb!","popseo_lasttitel":"Kellerabdichtung: Treten Sie in Kontakt mit uns!","popseo_region":"Seevetal Rosengarten","popseo_sachwort":"Kellerabdichtung","popseo_noupdate":"","popseo_einleitungstext":"<p>Wenn es um Geb\u00e4udeabdichtung geht, sind Sie bei der Firma TK-Geb\u00e4udetechnik genau an der richtigen Adresse. Seit Firmengr\u00fcndung sind wir Ihre lokalen Spezialisten f\u00fcr die Kellerabdichtung, das Setzen von Horizontalsperren und ganz allgemein f\u00fcr wirkungsvolle Methoden gegen aufsteigende Feuchtigkeit. Unsere Fachleute beurteilen den aktuellen Zustand von W\u00e4nden und Mauern und zeigen Ihnen, wie Sie die Bausubstanz Ihres Wohn- oder Gesch\u00e4ftsgeb\u00e4udes dauerhaft sch\u00fctzen k\u00f6nnen. Im Folgenden haben wir einige erste Informationen f\u00fcr Sie zusammengetragen.<\/p>","popseo_schlusstext":"<p>Sie haben Fragen zu unserem Leistungskatalog? Wenn Sie m\u00f6chten, informieren wir Sie n\u00e4her \u00fcber unser gesamtes T\u00e4tigkeitsspektrum. Mit Vergn\u00fcgen nennen wir Ihnen ein paar Referenzen, die Ihnen einen Einblick in unsere Arbeit geben. Rufen Sie uns doch einfach einmal an oder senden Sie uns eine E-Mail. Unser freundliches Team arbeitet stets fachkundig und l\u00f6sungsorientiert. Wenn Sie uns anrufen m\u00f6chten: <\/p>\n<p>04133 \u2013 22 37 940<\/p>","popseo_stadttext":"<h3>Wir sind Ihr Partner auch in Seevetal und Rosengarten<\/h2>\n<p>Unser Gesch\u00e4ftsbereich umfasst auch Rosengarten und Seevetal. Durch unsere T\u00e4tigkeit haben wir uns einen ausgezeichneten \u00dcberblick \u00fcber die Architektur der St\u00e4dte und Gemeinden unseres Vertriebsgebietes machen k\u00f6nnen. Wir f\u00fchlen uns der Region verpflichtet und freuen uns dar\u00fcber, einen Teil zur ausgezeichneten Infrastruktur der Gemeinden beizusteuern zu k\u00f6nnen.  <\/p>\n<h3>Seevetal und Rosengarten \u2013 ein paar Fakten \u00fcber die Gemeinden<\/h3>\n<p>Die Gemeinde Seevetal liegt im S\u00fcden von Hamburg im nieders\u00e4chsischen Landkreis Harburg. 1972 schlossen sich insgesamt 19 ehemals autonome Orte zur Gesamtgemeinde Seevetal zusammen. Durch den Zusammenschluss gilt Seevetal mit \u00fcber 42.000 Einwohnern als die gr\u00f6\u00dfte Gemeinde der Bundesrepublik. Trotz der noch jungen Geschichte, schauen einige der ehedem selbstst\u00e4ndigen Gemeindeteile auf eine au\u00dferordentliche lange Tradition zur\u00fcck. Die Ortschronik von Seevetal informiert davon, dass der Ortsteil Ramelsloh bereits im Jahre 845 zum ersten Mal urkundlich genannt wurde. Die positive Bev\u00f6lkerungsentwicklung der Gemeinde Seevetal erkl\u00e4rt sich auch durch die verkehrstechnisch g\u00fcnstige Lage. Die N\u00e4he zur Metropole Hamburg macht Seevetal f\u00fcr Berufspendler attraktiv. Das Arbeiten in der Gro\u00dfstadt und das Leben im eher l\u00e4ndlichen Bereich, gehen in Seevetal eine sehr gute Verbindung ein. <\/p>\n<h4>Seevetal und Rosengarten \u2013 beliebt bei jungen Familien<\/h4>\n<p>Der Wirtschaftsstandort Seevetal ist f\u00fcr viele Unternehmen von gro\u00dfer Anziehungskraft. Seevetal liegt in der Mitte von f\u00fcnf Schnellstra\u00dfen. Die verkehrstechnisch herausragende Lage garantiert sowohl eine gro\u00dfartige Erreichbarkeit als auch einen schnellen G\u00fcterumschlag. Wirtschaftsf\u00f6rderung genie\u00dft in Seevetal Priorit\u00e4t. Die Gemeinde f\u00f6rdert weitfl\u00e4chig und unb\u00fcrokratisch die Gewerbeansiedlung. Seevetal ist Teil vom Hamburger Verkehrsverbund (HVV). Auf dem Schienenweg erreicht man den Gemeindeteil Hittfeld mit dem Metronom \u00fcber die Bahnverbindung HH-Harburg-Buchholz-Tostedt. Die zu Seevetal z\u00e4hlenden Ortsteile Meckelfeld und Maschen sind an die Strecke HH-Harburg-Winsen-L\u00fcneburg angeschlossen.  <\/p>\n<p>Die Gemeinde Seevetal zeichnet sich durch einen hohen Wohnwert aus. Eine ausgezeichnete Infrastruktur macht das Leben in Seevetal speziell f\u00fcr junge Familien attraktiv. Durch die starke und best\u00e4ndig wachsende Wirtschaft in Seevetal wird von den Gemeindeoberen au\u00dferdem ein besonderer Schwerpunkt auf die Attraktivit\u00e4t des Wohnortes Seevetal gelegt. In den 19 Einzelgemeinden von Seevetal findet sich mehr als genug Baugrund f\u00fcr private Bauherren.<\/p>\n<p>\u00c4hnlich attraktiv zeigt sich Rosengarten. Die Gemeinde liegt knapp rund 15 Kilometer von Seevetal entfernt. Circa 13.000 B\u00fcrger z\u00e4hlt man in dem l\u00e4ndlichen Ort, der sich \u00fcber eine Fl\u00e4che von \u00fcber 63 qkm erstreckt. Rosengarten grenzt an die Hamburger Stadtteile Marmstorf, Heimfeld und Hausbruch. Das eher idyllische Leben auf dem Lande verbindet sich in Rosengarten auf exzellente Weise mit den vielf\u00e4ltigen Angeboten der nahen Gro\u00dfstadt. Rosengarten und Seevetal verf\u00fcgen \u00fcber zahlreiche sch\u00f6ne Wohnviertel, die vor allem von einer angenehmen Einzelhausbebauung gepr\u00e4gt sind. <\/p>\n<h4>Privat- und Gesch\u00e4ftskunden aus Seevetal und Rosengarten sch\u00e4tzen unsere Leistungen!<\/h4>\n<p>Sie wohnen in Seevetal oder Rosengarten und interessieren sich f\u00fcr unser Leistungsangebot. Klasse, das Sie unsere Internetseite entdeckt haben. F\u00fcr R\u00fcckfragen stehen wir Ihnen jederzeit zur Verf\u00fcgung. Unser freundliches Team freut sich auf Sie.<\/p>","popseo_zusatztext":"<h3>Hohe Kosten bei der Bauwerksabdichtung m\u00fcssen nicht sein<\/h3>\n<p>Sie haben Interesse an Trocknungs- oder Sanierungsarbeiten und w\u00fcnschen sich ein passendes Angebot, das eine handwerklich gute Arbeit garantiert, gleichzeitig aber keine hohen Kosten verursacht. Klasse, in diesem Fall sind Sie bei uns an der richtigen Adresse. Als Fachbetrieb f\u00fcr Kellersanierung, Schimmelbeseitigung und Geb\u00e4udeabdichtung verwenden wir ausnahmslos ausgezeichnete Materialien. Nichtsdestotrotz achten wir nat\u00fcrlich auf die Kosten, die selbstverst\u00e4ndlich \u00fcberschaubar bleiben sollen. Wir m\u00f6chten Ihnen beste Qualit\u00e4t anbieten, die gleichzeitig auch die Kosten im Blick beh\u00e4lt. Bei uns stimmen Kosten und Leistung: Seit vielen Jahren schon sind wir Ihr qualifizierter Partner f\u00fcr Trocknungs- und Sanierungsarbeiten im norddeutschen Raum. Unser Gesch\u00e4ftssitz befindet sich verkehrsg\u00fcnstig in Brietlingen bei L\u00fcndeburg. Die Kosten stets vor Augen: Wir bieten Ihnen eine fachgerecht ausgef\u00fchrte Arbeit nach dem stets aktuellsten Stand der Technik.<\/p>\n<h3>Kosten vs. Leistung: Eine Sanierung rechnet sich!<\/h3>\n<p>D\u00fcrfen wir Sie beraten, wie Sie die Kosten f\u00fcr eine Sanierung senken k\u00f6nnen? Super, dann z\u00f6gern Sie bitte nicht und nehmen am besten gleich heute Kontakt mit uns auf. Ein kurzer Anruf oder auch eine kurze E-Mail gen\u00fcgen. Die gute Beratung ist ebenso wichtig wie die perfekte Ausf\u00fchrung der entprechenden Arbeiten. Unsere Beratung ist nat\u00fcrlich v\u00f6llig unverbindlich. Hochwertige Arbeit bei niedrigen Kosten: Wir empfehlen uns als spezialisiertes Unternehmen in Norddeutschland. Unsere gro\u00dfe Erfahrung spricht f\u00fcr uns.<br \/>\nMinimieren Sie die Kosten f\u00fcr Ihr Sanierungsprojekt: Setzen Sie auf die Profis der Fachfirma Keul.<\/p>","popseo_links":"<a href=\"https:\/\/bautenschutz-keul.de\/angebote\/bauwerksabdichtung-bispingen\/\">Bauwerksabdichtung Bispingen<\/a>, <a href=\"https:\/\/bautenschutz-keul.de\/angebote\/feuchtigkeit-tostedt-sittensen\/\">Feuchtigkeit Tostedt Sittensen<\/a>, <a href=\"https:\/\/bautenschutz-keul.de\/angebote\/feuchtigkeitsschaden-bad-bevensen\/\">Feuchtigkeitsschaden Bad Bevensen<\/a>, <a href=\"https:\/\/bautenschutz-keul.de\/angebote\/aussenabdichtung-reppenstedt\/\">Au\u00dfenabdichtung Reppenstedt<\/a>, <a href=\"https:\/\/bautenschutz-keul.de\/angebote\/bauwerksabdichtung-adendorf\/\">Bauwerksabdichtung Adendorf<\/a>, <a href=\"https:\/\/bautenschutz-keul.de\/angebote\/salpeter-im-keller-bergedorf-wentorf\/\">Salpeter im Keller Bergedorf Wentorf<\/a>, <a href=\"https:\/\/bautenschutz-keul.de\/angebote\/aufsteigende-feuchtigkeit-winsen-luhe\/\">aufsteigende Feuchtigkeit Winsen Luhe<\/a>, <a href=\"https:\/\/bautenschutz-keul.de\/angebote\/schimmel-buchholz-in-der-nordheide\/\">Schimmel Buchholz in der Nordheide<\/a>, <a href=\"https:\/\/bautenschutz-keul.de\/angebote\/feuchte-mauer-tostedt-sittensen\/\">Feuchte Mauer Tostedt Sittensen<\/a>, <a href=\"https:\/\/bautenschutz-keul.de\/angebote\/feuchter-keller-buechen\/\">Feuchter Keller B\u00fcchen<\/a>, <a href=\"https:\/\/bautenschutz-keul.de\/angebote\/feuchtigkeit-geesthacht\/\">Feuchtigkeit Geesthacht<\/a>, <a href=\"https:\/\/bautenschutz-keul.de\/angebote\/feuchtigkeitsschaden-reppenstedt\/\">Feuchtigkeitsschaden Reppenstedt<\/a>, <a href=\"https:\/\/bautenschutz-keul.de\/angebote\/feuchte-mauer-salzhausen\/\">Feuchte Mauer Salzhausen<\/a>, <a href=\"https:\/\/bautenschutz-keul.de\/angebote\/schimmelsanierung-jesteburg\/\">Schimmelsanierung Jesteburg<\/a>, <a href=\"https:\/\/bautenschutz-keul.de\/angebote\/feuchtigkeit-bienenbuettel\/\">Feuchtigkeit Bienenb\u00fcttel<\/a>, <a href=\"https:\/\/bautenschutz-keul.de\/angebote\/schimmelsanierung-glinde-sachsenwald\/\">Schimmelsanierung Glinde Sachsenwald<\/a>, <a href=\"https:\/\/bautenschutz-keul.de\/angebote\/feuchte-mauer-amelinghausen\/\">Feuchte Mauer Amelinghausen<\/a>, <a href=\"https:\/\/bautenschutz-keul.de\/angebote\/feuchte-wand-harburg\/\">Feuchte Wand Harburg<\/a>, <a href=\"https:\/\/bautenschutz-keul.de\/angebote\/feuchtigkeit-seevetal-rosengarten\/\">Feuchtigkeit Seevetal Rosengarten<\/a>, <a href=\"https:\/\/bautenschutz-keul.de\/angebote\/aussenabdichtung-jesteburg\/\">Au\u00dfenabdichtung Jesteburg<\/a>, <a href=\"https:\/\/bautenschutz-keul.de\/angebote\/mauertrockenlegung-adendorf\/\">Mauertrockenlegung Adendorf<\/a>, <a href=\"https:\/\/bautenschutz-keul.de\/angebote\/kellertrockenlegung-geesthacht\/\">Kellertrockenlegung Geesthacht<\/a>, <a href=\"https:\/\/bautenschutz-keul.de\/angebote\/kellersanierung-herzogtum-lauenburg\/\">Kellersanierung Herzogtum Lauenburg<\/a>, <a href=\"https:\/\/bautenschutz-keul.de\/angebote\/schimmelsanierung-schwarzenbek\/\">Schimmelsanierung Schwarzenbek<\/a>, <a href=\"https:\/\/bautenschutz-keul.de\/angebote\/rissverpressung-tostedt-sittensen\/\">Rissverpressung Tostedt Sittensen<\/a>, <a href=\"https:\/\/bautenschutz-keul.de\/angebote\/schimmelbeseitigung-winsen-luhe\/\">Schimmelbeseitigung Winsen Luhe<\/a>, <a href=\"https:\/\/bautenschutz-keul.de\/angebote\/kellertrockenlegung-tostedt-sittensen\/\">Kellertrockenlegung Tostedt Sittensen<\/a>, <a href=\"https:\/\/bautenschutz-keul.de\/angebote\/schimmel-geesthacht\/\">Schimmel Geesthacht<\/a>"},"_links":{"self":[{"href":"https:\/\/bautenschutz-keul.de\/angebote\/wp-json\/wp\/v2\/pages\/383","targetHints":{"allow":["GET"]}}],"collection":[{"href":"https:\/\/bautenschutz-keul.de\/angebote\/wp-json\/wp\/v2\/pages"}],"about":[{"href":"https:\/\/bautenschutz-keul.de\/angebote\/wp-json\/wp\/v2\/types\/page"}],"author":[{"embeddable":true,"href":"https:\/\/bautenschutz-keul.de\/angebote\/wp-json\/wp\/v2\/users\/1"}],"replies":[{"embeddable":true,"href":"https:\/\/bautenschutz-keul.de\/angebote\/wp-json\/wp\/v2\/comments?post=383"}],"version-history":[{"count":0,"href":"https:\/\/bautenschutz-keul.de\/angebote\/wp-json\/wp\/v2\/pages\/383\/revisions"}],"wp:attachment":[{"href":"https:\/\/bautenschutz-keul.de\/angebote\/wp-json\/wp\/v2\/media?parent=383"}],"curies":[{"name":"wp","href":"https:\/\/api.w.org\/{rel}","templated":true}]}}