{"id":386,"date":"2021-09-13T08:43:56","date_gmt":"2021-09-13T06:43:56","guid":{"rendered":"https:\/\/bautenschutz-keul.de\/angebote\/kellerabdichtung-uelzen\/"},"modified":"2021-09-13T08:43:56","modified_gmt":"2021-09-13T06:43:56","slug":"kellerabdichtung-uelzen","status":"publish","type":"page","link":"https:\/\/bautenschutz-keul.de\/angebote\/kellerabdichtung-uelzen\/","title":{"rendered":"Kellerabdichtung &#8211; Uelzen"},"content":{"rendered":"<h3>Kellerabdichtung: Wir helfen schnell und kompetent!<\/h3>\n<p>Ein feuchter Keller kann die Bausubstanz eines Hauses folgenschwer sch\u00e4digen.<br \/>\nBesonders von drau\u00dfen einsickernde Feuchtigkeit ist ein Thema, dessen sich<br \/>\nHausbesitzer auf jeden Fall annehmen sollten. Eine professionell durchgef\u00fchrte Kellerabdichtung hilft gr\u00f6\u00dfere Sch\u00e4den zu verhindern. <\/p>\n<p>Die Umst\u00e4nde, die eine gro\u00dfe Kellerabdichtung unerl\u00e4\u00dflich machen, sind durchaus<br \/>\nvielf\u00e4ltiger Natur. Als gel\u00e4ufigste Ursache sind ein sehr hoher Wasserspiegel sowie auch Durchfeuchtungen beg\u00fcnstigende Hanglagen von Geb\u00e4uden zu nennen. Als Vorsorge- und Ma\u00dfnahme sollte man entsprechend eine komplette Kellerabdichtung ins Auge fassen. Um den Sanierungsbedarf zu beurteilen, ist eine Sichtung unmittelbar am betroffenen Geb\u00e4ude unbedingt von N\u00f6ten. Erst wenn man die Gr\u00fcnde<br \/>\nund das Ausma\u00df der Feuchtigkeitssch\u00e4den kennt, kann man die geeigneten Ma\u00dfnahmen f\u00fcr eine zweckm\u00e4ssige Kellerabdichtung ermitteln.<\/p>\n<h3>Fragen Sie unseren Fachbetrieb in Sachen Kellerabdichtung!<\/h3>\n<p>Welche Methoden auch immer angebracht erscheinen: Die Kellerabdichtung verfolgt in jedem Fall den Zweck, die Mauern von Innen und Au\u00dfen auf Dauer wasserdicht zu machen. Mit einer zweckm\u00e4\u00dfigen Kellerabdichtung schaffen Sie die Basis, Ihr Haus best\u00e4ndig vor substanzgef\u00e4hrdenden Feuchtigkeitssch\u00e4den zu sch\u00fctzen. Bedarfsabh\u00e4ngig k\u00f6nnen verschiedene Arten und Vorgehensweisen der Kellerabdichtung angebracht sein. Eine Menge von qualitativen Baustoffen steht f\u00fcr diesen Zweck zum Gebrauch bereit. Gern informieren wir Sie \u00fcber die Vorgehensweisen, die wir f\u00fcr die wirkungsvolle Kellerabdichtung empfehlen.<\/p>\n","protected":false},"excerpt":{"rendered":"<p>Kellerabdichtung: Wir helfen schnell und kompetent! Ein feuchter Keller kann die Bausubstanz eines Hauses folgenschwer sch\u00e4digen. Besonders von drau\u00dfen einsickernde Feuchtigkeit ist ein Thema, dessen sich Hausbesitzer auf jeden Fall annehmen sollten. Eine professionell durchgef\u00fchrte Kellerabdichtung hilft gr\u00f6\u00dfere Sch\u00e4den zu verhindern. Die Umst\u00e4nde, die eine gro\u00dfe Kellerabdichtung unerl\u00e4\u00dflich machen, sind durchaus vielf\u00e4ltiger Natur. Als gel\u00e4ufigste [&hellip;]<\/p>\n","protected":false},"author":1,"featured_media":0,"parent":0,"menu_order":0,"comment_status":"closed","ping_status":"closed","template":"","meta":{"footnotes":""},"class_list":["post-386","page","type-page","status-publish","hentry"],"meta_box":{"popseo_subtitel":"Wir sind Ihr Fachanbieter f\u00fcr eine Kellerabdichtung im Raum Uelzen","popseo_subtitel2":"Kellerabdichtung durch die Spezialisten unserer Firma","popseo_lasttitel":"Kellerabdichtung: Unsere Experten beantworten Ihre Fragen","popseo_region":"Uelzen","popseo_sachwort":"Kellerabdichtung","popseo_noupdate":"","popseo_einleitungstext":"<p>Kellerr\u00e4ume, Mauern oder W\u00e4nde Ihrer Wohn- oder Gesch\u00e4ftsimmobilie weisen Durchfeuchtungen und damit einen echten Sanierungbedarf auf. Dann wird es Zeit, sich \u00fcber eine fachm\u00e4nnisch ausgef\u00fchrte Trocknung Gedanken zu machen. Unser Handwerksbetrieb ist auf die Bauwerksabdichtung spezialisiert. Zu den Hauptaufgaben unserer Firma z\u00e4hlen unter anderem die Bereiche Mauertrockenlegung, Kellerabdichtung und Schimmelbeseitigung. Der nachhaltigen Sanierung haben wir uns verschrieben. Wir beraten qualifiziert, wie Sie Ihr Geb\u00e4ude preisg\u00fcnstig und umweltgerecht sanieren k\u00f6nnen. Ein paar erste Informationen dazu lesen Sie nachfolgend.<\/p>","popseo_schlusstext":"<p>Wenn Sie mehr wissen m\u00f6chten, informieren wir Sie n\u00e4her \u00fcber unser Aufgabengebiet. Wir zeigen Ihnen mit Vergn\u00fcgen auch einige Projekte, die Ihnen einen Einblick in unsere Unternehmenst\u00e4tigkeit geben.<br \/>\nSchenken Sie uns Ihr Vertrauen. Rufen Sie uns doch einfach einmal an oder schicken Sie uns eine kurze E-Mail. Wir freuen uns auf Ihre Kontaktaufnahme.<\/p>","popseo_stadttext":"<h3>Wohn- und Gewerbestandorte Uelzen<\/h3>\n<p>Durch unsere Gesch\u00e4ftst\u00e4tigkeit haben wir uns einen sehr guten \u00dcberblick \u00fcber die Stadtarchitektur der St\u00e4dte und Gemeinden unseres Einzugsbereiches erarbeiten k\u00f6nnen. Selbstverst\u00e4ndlich z\u00e4hlt auch Uelzen zu unserem unmittelbaren Gesch\u00e4ftsgebiet. Wir freuen uns darauf, mit Ihnen in Kontakt zu kommen. <\/p>\n<h3>Einige interessante Informationen \u00fcber Uelzen<\/h3>\n<p>Uelzen ist die Kreisstadt des nieders\u00e4chsischen Kreises Uelzen. Insgesamt wohnen 33.000 Menschen in der zur Metropolregion Hamburg geh\u00f6renden Stadt. Das Stadtgebiet umfasst eine Fl\u00e4che von etwa 135 Quadratkilometer. St\u00e4dte in der n\u00e4heren Umgebung sind u.a. Ebstorf, Rosche und Bad Beversen. Geographisch befindet sich Uelzen am am s\u00fcdlichen Ende der L\u00fcneburger Heide. Die Stadt ist inmitten gro\u00dfen Naturparks wunderbar gelegen. Neben der L\u00fcneburger Heide ist auch das Naturreservat Elbufer-Drawehn und der Naturpark Nieders\u00e4chsische Elbtalaue von Uelzen aus rasch zu erreichen. Uelzen selbst ist an der Ilmenau gelegen. Uelzen besitzt viele angenehm gelegene Wohnquartiere. Die Stadt ist ein idealer Platz zum Leben und Arbeiten. Wer das eher ruhige Leben in einer kleineren Stadt bevorzugt, gleichzeitig jedoch nicht auf die Vorteile der Gro\u00dfstadt verzichten m\u00f6chte, trifft es in Uelzen exakt richtig. <\/p>\n<h3>Uelzen: Stadt mit Herz<\/h3>\n<p>Die Stadt Uelzen teilt sich auf in insgesamt 18 Ortsteile. Die st\u00e4dtische Architektur von Uelzen wird dominiert von zahlreichen Fachwerkh\u00e4usern, die dem Ort einen unbedingt als m\u00e4rchenhaft zu bezeichnenden Charme verleihen. Auch historische Geb\u00e4ude im Stil der Backsteingotik pr\u00e4gen die \u00e4u\u00dfere Erscheinung von Uelzen. Das Wahrzeichen der Stadt ist das sogenannte \"Goldene Schiff\". Die Plastik befindet sich an der St. Marien-Kirche zu Uelzen. Wahrscheinlich stammt die Plastik aus der Hansezeit. F\u00fcr Kunstfreunde ist Uelzen fast schon eine Pilgerst\u00e4tte. Der Jahrhundertk\u00fcnstler Friedensreich Hundertwasser konzipierte kurz vor seinem Tod im Jahre 2000 den st\u00e4dtischen Bahnhof. Das auffallende Bauwerk tr\u00e4gt den Namen Hundertwasserbahnhof Uelzen.<\/p>\n<p>Die \u00d6konomie von Uelzen ist mittelstandsorientiert. Hauptfelder sind der Lebensmittelsektor sowie Unternehmen aus dem Dienstleistungsgewerbe. Die Wirtschaftsf\u00f6rderung der Stadt Uelzen muss als vorbildhaft benannt werden. Um den Zuzug neuer Unternehmen bem\u00fchen sich sich die Stadtvertreter erkennbar. Die bedeutendsten Arbeitgeber in Uelzen sind die Nordzucker AG und die Uelzena AG. Der Konzern Nestl\u00e9 Schoeller f\u00fchrt in Uelzen ein Werk mit ca. 500 Arbeitnehmern. <\/p>\n<h4>Privat- und Gesch\u00e4ftskunden aus Uelzen sch\u00e4tzen unsere Leistungen!<\/h4>\n<p>Sie wohnen in Uelzen und interessieren sich f\u00fcr unser Angebot. Prima, dass Sie uns hier auf dieser Website entdeckt haben. F\u00fcr R\u00fcckfragen sind wir jederzeit f\u00fcr Sie da. Auf den Kontakt zu Ihnen freuen wir uns.<\/p>","popseo_zusatztext":"<h3>Keine Angst vor hohen Kosten<\/h3>\n<p>Sie interessieren sich f\u00fcr eine Kellertrockenlegung oder eine Sanierungsarbeit an Mauern bzw. W\u00e4nden und w\u00fcnschen sich ein individuelles Angebot, das eine handwerklich gute Arbeit garantiert, gleichwohl keine hohen Kosten verursacht. Klasse, in diesem Fall sind Sie bei uns an der richtigen Adresse. Als Handwerksbetrieb f\u00fcr Schimmelbeseitigung, Geb\u00e4udeabdichtung und Kellersanierung verarbeiten wir ausschlie\u00dflich ausgezeichnete Materialien. Trotzdem schauen wir immer auf die Kosten, die selbstverst\u00e4ndlich \u00fcberschaubar bleiben sollen. Wir m\u00f6chten Ihnen Qualit\u00e4t anbieten, die zugleich auch die Kosten im Blick hat. Bei uns stimmen Kosten und Qualit\u00e4t: Schon seit etlichen Jahren sind wir Ihr qualifizierter Partner f\u00fcr Trocknungs- und Sanierungsarbeiten in Norddeutschland. Unser Unternehmenssitz liegt verkehrsg\u00fcnstig in Brietlingen bei L\u00fcndeburg. Die Kosten stets vor Augen: Wir stehen f\u00fcr eine fachgerecht durchgef\u00fchrte Arbeit nach dem jeweils aktuellsten Stand der Technik.<\/p>\n<h3>Trocknung und Sanierung durch die Firma Wist: Beste Arbeit, geringe Kosten!<\/h3>\n<p>D\u00fcrfen wir Sie beraten, wie Sie die Kosten f\u00fcr eine Sanierung reduzieren? Toll, dann warten Sie bitte nicht und nehmen am besten noch heute Kontakt mit uns auf. Ein kurzer Telefonanruf oder auch eine kurze Mail gen\u00fcgen. Die fachlich versierte Beratung ist gleicherma\u00dfen wichtig wie die fachgerechte Umsetzung der eigentlichen Arbeiten. Unsere Beratung ist nat\u00fcrlich absolut unverbindlich. Qualit\u00e4tsbewusst bei niedrigen Kosten: Wir empfehlen uns als spezialisiertes Fachunternehmen in Norddeutschland. Unsere jahrelange Erfahrung zeichnet uns aus.<br \/>\nSenken Sie die Kosten f\u00fcr Ihr Sanierungsprojekt: Setzen Sie auf die Profis der Fachfirma Keul.<\/p>","popseo_links":"<a href=\"https:\/\/bautenschutz-keul.de\/angebote\/rissverpressung-tostedt-sittensen\/\">Rissverpressung Tostedt Sittensen<\/a>, <a href=\"https:\/\/bautenschutz-keul.de\/angebote\/kellertrockenlegung-buchholz-in-der-nordheide\/\">Kellertrockenlegung Buchholz in der Nordheide<\/a>, <a href=\"https:\/\/bautenschutz-keul.de\/angebote\/feuchtigkeitsschaden-boizenburg\/\">Feuchtigkeitsschaden Boizenburg<\/a>, <a href=\"https:\/\/bautenschutz-keul.de\/angebote\/feuchter-keller-amelinghausen\/\">Feuchter Keller Amelinghausen<\/a>, <a href=\"https:\/\/bautenschutz-keul.de\/angebote\/aussenabdichtung-lueneburg\/\">Au\u00dfenabdichtung L\u00fcneburg<\/a>, <a href=\"https:\/\/bautenschutz-keul.de\/angebote\/aussenabdichtung-jesteburg\/\">Au\u00dfenabdichtung Jesteburg<\/a>, <a href=\"https:\/\/bautenschutz-keul.de\/angebote\/kellertrockenlegung-bergedorf-wentorf\/\">Kellertrockenlegung Bergedorf Wentorf<\/a>, <a href=\"https:\/\/bautenschutz-keul.de\/angebote\/innenabdichtung-brietlingen\/\">Innenabdichtung Brietlingen<\/a>, <a href=\"https:\/\/bautenschutz-keul.de\/angebote\/schimmelsanierung-reppenstedt\/\">Schimmelsanierung Reppenstedt<\/a>, <a href=\"https:\/\/bautenschutz-keul.de\/angebote\/feuchte-wand-lueneburg\/\">Feuchte Wand L\u00fcneburg<\/a>, <a href=\"https:\/\/bautenschutz-keul.de\/angebote\/kellersanierung-buechen\/\">Kellersanierung B\u00fcchen<\/a>, <a href=\"https:\/\/bautenschutz-keul.de\/angebote\/schimmelbeseitigung-seevetal-rosengarten\/\">Schimmelbeseitigung Seevetal Rosengarten<\/a>, <a href=\"https:\/\/bautenschutz-keul.de\/angebote\/mauertrockenlegung-glinde-sachsenwald\/\">Mauertrockenlegung Glinde Sachsenwald<\/a>, <a href=\"https:\/\/bautenschutz-keul.de\/angebote\/schimmelbeseitigung-schwarzenbek\/\">Schimmelbeseitigung Schwarzenbek<\/a>, <a href=\"https:\/\/bautenschutz-keul.de\/angebote\/feuchter-keller-bienenbuettel\/\">Feuchter Keller Bienenb\u00fcttel<\/a>, <a href=\"https:\/\/bautenschutz-keul.de\/angebote\/zerstoerter-putz-winsen-luhe\/\">zerst\u00f6rter Putz Winsen Luhe<\/a>, <a href=\"https:\/\/bautenschutz-keul.de\/angebote\/kellertrockenlegung-hanstedt\/\">Kellertrockenlegung Hanstedt<\/a>, <a href=\"https:\/\/bautenschutz-keul.de\/angebote\/feuchte-wand-winsen-luhe\/\">Feuchte Wand Winsen Luhe<\/a>, <a href=\"https:\/\/bautenschutz-keul.de\/angebote\/schimmel-boizenburg\/\">Schimmel Boizenburg<\/a>, <a href=\"https:\/\/bautenschutz-keul.de\/angebote\/feuchte-wand-reppenstedt\/\">Feuchte Wand Reppenstedt<\/a>, <a href=\"https:\/\/bautenschutz-keul.de\/angebote\/aufsteigende-feuchtigkeit-schwarzenbek\/\">aufsteigende Feuchtigkeit Schwarzenbek<\/a>, <a href=\"https:\/\/bautenschutz-keul.de\/angebote\/aufsteigende-feuchtigkeit-bardowick\/\">aufsteigende Feuchtigkeit Bardowick<\/a>, <a href=\"https:\/\/bautenschutz-keul.de\/angebote\/kellersanierung-tostedt-sittensen\/\">Kellersanierung Tostedt Sittensen<\/a>, <a href=\"https:\/\/bautenschutz-keul.de\/angebote\/horizontalsperre-glinde-sachsenwald\/\">Horizontalsperre Glinde Sachsenwald<\/a>, <a href=\"https:\/\/bautenschutz-keul.de\/angebote\/aufsteigende-feuchtigkeit-buechen\/\">aufsteigende Feuchtigkeit B\u00fcchen<\/a>, <a href=\"https:\/\/bautenschutz-keul.de\/angebote\/aussenabdichtung-maschen\/\">Au\u00dfenabdichtung Maschen<\/a>, <a href=\"https:\/\/bautenschutz-keul.de\/angebote\/kellertrockenlegung-reinbek-aumuehle\/\">Kellertrockenlegung Reinbek Aum\u00fchle<\/a>, <a href=\"https:\/\/bautenschutz-keul.de\/angebote\/feuchte-wand-geesthacht\/\">Feuchte Wand Geesthacht<\/a>"},"_links":{"self":[{"href":"https:\/\/bautenschutz-keul.de\/angebote\/wp-json\/wp\/v2\/pages\/386","targetHints":{"allow":["GET"]}}],"collection":[{"href":"https:\/\/bautenschutz-keul.de\/angebote\/wp-json\/wp\/v2\/pages"}],"about":[{"href":"https:\/\/bautenschutz-keul.de\/angebote\/wp-json\/wp\/v2\/types\/page"}],"author":[{"embeddable":true,"href":"https:\/\/bautenschutz-keul.de\/angebote\/wp-json\/wp\/v2\/users\/1"}],"replies":[{"embeddable":true,"href":"https:\/\/bautenschutz-keul.de\/angebote\/wp-json\/wp\/v2\/comments?post=386"}],"version-history":[{"count":0,"href":"https:\/\/bautenschutz-keul.de\/angebote\/wp-json\/wp\/v2\/pages\/386\/revisions"}],"wp:attachment":[{"href":"https:\/\/bautenschutz-keul.de\/angebote\/wp-json\/wp\/v2\/media?parent=386"}],"curies":[{"name":"wp","href":"https:\/\/api.w.org\/{rel}","templated":true}]}}