{"id":387,"date":"2021-09-13T08:43:56","date_gmt":"2021-09-13T06:43:56","guid":{"rendered":"https:\/\/bautenschutz-keul.de\/angebote\/kellerabdichtung-winsen-luhe\/"},"modified":"2021-09-13T08:43:56","modified_gmt":"2021-09-13T06:43:56","slug":"kellerabdichtung-winsen-luhe","status":"publish","type":"page","link":"https:\/\/bautenschutz-keul.de\/angebote\/kellerabdichtung-winsen-luhe\/","title":{"rendered":"Kellerabdichtung &#8211; Winsen Luhe"},"content":{"rendered":"<h3>Kellerabdichtung: Kompetent und erfahren bei Planung und Ausf\u00fchrung<\/h3>\n<p>Ein feuchter Keller kann die Bausubstanz eines Hauses erheblich sch\u00e4digen.<br \/>\nBesonders von drau\u00dfen eindringende N\u00e4sse ist eine Problematik, welchem sich<br \/>\nImmobilienbesitzer unbedingt annehmen sollten. Eine professionell erledigte Kellerabdichtung hilft gr\u00f6\u00dfere Aufwendungen zu verhindern. <\/p>\n<p>Die Umst\u00e4nde, die eine umfassende Kellerabdichtung unerl\u00e4\u00dflich machen, sind freilich<br \/>\nvielgestaltiger Natur. Als verbreiteste Ursache sind ein hoher Wasserspiegel oder auch Durchfeuchtungen beg\u00fcnstigende Hanglagen von Geb\u00e4uden zu nennen. Als Pr\u00e4ventiv- und Ma\u00dfnahme sollte man dementsprechend eine komplette Kellerabdichtung ins Auge fassen. Um den Instandsetzungsbedarf zu definieren, ist eine Analyse unmittelbar am betroffenen Bauk\u00f6rper unbedingt notwendig. Erst wenn man die Ursachen<br \/>\nund den Umfang der Durchfeuchtungen wei\u00df, kann man die entsprechenden Mittel f\u00fcr eine zweckm\u00e4ssige Kellerabdichtung festlegen.<\/p>\n<h3>Fragen Sie unseren Fachbetrieb in Sachen Kellerabdichtung!<\/h3>\n<p>Welche Methoden auch immer geboten erscheinen: Die Kellerabdichtung verfolgt grunds\u00e4tzlich den Zweck, die Mauern von Au\u00dfen und Innen dauerhaft wasserdicht zu machen. Mit einer passenden Kellerabdichtung schaffen Sie die Basis, Ihr Wohn- oder Gesch\u00e4ftshaus dauerhaft vor substanzgef\u00e4hrdenden Feuchtigkeitssch\u00e4den zu sch\u00fctzen. Bedarfsabh\u00e4ngig k\u00f6nnen diverse Arten und Methoden der Kellerabdichtung angebracht sein. Eine Menge von qualitativen Baustoffen steht daf\u00fcr zur Verf\u00fcgung. Gern informieren wir Sie \u00fcber die Vorgehensweisen, die wir f\u00fcr die wirkungsvolle Kellerabdichtung empfehlen.<\/p>\n","protected":false},"excerpt":{"rendered":"<p>Kellerabdichtung: Kompetent und erfahren bei Planung und Ausf\u00fchrung Ein feuchter Keller kann die Bausubstanz eines Hauses erheblich sch\u00e4digen. Besonders von drau\u00dfen eindringende N\u00e4sse ist eine Problematik, welchem sich Immobilienbesitzer unbedingt annehmen sollten. Eine professionell erledigte Kellerabdichtung hilft gr\u00f6\u00dfere Aufwendungen zu verhindern. Die Umst\u00e4nde, die eine umfassende Kellerabdichtung unerl\u00e4\u00dflich machen, sind freilich vielgestaltiger Natur. Als verbreiteste [&hellip;]<\/p>\n","protected":false},"author":1,"featured_media":0,"parent":0,"menu_order":0,"comment_status":"closed","ping_status":"closed","template":"","meta":{"footnotes":""},"class_list":["post-387","page","type-page","status-publish","hentry"],"meta_box":{"popseo_subtitel":"Wir sind Ihr Fachbetrieb f\u00fcr eine Kellerabdichtung in Winsen Luhe","popseo_subtitel2":"Kellerabdichtung - wir beraten Sie individuell und fachkundig!","popseo_lasttitel":"Kellerabdichtung: Wir beantworten Ihre Fragen!","popseo_region":"Winsen Luhe","popseo_sachwort":"Kellerabdichtung","popseo_noupdate":"","popseo_einleitungstext":"<p>Wenn es um die Bauwerksabdichtung geht, sind Sie bei der Firma TK-Geb\u00e4udetechnik genau an der richtigen Adresse. Seit unserer Gr\u00fcndung sind wir Ihr lokaler Fachbetrieb f\u00fcr das Setzen von Horizontalsperren, die Kellerabdichtung und ganz grunds\u00e4tzlich f\u00fcr wirksame Methoden gegen aufsteigende Feuchtigkeit. Unsere Fachleute ermitteln die aktuelle Situation von W\u00e4nden und Mauern und zeigen Ihnen, wie Sie die Bausubstanz Ihres Wohn- oder Gesch\u00e4ftsgeb\u00e4udes dauerhaft sch\u00fctzen k\u00f6nnen. Im Folgenden haben wir erste Informationen f\u00fcr Sie notiert.<\/p>","popseo_schlusstext":"<p>Sie suchen einen Fachpartner f\u00fcr die sachgerechte Umsetzung der Innen- und Au\u00dfenabdichtung. Dann rufen Sie uns bitte rasch an. Wir freuen uns auf Ihren Anruf oder Ihre E-Mail. Wenn es um Sanierung geht, sind wir Ihr erfahrener Handwerkspartner. Wir versprechen Ihnen eine fachm\u00e4nnisch ausgef\u00fchrte Arbeit nach dem stets neuesten Stand der Technik.<\/p>","popseo_stadttext":"<h3>Unsere Handwerksleistung f\u00fcr Kunden aus Winsen (Luhe)<\/h3>\n<p>Winsen (Luhe) ist eine Mittelstadt aus der Metropolregion Hamburg. Die Kreisstadt des Landkreises Harburg hat 32.000 Anwohner und streckt sich \u00fcber ein Areal von 109 qkm. Winsen (Luhe) ist zentral gelegen. In die norddeutsche Gro\u00dfstadt Hamburg sind es nur rund 30 km, L\u00fcneburg erreicht man bereits nach knapp 20 Kilometern. Winsen (Luhe) besteht in der heutigen Form seit dem Jahre 1972. Seinerzeit wurden 13 autonome Gemeinden zur Gesamtgemeinde Winsen (Luhe) zusammengef\u00fchrt.  <\/p>\n<p>Durch unsere Vertriebst\u00e4tigkeit haben wir uns einen sehr guten \u00dcberblick \u00fcber die Architektur der Gemeinden und St\u00e4dte unseres Einzugsbereiches erarbeiten k\u00f6nnen. Nat\u00fcrlich geh\u00f6rt auch Winsen (Luhe) zu unserem unmittelbaren Wirkungskreis. Wir freuen uns darauf, mit Ihnen ins Gespr\u00e4ch zu treten. <\/p>\n<h3>Einige Details zu Winsen (Luhe)<\/h3>\n<p>Obwohl Winsen (Luhe) fraglos als eine Pendlerstadt gelten darf, ist das mittelst\u00e4ndisch gepr\u00e4gte Wirtschaftsleben beachtlich. Zahllose Betriebe unter anderem aus den Branchen Maschinenbau, Pharma, Logistik und Bauwesen haben sich in Winsen (Luhe) niedergelassen. Wer von den B\u00fcrgern aus Winsen (Luhe) nicht in einem Betrieb seines Heimatortes arbeitet, pendelt i.d.R. in die Metropole Hamburg. Mit dem PKW f\u00e4hrt man \u00fcber die Bundesautobahn A39 nach Winsen (Luhe). Die Schnellstra\u00dfe ist mit der A7 und der A1 verbunden. Wer die Deutsche Bahn vorzieht, erreicht Winsen (Luhe) \u00fcber das Streckennetz Hamburg-Hannover. Au\u00dferdem bietet der Metronom eine viel genutzte Regionallinie an. <\/p>\n<h3>Winsen (Luhe) hat Charme!<\/h3>\n<p>Menschen, die das etwas beschaulichere Leben in einer kleineren Ortschaft dem L\u00e4rm einer Gro\u00dfstadt den Vorzug geben, finden in Winsen (Luhe) hervorragende Bedingungen vor. Die Infrastruktur in Winsen (Luhe) haut hin! Sehr gute Einkaufsm\u00f6glichkeiten, ein \u00fcppiges Sport- und Freizeitangebot sowie eine wundersch\u00f6ne Umgebung sind Pluspunkte, die Winsen (Luhe) auf der Habenseite eintragen kann. Auch Familien wertsch\u00e4tzen die Stadt: S\u00e4mtliche Schulformen sowie eine gen\u00fcgende Anzahl an Kitas stehen in Winsen (Luhe) zur Verf\u00fcgung. <\/p>\n<h4>Privat- und Gesch\u00e4ftskunden aus Winsen (Luhe) sch\u00e4tzen unsere Leistungen!<\/h4>\n<p>Klasse, dass Sie uns hier auf dieser Website entdeckt haben. Wenn Sie eine erfahrene Fachfirma suchen, sind Sie bei uns richtig. Sie m\u00f6chten mehr \u00fcber uns erfahren? F\u00fcr R\u00fcckfragen stehen wir Ihnen jederzeit zur Verf\u00fcgung. Auf den Kontakt zu Ihnen freuen wir uns.<\/p>","popseo_zusatztext":"<h3>Keine Angst vor hohen Kosten<\/h3>\n<p>Sie haben Interesse an Trocknungs- oder Sanierungsarbeiten und m\u00f6chten gerne ein entsprechendes Angebot, das eine qualitativ gute Arbeit garantiert, gleichwohl keine hohen Kosten verursacht. Prima, in diesem Fall sind Sie bei uns an der richtigen Adresse. Als Fachbetrieb f\u00fcr Bauwerksabdichtung, Schimmelbeseitigung und Kellersanierung verarbeiten wir ausnahmslos ausgezeichnete Materialien. Nichtsdestotrotz schauen wir stets auf die Kosten, die nat\u00fcrlich nicht zu hoch sein sollen. Wir m\u00f6chten Ihnen Qualit\u00e4t anbieten, die trotzdem auch die Kosten im Blick beh\u00e4lt. Bei uns stimmen Kosten und Qualit\u00e4t: Bereits seit vielen Jahren sind wir Ihr erfahrener Fachbetrieb f\u00fcr Sanierungs- und Trocknungsarbeiten in Norddeutschland. Unser Unternehmenssitz befindet sich verkehrsg\u00fcnstig in Brietlingen bei L\u00fcndeburg. Die Kosten stets vor Augen: Wir versprechen Ihnen eine fachgerecht ausgef\u00fchrte Sanierungsarbeit nach dem jeweils aktuellsten Stand der Technik.<\/p>\n<h3>Hochwertige Arbeit, geringe Kosten!<\/h3>\n<p>D\u00fcrfen wir Sie beraten, wie Sie die Kosten f\u00fcr eine Sanierung senken k\u00f6nnen? Prima, dann warten Sie bitte nicht und nehmen am besten gleich heute Verbindung mit uns auf. Ein kurzer Anruf oder eine schnelle Mail gen\u00fcgen. Die optimale Beratung ist gleicherma\u00dfen wichtig wie die fachgerechte Projektausf\u00fchrung. Unsere Beratung ist selbstverst\u00e4ndlich v\u00f6llig unverbindlich. Hochwertige Arbeit bei \u00fcberschaubaren Kosten: Wir empfehlen uns als spezialisiertes Unternehmen in Norddeutschland. Unsere jahrelange Erfahrung spricht f\u00fcr uns.<br \/>\nSenken Sie die Kosten f\u00fcr Ihre Geb\u00e4udesanierung: Setzen Sie auf die Profis der Fachfirma Keul.<\/p>","popseo_links":"<a href=\"https:\/\/bautenschutz-keul.de\/angebote\/aussenabdichtung-seevetal-rosengarten\/\">Au\u00dfenabdichtung Seevetal Rosengarten<\/a>, <a href=\"https:\/\/bautenschutz-keul.de\/angebote\/bauwerksabdichtung-uelzen\/\">Bauwerksabdichtung Uelzen<\/a>, <a href=\"https:\/\/bautenschutz-keul.de\/angebote\/feuchtigkeit-bergedorf-wentorf\/\">Feuchtigkeit Bergedorf Wentorf<\/a>, <a href=\"https:\/\/bautenschutz-keul.de\/angebote\/feuchter-keller-brietlingen\/\">Feuchter Keller Brietlingen<\/a>, <a href=\"https:\/\/bautenschutz-keul.de\/angebote\/feuchte-mauer-amelinghausen\/\">Feuchte Mauer Amelinghausen<\/a>, <a href=\"https:\/\/bautenschutz-keul.de\/angebote\/salpeter-im-keller-reppenstedt\/\">Salpeter im Keller Reppenstedt<\/a>, <a href=\"https:\/\/bautenschutz-keul.de\/angebote\/zerstoerter-putz-ebstorf\/\">zerst\u00f6rter Putz Ebstorf<\/a>, <a href=\"https:\/\/bautenschutz-keul.de\/angebote\/aufsteigende-feuchtigkeit-bardowick\/\">aufsteigende Feuchtigkeit Bardowick<\/a>, <a href=\"https:\/\/bautenschutz-keul.de\/angebote\/rissverpressung-salzhausen\/\">Rissverpressung Salzhausen<\/a>, <a href=\"https:\/\/bautenschutz-keul.de\/angebote\/schimmelsanierung-glinde-sachsenwald\/\">Schimmelsanierung Glinde Sachsenwald<\/a>, <a href=\"https:\/\/bautenschutz-keul.de\/angebote\/feuchter-keller-jesteburg\/\">Feuchter Keller Jesteburg<\/a>, <a href=\"https:\/\/bautenschutz-keul.de\/angebote\/feuchter-keller-lueneburg\/\">Feuchter Keller L\u00fcneburg<\/a>, <a href=\"https:\/\/bautenschutz-keul.de\/angebote\/rissverpressung-seevetal-rosengarten\/\">Rissverpressung Seevetal Rosengarten<\/a>, <a href=\"https:\/\/bautenschutz-keul.de\/angebote\/aufsteigende-feuchtigkeit-stelle\/\">aufsteigende Feuchtigkeit Stelle<\/a>, <a href=\"https:\/\/bautenschutz-keul.de\/angebote\/bauwerksabdichtung-ebstorf\/\">Bauwerksabdichtung Ebstorf<\/a>, <a href=\"https:\/\/bautenschutz-keul.de\/angebote\/feuchte-wand-jesteburg\/\">Feuchte Wand Jesteburg<\/a>, <a href=\"https:\/\/bautenschutz-keul.de\/angebote\/salpeter-im-keller-uelzen\/\">Salpeter im Keller Uelzen<\/a>, <a href=\"https:\/\/bautenschutz-keul.de\/angebote\/feuchter-keller-bad-bevensen\/\">Feuchter Keller Bad Bevensen<\/a>, <a href=\"https:\/\/bautenschutz-keul.de\/angebote\/schimmelsanierung-bad-bevensen\/\">Schimmelsanierung Bad Bevensen<\/a>, <a href=\"https:\/\/bautenschutz-keul.de\/angebote\/innenabdichtung-amt-neuhaus\/\">Innenabdichtung Amt Neuhaus<\/a>, <a href=\"https:\/\/bautenschutz-keul.de\/angebote\/feuchte-wand-schwarzenbek\/\">Feuchte Wand Schwarzenbek<\/a>, <a href=\"https:\/\/bautenschutz-keul.de\/angebote\/aufsteigende-feuchtigkeit-amelinghausen\/\">aufsteigende Feuchtigkeit Amelinghausen<\/a>, <a href=\"https:\/\/bautenschutz-keul.de\/angebote\/schimmelsanierung-harburg\/\">Schimmelsanierung Harburg<\/a>, <a href=\"https:\/\/bautenschutz-keul.de\/angebote\/bauwerksabdichtung-herzogtum-lauenburg\/\">Bauwerksabdichtung Herzogtum Lauenburg<\/a>, <a href=\"https:\/\/bautenschutz-keul.de\/angebote\/aussenabdichtung-uelzen\/\">Au\u00dfenabdichtung Uelzen<\/a>, <a href=\"https:\/\/bautenschutz-keul.de\/angebote\/feuchtigkeit-hanstedt\/\">Feuchtigkeit Hanstedt<\/a>, <a href=\"https:\/\/bautenschutz-keul.de\/angebote\/feuchtigkeit-bad-bevensen\/\">Feuchtigkeit Bad Bevensen<\/a>, <a href=\"https:\/\/bautenschutz-keul.de\/angebote\/mauertrockenlegung-winsen-luhe\/\">Mauertrockenlegung Winsen Luhe<\/a>"},"_links":{"self":[{"href":"https:\/\/bautenschutz-keul.de\/angebote\/wp-json\/wp\/v2\/pages\/387","targetHints":{"allow":["GET"]}}],"collection":[{"href":"https:\/\/bautenschutz-keul.de\/angebote\/wp-json\/wp\/v2\/pages"}],"about":[{"href":"https:\/\/bautenschutz-keul.de\/angebote\/wp-json\/wp\/v2\/types\/page"}],"author":[{"embeddable":true,"href":"https:\/\/bautenschutz-keul.de\/angebote\/wp-json\/wp\/v2\/users\/1"}],"replies":[{"embeddable":true,"href":"https:\/\/bautenschutz-keul.de\/angebote\/wp-json\/wp\/v2\/comments?post=387"}],"version-history":[{"count":0,"href":"https:\/\/bautenschutz-keul.de\/angebote\/wp-json\/wp\/v2\/pages\/387\/revisions"}],"wp:attachment":[{"href":"https:\/\/bautenschutz-keul.de\/angebote\/wp-json\/wp\/v2\/media?parent=387"}],"curies":[{"name":"wp","href":"https:\/\/api.w.org\/{rel}","templated":true}]}}