{"id":388,"date":"2021-09-13T08:44:08","date_gmt":"2021-09-13T06:44:08","guid":{"rendered":"https:\/\/bautenschutz-keul.de\/angebote\/kellersanierung-adendorf\/"},"modified":"2021-09-13T08:44:08","modified_gmt":"2021-09-13T06:44:08","slug":"kellersanierung-adendorf","status":"publish","type":"page","link":"https:\/\/bautenschutz-keul.de\/angebote\/kellersanierung-adendorf\/","title":{"rendered":"Kellersanierung &#8211; Adendorf"},"content":{"rendered":"<h3>Kellersanierung: Wir helfen schnell und kompetent!<\/h3>\n<p>Lange Zeit hat der Keller bei Immobilieneigent\u00fcmern eine Art Schattendasein gefristet. Der Keller war meistens nicht mehr als ein reiner Nutzraum &#8211;  er diente als Abstellraum, Lagerfl\u00e4che oder Vorratskammer. Um die Kellersanierung wurde sich meistens erst dann gek\u00fcmmert, wenn weitergehende Sch\u00e4den beispielsweise durch einsickernde N\u00e4sse vermutet werden mussten. Diese Zeiten haben sich gl\u00fccklicherweise gewandelt. In unserer Zeit dient der Keller auch als G\u00e4stezimmer, Hobbyraum, Partyraum oder als eigener Wellnessbereich. Viele Hausbesitzer haben sich etwa eine eigene Sauna im Keller eingebaut. Diese Entwicklung r\u00fcckt den Keller mehr und mehr ins Bewusstsein der Immobilienbesitzer. Feuchte Stellen, Schimmel oder abbl\u00e4tternder Putz m\u00fcssen entfernt werden, damit der Keller nachhaltig benutzt werden kann. Logisch, dass in einem solchen Fall die Kellersanierung zu einem wirklichen Thermenkomplex wird. Und eines ist ganz eindeutig: Die vollumf\u00e4ngliche und fachgerechte Kellersanierung ist eine Aufgabe f\u00fcr den Profi. <\/p>\n<h3>Kellersanierung: Unser Unternehmen k\u00fcmmert sich darum!<\/h3>\n<p>Ehe die Kellersanierung angegangen werden kann, muss zuvor eine Zustandsbeschreibung [erfolgen|gemacht werden}: Welche Sch\u00e4den und welcher Reparaturbedarf liegen wirklich vor? Welcher Nutzen wird mit der Kellersanierung erreicht? Sollen nur Defekte, die Bausubstanz bedrohen behoben werden oder dient die Kellersanierung dazu, aus einem ehemaligen Abstellraum zus\u00e4tzlichen Arbeits- oder Wohnraum bereitzustellen? Es zeigt sich auch in diesem Fall, dass der Kellersanierung ein Plan vorausgeht. Die zuk\u00fcnftige Verwendung gibt die Marschroute der Kellersanierung vor. Wichtig ist, dass dabei auch Aufwand und Kosten wichtig sind. Wer eine intensivere Verwendung seines Kellers plant, dem k\u00f6nnen Reparaturen von leichter optischer Natur nicht gen\u00fcgen. Um einen objektiven Ablaufplan f\u00fcr die beabsichtigte Kellersanierung zu erarbeiten, m\u00fcssten die Kellerr\u00e4ume von einen Profi besichtigt werden. Nur der Sachverst\u00e4ndige kann wirklich bewerten, welche Arbeiten die Sanierung beinhalten muss,<br \/>\nsodass der Keller in der Folge im Sinne der Hausbewohner verwendet werden kann.<\/p>\n","protected":false},"excerpt":{"rendered":"<p>Kellersanierung: Wir helfen schnell und kompetent! Lange Zeit hat der Keller bei Immobilieneigent\u00fcmern eine Art Schattendasein gefristet. Der Keller war meistens nicht mehr als ein reiner Nutzraum &#8211; er diente als Abstellraum, Lagerfl\u00e4che oder Vorratskammer. Um die Kellersanierung wurde sich meistens erst dann gek\u00fcmmert, wenn weitergehende Sch\u00e4den beispielsweise durch einsickernde N\u00e4sse vermutet werden mussten. Diese [&hellip;]<\/p>\n","protected":false},"author":1,"featured_media":0,"parent":0,"menu_order":0,"comment_status":"closed","ping_status":"closed","template":"","meta":{"footnotes":""},"class_list":["post-388","page","type-page","status-publish","hentry"],"meta_box":{"popseo_subtitel":"Die Firma TK-Geb\u00e4udetechnik Thorsten Keul ist Ihr Partner f\u00fcr eine Kellersanierung in Adendorf","popseo_subtitel2":"Kellersanierung f\u00fcr Kunden aus Norddeutschland","popseo_lasttitel":"Kellersanierung: Sie haben Fragen? Dann melden Sie sich bei uns","popseo_region":"Adendorf","popseo_sachwort":"Kellersanierung","popseo_noupdate":"","popseo_einleitungstext":"<p>Wenn es um Geb\u00e4udeabdichtung geht, sind Sie bei der Firma TK-Geb\u00e4udetechnik genau an der richtigen Adresse. Seit Unternehmensgr\u00fcndung sind wir Ihre lokalen Experten f\u00fcr die Kellerabdichtung, das Setzen von Horizontalsperren und ganz allgemein f\u00fcr wirkungsvolle Methoden gegen aufsteigende Feuchtigkeit. Wir beurteilen den Ist-Zustand von Mauern und W\u00e4nden und zeigen Ihnen Wege auf, wie Sie die Bausubstanz Ihrer Immobilie dauerhaft absichern k\u00f6nnen. Im Folgenden haben wir erste Informationen f\u00fcr Sie notiert.<\/p>","popseo_schlusstext":"<p>Sie ben\u00f6tigen einen Profi f\u00fcr die sachgerechte Umsetzung der Innen- und Au\u00dfenabdichtung. Dann kontaktieren Sie uns bitte schnell. Wir freuen uns auf das Gespr\u00e4ch mit Ihnen. Wenn es um Sanierung geht, sind wir Ihr erfahrener Handwerkspartner. Wir stehen f\u00fcr eine sachkundig ausgef\u00fchrte Arbeit nach dem stets neuesten Stand der Technik.<\/p>","popseo_stadttext":"<h3>Unser Leistungskatalog f\u00fcr Kunden aus  Adendorf<\/h3>\n<p>Unser Einzugsbereich umfasst auch Adendorf. Durch unsere Gesch\u00e4ftst\u00e4tigkeit haben wir uns einen guten \u00dcberblick \u00fcber die Architektur der St\u00e4dte und Gemeinden unseres Vertriebsgebietes erarbeiten k\u00f6nnen. Wir f\u00fchlen uns der Region verpflichtet und freuen uns dar\u00fcber, auch unseren Teil zur guten Infrastruktur der Gemeinde beizusteuern zu d\u00fcrfen.  <\/p>\n<h3>Interessante Fakten zu Adendorf<\/h3><br \/>\nAdendorf befindet sich rund vier Kilometer von L\u00fcneburg entfernt zwischen dem Elbe-Seitenkanal und der Illmenau. An die 11.000 Menschen wohnen in Aldendorf auf einer Gesamtfl\u00e4che von zirka 16 km\u00b2. Die \u00d6konomie der Gemeinde wird dominiert von kleinen und mittelst\u00e4ndischen Firmen aus den Gesch\u00e4ftsfeldern Handwerk und Dienstleistung. Erreichbar ist der Ort mit dem Auto \u00fcber die B209. Aldendorf verf\u00fcgt au\u00dferdem \u00fcber eine Zufahrt an die Bundesautobahn 39. Der \u00d6PN wird \u00fcber verschiedene Buslinien sichergestellt. Die Umgebung l\u00e4dt zu Ausfahrten am Wochenende ein. Die Bebauungsstruktur in der Region ist \u00fcberwiegend gekennzeichnet von einer h\u00fcbschen Einzelhausbebauung. Gerade junge Familien genie\u00dfen das Leben in Adendorf.<br \/>\n<h4>Hohe Qualit\u00e4t f\u00fcr Kunden aus Adendorf<\/h4>\n<p>Sie wohnen in Adendorf und interessieren sich f\u00fcr unser Leistungsangebot. Klasse, dass Sie diese Seite gefunden haben. F\u00fcr R\u00fcckfragen sind wir jederzeit f\u00fcr Sie da. Auf den Kontakt zu Ihnen freuen wir uns.<\/p>","popseo_zusatztext":"<h3>Hohe Kosten? Nicht bei uns!<\/h3>\n<p>Sie haben Interesse an Trocknungs- oder Sanierungsarbeiten und w\u00fcnschen sich ein individuelles Angebot, das eine qualitativ gute Arbeit garantiert, gleichwohl keine hohen Kosten nach sich zieht. Toll, in diesem Fall sind Sie bei uns an der richtigen Adresse. Als Spezialist f\u00fcr Kellersanierung, Schimmelbeseitigung und Geb\u00e4udeabdichtung verwenden wir ausnahmslos ausgezeichnete Materialien. Nichtsdestotrotz achten wir stets auf die Kosten, die selbstverst\u00e4ndlich \u00fcberschaubar bleiben sollen. Wir m\u00f6chten Ihnen Qualit\u00e4t anbieten, die zugleich auch die Kosten im Blick hat. Bei uns stimmen Kosten und Leistung: Bereits seit vielen Jahren sind wir Ihr qualifizierter Fachbetrieb f\u00fcr Trocknungs- und Sanierungsarbeiten im norddeutschen Raum. Unser Standort befindet sich verkehrsg\u00fcnstig in Brietlingen bei L\u00fcndeburg. Die Kosten stets vor Augen: Wir bieten Ihnen eine professionell durchgef\u00fchrte Sanierungsarbeit nach dem stets neuesten Stand der Technik.<\/p>\n<h3>Trocknung und Sanierung durch die Firma Wist: Beste Arbeit, geringe Kosten!<\/h3>\n<p>D\u00fcrfen wir Sie beraten, wie Sie die Kosten f\u00fcr eine Sanierung begrenzen k\u00f6nnen? Prima, dann warten Sie bitte nicht und nehmen am besten gleich heute Verbindung mit uns auf. Ein kurzer Telefonanruf oder auch eine schnelle Email gen\u00fcgen. Eine gute Beratung ist gleicherma\u00dfen wichtig wie die perfekte Ausf\u00fchrung der entsprechenden T\u00e4tigkeiten. Unsere Beratung ist nat\u00fcrlich v\u00f6llig unverbindlich. Beste Qualit\u00e4t bei moderaten Kosten: Wir empfehlen uns als spezialisiertes Unternehmen im Norden. Unsere jahrelange Erfahrung spricht f\u00fcr uns.<br \/>\nSenken Sie die Kosten f\u00fcr Ihre Geb\u00e4udesanierung: Vertrauen Sie den Spezialisten der Firma Keul.<\/p>","popseo_links":"<a href=\"https:\/\/bautenschutz-keul.de\/angebote\/rissverpressung-seevetal-rosengarten\/\">Rissverpressung Seevetal Rosengarten<\/a>, <a href=\"https:\/\/bautenschutz-keul.de\/angebote\/schimmel-jesteburg\/\">Schimmel Jesteburg<\/a>, <a href=\"https:\/\/bautenschutz-keul.de\/angebote\/aussenabdichtung-bienenbuettel\/\">Au\u00dfenabdichtung Bienenb\u00fcttel<\/a>, <a href=\"https:\/\/bautenschutz-keul.de\/angebote\/mauertrockenlegung-reppenstedt\/\">Mauertrockenlegung Reppenstedt<\/a>, <a href=\"https:\/\/bautenschutz-keul.de\/angebote\/kellertrockenlegung-brietlingen\/\">Kellertrockenlegung Brietlingen<\/a>, <a href=\"https:\/\/bautenschutz-keul.de\/angebote\/schimmelbeseitigung-seevetal-rosengarten\/\">Schimmelbeseitigung Seevetal Rosengarten<\/a>, <a href=\"https:\/\/bautenschutz-keul.de\/angebote\/rissverpressung-geesthacht\/\">Rissverpressung Geesthacht<\/a>, <a href=\"https:\/\/bautenschutz-keul.de\/angebote\/kellerabdichtung-brietlingen\/\">Kellerabdichtung Brietlingen<\/a>, <a href=\"https:\/\/bautenschutz-keul.de\/angebote\/feuchte-wand-amt-neuhaus\/\">Feuchte Wand Amt Neuhaus<\/a>, <a href=\"https:\/\/bautenschutz-keul.de\/angebote\/salpeter-im-keller-ebstorf\/\">Salpeter im Keller Ebstorf<\/a>, <a href=\"https:\/\/bautenschutz-keul.de\/angebote\/kellerabdichtung-reppenstedt\/\">Kellerabdichtung Reppenstedt<\/a>, <a href=\"https:\/\/bautenschutz-keul.de\/angebote\/schimmelbeseitigung-maschen\/\">Schimmelbeseitigung Maschen<\/a>, <a href=\"https:\/\/bautenschutz-keul.de\/angebote\/feuchtigkeit-bardowick\/\">Feuchtigkeit Bardowick<\/a>, <a href=\"https:\/\/bautenschutz-keul.de\/angebote\/schimmelbeseitigung-hanstedt\/\">Schimmelbeseitigung Hanstedt<\/a>, <a href=\"https:\/\/bautenschutz-keul.de\/angebote\/aussenabdichtung-bispingen\/\">Au\u00dfenabdichtung Bispingen<\/a>, <a href=\"https:\/\/bautenschutz-keul.de\/angebote\/feuchtigkeitsschaden-bergedorf-wentorf\/\">Feuchtigkeitsschaden Bergedorf Wentorf<\/a>, <a href=\"https:\/\/bautenschutz-keul.de\/angebote\/zerstoerter-putz-buechen\/\">zerst\u00f6rter Putz B\u00fcchen<\/a>, <a href=\"https:\/\/bautenschutz-keul.de\/angebote\/schimmelsanierung-ebstorf\/\">Schimmelsanierung Ebstorf<\/a>, <a href=\"https:\/\/bautenschutz-keul.de\/angebote\/schimmelsanierung-maschen\/\">Schimmelsanierung Maschen<\/a>, <a href=\"https:\/\/bautenschutz-keul.de\/angebote\/schimmelsanierung-buchholz-in-der-nordheide\/\">Schimmelsanierung Buchholz in der Nordheide<\/a>, <a href=\"https:\/\/bautenschutz-keul.de\/angebote\/innenabdichtung-bad-bevensen\/\">Innenabdichtung Bad Bevensen<\/a>, <a href=\"https:\/\/bautenschutz-keul.de\/angebote\/feuchter-keller-bardowick\/\">Feuchter Keller Bardowick<\/a>, <a href=\"https:\/\/bautenschutz-keul.de\/angebote\/feuchte-wand-bardowick\/\">Feuchte Wand Bardowick<\/a>, <a href=\"https:\/\/bautenschutz-keul.de\/angebote\/feuchtigkeit-seevetal-rosengarten\/\">Feuchtigkeit Seevetal Rosengarten<\/a>, <a href=\"https:\/\/bautenschutz-keul.de\/angebote\/feuchte-wand-adendorf\/\">Feuchte Wand Adendorf<\/a>, <a href=\"https:\/\/bautenschutz-keul.de\/angebote\/feuchtigkeit-schwarzenbek\/\">Feuchtigkeit Schwarzenbek<\/a>, <a href=\"https:\/\/bautenschutz-keul.de\/angebote\/schimmelsanierung-brietlingen\/\">Schimmelsanierung Brietlingen<\/a>, <a href=\"https:\/\/bautenschutz-keul.de\/angebote\/kellertrockenlegung-glinde-sachsenwald\/\">Kellertrockenlegung Glinde Sachsenwald<\/a>"},"_links":{"self":[{"href":"https:\/\/bautenschutz-keul.de\/angebote\/wp-json\/wp\/v2\/pages\/388","targetHints":{"allow":["GET"]}}],"collection":[{"href":"https:\/\/bautenschutz-keul.de\/angebote\/wp-json\/wp\/v2\/pages"}],"about":[{"href":"https:\/\/bautenschutz-keul.de\/angebote\/wp-json\/wp\/v2\/types\/page"}],"author":[{"embeddable":true,"href":"https:\/\/bautenschutz-keul.de\/angebote\/wp-json\/wp\/v2\/users\/1"}],"replies":[{"embeddable":true,"href":"https:\/\/bautenschutz-keul.de\/angebote\/wp-json\/wp\/v2\/comments?post=388"}],"version-history":[{"count":0,"href":"https:\/\/bautenschutz-keul.de\/angebote\/wp-json\/wp\/v2\/pages\/388\/revisions"}],"wp:attachment":[{"href":"https:\/\/bautenschutz-keul.de\/angebote\/wp-json\/wp\/v2\/media?parent=388"}],"curies":[{"name":"wp","href":"https:\/\/api.w.org\/{rel}","templated":true}]}}