{"id":393,"date":"2021-09-13T08:44:08","date_gmt":"2021-09-13T06:44:08","guid":{"rendered":"https:\/\/bautenschutz-keul.de\/angebote\/kellersanierung-bergedorf-wentorf\/"},"modified":"2021-09-13T08:44:08","modified_gmt":"2021-09-13T06:44:08","slug":"kellersanierung-bergedorf-wentorf","status":"publish","type":"page","link":"https:\/\/bautenschutz-keul.de\/angebote\/kellersanierung-bergedorf-wentorf\/","title":{"rendered":"Kellersanierung &#8211; Bergedorf Wentorf"},"content":{"rendered":"<h3>Kellersanierung: Kompetente Arbeit durch den Fachbetrieb!<\/h3>\n<p>Lange Jahre hat der Keller bei Immobilieneigent\u00fcmern eine Art Schattendasein gefristet. Der Keller war vor allem nicht mehr als ein reiner Nutzraum &#8211;  er diente als Abstellraum, Lagerraum oder Vorratskammer. Um die Kellersanierung wurde sich meistens erst dann gek\u00fcmmert, wenn weitergehende Sch\u00e4den zum Beispiel durch eintretende N\u00e4sse bef\u00fcrchtet werden mussten. Die Zeiten haben sich zum Gl\u00fcck ein wenig gewandelt. Heutzutage dient der Keller auch als G\u00e4stezimmer, Hobbyraum, Partyraum und als hauseigener Wellnessbereich. Sehr viele Hauseigent\u00fcmer haben sich zum Beispiel eine eigene Sauna im Keller einbauen lassen. Dieser Trend r\u00fcckt den Keller immer mehr in den Fokus der Immobilienbesitzer. Feuchte Stellen, Schimmelbildung und lockerer Putz m\u00fcssen entfernt werden, damit der Keller langfristig genutzt werden kann. Ganz klar, dass in einem solchen Fall die Kellersanierung zu einem tats\u00e4chlichen Thermenkomplex wird. Und eines ist sehr eindeutig: Die komplette und sachgerechte Kellersanierung ist eine Aufgabe f\u00fcr den Fachmann. <\/p>\n<h3>Kellersanierung: Bei uns kompetent und schnell!<\/h3>\n<p>Ehe die Kellersanierung angegangen werden kann, muss zuvor eine Zustandsbeschreibung [erfolgen|gemacht werden}: Welche Sch\u00e4den und welcher Reparaturumfang liegen wirklich vor? Welcher Nutzen wird mit der Kellersanierung verfolgt? Sollen nur Sch\u00e4den, die Bausubstanz beeintr\u00e4chtigen instandgesetzt werden oder dient die Kellersanierung dazu, aus einem ehemaligen Abstellraum zus\u00e4tzlichen Arbeits- oder Wohnraum bereitzustellen? Es zeigt sich auch hier, dass der Kellersanierung ein Nutzungsplan vorausgeht. Die folgende Nutzung gibt die Richtung der Kellersanierung vor. Ganz klar, dass immer auch Aufwand und Kosten von Bedeutung sind. Wer eine intensive Verwendung seines Kellers plant, dem d\u00fcrften Reparaturen von leichter optischer Natur nicht zufriedenstellen. Um einen vern\u00fcnftigen Plan f\u00fcr die beabsichtigte Kellersanierung zu verfassen, sollten die Kellerr\u00e4ume durch einen Profi in Augenschein genommen werden. Nur der Experte kann tats\u00e4chlich absch\u00e4tzen, welche Arbeitsschritte die Sanierung enthalten sollte,<br \/>\nsodass der Keller kurzfristig im Sinne der Hauseigent\u00fcmer verwendet werden kann.<\/p>\n","protected":false},"excerpt":{"rendered":"<p>Kellersanierung: Kompetente Arbeit durch den Fachbetrieb! Lange Jahre hat der Keller bei Immobilieneigent\u00fcmern eine Art Schattendasein gefristet. Der Keller war vor allem nicht mehr als ein reiner Nutzraum &#8211; er diente als Abstellraum, Lagerraum oder Vorratskammer. Um die Kellersanierung wurde sich meistens erst dann gek\u00fcmmert, wenn weitergehende Sch\u00e4den zum Beispiel durch eintretende N\u00e4sse bef\u00fcrchtet werden [&hellip;]<\/p>\n","protected":false},"author":1,"featured_media":0,"parent":0,"menu_order":0,"comment_status":"closed","ping_status":"closed","template":"","meta":{"footnotes":""},"class_list":["post-393","page","type-page","status-publish","hentry"],"meta_box":{"popseo_subtitel":"Die Firma TK-Geb\u00e4udetechnik Thorsten Keul ist Ihr Fachbetrieb f\u00fcr eine Kellersanierung in Bergedorf Wentorf","popseo_subtitel2":"Kellersanierung durch den Fachbetrieb!","popseo_lasttitel":"Kellersanierung: Unsere Mitarbeiter beantworten gerne Ihre Fragen","popseo_region":"Bergedorf Wentorf","popseo_sachwort":"Kellersanierung","popseo_noupdate":"","popseo_einleitungstext":"<p>Mauern, Kellerr\u00e4ume oder W\u00e4nde Ihrer Wohn- oder Gesch\u00e4ftsimmobilie weisen Durchfeuchtungen und damit einen nicht zu \u00fcbersehenden Sanierungsbedarf auf. Dann ist es an der Zeit, sich \u00fcber eine sachgerechte Trocknung Gedanken zu machen. Unser Fachbetrieb ist auf die Bauwerksabdichtung spezialisiert. Zu den Schwerpunkten unseres Unternehmens geh\u00f6ren unter anderem die Bereiche Schimmelbeseitigung, Kellerabdichtung und Mauertrockenlegung. Der nachhaltigen Sanierung gilt unsere Aufmersamkeit. Wir beraten qualifiziert, wie Sie Ihr Geb\u00e4ude umweltgerecht und preisg\u00fcnstig sanieren k\u00f6nnen. Ein paar erste Informationen dazu lesen Sie nachfolgend auf diesen Seiten.<\/p>","popseo_schlusstext":"<p>Auf Wunsch informieren wir Sie n\u00e4her \u00fcber unser Aufgabengebiet. Wir pr\u00e4sentieren Ihnen mit Vergn\u00fcgen auch ein paar Referenzen, die Ihnen einen Einblick in unsere T\u00e4tigkeit geben.<br \/>\nSetzen Sie auf die Expertise eines erfahrenen Fachbetriebes. Rufen Sie uns doch rasch einmal an oder senden Sie uns eine kurze E-Mail. Wir freuen uns auf Ihre Kontaktaufnahme.<\/p>","popseo_stadttext":"<h3>Wir arbeiten gerne f\u00fcr Kunden aus Wentorf und Bergedorf<\/h3>\n<p>Durch unsere Vertriebst\u00e4tigkeit haben wir uns einen sehr guten \u00dcberblick \u00fcber die Stadtarchitektur der St\u00e4dte und Gemeinden unseres Einzugsbereiches erarbeiten k\u00f6nnen. Selbstverst\u00e4ndlich geh\u00f6ren auch Bergedorf und Wentorf zu unserem unmittelbaren Gesch\u00e4ftsgebiet. Wir freuen uns darauf, mit Ihnen ins Gespr\u00e4ch zu treten. <\/p>\n<h3>Einige Informationen \u00fcber Bergedorf und Wentorf:<h3>\n<p>Einstmals selbst\u00e4ndig z\u00e4hlt Bergedorf jetzt zur Freien und Hansestadt Hamburg. Der Stadtteil liegt im S\u00fcdosten der Hansestadt und grenzt an die schleswig-holsteinischen Orte Reinbek und Wentorf. In Bergedorf leben knapp 42.000 Menschen auf einer Fl\u00e4che von 11 qkm. Obwohl Bergedorf schon seit dem 01. Januar 1938 keine Autonomie mehr besitzt, hat sich der Stadtteil nichtsdestotrotz eine gewisse Eigenst\u00e4ndigkeit bewahrt. Beinahe k\u00f6nnte man sagen, Bergedorf w\u00e4re eine Art Stadt in der Stadt. Zum Stadtbezirk Bergedorf geh\u00f6ren addiert 14 Stadtteile. Die gr\u00f6\u00dften Ortsteile sind: Allerm\u00f6he, Moorfleet, Lohbr\u00fcgge, Billwerder, Curslack, Altengamme, Neuallerm\u00f6he, Kirchwerder, Neuengamme und Ochsenwerder. Mitunter hinzu gerechnet wird auch Wentorf. Das ist jedoch nicht ganz richtig, da Wentorf zum schleswig-holsteinischen Landkreis Herzogtum Lauenburg geh\u00f6rt.  <\/p>\n<p>In Bergedorf zu wohnen bedeutet, die Annehmlichkeiten der Gro\u00dfstadt zu genie\u00dfen ohne im gleichen Atemzug auf kleinst\u00e4dtischen Charme zu verzichten. Die Wohngebiete von Bergedorf sind gepr\u00e4gt von Einzel- oder Mehrfamilienhausbebauung. Gr\u00f6\u00dfere Hochh\u00e4user findet man in Bergedorf insbesondere in der N\u00e4he des Ortszentrums. Die Infrastruktur \u00fcberzeugt: Im Zentrum von Bergedorf finden sich hervorragende Einkaufsm\u00f6glichkeiten. <\/p>\n<h3>Bergedorf und Wentorf haben Charme!<\/h3>\n<p>Ob in den Einkaufspassagen oder in der Fu\u00dfg\u00e4ngerzone: In Bergedorf l\u00e4sst es sich wirklich entspannt bummeln. Und wer sp\u00e4ter Lust und Laune auf etwas Entspannung hat, macht Pause in einem der vielen gem\u00fctlichen Caf\u00e9s und Restaurants. Bergedorf ist an den HVV angeschlossen. Mit der S-Bahnlinie S2 erreicht man den Hamburg Hauptbahnhof in rund 25 Minuten. Auch mit dem Wagen kommt man schnell nach Bergedorf: \u00dcber die B 5 und 207 gelangt man auf direktem Wege in den Stadtteil. Die Bev\u00f6lkerung von Bergedorf genie\u00dft besonders den prima Mix ihres Stadtteils. Eine wachsende Wirtschaft, die nahegelegenen Naturgebiete sowie die ausgezeichneten Freizeit- und Kulturangebote machen Bergedorf zu einer Wohnstatt mit besonders hoher Lebensqualit\u00e4t.<\/p>\n<p>Auch Wentorf grenzt unmittelbar an Bergedorf, die \u00dcberg\u00e4nge sind nahezu flie\u00dfend. Als sch\u00f6nes Wohngebiet ist Wentorf insbesondere bei Pendlern beliebt. Eine gute Infrastruktur, die N\u00e4he zur Stadt und eine hervorragende Anbindung zeichnen Wentorf aus. <\/p>\n<h4>Unsere Leistung f\u00fcr qualit\u00e4tsbewusste Kunden aus Bergedorf und Wentorf<\/h4>\n<p>Wir finden es toll, dass Sie unsere Internetseite gefunden haben. Ob Wentorf oder Bergedorf: Unser Fachunternehmen steht f\u00fcr ein sehr gutes Preis-Leistungs-Verh\u00e4ltnis. Sie m\u00f6chten mehr \u00fcber uns erfahren? F\u00fcr R\u00fcckfragen stehen wir Ihnen jederzeit zur Verf\u00fcgung. Auf den Kontakt zu Ihnen freuen wir uns.<\/p>","popseo_zusatztext":"<h3>Wir haben die Kosten im Blick<\/h3>\n<p>Sie haben Interesse an Trocknungs- oder Sanierungsarbeiten und w\u00fcnschen sich ein entsprechendes Angebot, das eine handwerklich gute Arbeit garantiert, gleichwohl keine hohen Kosten verursacht. Toll, dann sind Sie bei uns genau richtig. Als Handwerksbetrieb f\u00fcr Kellersanierung, Schimmelbeseitigung und Geb\u00e4udeabdichtung verarbeiten wir ausnahmslos exzellente Materialien. Trotzdem achten wir immer auf die Kosten, die nat\u00fcrlich nicht zu hoch sein sollen. Wir m\u00f6chten Ihnen beste Qualit\u00e4t bieten, die gleichzeitig auch die Kosten im Blick hat. Bei uns stimmen Kosten und Leistung: Bereits seit vielen Jahren sind wir Ihr erfahrener Partner f\u00fcr Sanierungs- und Trocknungsarbeiten im norddeutschen Raum. Unser Unternehmenssitz liegt verkehrsg\u00fcnstig in Brietlingen bei L\u00fcndeburg. Die Kosten stets im Blick: Wir bieten Ihnen eine fachkundig ausgef\u00fchrte Sanierungsarbeit nach dem jeweils aktuellsten Stand der Technik.<\/p>\n<h3>Trocknung und Sanierung durch die Firma Wist: Beste Arbeit, geringe Kosten!<\/h3>\n<p>D\u00fcrfen wir Sie informieren, wie Sie die Kosten f\u00fcr eine Sanierung reduzieren? Prima, dann warten Sie bitte nicht und nehmen am besten noch heute Verbindung mit uns auf. Ein kurzer Telefonanruf oder eine kurze eMail gen\u00fcgen. Die gute und umfangreiche Beratung ist ebenso wichtig wie die sachgem\u00e4\u00dfe Ausf\u00fchrung der entprechenden Arbeiten. Unsere fachliche Beratung ist nat\u00fcrlich absolut unverbindlich. Beste Qualit\u00e4t bei \u00fcberschaubaren Kosten: Wir empfehlen uns als spezialisiertes Fachunternehmen in Norddeutschland. Unsere langj\u00e4hrige Erfahrung zeichnet uns aus.<br \/>\nSenken Sie die Kosten f\u00fcr Ihre Geb\u00e4udesanierung: Setzen Sie auf die Profis der Fachfirma Keul.<\/p>","popseo_links":"<a href=\"https:\/\/bautenschutz-keul.de\/angebote\/rissverpressung-bad-bevensen\/\">Rissverpressung Bad Bevensen<\/a>, <a href=\"https:\/\/bautenschutz-keul.de\/angebote\/schimmel-herzogtum-lauenburg\/\">Schimmel Herzogtum Lauenburg<\/a>, <a href=\"https:\/\/bautenschutz-keul.de\/angebote\/salpeter-im-keller-reppenstedt\/\">Salpeter im Keller Reppenstedt<\/a>, <a href=\"https:\/\/bautenschutz-keul.de\/angebote\/schimmelbeseitigung-glinde-sachsenwald\/\">Schimmelbeseitigung Glinde Sachsenwald<\/a>, <a href=\"https:\/\/bautenschutz-keul.de\/angebote\/feuchtigkeit-bergedorf-wentorf\/\">Feuchtigkeit Bergedorf Wentorf<\/a>, <a href=\"https:\/\/bautenschutz-keul.de\/angebote\/zerstoerter-putz-reinbek-aumuehle\/\">zerst\u00f6rter Putz Reinbek Aum\u00fchle<\/a>, <a href=\"https:\/\/bautenschutz-keul.de\/angebote\/schimmelsanierung-harburg\/\">Schimmelsanierung Harburg<\/a>, <a href=\"https:\/\/bautenschutz-keul.de\/angebote\/feuchter-keller-harburg\/\">Feuchter Keller Harburg<\/a>, <a href=\"https:\/\/bautenschutz-keul.de\/angebote\/schimmel-glinde-sachsenwald\/\">Schimmel Glinde Sachsenwald<\/a>, <a href=\"https:\/\/bautenschutz-keul.de\/angebote\/feuchter-keller-amt-neuhaus\/\">Feuchter Keller Amt Neuhaus<\/a>, <a href=\"https:\/\/bautenschutz-keul.de\/angebote\/schimmelbeseitigung-reppenstedt\/\">Schimmelbeseitigung Reppenstedt<\/a>, <a href=\"https:\/\/bautenschutz-keul.de\/angebote\/salpeter-im-keller-brietlingen\/\">Salpeter im Keller Brietlingen<\/a>, <a href=\"https:\/\/bautenschutz-keul.de\/angebote\/aufsteigende-feuchtigkeit-brietlingen\/\">aufsteigende Feuchtigkeit Brietlingen<\/a>, <a href=\"https:\/\/bautenschutz-keul.de\/angebote\/schimmel-winsen-luhe\/\">Schimmel Winsen Luhe<\/a>, <a href=\"https:\/\/bautenschutz-keul.de\/angebote\/aufsteigende-feuchtigkeit-adendorf\/\">aufsteigende Feuchtigkeit Adendorf<\/a>, <a href=\"https:\/\/bautenschutz-keul.de\/angebote\/schimmelbeseitigung-hanstedt\/\">Schimmelbeseitigung Hanstedt<\/a>, <a href=\"https:\/\/bautenschutz-keul.de\/angebote\/schimmelbeseitigung-uelzen\/\">Schimmelbeseitigung Uelzen<\/a>, <a href=\"https:\/\/bautenschutz-keul.de\/angebote\/aufsteigende-feuchtigkeit-jesteburg\/\">aufsteigende Feuchtigkeit Jesteburg<\/a>, <a href=\"https:\/\/bautenschutz-keul.de\/angebote\/rissverpressung-jesteburg\/\">Rissverpressung Jesteburg<\/a>, <a href=\"https:\/\/bautenschutz-keul.de\/angebote\/schimmelsanierung-seevetal-rosengarten\/\">Schimmelsanierung Seevetal Rosengarten<\/a>, <a href=\"https:\/\/bautenschutz-keul.de\/angebote\/feuchte-wand-bergedorf-wentorf\/\">Feuchte Wand Bergedorf Wentorf<\/a>, <a href=\"https:\/\/bautenschutz-keul.de\/angebote\/schimmel-bispingen\/\">Schimmel Bispingen<\/a>, <a href=\"https:\/\/bautenschutz-keul.de\/angebote\/bauwerksabdichtung-tostedt-sittensen\/\">Bauwerksabdichtung Tostedt Sittensen<\/a>, <a href=\"https:\/\/bautenschutz-keul.de\/angebote\/schimmelbeseitigung-geesthacht\/\">Schimmelbeseitigung Geesthacht<\/a>, <a href=\"https:\/\/bautenschutz-keul.de\/angebote\/feuchte-wand-glinde-sachsenwald\/\">Feuchte Wand Glinde Sachsenwald<\/a>, <a href=\"https:\/\/bautenschutz-keul.de\/angebote\/feuchtigkeitsschaden-reppenstedt\/\">Feuchtigkeitsschaden Reppenstedt<\/a>, <a href=\"https:\/\/bautenschutz-keul.de\/angebote\/feuchte-mauer-maschen\/\">Feuchte Mauer Maschen<\/a>, <a href=\"https:\/\/bautenschutz-keul.de\/angebote\/zerstoerter-putz-ebstorf\/\">zerst\u00f6rter Putz Ebstorf<\/a>"},"_links":{"self":[{"href":"https:\/\/bautenschutz-keul.de\/angebote\/wp-json\/wp\/v2\/pages\/393","targetHints":{"allow":["GET"]}}],"collection":[{"href":"https:\/\/bautenschutz-keul.de\/angebote\/wp-json\/wp\/v2\/pages"}],"about":[{"href":"https:\/\/bautenschutz-keul.de\/angebote\/wp-json\/wp\/v2\/types\/page"}],"author":[{"embeddable":true,"href":"https:\/\/bautenschutz-keul.de\/angebote\/wp-json\/wp\/v2\/users\/1"}],"replies":[{"embeddable":true,"href":"https:\/\/bautenschutz-keul.de\/angebote\/wp-json\/wp\/v2\/comments?post=393"}],"version-history":[{"count":0,"href":"https:\/\/bautenschutz-keul.de\/angebote\/wp-json\/wp\/v2\/pages\/393\/revisions"}],"wp:attachment":[{"href":"https:\/\/bautenschutz-keul.de\/angebote\/wp-json\/wp\/v2\/media?parent=393"}],"curies":[{"name":"wp","href":"https:\/\/api.w.org\/{rel}","templated":true}]}}