{"id":395,"date":"2021-09-13T08:44:08","date_gmt":"2021-09-13T06:44:08","guid":{"rendered":"https:\/\/bautenschutz-keul.de\/angebote\/kellersanierung-bispingen\/"},"modified":"2021-09-13T08:44:08","modified_gmt":"2021-09-13T06:44:08","slug":"kellersanierung-bispingen","status":"publish","type":"page","link":"https:\/\/bautenschutz-keul.de\/angebote\/kellersanierung-bispingen\/","title":{"rendered":"Kellersanierung &#8211; Bispingen"},"content":{"rendered":"<h3>Kellersanierung: Wir helfen schnell und kompetent!<\/h3>\n<p>Lange Jahre hat der Keller bei Immobilienbesitzern eine Art Schattendasein gefristet. Der Keller war meistens nicht mehr als ein reiner Nutzraum &#8211;  er diente als Abstellraum, Lagerfl\u00e4che oder Vorratskammer. Um die Kellersanierung wurde sich meist erst dann gek\u00fcmmert, wenn weitergehende Beeintr\u00e4chtigungen zum Beispiel durch eintretende N\u00e4sse vermutet werden mussten. Die Zeiten haben sich zum Gl\u00fcck ein wenig ge\u00e4ndert. Heutzutage dient der Keller gleicherma\u00dfen als Partyraum, Hobbyraum, G\u00e4stezimmer und als hauseigener Wellnessbereich. Viele Hauseigent\u00fcmer haben sich beispielsweise eine eigene Sauna im Keller eingerichtet. Diese Entwicklung r\u00fcckt den Keller immer mehr ins Bewusstsein der Immobilienbesitzer. Nasse Stellen, Schimmelbildung und lockerer Putz m\u00fcssen abgetragen werden, damit der Keller langfristig genutzt werden kann. Logisch, dass in einem solchen Fall die Kellersanierung zu einem echten Thema wird. Und eines ist sehr eindeutig: Die vollumf\u00e4ngliche und sachgerechte Kellersanierung ist eine Aufgabenstellung f\u00fcr den Experten. <\/p>\n<h3>Sie interessieren sich f\u00fcr Kellersanierung? Dann rufen Sie uns bitte an!<\/h3>\n<p>Bevor die Kellersanierung angefangen werden kann, muss zun\u00e4chst eine Zustandsbeschreibung [erfolgen|gemacht werden}: Welche M\u00e4ngel und welcher Reparaturumfang liegen objektiv vor? Welches Ziel wird mit der Kellersanierung erreicht? Sollen nur Defekte, die Bausubstanz beeintr\u00e4chtigen behoben werden oder dient die Kellersanierung dazu, aus einem ehemaligen Abstellraum zus\u00e4tzlichen Arbeits- oder Wohnraum zu schaffen? Es zeigt sich auch hier, dass der Kellersanierung ein Nutzungsplan vorangeht. Die anschlie\u00dfende Verwendung gibt die Richtung der Kellersanierung vor. Ganz klar, dass dabei auch Aufwand und Kosten von Bedeutung sind. Wer eine t\u00e4gliche Nutzung seines Kellers plant, dem d\u00fcrften Sanierungen von eher optischer Natur nicht gen\u00fcgen. Um einen objektiven Ablaufplan f\u00fcr die anstehende Kellersanierung zu erarbeiten, m\u00fcssten die Kellerr\u00e4ume durch einen Fachmann besichtigt werden. Nur der Experte kann tats\u00e4chlich absch\u00e4tzen, welche Arbeiten die Sanierung enthalten muss,<br \/>\ndamit der Keller sp\u00e4ter im Sinne der Hauseigent\u00fcmer verwendet werden kann.<\/p>\n","protected":false},"excerpt":{"rendered":"<p>Kellersanierung: Wir helfen schnell und kompetent! Lange Jahre hat der Keller bei Immobilienbesitzern eine Art Schattendasein gefristet. Der Keller war meistens nicht mehr als ein reiner Nutzraum &#8211; er diente als Abstellraum, Lagerfl\u00e4che oder Vorratskammer. Um die Kellersanierung wurde sich meist erst dann gek\u00fcmmert, wenn weitergehende Beeintr\u00e4chtigungen zum Beispiel durch eintretende N\u00e4sse vermutet werden mussten. [&hellip;]<\/p>\n","protected":false},"author":1,"featured_media":0,"parent":0,"menu_order":0,"comment_status":"closed","ping_status":"closed","template":"","meta":{"footnotes":""},"class_list":["post-395","page","type-page","status-publish","hentry"],"meta_box":{"popseo_subtitel":"Wir sind Ihr Partner f\u00fcr eine Kellersanierung in Bispingen","popseo_subtitel2":"Kellersanierung - wir haben die richtige L\u00f6sung f\u00fcr Sie!","popseo_lasttitel":"Kellersanierung: Sie haben Fragen? Dann melden Sie sich bei uns","popseo_region":"Bispingen","popseo_sachwort":"Kellersanierung","popseo_noupdate":"","popseo_einleitungstext":"<p>Sie haben sich mit dem Thema Bauwerksabdichtung besch\u00e4ftigt, weil Ihre Immobilie feuchte Geb\u00e4udebereiche aufweist und Sie nach M\u00f6glichkeiten einer professionellen und vor allem wirksamen Sanierung Ausschau halten. Sch\u00f6n, dass Sie unsere Website besuchen. Auf den folgenden Seiten d\u00fcrfen wir Ihnen n\u00e4here Informationen zu unserem Leistungsangebot geben. Sie lernen auf dieser Website unsere Firma n\u00e4her kennen. <\/p>\n<p>Unser Unternehmen ist ein qualifizierter und erfahrener Fachbetrieb mit Firmensitz in Brietlingen bei L\u00fcneburg. Bereits seit vielen Jahren sind wir Ihr Spezialist f\u00fcr alle Fragen rund um Geb\u00e4udeabdichtung. Wir setzen ausschlie\u00dflich effektive und praxisbew\u00e4hrte Sanierungsmethoden und -systeme ein. Als Fachbetrieb f\u00fcr Abdichtung und Sanierung blicken wir auf eine lange Berufserfahrung zur\u00fcck. Unsere versierten Fachkr\u00e4fte informieren Sie mit Vergn\u00fcgen im Detail.<\/p>","popseo_schlusstext":"<p>Auf Wunsch informieren wir Sie n\u00e4her \u00fcber unser Aufgabengebiet. Wir zeigen Ihnen mit Vergn\u00fcgen auch ein paar Referenzprojekte, die Ihnen einen Einblick in unsere Unternehmenst\u00e4tigkeit geben.<br \/>\nSetzen Sie auf die Expertise eines erfahrenen Fachbetriebes. Rufen Sie uns doch einfach einmal an oder schreiben Sie uns eine kurze E-Mail. Wir freuen uns auf Sie.<\/p>","popseo_stadttext":"<h3>Unsere Handwerksleistung f\u00fcr Kunden aus Bispingen<\/h3>\n<p>Bispingen ist eine Einheitsgemeinde in der Mitte der L\u00fcneburger Heide. Juristisch geh\u00f6rt die Gemeinde zum Kreis Heidekreis. Bispingen hat etwa 6.000 gemeldete B\u00fcrger und erstreckt sich \u00fcber ein Areal von rund 128 km\u00b2. Man erreicht man den Ort mit dem Auto \u00fcber die Bundesautobahn A7. Direkt an der Ausfahrt 43 erkennt man bereits von Weitem dem Snow Dome Bispingen, eine Skihalle, die sich seit dem Jahr 2006 gr\u00f6\u00dfter Popularit\u00e4t erfreut<\/p>\n<p>Durch unsere Gesch\u00e4ftst\u00e4tigkeit haben wir uns einen guten \u00dcberblick \u00fcber die Architektur der Gemeinden und St\u00e4dte unseres Einzugsbereiches machen k\u00f6nnen. Sie kommen aus Bispingen und sind hier im World Wide Web auf unsere Website gesto\u00dfen? Das finden wir toll. Gerne pr\u00e4sentieren wir Ihnen unser gesamtes Leistungsspektrum und beantworten Ihre Fragen. Wir freuen uns darauf, mit Ihnen ins Gespr\u00e4ch zu treten. <\/p>\n<h3>Einige interessante Informationen \u00fcber Bispingen<\/h3>\n<p>Durch die Heideregion und den Snowdome ist die attraktive Gemeinde touristisch von hohem Interesse. Neben einem gesunden Mix von verschiedenen Fachgesch\u00e4ften, finden sich des Weiteren zahllose Hotels, Pensionen und Gastronomiebetriebe im Gemeindezentrum.  Bispingen ist ansonsten ein sehr familienfreundlicher Ort und bietet den B\u00fcrgern ein absolut interessantes Umfeld zum Leben und Arbeiten. Die Gemeinde Bispingen hat eine ausgezeichnete Infrastruktur und bestens ausgebaute Wohnquartiere. Die Einzelhausbebauung dominiert. Gr\u00f6\u00dfere Wohnanlagen gibt es in Bispingen nicht.<\/p>\n<h4>Hohe Qualit\u00e4t f\u00fcr Kunden aus Bispingen<\/h4>\n<p>Sie wohnen in Bispingen oder Umgebung und interessieren sich f\u00fcr unser Leistungsangebot. Prima, dass Sie diese Seite gefunden haben. F\u00fcr R\u00fcckfragen stehen wir Ihnen jederzeit zur Verf\u00fcgung. Auf Ihre Anfragen freuen wir uns.<\/p>","popseo_zusatztext":"<h3>Keine Angst vor hohen Kosten<\/h3>\n<p>Sie sind interessiert an Trocknungs- oder Sanierungsarbeiten und w\u00fcnschen sich ein individuelles Angebot, das eine handwerklich gute Arbeit garantiert, gleichzeitig aber keine hohen Kosten nach sich zieht. Klasse, dann sind Sie bei uns an der richtigen Adresse. Als Spezialist f\u00fcr Schimmelbeseitigung, Geb\u00e4udeabdichtung und Kellersanierung verwenden wir ausnahmslos hochwertige Materialien. Nichtsdestotrotz achten wir nat\u00fcrlich auf die Kosten, die nat\u00fcrlich nicht zu hoch sein sollen. Wir m\u00f6chten Ihnen beste Qualit\u00e4t bieten, die gleichzeitig auch die Kosten im Blick beh\u00e4lt. Bei uns stimmen Kosten und Leistung: Schon seit etlichen Jahren sind wir Ihr qualifizierter Partner f\u00fcr Sanierungs- und Trocknungsarbeiten im norddeutschen Raum. Unser Standort liegt verkehrsg\u00fcnstig in Brietlingen bei L\u00fcndeburg. Die Kosten stets vor Augen: Wir sorgen f\u00fcr eine fachgerecht durchgef\u00fchrte Sanierungsarbeit nach dem stets derzeitigen Stand der Technik.<\/p>\n<h3>Kosten vs. Leistung: Eine Sanierung rechnet sich!<\/h3>\n<p>D\u00fcrfen wir Sie beraten, wie Sie die Kosten f\u00fcr eine Sanierung begrenzen k\u00f6nnen? Super, dann z\u00f6gern Sie bitte nicht und nehmen am besten noch heute Kontakt mit uns auf. Ein kurzer Anruf oder auch eine kurze Email gen\u00fcgen. Die optimale Beratung ist genauso wichtig wie die korrekte Ausf\u00fchrung der entprechenden Arbeiten. Unsere Beratung ist selbstverst\u00e4ndlich v\u00f6llig unverbindlich. Hochwertige Arbeit bei \u00fcberschaubaren Kosten: Wir empfehlen uns als spezialisiertes Fachunternehmen in Norddeutschland. Unsere gro\u00dfe Erfahrung spricht f\u00fcr uns.<br \/>\nVerringern Sie die Kosten f\u00fcr Ihr Sanierungsprojekt: Vertrauen Sie den Spezialisten der Firma Keul.<\/p>","popseo_links":"<a href=\"https:\/\/bautenschutz-keul.de\/angebote\/bauwerksabdichtung-tostedt-sittensen\/\">Bauwerksabdichtung Tostedt Sittensen<\/a>, <a href=\"https:\/\/bautenschutz-keul.de\/angebote\/feuchtigkeit-harburg\/\">Feuchtigkeit Harburg<\/a>, <a href=\"https:\/\/bautenschutz-keul.de\/angebote\/schimmel-reppenstedt\/\">Schimmel Reppenstedt<\/a>, <a href=\"https:\/\/bautenschutz-keul.de\/angebote\/horizontalsperre-herzogtum-lauenburg\/\">Horizontalsperre Herzogtum Lauenburg<\/a>, <a href=\"https:\/\/bautenschutz-keul.de\/angebote\/kellertrockenlegung-amelinghausen\/\">Kellertrockenlegung Amelinghausen<\/a>, <a href=\"https:\/\/bautenschutz-keul.de\/angebote\/kellertrockenlegung-bad-bevensen\/\">Kellertrockenlegung Bad Bevensen<\/a>, <a href=\"https:\/\/bautenschutz-keul.de\/angebote\/feuchtigkeitsschaden-seevetal-rosengarten\/\">Feuchtigkeitsschaden Seevetal Rosengarten<\/a>, <a href=\"https:\/\/bautenschutz-keul.de\/angebote\/schimmelbeseitigung-bardowick\/\">Schimmelbeseitigung Bardowick<\/a>, <a href=\"https:\/\/bautenschutz-keul.de\/angebote\/aussenabdichtung-maschen\/\">Au\u00dfenabdichtung Maschen<\/a>, <a href=\"https:\/\/bautenschutz-keul.de\/angebote\/rissverpressung-uelzen\/\">Rissverpressung Uelzen<\/a>, <a href=\"https:\/\/bautenschutz-keul.de\/angebote\/schimmelsanierung-salzhausen\/\">Schimmelsanierung Salzhausen<\/a>, <a href=\"https:\/\/bautenschutz-keul.de\/angebote\/salpeter-im-keller-brietlingen\/\">Salpeter im Keller Brietlingen<\/a>, <a href=\"https:\/\/bautenschutz-keul.de\/angebote\/schimmelbeseitigung-harburg\/\">Schimmelbeseitigung Harburg<\/a>, <a href=\"https:\/\/bautenschutz-keul.de\/angebote\/aufsteigende-feuchtigkeit-reppenstedt\/\">aufsteigende Feuchtigkeit Reppenstedt<\/a>, <a href=\"https:\/\/bautenschutz-keul.de\/angebote\/schimmel-bad-bevensen\/\">Schimmel Bad Bevensen<\/a>, <a href=\"https:\/\/bautenschutz-keul.de\/angebote\/schimmelbeseitigung-geesthacht\/\">Schimmelbeseitigung Geesthacht<\/a>, <a href=\"https:\/\/bautenschutz-keul.de\/angebote\/innenabdichtung-herzogtum-lauenburg\/\">Innenabdichtung Herzogtum Lauenburg<\/a>, <a href=\"https:\/\/bautenschutz-keul.de\/angebote\/feuchtigkeitsschaden-winsen-luhe\/\">Feuchtigkeitsschaden Winsen Luhe<\/a>, <a href=\"https:\/\/bautenschutz-keul.de\/angebote\/salpeter-im-keller-adendorf\/\">Salpeter im Keller Adendorf<\/a>, <a href=\"https:\/\/bautenschutz-keul.de\/angebote\/feuchte-wand-schwarzenbek\/\">Feuchte Wand Schwarzenbek<\/a>, <a href=\"https:\/\/bautenschutz-keul.de\/angebote\/rissverpressung-winsen-luhe\/\">Rissverpressung Winsen Luhe<\/a>, <a href=\"https:\/\/bautenschutz-keul.de\/angebote\/schimmelsanierung-hanstedt\/\">Schimmelsanierung Hanstedt<\/a>, <a href=\"https:\/\/bautenschutz-keul.de\/angebote\/feuchter-keller-maschen\/\">Feuchter Keller Maschen<\/a>, <a href=\"https:\/\/bautenschutz-keul.de\/angebote\/bauwerksabdichtung-salzhausen\/\">Bauwerksabdichtung Salzhausen<\/a>, <a href=\"https:\/\/bautenschutz-keul.de\/angebote\/aufsteigende-feuchtigkeit-hanstedt\/\">aufsteigende Feuchtigkeit Hanstedt<\/a>, <a href=\"https:\/\/bautenschutz-keul.de\/angebote\/schimmel-amt-neuhaus\/\">Schimmel Amt Neuhaus<\/a>, <a href=\"https:\/\/bautenschutz-keul.de\/angebote\/innenabdichtung-reppenstedt\/\">Innenabdichtung Reppenstedt<\/a>, <a href=\"https:\/\/bautenschutz-keul.de\/angebote\/innenabdichtung-jesteburg\/\">Innenabdichtung Jesteburg<\/a>"},"_links":{"self":[{"href":"https:\/\/bautenschutz-keul.de\/angebote\/wp-json\/wp\/v2\/pages\/395","targetHints":{"allow":["GET"]}}],"collection":[{"href":"https:\/\/bautenschutz-keul.de\/angebote\/wp-json\/wp\/v2\/pages"}],"about":[{"href":"https:\/\/bautenschutz-keul.de\/angebote\/wp-json\/wp\/v2\/types\/page"}],"author":[{"embeddable":true,"href":"https:\/\/bautenschutz-keul.de\/angebote\/wp-json\/wp\/v2\/users\/1"}],"replies":[{"embeddable":true,"href":"https:\/\/bautenschutz-keul.de\/angebote\/wp-json\/wp\/v2\/comments?post=395"}],"version-history":[{"count":0,"href":"https:\/\/bautenschutz-keul.de\/angebote\/wp-json\/wp\/v2\/pages\/395\/revisions"}],"wp:attachment":[{"href":"https:\/\/bautenschutz-keul.de\/angebote\/wp-json\/wp\/v2\/media?parent=395"}],"curies":[{"name":"wp","href":"https:\/\/api.w.org\/{rel}","templated":true}]}}