{"id":396,"date":"2021-09-13T08:44:08","date_gmt":"2021-09-13T06:44:08","guid":{"rendered":"https:\/\/bautenschutz-keul.de\/angebote\/kellersanierung-boizenburg\/"},"modified":"2021-09-13T08:44:08","modified_gmt":"2021-09-13T06:44:08","slug":"kellersanierung-boizenburg","status":"publish","type":"page","link":"https:\/\/bautenschutz-keul.de\/angebote\/kellersanierung-boizenburg\/","title":{"rendered":"Kellersanierung &#8211; Boizenburg"},"content":{"rendered":"<h3>Kompetent und gr\u00fcndlich: Wir \u00fcbernehmen die Kellersanierung<\/h3>\n<p>Viele Jahre lang hat der Keller bei Immobilieneigent\u00fcmern eine Art Schattendasein gefristet. Der Keller war prim\u00e4r nicht mehr als ein reiner Nutzraum &#8211;  er diente als Abstellraum, Lagerraum oder Vorratskammer. Um die Kellersanierung wurde sich in der Regel erst dann gek\u00fcmmert, wenn weitergehende Beeintr\u00e4chtigungen beispielsweise durch einsickernde N\u00e4sse bef\u00fcrchtet werden mussten. Diese Zeiten haben sich gl\u00fccklicherweise ge\u00e4ndert. In unserer Zeit dient der Keller gleicherma\u00dfen als Partyraum, G\u00e4stezimmer, Hobbyraum oder als eigener Wellnessbereich. Viele Immobilienbesitzer haben sich zum Beispiel eine eigene Sauna im Keller eingerichtet. Dieser Trend r\u00fcckt den Keller immer mehr ins Bewusstsein der Hausbewohner. Feuchte Stellen, Schimmelentstehung oder defekter Putz m\u00fcssen beseitigt werden, damit der Keller langfristig benutzt werden kann. Ganz klar, dass dann die Kellersanierung zu einem wirklichen Thema wird. Und eines ist sehr eindeutig: Die vollumf\u00e4ngliche und professionelle Kellersanierung ist eine Aufgabenstellung f\u00fcr den Fachmann. <\/p>\n<h3>Fragen Sie den Fachbetrieb in Sachen Kellersanierung!<\/h3>\n<p>Ehe die Kellersanierung in Angriff genommen werden kann, sollte zun\u00e4chst eine Zustandsbeschreibung [erfolgen|gemacht werden}: Welche Sch\u00e4den und welcher Reparaturbedarf liegen tats\u00e4chlich vor? Welcher Nutzen wird mit der Kellersanierung erreicht? Sollen nur Defekte, die Substanz gef\u00e4hrden instandgesetzt werden oder dient die Kellersanierung dazu, aus einem ehemaligen Abstellraum zus\u00e4tzlichen Arbeits- oder Wohnraum zu schaffen? Es zeigt sich schon hierbei, dass der Kellersanierung ein Nutzungsplan vorausgeht. Die folgende Nutzung gibt die Marschroute der Kellersanierung vor. Klar, dass dabei auch Aufwand und Kosten von Bedeutung sind. Wer eine intensivere Nutzung seines Kellers plant, dem sollten Instandsetzungen von eher kosmetischer Natur nicht zufriedenstellen. Um einen reellen Handlungsplan f\u00fcr die geplante Kellersanierung zu verfassen, sollten die Kellerr\u00e4ume von einen Fachmann in Augenschein genommen werden. Vor allem der Fachmann kann wirklich bewerten, welche Arbeiten die Sanierung beinhalten muss,<br \/>\nsodass der Keller kurzfristig im Sinne der Hausbewohner genutzt werden kann.<\/p>\n","protected":false},"excerpt":{"rendered":"<p>Kompetent und gr\u00fcndlich: Wir \u00fcbernehmen die Kellersanierung Viele Jahre lang hat der Keller bei Immobilieneigent\u00fcmern eine Art Schattendasein gefristet. Der Keller war prim\u00e4r nicht mehr als ein reiner Nutzraum &#8211; er diente als Abstellraum, Lagerraum oder Vorratskammer. Um die Kellersanierung wurde sich in der Regel erst dann gek\u00fcmmert, wenn weitergehende Beeintr\u00e4chtigungen beispielsweise durch einsickernde N\u00e4sse [&hellip;]<\/p>\n","protected":false},"author":1,"featured_media":0,"parent":0,"menu_order":0,"comment_status":"closed","ping_status":"closed","template":"","meta":{"footnotes":""},"class_list":["post-396","page","type-page","status-publish","hentry"],"meta_box":{"popseo_subtitel":"Die Firma TK-Geb\u00e4udetechnik Thorsten Keul ist Ihr erfahrener Fachbetrieb f\u00fcr eine Kellersanierung in Boizenburg","popseo_subtitel2":"Kellersanierung - wir helfen Ihnen gerne!","popseo_lasttitel":"Kellersanierung: Wir informieren Sie gerne auch pers\u00f6nlich!","popseo_region":"Boizenburg","popseo_sachwort":"Kellersanierung","popseo_noupdate":"","popseo_einleitungstext":"<p>Sie wollen Ihre Gesch\u00e4fts- oder Wohnimmobilie sanieren lassen und m\u00f6chten sich \u00fcber wirksame Sanierungsmethoden informieren? Wunderbar, dann sind Sie bei uns an der richtigen Adresse. Als auf die Haussanierung fokussiertes Handwerksunternehmen, \u00fcbernehmen wir insbesondere Arbeiten im Bereich Abdichtung und Trockenlegung.  <\/p>\n<p>Erfahren sind wir bei der Bauwerksabdichtung und dar\u00fcber hinaus bei der Kellersanierung, der Rissverpressung und der Schimmelbek\u00e4mpfung. Wir kennen uns mit der zeitgem\u00e4\u00dfen Sanierung von Neubauten und Bestandsimmobilien bestens aus. Auf unserer Website stellen wir Ihnen unsere Firma und das komplette Leistungsprogramm n\u00e4her vor. \u00dcber Ihr Interesse freuen wir uns sehr.<\/p>","popseo_schlusstext":"<p>Wenn Sie ein erfahrenes Unternehmen f\u00fcr zeitgem\u00e4\u00dfe Innen- und Au\u00dfenabdichtung suchen, sind Sie bei uns an der richtigen Adresse. Sie m\u00f6chten mehr \u00fcber uns erfahren? Als auf Sanierung spezialisierte Handwerksfirma sind wir f\u00fcr Ihr Vorhaben der ideale Dienstleister und freuen uns \u00fcber Ihre Anfrage, gleichg\u00fcltig ob per Anruf oder Nachricht per E-Mail. Worauf Sie neben unserem fachlichen Know-how setzen d\u00fcrfen: Das Expertenteam der Firma TK-Geb\u00e4udetechnik arbeitet mit Motivation und Elan f\u00fcr Ihrer Erfolg. Wir freuen uns, wenn wir ihnen helfen k\u00f6nnen!<\/p>","popseo_stadttext":"<h3>Zufriedene Kunden haben wir auch in Boizenburg<\/h3>\n<p>Unser Einzugsgebiet umfasst auch Boizenburg. Durch unsere T\u00e4tigkeit haben wir uns einen guten \u00dcberblick \u00fcber die Stadtarchitektur der Gemeinden und St\u00e4dte unseres Vertriebsgebietes machen k\u00f6nnen. Wir f\u00fchlen uns der Region verpflichtet und sind stolz darauf, auch einen Anteil zur guten Infrastruktur der Stadt Boizenburg beisteuern zu d\u00fcrfen.  <\/p>\n<h3>Interessante Fakten zu Boizenburg<\/h3>\n<p>Die Stadt Boizenburg befindet sich im Kreis Ludwigslust-Parchim im Bundesland Mecklenburg-Vorpommern. In Boizenburg leben rund 10.000 B\u00fcrger auf einer Fl\u00e4che von 47 qkm. Der Ortsname Boizenburg leitet sich ab vom Fluss Boitze. Dieser flie\u00dft direkt durch das Stadtgebiet. Allgemein bekannter d\u00fcrfte allerdings sein, dass Boizenburg an der Elbe liegt. Boizenburg unterteilt sich in zusammen f\u00fcnf Stadtteile. Dies sind Bahlenburg, Bahlen, Gehrum, Heide und Gothmann. <\/p>\n<p>Boizenburg ist eine relativ alte Ortschaft. Erstmalig erw\u00e4hnt wurde die Stadt bereits im Jahre 1171. W\u00e4hrend der DDR-Diktatur war Boizenburg weitgehend abgeschieden. Die ehemalige Deutsch-Deutsche-Grenze lief direkt entlang des Stadtgebietes von Boizenburg. Seinerzeit war Boizenburg Sperrzone. Einwohner und G\u00e4ste der Stadt brauchten seinerzeit einen speziellen Durchgangsschein. Eine Schm\u00e4lerung der pers\u00f6nlichen Freiheit, die in unserer Zeit zum Gl\u00fcck nur noch schwer vorstellbar ist. <\/p>\n<h3>Boizenburg - Kleinstadt mit Herz<\/h3>\n<p>Nach dem Zusammenschluss der zwei deutschen Staaten bl\u00fchte Boizenburg massiv auf. Der historische Stadtkern wurde grundsaniert. Auch der kleine Elbhafen wurde umfangreich neu gestaltet. Heute ist Boizenburg eine reizvoll gelegene Kleinstadt, die ihren Einwohnern ein gutes Umfeld bietet. Die Innenstadt von Boizenburg wird von einer mittelalterlichen Wallanlage beherrscht. Viele Fachwerkh\u00e4user runden das Stadtbild ab. Besonders un\u00fcbersehbar ist auch das Rathaus Boizenburg - das bezaubernde Fachwerkhaus wurde 1711 errichtet. Au\u00dferdem pr\u00e4gt besonders die Sankt Marien Kirche die Anmutung der mecklenburgischen Mittelstadt.<\/p>\n<p>Das Wirtschaftsleben von Boizenburg ist gepr\u00e4gt von mittelst\u00e4ndischen Unternehmen. Ungef\u00e4hr 50 Hektar Gewerbegrund steht in Boizenburg bereit. Eine Erweiterung ist geplant. F\u00fcr junge Familien ist Boizenburg als Wohnort von Interesse. Das Kultur- und Sportangebot \u00fcberrascht durch seine Vielf\u00e4ltigkeit. Schulische Einrichtungen aller Art sowie Kitas sind in ausreichender Zahl vorhanden.  <\/p>\n<h4>Unsere Leistung f\u00fcr qualit\u00e4tsbewusste Kunden aus Boizenburg<\/h4>\n<p>Prima, dass Sie diese Website gefunden haben. Wenn Sie ein Fachunternehmen suchen, sind Sie bei uns genau richtig. Sie m\u00f6chten mehr \u00fcber uns erfahren? F\u00fcr R\u00fcckfragen stehen wir Ihnen jederzeit zur Verf\u00fcgung. Auf Ihre Anfragen freuen wir uns.<\/p>","popseo_zusatztext":"<h3>Hohe Kosten bei der Bauwerksabdichtung m\u00fcssen nicht sein<\/h3>\n<p>Sie sind interessiert an Trocknungs- oder Sanierungsarbeiten und m\u00f6chten gerne ein individuelles Angebot, das eine handwerklich gute Arbeit garantiert, gleichzeitig aber keine hohen Kosten verursacht. Toll, dann sind Sie bei uns genau richtig. Als Handwerksbetrieb f\u00fcr Bauwerksabdichtung, Schimmelbeseitigung und Kellersanierung verarbeiten wir nur ausgezeichnete Materialien. Nichtsdestotrotz achten wir immer auf die Kosten, die selbstverst\u00e4ndlich \u00fcberschaubar bleiben sollen. Wir m\u00f6chten Ihnen beste Qualit\u00e4t bieten, die gleichzeitig auch die Kosten im Blick beh\u00e4lt. Bei uns stimmen Kosten und Qualit\u00e4t: Seit vielen Jahren schon sind wir Ihr qualifizierter Fachbetrieb f\u00fcr Trocknungs- und Sanierungsarbeiten in Norddeutschland. Unser Firmensitz liegt verkehrsg\u00fcnstig in Brietlingen bei L\u00fcndeburg. Die Kosten stets im Blick: Wir stehen f\u00fcr eine fachm\u00e4nnisch durchgef\u00fchrte Arbeit nach dem stets derzeitigen Stand der Technik.<\/p>\n<h3>Kosten vs. Leistung: Eine Sanierung rechnet sich!<\/h3>\n<p>D\u00fcrfen wir Sie informieren, wie Sie die Kosten f\u00fcr eine Sanierung reduzieren? Klasse, dann z\u00f6gern Sie bitte nicht und nehmen am besten gleich heute Verbindung mit uns auf. Ein kurzer Anruf oder eine kurze E-Mail gen\u00fcgen. Eine fachlich versierte Beratung ist genauso wichtig wie die fachgerechte Ausf\u00fchrung der entsprechenden T\u00e4tigkeiten. Unsere Beratung ist selbstverst\u00e4ndlich v\u00f6llig unverbindlich. Beste Qualit\u00e4t bei \u00fcberschaubaren Kosten: Wir empfehlen uns als spezialisiertes Fachunternehmen in Norddeutschland. Unsere gro\u00dfe Erfahrung spricht f\u00fcr uns.<br \/>\nVerringern Sie die Kosten f\u00fcr Ihr Sanierungsprojekt: Setzen Sie auf die Profis der Fachfirma Keul.<\/p>","popseo_links":"<a href=\"https:\/\/bautenschutz-keul.de\/angebote\/feuchte-wand-geesthacht\/\">Feuchte Wand Geesthacht<\/a>, <a href=\"https:\/\/bautenschutz-keul.de\/angebote\/kellertrockenlegung-herzogtum-lauenburg\/\">Kellertrockenlegung Herzogtum Lauenburg<\/a>, <a href=\"https:\/\/bautenschutz-keul.de\/angebote\/zerstoerter-putz-buechen\/\">zerst\u00f6rter Putz B\u00fcchen<\/a>, <a href=\"https:\/\/bautenschutz-keul.de\/angebote\/horizontalsperre-bienenbuettel\/\">Horizontalsperre Bienenb\u00fcttel<\/a>, <a href=\"https:\/\/bautenschutz-keul.de\/angebote\/bauwerksabdichtung-schwarzenbek\/\">Bauwerksabdichtung Schwarzenbek<\/a>, <a href=\"https:\/\/bautenschutz-keul.de\/angebote\/kellerabdichtung-jesteburg\/\">Kellerabdichtung Jesteburg<\/a>, <a href=\"https:\/\/bautenschutz-keul.de\/angebote\/schimmel-bad-bevensen\/\">Schimmel Bad Bevensen<\/a>, <a href=\"https:\/\/bautenschutz-keul.de\/angebote\/zerstoerter-putz-bad-bevensen\/\">zerst\u00f6rter Putz Bad Bevensen<\/a>, <a href=\"https:\/\/bautenschutz-keul.de\/angebote\/feuchtigkeitsschaden-ebstorf\/\">Feuchtigkeitsschaden Ebstorf<\/a>, <a href=\"https:\/\/bautenschutz-keul.de\/angebote\/schimmelbeseitigung-reinbek-aumuehle\/\">Schimmelbeseitigung Reinbek Aum\u00fchle<\/a>, <a href=\"https:\/\/bautenschutz-keul.de\/angebote\/schimmel-winsen-luhe\/\">Schimmel Winsen Luhe<\/a>, <a href=\"https:\/\/bautenschutz-keul.de\/angebote\/schimmelsanierung-bergedorf-wentorf\/\">Schimmelsanierung Bergedorf Wentorf<\/a>, <a href=\"https:\/\/bautenschutz-keul.de\/angebote\/aussenabdichtung-lueneburg\/\">Au\u00dfenabdichtung L\u00fcneburg<\/a>, <a href=\"https:\/\/bautenschutz-keul.de\/angebote\/feuchte-mauer-hanstedt\/\">Feuchte Mauer Hanstedt<\/a>, <a href=\"https:\/\/bautenschutz-keul.de\/angebote\/zerstoerter-putz-seevetal-rosengarten\/\">zerst\u00f6rter Putz Seevetal Rosengarten<\/a>, <a href=\"https:\/\/bautenschutz-keul.de\/angebote\/feuchte-wand-bispingen\/\">Feuchte Wand Bispingen<\/a>, <a href=\"https:\/\/bautenschutz-keul.de\/angebote\/innenabdichtung-tostedt-sittensen\/\">Innenabdichtung Tostedt Sittensen<\/a>, <a href=\"https:\/\/bautenschutz-keul.de\/angebote\/innenabdichtung-bardowick\/\">Innenabdichtung Bardowick<\/a>, <a href=\"https:\/\/bautenschutz-keul.de\/angebote\/feuchtigkeit-brietlingen\/\">Feuchtigkeit Brietlingen<\/a>, <a href=\"https:\/\/bautenschutz-keul.de\/angebote\/innenabdichtung-boizenburg\/\">Innenabdichtung Boizenburg<\/a>, <a href=\"https:\/\/bautenschutz-keul.de\/angebote\/aussenabdichtung-ebstorf\/\">Au\u00dfenabdichtung Ebstorf<\/a>, <a href=\"https:\/\/bautenschutz-keul.de\/angebote\/aussenabdichtung-stelle\/\">Au\u00dfenabdichtung Stelle<\/a>, <a href=\"https:\/\/bautenschutz-keul.de\/angebote\/kellertrockenlegung-seevetal-rosengarten\/\">Kellertrockenlegung Seevetal Rosengarten<\/a>, <a href=\"https:\/\/bautenschutz-keul.de\/angebote\/schimmel-bispingen\/\">Schimmel Bispingen<\/a>, <a href=\"https:\/\/bautenschutz-keul.de\/angebote\/zerstoerter-putz-jesteburg\/\">zerst\u00f6rter Putz Jesteburg<\/a>, <a href=\"https:\/\/bautenschutz-keul.de\/angebote\/salpeter-im-keller-hanstedt\/\">Salpeter im Keller Hanstedt<\/a>, <a href=\"https:\/\/bautenschutz-keul.de\/angebote\/feuchter-keller-boizenburg\/\">Feuchter Keller Boizenburg<\/a>, <a href=\"https:\/\/bautenschutz-keul.de\/angebote\/bauwerksabdichtung-brietlingen\/\">Bauwerksabdichtung Brietlingen<\/a>"},"_links":{"self":[{"href":"https:\/\/bautenschutz-keul.de\/angebote\/wp-json\/wp\/v2\/pages\/396","targetHints":{"allow":["GET"]}}],"collection":[{"href":"https:\/\/bautenschutz-keul.de\/angebote\/wp-json\/wp\/v2\/pages"}],"about":[{"href":"https:\/\/bautenschutz-keul.de\/angebote\/wp-json\/wp\/v2\/types\/page"}],"author":[{"embeddable":true,"href":"https:\/\/bautenschutz-keul.de\/angebote\/wp-json\/wp\/v2\/users\/1"}],"replies":[{"embeddable":true,"href":"https:\/\/bautenschutz-keul.de\/angebote\/wp-json\/wp\/v2\/comments?post=396"}],"version-history":[{"count":0,"href":"https:\/\/bautenschutz-keul.de\/angebote\/wp-json\/wp\/v2\/pages\/396\/revisions"}],"wp:attachment":[{"href":"https:\/\/bautenschutz-keul.de\/angebote\/wp-json\/wp\/v2\/media?parent=396"}],"curies":[{"name":"wp","href":"https:\/\/api.w.org\/{rel}","templated":true}]}}