{"id":397,"date":"2021-09-13T08:44:08","date_gmt":"2021-09-13T06:44:08","guid":{"rendered":"https:\/\/bautenschutz-keul.de\/angebote\/kellersanierung-brietlingen\/"},"modified":"2021-09-13T08:44:08","modified_gmt":"2021-09-13T06:44:08","slug":"kellersanierung-brietlingen","status":"publish","type":"page","link":"https:\/\/bautenschutz-keul.de\/angebote\/kellersanierung-brietlingen\/","title":{"rendered":"Kellersanierung &#8211; Brietlingen"},"content":{"rendered":"<h3>Kellersanierung \u2013 wir \u00fcbernehmen das!<\/h3>\n<p>Lange Zeit hat der Keller bei Immobilienbesitzern eine Art Schattendasein gefristet. Der Keller war zumeist nicht mehr als ein reiner Nutzraum &#8211;  er diente als Abstellraum, Lagerfl\u00e4che oder Vorratskammer. Um die Kellersanierung wurde sich in der Regel erst dann gek\u00fcmmert, wenn weitergehende Beeintr\u00e4chtigungen z.B. durch eindringende Feuchtigkeit vermutet werden mussten. Die Zeiten haben sich gl\u00fccklicherweise ver\u00e4ndert. In unserer Zeit dient der Keller unter anderem als Partyraum, Hobbyraum, G\u00e4stezimmer oder als hauseigener Wellnessbereich. Sehr viele Hausbesitzer haben sich beispielsweise eine eigene Sauna im Keller eingerichtet. Dieser Trend r\u00fcckt den Keller mehr und mehr ins Bewusstsein der Hausbewohner. Feuchte Stellen, Schimmelentstehung und abbl\u00e4tternder Putz m\u00fcssen abgetragen werden, damit der Keller langfristig benutzt werden kann. Ganz klar, dass in einem solchen Fall die Kellersanierung zu einem tats\u00e4chlichen Thema wird. Und eines ist ganz klar: Die vollumf\u00e4ngliche und sachgerechte Kellersanierung ist eine Aufgabenstellung f\u00fcr den Spezialisten. <\/p>\n<h3>Kellersanierung: Bei uns kompetent und schnell!<\/h3>\n<p>Bevor die Kellersanierung angefangen werden kann, muss zuvor eine Zustandsbeschreibung [erfolgen|gemacht werden}: Welche Sch\u00e4den und welcher Reparaturumfang liegen objektiv vor? Welcher Nutzen wird mit der Kellersanierung verfolgt? Sollen nur Defekte, die Bausubstanz bedrohen saniert werden oder dient die Kellersanierung dazu, aus einem ehemaligen Abstellraum weiteren Wohn- oder Arbeitsraum zu schaffen? Es zeigt sich bereits in diesem Fall, dass der Kellersanierung ein Nutzungsplan vorangeht. Die folgende Nutzung gibt die Marschroute der Kellersanierung vor. Wichtig ist, dass hierbei auch Aufwand und monet\u00e4re Aufwendungen eine Rolle spielen. Wer eine t\u00e4gliche Nutzung seines Kellers plant, dem d\u00fcrften Instandsetzungen von leichter kosmetischer Natur nicht ausreichen. Um einen reellen Plan f\u00fcr die geplante Kellersanierung zu erarbeiten, sollten die Kellerr\u00e4ume durch einen Fachmann begutachtet werden. Vor allem der Spezialist kann tats\u00e4chlich bewerten, welche Ma\u00dfnahmen die Sanierung beinhalten muss,<br \/>\nsodass der Keller kurzfristig im Sinne der Hauseigent\u00fcmer verwendet werden kann.<\/p>\n","protected":false},"excerpt":{"rendered":"<p>Kellersanierung \u2013 wir \u00fcbernehmen das! Lange Zeit hat der Keller bei Immobilienbesitzern eine Art Schattendasein gefristet. Der Keller war zumeist nicht mehr als ein reiner Nutzraum &#8211; er diente als Abstellraum, Lagerfl\u00e4che oder Vorratskammer. Um die Kellersanierung wurde sich in der Regel erst dann gek\u00fcmmert, wenn weitergehende Beeintr\u00e4chtigungen z.B. durch eindringende Feuchtigkeit vermutet werden mussten. [&hellip;]<\/p>\n","protected":false},"author":1,"featured_media":0,"parent":0,"menu_order":0,"comment_status":"closed","ping_status":"closed","template":"","meta":{"footnotes":""},"class_list":["post-397","page","type-page","status-publish","hentry"],"meta_box":{"popseo_subtitel":"Die Firma TK-Geb\u00e4udetechnik Thorsten Keul ist Ihr Fachunternehmen f\u00fcr eine Kellersanierung im Raum Brietlingen","popseo_subtitel2":"Kellersanierung - wir beraten Sie gerne!","popseo_lasttitel":"Kellersanierung: Sie haben Fragen? Dann melden Sie sich bei uns","popseo_region":"Brietlingen","popseo_sachwort":"Kellersanierung","popseo_noupdate":"","popseo_einleitungstext":"<p>Kellerr\u00e4ume, W\u00e4nde oder Mauern Ihres Wohn- oder Gesch\u00e4ftsgeb\u00e4udes weisen einen Feuchtigkeitsschaden und damit einen nicht zu \u00fcbersehenden Sanierungsbedarf auf. Dann ist es h\u00f6chste Eisenbahn, sich \u00fcber eine fachlich korrekt vorgenommene Trocknung Gedanken zu machen. Unser Fachbetrieb ist auf die Bauwerksabdichtung spezialisiert. Zu den Schwerpunkten unseres Unternehmens geh\u00f6ren zum Beispiel die Bereiche Mauertrockenlegung, Kellerabdichtung und Schimmelbeseitigung. Der nachhaltigen Sanierung gilt unsere Aufmersamkeit. Wir beraten qualifiziert, wie Sie Ihr Geb\u00e4ude umweltgerecht und preisg\u00fcnstig sanieren k\u00f6nnen. Ein paar erste Informationen hierzu lesen Sie nachfolgend auf diesen Seiten.<\/p>","popseo_schlusstext":"<p>Gerne informieren wir Sie n\u00e4her \u00fcber unser Aufgabenfeld. Wir zeigen Ihnen mit Vergn\u00fcgen auch ein paar Projekte, die Ihnen einen Einblick in unsere Arbeit geben.<br \/>\nSchenken Sie uns Ihr Vertrauen. Rufen Sie uns doch rasch einmal an oder schicken Sie uns eine schnelle E-Mail. Wir freuen uns auf den Kontakt zu Ihnen.<\/p>","popseo_stadttext":"<h3>Unser Einzugsbereich umfasst auch Brietlingen<\/h3>\n<p>Wir werden f\u00fcr Kunden aus unserer Heimatgemeinde Brietlingen aktiv. Durch unsere Vertriebst\u00e4tigkeit haben wir uns einen guten \u00dcberblick \u00fcber die Architektur der St\u00e4dte und Gemeinden unseres Einzugsbereiches machen k\u00f6nnen. Nat\u00fcrlich geh\u00f6rt besonders auch unsere Heimatgemeinde zu unserem unmittelbaren Wirkungskreis. Wir freuen uns darauf, mit Ihnen ins Gespr\u00e4ch zu kommen. <\/p>\n<h3>Ein paar Fakten \u00fcber Brietlingen<\/h3>\n<p>Brietlingen liegt im westlich vom Naturpark Elbufer-Drawelen und ist circa 10 Kilometer von von L\u00fcneburg entfernt. Auf einer Fl\u00e4che von ca. 19 Quadratkilometern leben etwa 3.500 B\u00fcrger. Organisatorisch z\u00e4hlt Brietlingen zum Landkreis L\u00fcneburg. Der charmante Ort ist Teil der Samtgemeinde Scharnebeck, einem Zusammenschluss von acht kleineren Orten. Dies sind neben Brietlingen und Scharnebeck die Gemeinden Hittbergen, Echem, Hohnstorf (Elbe), L\u00fcdersburg, Artlenburg und Rullsdorf. Die Samtgemeinde z\u00e4hlt in Summe knapp 15.000 Einwohner und erstreckt sich \u00fcber eine Fl\u00e4che von etwas mehr als 135 Quadratkilometern.<\/p>\n<p>Sehr gesch\u00e4tzt wird Brietlingen von Naturfreunden wegen seines beachtlichen Naherholungswertes. In Brietlingen startet man sehr gerne zu weiten Touren durch den Naturpark Elbufer-Drawelen. Speziell f\u00fcr Familien ist Brietlingen attraktiv. Die ruhige Lage sowie eine sehr gute Infrastruktur zeichnen die Gemeinde aus.<\/p>\n<h4>Unsere Leistung f\u00fcr qualit\u00e4tsbewusste Kunden aus Brietlingen<\/h4>\n<p>Das Leben in Brietlingen ist ruhig. Die Gemeinde verf\u00fcgt \u00fcber zahlreiche idyllische Wohnviertel, die insbesondere von einer ansprechenden Einzelhausbebauung gepr\u00e4gt sind. Sie interessieren sich f\u00fcr unser Leistungsprogramm und haben deshalb unsere Website besucht? Das freut uns sehr. Unser engagiertes Spezialistenteam nimmt gerne Ihren Anruf entgegen oder beantwortet Ihre E-Mail.<\/p>","popseo_zusatztext":"<h3>Hohe Kosten bei der Bauwerksabdichtung m\u00fcssen nicht sein<\/h3>\n<p>Sie interessieren sich f\u00fcr eine Kellertrockenlegung oder eine Sanierungsarbeit an Mauern bzw. W\u00e4nden und w\u00fcnschen sich ein individuelles Angebot, das eine qualitativ gute Arbeit garantiert, gleichzeitig aber die Kosten im Blick hat. Prima, in diesem Fall sind Sie bei uns an der richtigen Adresse. Als Fachbetrieb f\u00fcr Bauwerksabdichtung, Schimmelbeseitigung und Kellersanierung verwenden wir ausschlie\u00dflich hochwertige Materialien. Trotzdem achten wir stets auf die Kosten, die nat\u00fcrlich nicht zu hoch sein sollen. Wir m\u00f6chten Ihnen Qualit\u00e4t anbieten, die trotzdem auch die Kosten im Blick beh\u00e4lt. Bei uns stimmen Kosten und Qualit\u00e4t: Bereits seit vielen Jahren sind wir Ihr erfahrener Fachbetrieb f\u00fcr Trocknungs- und Sanierungsarbeiten in Norddeutschland. Unser Standort liegt verkehrsg\u00fcnstig in Brietlingen bei L\u00fcndeburg. Die Kosten stets vor Augen: Wir bieten Ihnen eine fachm\u00e4nnisch ausgef\u00fchrte Sanierungsarbeit nach dem jeweils neuesten Stand der Technik.<\/p>\n<h3>Hochwertige Arbeit, geringe Kosten!<\/h3>\n<p>D\u00fcrfen wir Sie beraten, wie Sie die Kosten f\u00fcr eine Sanierung reduzieren? Toll, dann warten Sie bitte nicht und nehmen am besten noch heute Verbindung mit uns auf. Ein kurzer Anruf oder eine kurze Mail gen\u00fcgen. Die gute Beratung ist gleicherma\u00dfen wichtig wie die sachgem\u00e4\u00dfe Projektausf\u00fchrung. Unsere Beratung ist nat\u00fcrlich absolut unverbindlich. Hochwertige Arbeit bei moderaten Kosten: Wir empfehlen uns als spezialisiertes Fachunternehmen im Norden. Unsere langj\u00e4hrige Erfahrung spricht f\u00fcr uns.<br \/>\nMinimieren Sie die Kosten f\u00fcr Ihre Geb\u00e4udesanierung: Setzen Sie auf die Profis der Fachfirma Keul.<\/p>","popseo_links":"<a href=\"https:\/\/bautenschutz-keul.de\/angebote\/kellerabdichtung-winsen-luhe\/\">Kellerabdichtung Winsen Luhe<\/a>, <a href=\"https:\/\/bautenschutz-keul.de\/angebote\/innenabdichtung-jesteburg\/\">Innenabdichtung Jesteburg<\/a>, <a href=\"https:\/\/bautenschutz-keul.de\/angebote\/feuchtigkeitsschaden-ebstorf\/\">Feuchtigkeitsschaden Ebstorf<\/a>, <a href=\"https:\/\/bautenschutz-keul.de\/angebote\/feuchtigkeitsschaden-winsen-luhe\/\">Feuchtigkeitsschaden Winsen Luhe<\/a>, <a href=\"https:\/\/bautenschutz-keul.de\/angebote\/kellerabdichtung-glinde-sachsenwald\/\">Kellerabdichtung Glinde Sachsenwald<\/a>, <a href=\"https:\/\/bautenschutz-keul.de\/angebote\/mauertrockenlegung-maschen\/\">Mauertrockenlegung Maschen<\/a>, <a href=\"https:\/\/bautenschutz-keul.de\/angebote\/schimmel-boizenburg\/\">Schimmel Boizenburg<\/a>, <a href=\"https:\/\/bautenschutz-keul.de\/angebote\/aufsteigende-feuchtigkeit-adendorf\/\">aufsteigende Feuchtigkeit Adendorf<\/a>, <a href=\"https:\/\/bautenschutz-keul.de\/angebote\/feuchtigkeit-reppenstedt\/\">Feuchtigkeit Reppenstedt<\/a>, <a href=\"https:\/\/bautenschutz-keul.de\/angebote\/bauwerksabdichtung-boizenburg\/\">Bauwerksabdichtung Boizenburg<\/a>, <a href=\"https:\/\/bautenschutz-keul.de\/angebote\/bauwerksabdichtung-bardowick\/\">Bauwerksabdichtung Bardowick<\/a>, <a href=\"https:\/\/bautenschutz-keul.de\/angebote\/salpeter-im-keller-ebstorf\/\">Salpeter im Keller Ebstorf<\/a>, <a href=\"https:\/\/bautenschutz-keul.de\/angebote\/mauertrockenlegung-buechen\/\">Mauertrockenlegung B\u00fcchen<\/a>, <a href=\"https:\/\/bautenschutz-keul.de\/angebote\/mauertrockenlegung-jesteburg\/\">Mauertrockenlegung Jesteburg<\/a>, <a href=\"https:\/\/bautenschutz-keul.de\/angebote\/innenabdichtung-harburg\/\">Innenabdichtung Harburg<\/a>, <a href=\"https:\/\/bautenschutz-keul.de\/angebote\/feuchtigkeitsschaden-schwarzenbek\/\">Feuchtigkeitsschaden Schwarzenbek<\/a>, <a href=\"https:\/\/bautenschutz-keul.de\/angebote\/feuchter-keller-bienenbuettel\/\">Feuchter Keller Bienenb\u00fcttel<\/a>, <a href=\"https:\/\/bautenschutz-keul.de\/angebote\/kellertrockenlegung-bispingen\/\">Kellertrockenlegung Bispingen<\/a>, <a href=\"https:\/\/bautenschutz-keul.de\/angebote\/feuchtigkeitsschaden-geesthacht\/\">Feuchtigkeitsschaden Geesthacht<\/a>, <a href=\"https:\/\/bautenschutz-keul.de\/angebote\/aufsteigende-feuchtigkeit-brietlingen\/\">aufsteigende Feuchtigkeit Brietlingen<\/a>, <a href=\"https:\/\/bautenschutz-keul.de\/angebote\/feuchte-wand-seevetal-rosengarten\/\">Feuchte Wand Seevetal Rosengarten<\/a>, <a href=\"https:\/\/bautenschutz-keul.de\/angebote\/zerstoerter-putz-geesthacht\/\">zerst\u00f6rter Putz Geesthacht<\/a>, <a href=\"https:\/\/bautenschutz-keul.de\/angebote\/feuchtigkeitsschaden-bad-bevensen\/\">Feuchtigkeitsschaden Bad Bevensen<\/a>, <a href=\"https:\/\/bautenschutz-keul.de\/angebote\/salpeter-im-keller-bienenbuettel\/\">Salpeter im Keller Bienenb\u00fcttel<\/a>, <a href=\"https:\/\/bautenschutz-keul.de\/angebote\/zerstoerter-putz-schwarzenbek\/\">zerst\u00f6rter Putz Schwarzenbek<\/a>, <a href=\"https:\/\/bautenschutz-keul.de\/angebote\/mauertrockenlegung-bad-bevensen\/\">Mauertrockenlegung Bad Bevensen<\/a>, <a href=\"https:\/\/bautenschutz-keul.de\/angebote\/schimmelbeseitigung-bergedorf-wentorf\/\">Schimmelbeseitigung Bergedorf Wentorf<\/a>, <a href=\"https:\/\/bautenschutz-keul.de\/angebote\/feuchte-mauer-bardowick\/\">Feuchte Mauer Bardowick<\/a>"},"_links":{"self":[{"href":"https:\/\/bautenschutz-keul.de\/angebote\/wp-json\/wp\/v2\/pages\/397","targetHints":{"allow":["GET"]}}],"collection":[{"href":"https:\/\/bautenschutz-keul.de\/angebote\/wp-json\/wp\/v2\/pages"}],"about":[{"href":"https:\/\/bautenschutz-keul.de\/angebote\/wp-json\/wp\/v2\/types\/page"}],"author":[{"embeddable":true,"href":"https:\/\/bautenschutz-keul.de\/angebote\/wp-json\/wp\/v2\/users\/1"}],"replies":[{"embeddable":true,"href":"https:\/\/bautenschutz-keul.de\/angebote\/wp-json\/wp\/v2\/comments?post=397"}],"version-history":[{"count":0,"href":"https:\/\/bautenschutz-keul.de\/angebote\/wp-json\/wp\/v2\/pages\/397\/revisions"}],"wp:attachment":[{"href":"https:\/\/bautenschutz-keul.de\/angebote\/wp-json\/wp\/v2\/media?parent=397"}],"curies":[{"name":"wp","href":"https:\/\/api.w.org\/{rel}","templated":true}]}}