{"id":402,"date":"2021-09-13T08:44:08","date_gmt":"2021-09-13T06:44:08","guid":{"rendered":"https:\/\/bautenschutz-keul.de\/angebote\/kellersanierung-glinde-sachsenwald\/"},"modified":"2021-09-13T08:44:08","modified_gmt":"2021-09-13T06:44:08","slug":"kellersanierung-glinde-sachsenwald","status":"publish","type":"page","link":"https:\/\/bautenschutz-keul.de\/angebote\/kellersanierung-glinde-sachsenwald\/","title":{"rendered":"Kellersanierung &#8211; Glinde Sachsenwald"},"content":{"rendered":"<h3>Kellersanierung: Kompetent und erfahren bei Planung und Ausf\u00fchrung<\/h3>\n<p>Lange Jahre hat der Keller bei Immobilieneigent\u00fcmern eine Art Schattendasein gefristet. Der Keller war prim\u00e4r nicht mehr als ein reiner Nutzraum &#8211;  er diente als Abstellort, Lagerfl\u00e4che oder Vorratskammer. Um die Kellersanierung wurde sich oft erst dann gek\u00fcmmert, wenn weitergehende Beeintr\u00e4chtigungen beispielsweise durch eintretende Feuchtigkeit vermutet werden mussten. Diese Zeiten haben sich gl\u00fccklicherweise gewandelt. Heutzutage dient der Keller unter anderem als G\u00e4stezimmer, Partyraum, Hobbyraum oder als hauseigener Wellnessbereich. Viele Hauseigent\u00fcmer haben sich etwa eine eigene Sauna im Keller eingebaut. Dieser Trend r\u00fcckt den Keller immer mehr in den Fokus der Haueigent\u00fcmer. Feuchte Stellen, Schimmelentstehung und defekter Putz m\u00fcssen beseitigt werden, damit der Keller auf Dauer benutzt werden kann. Ganz klar, dass in einem solchen Fall die Kellersanierung zu einem tats\u00e4chlichen Thema wird. Und eines ist sehr eindeutig: Die vollumf\u00e4ngliche und professionelle Kellersanierung ist eine Aufgabe f\u00fcr den Profi. <\/p>\n<h3>Sie interessieren sich f\u00fcr Kellersanierung? Dann rufen Sie uns bitte an!<\/h3>\n<p>Ehe die Kellersanierung in Angriff genommen werden kann, sollte zuvor eine Zustandsbeschreibung [erfolgen|gemacht werden}: Welche M\u00e4ngel und welcher Sanierungsbedarf liegen objektiv vor? Welches Ziel wird mit der Kellersanierung verfolgt? Sollen nur Defekte, die Bausubstanz bedrohen saniert werden oder dient die Kellersanierung dazu, aus einem ehemaligen Nutzraum zus\u00e4tzlichen Arbeits- oder Wohnraum zu schaffen? Es zeigt sich bereits hierbei, dass der Kellersanierung ein Nutzungsplan vorangeht. Die folgende Verwendung gibt die Richtung der Kellersanierung vor. Selbstverst\u00e4ndlich ist, dass hierbei auch Aufwand und Kosten eine Rolle spielen. Wer eine intensivere Verwendung seines Kellers plant, dem d\u00fcrften Reparaturen von nur kosmetischer Natur nicht gen\u00fcgen. Um einen objektiven Plan f\u00fcr die beabsichtigte Kellersanierung zu erarbeiten, sollten die Kellerr\u00e4ume durch einen Sachverst\u00e4ndigen in Augenschein genommen werden. Vor allem der Sachverst\u00e4ndige kann tats\u00e4chlich absch\u00e4tzen, welche Arbeitsschritte die Sanierung beinhalten muss,<br \/>\ndamit der Keller kurzfristig im Sinne der Hausbewohner verwendet werden kann.<\/p>\n","protected":false},"excerpt":{"rendered":"<p>Kellersanierung: Kompetent und erfahren bei Planung und Ausf\u00fchrung Lange Jahre hat der Keller bei Immobilieneigent\u00fcmern eine Art Schattendasein gefristet. Der Keller war prim\u00e4r nicht mehr als ein reiner Nutzraum &#8211; er diente als Abstellort, Lagerfl\u00e4che oder Vorratskammer. Um die Kellersanierung wurde sich oft erst dann gek\u00fcmmert, wenn weitergehende Beeintr\u00e4chtigungen beispielsweise durch eintretende Feuchtigkeit vermutet werden [&hellip;]<\/p>\n","protected":false},"author":1,"featured_media":0,"parent":0,"menu_order":0,"comment_status":"closed","ping_status":"closed","template":"","meta":{"footnotes":""},"class_list":["post-402","page","type-page","status-publish","hentry"],"meta_box":{"popseo_subtitel":"Die Firma TK-Geb\u00e4udetechnik Thorsten Keul ist Ihr Partner f\u00fcr eine Kellersanierung in Glinde Sachsenwald","popseo_subtitel2":"Kellersanierung f\u00fcr Kunden aus Norddeutschland","popseo_lasttitel":"Kellersanierung: Unsere Experten beantworten Ihre Fragen","popseo_region":"Glinde Sachsenwald","popseo_sachwort":"Kellersanierung","popseo_noupdate":"","popseo_einleitungstext":"<p>Sie haben sich mit der Bauwerksabdichtung auseinandergesetzt, weil Ihr Wohn- oder Gesch\u00e4ftshaus feuchte Geb\u00e4udebereiche aufweist und Sie nach Methoden einer professionellen und vor allem wirksamen Sanierung Ausschau halten. Toll, dass Sie unsere Website entdeckt haben. Nachfolgend m\u00f6chten wir Ihnen n\u00e4here Informationen zu unserem Leistungsspektrum geben. Sie lernen auf dieser Website unsere Firma etwas n\u00e4her kennen. <\/p>\n<p>Unser Unternehmen ist ein spezialisierter und etablierter Handwerksbetrieb mit Gesch\u00e4ftsssitz in Brietlingen bei L\u00fcneburg. Bereits seit vielen Jahren sind wir Ihr Spezialist f\u00fcr alle auftretenden Fragen rund um Geb\u00e4udeabdichtung. Wir setzen ausschlie\u00dflich effektive und praxisbew\u00e4hrte Sanierungssysteme und -methoden ein. Als Sanierungsfachbetrieb schauen wir auf eine lange und intensive Berufserfahrung zur\u00fcck. Unsere freundlichen Mitarbeiter informieren Sie sehr gerne im Detail.<\/p>","popseo_schlusstext":"<p>Wenn Sie einen qualifizierten Fachbetrieb f\u00fcr die Bauwerksabdichtung ben\u00f6tigen, sind Sie bei uns richtig. Sie m\u00f6chten mehr \u00fcber uns erfahren? Als auf Sanierung spezialisierte Fachfirma sind wir f\u00fcr die Realisierung Ihres Vorhabens der ideale Partner und freuen uns \u00fcber Ihre Kontaktaufnahme, gleichg\u00fcltig ob per Telefonanruf oder Nachricht per E-Mail. Worauf Sie neben unserem fachlichen Know-how setzen d\u00fcrfen: Unser Team arbeitet absolut zuverl\u00e4ssig und wird mit Elan und Schwung f\u00fcr Sie t\u00e4tig. Wir freuen uns auf das Gespr\u00e4ch mit Ihnen!<\/p>","popseo_stadttext":"<h3>Unser Leistungsprogramm f\u00fcr Kunden aus der Region Glinde \/ Sachsenwald<\/h3>\n<p>Sie leben in Glinde oder in der N\u00e4he vom Sachsenwald und sind hier im World Wide Web auf unsere Website gesto\u00dfen? Das finden wir klasse. Gerne pr\u00e4sentieren wir Ihnen unser gesamtes Leistungsspektrum und beantworten Ihre Fragen. Durch unsere Gesch\u00e4ftst\u00e4tigkeit haben wir uns einen sehr guten \u00dcberblick \u00fcber die Architektur der Gemeinden und St\u00e4dte unseres Einzugsbereiches machen k\u00f6nnen. Nat\u00fcrlich geh\u00f6rt auch die Region Glinde \/ Sachsenwald zu unserem unmittelbaren Vertriebsgebiet. Wir freuen uns darauf, mit Ihnen ins Gespr\u00e4ch zu treten. <\/p>\n<h3>Lebensmittelpunkt Glinde \/ Sachsenwald<\/h3>\n<p>Die Stormarner Gemeinde Glinde geh\u00f6rt zur der Metropolregion Hamburg und gut 20 Kilometer in s\u00fcd\u00f6stlicher Randlage zur Hansestadt gelegen. Durch die Anbindung an das Netz des HVV sowie an die Verkehrsbetriebe Hamburg- Holstein sind Ausflugsziele in der n\u00e4heren Umgebung oder nat\u00fcrlich auch die Hansestadt Hamburg selbst von Glinde aus schnell zu erreichen.<br \/>\nInsgesamt acht Busstrecken bilden den Personennahverkehr von Glinde nach Hamburg bzw. in die Nachbarregionen. Ferner besteht eine direkte Verbindung mit der Eisenbahn nach Hamburg. \u00dcber den Hamburger Hauptbahnhof bekommt man eine Verbindung an das komplette Verkehrsnetz. Dar\u00fcber hinaus besteht noch die M\u00f6glichkeit, den Metronombus zu nehmen, mit dem man von Glinde nach Hamburg gut eine Dreiviertelstunde ben\u00f6tigt. Auch f\u00fcr das Auto stehen g\u00fcnstige \u00fcberregionale Verkehrsanbindungen zur Verf\u00fcgung. Gleich zwei Autobahnanschl\u00fcsse befinden sich in der n\u00e4heren Umgebung. \u00dcber die Autobahn A24 (AS Reinbek\/Glinde) bzw. die Autobahn A1 kommt man schnell an sein Ziel.<br \/>\nWegen seiner ausgezeichneten Infrastruktur hat sich Glinde zu einem begehrten Wohnort gemausert.  Deutlich \u00fcber die H\u00e4lfte des Stadtgebietes von Glinde besteht aus Park- oder Wasserfl\u00e4chen oder wird landwirtschaftlich genutzt. <\/p>\n<h3>Besuchen Sie den Sachsenwald!<\/h3>\n<p>Nicht weit von Glinde entfernt, findet sich der Sachsenwald. Mit seinem Areal von knapp 70 km\u00b2 gilt der Sachsenwald als weitfl\u00e4chigstes Waldgebiet des Bundeslandes Schleswig-Holstein. Der Sachsenwald ist ein gemeindefreies Gebiet. Es reicht an die Kreise Stormarn sowie Herzogtum Lauenburg. Naturverbundene Menschen haben im Sachsenwald ein absolutes Paradies. Ein langer Spaziergang durch das herrliche Waldgebiet garantiert Ruhe und Entspannung. Viele Tiere und Pflanzen haben im Sachsenwald ihren Platz gefunden. Die heimische Tierwelt hat im Sachsenwald einen in weiten Bereichen intakten Lebensraum. Der Sachsenwald teilt sich in die Bezirke Aum\u00fchle, Wohltorf und Friedrichsruh\/Stangenteich auf. Die dazugeh\u00f6rigen Gemeinden erfreuen sich als exklusive Wohnquartiere besonderer Popularit\u00e4t.<\/p>\n<h4>Wir f\u00fcr Sie in Glinde und der Region Sachsenwald!<\/h4>\n<p>Sie wohnen in Glinde oder einer der ruhigen Orte am Sachsenwald, interessieren sich f\u00fcr unser Leistungsprogramm und haben deshalb unsere Homepage besucht? Dar\u00fcber freuen wir uns sehr. Unser engagiertes Spezialistenteam nimmt gerne Ihren Anruf entgegen oder beantwortet Ihre E-Mail.<\/p>","popseo_zusatztext":"<h3>Hochwertige Sanierung, faire Kosten!<\/h3>\n<p>Sie sind interessiert an Trocknungs- oder Sanierungsarbeiten und w\u00fcnschen sich ein entsprechendes Angebot, das eine handwerklich gute Arbeit garantiert, gleichwohl die Kosten im Blick hat. Toll, dann sind Sie bei uns an der richtigen Adresse. Als Spezialist f\u00fcr Bauwerksabdichtung, Schimmelbeseitigung und Kellersanierung verarbeiten wir ausnahmslos ausgezeichnete Materialien. Trotzdem schauen wir stets auf die Kosten, die nat\u00fcrlich nicht zu hoch sein sollen. Wir m\u00f6chten Ihnen beste Qualit\u00e4t bieten, die gleichzeitig auch die Kosten im Blick beh\u00e4lt. Bei uns stimmen Kosten und Qualit\u00e4t: Bereits seit vielen Jahren sind wir Ihr erfahrener Partner f\u00fcr Sanierungs- und Trocknungsarbeiten in Norddeutschland. Unser Firmensitz befindet sich verkehrsg\u00fcnstig in Brietlingen bei L\u00fcndeburg. Die Kosten stets vor Augen: Wir stehen f\u00fcr eine professionell durchgef\u00fchrte Arbeit nach dem jeweils aktuellsten Stand der Technik.<\/p>\n<h3>Die Kosten stets vor Augen<\/h3>\n<p>D\u00fcrfen wir Sie beraten, wie Sie die Kosten f\u00fcr eine Sanierung begrenzen k\u00f6nnen? Prima, dann warten Sie bitte nicht und nehmen am besten gleich heute Kontakt mit uns auf. Ein kurzer Anruf oder auch eine kurze eMail gen\u00fcgen. Die fachlich versierte Beratung ist genauso wichtig wie die sachgem\u00e4\u00dfe Ausf\u00fchrung der entsprechenden T\u00e4tigkeiten. Unsere fachliche Beratung ist nat\u00fcrlich v\u00f6llig unverbindlich. Qualit\u00e4tsbewusst bei niedrigen Kosten: Wir empfehlen uns als spezialisiertes Fachunternehmen in Norddeutschland. Unsere jahrelange Erfahrung spricht f\u00fcr uns.<br \/>\nSenken Sie die Kosten f\u00fcr Ihr Sanierungsprojekt: Vertrauen Sie den Spezialisten der Firma Keul.<\/p>","popseo_links":"<a href=\"https:\/\/bautenschutz-keul.de\/angebote\/feuchtigkeitsschaden-reinbek-aumuehle\/\">Feuchtigkeitsschaden Reinbek Aum\u00fchle<\/a>, <a href=\"https:\/\/bautenschutz-keul.de\/angebote\/salpeter-im-keller-harburg\/\">Salpeter im Keller Harburg<\/a>, <a href=\"https:\/\/bautenschutz-keul.de\/angebote\/zerstoerter-putz-bardowick\/\">zerst\u00f6rter Putz Bardowick<\/a>, <a href=\"https:\/\/bautenschutz-keul.de\/angebote\/feuchtigkeit-glinde-sachsenwald\/\">Feuchtigkeit Glinde Sachsenwald<\/a>, <a href=\"https:\/\/bautenschutz-keul.de\/angebote\/bauwerksabdichtung-amt-neuhaus\/\">Bauwerksabdichtung Amt Neuhaus<\/a>, <a href=\"https:\/\/bautenschutz-keul.de\/angebote\/schimmel-geesthacht\/\">Schimmel Geesthacht<\/a>, <a href=\"https:\/\/bautenschutz-keul.de\/angebote\/mauertrockenlegung-bad-bevensen\/\">Mauertrockenlegung Bad Bevensen<\/a>, <a href=\"https:\/\/bautenschutz-keul.de\/angebote\/feuchter-keller-reppenstedt\/\">Feuchter Keller Reppenstedt<\/a>, <a href=\"https:\/\/bautenschutz-keul.de\/angebote\/kellertrockenlegung-ebstorf\/\">Kellertrockenlegung Ebstorf<\/a>, <a href=\"https:\/\/bautenschutz-keul.de\/angebote\/salpeter-im-keller-bad-bevensen\/\">Salpeter im Keller Bad Bevensen<\/a>, <a href=\"https:\/\/bautenschutz-keul.de\/angebote\/aufsteigende-feuchtigkeit-salzhausen\/\">aufsteigende Feuchtigkeit Salzhausen<\/a>, <a href=\"https:\/\/bautenschutz-keul.de\/angebote\/zerstoerter-putz-harburg\/\">zerst\u00f6rter Putz Harburg<\/a>, <a href=\"https:\/\/bautenschutz-keul.de\/angebote\/rissverpressung-bardowick\/\">Rissverpressung Bardowick<\/a>, <a href=\"https:\/\/bautenschutz-keul.de\/angebote\/salpeter-im-keller-stelle\/\">Salpeter im Keller Stelle<\/a>, <a href=\"https:\/\/bautenschutz-keul.de\/angebote\/feuchte-mauer-salzhausen\/\">Feuchte Mauer Salzhausen<\/a>, <a href=\"https:\/\/bautenschutz-keul.de\/angebote\/salpeter-im-keller-maschen\/\">Salpeter im Keller Maschen<\/a>, <a href=\"https:\/\/bautenschutz-keul.de\/angebote\/aussenabdichtung-lueneburg\/\">Au\u00dfenabdichtung L\u00fcneburg<\/a>, <a href=\"https:\/\/bautenschutz-keul.de\/angebote\/kellertrockenlegung-bispingen\/\">Kellertrockenlegung Bispingen<\/a>, <a href=\"https:\/\/bautenschutz-keul.de\/angebote\/kellertrockenlegung-reppenstedt\/\">Kellertrockenlegung Reppenstedt<\/a>, <a href=\"https:\/\/bautenschutz-keul.de\/angebote\/feuchter-keller-glinde-sachsenwald\/\">Feuchter Keller Glinde Sachsenwald<\/a>, <a href=\"https:\/\/bautenschutz-keul.de\/angebote\/kellertrockenlegung-schwarzenbek\/\">Kellertrockenlegung Schwarzenbek<\/a>, <a href=\"https:\/\/bautenschutz-keul.de\/angebote\/feuchte-wand-buechen\/\">Feuchte Wand B\u00fcchen<\/a>, <a href=\"https:\/\/bautenschutz-keul.de\/angebote\/innenabdichtung-reinbek-aumuehle\/\">Innenabdichtung Reinbek Aum\u00fchle<\/a>, <a href=\"https:\/\/bautenschutz-keul.de\/angebote\/kellertrockenlegung-uelzen\/\">Kellertrockenlegung Uelzen<\/a>, <a href=\"https:\/\/bautenschutz-keul.de\/angebote\/mauertrockenlegung-winsen-luhe\/\">Mauertrockenlegung Winsen Luhe<\/a>, <a href=\"https:\/\/bautenschutz-keul.de\/angebote\/feuchte-mauer-buechen\/\">Feuchte Mauer B\u00fcchen<\/a>, <a href=\"https:\/\/bautenschutz-keul.de\/angebote\/feuchte-wand-bergedorf-wentorf\/\">Feuchte Wand Bergedorf Wentorf<\/a>, <a href=\"https:\/\/bautenschutz-keul.de\/angebote\/innenabdichtung-jesteburg\/\">Innenabdichtung Jesteburg<\/a>"},"_links":{"self":[{"href":"https:\/\/bautenschutz-keul.de\/angebote\/wp-json\/wp\/v2\/pages\/402","targetHints":{"allow":["GET"]}}],"collection":[{"href":"https:\/\/bautenschutz-keul.de\/angebote\/wp-json\/wp\/v2\/pages"}],"about":[{"href":"https:\/\/bautenschutz-keul.de\/angebote\/wp-json\/wp\/v2\/types\/page"}],"author":[{"embeddable":true,"href":"https:\/\/bautenschutz-keul.de\/angebote\/wp-json\/wp\/v2\/users\/1"}],"replies":[{"embeddable":true,"href":"https:\/\/bautenschutz-keul.de\/angebote\/wp-json\/wp\/v2\/comments?post=402"}],"version-history":[{"count":0,"href":"https:\/\/bautenschutz-keul.de\/angebote\/wp-json\/wp\/v2\/pages\/402\/revisions"}],"wp:attachment":[{"href":"https:\/\/bautenschutz-keul.de\/angebote\/wp-json\/wp\/v2\/media?parent=402"}],"curies":[{"name":"wp","href":"https:\/\/api.w.org\/{rel}","templated":true}]}}