{"id":403,"date":"2021-09-13T08:44:08","date_gmt":"2021-09-13T06:44:08","guid":{"rendered":"https:\/\/bautenschutz-keul.de\/angebote\/kellersanierung-hanstedt\/"},"modified":"2021-09-13T08:44:08","modified_gmt":"2021-09-13T06:44:08","slug":"kellersanierung-hanstedt","status":"publish","type":"page","link":"https:\/\/bautenschutz-keul.de\/angebote\/kellersanierung-hanstedt\/","title":{"rendered":"Kellersanierung &#8211; Hanstedt"},"content":{"rendered":"<h3>Kellersanierung: Wir helfen schnell und kompetent!<\/h3>\n<p>Lange Zeit hat der Keller bei Hauseigent\u00fcmern eine Art Schattendasein gefristet. Der Keller war in erster Linie nicht mehr als ein reiner Nutzraum &#8211;  er diente als Abstellkammer, Lagerfl\u00e4che oder Vorratskammer. Um die Kellersanierung wurde sich meist erst dann gek\u00fcmmert, wenn weitergehende Beeintr\u00e4chtigungen z.B. durch eintretende N\u00e4sse vermutet werden mussten. Diese Zeiten haben sich gl\u00fccklicherweise gewandelt. Heute dient der Keller auch als Hobbyraum, G\u00e4stezimmer, Partyraum und als hauseigener Wellnessbereich. Viele Hauseigent\u00fcmer haben sich zum Beispiel eine eigene Sauna im Keller eingebaut. Dieser Trend r\u00fcckt den Keller mehr und mehr ins Bewusstsein der Hausbewohner. Nasse Stellen, Schimmelentstehung oder abbl\u00e4tternder Putz m\u00fcssen entfernt werden, damit der Keller langfristig genutzt werden kann. Logisch, dass in einem solchen Fall die Kellersanierung zu einem wirklichen Thermenkomplex wird. Und eines ist sehr eindeutig: Die vollumf\u00e4ngliche und sachgerechte Kellersanierung ist eine Aufgabe f\u00fcr den Spezialisten. <\/p>\n<h3>Fragen Sie den Fachbetrieb in Sachen Kellersanierung!<\/h3>\n<p>Ehe die Kellersanierung angegangen werden kann, sollte erstmal eine Zustandsbeschreibung [erfolgen|gemacht werden}: Welche Sch\u00e4den und welcher Reparaturumfang liegen wirklich vor? Welches Ziel wird mit der Kellersanierung erreicht? Sollen nur Sch\u00e4den, die Substanz gef\u00e4hrden instandgesetzt werden oder taugt die Kellersanierung dazu, aus einem fr\u00fcheren Nutzraum weiteren Wohn- oder Arbeitsraum zu schaffen? Es zeigt sich schon in diesem Fall, dass der Kellersanierung ein Plan vorausgeht. Die folgende Verwendung gibt die Richtung der Kellersanierung vor. Wichtig ist, dass dabei auch Aufwand und Kosten von Bedeutung sind. Wer eine intensive Verwendung seines Kellers plant, dem k\u00f6nnen Sanierungen von nur kosmetischer Natur nicht ausreichen. Um einen objektiven Handlungsplan f\u00fcr die geplante Kellersanierung zu verfassen, sollten die Kellerr\u00e4ume durch einen Fachmann begutachtet werden. Nur der Experte kann tats\u00e4chlich beurteilen, welche Arbeiten die Sanierung beinhalten sollte,<br \/>\nsodass der Keller kurzfristig im Sinne der Hausbewohner verwendet werden kann.<\/p>\n","protected":false},"excerpt":{"rendered":"<p>Kellersanierung: Wir helfen schnell und kompetent! Lange Zeit hat der Keller bei Hauseigent\u00fcmern eine Art Schattendasein gefristet. Der Keller war in erster Linie nicht mehr als ein reiner Nutzraum &#8211; er diente als Abstellkammer, Lagerfl\u00e4che oder Vorratskammer. Um die Kellersanierung wurde sich meist erst dann gek\u00fcmmert, wenn weitergehende Beeintr\u00e4chtigungen z.B. durch eintretende N\u00e4sse vermutet werden [&hellip;]<\/p>\n","protected":false},"author":1,"featured_media":0,"parent":0,"menu_order":0,"comment_status":"closed","ping_status":"closed","template":"","meta":{"footnotes":""},"class_list":["post-403","page","type-page","status-publish","hentry"],"meta_box":{"popseo_subtitel":"Die Firma TK-Geb\u00e4udetechnik Thorsten Keul ist Ihr Spezialist f\u00fcr eine Kellersanierung im Raum Hanstedt","popseo_subtitel2":"Kellersanierung - eine Aufgabe, die wir gerne \u00fcbernehmen","popseo_lasttitel":"Kellersanierung: Wir informieren Sie gerne auch pers\u00f6nlich!","popseo_region":"Hanstedt","popseo_sachwort":"Kellersanierung","popseo_noupdate":"","popseo_einleitungstext":"<p>Sie haben sich mit dem Thema Bauwerksabdichtung auseinandergesetzt, da Ihr Wohn- oder Gesch\u00e4ftshaus feuchte Geb\u00e4udeteile aufweist und Sie nach M\u00f6glichkeiten einer wirkungsvollen und professionellen Sanierung Ausschau halten. Gut, dass Sie unseren Internetauftritt entdeckt haben. Auf den folgenden Seiten d\u00fcrfen wir Ihnen einige Informationen zu unserem Leistungsangebot geben. Sie lernen auf dieser Website unsere Firma n\u00e4her kennen. <\/p>\n<p>Die Firma TK-Geb\u00e4udetechnik Thorsten Keul ist ein spezialisierter und etablierter Fachbetrieb mit Firmensitz in Brietlingen bei L\u00fcneburg. Bereits seit vielen Jahren sind wir Ihre Experten f\u00fcr alle Fragen rund um die Bauwerksabdichtung. Wir setzen ausschlie\u00dflich effektive und praxisbew\u00e4hrte Sanierungssysteme und -methoden ein. Als Fachbetrieb f\u00fcr Abdichtung und Sanierung blicken wir auf eine lange Berufserfahrung zur\u00fcck. Unsere versierten Spezialisten informieren Sie gerne im Detail.<\/p>","popseo_schlusstext":"<p>Wenn Sie ein erfahrenes Unternehmen f\u00fcr zeitgem\u00e4\u00dfe Innen- und Au\u00dfenabdichtung ben\u00f6tigen, sind Sie bei uns an der richtigen Adresse. Sie m\u00f6chten mehr \u00fcber uns wissen? Als auf Sanierung spezialisierte Fachfirma sind wir f\u00fcr Ihr Vorhaben der perfekte Dienstleister und freuen uns \u00fcber Ihre Anfrage, unabh\u00e4ngig davon ob durch Griff zum Telefonh\u00f6rer oder E-Mail. Worauf Sie neben Fachwissen setzen d\u00fcrfen: Unser Team arbeitet absolut zuverl\u00e4ssig und wird mit Elan und Schwung f\u00fcr Sie t\u00e4tig. Wir freuen uns auf Sie!<\/p>","popseo_stadttext":"<h3>Unser Vertriebsgebiet umfasst auch Hanstedt (Harburg)<\/h3>\n<p>Sie kommen aus Hanstedt (Harburg) und sind hier im World Wide Web auf unsere Website gesto\u00dfen? Das finden wir toll. Gerne pr\u00e4sentieren wir Ihnen unser gesamtes Leistungsspektrum und beantworten Ihre Fragen. Durch unsere Vertriebst\u00e4tigkeit haben wir uns einen sehr guten \u00dcberblick \u00fcber die Architektur der Gemeinden und St\u00e4dte unseres Einzugsbereiches machen k\u00f6nnen. Nat\u00fcrlich z\u00e4hlt auch Hanstedt (Harburg) unserem unmittelbaren Gesch\u00e4ftsgebiet. Wir freuen uns darauf, mit Ihnen ins Gespr\u00e4ch zu kommen. <\/p>\n<h3>Einige interessante Informationen \u00fcber Hanstedt (Harburg)<\/h3>\n<p>\u00dcber 5.800 Einwohner z\u00e4hlt Hanstedt (Harburg). Das Gemeindegebiet umfasst ein Gesamtareal von circa 59 Quadratkilometer. Die Wirtschaft von Hanstedt nutznie\u00dft von der verkehrstechnisch vorteilhaften Lage in der L\u00fcneburger Heide. Speziell f\u00fcr die mittelst\u00e4ndischen Betriebe erweist sich die Zentralit\u00e4t des Ortes als Wachstumsmotor. Wirtschaftlich betrachtet wird Hanstedt vor allem durch kleine und mittelst\u00e4ndische Betriebe aus den Bereichen Handwerk und Dienstleistung gepr\u00e4gt. Diese Wirtschaftszweign sind ausgesprochen prominent vertreten. Des Weiteren wurde der Tourismus zu einem wichtigen Standbein der \u00f6rtlichen Wirtschaft. Erholungssuchende finden in Hanstedt (Harburg) zahlreiche M\u00f6glichkeiten zum Wandern und f\u00fcr Fahrradtouren. Speziell die ausdehnten Heidefl\u00e4chen des Naturschutzgebietes L\u00fcneburger Heide und die Hanstedter Berge ziehen zahlose Touristen und Tagesbesucher in die Region. Hanstedt (Harburg) ist ein familiengeeigneter Ort. Die Gemeinde besitzt eine ausgezeichnete Infrastruktur. Organisatorisch geh\u00f6rt Hanstedt zum Landkreis Harburg.<\/p>\n<h4>Privat- und Gesch\u00e4ftskunden aus Hanstedt (Harburg) sch\u00e4tzen unsere Leistungen!<\/h4>\n<p>Das Leben in Hanstedt (Harburg) ist beschaulich. Die Gemeinde verf\u00fcgt \u00fcber zahlreiche idyllische Wohnviertel, die vor allem von einer angenehmen Einzelhausbebauung gepr\u00e4gt sind. Sie interessieren sich f\u00fcr unser Leistungsprogramm und haben deshalb unsere Homepage besucht? Das freut uns sehr. Unser freundliches Spezialistenteam nimmt gerne Ihren Anruf entgegen oder beantwortet Ihre E-Mail.<\/p>","popseo_zusatztext":"<h3>Hohe Kosten bei der Bauwerksabdichtung m\u00fcssen nicht sein<\/h3>\n<p>Sie haben Interesse an Trocknungs- oder Sanierungsarbeiten und m\u00f6chten gerne ein passendes Angebot, das eine handwerklich gute Arbeit garantiert, gleichwohl keine hohen Kosten nach sich zieht. Prima, in diesem Fall sind Sie bei uns genau richtig. Als Fachbetrieb f\u00fcr Kellersanierung, Schimmelbeseitigung und Geb\u00e4udeabdichtung verwenden wir ausnahmslos hochwertige Materialien. Gleichwohl achten wir stets auf die Kosten, die selbstverst\u00e4ndlich \u00fcberschaubar bleiben sollen. Wir m\u00f6chten Ihnen Qualit\u00e4t anbieten, die gleichzeitig auch die Kosten im Blick hat. Bei uns stimmen Kosten und Qualit\u00e4t: Seit vielen Jahren schon sind wir Ihr qualifizierter Partner f\u00fcr Trocknungs- und Sanierungsarbeiten im norddeutschen Raum. Unser Firmensitz liegt verkehrsg\u00fcnstig in Brietlingen bei L\u00fcndeburg. Die Kosten stets im Blick: Wir bieten Ihnen eine einwandfrei ausgef\u00fchrte Sanierungsarbeit nach dem stets aktuellsten Stand der Technik.<\/p>\n<h3>Kosten vs. Leistung: Eine Sanierung rechnet sich!<\/h3>\n<p>D\u00fcrfen wir Sie beraten, wie Sie die Kosten f\u00fcr eine Sanierung senken k\u00f6nnen? Prima, dann z\u00f6gern Sie bitte nicht und nehmen am besten noch heute Kontakt mit uns auf. Ein kurzer Telefonanruf oder auch eine kurze eMail gen\u00fcgen. Die fachm\u00e4nnische Beratung ist ebenso wichtig wie die sachgem\u00e4\u00dfe Ausf\u00fchrung der entprechenden Arbeiten. Unsere fachliche Beratung ist selbstverst\u00e4ndlich v\u00f6llig unverbindlich. Hochwertige Arbeit bei niedrigen Kosten: Wir empfehlen uns als spezialisiertes Unternehmen im Norden. Unsere langj\u00e4hrige Erfahrung zeichnet uns aus.<br \/>\nMinimieren Sie die Kosten f\u00fcr Ihr Sanierungsprojekt: Setzen Sie auf die Profis der Fachfirma Keul.<\/p>","popseo_links":"<a href=\"https:\/\/bautenschutz-keul.de\/angebote\/mauertrockenlegung-buchholz-in-der-nordheide\/\">Mauertrockenlegung Buchholz in der Nordheide<\/a>, <a href=\"https:\/\/bautenschutz-keul.de\/angebote\/feuchte-mauer-glinde-sachsenwald\/\">Feuchte Mauer Glinde Sachsenwald<\/a>, <a href=\"https:\/\/bautenschutz-keul.de\/angebote\/innenabdichtung-brietlingen\/\">Innenabdichtung Brietlingen<\/a>, <a href=\"https:\/\/bautenschutz-keul.de\/angebote\/schimmelbeseitigung-brietlingen\/\">Schimmelbeseitigung Brietlingen<\/a>, <a href=\"https:\/\/bautenschutz-keul.de\/angebote\/feuchtigkeitsschaden-bardowick\/\">Feuchtigkeitsschaden Bardowick<\/a>, <a href=\"https:\/\/bautenschutz-keul.de\/angebote\/aussenabdichtung-amelinghausen\/\">Au\u00dfenabdichtung Amelinghausen<\/a>, <a href=\"https:\/\/bautenschutz-keul.de\/angebote\/bauwerksabdichtung-bispingen\/\">Bauwerksabdichtung Bispingen<\/a>, <a href=\"https:\/\/bautenschutz-keul.de\/angebote\/feuchter-keller-ebstorf\/\">Feuchter Keller Ebstorf<\/a>, <a href=\"https:\/\/bautenschutz-keul.de\/angebote\/mauertrockenlegung-amt-neuhaus\/\">Mauertrockenlegung Amt Neuhaus<\/a>, <a href=\"https:\/\/bautenschutz-keul.de\/angebote\/schimmelbeseitigung-lueneburg\/\">Schimmelbeseitigung L\u00fcneburg<\/a>, <a href=\"https:\/\/bautenschutz-keul.de\/angebote\/feuchter-keller-salzhausen\/\">Feuchter Keller Salzhausen<\/a>, <a href=\"https:\/\/bautenschutz-keul.de\/angebote\/kellertrockenlegung-tostedt-sittensen\/\">Kellertrockenlegung Tostedt Sittensen<\/a>, <a href=\"https:\/\/bautenschutz-keul.de\/angebote\/feuchte-wand-lueneburg\/\">Feuchte Wand L\u00fcneburg<\/a>, <a href=\"https:\/\/bautenschutz-keul.de\/angebote\/feuchte-wand-adendorf\/\">Feuchte Wand Adendorf<\/a>, <a href=\"https:\/\/bautenschutz-keul.de\/angebote\/kellerabdichtung-ebstorf\/\">Kellerabdichtung Ebstorf<\/a>, <a href=\"https:\/\/bautenschutz-keul.de\/angebote\/schimmel-bergedorf-wentorf\/\">Schimmel Bergedorf Wentorf<\/a>, <a href=\"https:\/\/bautenschutz-keul.de\/angebote\/bauwerksabdichtung-salzhausen\/\">Bauwerksabdichtung Salzhausen<\/a>, <a href=\"https:\/\/bautenschutz-keul.de\/angebote\/feuchtigkeit-buchholz-in-der-nordheide\/\">Feuchtigkeit Buchholz in der Nordheide<\/a>, <a href=\"https:\/\/bautenschutz-keul.de\/angebote\/kellerabdichtung-herzogtum-lauenburg\/\">Kellerabdichtung Herzogtum Lauenburg<\/a>, <a href=\"https:\/\/bautenschutz-keul.de\/angebote\/schimmel-amelinghausen\/\">Schimmel Amelinghausen<\/a>, <a href=\"https:\/\/bautenschutz-keul.de\/angebote\/bauwerksabdichtung-harburg\/\">Bauwerksabdichtung Harburg<\/a>, <a href=\"https:\/\/bautenschutz-keul.de\/angebote\/rissverpressung-schwarzenbek\/\">Rissverpressung Schwarzenbek<\/a>, <a href=\"https:\/\/bautenschutz-keul.de\/angebote\/mauertrockenlegung-harburg\/\">Mauertrockenlegung Harburg<\/a>, <a href=\"https:\/\/bautenschutz-keul.de\/angebote\/schimmel-maschen\/\">Schimmel Maschen<\/a>, <a href=\"https:\/\/bautenschutz-keul.de\/angebote\/kellertrockenlegung-amt-neuhaus\/\">Kellertrockenlegung Amt Neuhaus<\/a>, <a href=\"https:\/\/bautenschutz-keul.de\/angebote\/innenabdichtung-herzogtum-lauenburg\/\">Innenabdichtung Herzogtum Lauenburg<\/a>, <a href=\"https:\/\/bautenschutz-keul.de\/angebote\/feuchter-keller-bienenbuettel\/\">Feuchter Keller Bienenb\u00fcttel<\/a>, <a href=\"https:\/\/bautenschutz-keul.de\/angebote\/aussenabdichtung-maschen\/\">Au\u00dfenabdichtung Maschen<\/a>"},"_links":{"self":[{"href":"https:\/\/bautenschutz-keul.de\/angebote\/wp-json\/wp\/v2\/pages\/403","targetHints":{"allow":["GET"]}}],"collection":[{"href":"https:\/\/bautenschutz-keul.de\/angebote\/wp-json\/wp\/v2\/pages"}],"about":[{"href":"https:\/\/bautenschutz-keul.de\/angebote\/wp-json\/wp\/v2\/types\/page"}],"author":[{"embeddable":true,"href":"https:\/\/bautenschutz-keul.de\/angebote\/wp-json\/wp\/v2\/users\/1"}],"replies":[{"embeddable":true,"href":"https:\/\/bautenschutz-keul.de\/angebote\/wp-json\/wp\/v2\/comments?post=403"}],"version-history":[{"count":0,"href":"https:\/\/bautenschutz-keul.de\/angebote\/wp-json\/wp\/v2\/pages\/403\/revisions"}],"wp:attachment":[{"href":"https:\/\/bautenschutz-keul.de\/angebote\/wp-json\/wp\/v2\/media?parent=403"}],"curies":[{"name":"wp","href":"https:\/\/api.w.org\/{rel}","templated":true}]}}