{"id":407,"date":"2021-09-13T08:44:08","date_gmt":"2021-09-13T06:44:08","guid":{"rendered":"https:\/\/bautenschutz-keul.de\/angebote\/kellersanierung-lueneburg\/"},"modified":"2021-09-13T08:44:08","modified_gmt":"2021-09-13T06:44:08","slug":"kellersanierung-lueneburg","status":"publish","type":"page","link":"https:\/\/bautenschutz-keul.de\/angebote\/kellersanierung-lueneburg\/","title":{"rendered":"Kellersanierung &#8211; L\u00fcneburg"},"content":{"rendered":"<h3>Kellersanierung: Kompetent und erfahren bei Planung und Ausf\u00fchrung<\/h3>\n<p>Lange Zeit hat der Keller bei Hausbesitzern eine Art Schattendasein gefristet. Der Keller war meistens nicht mehr als ein reiner Nutzraum &#8211;  er diente als Abstellkammer, Lagerraum oder Vorratskammer. Um die Kellersanierung wurde sich in der Regel erst dann gek\u00fcmmert, wenn weitergehende Sch\u00e4den zum Beispiel durch einsickernde N\u00e4sse bef\u00fcrchtet werden mussten. Diese Zeiten haben sich zum Gl\u00fcck ein wenig ver\u00e4ndert. In unserer Zeit dient der Keller gleicherma\u00dfen als Partyraum, Hobbyraum, G\u00e4stezimmer und als eigener Wellnessbereich. Viele Immobilieneigent\u00fcmer haben sich zum Beispiel eine eigene Sauna im Keller eingebaut. Diese Entwicklung r\u00fcckt den Keller immer mehr in den Fokus der Hausbewohner. Feuchte Stellen, Schimmelbildung und lockerer Putz m\u00fcssen beseitigt werden, damit der Keller nachhaltig benutzt werden kann. Logisch, dass in einem solchen Fall die Kellersanierung zu einem wirklichen Thermenkomplex wird. Und eines ist ganz klar: Die komplette und fachgerechte Kellersanierung ist eine Aufgabenstellung f\u00fcr den Profi. <\/p>\n<h3>Fragen Sie den Fachbetrieb in Sachen Kellersanierung!<\/h3>\n<p>Ehe die Kellersanierung in Angriff genommen werden kann, muss erstmal eine Analyse [erfolgen|gemacht werden}: Welche Sch\u00e4den und welcher Reparaturumfang liegen wirklich vor? Welcher Effekt wird mit der Kellersanierung erreicht? Sollen nur Defekte, die Substanz gef\u00e4hrden saniert werden oder dient die Kellersanierung dazu, aus einem ehemaligen Nutzraum zus\u00e4tzlichen Wohn- oder Arbeitsraum zu schaffen? Es zeigt sich auch in diesem Fall, dass der Kellersanierung ein Plan vorausgeht. Die zuk\u00fcnftige Verwendung gibt die Richtung der Kellersanierung vor. Selbstverst\u00e4ndlich ist, dass dabei auch Aufwand und monet\u00e4re Aufwendungen von Bedeutung sind. Wer eine ausgiebige Verwendung seines Kellers plant, dem d\u00fcrften Reparaturen von leichter optischer Natur nicht gen\u00fcgen. Um einen objektiven Plan f\u00fcr die beabsichtigte Kellersanierung zu verfassen, sollten die Kellerr\u00e4ume durch einen Profi begutachtet werden. Nur der Fachmann kann wirklich beurteilen, welche Ma\u00dfnahmen die Sanierung beinhalten muss,<br \/>\ndamit der Keller sp\u00e4ter im Sinne der Geb\u00e4udeeigent\u00fcmer verwendet werden kann.<\/p>\n","protected":false},"excerpt":{"rendered":"<p>Kellersanierung: Kompetent und erfahren bei Planung und Ausf\u00fchrung Lange Zeit hat der Keller bei Hausbesitzern eine Art Schattendasein gefristet. Der Keller war meistens nicht mehr als ein reiner Nutzraum &#8211; er diente als Abstellkammer, Lagerraum oder Vorratskammer. Um die Kellersanierung wurde sich in der Regel erst dann gek\u00fcmmert, wenn weitergehende Sch\u00e4den zum Beispiel durch einsickernde [&hellip;]<\/p>\n","protected":false},"author":1,"featured_media":0,"parent":0,"menu_order":0,"comment_status":"closed","ping_status":"closed","template":"","meta":{"footnotes":""},"class_list":["post-407","page","type-page","status-publish","hentry"],"meta_box":{"popseo_subtitel":"Die Firma TK-Geb\u00e4udetechnik Thorsten Keul ist Ihr erfahrener Experte f\u00fcr eine Kellersanierung im Raum L\u00fcneburg","popseo_subtitel2":"Kellersanierung durch den Fachbetrieb!","popseo_lasttitel":"Kellersanierung: Treten Sie in Kontakt mit uns!","popseo_region":"L\u00fcneburg","popseo_sachwort":"Kellersanierung","popseo_noupdate":"","popseo_einleitungstext":"<p>Sie haben sich mit der Bauwerksabdichtung auseinandergesetzt, da Ihr Haus feuchte Geb\u00e4udeteile aufweist und Sie nach Methoden einer wirkungsvollen und professionellen Sanierung Ausschau halten. Super, dass sie uns gefunden haben. Nachfolgend d\u00fcrfen wir Ihnen n\u00e4here Informationen zu unserem Leistungsangebot geben. Sie lernen auf dieser Internetseite unsere Firma n\u00e4her kennen. <\/p>\n<p>Unser Unternehmen ist ein versierter und etablierter Handwerksbetrieb mit Gesch\u00e4ftsssitz in Brietlingen bei L\u00fcneburg. Seit vielen Jahren schon sind wir Ihre Experten f\u00fcr alle auftretenden Fragen rund um die Bauwerksabdichtung. Wir setzen ausschlie\u00dflich praxisbew\u00e4hrte und effektive Sanierungsmethoden und -systeme ein. Als Fachbetrieb f\u00fcr Abdichtung und Sanierung blicken wir auf eine lange Berufserfahrung zur\u00fcck. Unsere freundlichen Fachleute informieren Sie gerne im Detail.<\/p>","popseo_schlusstext":"<p>Sie suchen einen Spezialisten f\u00fcr die sachgerechte Umsetzung der Innen- und Au\u00dfenabdichtung. Dann rufen Sie uns bitte rasch an. Wir freuen uns auf das Gespr\u00e4ch mit Ihnen. Wenn es um Sanierung geht, sind wir Ihr kompetenter Handwerkspartner. Wir stehen f\u00fcr eine sachkundig durchgef\u00fchrte Arbeit nach dem stets derzeitigen Stand der Technik.<\/p>","popseo_stadttext":"<h3>Unser Vertriebsgebiet umfasst auch L\u00fcneburg und Bleckede<\/h3>\n<p>Wir arbeiten f\u00fcr Kunden aus L\u00fcneburg und Bleckede. Durch unsere Gesch\u00e4ftst\u00e4tigkeit haben wir uns einen guten \u00dcberblick \u00fcber die Architektur der Gemeinden und St\u00e4dte unseres Einzugsbereiches machen k\u00f6nnen. Selbstverst\u00e4ndlich geh\u00f6rt auch Ihre Region zu unserem unmittelbaren Wirkungskreis. Wir freuen uns darauf, mit Ihnen in Kontakt zu treten. <\/p>\n<h3>Gute Gr\u00fcnde sprechen f\u00fcr die Wohnorte L\u00fcneburg und Bleckede<\/h3>\n<p>In der gerade einmal 40 km s\u00fcdlich von der Metropole Hamburg gelegenen Stadt L\u00fcneburg wohnen rund 70.000 B\u00fcrger. Die Stadt erstreckt sich \u00fcber eine Fl\u00e4che von 70 km\u00b2. L\u00fcneburg ist Kreisstadt des Landkreises L\u00fcneburg und z\u00e4hlt zur Metropolregion Hamburg. Was viele nicht wissen: L\u00fcneburg ist eine alte Hansestadt. Wundersch\u00f6n an der Ilmenau gelegen, erfreut sich L\u00fcneburg hoher Popularit\u00e4t bei Tagesbesuchern und Touristen. Die rund 300.000 \u00dcbernachtungen, die das nieders\u00e4chsische Landesamt f\u00fcr Statistik gez\u00e4hlt hat, sprechen eine sehr eindeutige Sprache. Besonders sehenswert ist das Zentrum von L\u00fcneburg. Viele geschichtstr\u00e4chtige Bauwerke verleihen der Stadt einen ganz und gar einmaligen Charme. Bei einem Gang durch das historische Zentrum von L\u00fcneburg sollte man auf alle F\u00e4lle die Kirche St. Nicolai im Wasserviertel, das Stadtschloss am Markt und den Stintmarkt am L\u00fcneburger Hafen besuchen. Wer ein wenig Zeit \u00fcbrig hat, macht Station in einem der vielen sch\u00f6nen Caf\u00e9s am Marktplatz und l\u00e4sst einfach die herrliche Stimmung von L\u00fcneburg auf sich wirken. Die zahlreichen Fachwerkgeb\u00e4ude geben dem st\u00e4dtischen Ensemble eine g\u00e4nzlich einmalige Aura. Die beschauliche Universit\u00e4tsstadt ist ber\u00fchmt f\u00fcr die Salzproduktion. In L\u00fcneburg liegt ein ein alter Salzstock. Dort wurde \u00fcber viel Jahrhunderte in gro\u00dfem Stile Salz abgebaut. Das Deutsche Salzmuseum L\u00fcneburg erz\u00e4hlt heute von diesem wichtigen Teil der Stadtgeschichte. Im \u00dcbrigen ist der Stint eine beliebte kulinarische Spezialit\u00e4t. Dem kleinen Fisch begegnet man in L\u00fcneburg fast an jeder Ecke. Bei einem Besuch der nieders\u00e4chsischen Stadt sollte man ein Stint-Essen auf keinen Fall verpassen.      <\/p>\n<p>L\u00fcneburg befindet sich an der Bundesautobahn A39. Auch \u00fcber die Bundesstra\u00dfen B4, B209 und B216 gelangt man rasch und bequem in die nieders\u00e4chsische Stadt. Auch das Umland \u2013 z.B. Egestorf, Fleestedt, Hanstedt, Salzhausen, Bienenb\u00fcttel, Scharnebeck und Amelinghausen - ist gut angebunden. Wer mit der Eisenbahn nach L\u00fcneburg reisen m\u00f6chte, kann dies \u00fcber die Bahnverbindung Hamburg-Hannover tun. Auch gibt es eine Regionalbahnverbindung durch den Verkehrsbetrieb Metronom. Die Fahrzeit zwischen Hamburg und L\u00fcneburg betr\u00e4gt nur knapp 30 Minuten. <\/p>\n<h3>L\u00fcneburg und Bleckede: Attraktive Lebensmittelpunkte!<\/h3>\n<p>Die Stadt Bleckede liegt im nieders\u00e4chsischen Landkreis L\u00fcneburg. Bleckede hat ungef\u00e4hr 10.000 Einwohner. Das st\u00e4dtische Areal erstreckt sich \u00fcber eine Fl\u00e4che von gut 139 Quadratkilometer. In unmittelbarer N\u00e4he befinden sich die Gemeinden Thomasburg, Dahlenburg, Vastorf und Amt Neuhaus. Zu Bleckede z\u00e4hlen alles in allem 15 Ortsteile. Die wunderbare Lage direkt an der Elbe macht Bleckede attraktiv f\u00fcr Tagesbesucher und Touristen. Speziell auf zwei R\u00e4dern lohnt sich eine Exkursion nach Bleckede. Der Elbradweg und der Mecklenburgische Seen-Radweg laden zum erholsamen Radeln ein. Kennzeichnend f\u00fcr Bleckede sind die zahlreichen Fachwerkh\u00e4user. Per pedes l\u00e4sst sich die sch\u00f6ne Architektur besonders gut bewundern. Entsprechend stolz sind die Stadtv\u00e4ter von Bleckede darauf, dass die Stadt Mitglied der Deutschen Fachwerkstra\u00dfe ist. Pittoresk ist der Hafen von Bleckede. Bis zum heutigen Tage machen viele Lastschiffe hier Station. Besucher sch\u00e4tzen ebenfalls den Fahrgastverkehr auf der Elbe. Eine touristische Besonderheit: Der altehrw\u00fcrdige Raddampfer Kaiser-Wilhelm legt turnusm\u00e4\u00dfig in Bleckede an. Attraktiv ist der Hafen auch f\u00fcr die Sportschifffahrt. Die vielen Sportbootliegepl\u00e4tze veranschaulichen die Anziehungskraft des Hafen \u00fcberzeugend. Bleckede ist bekannt f\u00fcr seine wunderbare Umgebung. Neben der schon genannten Deutschen Fachwerkstra\u00dfe f\u00fchrt ebenfalls die Deutsche Storchenstra\u00dfe durch Bleckede. Das innerst\u00e4dtisch zu bestaunende Storchennest ist eine ganz au\u00dfergew\u00f6hnliche Attraktion. Aus Richtung L\u00fcneburg kommend, kann man \u00fcbrigens auch mit einer historischen Eisenbahn nach Bleckede fahren. Die Fahrt mit dem sogenannten Heide-Elbe-Express ist ein Ausflugstipp f\u00fcr Besucher der Region.<\/p>\n<h4>Unsere Leistung f\u00fcr qualit\u00e4tsbewusste Kunden aus L\u00fcneburg und Bleckede<\/h4>\n<p>Toll, dass Sie diese Seite gefunden haben. Wenn Sie eine erfahrene Fachfirma ben\u00f6tigen, sind Sie bei uns an der richtigen Adresse. Sie m\u00f6chten mehr \u00fcber uns wissen? F\u00fcr R\u00fcckfragen stehen wir Ihnen jederzeit zur Verf\u00fcgung. Auf den Kontakt zu Ihnen freuen wir uns.<\/p>","popseo_zusatztext":"<h3>Perfekte Sanierungsarbeiten zu geringen Kosten<\/h3>\n<p>Sie haben Interesse an Trocknungs- oder Sanierungsarbeiten und m\u00f6chten gerne ein passendes Angebot, das eine handwerklich gute Arbeit garantiert, gleichzeitig aber keine hohen Kosten verursacht. Klasse, dann sind Sie bei uns an der richtigen Adresse. Als Fachbetrieb f\u00fcr Schimmelbeseitigung, Geb\u00e4udeabdichtung und Kellersanierung verwenden wir ausschlie\u00dflich exzellente Materialien. Trotzdem achten wir immer auf die Kosten, die nat\u00fcrlich nicht zu hoch sein sollen. Wir m\u00f6chten Ihnen Qualit\u00e4t anbieten, die gleichzeitig auch die Kosten im Blick beh\u00e4lt. Bei uns stimmen Kosten und Leistung: Schon seit etlichen Jahren sind wir Ihr qualifizierter Fachbetrieb f\u00fcr Sanierungs- und Trocknungsarbeiten in Norddeutschland. Unser Unternehmenssitz liegt verkehrsg\u00fcnstig in Brietlingen bei L\u00fcndeburg. Die Kosten stets im Blick: Wir stehen f\u00fcr eine fachgerecht ausgef\u00fchrte Arbeit nach dem jeweils derzeitigen Stand der Technik.<\/p>\n<h3>Kosten vs. Leistung: Eine Sanierung rechnet sich!<\/h3>\n<p>D\u00fcrfen wir Sie beraten, wie Sie die Kosten f\u00fcr eine Sanierung senken k\u00f6nnen? Toll, dann z\u00f6gern Sie bitte nicht und nehmen am besten gleich heute Kontakt mit uns auf. Ein kurzer Anruf oder auch eine schnelle Mail gen\u00fcgen. Die optimale Beratung ist ebenso wichtig wie die fachgerechte Umsetzung der eigentlichen Arbeiten. Unsere Beratung ist selbstverst\u00e4ndlich absolut unverbindlich. Qualit\u00e4tsbewusst bei moderaten Kosten: Wir empfehlen uns als spezialisiertes Fachunternehmen in Norddeutschland. Unsere langj\u00e4hrige Erfahrung spricht f\u00fcr uns.<br \/>\nMinimieren Sie die Kosten f\u00fcr Ihre Geb\u00e4udesanierung: Vertrauen Sie den Spezialisten der Firma Keul.<\/p>","popseo_links":"<a href=\"https:\/\/bautenschutz-keul.de\/angebote\/feuchtigkeitsschaden-boizenburg\/\">Feuchtigkeitsschaden Boizenburg<\/a>, <a href=\"https:\/\/bautenschutz-keul.de\/angebote\/feuchtigkeitsschaden-bergedorf-wentorf\/\">Feuchtigkeitsschaden Bergedorf Wentorf<\/a>, <a href=\"https:\/\/bautenschutz-keul.de\/angebote\/schimmelbeseitigung-amt-neuhaus\/\">Schimmelbeseitigung Amt Neuhaus<\/a>, <a href=\"https:\/\/bautenschutz-keul.de\/angebote\/kellerabdichtung-schwarzenbek\/\">Kellerabdichtung Schwarzenbek<\/a>, <a href=\"https:\/\/bautenschutz-keul.de\/angebote\/schimmel-herzogtum-lauenburg\/\">Schimmel Herzogtum Lauenburg<\/a>, <a href=\"https:\/\/bautenschutz-keul.de\/angebote\/rissverpressung-brietlingen\/\">Rissverpressung Brietlingen<\/a>, <a href=\"https:\/\/bautenschutz-keul.de\/angebote\/innenabdichtung-bardowick\/\">Innenabdichtung Bardowick<\/a>, <a href=\"https:\/\/bautenschutz-keul.de\/angebote\/kellertrockenlegung-lueneburg\/\">Kellertrockenlegung L\u00fcneburg<\/a>, <a href=\"https:\/\/bautenschutz-keul.de\/angebote\/feuchtigkeitsschaden-buechen\/\">Feuchtigkeitsschaden B\u00fcchen<\/a>, <a href=\"https:\/\/bautenschutz-keul.de\/angebote\/schimmel-jesteburg\/\">Schimmel Jesteburg<\/a>, <a href=\"https:\/\/bautenschutz-keul.de\/angebote\/kellerabdichtung-winsen-luhe\/\">Kellerabdichtung Winsen Luhe<\/a>, <a href=\"https:\/\/bautenschutz-keul.de\/angebote\/salpeter-im-keller-amt-neuhaus\/\">Salpeter im Keller Amt Neuhaus<\/a>, <a href=\"https:\/\/bautenschutz-keul.de\/angebote\/feuchter-keller-schwarzenbek\/\">Feuchter Keller Schwarzenbek<\/a>, <a href=\"https:\/\/bautenschutz-keul.de\/angebote\/kellerabdichtung-reinbek-aumuehle\/\">Kellerabdichtung Reinbek Aum\u00fchle<\/a>, <a href=\"https:\/\/bautenschutz-keul.de\/angebote\/bauwerksabdichtung-maschen\/\">Bauwerksabdichtung Maschen<\/a>, <a href=\"https:\/\/bautenschutz-keul.de\/angebote\/rissverpressung-adendorf\/\">Rissverpressung Adendorf<\/a>, <a href=\"https:\/\/bautenschutz-keul.de\/angebote\/schimmelsanierung-ebstorf\/\">Schimmelsanierung Ebstorf<\/a>, <a href=\"https:\/\/bautenschutz-keul.de\/angebote\/rissverpressung-uelzen\/\">Rissverpressung Uelzen<\/a>, <a href=\"https:\/\/bautenschutz-keul.de\/angebote\/feuchte-mauer-boizenburg\/\">Feuchte Mauer Boizenburg<\/a>, <a href=\"https:\/\/bautenschutz-keul.de\/angebote\/kellerabdichtung-seevetal-rosengarten\/\">Kellerabdichtung Seevetal Rosengarten<\/a>, <a href=\"https:\/\/bautenschutz-keul.de\/angebote\/mauertrockenlegung-adendorf\/\">Mauertrockenlegung Adendorf<\/a>, <a href=\"https:\/\/bautenschutz-keul.de\/angebote\/zerstoerter-putz-bergedorf-wentorf\/\">zerst\u00f6rter Putz Bergedorf Wentorf<\/a>, <a href=\"https:\/\/bautenschutz-keul.de\/angebote\/aussenabdichtung-lueneburg\/\">Au\u00dfenabdichtung L\u00fcneburg<\/a>, <a href=\"https:\/\/bautenschutz-keul.de\/angebote\/feuchter-keller-glinde-sachsenwald\/\">Feuchter Keller Glinde Sachsenwald<\/a>, <a href=\"https:\/\/bautenschutz-keul.de\/angebote\/feuchte-wand-stelle\/\">Feuchte Wand Stelle<\/a>, <a href=\"https:\/\/bautenschutz-keul.de\/angebote\/bauwerksabdichtung-lueneburg\/\">Bauwerksabdichtung L\u00fcneburg<\/a>, <a href=\"https:\/\/bautenschutz-keul.de\/angebote\/rissverpressung-salzhausen\/\">Rissverpressung Salzhausen<\/a>, <a href=\"https:\/\/bautenschutz-keul.de\/angebote\/rissverpressung-ebstorf\/\">Rissverpressung Ebstorf<\/a>"},"_links":{"self":[{"href":"https:\/\/bautenschutz-keul.de\/angebote\/wp-json\/wp\/v2\/pages\/407","targetHints":{"allow":["GET"]}}],"collection":[{"href":"https:\/\/bautenschutz-keul.de\/angebote\/wp-json\/wp\/v2\/pages"}],"about":[{"href":"https:\/\/bautenschutz-keul.de\/angebote\/wp-json\/wp\/v2\/types\/page"}],"author":[{"embeddable":true,"href":"https:\/\/bautenschutz-keul.de\/angebote\/wp-json\/wp\/v2\/users\/1"}],"replies":[{"embeddable":true,"href":"https:\/\/bautenschutz-keul.de\/angebote\/wp-json\/wp\/v2\/comments?post=407"}],"version-history":[{"count":0,"href":"https:\/\/bautenschutz-keul.de\/angebote\/wp-json\/wp\/v2\/pages\/407\/revisions"}],"wp:attachment":[{"href":"https:\/\/bautenschutz-keul.de\/angebote\/wp-json\/wp\/v2\/media?parent=407"}],"curies":[{"name":"wp","href":"https:\/\/api.w.org\/{rel}","templated":true}]}}