{"id":408,"date":"2021-09-13T08:44:08","date_gmt":"2021-09-13T06:44:08","guid":{"rendered":"https:\/\/bautenschutz-keul.de\/angebote\/kellersanierung-maschen\/"},"modified":"2021-09-13T08:44:08","modified_gmt":"2021-09-13T06:44:08","slug":"kellersanierung-maschen","status":"publish","type":"page","link":"https:\/\/bautenschutz-keul.de\/angebote\/kellersanierung-maschen\/","title":{"rendered":"Kellersanierung &#8211; Maschen"},"content":{"rendered":"<h3>Kellersanierung \u2013 wir \u00fcbernehmen das!<\/h3>\n<p>Lange Jahre hat der Keller bei Immobilienbesitzern eine Art Schattendasein gefristet. Der Keller war vor allem nicht mehr als ein reiner Nutzraum &#8211;  er diente als Abstellraum, Lagerraum oder Vorratskammer. Um die Kellersanierung wurde sich meistens erst dann gek\u00fcmmert, wenn weitergehende Beeintr\u00e4chtigungen beispielsweise durch eindringende N\u00e4sse erwartet werden mussten. Die Zeiten haben sich zum Gl\u00fcck ein wenig gewandelt. Heute dient der Keller auch als Hobbyraum, Partyraum, G\u00e4stezimmer und als hauseigener Wellnessbereich. Viele Immobilienbesitzer haben sich beispielsweise eine eigene Sauna im Keller einbauen lassen. Diese Entwicklung r\u00fcckt den Keller immer mehr ins Bewusstsein der Hausbewohner. Feuchte Stellen, Schimmelentstehung und abbl\u00e4tternder Putz m\u00fcssen beseitigt werden, damit der Keller langfristig genutzt werden kann. Ganz klar, dass in einem solchen Fall die Kellersanierung zu einem wirklichen Thermenkomplex wird. Und eines ist ganz klar: Die vollumf\u00e4ngliche und professionelle Kellersanierung ist eine Aufgabenstellung f\u00fcr den Fachmann. <\/p>\n<h3>Fragen Sie den Fachbetrieb in Sachen Kellersanierung!<\/h3>\n<p>Ehe die Kellersanierung angegangen werden kann, muss erstmal eine Analyse [erfolgen|gemacht werden}: Welche Sch\u00e4den und welcher Reparaturbedarf liegen tats\u00e4chlich vor? Welches Ziel wird mit der Kellersanierung verfolgt? Sollen nur Defekte, die Substanz bedrohen saniert werden oder dient die Kellersanierung dazu, aus einem fr\u00fcheren Abstellraum zus\u00e4tzlichen Arbeits- oder Wohnraum bereitzustellen? Es zeigt sich auch hier, dass der Kellersanierung ein Nutzungsplan vorausgeht. Die sp\u00e4tere Verwendung gibt die Marschroute der Kellersanierung vor. Selbstverst\u00e4ndlich ist, dass hierbei auch Aufwand und Kosten von Bedeutung sind. Wer eine t\u00e4gliche Verwendung seines Kellers plant, dem k\u00f6nnen Instandsetzungen von eher optischer Natur nicht zufriedenstellen. Um einen vern\u00fcnftigen Handlungsplan f\u00fcr die geplante Kellersanierung zu verfassen, m\u00fcssten die Kellerr\u00e4ume durch einen Sachverst\u00e4ndigen begutachtet werden. Nur der Spezialist kann tats\u00e4chlich beurteilen, welche Ma\u00dfnahmen die Sanierung beinhalten muss,<br \/>\nsodass der Keller kurzfristig im Sinne der Geb\u00e4udeeigent\u00fcmer genutzt werden kann.<\/p>\n","protected":false},"excerpt":{"rendered":"<p>Kellersanierung \u2013 wir \u00fcbernehmen das! Lange Jahre hat der Keller bei Immobilienbesitzern eine Art Schattendasein gefristet. Der Keller war vor allem nicht mehr als ein reiner Nutzraum &#8211; er diente als Abstellraum, Lagerraum oder Vorratskammer. Um die Kellersanierung wurde sich meistens erst dann gek\u00fcmmert, wenn weitergehende Beeintr\u00e4chtigungen beispielsweise durch eindringende N\u00e4sse erwartet werden mussten. Die [&hellip;]<\/p>\n","protected":false},"author":1,"featured_media":0,"parent":0,"menu_order":0,"comment_status":"closed","ping_status":"closed","template":"","meta":{"footnotes":""},"class_list":["post-408","page","type-page","status-publish","hentry"],"meta_box":{"popseo_subtitel":"Die Firma TK-Geb\u00e4udetechnik Thorsten Keul ist Ihr Experte f\u00fcr eine Kellersanierung in Maschen","popseo_subtitel2":"Kellersanierung durch die Spezialisten unserer Firma","popseo_lasttitel":"Kellersanierung: Sie haben Fragen? Dann melden Sie sich bei uns","popseo_region":"Maschen","popseo_sachwort":"Kellersanierung","popseo_noupdate":"","popseo_einleitungstext":"<p>Kellerr\u00e4ume, W\u00e4nde oder Mauern Ihrer Wohn- oder Gesch\u00e4ftsimmobilie weisen Durchfeuchtungen und damit einen nicht zu \u00fcbersehenden Sanierungsbedarf auf. Dann wird es Zeit, sich \u00fcber eine fachm\u00e4nnisch ausgef\u00fchrte Trocknung Gedanken zu machen. Unser Handwerksbetrieb ist auf die Bauwerksabdichtung spezialisiert. Zu den Schwerpunkten unseres Unternehmens geh\u00f6ren zum Beispiel die Bereiche Mauertrockenlegung, Kellerabdichtung und Schimmelbeseitigung. Der nachhaltigen Sanierung haben wir uns verschrieben. Wir beraten qualifiziert, wie Sie Ihre Immobilie umweltgerecht und preisg\u00fcnstig sanieren k\u00f6nnen. Ein paar erste Informationen hierzu lesen Sie nachfolgend.<\/p>","popseo_schlusstext":"<p>Wenn Sie einen qualifizierten Fachbetrieb f\u00fcr die Bauwerksabdichtung suchen, sind Sie bei uns richtig. Sie m\u00f6chten mehr \u00fcber uns erfahren? Als auf Sanierung spezialisierte Handwerksfirma sind wir f\u00fcr die Realisierung Ihres Vorhabens der perfekte Dienstleister und freuen uns \u00fcber Ihre Kontaktaufnahme, egal ob per Anruf oder E-Mail. Worauf Sie neben Fachwissen setzen d\u00fcrfen: Das Expertenteam der Firma TK-Geb\u00e4udetechnik arbeitet mit Motivation und Elan f\u00fcr Ihrer Erfolg. Wir freuen uns, wenn wir ihnen helfen k\u00f6nnen!<\/p>","popseo_stadttext":"<h3>Wir freuen uns \u00fcber zufriedene Kunden aus  Maschen<\/h2>\n<p>Unser Einzugsbereich umfasst auch Maschen. Durch unsere Gesch\u00e4ftst\u00e4tigkeit haben wir uns einen sehr guten \u00dcberblick \u00fcber die Stadtarchitektur der St\u00e4dte und Gemeinden unseres Vertriebsgebietes erarbeiten k\u00f6nnen. Wir f\u00fchlen uns der Region verpflichtet und freuen uns dar\u00fcber, auch einen Teil zur guten Infrastruktur der Gemeinde beizusteuern zu d\u00fcrfen.  <\/p>\n<h3>Einige Informationen zur Gemeinde Maschen<\/h3>\n<p>In der zum Landkreis Harburg geh\u00f6renden Gemeinde Maschen leben in Summe zirka 9.000 Bewohner. Direkt an Hamburg angrenzend, z\u00e4hlt Maschen zum sogenannten \u201eSpeckg\u00fcrtel\u201c der Elbmetropole. Die Bev\u00f6lkerungszahl ist durchaus niedrig zu nennen, was die Stadt zu einer beliebten Wohngegend macht. Maschen ist f\u00fcr Pendler bestens ideal. Wer seine Arbeit in Hamburg hat, genie\u00dft das eher entspannte Leben in der Peripherie. Maschen verf\u00fcgt \u00fcber zahlreiche sch\u00f6ne Wohngebiete, die von einer angenehmen Einzelhausbebauung gepr\u00e4gt sind. Viele sch\u00f6ne Siedlungen machen Maschen insbesondere f\u00fcr Familien attraktiv. Leben in einem fast d\u00f6rflichen Umfeld, dabei die Metropole direkt vor der Haust\u00fcr \u2013 ein Lebensentwurf, der f\u00fcr sehr viele Menschen interessant ist. Zahlreiche Wiesen und W\u00e4lder verleihen der Gemeinde einen bisweilen fast d\u00f6rflichen Charakter. <\/p>\n<h4>Privat- und Gesch\u00e4ftskunden aus Maschen sch\u00e4tzen unsere Leistungen!<\/h4>\n<p>Gerne werden wir auch f\u00fcr Sie im Raum Maschen t\u00e4tig. D\u00fcrfen wir Sie detailliert beraten? Sie erreichen uns telefonisch oder schicken Sie uns eine E-Mail. Wir freuen uns auf Sie! Das qualifizierte Team unseres Unternehmens arbeitet \u201eHand in Hand\u201c, dabei stets zielorientiert und sorgsam.<\/p>","popseo_zusatztext":"<h3>Perfekte Sanierungsarbeiten zu geringen Kosten<\/h3>\n<p>Sie haben Interesse an Trocknungs- oder Sanierungsarbeiten und w\u00fcnschen sich ein passendes Angebot, das eine handwerklich gute Arbeit garantiert, gleichwohl keine hohen Kosten verursacht. Super, dann sind Sie bei uns an der richtigen Adresse. Als Handwerksbetrieb f\u00fcr Bauwerksabdichtung, Kellersanierung und Schimmelbeseitigung verwenden wir ausnahmslos hochwertige Materialien. Trotzdem schauen wir stets auf die Kosten, die selbstverst\u00e4ndlich \u00fcberschaubar bleiben sollen. Wir m\u00f6chten Ihnen beste Qualit\u00e4t anbieten, die gleichzeitig auch die Kosten im Blick hat. Bei uns stimmen Kosten und Leistung: Bereits seit vielen Jahren sind wir Ihr erfahrener Fachbetrieb f\u00fcr Trocknungs- und Sanierungsarbeiten in Norddeutschland. Unser Standort liegt verkehrsg\u00fcnstig in Brietlingen bei L\u00fcndeburg. Die Kosten stets vor Augen: Wir versprechen Ihnen eine fachkundig ausgef\u00fchrte Sanierungsarbeit nach dem stets aktuellsten Stand der Technik.<\/p>\n<h3>Die Kosten stets vor Augen<\/h3>\n<p>D\u00fcrfen wir Sie informieren, wie Sie die Kosten f\u00fcr eine Sanierung reduzieren? Super, dann z\u00f6gern Sie bitte nicht und nehmen am besten noch heute Kontakt mit uns auf. Ein kurzer Anruf oder auch eine kurze Mail gen\u00fcgen. Die gute Beratung ist gleicherma\u00dfen wichtig wie die perfekte Ausf\u00fchrung der entsprechenden T\u00e4tigkeiten. Unsere Beratung ist selbstverst\u00e4ndlich v\u00f6llig unverbindlich. Beste Qualit\u00e4t bei moderaten Kosten: Wir empfehlen uns als spezialisiertes Fachunternehmen im Norden. Unsere gro\u00dfe Erfahrung spricht f\u00fcr uns.<br \/>\nSenken Sie die Kosten f\u00fcr Ihr Sanierungsprojekt: Setzen Sie auf die Profis der Fachfirma Keul.<\/p>","popseo_links":"<a href=\"https:\/\/bautenschutz-keul.de\/angebote\/bauwerksabdichtung-salzhausen\/\">Bauwerksabdichtung Salzhausen<\/a>, <a href=\"https:\/\/bautenschutz-keul.de\/angebote\/bauwerksabdichtung-adendorf\/\">Bauwerksabdichtung Adendorf<\/a>, <a href=\"https:\/\/bautenschutz-keul.de\/angebote\/kellertrockenlegung-bad-bevensen\/\">Kellertrockenlegung Bad Bevensen<\/a>, <a href=\"https:\/\/bautenschutz-keul.de\/angebote\/schimmel-maschen\/\">Schimmel Maschen<\/a>, <a href=\"https:\/\/bautenschutz-keul.de\/angebote\/rissverpressung-harburg\/\">Rissverpressung Harburg<\/a>, <a href=\"https:\/\/bautenschutz-keul.de\/angebote\/horizontalsperre-brietlingen\/\">Horizontalsperre Brietlingen<\/a>, <a href=\"https:\/\/bautenschutz-keul.de\/angebote\/innenabdichtung-boizenburg\/\">Innenabdichtung Boizenburg<\/a>, <a href=\"https:\/\/bautenschutz-keul.de\/angebote\/salpeter-im-keller-bardowick\/\">Salpeter im Keller Bardowick<\/a>, <a href=\"https:\/\/bautenschutz-keul.de\/angebote\/kellerabdichtung-salzhausen\/\">Kellerabdichtung Salzhausen<\/a>, <a href=\"https:\/\/bautenschutz-keul.de\/angebote\/kellertrockenlegung-buchholz-in-der-nordheide\/\">Kellertrockenlegung Buchholz in der Nordheide<\/a>, <a href=\"https:\/\/bautenschutz-keul.de\/angebote\/kellertrockenlegung-glinde-sachsenwald\/\">Kellertrockenlegung Glinde Sachsenwald<\/a>, <a href=\"https:\/\/bautenschutz-keul.de\/angebote\/aussenabdichtung-lueneburg\/\">Au\u00dfenabdichtung L\u00fcneburg<\/a>, <a href=\"https:\/\/bautenschutz-keul.de\/angebote\/horizontalsperre-salzhausen\/\">Horizontalsperre Salzhausen<\/a>, <a href=\"https:\/\/bautenschutz-keul.de\/angebote\/feuchte-mauer-herzogtum-lauenburg\/\">Feuchte Mauer Herzogtum Lauenburg<\/a>, <a href=\"https:\/\/bautenschutz-keul.de\/angebote\/aufsteigende-feuchtigkeit-buchholz-in-der-nordheide\/\">aufsteigende Feuchtigkeit Buchholz in der Nordheide<\/a>, <a href=\"https:\/\/bautenschutz-keul.de\/angebote\/horizontalsperre-maschen\/\">Horizontalsperre Maschen<\/a>, <a href=\"https:\/\/bautenschutz-keul.de\/angebote\/mauertrockenlegung-stelle\/\">Mauertrockenlegung Stelle<\/a>, <a href=\"https:\/\/bautenschutz-keul.de\/angebote\/feuchter-keller-bardowick\/\">Feuchter Keller Bardowick<\/a>, <a href=\"https:\/\/bautenschutz-keul.de\/angebote\/schimmelsanierung-jesteburg\/\">Schimmelsanierung Jesteburg<\/a>, <a href=\"https:\/\/bautenschutz-keul.de\/angebote\/kellertrockenlegung-stelle\/\">Kellertrockenlegung Stelle<\/a>, <a href=\"https:\/\/bautenschutz-keul.de\/angebote\/horizontalsperre-boizenburg\/\">Horizontalsperre Boizenburg<\/a>, <a href=\"https:\/\/bautenschutz-keul.de\/angebote\/schimmel-herzogtum-lauenburg\/\">Schimmel Herzogtum Lauenburg<\/a>, <a href=\"https:\/\/bautenschutz-keul.de\/angebote\/aufsteigende-feuchtigkeit-seevetal-rosengarten\/\">aufsteigende Feuchtigkeit Seevetal Rosengarten<\/a>, <a href=\"https:\/\/bautenschutz-keul.de\/angebote\/feuchte-wand-amelinghausen\/\">Feuchte Wand Amelinghausen<\/a>, <a href=\"https:\/\/bautenschutz-keul.de\/angebote\/bauwerksabdichtung-bergedorf-wentorf\/\">Bauwerksabdichtung Bergedorf Wentorf<\/a>, <a href=\"https:\/\/bautenschutz-keul.de\/angebote\/schimmelsanierung-buchholz-in-der-nordheide\/\">Schimmelsanierung Buchholz in der Nordheide<\/a>, <a href=\"https:\/\/bautenschutz-keul.de\/angebote\/salpeter-im-keller-tostedt-sittensen\/\">Salpeter im Keller Tostedt Sittensen<\/a>, <a href=\"https:\/\/bautenschutz-keul.de\/angebote\/schimmelbeseitigung-winsen-luhe\/\">Schimmelbeseitigung Winsen Luhe<\/a>"},"_links":{"self":[{"href":"https:\/\/bautenschutz-keul.de\/angebote\/wp-json\/wp\/v2\/pages\/408","targetHints":{"allow":["GET"]}}],"collection":[{"href":"https:\/\/bautenschutz-keul.de\/angebote\/wp-json\/wp\/v2\/pages"}],"about":[{"href":"https:\/\/bautenschutz-keul.de\/angebote\/wp-json\/wp\/v2\/types\/page"}],"author":[{"embeddable":true,"href":"https:\/\/bautenschutz-keul.de\/angebote\/wp-json\/wp\/v2\/users\/1"}],"replies":[{"embeddable":true,"href":"https:\/\/bautenschutz-keul.de\/angebote\/wp-json\/wp\/v2\/comments?post=408"}],"version-history":[{"count":0,"href":"https:\/\/bautenschutz-keul.de\/angebote\/wp-json\/wp\/v2\/pages\/408\/revisions"}],"wp:attachment":[{"href":"https:\/\/bautenschutz-keul.de\/angebote\/wp-json\/wp\/v2\/media?parent=408"}],"curies":[{"name":"wp","href":"https:\/\/api.w.org\/{rel}","templated":true}]}}