{"id":412,"date":"2021-09-13T08:44:08","date_gmt":"2021-09-13T06:44:08","guid":{"rendered":"https:\/\/bautenschutz-keul.de\/angebote\/kellersanierung-schwarzenbek\/"},"modified":"2021-09-13T08:44:08","modified_gmt":"2021-09-13T06:44:08","slug":"kellersanierung-schwarzenbek","status":"publish","type":"page","link":"https:\/\/bautenschutz-keul.de\/angebote\/kellersanierung-schwarzenbek\/","title":{"rendered":"Kellersanierung &#8211; Schwarzenbek"},"content":{"rendered":"<h3>Kellersanierung \u2013 wir \u00fcbernehmen das!<\/h3>\n<p>Lange Zeit hat der Keller bei Immobilieneigent\u00fcmern eine Art Schattendasein gefristet. Der Keller war in erster Linie nicht mehr als ein reiner Nutzraum &#8211;  er diente als Abstellraum, Lagerfl\u00e4che oder Vorratskammer. Um die Kellersanierung wurde sich meist erst dann gek\u00fcmmert, wenn weitergehende Sch\u00e4den zum Beispiel durch eintretende Feuchtigkeit vermutet werden mussten. Die Zeiten haben sich gl\u00fccklicherweise ver\u00e4ndert. In unserer Zeit dient der Keller gleicherma\u00dfen als Hobbyraum, G\u00e4stezimmer, Partyraum oder als eigener Wellnessbereich. Sehr viele Immobilieneigent\u00fcmer haben sich beispielsweise eine eigene Sauna im Keller eingerichtet. Diese Entwicklung r\u00fcckt den Keller mehr und mehr ins Bewusstsein der Haueigent\u00fcmer. Feuchte Stellen, Schimmelentstehung oder lockerer Putz m\u00fcssen abgetragen werden, damit der Keller nachhaltig benutzt werden kann. Logisch, dass dann die Kellersanierung zu einem echten Thema wird. Und eines ist ganz klar: Die vollumf\u00e4ngliche und fachgerechte Kellersanierung ist eine Aufgabe f\u00fcr den Fachmann. <\/p>\n<h3>Sie interessieren sich f\u00fcr Kellersanierung? Dann rufen Sie uns bitte an!<\/h3>\n<p>Ehe die Kellersanierung in Angriff genommen werden kann, muss erstmal eine Analyse [erfolgen|gemacht werden}: Welche Sch\u00e4den und welcher Reparaturumfang liegen wirklich vor? Welcher Nutzen wird mit der Kellersanierung erreicht? Sollen nur Sch\u00e4den, die Substanz beeintr\u00e4chtigen saniert werden oder taugt die Kellersanierung dazu, aus einem ehemaligen Nutzraum zus\u00e4tzlichen Wohn- oder Arbeitsraum bereitzustellen? Es zeigt sich auch hierbei, dass der Kellersanierung ein Plan vorausgeht. Die anschlie\u00dfende Verwendung gibt die Marschroute der Kellersanierung vor. Selbstverst\u00e4ndlich ist, dass immer auch Aufwand und monet\u00e4re Aufwendungen eine Rolle spielen. Wer eine intensivere Nutzung seines Kellers plant, dem d\u00fcrften Sanierungen von eher kosmetischer Natur nicht zufriedenstellen. Um einen objektiven Ablaufplan f\u00fcr die anstehende Kellersanierung zu erarbeiten, m\u00fcssten die Kellerr\u00e4ume von einen Experten in Augenschein genommen werden. Vor allem der Sachverst\u00e4ndige kann wirklich beurteilen, welche Arbeiten die Sanierung beinhalten muss,<br \/>\ndamit der Keller danach im Sinne der Hauseigent\u00fcmer genutzt werden kann.<\/p>\n","protected":false},"excerpt":{"rendered":"<p>Kellersanierung \u2013 wir \u00fcbernehmen das! Lange Zeit hat der Keller bei Immobilieneigent\u00fcmern eine Art Schattendasein gefristet. Der Keller war in erster Linie nicht mehr als ein reiner Nutzraum &#8211; er diente als Abstellraum, Lagerfl\u00e4che oder Vorratskammer. Um die Kellersanierung wurde sich meist erst dann gek\u00fcmmert, wenn weitergehende Sch\u00e4den zum Beispiel durch eintretende Feuchtigkeit vermutet werden [&hellip;]<\/p>\n","protected":false},"author":1,"featured_media":0,"parent":0,"menu_order":0,"comment_status":"closed","ping_status":"closed","template":"","meta":{"footnotes":""},"class_list":["post-412","page","type-page","status-publish","hentry"],"meta_box":{"popseo_subtitel":"Die Firma TK-Geb\u00e4udetechnik Thorsten Keul ist Ihr Fachunternehmen f\u00fcr eine Kellersanierung im Raum Schwarzenbek","popseo_subtitel2":"Kellersanierung - wir beraten Sie individuell und fachkundig!","popseo_lasttitel":"Kellersanierung: Treten Sie in Kontakt mit uns!","popseo_region":"Schwarzenbek","popseo_sachwort":"Kellersanierung","popseo_noupdate":"","popseo_einleitungstext":"<p>Sie wollen Ihr Wohn- oder Gesch\u00e4ftshaus sanieren lassen und m\u00f6chten sich \u00fcber wirksame Sanierungsmethoden informieren? Klasse, dann sind Sie bei uns genau richtig. Als auf die Geb\u00e4udesanierung spezialisiertes Handwerksunternehmen, \u00fcbernehmen wir insbesondere Arbeiten im Bereich Trockenlegung und Abdichtung.  <\/p>\n<p>Erfahren sind wir bei der Bauwerksabdichtung und au\u00dferdem bei der Kellersanierung, der Rissverpressung und der Schimmelbek\u00e4mpfung. Wir kennen uns mit der zeitgem\u00e4\u00dfen Sanierung von Bestandsimmobilien und Neubauten bestens aus. Auf unserer Website stellen wir Ihnen unser Unternehmen und das komplette Leistungsspektrum n\u00e4her vor. \u00dcber Ihr Interesse freuen wir uns sehr.<\/p>","popseo_schlusstext":"<p>Auf Wunsch informieren wir Sie n\u00e4her \u00fcber unser T\u00e4tigkeitsspektrum. Wir zeigen Ihnen mit Vergn\u00fcgen auch ein paar Referenzprojekte, die Ihnen einen Einblick in unsere Arbeit geben.<br \/>\nWir sind f\u00fcr Sie da. Rufen Sie uns doch rasch einmal an oder senden Sie uns eine kurze E-Mail. Wir freuen uns auf Sie.<\/p>","popseo_stadttext":"<h3>Wir arbeiten gerne f\u00fcr Kunden aus Schwarzenbek<\/h3>\n<p>Unser Einzugsgebiet umfasst auch Schwarzenbek. Durch unsere Gesch\u00e4ftst\u00e4tigkeit haben wir uns einen guten \u00dcberblick \u00fcber die Stadtarchitektur der St\u00e4dte und Gemeinden unseres Vertriebsgebietes erarbeiten k\u00f6nnen. Wir f\u00fchlen uns der Region verpflichtet und freuen uns dar\u00fcber, auch einen Teil zur gesunden Infrastruktur der Stadt Schwarzenbek beizusteuern zu d\u00fcrfen.  <\/p>\n<h3>Interessante Fakten zu Schwarzenbek<\/h3>\n<p>Die Kleinstadt Schwarzenbek geh\u00f6rt formaljuristisch zum schleswig-holsteinischen Kreis Herzogtum Lauenburg. In Schwarzenbek wohnen ungef\u00e4hr 15.000 Menschen auf einer Gesamtfl\u00e4che von in etwa 11 qkm. Schwarzenbek ist Sitz des Amtes Schwarzenbek-Land. Schwarzenbek begeistert Bauherren besonders durch seine sch\u00f6nen Wohnquartiere. Die Bebauung mit Ein- und Mehrfamilienh\u00e4usern \u00fcberwiegt in der lauenburgischen Gemeinde ganz augenf\u00e4llig. Mehrgeschossige Wohnh\u00e4user sind in Schwarzenbek erkennbar in der Minderheit.<\/p>\n<p>Die geringe Entfernung zur Freien und Hansestadt Hamburg ist ein wichtiger Standortfaktor der Gemeinde. Kaum mehr als ungef\u00e4hr 35 km liegt die norddeutsche Metropole von Schwarzenbek entfernt. Eine ideale Situation f\u00fcr Pendler: Wer seinen Arbeitgeber in Hamburg hat, hat es nicht weit bis zum Lebensmittelpunkt in Schwarzenbek. Das eher idyllische Leben auf dem Lande verkn\u00fcpft sich auf hervorragende Weise mit den urbanen Vorz\u00fcgen der Gro\u00dfstadt.<br \/>\nEine ausgezeichnete Infrastruktur macht das Wohnen in Schwarzenbek speziell f\u00fcr junge Familien reizvoll. Die Stadt ist Teil vom Hamburger Verkehrsverbund (HVV). Auf der Schiene erreicht man Schwarzenbek \u00fcber die Bahnverbindung Hamburg-Berlin. Zum Hauptbahnhof Hamburg ben\u00f6tigt man ca. 20 Minuten. <\/p>\n<h3>Schwarzenbek \u2013 Lebensmittelpunkt f\u00fcr junge Familien<\/h3>\n<p>Die Gemeinde Schwarzenbek wurde unl\u00e4ngst mit dem sogenannten Europapreis ausgezeichnet. Der Preis wird St\u00e4dten und Gemeinden verliehen, die sich sich besonders intensiv f\u00fcr die Ausbreitung des europ\u00e4ischen Einigungsgedankens eingesetzt haben. Schwarzenbek tr\u00e4gt die Auszeichnung \u201eEuropastadt\u201c mit Stolz.<br \/>\nWegen der besonderen Lage im Kreisgebiet Lauenburgs wird Schwarzenbek zuweilen auch als \u201eStadt der Mitte\u201c bezeichnet. Schwarzenbek war \u00fcbrigens eine der ersten Gemeinden in in Schleswig-Holstein, die auf der Stadtbeschilderung den Namen auch auf Plattdeutsch vermerkt haben. Eine sch\u00f6ne Idee, die zwischenzeitlich zahllose Nachahmer gefunden hat. <\/p>\n<h4>Privat- und Gesch\u00e4ftskunden aus Schwarzenbek sch\u00e4tzen unsere Leistungen!<\/h4>\n<p>Gerne werden wir auch f\u00fcr Sie im Raum Schwarzenbek t\u00e4tig. D\u00fcrfen wir Sie detailliert informieren? Rufen Sie uns an oder senden Sie uns eine eMail. Wir freuen uns auf Sie! Das perfekt eingespielte Team unseres Unternehmens zeichnet sich durch eine zielgerichtete Arbeit aus.<\/p>","popseo_zusatztext":"<h3>Hohe Kosten bei der Bauwerksabdichtung m\u00fcssen nicht sein<\/h3>\n<p>Sie sind interessiert an Trocknungs- oder Sanierungsarbeiten und w\u00fcnschen sich ein entsprechendes Angebot, das eine qualitativ gute Arbeit garantiert, gleichzeitig aber keine hohen Kosten verursacht. Super, dann sind Sie bei uns genau richtig. Als Fachbetrieb f\u00fcr Bauwerksabdichtung, Schimmelbeseitigung und Kellersanierung verwenden wir ausschlie\u00dflich hochwertige Materialien. Trotzdem schauen wir nat\u00fcrlich auf die Kosten, die selbstverst\u00e4ndlich \u00fcberschaubar bleiben sollen. Wir m\u00f6chten Ihnen Qualit\u00e4t anbieten, die trotzdem auch die Kosten im Blick hat. Bei uns stimmen Kosten und Qualit\u00e4t: Schon seit etlichen Jahren sind wir Ihr erfahrener Partner f\u00fcr Trocknungs- und Sanierungsarbeiten in Norddeutschland. Unser Gesch\u00e4ftssitz liegt verkehrsg\u00fcnstig in Brietlingen bei L\u00fcndeburg. Die Kosten stets vor Augen: Wir sorgen f\u00fcr eine professionell durchgef\u00fchrte Sanierungsarbeit nach dem stets aktuellsten Stand der Technik.<\/p>\n<h3>Die Kosten stets vor Augen<\/h3>\n<p>D\u00fcrfen wir Sie informieren, wie Sie die Kosten f\u00fcr eine Sanierung reduzieren? Super, dann warten Sie bitte nicht und nehmen am besten gleich heute Kontakt mit uns auf. Ein kurzer Anruf oder auch eine schnelle E-Mail gen\u00fcgen. Die gute Beratung ist ebenso wichtig wie die perfekte Ausf\u00fchrung der entprechenden Arbeiten. Unsere Beratung ist nat\u00fcrlich absolut unverbindlich. Qualit\u00e4tsbewusst bei moderaten Kosten: Wir empfehlen uns als spezialisiertes Fachunternehmen im Norden. Unsere jahrelange Erfahrung spricht f\u00fcr uns.<br \/>\nSenken Sie die Kosten f\u00fcr Ihr Sanierungsprojekt: Setzen Sie auf die Profis der Fachfirma Keul.<\/p>","popseo_links":"<a href=\"https:\/\/bautenschutz-keul.de\/angebote\/aufsteigende-feuchtigkeit-stelle\/\">aufsteigende Feuchtigkeit Stelle<\/a>, <a href=\"https:\/\/bautenschutz-keul.de\/angebote\/zerstoerter-putz-amelinghausen\/\">zerst\u00f6rter Putz Amelinghausen<\/a>, <a href=\"https:\/\/bautenschutz-keul.de\/angebote\/schimmelsanierung-reinbek-aumuehle\/\">Schimmelsanierung Reinbek Aum\u00fchle<\/a>, <a href=\"https:\/\/bautenschutz-keul.de\/angebote\/schimmelsanierung-buechen\/\">Schimmelsanierung B\u00fcchen<\/a>, <a href=\"https:\/\/bautenschutz-keul.de\/angebote\/feuchter-keller-bergedorf-wentorf\/\">Feuchter Keller Bergedorf Wentorf<\/a>, <a href=\"https:\/\/bautenschutz-keul.de\/angebote\/aussenabdichtung-geesthacht\/\">Au\u00dfenabdichtung Geesthacht<\/a>, <a href=\"https:\/\/bautenschutz-keul.de\/angebote\/aufsteigende-feuchtigkeit-amelinghausen\/\">aufsteigende Feuchtigkeit Amelinghausen<\/a>, <a href=\"https:\/\/bautenschutz-keul.de\/angebote\/feuchter-keller-brietlingen\/\">Feuchter Keller Brietlingen<\/a>, <a href=\"https:\/\/bautenschutz-keul.de\/angebote\/schimmelbeseitigung-bergedorf-wentorf\/\">Schimmelbeseitigung Bergedorf Wentorf<\/a>, <a href=\"https:\/\/bautenschutz-keul.de\/angebote\/zerstoerter-putz-seevetal-rosengarten\/\">zerst\u00f6rter Putz Seevetal Rosengarten<\/a>, <a href=\"https:\/\/bautenschutz-keul.de\/angebote\/feuchtigkeit-jesteburg\/\">Feuchtigkeit Jesteburg<\/a>, <a href=\"https:\/\/bautenschutz-keul.de\/angebote\/innenabdichtung-buchholz-in-der-nordheide\/\">Innenabdichtung Buchholz in der Nordheide<\/a>, <a href=\"https:\/\/bautenschutz-keul.de\/angebote\/feuchte-mauer-amt-neuhaus\/\">Feuchte Mauer Amt Neuhaus<\/a>, <a href=\"https:\/\/bautenschutz-keul.de\/angebote\/innenabdichtung-schwarzenbek\/\">Innenabdichtung Schwarzenbek<\/a>, <a href=\"https:\/\/bautenschutz-keul.de\/angebote\/schimmelbeseitigung-bardowick\/\">Schimmelbeseitigung Bardowick<\/a>, <a href=\"https:\/\/bautenschutz-keul.de\/angebote\/rissverpressung-reppenstedt\/\">Rissverpressung Reppenstedt<\/a>, <a href=\"https:\/\/bautenschutz-keul.de\/angebote\/schimmel-salzhausen\/\">Schimmel Salzhausen<\/a>, <a href=\"https:\/\/bautenschutz-keul.de\/angebote\/innenabdichtung-brietlingen\/\">Innenabdichtung Brietlingen<\/a>, <a href=\"https:\/\/bautenschutz-keul.de\/angebote\/feuchte-mauer-bad-bevensen\/\">Feuchte Mauer Bad Bevensen<\/a>, <a href=\"https:\/\/bautenschutz-keul.de\/angebote\/zerstoerter-putz-bergedorf-wentorf\/\">zerst\u00f6rter Putz Bergedorf Wentorf<\/a>, <a href=\"https:\/\/bautenschutz-keul.de\/angebote\/bauwerksabdichtung-reppenstedt\/\">Bauwerksabdichtung Reppenstedt<\/a>, <a href=\"https:\/\/bautenschutz-keul.de\/angebote\/horizontalsperre-bardowick\/\">Horizontalsperre Bardowick<\/a>, <a href=\"https:\/\/bautenschutz-keul.de\/angebote\/horizontalsperre-ebstorf\/\">Horizontalsperre Ebstorf<\/a>, <a href=\"https:\/\/bautenschutz-keul.de\/angebote\/feuchtigkeitsschaden-seevetal-rosengarten\/\">Feuchtigkeitsschaden Seevetal Rosengarten<\/a>, <a href=\"https:\/\/bautenschutz-keul.de\/angebote\/schimmelsanierung-amt-neuhaus\/\">Schimmelsanierung Amt Neuhaus<\/a>, <a href=\"https:\/\/bautenschutz-keul.de\/angebote\/schimmelsanierung-jesteburg\/\">Schimmelsanierung Jesteburg<\/a>, <a href=\"https:\/\/bautenschutz-keul.de\/angebote\/salpeter-im-keller-bergedorf-wentorf\/\">Salpeter im Keller Bergedorf Wentorf<\/a>, <a href=\"https:\/\/bautenschutz-keul.de\/angebote\/aussenabdichtung-tostedt-sittensen\/\">Au\u00dfenabdichtung Tostedt Sittensen<\/a>"},"_links":{"self":[{"href":"https:\/\/bautenschutz-keul.de\/angebote\/wp-json\/wp\/v2\/pages\/412","targetHints":{"allow":["GET"]}}],"collection":[{"href":"https:\/\/bautenschutz-keul.de\/angebote\/wp-json\/wp\/v2\/pages"}],"about":[{"href":"https:\/\/bautenschutz-keul.de\/angebote\/wp-json\/wp\/v2\/types\/page"}],"author":[{"embeddable":true,"href":"https:\/\/bautenschutz-keul.de\/angebote\/wp-json\/wp\/v2\/users\/1"}],"replies":[{"embeddable":true,"href":"https:\/\/bautenschutz-keul.de\/angebote\/wp-json\/wp\/v2\/comments?post=412"}],"version-history":[{"count":0,"href":"https:\/\/bautenschutz-keul.de\/angebote\/wp-json\/wp\/v2\/pages\/412\/revisions"}],"wp:attachment":[{"href":"https:\/\/bautenschutz-keul.de\/angebote\/wp-json\/wp\/v2\/media?parent=412"}],"curies":[{"name":"wp","href":"https:\/\/api.w.org\/{rel}","templated":true}]}}