{"id":413,"date":"2021-09-13T08:44:08","date_gmt":"2021-09-13T06:44:08","guid":{"rendered":"https:\/\/bautenschutz-keul.de\/angebote\/kellersanierung-seevetal-rosengarten\/"},"modified":"2021-09-13T08:44:08","modified_gmt":"2021-09-13T06:44:08","slug":"kellersanierung-seevetal-rosengarten","status":"publish","type":"page","link":"https:\/\/bautenschutz-keul.de\/angebote\/kellersanierung-seevetal-rosengarten\/","title":{"rendered":"Kellersanierung &#8211; Seevetal Rosengarten"},"content":{"rendered":"<h3>Kellersanierung \u2013 wir \u00fcbernehmen das!<\/h3>\n<p>Lange Zeit hat der Keller bei Immobilienbesitzern eine Art Schattendasein gefristet. Der Keller war in erster Linie nicht mehr als ein reiner Nutzraum &#8211;  er diente als Abstellkammer, Lagerfl\u00e4che oder Vorratskammer. Um die Kellersanierung wurde sich oft erst dann gek\u00fcmmert, wenn weitergehende Beeintr\u00e4chtigungen z.B. durch eindringende Feuchtigkeit erwartet werden mussten. Die Zeiten haben sich gl\u00fccklicherweise gewandelt. Heutzutage dient der Keller unter anderem als Hobbyraum, G\u00e4stezimmer, Partyraum und als eigener Wellnessbereich. Viele Immobilienbesitzer haben sich etwa eine eigene Sauna im Keller einbauen lassen. Dieser Trend r\u00fcckt den Keller immer mehr in den Fokus der Haueigent\u00fcmer. Nasse Stellen, Schimmel und defekter Putz m\u00fcssen beseitigt werden, damit der Keller nachhaltig genutzt werden kann. Ganz klar, dass in einem solchen Fall die Kellersanierung zu einem echten Thema wird. Und eines ist ganz klar: Die komplette und fachgerechte Kellersanierung ist eine Aufgabe f\u00fcr den Experten. <\/p>\n<h3>Fragen Sie den Fachbetrieb in Sachen Kellersanierung!<\/h3>\n<p>Ehe die Kellersanierung angefangen werden kann, muss zuvor eine Zustandsbeschreibung [erfolgen|gemacht werden}: Welche Sch\u00e4den und welcher Sanierungsbedarf liegen objektiv vor? Welcher Effekt wird mit der Kellersanierung erreicht? Sollen nur Sch\u00e4den, die Substanz bedrohen behoben werden oder dient die Kellersanierung dazu, aus einem fr\u00fcheren Nutzraum zus\u00e4tzlichen Arbeits- oder Wohnraum bereitzustellen? Es zeigt sich bereits in diesem Fall, dass der Kellersanierung ein Nutzungsplan vorangeht. Die zuk\u00fcnftige Nutzung gibt die Richtung der Kellersanierung vor. Selbstverst\u00e4ndlich ist, dass immer auch Aufwand und monet\u00e4re Aufwendungen von Bedeutung sind. Wer eine intensivere Verwendung seines Kellers plant, dem k\u00f6nnen Instandsetzungen von nur kosmetischer Natur nicht zufriedenstellen. Um einen reellen Plan f\u00fcr die geplante Kellersanierung zu erstellen, sollten die Kellerr\u00e4ume durch einen Profi in Augenschein genommen werden. Vor allem der Profi kann wirklich bewerten, welche Ma\u00dfnahmen die Sanierung einschlie\u00dfen sollte,<br \/>\nsodass der Keller danach im Sinne der Geb\u00e4udeeigent\u00fcmer verwendet werden kann.<\/p>\n","protected":false},"excerpt":{"rendered":"<p>Kellersanierung \u2013 wir \u00fcbernehmen das! Lange Zeit hat der Keller bei Immobilienbesitzern eine Art Schattendasein gefristet. Der Keller war in erster Linie nicht mehr als ein reiner Nutzraum &#8211; er diente als Abstellkammer, Lagerfl\u00e4che oder Vorratskammer. Um die Kellersanierung wurde sich oft erst dann gek\u00fcmmert, wenn weitergehende Beeintr\u00e4chtigungen z.B. durch eindringende Feuchtigkeit erwartet werden mussten. [&hellip;]<\/p>\n","protected":false},"author":1,"featured_media":0,"parent":0,"menu_order":0,"comment_status":"closed","ping_status":"closed","template":"","meta":{"footnotes":""},"class_list":["post-413","page","type-page","status-publish","hentry"],"meta_box":{"popseo_subtitel":"Die Firma TK-Geb\u00e4udetechnik Thorsten Keul ist Ihr Experte f\u00fcr eine Kellersanierung in Seevetal Rosengarten","popseo_subtitel2":"Kellersanierung - setzen Sie auf unsere Erfahrung","popseo_lasttitel":"Kellersanierung: Sie haben Fragen? Dann melden Sie sich bei uns","popseo_region":"Seevetal Rosengarten","popseo_sachwort":"Kellersanierung","popseo_noupdate":"","popseo_einleitungstext":"<p>Mauern, W\u00e4nde oder Kellerr\u00e4ume Ihrer Immobilie weisen Durchfeuchtungen und damit einen nicht zu \u00fcbersehenden Sanierungsbedarf auf. Dann ist es h\u00f6chste Eisenbahn, sich \u00fcber eine sachgerechte Trocknung Gedanken zu machen. Unser Handwerksbetrieb ist auf die Bauwerksabdichtung spezialisiert. Zu den Hauptaufgaben unseres Betriebes geh\u00f6ren unter anderem die Bereiche Mauertrockenlegung, Kellerabdichtung und Schimmelbeseitigung. Der nachhaltigen Sanierung haben wir uns verschrieben. Wir beraten fachsicher, wie Sie Ihr Geb\u00e4ude preisg\u00fcnstig und umweltgerecht sanieren k\u00f6nnen. Ein paar erste Informationen hierzu lesen Sie nachfolgend.<\/p>","popseo_schlusstext":"<p>Auf Wunsch informieren wir Sie n\u00e4her \u00fcber unser Aufgabenfeld. Wir nennen Ihnen mit Vergn\u00fcgen auch ein paar Projekte, die Ihnen einen Einblick in unsere T\u00e4tigkeit geben.<br \/>\nVertrauen Sie auf das Urteil eines erfahrenen Sannierungsfachbetriebes. Rufen Sie uns doch einfach einmal an oder senden Sie uns eine kurze E-Mail. Wir freuen uns auf den Kontakt zu Ihnen.<\/p>","popseo_stadttext":"<h3>Wir arbeiten gerne f\u00fcr Kunden aus Rosengarten und Seevetal<\/h2>\n<p>Unser Einzugsbereich umfasst auch Seevetal und Rosengarten. Durch unsere Gesch\u00e4ftst\u00e4tigkeit haben wir uns einen ausgezeichneten \u00dcberblick \u00fcber die Architektur der Gemeinden und St\u00e4dte unseres Vertriebsgebietes machen k\u00f6nnen. Wir f\u00fchlen uns der Region verpflichtet und sind stolz darauf, unseren Teil zur ausgezeichneten Infrastruktur der Gemeinden beizusteuern zu k\u00f6nnen.  <\/p>\n<h3>Seevetal und Rosengarten \u2013 einige interessante Informationen zu den beiden Gemeinden<\/h3>\n<p>Die Gemeinde Seevetal liegt s\u00fcdlich von Hamburg im nieders\u00e4chsischen Kreis Harburg. 1972 schlossen sich in Summe 19 zuvor autonome Orte zur Gesamtgemeinde Seevetal zusammen. Durch den Zusammenschluss gilt Seevetal mit \u00fcber 42.000 Einwohnern als die gr\u00f6\u00dfte Gemeinde in Deutschland. Trotz der noch kurzen Geschichte, schauen einige der ehemals eigenst\u00e4ndigen Gemeindeteile auf eine au\u00dferordentliche lange Geschichte zur\u00fcck. Die Gemeindechronik von Seevetal informiert davon, dass der Gemeindeteil Ramelsloh bereits im Jahre 845 erstmalig urkundlich erw\u00e4hnt wurde. Die positive Bev\u00f6lkerungsentwicklung der Gemeinde Seevetal erkl\u00e4rt sich auch durch die verkehrstechnisch g\u00fcnstige Lage. Die N\u00e4he zur Metropole Hamburg macht Seevetal f\u00fcr Pendler reizvoll. Das Arbeiten in der Gro\u00dfstadt und das Leben im eher l\u00e4ndlichen Bereich, gehen in Seevetal eine sehr gute Verbindung ein. <\/p>\n<h4>Seevetal und Rosengarten \u2013 attraktive Wohnorte am Rande der Metropole<\/h4>\n<p>Der Wirtschaftsstandort Seevetal ist f\u00fcr zahlreiche Betrieben von au\u00dferordentlicher Anziehungskraft. Seevetal liegt zwischen f\u00fcnf Schnellstra\u00dfen. Die verkehrstechnisch gute Lage garantiert sowohl eine ausgezeichnete Erreichbarkeit als auch einen raschen G\u00fcterverkehr. Wirtschaftsf\u00f6rderung ist den Gemeindeverantwortlichen von Seevetal wichtig. Die Gemeinde f\u00f6rdert weitfl\u00e4chig und unkompliziert die Gewerbeansiedlung. Seevetal ist Teil vom Hamburger Verkehrsverbund (HVV). Auf dem Schienenweg erreicht man den Gemeindeteil Hittfeld mit dem Metronom \u00fcber die Strecke HH-Harburg-Buchholz-Tostedt. Die zu Seevetal z\u00e4hlenden Gemeindeteile Meckelfeld und Maschen sind an das Streckennetz HH-Harburg-Winsen-L\u00fcneburg angebunden.  <\/p>\n<p>Die Region Seevetal zeichnet sich durch eine hohe Lebensqualit\u00e4t aus. Eine exquisite Infrastruktur macht das Leben in Seevetal insbesondere f\u00fcr junge Familien attraktiv. Durch die gesunde und best\u00e4ndig wachsende Wirtschaft in Seevetal wird von den Gemeindeverantwortlichen des Weiteren besondere Priorit\u00e4t auf die Attraktivit\u00e4t des Wohnortes Seevetal gelegt. In den 19 Einzelgemeinden von Seevetal findet man gen\u00fcgend Baugrund f\u00fcr private Bauherren.<\/p>\n<p>\u00c4hnlich attraktiv pr\u00e4sentiert sich Rosengarten. Die Gemeinde liegt knapp rund 15 Kilometer von Seevetal entfernt. Gut 13.000 B\u00fcrger sind registriert in dem ruhigen Ort, der sich \u00fcber eine Fl\u00e4che von circa 63 qkm erstreckt. Rosengarten grenzt an die Hamburger Stadtteile Marmstorf, Hausbruch und Heimfeld. Das zumeist idyllische Leben auf dem Lande kombiniert sich in Rosengarten auf perfekte Weise mit den Vorteilen der nahen Gro\u00dfstadt. Seevetal und Rosengarten verf\u00fcgen \u00fcber zahlreiche beruhigte Wohnquartiere, die besonders von einer ansprechenden Einzelhausbebauung gepr\u00e4gt sind. <\/p>\n<h4>Privat- und Gesch\u00e4ftskunden aus Seevetal und Rosengarten sch\u00e4tzen unsere Leistungen!<\/h4>\n<p>Sie leben in Seevetal oder Rosengarten und interessieren sich f\u00fcr unser Leistungsangebot. Prima, dass Sie diese Seite gefunden haben. F\u00fcr R\u00fcckfragen sind wir jederzeit f\u00fcr Sie da. Unser freundliches Team freut sich auf Sie.<\/p>","popseo_zusatztext":"<h3>Hochwertige Sanierung, faire Kosten!<\/h3>\n<p>Sie sind interessiert an Trocknungs- oder Sanierungsarbeiten und w\u00fcnschen sich ein individuelles Angebot, das eine handwerklich gute Arbeit garantiert, gleichzeitig aber keine hohen Kosten nach sich zieht. Prima, dann sind Sie bei uns genau richtig. Als Spezialist f\u00fcr Bauwerksabdichtung, Kellersanierung und Schimmelbeseitigung verwenden wir nur ausgezeichnete Materialien. Gleichwohl achten wir nat\u00fcrlich auf die Kosten, die selbstverst\u00e4ndlich \u00fcberschaubar bleiben sollen. Wir m\u00f6chten Ihnen beste Qualit\u00e4t bieten, die trotzdem auch die Kosten im Blick hat. Bei uns stimmen Kosten und Leistung: Seit vielen Jahren schon sind wir Ihr erfahrener Partner f\u00fcr Trocknungs- und Sanierungsarbeiten im norddeutschen Raum. Unser Standort befindet sich verkehrsg\u00fcnstig in Brietlingen bei L\u00fcndeburg. Die Kosten stets vor Augen: Wir stehen f\u00fcr eine fachkundig durchgef\u00fchrte Arbeit nach dem jeweils derzeitigen Stand der Technik.<\/p>\n<h3>Kosten vs. Leistung: Eine Sanierung rechnet sich!<\/h3>\n<p>D\u00fcrfen wir Sie informieren, wie Sie die Kosten f\u00fcr eine Sanierung begrenzen k\u00f6nnen? Klasse, dann warten Sie bitte nicht und nehmen am besten gleich heute Kontakt mit uns auf. Ein kurzer Telefonanruf oder eine kurze Email gen\u00fcgen. Eine fachm\u00e4nnische Beratung ist ebenso wichtig wie die fachgerechte Umsetzung der eigentlichen Arbeiten. Unsere Beratung ist selbstverst\u00e4ndlich absolut unverbindlich. Beste Qualit\u00e4t bei moderaten Kosten: Wir empfehlen uns als spezialisiertes Unternehmen in Norddeutschland. Unsere langj\u00e4hrige Erfahrung zeichnet uns aus.<br \/>\nVerringern Sie die Kosten f\u00fcr Ihre Geb\u00e4udesanierung: Setzen Sie auf die Profis der Fachfirma Keul.<\/p>","popseo_links":"<a href=\"https:\/\/bautenschutz-keul.de\/angebote\/innenabdichtung-stelle\/\">Innenabdichtung Stelle<\/a>, <a href=\"https:\/\/bautenschutz-keul.de\/angebote\/feuchtigkeitsschaden-bardowick\/\">Feuchtigkeitsschaden Bardowick<\/a>, <a href=\"https:\/\/bautenschutz-keul.de\/angebote\/feuchte-wand-buechen\/\">Feuchte Wand B\u00fcchen<\/a>, <a href=\"https:\/\/bautenschutz-keul.de\/angebote\/kellerabdichtung-adendorf\/\">Kellerabdichtung Adendorf<\/a>, <a href=\"https:\/\/bautenschutz-keul.de\/angebote\/salpeter-im-keller-lueneburg\/\">Salpeter im Keller L\u00fcneburg<\/a>, <a href=\"https:\/\/bautenschutz-keul.de\/angebote\/aussenabdichtung-winsen-luhe\/\">Au\u00dfenabdichtung Winsen Luhe<\/a>, <a href=\"https:\/\/bautenschutz-keul.de\/angebote\/horizontalsperre-ebstorf\/\">Horizontalsperre Ebstorf<\/a>, <a href=\"https:\/\/bautenschutz-keul.de\/angebote\/aussenabdichtung-stelle\/\">Au\u00dfenabdichtung Stelle<\/a>, <a href=\"https:\/\/bautenschutz-keul.de\/angebote\/kellertrockenlegung-brietlingen\/\">Kellertrockenlegung Brietlingen<\/a>, <a href=\"https:\/\/bautenschutz-keul.de\/angebote\/feuchter-keller-ebstorf\/\">Feuchter Keller Ebstorf<\/a>, <a href=\"https:\/\/bautenschutz-keul.de\/angebote\/horizontalsperre-harburg\/\">Horizontalsperre Harburg<\/a>, <a href=\"https:\/\/bautenschutz-keul.de\/angebote\/aufsteigende-feuchtigkeit-harburg\/\">aufsteigende Feuchtigkeit Harburg<\/a>, <a href=\"https:\/\/bautenschutz-keul.de\/angebote\/feuchte-wand-hanstedt\/\">Feuchte Wand Hanstedt<\/a>, <a href=\"https:\/\/bautenschutz-keul.de\/angebote\/aufsteigende-feuchtigkeit-adendorf\/\">aufsteigende Feuchtigkeit Adendorf<\/a>, <a href=\"https:\/\/bautenschutz-keul.de\/angebote\/schimmelsanierung-adendorf\/\">Schimmelsanierung Adendorf<\/a>, <a href=\"https:\/\/bautenschutz-keul.de\/angebote\/zerstoerter-putz-schwarzenbek\/\">zerst\u00f6rter Putz Schwarzenbek<\/a>, <a href=\"https:\/\/bautenschutz-keul.de\/angebote\/feuchtigkeitsschaden-reinbek-aumuehle\/\">Feuchtigkeitsschaden Reinbek Aum\u00fchle<\/a>, <a href=\"https:\/\/bautenschutz-keul.de\/angebote\/horizontalsperre-salzhausen\/\">Horizontalsperre Salzhausen<\/a>, <a href=\"https:\/\/bautenschutz-keul.de\/angebote\/feuchter-keller-glinde-sachsenwald\/\">Feuchter Keller Glinde Sachsenwald<\/a>, <a href=\"https:\/\/bautenschutz-keul.de\/angebote\/horizontalsperre-adendorf\/\">Horizontalsperre Adendorf<\/a>, <a href=\"https:\/\/bautenschutz-keul.de\/angebote\/rissverpressung-bergedorf-wentorf\/\">Rissverpressung Bergedorf Wentorf<\/a>, <a href=\"https:\/\/bautenschutz-keul.de\/angebote\/feuchte-mauer-bad-bevensen\/\">Feuchte Mauer Bad Bevensen<\/a>, <a href=\"https:\/\/bautenschutz-keul.de\/angebote\/feuchte-mauer-herzogtum-lauenburg\/\">Feuchte Mauer Herzogtum Lauenburg<\/a>, <a href=\"https:\/\/bautenschutz-keul.de\/angebote\/aufsteigende-feuchtigkeit-ebstorf\/\">aufsteigende Feuchtigkeit Ebstorf<\/a>, <a href=\"https:\/\/bautenschutz-keul.de\/angebote\/schimmel-bad-bevensen\/\">Schimmel Bad Bevensen<\/a>, <a href=\"https:\/\/bautenschutz-keul.de\/angebote\/salpeter-im-keller-bardowick\/\">Salpeter im Keller Bardowick<\/a>, <a href=\"https:\/\/bautenschutz-keul.de\/angebote\/zerstoerter-putz-reinbek-aumuehle\/\">zerst\u00f6rter Putz Reinbek Aum\u00fchle<\/a>, <a href=\"https:\/\/bautenschutz-keul.de\/angebote\/mauertrockenlegung-bardowick\/\">Mauertrockenlegung Bardowick<\/a>"},"_links":{"self":[{"href":"https:\/\/bautenschutz-keul.de\/angebote\/wp-json\/wp\/v2\/pages\/413","targetHints":{"allow":["GET"]}}],"collection":[{"href":"https:\/\/bautenschutz-keul.de\/angebote\/wp-json\/wp\/v2\/pages"}],"about":[{"href":"https:\/\/bautenschutz-keul.de\/angebote\/wp-json\/wp\/v2\/types\/page"}],"author":[{"embeddable":true,"href":"https:\/\/bautenschutz-keul.de\/angebote\/wp-json\/wp\/v2\/users\/1"}],"replies":[{"embeddable":true,"href":"https:\/\/bautenschutz-keul.de\/angebote\/wp-json\/wp\/v2\/comments?post=413"}],"version-history":[{"count":0,"href":"https:\/\/bautenschutz-keul.de\/angebote\/wp-json\/wp\/v2\/pages\/413\/revisions"}],"wp:attachment":[{"href":"https:\/\/bautenschutz-keul.de\/angebote\/wp-json\/wp\/v2\/media?parent=413"}],"curies":[{"name":"wp","href":"https:\/\/api.w.org\/{rel}","templated":true}]}}