{"id":414,"date":"2021-09-13T08:44:08","date_gmt":"2021-09-13T06:44:08","guid":{"rendered":"https:\/\/bautenschutz-keul.de\/angebote\/kellersanierung-stelle\/"},"modified":"2021-09-13T08:44:08","modified_gmt":"2021-09-13T06:44:08","slug":"kellersanierung-stelle","status":"publish","type":"page","link":"https:\/\/bautenschutz-keul.de\/angebote\/kellersanierung-stelle\/","title":{"rendered":"Kellersanierung &#8211; Stelle"},"content":{"rendered":"<h3>Kellersanierung \u2013 wir \u00fcbernehmen das!<\/h3>\n<p>Viele Jahre lang hat der Keller bei Hauseigent\u00fcmern eine Art Schattendasein gefristet. Der Keller war zumeist nicht mehr als ein reiner Nutzraum &#8211;  er diente als Abstellort, Lagerraum oder Vorratskammer. Um die Kellersanierung wurde sich oft erst dann gek\u00fcmmert, wenn weitergehende Beeintr\u00e4chtigungen zum Beispiel durch eintretende N\u00e4sse vermutet werden mussten. Diese Zeiten haben sich gl\u00fccklicherweise ge\u00e4ndert. Heute dient der Keller gleicherma\u00dfen als Hobbyraum, Partyraum, G\u00e4stezimmer und als eigener Wellnessbereich. Nicht wenige Hausbesitzer haben sich zum Beispiel eine eigene Sauna im Keller eingebaut. Diese Entwicklung r\u00fcckt den Keller mehr und mehr in den Fokus der Immobilienbesitzer. Nasse Stellen, Schimmelentstehung und defekter Putz m\u00fcssen entfernt werden, damit der Keller nachhaltig benutzt werden kann. Ganz klar, dass dann die Kellersanierung zu einem wirklichen Thema wird. Und eines ist ganz eindeutig: Die vollumf\u00e4ngliche und sachgerechte Kellersanierung ist eine Aufgabenstellung f\u00fcr den Spezialisten. <\/p>\n<h3>Fragen Sie den Fachbetrieb in Sachen Kellersanierung!<\/h3>\n<p>Ehe die Kellersanierung in Angriff genommen werden kann, muss zuvor eine Analyse [erfolgen|gemacht werden}: Welche Sch\u00e4den und welcher Sanierungsumfang liegen wirklich vor? Welcher Effekt wird mit der Kellersanierung umgesetzt? Sollen nur Defekte, die Bausubstanz bedrohen instandgesetzt werden oder dient die Kellersanierung dazu, aus einem ehemaligen Abstellraum zus\u00e4tzlichen Arbeits- oder Wohnraum zu schaffen? Es zeigt sich schon hier, dass der Kellersanierung ein Plan vorausgeht. Die anschlie\u00dfende Nutzung gibt die Richtung der Kellersanierung vor. Klar, dass dabei auch Aufwand und monet\u00e4re Aufwendungen eine Rolle spielen. Wer eine ausgiebige Nutzung seines Kellers plant, dem d\u00fcrften Sanierungen von leichter kosmetischer Natur nicht ausreichen. Um einen objektiven Ablaufplan f\u00fcr die anstehende Kellersanierung zu erarbeiten, sollten die Kellerr\u00e4ume durch einen Fachmann besichtigt werden. Nur der Profi kann tats\u00e4chlich absch\u00e4tzen, welche Ma\u00dfnahmen die Sanierung enthalten sollte,<br \/>\nsodass der Keller kurzfristig im Sinne der Hauseigent\u00fcmer genutzt werden kann.<\/p>\n","protected":false},"excerpt":{"rendered":"<p>Kellersanierung \u2013 wir \u00fcbernehmen das! Viele Jahre lang hat der Keller bei Hauseigent\u00fcmern eine Art Schattendasein gefristet. Der Keller war zumeist nicht mehr als ein reiner Nutzraum &#8211; er diente als Abstellort, Lagerraum oder Vorratskammer. Um die Kellersanierung wurde sich oft erst dann gek\u00fcmmert, wenn weitergehende Beeintr\u00e4chtigungen zum Beispiel durch eintretende N\u00e4sse vermutet werden mussten. [&hellip;]<\/p>\n","protected":false},"author":1,"featured_media":0,"parent":0,"menu_order":0,"comment_status":"closed","ping_status":"closed","template":"","meta":{"footnotes":""},"class_list":["post-414","page","type-page","status-publish","hentry"],"meta_box":{"popseo_subtitel":"Wir sind Ihr erfahrener Experte f\u00fcr eine Kellersanierung im Raum Stelle","popseo_subtitel2":"Kellersanierung - unsere Experten informieren Sie gerne \u00fcber Ihre M\u00f6glichkeiten","popseo_lasttitel":"Kellersanierung: F\u00fcr weitere Informationen sprechen Sie uns bitte an","popseo_region":"Stelle","popseo_sachwort":"Kellersanierung","popseo_noupdate":"","popseo_einleitungstext":"<p>Die Firma TK-Geb\u00e4udetechnik Thorsten Keul ist Ihr erfahrener und qualifizierter Fachbetrieb f\u00fcr Kellertrockenlegung, Schimmelbeseitigung und Bauwerksabdichtung. Mit unserem Unternehmensstandort in Brietlingen bei L\u00fcneburg decken wir ein geografisch gro\u00dfes Gebiet ab. Zu unseren Schwerpunkten z\u00e4hlen unter anderem die Kellerabdichtung, das Setzen von Horizontalsperren, wirkungsvolle Methoden gegen aufsteigende Feuchtigkeit sowie ganz allgemein Arbeiten rund um die Themen Sanierung und Abdichtung. Kompetent und sachgerecht f\u00fchren wir f\u00fcr Sie alle anfallenden Arbeiten aus - so wie Sie es von einem kompetenten Fachbetrieb erwarten k\u00f6nnen. Auf den n\u00e4chsten Seiten d\u00fcrfen wir Ihnen unser T\u00e4tigkeitsspektrum etwas n\u00e4her vorstellen.<\/p>","popseo_schlusstext":"<p>Sie haben Fragen zu unseren Leistungen? Auf Wunsch informieren wir Sie n\u00e4her \u00fcber unser gesamtes Themengebiet. Mit Vergn\u00fcgen pr\u00e4sentieren wir Ihnen einige Referenzprojekte, die Ihnen einen Einblick in unsere T\u00e4tigkeit geben. Rufen Sie uns doch einfach einmal an oder schicken Sie uns eine E-Mail. Unser freundliches Team arbeitet stets fachkundig und l\u00f6sungsorientiert. Informationen und Terminvereinbarungen unter: <\/p>\n<p>04133 \u2013 22 37 940<\/p>","popseo_stadttext":"<h3>Unser Einzugsbereich umfasst auch Stelle<\/h2>\n<p>Unser Einzugsgebiet umfasst auch Stelle. Durch unsere Gesch\u00e4ftst\u00e4tigkeit haben wir uns einen guten \u00dcberblick \u00fcber die Stadtarchitektur der St\u00e4dte und Gemeinden unseres Vertriebsgebietes machen k\u00f6nnen. Wir f\u00fchlen uns der Region verpflichtet und sind stolz darauf, auch unseren Teil zur guten Infrastruktur der Gemeinde beizusteuern zu k\u00f6nnen.  <\/p>\n<h3>Lebensmittelpunkt Stelle<\/h3>\n<p>In der zum Landkreis Harburg geh\u00f6renden Gemeinde Stelle wohnen in Summe knapp 11.000 Anwohner auf einer Fl\u00e4che von rund 38 qkm. Unmittelbar an Hamburg grenzend, z\u00e4hlt Stelle zum sog. \u201eSpeckg\u00fcrtel\u201c der Freien und Hansestadt. Die Bev\u00f6lkerungsdichte mit 288 Einwohnern pro Quadratkilometer ist nicht sonderlich hoch, was den Ort zu einer beliebten Wohngegend macht. Etliche sch\u00f6ne Siedlungen mit einer ansprechenden Bebauung machen Stelle f\u00fcr viele Menschen besonders anziehend. Leben in l\u00e4ndlicher Umgebung, dabei die Metropole direkt vor der Haust\u00fcr  \u2013 ein Wohnmodell, das f\u00fcr sehr viele Menschen von Interesse ist. Ungez\u00e4hlte W\u00e4lder und Wiesen verleihen dem Ort einen zuweilen nahezu bukolischen Charakter. Die lokale \u00d6konomie von Stelle ist dominiert von kleinen und mittelst\u00e4ndigen Betrieben. <\/p>\n<p>Stelle ist f\u00fcr Berufspendler besonders ideal. Wer seinen Arbeitsplatz in Hamburg hat, genie\u00dft das durchaus ruhige Leben in der Peripherie. Stelle verf\u00fcgt \u00fcber zahlreiche idyllische Wohnviertel, die von einer ansprechenden Einzelhausbebauung gepr\u00e4gt sind. <\/p>\n<h4>Hohe Qualit\u00e4t f\u00fcr Kunden aus Stelle<\/h4>\n<p>Gerne werden wir auch f\u00fcr Sie im Raum Stelle t\u00e4tig. D\u00fcrfen wir Sie n\u00e4her beraten? Sie erreichen uns telefonisch oder schicken Sie uns eine eMail. Wir freuen uns auf das Gespr\u00e4ch mit Ihnen! Das Team unseres Fachbetriebes ist eingespielt und arbeitet perfekt \u201eHand in Hand\u201c.<\/p>","popseo_zusatztext":"<h3>Perfekte Sanierungsarbeiten zu geringen Kosten<\/h3>\n<p>Sie sind interessiert an Trocknungs- oder Sanierungsarbeiten und m\u00f6chten gerne ein passendes Angebot, das eine qualitativ gute Arbeit garantiert, gleichwohl keine hohen Kosten verursacht. Klasse, dann sind Sie bei uns genau richtig. Als Handwerksbetrieb f\u00fcr Bauwerksabdichtung, Schimmelbeseitigung und Kellersanierung verarbeiten wir nur hochwertige Materialien. Trotzdem achten wir immer auf die Kosten, die selbstverst\u00e4ndlich \u00fcberschaubar bleiben sollen. Wir m\u00f6chten Ihnen beste Qualit\u00e4t bieten, die trotzdem auch die Kosten im Blick hat. Bei uns stimmen Kosten und Leistung: Bereits seit vielen Jahren sind wir Ihr erfahrener Fachbetrieb f\u00fcr Trocknungs- und Sanierungsarbeiten im norddeutschen Raum. Unser Standort befindet sich verkehrsg\u00fcnstig in Brietlingen bei L\u00fcndeburg. Die Kosten stets vor Augen: Wir garantieren eine fachm\u00e4nnisch durchgef\u00fchrte Arbeit nach dem stets derzeitigen Stand der Technik.<\/p>\n<h3>Kosten vs. Leistung: Eine Sanierung rechnet sich!<\/h3>\n<p>D\u00fcrfen wir Sie beraten, wie Sie die Kosten f\u00fcr eine Sanierung begrenzen k\u00f6nnen? Toll, dann warten Sie bitte nicht und nehmen am besten gleich heute Verbindung mit uns auf. Ein kurzer Anruf oder auch eine kurze eMail gen\u00fcgen. Die gute Beratung ist gleicherma\u00dfen wichtig wie die perfekte Ausf\u00fchrung der entsprechenden T\u00e4tigkeiten. Unsere fachliche Beratung ist selbstverst\u00e4ndlich v\u00f6llig unverbindlich. Beste Qualit\u00e4t bei \u00fcberschaubaren Kosten: Wir empfehlen uns als spezialisiertes Fachunternehmen im Norden. Unsere gro\u00dfe Erfahrung spricht f\u00fcr uns.<br \/>\nSenken Sie die Kosten f\u00fcr Ihr Sanierungsprojekt: Vertrauen Sie den Spezialisten der Firma Keul.<\/p>","popseo_links":"<a href=\"https:\/\/bautenschutz-keul.de\/angebote\/kellerabdichtung-winsen-luhe\/\">Kellerabdichtung Winsen Luhe<\/a>, <a href=\"https:\/\/bautenschutz-keul.de\/angebote\/feuchte-wand-winsen-luhe\/\">Feuchte Wand Winsen Luhe<\/a>, <a href=\"https:\/\/bautenschutz-keul.de\/angebote\/rissverpressung-ebstorf\/\">Rissverpressung Ebstorf<\/a>, <a href=\"https:\/\/bautenschutz-keul.de\/angebote\/horizontalsperre-maschen\/\">Horizontalsperre Maschen<\/a>, <a href=\"https:\/\/bautenschutz-keul.de\/angebote\/feuchte-wand-hanstedt\/\">Feuchte Wand Hanstedt<\/a>, <a href=\"https:\/\/bautenschutz-keul.de\/angebote\/feuchte-mauer-bergedorf-wentorf\/\">Feuchte Mauer Bergedorf Wentorf<\/a>, <a href=\"https:\/\/bautenschutz-keul.de\/angebote\/feuchter-keller-bispingen\/\">Feuchter Keller Bispingen<\/a>, <a href=\"https:\/\/bautenschutz-keul.de\/angebote\/aufsteigende-feuchtigkeit-harburg\/\">aufsteigende Feuchtigkeit Harburg<\/a>, <a href=\"https:\/\/bautenschutz-keul.de\/angebote\/bauwerksabdichtung-seevetal-rosengarten\/\">Bauwerksabdichtung Seevetal Rosengarten<\/a>, <a href=\"https:\/\/bautenschutz-keul.de\/angebote\/kellertrockenlegung-adendorf\/\">Kellertrockenlegung Adendorf<\/a>, <a href=\"https:\/\/bautenschutz-keul.de\/angebote\/zerstoerter-putz-reinbek-aumuehle\/\">zerst\u00f6rter Putz Reinbek Aum\u00fchle<\/a>, <a href=\"https:\/\/bautenschutz-keul.de\/angebote\/schimmel-tostedt-sittensen\/\">Schimmel Tostedt Sittensen<\/a>, <a href=\"https:\/\/bautenschutz-keul.de\/angebote\/feuchtigkeit-bad-bevensen\/\">Feuchtigkeit Bad Bevensen<\/a>, <a href=\"https:\/\/bautenschutz-keul.de\/angebote\/kellertrockenlegung-reppenstedt\/\">Kellertrockenlegung Reppenstedt<\/a>, <a href=\"https:\/\/bautenschutz-keul.de\/angebote\/salpeter-im-keller-amt-neuhaus\/\">Salpeter im Keller Amt Neuhaus<\/a>, <a href=\"https:\/\/bautenschutz-keul.de\/angebote\/rissverpressung-harburg\/\">Rissverpressung Harburg<\/a>, <a href=\"https:\/\/bautenschutz-keul.de\/angebote\/aussenabdichtung-winsen-luhe\/\">Au\u00dfenabdichtung Winsen Luhe<\/a>, <a href=\"https:\/\/bautenschutz-keul.de\/angebote\/rissverpressung-buchholz-in-der-nordheide\/\">Rissverpressung Buchholz in der Nordheide<\/a>, <a href=\"https:\/\/bautenschutz-keul.de\/angebote\/bauwerksabdichtung-schwarzenbek\/\">Bauwerksabdichtung Schwarzenbek<\/a>, <a href=\"https:\/\/bautenschutz-keul.de\/angebote\/horizontalsperre-winsen-luhe\/\">Horizontalsperre Winsen Luhe<\/a>, <a href=\"https:\/\/bautenschutz-keul.de\/angebote\/bauwerksabdichtung-maschen\/\">Bauwerksabdichtung Maschen<\/a>, <a href=\"https:\/\/bautenschutz-keul.de\/angebote\/schimmelsanierung-uelzen\/\">Schimmelsanierung Uelzen<\/a>, <a href=\"https:\/\/bautenschutz-keul.de\/angebote\/aussenabdichtung-boizenburg\/\">Au\u00dfenabdichtung Boizenburg<\/a>, <a href=\"https:\/\/bautenschutz-keul.de\/angebote\/rissverpressung-reppenstedt\/\">Rissverpressung Reppenstedt<\/a>, <a href=\"https:\/\/bautenschutz-keul.de\/angebote\/schimmel-seevetal-rosengarten\/\">Schimmel Seevetal Rosengarten<\/a>, <a href=\"https:\/\/bautenschutz-keul.de\/angebote\/feuchtigkeitsschaden-seevetal-rosengarten\/\">Feuchtigkeitsschaden Seevetal Rosengarten<\/a>, <a href=\"https:\/\/bautenschutz-keul.de\/angebote\/schimmelsanierung-seevetal-rosengarten\/\">Schimmelsanierung Seevetal Rosengarten<\/a>, <a href=\"https:\/\/bautenschutz-keul.de\/angebote\/rissverpressung-glinde-sachsenwald\/\">Rissverpressung Glinde Sachsenwald<\/a>"},"_links":{"self":[{"href":"https:\/\/bautenschutz-keul.de\/angebote\/wp-json\/wp\/v2\/pages\/414","targetHints":{"allow":["GET"]}}],"collection":[{"href":"https:\/\/bautenschutz-keul.de\/angebote\/wp-json\/wp\/v2\/pages"}],"about":[{"href":"https:\/\/bautenschutz-keul.de\/angebote\/wp-json\/wp\/v2\/types\/page"}],"author":[{"embeddable":true,"href":"https:\/\/bautenschutz-keul.de\/angebote\/wp-json\/wp\/v2\/users\/1"}],"replies":[{"embeddable":true,"href":"https:\/\/bautenschutz-keul.de\/angebote\/wp-json\/wp\/v2\/comments?post=414"}],"version-history":[{"count":0,"href":"https:\/\/bautenschutz-keul.de\/angebote\/wp-json\/wp\/v2\/pages\/414\/revisions"}],"wp:attachment":[{"href":"https:\/\/bautenschutz-keul.de\/angebote\/wp-json\/wp\/v2\/media?parent=414"}],"curies":[{"name":"wp","href":"https:\/\/api.w.org\/{rel}","templated":true}]}}