{"id":417,"date":"2021-09-13T08:44:08","date_gmt":"2021-09-13T06:44:08","guid":{"rendered":"https:\/\/bautenschutz-keul.de\/angebote\/kellersanierung-winsen-luhe\/"},"modified":"2021-09-13T08:44:08","modified_gmt":"2021-09-13T06:44:08","slug":"kellersanierung-winsen-luhe","status":"publish","type":"page","link":"https:\/\/bautenschutz-keul.de\/angebote\/kellersanierung-winsen-luhe\/","title":{"rendered":"Kellersanierung &#8211; Winsen Luhe"},"content":{"rendered":"<h3>Kellersanierung \u2013 wir \u00fcbernehmen das!<\/h3>\n<p>Lange Jahre hat der Keller bei Immobilieneigent\u00fcmern eine Art Schattendasein gefristet. Der Keller war zumeist nicht mehr als ein reiner Nutzraum &#8211;  er diente als Abstellort, Lagerfl\u00e4che oder Vorratskammer. Um die Kellersanierung wurde sich meistens erst dann gek\u00fcmmert, wenn weitergehende Sch\u00e4den beispielsweise durch eintretende Feuchtigkeit vermutet werden mussten. Diese Zeiten haben sich gl\u00fccklicherweise ge\u00e4ndert. Heutzutage dient der Keller ebenfalls als Partyraum, Hobbyraum, G\u00e4stezimmer und als eigener Wellnessbereich. Nicht wenige Immobilieneigent\u00fcmer haben sich zum Beispiel eine eigene Sauna im Keller eingebaut. Diese Entwicklung r\u00fcckt den Keller immer mehr in den Fokus der Haueigent\u00fcmer. Nasse Stellen, Schimmel und abbl\u00e4tternder Putz m\u00fcssen beseitigt werden, damit der Keller langfristig genutzt werden kann. Logisch, dass dann die Kellersanierung zu einem echten Thema wird. Und eines ist ganz eindeutig: Die komplette und fachgerechte Kellersanierung ist eine Aufgabenstellung f\u00fcr den Spezialisten. <\/p>\n<h3>Kellersanierung: Bei uns kompetent und schnell!<\/h3>\n<p>Ehe die Kellersanierung in Angriff genommen werden kann, muss zun\u00e4chst eine Analyse [erfolgen|gemacht werden}: Welche Sch\u00e4den und welcher Reparaturumfang liegen tats\u00e4chlich vor? Welcher Effekt wird mit der Kellersanierung verfolgt? Sollen nur Sch\u00e4den, die Bausubstanz bedrohen instandgesetzt werden oder dient die Kellersanierung dazu, aus einem fr\u00fcheren Nutzraum weiteren Arbeits- oder Wohnraum zu schaffen? Es zeigt sich schon hierbei, dass der Kellersanierung ein Nutzungsplan vorausgeht. Die sp\u00e4tere Nutzung gibt die Richtung der Kellersanierung vor. Klar, dass hierbei auch Aufwand und Kosten eine Rolle spielen. Wer eine ausgiebige Verwendung seines Kellers plant, dem d\u00fcrften Instandsetzungen von leichter kosmetischer Natur nicht zufriedenstellen. Um einen reellen Handlungsplan f\u00fcr die beabsichtigte Kellersanierung zu verfassen, m\u00fcssten die Kellerr\u00e4ume von einen Spezialisten begutachtet werden. Speziell der Profi kann tats\u00e4chlich beurteilen, welche Ma\u00dfnahmen die Sanierung enthalten sollte,<br \/>\nsodass der Keller danach im Sinne der Hausbewohner verwendet werden kann.<\/p>\n","protected":false},"excerpt":{"rendered":"<p>Kellersanierung \u2013 wir \u00fcbernehmen das! Lange Jahre hat der Keller bei Immobilieneigent\u00fcmern eine Art Schattendasein gefristet. Der Keller war zumeist nicht mehr als ein reiner Nutzraum &#8211; er diente als Abstellort, Lagerfl\u00e4che oder Vorratskammer. Um die Kellersanierung wurde sich meistens erst dann gek\u00fcmmert, wenn weitergehende Sch\u00e4den beispielsweise durch eintretende Feuchtigkeit vermutet werden mussten. Diese Zeiten [&hellip;]<\/p>\n","protected":false},"author":1,"featured_media":0,"parent":0,"menu_order":0,"comment_status":"closed","ping_status":"closed","template":"","meta":{"footnotes":""},"class_list":["post-417","page","type-page","status-publish","hentry"],"meta_box":{"popseo_subtitel":"Wir sind Ihr Experte f\u00fcr eine Kellersanierung in Winsen Luhe","popseo_subtitel2":"Kellersanierung - unsere Experten informieren Sie gerne \u00fcber Ihre M\u00f6glichkeiten","popseo_lasttitel":"Kellersanierung: Unsere Experten beantworten Ihre Fragen","popseo_region":"Winsen Luhe","popseo_sachwort":"Kellersanierung","popseo_noupdate":"","popseo_einleitungstext":"<p>Sie haben sich mit dem Thema Bauwerksabdichtung besch\u00e4ftigt, weil Ihr Haus feuchte Geb\u00e4udebereiche aufweist und Sie nach Methoden einer wirkungsvollen und professionellen Sanierung Ausschau halten. Gut, dass Sie zu uns gefunden haben. Auf den folgenden Seiten d\u00fcrfen wir Ihnen n\u00e4here Informationen zu unserem Leistungsspektrum geben. Sie lernen auf dieser Website unsere Firma etwas n\u00e4her kennen. <\/p>\n<p>Die Firma TK-Geb\u00e4udetechnik Thorsten Keul ist ein versierter und etablierter Fachbetrieb mit Sitz in Brietlingen bei L\u00fcneburg. Seit vielen Jahren schon sind wir Ihr Spezialist f\u00fcr s\u00e4mtliche Fragen rund um die Bauwerksabdichtung. Wir setzen ausschlie\u00dflich praxisbew\u00e4hrte und effektive Sanierungssysteme und -methoden ein. Als Sanierungsfachbetrieb schauen wir auf eine lange Berufserfahrung zur\u00fcck. Unsere engagierten Fachkr\u00e4fte informieren Sie gerne im Detail.<\/p>","popseo_schlusstext":"<p>Sehr gerne informieren wir Sie n\u00e4her \u00fcber unser T\u00e4tigkeitsspektrum. Wir pr\u00e4sentieren Ihnen mit Vergn\u00fcgen auch einige Referenzprojekte, die Ihnen einen Einblick in unsere Arbeit geben.<br \/>\nVertrauen Sie den Spezialisten der Firma TK-Geb\u00e4udetechnik. Rufen Sie uns doch einfach einmal an oder senden Sie uns eine schnelle E-Mail. Wir freuen uns auf Sie.<\/p>","popseo_stadttext":"<h3>Unser Wirkungskreis umfasst auch Winsen (Luhe)<\/h3>\n<p>Winsen (Luhe) ist eine Mittelstadt aus der Metropolregion Hamburg. Die Kreisstadt des Landkreises Harburg hat 32.000 Anwohner und erstreckt sich \u00fcber ein Gebiet von 109 km\u00b2. Winsen (Luhe) ist zentral gelegen. In die norddeutsche Metropole Hamburg sind es nur etwa 30 km, L\u00fcneburg erreicht man schon nach zirka 20 Kilometern. Winsen (Luhe) besteht in der jetzigen Form seit dem Jahre 1972. Seinerzeit wurden 13 autonome Orte zur Gesamtgemeinde Winsen (Luhe) zusammengefasst.  <\/p>\n<p>Durch unsere Vertriebst\u00e4tigkeit haben wir uns einen sehr guten \u00dcberblick \u00fcber die Stadtarchitektur der St\u00e4dte und Gemeinden unseres Einzugsbereiches machen k\u00f6nnen. Nat\u00fcrlich z\u00e4hlt auch Winsen (Luhe) zu unserem unmittelbaren Wirkungskreis. Wir freuen uns darauf, mit Ihnen ins Gespr\u00e4ch zu treten. <\/p>\n<h3>Interessante Fakten zu Winsen (Luhe)<\/h3>\n<p>Obwohl Winsen (Luhe) ohne Zweifel als eine Pendlerstadt gelten darf, ist das mittelst\u00e4ndisch orientierte Wirtschaftsleben beachtlich. Zahllose Unternehmen u.a. aus den Branchen Maschinenbau, Pharma, Logistik und Bauwesen haben sich in Winsen (Luhe) niedergelassen. Wer von den Einwohnern aus Winsen (Luhe) nicht in einer Firma seines Heimatortes besch\u00e4ftigt ist, pendelt zumeist in die Hansestadt Hamburg. Mit dem PKW f\u00e4hrt man \u00fcber die Autobahn A39 nach Winsen (Luhe). Die Schnellstra\u00dfe ist mit der A1 und der A7 verbunden. Wer die Bundesbahn vorzieht, erreicht Winsen (Luhe) \u00fcber die Schienenverbindung Hamburg-Hannover. Au\u00dferdem bietet der Metronom eine gerne genutzte Regionallinie an. <\/p>\n<h3>Winsen (Luhe) \u2013 Stadt mit Herz<\/h3>\n<p>Menschen, die das etwas \u00fcbersichtlichere Leben in einer kleinen Gemeinde der Hektik einer Metropole vorziehen, finden in Winsen (Luhe) hervorragende Bedingungen vor. Die Infrastruktur in Winsen (Luhe) ist stimmig! Exquisite Einkaufsm\u00f6glichkeiten, ein mehr als befriedigendes Sport- und Freizeitangebot und eine bet\u00f6rende Umgebung sind Pluspunkte, die Winsen (Luhe) auf der Habenseite eintragen kann. Auch Familien wertsch\u00e4tzen die Stadt: S\u00e4mtliche Schulformen sowie eine gen\u00fcgende Zahl an Kitas stehen in Winsen (Luhe) zur Verf\u00fcgung. <\/p>\n<h4>Hohe Qualit\u00e4t f\u00fcr Kunden aus Winsen (Luhe)<\/h4>\n<p>Klasse, dass Sie diese Seite gefunden haben. Wenn Sie eine erfahrene Fachfirma suchen, sind Sie bei uns genau richtig. Sie m\u00f6chten mehr \u00fcber uns erfahren? F\u00fcr R\u00fcckfragen stehen wir Ihnen jederzeit zur Verf\u00fcgung. Unser engagiertes Team freut sich auf Sie.<\/p>","popseo_zusatztext":"<h3>Keine Angst vor hohen Kosten<\/h3>\n<p>Sie haben Interesse an Trocknungs- oder Sanierungsarbeiten und m\u00f6chten gerne ein individuelles Angebot, das eine qualitativ gute Arbeit garantiert, gleichwohl die Kosten im Blick hat. Toll, in diesem Fall sind Sie bei uns genau richtig. Als Handwerksbetrieb f\u00fcr Kellersanierung, Schimmelbeseitigung und Geb\u00e4udeabdichtung verarbeiten wir nur exzellente Materialien. Gleichwohl schauen wir immer auf die Kosten, die nat\u00fcrlich nicht zu hoch sein sollen. Wir m\u00f6chten Ihnen beste Qualit\u00e4t anbieten, die zugleich auch die Kosten im Blick hat. Bei uns stimmen Kosten und Leistung: Schon seit etlichen Jahren sind wir Ihr qualifizierter Partner f\u00fcr Trocknungs- und Sanierungsarbeiten in Norddeutschland. Unser Firmensitz befindet sich verkehrsg\u00fcnstig in Brietlingen bei L\u00fcndeburg. Die Kosten stets vor Augen: Wir bieten Ihnen eine fachm\u00e4nnisch ausgef\u00fchrte Sanierungsarbeit nach dem jeweils neuesten Stand der Technik.<\/p>\n<h3>Hochwertige Arbeit, geringe Kosten!<\/h3>\n<p>D\u00fcrfen wir Sie beraten, wie Sie die Kosten f\u00fcr eine Sanierung senken k\u00f6nnen? Toll, dann warten Sie bitte nicht und nehmen am besten noch heute Kontakt mit uns auf. Ein kurzer Telefonanruf oder eine kurze Email gen\u00fcgen. Die fachm\u00e4nnische Beratung ist gleicherma\u00dfen wichtig wie die korrekte Ausf\u00fchrung der entprechenden Arbeiten. Unsere fachliche Beratung ist nat\u00fcrlich v\u00f6llig unverbindlich. Hochwertige Arbeit bei niedrigen Kosten: Wir empfehlen uns als spezialisiertes Fachunternehmen im Norden. Unsere langj\u00e4hrige Erfahrung spricht f\u00fcr uns.<br \/>\nMinimieren Sie die Kosten f\u00fcr Ihre Geb\u00e4udesanierung: Vertrauen Sie den Spezialisten der Firma Keul.<\/p>","popseo_links":"<a href=\"https:\/\/bautenschutz-keul.de\/angebote\/bauwerksabdichtung-buechen\/\">Bauwerksabdichtung B\u00fcchen<\/a>, <a href=\"https:\/\/bautenschutz-keul.de\/angebote\/schimmelsanierung-winsen-luhe\/\">Schimmelsanierung Winsen Luhe<\/a>, <a href=\"https:\/\/bautenschutz-keul.de\/angebote\/aufsteigende-feuchtigkeit-glinde-sachsenwald\/\">aufsteigende Feuchtigkeit Glinde Sachsenwald<\/a>, <a href=\"https:\/\/bautenschutz-keul.de\/angebote\/aussenabdichtung-geesthacht\/\">Au\u00dfenabdichtung Geesthacht<\/a>, <a href=\"https:\/\/bautenschutz-keul.de\/angebote\/feuchtigkeit-bardowick\/\">Feuchtigkeit Bardowick<\/a>, <a href=\"https:\/\/bautenschutz-keul.de\/angebote\/rissverpressung-bienenbuettel\/\">Rissverpressung Bienenb\u00fcttel<\/a>, <a href=\"https:\/\/bautenschutz-keul.de\/angebote\/feuchtigkeitsschaden-stelle\/\">Feuchtigkeitsschaden Stelle<\/a>, <a href=\"https:\/\/bautenschutz-keul.de\/angebote\/rissverpressung-bispingen\/\">Rissverpressung Bispingen<\/a>, <a href=\"https:\/\/bautenschutz-keul.de\/angebote\/aussenabdichtung-amt-neuhaus\/\">Au\u00dfenabdichtung Amt Neuhaus<\/a>, <a href=\"https:\/\/bautenschutz-keul.de\/angebote\/horizontalsperre-geesthacht\/\">Horizontalsperre Geesthacht<\/a>, <a href=\"https:\/\/bautenschutz-keul.de\/angebote\/schimmel-amt-neuhaus\/\">Schimmel Amt Neuhaus<\/a>, <a href=\"https:\/\/bautenschutz-keul.de\/angebote\/aussenabdichtung-herzogtum-lauenburg\/\">Au\u00dfenabdichtung Herzogtum Lauenburg<\/a>, <a href=\"https:\/\/bautenschutz-keul.de\/angebote\/innenabdichtung-jesteburg\/\">Innenabdichtung Jesteburg<\/a>, <a href=\"https:\/\/bautenschutz-keul.de\/angebote\/innenabdichtung-herzogtum-lauenburg\/\">Innenabdichtung Herzogtum Lauenburg<\/a>, <a href=\"https:\/\/bautenschutz-keul.de\/angebote\/feuchte-wand-bad-bevensen\/\">Feuchte Wand Bad Bevensen<\/a>, <a href=\"https:\/\/bautenschutz-keul.de\/angebote\/feuchte-mauer-geesthacht\/\">Feuchte Mauer Geesthacht<\/a>, <a href=\"https:\/\/bautenschutz-keul.de\/angebote\/bauwerksabdichtung-bienenbuettel\/\">Bauwerksabdichtung Bienenb\u00fcttel<\/a>, <a href=\"https:\/\/bautenschutz-keul.de\/angebote\/feuchter-keller-brietlingen\/\">Feuchter Keller Brietlingen<\/a>, <a href=\"https:\/\/bautenschutz-keul.de\/angebote\/horizontalsperre-jesteburg\/\">Horizontalsperre Jesteburg<\/a>, <a href=\"https:\/\/bautenschutz-keul.de\/angebote\/schimmel-jesteburg\/\">Schimmel Jesteburg<\/a>, <a href=\"https:\/\/bautenschutz-keul.de\/angebote\/feuchtigkeitsschaden-herzogtum-lauenburg\/\">Feuchtigkeitsschaden Herzogtum Lauenburg<\/a>, <a href=\"https:\/\/bautenschutz-keul.de\/angebote\/schimmelbeseitigung-bienenbuettel\/\">Schimmelbeseitigung Bienenb\u00fcttel<\/a>, <a href=\"https:\/\/bautenschutz-keul.de\/angebote\/schimmel-reppenstedt\/\">Schimmel Reppenstedt<\/a>, <a href=\"https:\/\/bautenschutz-keul.de\/angebote\/feuchte-mauer-schwarzenbek\/\">Feuchte Mauer Schwarzenbek<\/a>, <a href=\"https:\/\/bautenschutz-keul.de\/angebote\/zerstoerter-putz-herzogtum-lauenburg\/\">zerst\u00f6rter Putz Herzogtum Lauenburg<\/a>, <a href=\"https:\/\/bautenschutz-keul.de\/angebote\/schimmelbeseitigung-schwarzenbek\/\">Schimmelbeseitigung Schwarzenbek<\/a>, <a href=\"https:\/\/bautenschutz-keul.de\/angebote\/bauwerksabdichtung-stelle\/\">Bauwerksabdichtung Stelle<\/a>, <a href=\"https:\/\/bautenschutz-keul.de\/angebote\/salpeter-im-keller-adendorf\/\">Salpeter im Keller Adendorf<\/a>"},"_links":{"self":[{"href":"https:\/\/bautenschutz-keul.de\/angebote\/wp-json\/wp\/v2\/pages\/417","targetHints":{"allow":["GET"]}}],"collection":[{"href":"https:\/\/bautenschutz-keul.de\/angebote\/wp-json\/wp\/v2\/pages"}],"about":[{"href":"https:\/\/bautenschutz-keul.de\/angebote\/wp-json\/wp\/v2\/types\/page"}],"author":[{"embeddable":true,"href":"https:\/\/bautenschutz-keul.de\/angebote\/wp-json\/wp\/v2\/users\/1"}],"replies":[{"embeddable":true,"href":"https:\/\/bautenschutz-keul.de\/angebote\/wp-json\/wp\/v2\/comments?post=417"}],"version-history":[{"count":0,"href":"https:\/\/bautenschutz-keul.de\/angebote\/wp-json\/wp\/v2\/pages\/417\/revisions"}],"wp:attachment":[{"href":"https:\/\/bautenschutz-keul.de\/angebote\/wp-json\/wp\/v2\/media?parent=417"}],"curies":[{"name":"wp","href":"https:\/\/api.w.org\/{rel}","templated":true}]}}