{"id":420,"date":"2021-09-13T08:44:08","date_gmt":"2021-09-13T06:44:08","guid":{"rendered":"https:\/\/bautenschutz-keul.de\/angebote\/kellertrockenlegung-amt-neuhaus\/"},"modified":"2021-09-13T08:44:08","modified_gmt":"2021-09-13T06:44:08","slug":"kellertrockenlegung-amt-neuhaus","status":"publish","type":"page","link":"https:\/\/bautenschutz-keul.de\/angebote\/kellertrockenlegung-amt-neuhaus\/","title":{"rendered":"Kellertrockenlegung &#8211; Amt Neuhaus"},"content":{"rendered":"<h3>Fragen Sie den Fachbetrieb in Sachen Kellertrockenlegung!<\/h3>\n<p>Ein fortw\u00e4hrend durchfeuchter Keller kann die Substanz eines Bauwerkes erheblich beeinflussen. Und nicht nur das: Selbst Gesundheitsbeeintr\u00e4chtigungen<br \/>\ndurch feuchte Hausbereiche sind nicht auszuschlie\u00dfen. Besonders die von drau\u00dfen einsickernde Feuchtigkeit ist ein schwerwiegendes Problem, das man nicht herunterspielen sollte. Bei akuten und weitreichenden Durchfeuchtungen ist eine fachgerecht ausgef\u00fchrte Kellertrockenlegung zumeist unausweichlich. Bevor man aber eine Kellertrockenlegung in Angriff nimmt, ist es erst einmal wichtig, zu kl\u00e4ren, aus welchen Gr\u00fcnden es eigentlich zu einer Durchfeuchtung gekommen ist. Aufwand und Methoden, die der Experte f\u00fcr die nachhaltige Kellertrockenlegung r\u00e4t, h\u00e4ngen nicht zuletzt von der eigentlichen Ursache ab. Eine por\u00f6se Leitung oder auch eine nur unzureichend isolierte Wand<br \/>\nzieht einen anderen Sanierungsaufwand nach sich, als es beispielsweise eine Durchfeuchtung durch einen gestiegenen Grundwasserpegel tut. Es stellt sich demnach die Frage, ob die Kellertrockenlegung durch ein zeitweiliges Problem n\u00f6tig wird beziehungsweise ob der Grund z.B. in der Substanz zu lokalisieren ist.<\/p>\n<h3>Kellertrockenlegung: Wir helfen schnell und kompetent!<\/h3>\n<p>Um die geeigneteste Art der Kellertrockenlegung zu ermitteln, ist es anzuraten, dass der Mangel durch einen Spezialisten analysiert wird. Nur allein der Sachverst\u00e4ndige kennt die diversen Ma\u00dfnahmen einer Kellertrockenlegung und beurteilt die verschiedenen Verfahren sowohl aus einer fachlichen wie auch aus einer \u00f6konomischen Sichtweise. Sollte in Ihrem Geb\u00e4ude eine Kellertrockenlegung notwendig sein, so machen Sie bitte gleich einmal einen Termin mit einem unserer Fachleute. Im Rahmen einer Ortsbegehung ermitteln wir den optimalen Instandsetzungsbedarf, erl\u00e4utern die diversen M\u00f6glichkeiten und berechnen die zu erwartenden Aufwendungen. Je nach Bedarf k\u00f6nnen unterschiedliche Arten und Anwendungen der Kellertrockenlegung n\u00f6tig werden. Gern informieren wir Sie \u00fcber die Methoden, die wir raten.<\/p>\n","protected":false},"excerpt":{"rendered":"<p>Fragen Sie den Fachbetrieb in Sachen Kellertrockenlegung! Ein fortw\u00e4hrend durchfeuchter Keller kann die Substanz eines Bauwerkes erheblich beeinflussen. Und nicht nur das: Selbst Gesundheitsbeeintr\u00e4chtigungen durch feuchte Hausbereiche sind nicht auszuschlie\u00dfen. Besonders die von drau\u00dfen einsickernde Feuchtigkeit ist ein schwerwiegendes Problem, das man nicht herunterspielen sollte. Bei akuten und weitreichenden Durchfeuchtungen ist eine fachgerecht ausgef\u00fchrte Kellertrockenlegung [&hellip;]<\/p>\n","protected":false},"author":1,"featured_media":0,"parent":0,"menu_order":0,"comment_status":"closed","ping_status":"closed","template":"","meta":{"footnotes":""},"class_list":["post-420","page","type-page","status-publish","hentry"],"meta_box":{"popseo_subtitel":"Wir sind Ihr erfahrener Fachbetrieb f\u00fcr eine Kellertrockenlegung im Raum Amt Neuhaus","popseo_subtitel2":"Kellertrockenlegung - unsere Fachleute beraten Sie gerne","popseo_lasttitel":"Kellertrockenlegung: Treten Sie in Kontakt mit uns!","popseo_region":"Amt Neuhaus","popseo_sachwort":"Kellertrockenlegung","popseo_noupdate":"","popseo_einleitungstext":"<p>Sie haben sich mit der Bauwerksabdichtung auseinandergesetzt, da Ihr Wohn- oder Gesch\u00e4ftshaus feuchte Geb\u00e4udeteile aufweist und Sie nach Methoden einer wirkungsvollen und professionellen Sanierung Ausschau halten. Prima, dass Sie unsere Website gefunden haben. Nachfolgend m\u00f6chten wir Ihnen einige Informationen zu unserem Leistungsangebot geben. Sie lernen auf dieser Internetseite unsere Firma n\u00e4her kennen. <\/p>\n<p>Unser Unternehmen ist ein spezialisierter und erfahrener Fachbetrieb mit Sitz in Brietlingen bei L\u00fcneburg. Seit vielen Jahren schon sind wir Ihr Spezialist f\u00fcr alle auftretenden Fragen rund um die Bauwerksabdichtung. Wir setzen ausschlie\u00dflich praxisbew\u00e4hrte und effektive Sanierungssysteme und -methoden ein. Als Sanierungsfachbetrieb schauen wir auf eine lange Berufserfahrung zur\u00fcck. Unsere versierten Fachkr\u00e4fte informieren Sie mit Vergn\u00fcgen im Detail.<\/p>","popseo_schlusstext":"<p>Wenn Sie ein erfahrenes Unternehmen f\u00fcr zeitgem\u00e4\u00dfe Innen- und Au\u00dfenabdichtung suchen, sind Sie bei uns an der richtigen Adresse. Sie m\u00f6chten mehr \u00fcber uns erfahren? Als auf Sanierung spezialisierte Handwerksfirma sind wir f\u00fcr Ihr Vorhaben der optimale Partner und freuen uns \u00fcber Ihre Anfrage, ganz gleich ob durch Griff zum Telefonh\u00f6rer oder E-Mail. Worauf Sie neben Fachwissen setzen d\u00fcrfen: Unser Expertenteam ist immer mit Elan und viel Motivation bei der Sache. Wir freuen uns, wenn wir ihnen helfen k\u00f6nnen!<\/p>","popseo_stadttext":"<h3>Leben und Wohnen im Amt Neuhaus<\/h3>\n<p>Durch unsere Gesch\u00e4ftst\u00e4tigkeit haben wir uns einen ausgezeichneten \u00dcberblick \u00fcber die Stadtarchitektur der St\u00e4dte und Gemeinden unseres Einzugsbereiches erarbeiten k\u00f6nnen. Nat\u00fcrlich z\u00e4hlt auch das Amt Neuhaus zu unserem unmittelbaren Vertriebsgebiet. Sie kommen aus Dellien, Haar, Kaar\u00dfen, Neuhaus, Stapel, Sumte oder Tripkau und sind hier im Internet auf unsere Homepage gesto\u00dfen? Das finden wir klasse. Sehr gerne pr\u00e4sentieren wir Ihnen unser komplettes Leistungsspektrum und beantworten Ihre Fragen. Wir freuen uns darauf, mit Ihnen in Kontakt zu kommen. <\/p>\n<h2>Einige Details \u00fcber das Amt Neuhaus:<\/h2>\n<p>Das Amt Neuhaus geh\u00f6rt juristisch zum Kreis L\u00fcneburg. In Summe leben etwas weniger als 5.000 registrierte Einwohner in der Region. Gut 237 km\u00b2 umfasst das gesamte Gebiet. Das Amt Neuhaus ist verkehrstechnisch hervorragend angeschlossen und \u00fcberzeugt durch eine gute Infrastruktur. Wegen der expornierten Lage ist das Amt Neuhaus besonders bei Pendlern wohlgelitten. Sowohl Hamburg, Hannover als auch L\u00fcneburg sind schnell erreicht. Das gesamte Areal des Amtes zeichnet sich durch eine wirklich wunderbare Wohn- und Lebensqualit\u00e4t aus. Die insbesondere als Wohnstatt begehrte Ortschaften sind speziell auch f\u00fcr junge Familien mit Kindern eine gute Wahl. Das Amt Neuhaus verbindet durch seine Lage auf eine nette Art und Weise urbanes Leben mit dem eher \u00fcberschaubaren Erscheinungsbild eines Au\u00dfenbezirkes. F\u00fcr die Gr\u00f6\u00dfe des Amtes erstaunlich viele Freizeit- und Sportm\u00f6glichkeiten und eine landschaftlich ansprechende Umgebung kennzeichnen die Region. Die Bebauungsausstruktur im Amt Neuhaus wird dominiert von einer angenehmen Einzelhausbebauung. <\/p>\n<h4>Hohe Qualit\u00e4t f\u00fcr Kunden aus dem Amt Neuhaus<\/h4>\n<p>Sie kommen aus Haar, Dellien, Kaar\u00dfen, Neuhaus, Sumte, Stapel oder Tripkau, interessieren sich f\u00fcr unser Leistungsangebot und sind hier im Internet auf unsere Homepage gesto\u00dfen? Das freut uns sehr. Gerne pr\u00e4sentieren wir Ihnen unser komplettes Angebotsspektrum und beantworten Ihre Fragen. Auf den Kontakt zu Ihnen freuen wir uns.<\/p>","popseo_zusatztext":"<h3>Hohe Kosten bei der Bauwerksabdichtung m\u00fcssen nicht sein<\/h3>\n<p>Sie sind interessiert an Trocknungs- oder Sanierungsarbeiten und w\u00fcnschen sich ein entsprechendes Angebot, das eine qualitativ gute Arbeit garantiert, gleichzeitig aber keine hohen Kosten verursacht. Super, dann sind Sie bei uns genau richtig. Als Fachbetrieb f\u00fcr Bauwerksabdichtung, Schimmelbeseitigung und Kellersanierung verwenden wir ausschlie\u00dflich hochwertige Materialien. Trotzdem schauen wir nat\u00fcrlich auf die Kosten, die selbstverst\u00e4ndlich \u00fcberschaubar bleiben sollen. Wir m\u00f6chten Ihnen Qualit\u00e4t anbieten, die trotzdem auch die Kosten im Blick hat. Bei uns stimmen Kosten und Qualit\u00e4t: Schon seit etlichen Jahren sind wir Ihr erfahrener Partner f\u00fcr Trocknungs- und Sanierungsarbeiten in Norddeutschland. Unser Gesch\u00e4ftssitz liegt verkehrsg\u00fcnstig in Brietlingen bei L\u00fcndeburg. Die Kosten stets vor Augen: Wir sorgen f\u00fcr eine professionell durchgef\u00fchrte Sanierungsarbeit nach dem stets aktuellsten Stand der Technik.<\/p>\n<h3>Die Kosten stets vor Augen<\/h3>\n<p>D\u00fcrfen wir Sie informieren, wie Sie die Kosten f\u00fcr eine Sanierung reduzieren? Super, dann warten Sie bitte nicht und nehmen am besten gleich heute Kontakt mit uns auf. Ein kurzer Anruf oder auch eine schnelle E-Mail gen\u00fcgen. Die gute Beratung ist ebenso wichtig wie die perfekte Ausf\u00fchrung der entprechenden Arbeiten. Unsere Beratung ist nat\u00fcrlich absolut unverbindlich. Qualit\u00e4tsbewusst bei moderaten Kosten: Wir empfehlen uns als spezialisiertes Fachunternehmen im Norden. Unsere jahrelange Erfahrung spricht f\u00fcr uns.<br \/>\nSenken Sie die Kosten f\u00fcr Ihr Sanierungsprojekt: Setzen Sie auf die Profis der Fachfirma Keul.<\/p>","popseo_links":"<a href=\"https:\/\/bautenschutz-keul.de\/angebote\/rissverpressung-bispingen\/\">Rissverpressung Bispingen<\/a>, <a href=\"https:\/\/bautenschutz-keul.de\/angebote\/kellerabdichtung-bad-bevensen\/\">Kellerabdichtung Bad Bevensen<\/a>, <a href=\"https:\/\/bautenschutz-keul.de\/angebote\/kellersanierung-bad-bevensen\/\">Kellersanierung Bad Bevensen<\/a>, <a href=\"https:\/\/bautenschutz-keul.de\/angebote\/schimmelbeseitigung-amelinghausen\/\">Schimmelbeseitigung Amelinghausen<\/a>, <a href=\"https:\/\/bautenschutz-keul.de\/angebote\/schimmelbeseitigung-bad-bevensen\/\">Schimmelbeseitigung Bad Bevensen<\/a>, <a href=\"https:\/\/bautenschutz-keul.de\/angebote\/rissverpressung-adendorf\/\">Rissverpressung Adendorf<\/a>, <a href=\"https:\/\/bautenschutz-keul.de\/angebote\/feuchte-wand-lueneburg\/\">Feuchte Wand L\u00fcneburg<\/a>, <a href=\"https:\/\/bautenschutz-keul.de\/angebote\/feuchtigkeitsschaden-lueneburg\/\">Feuchtigkeitsschaden L\u00fcneburg<\/a>, <a href=\"https:\/\/bautenschutz-keul.de\/angebote\/feuchtigkeit-bienenbuettel\/\">Feuchtigkeit Bienenb\u00fcttel<\/a>, <a href=\"https:\/\/bautenschutz-keul.de\/angebote\/horizontalsperre-harburg\/\">Horizontalsperre Harburg<\/a>, <a href=\"https:\/\/bautenschutz-keul.de\/angebote\/schimmelsanierung-hanstedt\/\">Schimmelsanierung Hanstedt<\/a>, <a href=\"https:\/\/bautenschutz-keul.de\/angebote\/innenabdichtung-bispingen\/\">Innenabdichtung Bispingen<\/a>, <a href=\"https:\/\/bautenschutz-keul.de\/angebote\/salpeter-im-keller-bispingen\/\">Salpeter im Keller Bispingen<\/a>, <a href=\"https:\/\/bautenschutz-keul.de\/angebote\/zerstoerter-putz-stelle\/\">zerst\u00f6rter Putz Stelle<\/a>, <a href=\"https:\/\/bautenschutz-keul.de\/angebote\/aussenabdichtung-schwarzenbek\/\">Au\u00dfenabdichtung Schwarzenbek<\/a>, <a href=\"https:\/\/bautenschutz-keul.de\/angebote\/salpeter-im-keller-seevetal-rosengarten\/\">Salpeter im Keller Seevetal Rosengarten<\/a>, <a href=\"https:\/\/bautenschutz-keul.de\/angebote\/feuchte-mauer-reppenstedt\/\">Feuchte Mauer Reppenstedt<\/a>, <a href=\"https:\/\/bautenschutz-keul.de\/angebote\/feuchter-keller-brietlingen\/\">Feuchter Keller Brietlingen<\/a>, <a href=\"https:\/\/bautenschutz-keul.de\/angebote\/feuchtigkeit-adendorf\/\">Feuchtigkeit Adendorf<\/a>, <a href=\"https:\/\/bautenschutz-keul.de\/angebote\/aussenabdichtung-bardowick\/\">Au\u00dfenabdichtung Bardowick<\/a>, <a href=\"https:\/\/bautenschutz-keul.de\/angebote\/feuchter-keller-schwarzenbek\/\">Feuchter Keller Schwarzenbek<\/a>, <a href=\"https:\/\/bautenschutz-keul.de\/angebote\/feuchte-mauer-bad-bevensen\/\">Feuchte Mauer Bad Bevensen<\/a>, <a href=\"https:\/\/bautenschutz-keul.de\/angebote\/feuchte-wand-adendorf\/\">Feuchte Wand Adendorf<\/a>, <a href=\"https:\/\/bautenschutz-keul.de\/angebote\/schimmelbeseitigung-schwarzenbek\/\">Schimmelbeseitigung Schwarzenbek<\/a>, <a href=\"https:\/\/bautenschutz-keul.de\/angebote\/zerstoerter-putz-boizenburg\/\">zerst\u00f6rter Putz Boizenburg<\/a>, <a href=\"https:\/\/bautenschutz-keul.de\/angebote\/schimmel-uelzen\/\">Schimmel Uelzen<\/a>, <a href=\"https:\/\/bautenschutz-keul.de\/angebote\/feuchtigkeit-hanstedt\/\">Feuchtigkeit Hanstedt<\/a>, <a href=\"https:\/\/bautenschutz-keul.de\/angebote\/schimmel-maschen\/\">Schimmel Maschen<\/a>"},"_links":{"self":[{"href":"https:\/\/bautenschutz-keul.de\/angebote\/wp-json\/wp\/v2\/pages\/420","targetHints":{"allow":["GET"]}}],"collection":[{"href":"https:\/\/bautenschutz-keul.de\/angebote\/wp-json\/wp\/v2\/pages"}],"about":[{"href":"https:\/\/bautenschutz-keul.de\/angebote\/wp-json\/wp\/v2\/types\/page"}],"author":[{"embeddable":true,"href":"https:\/\/bautenschutz-keul.de\/angebote\/wp-json\/wp\/v2\/users\/1"}],"replies":[{"embeddable":true,"href":"https:\/\/bautenschutz-keul.de\/angebote\/wp-json\/wp\/v2\/comments?post=420"}],"version-history":[{"count":0,"href":"https:\/\/bautenschutz-keul.de\/angebote\/wp-json\/wp\/v2\/pages\/420\/revisions"}],"wp:attachment":[{"href":"https:\/\/bautenschutz-keul.de\/angebote\/wp-json\/wp\/v2\/media?parent=420"}],"curies":[{"name":"wp","href":"https:\/\/api.w.org\/{rel}","templated":true}]}}