{"id":422,"date":"2021-09-13T08:44:08","date_gmt":"2021-09-13T06:44:08","guid":{"rendered":"https:\/\/bautenschutz-keul.de\/angebote\/kellertrockenlegung-bardowick\/"},"modified":"2021-09-13T08:44:08","modified_gmt":"2021-09-13T06:44:08","slug":"kellertrockenlegung-bardowick","status":"publish","type":"page","link":"https:\/\/bautenschutz-keul.de\/angebote\/kellertrockenlegung-bardowick\/","title":{"rendered":"Kellertrockenlegung &#8211; Bardowick"},"content":{"rendered":"<h3>Kellertrockenlegung: Unser Unternehmen k\u00fcmmert sich darum!<\/h3>\n<p>Ein dauerhaft durchfeuchter Keller kann die Substanz eines Bauwerkes erheblich verschlechtern. Und nicht nur das: Sogar Gesundheitsgefahren<br \/>\ndurch durchfeuchtete Geb\u00e4udeteile sind nicht auszuschlie\u00dfen. Ganz besonders die von drau\u00dfen einsickernde N\u00e4sse ist ein ernsthaftes Problem, das man nicht auf die leichte Schulter nehmen sollte. Bei brisanten und weitreichenden Durchfeuchtungen ist eine professionell ausgef\u00fchrte Kellertrockenlegung in der Regel zwingend notwendig. Bevor man aber eine Kellertrockenlegung beginnt, ist es erst einmal wichtig, zu ergr\u00fcnden, aus welchen Ursachen es eigentlich zu einer Durchn\u00e4ssung gekommen ist. Aufwand und Vorgehensweisen, die der Profi f\u00fcr die anhaltende Kellertrockenlegung empfiehlt, h\u00e4ngen nicht letztlich von der eigentlichen Ursache ab. Eine por\u00f6se Wasserleitung oder eine nur unzureichend ged\u00e4mmte Wand<br \/>\nzieht einen anderen Sanierungsaufwand nach sich, als es z.B. eine Durchfeuchtung durch einen erh\u00f6hten Wasserspiegel tut. Es stellt sich demnach die Frage, ob die Kellertrockenlegung durch ein vor\u00fcbergehendes Problem n\u00f6tig wird oder ob die Ursache beispielsweise in der Substanz zu lokalisieren ist.<\/p>\n<h3>Kellertrockenlegung: Wir helfen schnell und kompetent!<\/h3>\n<p>Um die geeigneteste Art der Kellertrockenlegung zu ermitteln, ist es ratsam, dass der Schaden durch einen Experten analysiert wird. Einzig der Experte kennt die verschiedenen Ma\u00dfnahmen einer Kellertrockenlegung und betrachtet die verschiedenen Verfahren sowohl aus einer handwerklichen wie auch aus einer \u00f6konomischen Sichtweise. Sollte in Ihrem Privat- oder Gesch\u00e4ftsgeb\u00e4ude eine Kellertrockenlegung notwendig sein, so machen Sie bitte gleich einen Termin mit einem unserer Profis. Bei einer Ortsbesichtigung ermitteln wir den optimalen Reparaturbedarf, erkl\u00e4ren die verschiedenen Methoden und sch\u00e4tzen die zu veranschlagenden Kosten. Bedarfsabh\u00e4ngig k\u00f6nnen unterschiedliche Arten und Methoden der Kellertrockenlegung notwendig werden. Gerne informieren wir Sie \u00fcber die Ma\u00dfnahmen, die wir empfehlen.<\/p>\n","protected":false},"excerpt":{"rendered":"<p>Kellertrockenlegung: Unser Unternehmen k\u00fcmmert sich darum! Ein dauerhaft durchfeuchter Keller kann die Substanz eines Bauwerkes erheblich verschlechtern. Und nicht nur das: Sogar Gesundheitsgefahren durch durchfeuchtete Geb\u00e4udeteile sind nicht auszuschlie\u00dfen. Ganz besonders die von drau\u00dfen einsickernde N\u00e4sse ist ein ernsthaftes Problem, das man nicht auf die leichte Schulter nehmen sollte. Bei brisanten und weitreichenden Durchfeuchtungen ist [&hellip;]<\/p>\n","protected":false},"author":1,"featured_media":0,"parent":0,"menu_order":0,"comment_status":"closed","ping_status":"closed","template":"","meta":{"footnotes":""},"class_list":["post-422","page","type-page","status-publish","hentry"],"meta_box":{"popseo_subtitel":"Die Firma TK-Geb\u00e4udetechnik Thorsten Keul ist Ihr Fachbetrieb f\u00fcr eine Kellertrockenlegung in Bardowick","popseo_subtitel2":"Kellertrockenlegung - unsere Fachleute beraten Sie gerne","popseo_lasttitel":"Kellertrockenlegung: Wir informieren Sie gerne auch pers\u00f6nlich!","popseo_region":"Bardowick","popseo_sachwort":"Kellertrockenlegung","popseo_noupdate":"","popseo_einleitungstext":"<p>Sie wollen Ihre Immobilie sanieren lassen interessieren sich f\u00fcr Sanierungsmethoden und Abdichtungssysteme? Klasse, dann sind Sie bei uns genau richtig. Als auf die Sanierung fokussiertes Unternehmen, \u00fcbernehmen wir gerne Arbeiten im Bereich Trockenlegung und Abdichtung.  <\/p>\n<p>Erfahren sind wir bei der Bauwerksabdichtung und au\u00dferdem bei der Kellersanierung, der Rissverpressung und der Schimmelbek\u00e4mpfung. Wir kennen uns mit der zeitgem\u00e4\u00dfen Sanierung von Bestandsimmobilien und Neubauten bestens aus. Auf unserer Website stellen wir Ihnen unsere Firma und das gesamte Leistungsprogramm n\u00e4her vor. Ihr Interesse freut uns sehr.<\/p>","popseo_schlusstext":"<p>Sie ben\u00f6tigen einen Experten f\u00fcr die fachgerechte Abdichtung und Sanierung Ihrer Immobilie. Klasse, dass Sie auf uns aufmerksam geworden sind. Worauf Sie neben unserer Fachkompetenz setzen d\u00fcrfen: Unsere erfahrenen Spezialisten arbeiten motiviert und gewissenhaft f\u00fcr Ihren Erfolg. Wir freuen uns sehr, wenn wir Sie in einem unverbindlichen Kundengespr\u00e4ch \u00fcber die zahlreichen M\u00f6glichkeiten, die sich Ihnen bieten, informieren d\u00fcrfen. Schreiben Sie uns einfach eine Mail oder rufen Sie uns an. Wir freuen uns auf Sie!<\/p>","popseo_stadttext":"<h3>Wir freuen uns \u00fcber zufriedene Kunden aus Bardowick<\/h3>\n<p>Bardowick ist ein Flecken in der unmittelbaren Nachbarschaft von L\u00fcneburg und Winsen (Luhe. Formell z\u00e4hlt die Gemeinde zum Kreis L\u00fcneburg. Bardowick hat etwa 7.000 gemeldete B\u00fcrger und streckt sich \u00fcber eine Gesamtfl\u00e4che von etwa 23 Quadratkilometer. Die Gemeinde ist Verwaltungssitz der Samtgemeinde Bardowick, einer Vereinigung von sieben kleineren Orten \u2013 neben Bardowick selbst sind dies Barum, Handorf, Radbruch, Mechtersen, V\u00f6gelsen und Wittorf. Die Samtgemeinde z\u00e4hlt insgesamt knapp 18.000 Einwohner und streckt sich \u00fcber eine Fl\u00e4che von etwas mehr als 100 Quadratkilometern.<\/p>\n<p>Durch unsere Gesch\u00e4ftst\u00e4tigkeit haben wir uns einen sehr guten \u00dcberblick \u00fcber die Architektur der Gemeinden und St\u00e4dte unseres Einzugsbereiches machen k\u00f6nnen. Sie kommen aus der Samtgemeinde Bardowick und sind hier im Internet auf unsere Website gesto\u00dfen? Das finden wir klasse. Sehr gerne pr\u00e4sentieren wir Ihnen unser gesamtes Leistungsspektrum und beantworten Ihre Fragen. Wir freuen uns darauf, mit Ihnen ins Gespr\u00e4ch zu treten. <\/p>\n<h3>Ein paar Hintergrundinformationen zu Bardowick<\/h3>\n<p>Die \u00d6konomie von Bardowick wird gepr\u00e4gt von kleinen Unternehmen.  Mittelpunkt ist die Landwirtschaft, hier speziell der M\u00f6hren- und Spargelanbau. Jedes Jahr wird in der Gemeinde aus diesem Grund auch die sogenannte Wurzelk\u00f6nigin gew\u00e4hlt \u2013 ein Titel, der wahrscheinlich einmalig ist. Hinsichtlich der Verkehrssituation ist der Flecken Bardowick gut zu erreichen: In direkter N\u00e4he des Gemeindegebietes liegt eine Zufahrt zur BAB 39 in Richtung Hamburg. Des Weiteren erreicht man den Ort mit der Bahn auf der Strecke Hamburg-Hannover. Bardowick ist ein attraktiver Ort mit einem bukolischem Flair. Der charmante Flecken ist eine familienfreundliche Ortschaft und bietet den Einwohnern ein besonders interessantes Umfeld zum Arbeiten und Leben.       <\/p>\n<h4>Unsere Leistung f\u00fcr qualit\u00e4tsbewusste Kunden aus Bardowick<\/h4>\n<p>Sie leben in Bardowick, Barum, Handorf, Radbruch, Mechtersen, V\u00f6gelsen oder Wittorf und interessieren sich f\u00fcr unser Angebot. Toll, das Sie unsere Internetseite entdeckt haben. F\u00fcr R\u00fcckfragen stehen wir Ihnen jederzeit zur Verf\u00fcgung. Auf den Kontakt zu Ihnen freuen wir uns.<\/p>","popseo_zusatztext":"<h3>Hohe Kosten bei der Bauwerksabdichtung m\u00fcssen nicht sein<\/h3>\n<p>Sie sind interessiert an Trocknungs- oder Sanierungsarbeiten und m\u00f6chten gerne ein entsprechendes Angebot, das eine handwerklich gute Arbeit garantiert, gleichzeitig aber keine hohen Kosten verursacht. Super, dann sind Sie bei uns an der richtigen Adresse. Als Handwerksbetrieb f\u00fcr Kellersanierung, Schimmelbeseitigung und Geb\u00e4udeabdichtung verwenden wir ausnahmslos exzellente Materialien. Nichtsdestotrotz achten wir stets auf die Kosten, die nat\u00fcrlich nicht zu hoch sein sollen. Wir m\u00f6chten Ihnen Qualit\u00e4t anbieten, die gleichzeitig auch die Kosten im Blick hat. Bei uns stimmen Kosten und Qualit\u00e4t: Bereits seit vielen Jahren sind wir Ihr qualifizierter Partner f\u00fcr Trocknungs- und Sanierungsarbeiten in Norddeutschland. Unser Standort liegt verkehrsg\u00fcnstig in Brietlingen bei L\u00fcndeburg. Die Kosten stets im Blick: Wir stehen f\u00fcr eine professionell durchgef\u00fchrte Sanierungsarbeit nach dem stets derzeitigen Stand der Technik.<\/p>\n<h3>Kosten vs. Leistung: Eine Sanierung rechnet sich!<\/h3>\n<p>D\u00fcrfen wir Sie informieren, wie Sie die Kosten f\u00fcr eine Sanierung senken k\u00f6nnen? Klasse, dann z\u00f6gern Sie bitte nicht und nehmen am besten noch heute Kontakt mit uns auf. Ein kurzer Telefonanruf oder auch eine kurze Email gen\u00fcgen. Eine gute Beratung ist gleicherma\u00dfen wichtig wie die sachgem\u00e4\u00dfe Umsetzung der eigentlichen Arbeiten. Unsere Beratung ist selbstverst\u00e4ndlich absolut unverbindlich. Beste Qualit\u00e4t bei niedrigen Kosten: Wir empfehlen uns als spezialisiertes Fachunternehmen in Norddeutschland. Unsere jahrelange Erfahrung spricht f\u00fcr uns.<br \/>\nVerringern Sie die Kosten f\u00fcr Ihr Sanierungsprojekt: Vertrauen Sie den Spezialisten der Firma Keul.<\/p>","popseo_links":"<a href=\"https:\/\/bautenschutz-keul.de\/angebote\/horizontalsperre-salzhausen\/\">Horizontalsperre Salzhausen<\/a>, <a href=\"https:\/\/bautenschutz-keul.de\/angebote\/feuchtigkeitsschaden-bispingen\/\">Feuchtigkeitsschaden Bispingen<\/a>, <a href=\"https:\/\/bautenschutz-keul.de\/angebote\/innenabdichtung-reppenstedt\/\">Innenabdichtung Reppenstedt<\/a>, <a href=\"https:\/\/bautenschutz-keul.de\/angebote\/feuchte-wand-hanstedt\/\">Feuchte Wand Hanstedt<\/a>, <a href=\"https:\/\/bautenschutz-keul.de\/angebote\/innenabdichtung-adendorf\/\">Innenabdichtung Adendorf<\/a>, <a href=\"https:\/\/bautenschutz-keul.de\/angebote\/feuchtigkeit-jesteburg\/\">Feuchtigkeit Jesteburg<\/a>, <a href=\"https:\/\/bautenschutz-keul.de\/angebote\/schimmel-amt-neuhaus\/\">Schimmel Amt Neuhaus<\/a>, <a href=\"https:\/\/bautenschutz-keul.de\/angebote\/feuchtigkeitsschaden-ebstorf\/\">Feuchtigkeitsschaden Ebstorf<\/a>, <a href=\"https:\/\/bautenschutz-keul.de\/angebote\/bauwerksabdichtung-ebstorf\/\">Bauwerksabdichtung Ebstorf<\/a>, <a href=\"https:\/\/bautenschutz-keul.de\/angebote\/kellerabdichtung-bardowick\/\">Kellerabdichtung Bardowick<\/a>, <a href=\"https:\/\/bautenschutz-keul.de\/angebote\/salpeter-im-keller-bispingen\/\">Salpeter im Keller Bispingen<\/a>, <a href=\"https:\/\/bautenschutz-keul.de\/angebote\/aussenabdichtung-herzogtum-lauenburg\/\">Au\u00dfenabdichtung Herzogtum Lauenburg<\/a>, <a href=\"https:\/\/bautenschutz-keul.de\/angebote\/feuchtigkeitsschaden-hanstedt\/\">Feuchtigkeitsschaden Hanstedt<\/a>, <a href=\"https:\/\/bautenschutz-keul.de\/angebote\/bauwerksabdichtung-salzhausen\/\">Bauwerksabdichtung Salzhausen<\/a>, <a href=\"https:\/\/bautenschutz-keul.de\/angebote\/feuchtigkeitsschaden-reppenstedt\/\">Feuchtigkeitsschaden Reppenstedt<\/a>, <a href=\"https:\/\/bautenschutz-keul.de\/angebote\/feuchte-mauer-tostedt-sittensen\/\">Feuchte Mauer Tostedt Sittensen<\/a>, <a href=\"https:\/\/bautenschutz-keul.de\/angebote\/zerstoerter-putz-geesthacht\/\">zerst\u00f6rter Putz Geesthacht<\/a>, <a href=\"https:\/\/bautenschutz-keul.de\/angebote\/feuchtigkeitsschaden-uelzen\/\">Feuchtigkeitsschaden Uelzen<\/a>, <a href=\"https:\/\/bautenschutz-keul.de\/angebote\/feuchtigkeit-stelle\/\">Feuchtigkeit Stelle<\/a>, <a href=\"https:\/\/bautenschutz-keul.de\/angebote\/aussenabdichtung-bienenbuettel\/\">Au\u00dfenabdichtung Bienenb\u00fcttel<\/a>, <a href=\"https:\/\/bautenschutz-keul.de\/angebote\/feuchter-keller-bergedorf-wentorf\/\">Feuchter Keller Bergedorf Wentorf<\/a>, <a href=\"https:\/\/bautenschutz-keul.de\/angebote\/feuchte-mauer-boizenburg\/\">Feuchte Mauer Boizenburg<\/a>, <a href=\"https:\/\/bautenschutz-keul.de\/angebote\/horizontalsperre-jesteburg\/\">Horizontalsperre Jesteburg<\/a>, <a href=\"https:\/\/bautenschutz-keul.de\/angebote\/schimmel-bienenbuettel\/\">Schimmel Bienenb\u00fcttel<\/a>, <a href=\"https:\/\/bautenschutz-keul.de\/angebote\/innenabdichtung-tostedt-sittensen\/\">Innenabdichtung Tostedt Sittensen<\/a>, <a href=\"https:\/\/bautenschutz-keul.de\/angebote\/kellerabdichtung-ebstorf\/\">Kellerabdichtung Ebstorf<\/a>, <a href=\"https:\/\/bautenschutz-keul.de\/angebote\/zerstoerter-putz-bienenbuettel\/\">zerst\u00f6rter Putz Bienenb\u00fcttel<\/a>, <a href=\"https:\/\/bautenschutz-keul.de\/angebote\/mauertrockenlegung-stelle\/\">Mauertrockenlegung Stelle<\/a>"},"_links":{"self":[{"href":"https:\/\/bautenschutz-keul.de\/angebote\/wp-json\/wp\/v2\/pages\/422","targetHints":{"allow":["GET"]}}],"collection":[{"href":"https:\/\/bautenschutz-keul.de\/angebote\/wp-json\/wp\/v2\/pages"}],"about":[{"href":"https:\/\/bautenschutz-keul.de\/angebote\/wp-json\/wp\/v2\/types\/page"}],"author":[{"embeddable":true,"href":"https:\/\/bautenschutz-keul.de\/angebote\/wp-json\/wp\/v2\/users\/1"}],"replies":[{"embeddable":true,"href":"https:\/\/bautenschutz-keul.de\/angebote\/wp-json\/wp\/v2\/comments?post=422"}],"version-history":[{"count":0,"href":"https:\/\/bautenschutz-keul.de\/angebote\/wp-json\/wp\/v2\/pages\/422\/revisions"}],"wp:attachment":[{"href":"https:\/\/bautenschutz-keul.de\/angebote\/wp-json\/wp\/v2\/media?parent=422"}],"curies":[{"name":"wp","href":"https:\/\/api.w.org\/{rel}","templated":true}]}}