{"id":423,"date":"2021-09-13T08:44:08","date_gmt":"2021-09-13T06:44:08","guid":{"rendered":"https:\/\/bautenschutz-keul.de\/angebote\/kellertrockenlegung-bergedorf-wentorf\/"},"modified":"2021-09-13T08:44:08","modified_gmt":"2021-09-13T06:44:08","slug":"kellertrockenlegung-bergedorf-wentorf","status":"publish","type":"page","link":"https:\/\/bautenschutz-keul.de\/angebote\/kellertrockenlegung-bergedorf-wentorf\/","title":{"rendered":"Kellertrockenlegung &#8211; Bergedorf Wentorf"},"content":{"rendered":"<h3>Kellertrockenlegung: Unser Unternehmen k\u00fcmmert sich darum!<\/h3>\n<p>Ein fortw\u00e4hrend durchfeuchter Keller kann die Substanz eines Bauwerkes im starken Ma\u00dfe beeintr\u00e4chtigen. Und nicht nur das: Selbst Gesundheitsbeeintr\u00e4chtigungen<br \/>\ndurch durchfeuchtete Hausbereiche sind nicht auszuschlie\u00dfen. Insbesondere die von au\u00dfen eintretende N\u00e4sse ist ein gravierendes Problem, das man nicht untersch\u00e4tzen sollte. Bei akuten und weitreichenden Durchfeuchtungen ist eine fachm\u00e4nnisch umgesetzte Kellertrockenlegung in der Regel unausweichlich. Bevor man aber eine Kellertrockenlegung in Angriff nimmt, ist es erst einmal wichtig, zu ergr\u00fcnden, aus welchen Ursachen es \u00fcberhaupt zu einer Durchfeuchtung gekommen ist. Aufwand und Vorgehensweisen, die der Sachverst\u00e4ndige f\u00fcr die anhaltende Kellertrockenlegung empfiehlt, h\u00e4ngen nicht zuletzt von der eigentlichen Ursache ab. Eine defekte Abflu\u00dfleitung oder auch eine nur unzureichend isolierte Au\u00dfenwand<br \/>\nzieht einen anderen Sanierungsbedarf nach sich, als es zum Beispiel eine Durchsickerung durch einen erh\u00f6hten Grundwasserpegel tut. Es stellt sich demnach die Frage, ob die Kellertrockenlegung durch ein tempor\u00e4res Problem notwendig wird beziehungsweise ob die Ursache zum Beispiel in der Substanz zu lokalisieren ist.<\/p>\n<h3>Kellertrockenlegung: Wir helfen schnell und kompetent!<\/h3>\n<p>Um die optimalste Art der Kellertrockenlegung zu ermitteln, ist es empfehlenswert, dass der Mangel von einen Spezialisten analysiert wird. Nur allein der Sachverst\u00e4ndige kennt die verschiedenen Methoden einer Kellertrockenlegung und betrachtet die diversen Methoden sowohl aus einer handwerklichen als auch aus einer wirtschaftlichen Sicht. Sollte in Ihrem Haus eine Kellertrockenlegung von N\u00f6ten sein, so vereinbaren Sie bitte rasch einen Termin mit einem unserer Mitarbeiter. Bei einer Ortsbegehung sch\u00e4tzen wir den entsprechenden Instandsetzungsbedarf, erl\u00e4utern die unterschiedlichen M\u00f6glichkeiten und berechnen die zu veranschlagenden Kosten. Je nach Bedarf k\u00f6nnen diverse Arten und Methoden der Kellertrockenlegung notwendig werden. Gerne informieren wir Sie \u00fcber die Ma\u00dfnahmen, die wir empfehlen.<\/p>\n","protected":false},"excerpt":{"rendered":"<p>Kellertrockenlegung: Unser Unternehmen k\u00fcmmert sich darum! Ein fortw\u00e4hrend durchfeuchter Keller kann die Substanz eines Bauwerkes im starken Ma\u00dfe beeintr\u00e4chtigen. Und nicht nur das: Selbst Gesundheitsbeeintr\u00e4chtigungen durch durchfeuchtete Hausbereiche sind nicht auszuschlie\u00dfen. Insbesondere die von au\u00dfen eintretende N\u00e4sse ist ein gravierendes Problem, das man nicht untersch\u00e4tzen sollte. Bei akuten und weitreichenden Durchfeuchtungen ist eine fachm\u00e4nnisch umgesetzte [&hellip;]<\/p>\n","protected":false},"author":1,"featured_media":0,"parent":0,"menu_order":0,"comment_status":"closed","ping_status":"closed","template":"","meta":{"footnotes":""},"class_list":["post-423","page","type-page","status-publish","hentry"],"meta_box":{"popseo_subtitel":"Die Firma TK-Geb\u00e4udetechnik Thorsten Keul ist Ihr Fachanbieter f\u00fcr eine Kellertrockenlegung im Raum Bergedorf Wentorf","popseo_subtitel2":"Kellertrockenlegung f\u00fcr Immobilienbesitzer aus Norddeutschland","popseo_lasttitel":"Kellertrockenlegung: Wir beantworten Ihre Fragen!","popseo_region":"Bergedorf Wentorf","popseo_sachwort":"Kellertrockenlegung","popseo_noupdate":"","popseo_einleitungstext":"<p>Kellerr\u00e4ume, W\u00e4nde oder Mauern Ihres Wohn- oder Gesch\u00e4ftsgeb\u00e4udes weisen Durchfeuchtungen und damit einen echten Sanierungbedarf auf. Dann ist es h\u00f6chste Eisenbahn, sich \u00fcber eine qualifiziert ausgef\u00fchrte Trocknung Gedanken zu machen. Unser Handwerksbetrieb ist auf die Bauwerksabdichtung spezialisiert. Zu den Schwerpunkten unserer Firma z\u00e4hlen zum Beispiel die Bereiche Mauertrockenlegung, Schimmelbeseitigung und Kellerabdichtung. Der nachhaltigen Sanierung haben wir uns verschrieben. Wir beraten qualifiziert, wie Sie Ihre Immobilie preisg\u00fcnstig und umweltgerecht sanieren k\u00f6nnen. Ein paar erste Informationen dazu lesen Sie nachfolgend auf diesen Seiten.<\/p>","popseo_schlusstext":"<p>Wenn Sie mehr wissen m\u00f6chten, informieren wir Sie n\u00e4her \u00fcber unser Themengebiet. Wir nennen Ihnen mit Vergn\u00fcgen auch einige Referenzprojekte, die Ihnen einen Einblick in unsere Arbeit geben.<br \/>\nDie Fachleute der Firma Thorsten Keul sind gerne f\u00fcr Sie im Einsatz. Rufen Sie uns doch rasch einmal an oder schreiben Sie uns eine schnelle E-Mail. Wir freuen uns auf den Kontakt zu Ihnen.<\/p>","popseo_stadttext":"<h3>Wir arbeiten gerne f\u00fcr Kunden aus Bergedorf und Wentorf<\/h3>\n<p>Durch unsere Gesch\u00e4ftst\u00e4tigkeit haben wir uns einen guten \u00dcberblick \u00fcber die Stadtarchitektur der St\u00e4dte und Gemeinden unseres Einzugsbereiches machen k\u00f6nnen. Nat\u00fcrlich geh\u00f6ren auch Bergedorf und Wentorf zu unserem unmittelbaren Wirkungskreis. Wir freuen uns darauf, mit Ihnen ins Gespr\u00e4ch zu kommen. <\/p>\n<h3>Einige Informationen \u00fcber Bergedorf und Wentorf:<h3>\n<p>Einstmals eigenst\u00e4ndig z\u00e4hlt Bergedorf heutzutage zur Freien und Hansestadt Hamburg. Der Stadtteil liegt am s\u00fcd\u00f6stlichen Stadtrand und grenzt an die schleswig-holsteinischen St\u00e4dte Wentorf und Reinbek. In Bergedorf leben ca. 42.000 B\u00fcrger auf einer Fl\u00e4che von 11 qkm. Obwohl Bergedorf bereits seit dem 01. 01. 1938 keine Autonomie mehr besitzt, hat sich der Stadtteil nichtsdestotrotz eine gewisse Eigenst\u00e4ndigkeit bewahrt. Fast m\u00f6chte man sagen, Bergedorf w\u00e4re eine Art Stadt in der Stadt. Zum Bezirk Bergedorf z\u00e4hlen zusammen 14 Stadtteile. Die gr\u00f6\u00dften Stadtteile sind: Allerm\u00f6he, Billwerder, Lohbr\u00fcgge, Moorfleet, Altengamme, Neuallerm\u00f6he, Curslack, Neuengamme, Kirchwerder und Ochsenwerder. Oftmals hinzu gerechnet wird auch Wentorf. Das ist allerdings nicht ganz richtig, da Wentorf zum schleswig-holsteinischen Landkreis Herzogtum Lauenburg geh\u00f6rt.  <\/p>\n<p>In Bergedorf zu wohnen bedeutet, die Annehmlichkeiten der Stadt zu genie\u00dfen ohne im selben Moment auf kleinst\u00e4dtischen Charme zu verzichten. Die Wohngebiete von Bergedorf sind gepr\u00e4gt von Einzel- oder Mehrfamilienhausbebauung. Gr\u00f6\u00dfere Hochh\u00e4user entdeckt man in Bergedorf vorwiegend in der N\u00e4he des Zentrums. Die Infrastruktur ist \u00fcberzeugend: In der City von Bergedorf finden sich ausgezeichnete Shoppingm\u00f6glichkeiten. <\/p>\n<h3>Bergedorf und Wentorf - hier l\u00e4sst es sich leben<\/h3>\n<p>Ob in den Einkaufspassagen oder in der Fu\u00dfg\u00e4ngerzone: In Bergedorf l\u00e4sst es sich tats\u00e4chlich herrlich bummeln. Und wer danach Lust auf ein wenig Entspannung hat, macht Pause in einem der zahlreichen behaglichen Caf\u00e9s und Restaurants. Bergedorf ist an den HVV angebunden. Mit der S-Bahnlinie S2 erreicht man den Hamburg Hauptbahnhof in knapp 25 Minuten. Auch mit dem Wagen kommt man sehr gut nach Bergedorf: \u00dcber die B 5 und 207 kommt man auf direktem Wege in den Stadtteil. Die Menschen aus Bergedorf mag besonders den bunten Mix ihres Stadtteils. Eine wachsende Wirtschaft, die nahen Naturgebiete sowie die \u00fcberzeugenden Freizeit- und Kulturangebote machen Bergedorf zu einer Wohnstatt mit extrem  hoher Lebensqualit\u00e4t.<\/p>\n<p>Auch Wentorf grenzt unmittelbar an Bergedorf, die \u00dcberg\u00e4nge sind nahezu flie\u00dfend. Als attraktives Wohnquartier ist Wentorf besonders bei Pendlern beliebt. Eine ausgezeichnete Infrastruktur, die N\u00e4he zur Gro\u00dfstadt und eine sehr gute Anbindung sprechen f\u00fcr Wentorf. <\/p>\n<h4>Hohe Qualit\u00e4t f\u00fcr Kunden aus Bergedorf und Wentorf<\/h4>\n<p>Wir finden es super, dass Sie unsere Website entdeckt haben. Ob Bergedorf oder Wentorf: Unsere Erfahrung und die Qualit\u00e4t von Material und Ausf\u00fchrung garantiert Ihnen ein sehr gutes Preis-Leistungsverh\u00e4ltnis. Sie m\u00f6chten mehr \u00fcber uns wissen? F\u00fcr R\u00fcckfragen stehen wir Ihnen jederzeit zur Verf\u00fcgung. Unser engagiertes Team freut sich auf Sie.<\/p>","popseo_zusatztext":"<h3>Hohe Kosten bei der Bauwerksabdichtung m\u00fcssen nicht sein<\/h3>\n<p>Sie interessieren sich f\u00fcr eine Kellertrockenlegung oder eine Sanierungsarbeit an Mauern bzw. W\u00e4nden und w\u00fcnschen sich ein individuelles Angebot, das eine handwerklich gute Arbeit garantiert, gleichzeitig aber die Kosten im Blick hat. Toll, dann sind Sie bei uns an der richtigen Adresse. Als Handwerksbetrieb f\u00fcr Schimmelbeseitigung, Geb\u00e4udeabdichtung und Kellersanierung verwenden wir ausnahmslos exzellente Materialien. Nichtsdestotrotz schauen wir stets auf die Kosten, die selbstverst\u00e4ndlich \u00fcberschaubar bleiben sollen. Wir m\u00f6chten Ihnen beste Qualit\u00e4t anbieten, die zugleich auch die Kosten im Blick beh\u00e4lt. Bei uns stimmen Kosten und Qualit\u00e4t: Schon seit etlichen Jahren sind wir Ihr qualifizierter Fachbetrieb f\u00fcr Sanierungs- und Trocknungsarbeiten in Norddeutschland. Unser Firmensitz befindet sich verkehrsg\u00fcnstig in Brietlingen bei L\u00fcndeburg. Die Kosten stets vor Augen: Wir stehen f\u00fcr eine einwandfrei durchgef\u00fchrte Arbeit nach dem jeweils aktuellsten Stand der Technik.<\/p>\n<h3>Die Kosten stets vor Augen<\/h3>\n<p>D\u00fcrfen wir Sie informieren, wie Sie die Kosten f\u00fcr eine Sanierung reduzieren? Super, dann z\u00f6gern Sie bitte nicht und nehmen am besten noch heute Verbindung mit uns auf. Ein kurzer Anruf oder auch eine kurze Email gen\u00fcgen. Die fachlich versierte Beratung ist genauso wichtig wie die sachgem\u00e4\u00dfe Umsetzung der eigentlichen Arbeiten. Unsere fachliche Beratung ist selbstverst\u00e4ndlich absolut unverbindlich. Qualit\u00e4tsbewusst bei \u00fcberschaubaren Kosten: Wir empfehlen uns als spezialisiertes Fachunternehmen im Norden. Unsere jahrelange Erfahrung spricht f\u00fcr uns.<br \/>\nSenken Sie die Kosten f\u00fcr Ihr Sanierungsprojekt: Vertrauen Sie den Spezialisten der Firma Keul.<\/p>","popseo_links":"<a href=\"https:\/\/bautenschutz-keul.de\/angebote\/zerstoerter-putz-reppenstedt\/\">zerst\u00f6rter Putz Reppenstedt<\/a>, <a href=\"https:\/\/bautenschutz-keul.de\/angebote\/schimmel-boizenburg\/\">Schimmel Boizenburg<\/a>, <a href=\"https:\/\/bautenschutz-keul.de\/angebote\/horizontalsperre-uelzen\/\">Horizontalsperre Uelzen<\/a>, <a href=\"https:\/\/bautenschutz-keul.de\/angebote\/innenabdichtung-brietlingen\/\">Innenabdichtung Brietlingen<\/a>, <a href=\"https:\/\/bautenschutz-keul.de\/angebote\/aufsteigende-feuchtigkeit-harburg\/\">aufsteigende Feuchtigkeit Harburg<\/a>, <a href=\"https:\/\/bautenschutz-keul.de\/angebote\/aufsteigende-feuchtigkeit-schwarzenbek\/\">aufsteigende Feuchtigkeit Schwarzenbek<\/a>, <a href=\"https:\/\/bautenschutz-keul.de\/angebote\/horizontalsperre-adendorf\/\">Horizontalsperre Adendorf<\/a>, <a href=\"https:\/\/bautenschutz-keul.de\/angebote\/aufsteigende-feuchtigkeit-salzhausen\/\">aufsteigende Feuchtigkeit Salzhausen<\/a>, <a href=\"https:\/\/bautenschutz-keul.de\/angebote\/feuchter-keller-amt-neuhaus\/\">Feuchter Keller Amt Neuhaus<\/a>, <a href=\"https:\/\/bautenschutz-keul.de\/angebote\/rissverpressung-bergedorf-wentorf\/\">Rissverpressung Bergedorf Wentorf<\/a>, <a href=\"https:\/\/bautenschutz-keul.de\/angebote\/schimmel-harburg\/\">Schimmel Harburg<\/a>, <a href=\"https:\/\/bautenschutz-keul.de\/angebote\/kellersanierung-jesteburg\/\">Kellersanierung Jesteburg<\/a>, <a href=\"https:\/\/bautenschutz-keul.de\/angebote\/schimmelsanierung-brietlingen\/\">Schimmelsanierung Brietlingen<\/a>, <a href=\"https:\/\/bautenschutz-keul.de\/angebote\/feuchtigkeit-reinbek-aumuehle\/\">Feuchtigkeit Reinbek Aum\u00fchle<\/a>, <a href=\"https:\/\/bautenschutz-keul.de\/angebote\/bauwerksabdichtung-ebstorf\/\">Bauwerksabdichtung Ebstorf<\/a>, <a href=\"https:\/\/bautenschutz-keul.de\/angebote\/kellerabdichtung-brietlingen\/\">Kellerabdichtung Brietlingen<\/a>, <a href=\"https:\/\/bautenschutz-keul.de\/angebote\/feuchtigkeitsschaden-bad-bevensen\/\">Feuchtigkeitsschaden Bad Bevensen<\/a>, <a href=\"https:\/\/bautenschutz-keul.de\/angebote\/feuchte-mauer-schwarzenbek\/\">Feuchte Mauer Schwarzenbek<\/a>, <a href=\"https:\/\/bautenschutz-keul.de\/angebote\/rissverpressung-seevetal-rosengarten\/\">Rissverpressung Seevetal Rosengarten<\/a>, <a href=\"https:\/\/bautenschutz-keul.de\/angebote\/schimmel-salzhausen\/\">Schimmel Salzhausen<\/a>, <a href=\"https:\/\/bautenschutz-keul.de\/angebote\/feuchte-wand-tostedt-sittensen\/\">Feuchte Wand Tostedt Sittensen<\/a>, <a href=\"https:\/\/bautenschutz-keul.de\/angebote\/horizontalsperre-bergedorf-wentorf\/\">Horizontalsperre Bergedorf Wentorf<\/a>, <a href=\"https:\/\/bautenschutz-keul.de\/angebote\/feuchter-keller-geesthacht\/\">Feuchter Keller Geesthacht<\/a>, <a href=\"https:\/\/bautenschutz-keul.de\/angebote\/kellerabdichtung-adendorf\/\">Kellerabdichtung Adendorf<\/a>, <a href=\"https:\/\/bautenschutz-keul.de\/angebote\/aussenabdichtung-buechen\/\">Au\u00dfenabdichtung B\u00fcchen<\/a>, <a href=\"https:\/\/bautenschutz-keul.de\/angebote\/feuchte-mauer-amt-neuhaus\/\">Feuchte Mauer Amt Neuhaus<\/a>, <a href=\"https:\/\/bautenschutz-keul.de\/angebote\/horizontalsperre-bienenbuettel\/\">Horizontalsperre Bienenb\u00fcttel<\/a>, <a href=\"https:\/\/bautenschutz-keul.de\/angebote\/kellerabdichtung-buchholz-in-der-nordheide\/\">Kellerabdichtung Buchholz in der Nordheide<\/a>"},"_links":{"self":[{"href":"https:\/\/bautenschutz-keul.de\/angebote\/wp-json\/wp\/v2\/pages\/423","targetHints":{"allow":["GET"]}}],"collection":[{"href":"https:\/\/bautenschutz-keul.de\/angebote\/wp-json\/wp\/v2\/pages"}],"about":[{"href":"https:\/\/bautenschutz-keul.de\/angebote\/wp-json\/wp\/v2\/types\/page"}],"author":[{"embeddable":true,"href":"https:\/\/bautenschutz-keul.de\/angebote\/wp-json\/wp\/v2\/users\/1"}],"replies":[{"embeddable":true,"href":"https:\/\/bautenschutz-keul.de\/angebote\/wp-json\/wp\/v2\/comments?post=423"}],"version-history":[{"count":0,"href":"https:\/\/bautenschutz-keul.de\/angebote\/wp-json\/wp\/v2\/pages\/423\/revisions"}],"wp:attachment":[{"href":"https:\/\/bautenschutz-keul.de\/angebote\/wp-json\/wp\/v2\/media?parent=423"}],"curies":[{"name":"wp","href":"https:\/\/api.w.org\/{rel}","templated":true}]}}