{"id":426,"date":"2021-09-13T08:44:08","date_gmt":"2021-09-13T06:44:08","guid":{"rendered":"https:\/\/bautenschutz-keul.de\/angebote\/kellertrockenlegung-boizenburg\/"},"modified":"2021-09-13T08:44:08","modified_gmt":"2021-09-13T06:44:08","slug":"kellertrockenlegung-boizenburg","status":"publish","type":"page","link":"https:\/\/bautenschutz-keul.de\/angebote\/kellertrockenlegung-boizenburg\/","title":{"rendered":"Kellertrockenlegung &#8211; Boizenburg"},"content":{"rendered":"<h3>Kellertrockenlegung: Bei uns kompetent und schnell!<\/h3>\n<p>Ein dauerhaft nasser Keller kann die Substanz eines Hauses erheblich gef\u00e4hrden. Und nicht nur das: Auch Gesundheitsgefahren<br \/>\ndurch feuchte Hausbereiche sind nicht auszuschlie\u00dfen. Insbesondere die von drau\u00dfen eindringende N\u00e4sse ist ein schwerwiegendes Problem, das man nicht herunterspielen sollte. Bei bedrohlichen und weitreichenden Durchfeuchtungen ist eine fachm\u00e4nnisch ausgef\u00fchrte Kellertrockenlegung zumeist unausweichlich. Bevor man jedoch eine Kellertrockenlegung anf\u00e4ngt, ist es zun\u00e4chst wichtig, zu ergr\u00fcnden, aus welchen Gr\u00fcnden es \u00fcberhaupt zu einer Durchn\u00e4ssung kommen konnte. Umfang und Vorgehensweisen, die der Experte f\u00fcr die dauerhafte Kellertrockenlegung r\u00e4t, h\u00e4ngen nicht letztlich von der eigentlichen Ursache ab. Eine defekte Rohrleitung oder eine nicht ausreichend ged\u00e4mmte Wand<br \/>\nzieht einen anderen Sanierungsaufwand nach sich, als es z.B. eine Durchn\u00e4ssung durch einen gestiegenen Grundwasserpegel tut. Es stellt sich dementsprechend die Frage, ob die Kellertrockenlegung durch ein zeitweiliges Problem n\u00f6tig wird oder ob die Ursache nicht zuletzt in der Substanz zu finden ist.<\/p>\n<h3>Kellertrockenlegung: Kompetente Arbeit durch unseren Fachbetrieb!<\/h3>\n<p>Um die beste Art der Kellertrockenlegung zu ergr\u00fcnden, ist es ratsam, dass der Mangel durch einen Profi begutachtet wird. Einzig der Experte kennt die diversen Ma\u00dfnahmen einer Kellertrockenlegung und betrachtet die diversen Verfahren sowohl aus einer handwerklichen wie auch aus einer \u00f6konomischen Perspektive. Sollte in Ihrem Haus eine Kellertrockenlegung notwendig sein, so verabreden Sie bitte rasch einen Termin mit einem unserer Experten. Bei einer Ortsbegehung sch\u00e4tzen wir den ben\u00f6tigten Reparaturbedarf, erl\u00e4utern die unterschiedlichen Methoden und \u00fcberschlagen die zu veranschlagenden Kosten. Bedarfsabh\u00e4ngig k\u00f6nnen verschiedene Verfahren und Anwendungen der Kellertrockenlegung notwendig werden. Sehr gerne informieren wir Sie \u00fcber die Ma\u00dfnahmen, die wir empfehlen.<\/p>\n","protected":false},"excerpt":{"rendered":"<p>Kellertrockenlegung: Bei uns kompetent und schnell! Ein dauerhaft nasser Keller kann die Substanz eines Hauses erheblich gef\u00e4hrden. Und nicht nur das: Auch Gesundheitsgefahren durch feuchte Hausbereiche sind nicht auszuschlie\u00dfen. Insbesondere die von drau\u00dfen eindringende N\u00e4sse ist ein schwerwiegendes Problem, das man nicht herunterspielen sollte. Bei bedrohlichen und weitreichenden Durchfeuchtungen ist eine fachm\u00e4nnisch ausgef\u00fchrte Kellertrockenlegung zumeist [&hellip;]<\/p>\n","protected":false},"author":1,"featured_media":0,"parent":0,"menu_order":0,"comment_status":"closed","ping_status":"closed","template":"","meta":{"footnotes":""},"class_list":["post-426","page","type-page","status-publish","hentry"],"meta_box":{"popseo_subtitel":"Wir sind Ihr Fachbetrieb f\u00fcr eine Kellertrockenlegung im Raum Boizenburg","popseo_subtitel2":"Kellertrockenlegung - setzen Sie auf unsere Erfahrung","popseo_lasttitel":"Kellertrockenlegung: Unsere Mitarbeiter beantworten gerne Ihre Fragen","popseo_region":"Boizenburg","popseo_sachwort":"Kellertrockenlegung","popseo_noupdate":"","popseo_einleitungstext":"<p>Sie haben sich mit dem Thema Bauwerksabdichtung auseinandergesetzt, da Ihr Wohn- oder Gesch\u00e4ftshaus feuchte Geb\u00e4udeteile aufweist und Sie nach M\u00f6glichkeiten einer professionellen und vor allem wirksamen Sanierung Ausschau halten. Prima, dass Sie unsere Website gefunden haben. Nachfolgend m\u00f6chten wir Ihnen n\u00e4here Informationen zu unserem Leistungsspektrum geben. Sie lernen auf dieser Internetseite unsere Firma n\u00e4her kennen. <\/p>\n<p>Unser Unternehmen ist ein versierter und erfahrener Fachbetrieb mit Firmensitz in Brietlingen bei L\u00fcneburg. Seit vielen Jahren schon sind wir Ihre Experten f\u00fcr alle Fragen rund um Geb\u00e4udeabdichtung. Wir setzen ausschlie\u00dflich praxisbew\u00e4hrte und effektive Sanierungsmethoden und -systeme ein. Als Fachbetrieb f\u00fcr Abdichtung und Sanierung schauen wir auf eine lange und intensive Berufserfahrung zur\u00fcck. Unsere engagierten Mitarbeiter informieren Sie sehr gerne im Detail.<\/p>","popseo_schlusstext":"<p>Sie ben\u00f6tigen einen Profi f\u00fcr die fachgerechte Abdichtung und Sanierung Ihrer Immobilie. Klasse, dass unser Angebot Ihre Aufmerksamkeit gefunden hat. Worauf Sie neben unserer fachlichen Expertise setzen d\u00fcrfen: Unsere erfahrenen Spezialisten arbeiten motiviert und gewissenhaft f\u00fcr Ihren Erfolg. Wir freuen uns sehr, wenn wir Sie in einem unverbindlichen Informationsgespr\u00e4ch \u00fcber die zahlreichen Alternativen, die sich Ihnen bieten, informieren d\u00fcrfen. Schreiben Sie uns einfach eine Mail oder rufen Sie uns an. Wir sind gerne f\u00fcr Sie da!<\/p>","popseo_stadttext":"<h3>Unser Vertriebsgebiet umfasst auch Boizenburg<\/h3>\n<p>Unser Einzugsbereich umfasst auch Boizenburg. Durch unsere Gesch\u00e4ftst\u00e4tigkeit haben wir uns einen guten \u00dcberblick \u00fcber die Stadtarchitektur der St\u00e4dte und Gemeinden unseres Vertriebsgebietes erarbeiten k\u00f6nnen. Wir f\u00fchlen uns der Region verpflichtet und sind stolz darauf, auch unseren Teil zur gesunden Infrastruktur der Stadt Boizenburg beisteuern zu d\u00fcrfen.  <\/p>\n<h3>Einige interessante Informationen \u00fcber Boizenburg<\/h3>\n<p>Die Stadt Boizenburg liegt im Landkreis Ludwigslust-Parchim in Mecklenburg-Vorpommern. In Boizenburg leben etwa 10.000 B\u00fcrger auf einer Gesamtfl\u00e4che von 47 Quadratkilometer. Der Name Boizenburg leitet sich ab vom Fluss Boitze. Dieser flie\u00dft unmittelbar durch das Gemeindegebiet. Etwas bekannter d\u00fcrfte allerdings sein, dass Boizenburg an der Elbe liegt. Boizenburg gliedert sich in zusammen f\u00fcnf Ortsteile. Dies sind Gehrum, Bahlen, Bahlenburg, Gothmann und Heide. <\/p>\n<p>Boizenburg ist eine vergleichsweise alte Ortschaft. Zum ersten Mal erw\u00e4hnt wurde die Ortschaft bereits im Jahre 1171. W\u00e4hrend der DDR-Zeit war Boizenburg zu gro\u00dfen Teilen abgeschieden. Die damalige Deutsch-Deutsche-Grenze verlief direkt entlang des Stadtareals von Boizenburg. Damals war Boizenburg Sperrzone. Einwohner und G\u00e4ste der Stadt ben\u00f6tigten in damaliger Zeit einen beh\u00f6rdlichen Passierschein. Eine Begrenzung der individuellen Freiheit, die in unserer Zeit zum Gl\u00fcck gar nicht mehr vorstellbar ist. <\/p>\n<h3>Boizenburg - Kleinstadt mit Herz<\/h3>\n<p>Nach der Wiedervereinigung der zwei deutschen Staaten bl\u00fchte Boizenburg massiv auf. Der historische Stadtkern wurde saniert. Auch der kleine Elbhafen wurde vollst\u00e4ndig neu gestaltet. Heute ist Boizenburg eine reizvoll gelegene Kleinstadt, die ihren B\u00fcrgern ein gutes Lebensumfeld bietet. Der Stadtkern von Boizenburg wird von einer mittelalterlichen Wallanlage beherrscht. Zahlreiche Fachwerkh\u00e4user runden das Stadtbild ab. Besonders auff\u00e4llig ist auch das Rathaus Boizenburg - das h\u00fcbsche Fachwerkhaus wurde 1711 errichtet. Au\u00dferdem pr\u00e4gt speziell die Sankt Marien Kirche die Silouette der mecklenburgischen Mittelstadt.<\/p>\n<p>Das Wirtschaftsleben von Boizenburg ist gepr\u00e4gt von mittelst\u00e4ndischen Unternehmen. Reichlich 50 Hektar Gewerbefl\u00e4che steht in Boizenburg zur Verf\u00fcgung. Eine weitere Ausdehnung ist in Planung. F\u00fcr junge Familien ist Boizenburg als Lebensmittelpunkt von Interesse. Das Sport- und Kulturangebot \u00fcberrascht durch seine Vielfalt. Schulische Einrichtungen aller Art und Kinderhorts sind in befriedigender Zahl vorhanden.  <\/p>\n<h4>Wir f\u00fcr Sie in Boizenburg!<\/h4>\n<p>Prima, dass Sie unsere Internetseite entdeckt haben. Wenn Sie ein Fachunternehmen ben\u00f6tigen, sind Sie bei uns an der richtigen Adresse. Sie m\u00f6chten mehr \u00fcber uns erfahren? F\u00fcr R\u00fcckfragen stehen wir Ihnen jederzeit zur Verf\u00fcgung. Unser freundliches Team freut sich auf Sie.<\/p>","popseo_zusatztext":"<h3>Hohe Kosten bei der Bauwerksabdichtung m\u00fcssen nicht sein<\/h3>\n<p>Sie interessieren sich f\u00fcr eine Kellertrockenlegung oder eine Sanierungsarbeit an Mauern bzw. W\u00e4nden und w\u00fcnschen sich ein individuelles Angebot, das eine qualitativ gute Arbeit garantiert, gleichwohl keine hohen Kosten nach sich zieht. Toll, dann sind Sie bei uns genau richtig. Als Spezialist f\u00fcr Schimmelbeseitigung, Geb\u00e4udeabdichtung und Kellersanierung verarbeiten wir ausschlie\u00dflich hochwertige Materialien. Gleichwohl schauen wir immer auf die Kosten, die nat\u00fcrlich nicht zu hoch sein sollen. Wir m\u00f6chten Ihnen Qualit\u00e4t bieten, die zugleich auch die Kosten im Blick hat. Bei uns stimmen Kosten und Qualit\u00e4t: Schon seit etlichen Jahren sind wir Ihr qualifizierter Partner f\u00fcr Sanierungs- und Trocknungsarbeiten in Norddeutschland. Unser Unternehmenssitz befindet sich verkehrsg\u00fcnstig in Brietlingen bei L\u00fcndeburg. Die Kosten stets vor Augen: Wir bieten Ihnen eine professionell durchgef\u00fchrte Sanierungsarbeit nach dem stets derzeitigen Stand der Technik.<\/p>\n<h3>Hochwertige Arbeit, geringe Kosten!<\/h3>\n<p>D\u00fcrfen wir Sie informieren, wie Sie die Kosten f\u00fcr eine Sanierung senken k\u00f6nnen? Super, dann warten Sie bitte nicht und nehmen am besten gleich heute Verbindung mit uns auf. Ein kurzer Telefonanruf oder eine schnelle Email gen\u00fcgen. Eine gute Beratung ist gleicherma\u00dfen wichtig wie die perfekte Umsetzung der eigentlichen Arbeiten. Unsere fachliche Beratung ist nat\u00fcrlich absolut unverbindlich. Qualit\u00e4tsbewusst bei niedrigen Kosten: Wir empfehlen uns als spezialisiertes Unternehmen in Norddeutschland. Unsere gro\u00dfe Erfahrung spricht f\u00fcr uns.<br \/>\nSenken Sie die Kosten f\u00fcr Ihre Geb\u00e4udesanierung: Setzen Sie auf die Profis der Fachfirma Keul.<\/p>","popseo_links":"<a href=\"https:\/\/bautenschutz-keul.de\/angebote\/schimmelbeseitigung-maschen\/\">Schimmelbeseitigung Maschen<\/a>, <a href=\"https:\/\/bautenschutz-keul.de\/angebote\/kellersanierung-uelzen\/\">Kellersanierung Uelzen<\/a>, <a href=\"https:\/\/bautenschutz-keul.de\/angebote\/feuchte-wand-bad-bevensen\/\">Feuchte Wand Bad Bevensen<\/a>, <a href=\"https:\/\/bautenschutz-keul.de\/angebote\/innenabdichtung-adendorf\/\">Innenabdichtung Adendorf<\/a>, <a href=\"https:\/\/bautenschutz-keul.de\/angebote\/rissverpressung-amelinghausen\/\">Rissverpressung Amelinghausen<\/a>, <a href=\"https:\/\/bautenschutz-keul.de\/angebote\/mauertrockenlegung-buechen\/\">Mauertrockenlegung B\u00fcchen<\/a>, <a href=\"https:\/\/bautenschutz-keul.de\/angebote\/bauwerksabdichtung-bispingen\/\">Bauwerksabdichtung Bispingen<\/a>, <a href=\"https:\/\/bautenschutz-keul.de\/angebote\/feuchtigkeit-hanstedt\/\">Feuchtigkeit Hanstedt<\/a>, <a href=\"https:\/\/bautenschutz-keul.de\/angebote\/rissverpressung-hanstedt\/\">Rissverpressung Hanstedt<\/a>, <a href=\"https:\/\/bautenschutz-keul.de\/angebote\/aufsteigende-feuchtigkeit-reinbek-aumuehle\/\">aufsteigende Feuchtigkeit Reinbek Aum\u00fchle<\/a>, <a href=\"https:\/\/bautenschutz-keul.de\/angebote\/salpeter-im-keller-buchholz-in-der-nordheide\/\">Salpeter im Keller Buchholz in der Nordheide<\/a>, <a href=\"https:\/\/bautenschutz-keul.de\/angebote\/feuchte-mauer-boizenburg\/\">Feuchte Mauer Boizenburg<\/a>, <a href=\"https:\/\/bautenschutz-keul.de\/angebote\/feuchtigkeit-bispingen\/\">Feuchtigkeit Bispingen<\/a>, <a href=\"https:\/\/bautenschutz-keul.de\/angebote\/salpeter-im-keller-seevetal-rosengarten\/\">Salpeter im Keller Seevetal Rosengarten<\/a>, <a href=\"https:\/\/bautenschutz-keul.de\/angebote\/schimmelbeseitigung-uelzen\/\">Schimmelbeseitigung Uelzen<\/a>, <a href=\"https:\/\/bautenschutz-keul.de\/angebote\/feuchte-mauer-bad-bevensen\/\">Feuchte Mauer Bad Bevensen<\/a>, <a href=\"https:\/\/bautenschutz-keul.de\/angebote\/schimmel-hanstedt\/\">Schimmel Hanstedt<\/a>, <a href=\"https:\/\/bautenschutz-keul.de\/angebote\/kellersanierung-geesthacht\/\">Kellersanierung Geesthacht<\/a>, <a href=\"https:\/\/bautenschutz-keul.de\/angebote\/kellersanierung-salzhausen\/\">Kellersanierung Salzhausen<\/a>, <a href=\"https:\/\/bautenschutz-keul.de\/angebote\/rissverpressung-buchholz-in-der-nordheide\/\">Rissverpressung Buchholz in der Nordheide<\/a>, <a href=\"https:\/\/bautenschutz-keul.de\/angebote\/salpeter-im-keller-amt-neuhaus\/\">Salpeter im Keller Amt Neuhaus<\/a>, <a href=\"https:\/\/bautenschutz-keul.de\/angebote\/mauertrockenlegung-bergedorf-wentorf\/\">Mauertrockenlegung Bergedorf Wentorf<\/a>, <a href=\"https:\/\/bautenschutz-keul.de\/angebote\/aussenabdichtung-hanstedt\/\">Au\u00dfenabdichtung Hanstedt<\/a>, <a href=\"https:\/\/bautenschutz-keul.de\/angebote\/feuchte-mauer-harburg\/\">Feuchte Mauer Harburg<\/a>, <a href=\"https:\/\/bautenschutz-keul.de\/angebote\/schimmelbeseitigung-herzogtum-lauenburg\/\">Schimmelbeseitigung Herzogtum Lauenburg<\/a>, <a href=\"https:\/\/bautenschutz-keul.de\/angebote\/feuchte-mauer-buechen\/\">Feuchte Mauer B\u00fcchen<\/a>, <a href=\"https:\/\/bautenschutz-keul.de\/angebote\/mauertrockenlegung-tostedt-sittensen\/\">Mauertrockenlegung Tostedt Sittensen<\/a>, <a href=\"https:\/\/bautenschutz-keul.de\/angebote\/horizontalsperre-reinbek-aumuehle\/\">Horizontalsperre Reinbek Aum\u00fchle<\/a>"},"_links":{"self":[{"href":"https:\/\/bautenschutz-keul.de\/angebote\/wp-json\/wp\/v2\/pages\/426","targetHints":{"allow":["GET"]}}],"collection":[{"href":"https:\/\/bautenschutz-keul.de\/angebote\/wp-json\/wp\/v2\/pages"}],"about":[{"href":"https:\/\/bautenschutz-keul.de\/angebote\/wp-json\/wp\/v2\/types\/page"}],"author":[{"embeddable":true,"href":"https:\/\/bautenschutz-keul.de\/angebote\/wp-json\/wp\/v2\/users\/1"}],"replies":[{"embeddable":true,"href":"https:\/\/bautenschutz-keul.de\/angebote\/wp-json\/wp\/v2\/comments?post=426"}],"version-history":[{"count":0,"href":"https:\/\/bautenschutz-keul.de\/angebote\/wp-json\/wp\/v2\/pages\/426\/revisions"}],"wp:attachment":[{"href":"https:\/\/bautenschutz-keul.de\/angebote\/wp-json\/wp\/v2\/media?parent=426"}],"curies":[{"name":"wp","href":"https:\/\/api.w.org\/{rel}","templated":true}]}}