{"id":428,"date":"2021-09-13T08:44:08","date_gmt":"2021-09-13T06:44:08","guid":{"rendered":"https:\/\/bautenschutz-keul.de\/angebote\/kellertrockenlegung-buchholz-in-der-nordheide\/"},"modified":"2021-09-13T08:44:08","modified_gmt":"2021-09-13T06:44:08","slug":"kellertrockenlegung-buchholz-in-der-nordheide","status":"publish","type":"page","link":"https:\/\/bautenschutz-keul.de\/angebote\/kellertrockenlegung-buchholz-in-der-nordheide\/","title":{"rendered":"Kellertrockenlegung &#8211; Buchholz in der Nordheide"},"content":{"rendered":"<h3>Kellertrockenlegung: Bei uns kompetent und schnell!<\/h3>\n<p>Ein dauerhaft nasser Keller kann die Substanz eines Hauses erheblich gef\u00e4hrden. Und nicht nur das: Auch Gesundheitsgef\u00e4hrdungen<br \/>\ndurch feuchte Hausbereiche sind nicht auszuschlie\u00dfen. Ganz besonders die von au\u00dfen einsickernde N\u00e4sse ist ein erhebliches Problem, das man nicht herunterspielen sollte. Bei bedenklichen und verbreiteten Durchfeuchtungen ist eine fachm\u00e4nnisch gemachte Kellertrockenlegung meistens zwingend notwendig. Bevor man allerdings eine Kellertrockenlegung in Angriff nimmt, ist es zun\u00e4chst wichtig, abzukl\u00e4ren, aus welchen Gr\u00fcnden es \u00fcberhaupt zu einer Durchfeuchtung kommen konnte. Kosten und Vorgehensweisen, die der Experte f\u00fcr die anhaltende Kellertrockenlegung empfiehlt, h\u00e4ngen nicht letztlich von der prim\u00e4ren Ursache ab. Eine undichte Wasserleitung oder eine nur unzureichend isolierte Au\u00dfenwand<br \/>\nzieht einen anderen Sanierungsbedarf nach sich, als es zum Beispiel eine Durchfeuchtung durch einen gestiegenen Grundwasserpegel tut. Es stellt sich also die Frage, ob die Kellertrockenlegung durch ein tempor\u00e4res Problem n\u00f6tig wird beziehungsweise ob der Grund beispielsweise in der Bausubstanz zu finden ist.<\/p>\n<h3>Kellertrockenlegung: Unsere Mitarbeiter stehen f\u00fcr Sie bereit!<\/h3>\n<p>Um die geeigneteste Art der Kellertrockenlegung zu ergr\u00fcnden, ist es empfehlenswert, dass der Mangel von einen Spezialisten beurteilt wird. Einzig der Spezialist kennt die diversen Ma\u00dfnahmen einer Kellertrockenlegung und bewertet die diversen Methoden sowohl aus einer fachlichen als auch aus einer \u00f6konomischen Sichtweise. Sollte in Ihrem Geb\u00e4ude eine Kellertrockenlegung von N\u00f6ten sein, so vereinbaren Sie bitte gleich einen Termin mit einem unserer Experten. W\u00e4hrend einer Ortsbesichtigung beurteilen wir den entsprechenden Instandsetzungsbedarf, er\u00f6rtern die verschiedenen Verfahren und sch\u00e4tzen die zu erwartenden Aufwendungen. Je nach Bedarf k\u00f6nnen diverse Verfahren und Anwendungen der Kellertrockenlegung erforderlich werden. Gerne informieren wir Sie \u00fcber die Ma\u00dfnahmen, die wir anraten.<\/p>\n","protected":false},"excerpt":{"rendered":"<p>Kellertrockenlegung: Bei uns kompetent und schnell! Ein dauerhaft nasser Keller kann die Substanz eines Hauses erheblich gef\u00e4hrden. Und nicht nur das: Auch Gesundheitsgef\u00e4hrdungen durch feuchte Hausbereiche sind nicht auszuschlie\u00dfen. Ganz besonders die von au\u00dfen einsickernde N\u00e4sse ist ein erhebliches Problem, das man nicht herunterspielen sollte. Bei bedenklichen und verbreiteten Durchfeuchtungen ist eine fachm\u00e4nnisch gemachte Kellertrockenlegung [&hellip;]<\/p>\n","protected":false},"author":1,"featured_media":0,"parent":0,"menu_order":0,"comment_status":"closed","ping_status":"closed","template":"","meta":{"footnotes":""},"class_list":["post-428","page","type-page","status-publish","hentry"],"meta_box":{"popseo_subtitel":"Die Firma TK-Geb\u00e4udetechnik Thorsten Keul ist Ihr Fachunternehmen f\u00fcr eine Kellertrockenlegung im Raum Buchholz in der Nordheide","popseo_subtitel2":"Kellertrockenlegung - eine Aufgabe, die wir gerne \u00fcbernehmen","popseo_lasttitel":"Kellertrockenlegung: Treten Sie in Kontakt mit uns!","popseo_region":"Buchholz in der Nordheide","popseo_sachwort":"Kellertrockenlegung","popseo_noupdate":"","popseo_einleitungstext":"<p>Mauern, Kellerr\u00e4ume oder W\u00e4nde Ihres Wohn- oder Gesch\u00e4ftshauses weisen Durchfeuchtungen und damit einen nicht zu \u00fcbersehenden Sanierungsbedarf auf. Dann ist es an der Zeit, sich \u00fcber eine fachlich korrekt vorgenommene Trocknung Gedanken zu machen. Unser Fachbetrieb ist auf die Bauwerksabdichtung spezialisiert. Zu den haupts\u00e4chlichen T\u00e4tigkeiten unserer Firma z\u00e4hlen unter anderem die Bereiche Mauertrockenlegung, Schimmelbeseitigung und Kellerabdichtung. Der nachhaltigen Sanierung haben wir uns verschrieben. Wir beraten fachsicher, wie Sie Ihr Geb\u00e4ude umweltgerecht und preisg\u00fcnstig sanieren k\u00f6nnen. Ein paar erste Informationen dazu lesen Sie nachfolgend auf diesen Seiten.<\/p>","popseo_schlusstext":"<p>Sie suchen einen Fachpartner f\u00fcr die fachgerecht ausgef\u00fchrte Bauwerksabdichtung. Dann kontaktieren Sie uns bitte schnell. Wir freuen uns auf Ihren Anruf oder Ihre E-Mail. Wenn es um Sanierung geht, sind wir Ihr erfahrener Handwerkspartner. Wir sorgen f\u00fcr eine einwandfrei ausgef\u00fchrte Arbeit nach dem immer neuesten Stand der Technik.<\/p>","popseo_stadttext":"<h3>Unser Vertriebsgebiet umfasst auch Buchholz i.d. Nordheide<\/h3>\n<p>Buchholz geh\u00f6rt zum nieders\u00e4chsischen Landkreis Harburg und liegt in der Nordheide. Um Verwechslungen mit anderen Orten zu verhindern, tr\u00e4gt die Stadt Buchholz von Amts wegen den Namenszusatz \"Buchholz in der Nordheide\". Durch unsere Vertriebst\u00e4tigkeit haben wir uns einen sehr guten \u00dcberblick \u00fcber die Architektur der St\u00e4dte und Gemeinden unseres Einzugsbereiches erarbeiten k\u00f6nnen. Nat\u00fcrlich z\u00e4hlt auch Buchholz i.d. Nordheide zu unserem unmittelbaren Wirkungskreis. Wir freuen uns darauf, mit Ihnen ins Gespr\u00e4ch zu kommen. <\/p>\n<h3>Wissenswertes \u00fcber Buchholz i.d. Nordheide<\/h3>\n<p>Buchholz ist eine gut gelegene Stadt. Bis in die Metropole Hamburg sind es nicht mehr als 20 Kilometer. Entsprechend viele Pendler leben in Buchholz. Wer seinen Arbeitsplatz in Hamburg hat, dennoch eine eher l\u00e4ndliche Wohnlage bevorzugt, hat es in Buchholz bestens getroffen. Der nette und beschauliche Ort bietet ein absolut attraktives Lebensumfeld. Alles in allem leben ca. 37.000 Menschen in Buchholz. Stadt und Umkreis strecken sich \u00fcber eine Gesamtfl\u00e4che von ungef\u00e4hr 75 km\u00b2. Buchholz gliedert sich in insgesamt sechs Ortsteile. Eine kleine Eigenheit von Buchholz: Jeder Stadtteil hat einen eigenen B\u00fcrgermeister.<\/p>\n<h3>Buchholz hat Charme!<\/h3>\n<p>Trotz der r\u00e4umlichen N\u00e4he zur Hansestadt Hamburg, verf\u00fcgt Buchholz \u00fcber ein munteres Wirtschaftsleben, das sich auf insgesamt drei Gewerbegebiete verteilt. Gro\u00dfe Einzelh\u00e4ndler wie beispielsweise M\u00f6bel Kraft oder Media Markt unterhalten in Buchholz Niederlassungen. Beherrscht wird die \u00d6konomie von Buchholz weitgehend von mittelst\u00e4ndischen Unternehmen aus den Gesch\u00e4ftsbereichen Dienstleistung und Gro\u00dfhandel. Dar\u00fcber hinaus finden sich in Buchholz zahlreiche Autoh\u00e4user. \u00dcber die Auffahrt Dibbersen ist Buchholz an die Schnellstra\u00dfe A1 angeschlossen. Das Buchholzer Dreieck stellt dar\u00fcber hinaus eine Verbindung mit der A7 her. Au\u00dferdem erreicht man Buchholz mit dem PKW auch leicht \u00fcber die Bundesstra\u00dfe 75. Wer mit dem Zug nach Buchholz reist, nutzt die Bahnlinie Hamburg-Bremen. Das Verkehrsunternehmen Metronom f\u00e4hrt Buchholz \u00fcber die Expresslinie Bremen-Hamburg sowie \u00fcber eine Nahverkehrsverbindung an.  <\/p>\n<h4>Hohe Qualit\u00e4t f\u00fcr Kunden aus Buchholz i.d. Nordheide<\/h4>\n<p>Wir finden es klasse, dass Sie unsere Website gefunden haben. Unser Fachunternehmen steht f\u00fcr ein sehr gutes Preis-Leistungs-Verh\u00e4ltnis. Sie m\u00f6chten mehr \u00fcber uns erfahren? F\u00fcr R\u00fcckfragen stehen wir Ihnen jederzeit zur Verf\u00fcgung. Auf den Kontakt zu Ihnen freuen wir uns.<\/p>","popseo_zusatztext":"<h3>Hochwertige Sanierung, faire Kosten!<\/h3>\n<p>Sie interessieren sich f\u00fcr eine Kellertrockenlegung oder eine Sanierungsarbeit an Mauern bzw. W\u00e4nden und m\u00f6chten gerne ein individuelles Angebot, das eine qualitativ gute Arbeit garantiert, gleichwohl die Kosten im Blick hat. Prima, in diesem Fall sind Sie bei uns genau richtig. Als Spezialist f\u00fcr Bauwerksabdichtung, Kellersanierung und Schimmelbeseitigung verwenden wir nur hochwertige Materialien. Nichtsdestotrotz achten wir nat\u00fcrlich auf die Kosten, die nat\u00fcrlich nicht zu hoch sein sollen. Wir m\u00f6chten Ihnen Qualit\u00e4t anbieten, die trotzdem auch die Kosten im Blick beh\u00e4lt. Bei uns stimmen Kosten und Leistung: Schon seit etlichen Jahren sind wir Ihr qualifizierter Fachbetrieb f\u00fcr Trocknungs- und Sanierungsarbeiten in Norddeutschland. Unser Gesch\u00e4ftssitz liegt verkehrsg\u00fcnstig in Brietlingen bei L\u00fcndeburg. Die Kosten stets vor Augen: Wir versprechen Ihnen eine sachkundig ausgef\u00fchrte Arbeit nach dem immer aktuellsten Stand der Technik.<\/p>\n<h3>Die Kosten stets vor Augen<\/h3>\n<p>D\u00fcrfen wir Sie beraten, wie Sie die Kosten f\u00fcr eine Sanierung reduzieren? Prima, dann warten Sie bitte nicht und nehmen am besten gleich heute Verbindung mit uns auf. Ein kurzer Telefonanruf oder auch eine kurze Email gen\u00fcgen. Die fachlich versierte Beratung ist gleicherma\u00dfen wichtig wie die sachgem\u00e4\u00dfe Ausf\u00fchrung der entsprechenden T\u00e4tigkeiten. Unsere fachliche Beratung ist selbstverst\u00e4ndlich absolut unverbindlich. Qualit\u00e4tsbewusst bei niedrigen Kosten: Wir empfehlen uns als spezialisiertes Unternehmen in Norddeutschland. Unsere langj\u00e4hrige Erfahrung zeichnet uns aus.<br \/>\nVerringern Sie die Kosten f\u00fcr Ihr Sanierungsprojekt: Vertrauen Sie den Spezialisten der Firma Keul.<\/p>","popseo_links":"<a href=\"https:\/\/bautenschutz-keul.de\/angebote\/feuchtigkeit-salzhausen\/\">Feuchtigkeit Salzhausen<\/a>, <a href=\"https:\/\/bautenschutz-keul.de\/angebote\/bauwerksabdichtung-herzogtum-lauenburg\/\">Bauwerksabdichtung Herzogtum Lauenburg<\/a>, <a href=\"https:\/\/bautenschutz-keul.de\/angebote\/feuchte-mauer-seevetal-rosengarten\/\">Feuchte Mauer Seevetal Rosengarten<\/a>, <a href=\"https:\/\/bautenschutz-keul.de\/angebote\/aufsteigende-feuchtigkeit-tostedt-sittensen\/\">aufsteigende Feuchtigkeit Tostedt Sittensen<\/a>, <a href=\"https:\/\/bautenschutz-keul.de\/angebote\/innenabdichtung-bad-bevensen\/\">Innenabdichtung Bad Bevensen<\/a>, <a href=\"https:\/\/bautenschutz-keul.de\/angebote\/schimmelbeseitigung-amelinghausen\/\">Schimmelbeseitigung Amelinghausen<\/a>, <a href=\"https:\/\/bautenschutz-keul.de\/angebote\/kellersanierung-jesteburg\/\">Kellersanierung Jesteburg<\/a>, <a href=\"https:\/\/bautenschutz-keul.de\/angebote\/feuchter-keller-harburg\/\">Feuchter Keller Harburg<\/a>, <a href=\"https:\/\/bautenschutz-keul.de\/angebote\/kellersanierung-geesthacht\/\">Kellersanierung Geesthacht<\/a>, <a href=\"https:\/\/bautenschutz-keul.de\/angebote\/schimmelsanierung-schwarzenbek\/\">Schimmelsanierung Schwarzenbek<\/a>, <a href=\"https:\/\/bautenschutz-keul.de\/angebote\/feuchter-keller-bad-bevensen\/\">Feuchter Keller Bad Bevensen<\/a>, <a href=\"https:\/\/bautenschutz-keul.de\/angebote\/horizontalsperre-uelzen\/\">Horizontalsperre Uelzen<\/a>, <a href=\"https:\/\/bautenschutz-keul.de\/angebote\/schimmelsanierung-buchholz-in-der-nordheide\/\">Schimmelsanierung Buchholz in der Nordheide<\/a>, <a href=\"https:\/\/bautenschutz-keul.de\/angebote\/innenabdichtung-harburg\/\">Innenabdichtung Harburg<\/a>, <a href=\"https:\/\/bautenschutz-keul.de\/angebote\/mauertrockenlegung-bergedorf-wentorf\/\">Mauertrockenlegung Bergedorf Wentorf<\/a>, <a href=\"https:\/\/bautenschutz-keul.de\/angebote\/feuchtigkeit-maschen\/\">Feuchtigkeit Maschen<\/a>, <a href=\"https:\/\/bautenschutz-keul.de\/angebote\/kellerabdichtung-winsen-luhe\/\">Kellerabdichtung Winsen Luhe<\/a>, <a href=\"https:\/\/bautenschutz-keul.de\/angebote\/aufsteigende-feuchtigkeit-buechen\/\">aufsteigende Feuchtigkeit B\u00fcchen<\/a>, <a href=\"https:\/\/bautenschutz-keul.de\/angebote\/bauwerksabdichtung-bispingen\/\">Bauwerksabdichtung Bispingen<\/a>, <a href=\"https:\/\/bautenschutz-keul.de\/angebote\/schimmelbeseitigung-reppenstedt\/\">Schimmelbeseitigung Reppenstedt<\/a>, <a href=\"https:\/\/bautenschutz-keul.de\/angebote\/bauwerksabdichtung-lueneburg\/\">Bauwerksabdichtung L\u00fcneburg<\/a>, <a href=\"https:\/\/bautenschutz-keul.de\/angebote\/aussenabdichtung-maschen\/\">Au\u00dfenabdichtung Maschen<\/a>, <a href=\"https:\/\/bautenschutz-keul.de\/angebote\/kellerabdichtung-boizenburg\/\">Kellerabdichtung Boizenburg<\/a>, <a href=\"https:\/\/bautenschutz-keul.de\/angebote\/feuchte-wand-geesthacht\/\">Feuchte Wand Geesthacht<\/a>, <a href=\"https:\/\/bautenschutz-keul.de\/angebote\/aufsteigende-feuchtigkeit-boizenburg\/\">aufsteigende Feuchtigkeit Boizenburg<\/a>, <a href=\"https:\/\/bautenschutz-keul.de\/angebote\/feuchter-keller-bardowick\/\">Feuchter Keller Bardowick<\/a>, <a href=\"https:\/\/bautenschutz-keul.de\/angebote\/schimmel-bispingen\/\">Schimmel Bispingen<\/a>, <a href=\"https:\/\/bautenschutz-keul.de\/angebote\/kellerabdichtung-stelle\/\">Kellerabdichtung Stelle<\/a>"},"_links":{"self":[{"href":"https:\/\/bautenschutz-keul.de\/angebote\/wp-json\/wp\/v2\/pages\/428","targetHints":{"allow":["GET"]}}],"collection":[{"href":"https:\/\/bautenschutz-keul.de\/angebote\/wp-json\/wp\/v2\/pages"}],"about":[{"href":"https:\/\/bautenschutz-keul.de\/angebote\/wp-json\/wp\/v2\/types\/page"}],"author":[{"embeddable":true,"href":"https:\/\/bautenschutz-keul.de\/angebote\/wp-json\/wp\/v2\/users\/1"}],"replies":[{"embeddable":true,"href":"https:\/\/bautenschutz-keul.de\/angebote\/wp-json\/wp\/v2\/comments?post=428"}],"version-history":[{"count":0,"href":"https:\/\/bautenschutz-keul.de\/angebote\/wp-json\/wp\/v2\/pages\/428\/revisions"}],"wp:attachment":[{"href":"https:\/\/bautenschutz-keul.de\/angebote\/wp-json\/wp\/v2\/media?parent=428"}],"curies":[{"name":"wp","href":"https:\/\/api.w.org\/{rel}","templated":true}]}}