{"id":429,"date":"2021-09-13T08:44:08","date_gmt":"2021-09-13T06:44:08","guid":{"rendered":"https:\/\/bautenschutz-keul.de\/angebote\/kellertrockenlegung-buechen\/"},"modified":"2021-09-13T08:44:08","modified_gmt":"2021-09-13T06:44:08","slug":"kellertrockenlegung-buechen","status":"publish","type":"page","link":"https:\/\/bautenschutz-keul.de\/angebote\/kellertrockenlegung-buechen\/","title":{"rendered":"Kellertrockenlegung &#8211; B\u00fcchen"},"content":{"rendered":"<h3>Kellertrockenlegung: Bei uns kompetent und schnell!<\/h3>\n<p>Ein dauerhaft nasser Keller kann die Substanz eines Bauwerkes erheblich gef\u00e4hrden. Und nicht nur das: Auch Gesundheitsgefahren<br \/>\ndurch nasse Geb\u00e4udebereiche sind nicht auszuschlie\u00dfen. Ganz besonders die von drau\u00dfen einsickernde N\u00e4sse ist ein schwerwiegendes Problem, das man nicht untersch\u00e4tzen sollte. Bei bedenklichen und verbreiteten Durchfeuchtungen ist eine fachgerecht ausgef\u00fchrte Kellertrockenlegung meistens unausweichlich. Bevor man allerdings eine Kellertrockenlegung in Angriff nimmt, ist es erst einmal wichtig, zu kl\u00e4ren, aus welchen Ursachen es eigentlich zu einer Durchfeuchtung gekommen ist. Umfang und Vorgehensweisen, die der Spezialist f\u00fcr die nachhaltige Kellertrockenlegung r\u00e4t, h\u00e4ngen nicht zuletzt von der prim\u00e4ren Ursache ab. Eine defekte Abflu\u00dfleitung oder eine nur unzureichend ged\u00e4mmte Au\u00dfenwand<br \/>\nzieht einen anderen Sanierungsaufwand nach sich, als es zum Beispiel eine Durchn\u00e4ssung durch einen hohen Grundwasserpegel tut. Es stellt sich daher die Frage, ob die Kellertrockenlegung durch ein vor\u00fcbergehendes Problem n\u00f6tig wird oder ob die Ursache zum Beispiel in der Bausubstanz zu suchen ist.<\/p>\n<h3>Kellertrockenlegung \u2013 wir \u00fcbernehmen das!<\/h3>\n<p>Um die geeigneteste Art der Kellertrockenlegung zu ermitteln, ist es empfehlenswert, dass der Schaden von einen Fachmann begutachtet wird. Einzig der Spezialist kennt die diversen Mittel einer Kellertrockenlegung und beurteilt die unterschiedlichen Verfahren sowohl aus einer fachlichen wie auch aus einer \u00f6konomischen Perspektive. Sollte in Ihrem Privat- oder Gesch\u00e4ftsgeb\u00e4ude eine Kellertrockenlegung von N\u00f6ten sein, so vereinbaren Sie bitte rasch einen Termin mit einem unserer Fachleute. W\u00e4hrend einer Ortsbegehung sch\u00e4tzen wir den entsprechenden Reparaturbedarf, erkl\u00e4ren die unterschiedlichen Methoden und berechnen die zu erwartenden Kosten. Je nach Bedarf k\u00f6nnen diverse Arten und Anwendungen der Kellertrockenlegung erforderlich werden. Gern informieren wir Sie \u00fcber die Methoden, die wir anraten.<\/p>\n","protected":false},"excerpt":{"rendered":"<p>Kellertrockenlegung: Bei uns kompetent und schnell! Ein dauerhaft nasser Keller kann die Substanz eines Bauwerkes erheblich gef\u00e4hrden. Und nicht nur das: Auch Gesundheitsgefahren durch nasse Geb\u00e4udebereiche sind nicht auszuschlie\u00dfen. Ganz besonders die von drau\u00dfen einsickernde N\u00e4sse ist ein schwerwiegendes Problem, das man nicht untersch\u00e4tzen sollte. Bei bedenklichen und verbreiteten Durchfeuchtungen ist eine fachgerecht ausgef\u00fchrte Kellertrockenlegung [&hellip;]<\/p>\n","protected":false},"author":1,"featured_media":0,"parent":0,"menu_order":0,"comment_status":"closed","ping_status":"closed","template":"","meta":{"footnotes":""},"class_list":["post-429","page","type-page","status-publish","hentry"],"meta_box":{"popseo_subtitel":"Die Firma TK-Geb\u00e4udetechnik Thorsten Keul ist Ihr Spezialist f\u00fcr eine Kellertrockenlegung in B\u00fcchen","popseo_subtitel2":"Kellertrockenlegung - wir haben die richtige L\u00f6sung f\u00fcr Sie!","popseo_lasttitel":"Kellertrockenlegung: Wir beantworten Ihre Fragen!","popseo_region":"B\u00fcchen","popseo_sachwort":"Kellertrockenlegung","popseo_noupdate":"","popseo_einleitungstext":"<p>W\u00e4nde, Mauern oder Kellerr\u00e4ume Ihrer Wohn- oder Gesch\u00e4ftsimmobilie weisen Durchfeuchtungen und damit einen echten Sanierungbedarf auf. Dann ist es h\u00f6chste Eisenbahn, sich \u00fcber eine qualifiziert ausgef\u00fchrte Trocknung Gedanken zu machen. Unser Fachbetrieb ist auf die Bauwerksabdichtung spezialisiert. Zu den Hauptaufgaben unseres Betriebes z\u00e4hlen unter anderem die Bereiche Kellerabdichtung, Schimmelbeseitigung und Mauertrockenlegung. Der nachhaltigen Sanierung gilt unsere Aufmersamkeit. Wir beraten qualifiziert, wie Sie Ihr Geb\u00e4ude umweltgerecht und preisg\u00fcnstig sanieren k\u00f6nnen. Ein paar erste Informationen hierzu lesen Sie nachfolgend auf diesen Seiten.<\/p>","popseo_schlusstext":"<p>Sehr gerne informieren wir Sie n\u00e4her \u00fcber unser Aufgabengebiet. Wir pr\u00e4sentieren Ihnen mit Vergn\u00fcgen auch einige Projekte, die Ihnen einen Einblick in unsere Arbeit geben.<br \/>\nDie Fachleute der Firma Thorsten Keul sind gerne f\u00fcr Sie im Einsatz. Rufen Sie uns doch rasch einmal an oder schreiben Sie uns eine kurze E-Mail. Wir freuen uns auf Ihre Kontaktaufnahme.<\/p>","popseo_stadttext":"<h3>Unsere Dienstleistungen auch f\u00fcr Kunden aus B\u00fcchen<\/h3>\n<p>Durch unsere Vertriebst\u00e4tigkeit haben wir uns einen ausgezeichneten \u00dcberblick \u00fcber die Stadtarchitektur der St\u00e4dte und Gemeinden unseres Einzugsbereiches erarbeiten k\u00f6nnen. Nat\u00fcrlich geh\u00f6rt auch B\u00fcchen zu unserem unmittelbaren Vertriebsgebiet. Wir freuen uns darauf, mit Ihnen in Kontakt zu kommen. <\/p>\n<h3>Gute Gr\u00fcnde sprechen f\u00fcr die Wohnorte B\u00fcchen<\/h3>\n<p>B\u00fcchen liegt im M\u00fcndungsbereich des Elbe-L\u00fcbeck-Kanals im Landkreis Herzogtum-Lauenburg im s\u00fcdlichen Schleswig-Holstein. In Summe 5.700 Einwohner leben in B\u00fcchen auf einer Gesamtfl\u00e4che von 16 Quadratkilometern. Die Entfernung zwischen B\u00fcchen und der Freien und Hansestadt Hamburg bel\u00e4uft sich auf gut 40 Kilometer. Viele Pendler haben ihren Wohnsitz in der Gemeinde B\u00fcchen. Wer seinen Arbeitsplatz in Hamburg hat, das private Umfeld allerdings lieber ein weniger \u00fcbersichtlicher hat, wei\u00df die Vorteile der Stadt B\u00fcchen zu sch\u00e4tzen.<\/p>\n<p>B\u00fcchen ist ein Halt auf den Eisenbahnlinien L\u00fcbeck-L\u00fcneburg und Hamburg-Berlin. Wer die Zeit der DDR-Diktatur miterlebt hat, erinnert sich sicher noch an die intensiven Passkontrollen im Bahnhof von B\u00fcchen. Bis 1990 lag B\u00fcchen im unmittelbaren Grenzgebiet zwischen der alten Bundesrepublik und der fr\u00fcheren DDR. Wer mit dem Wagen reist, erreicht die Stadt B\u00fcchen z.B. \u00fcber die Bundesautobahn A24. Die Abfahrt B\u00fcchen findet sich rund acht Kilometer von der Ortsmitte entfernt.<\/p>\n<h3>Wir kennen uns aus in B\u00fcchen<\/h3>\n<p>Die heutige Stadt B\u00fcchen ist ein Zusammenschluss verschiedener kleinerer Orte. Dem namensgebenden B\u00fcchen selbst gemeindete man in den 1930ern die Orte P\u00f6trau und N\u00fcssau ein. Das Amt B\u00fcchen z\u00e4hlt addiert 15 Gemeinden. Durch die Nachbarschaft zur Metropole Hamburg hat sich in B\u00fcchen ein erstaunlich bewegtes Wirtschaftsleben entwickelt. Der Wirtschaftsstandort ist g\u00fcnstig gelegen und bietet Firmen hervorragende Konditionen. <\/p>\n<p>Sehr gesch\u00e4tzt wird B\u00fcchen von Naturfreunden wegen seines beachtlichen Naherholungswertes. In B\u00fcchen startet man sehr gerne zu langen Exkursionen durch den Naturpark Lauenburgische Seen. Insbesondere f\u00fcr Familien ist B\u00fcchen vorteilhaft. Die ruhige Lage sowie eine hervorragende Infrastruktur zeichnen die Gemeinde aus. Alle Schulformen sind vorhanden und auch die \u00f6rtliche Jugendbegegnungsst\u00e4tte erfreut sich regem Zuspruch. <\/p>\n<h4>Wir f\u00fcr Sie in B\u00fcchen!<\/h4>\n<p>Wir finden es toll, dass Sie unsere Internetseite entdeckt haben. Wir garantieren Ihnen ein sehr gutes Preis-Leistungsverh\u00e4ltnis. Sie m\u00f6chten mehr \u00fcber uns wissen? F\u00fcr R\u00fcckfragen stehen wir Ihnen jederzeit zur Verf\u00fcgung. Auf Ihre Anfragen freuen wir uns.<\/p>","popseo_zusatztext":"<h3>Hohe Kosten? Nicht bei uns!<\/h3>\n<p>Sie interessieren sich f\u00fcr eine Kellertrockenlegung oder eine Sanierungsarbeit an Mauern bzw. W\u00e4nden und w\u00fcnschen sich ein passendes Angebot, das eine handwerklich gute Arbeit garantiert, gleichzeitig aber keine hohen Kosten verursacht. Prima, dann sind Sie bei uns an der richtigen Adresse. Als Fachbetrieb f\u00fcr Bauwerksabdichtung, Schimmelbeseitigung und Kellersanierung verarbeiten wir ausnahmslos hochwertige Materialien. Nichtsdestotrotz achten wir immer auf die Kosten, die selbstverst\u00e4ndlich \u00fcberschaubar bleiben sollen. Wir m\u00f6chten Ihnen beste Qualit\u00e4t anbieten, die trotzdem auch die Kosten im Blick hat. Bei uns stimmen Kosten und Qualit\u00e4t: Seit vielen Jahren schon sind wir Ihr qualifizierter Partner f\u00fcr Sanierungs- und Trocknungsarbeiten im norddeutschen Raum. Unser Standort liegt verkehrsg\u00fcnstig in Brietlingen bei L\u00fcndeburg. Die Kosten stets vor Augen: Wir sorgen f\u00fcr eine sachkundig durchgef\u00fchrte Sanierungsarbeit nach dem stets neuesten Stand der Technik.<\/p>\n<h3>Trocknung und Sanierung durch die Firma Wist: Beste Arbeit, geringe Kosten!<\/h3>\n<p>D\u00fcrfen wir Sie informieren, wie Sie die Kosten f\u00fcr eine Sanierung begrenzen k\u00f6nnen? Toll, dann warten Sie bitte nicht und nehmen am besten noch heute Verbindung mit uns auf. Ein kurzer Telefonanruf oder eine schnelle Email gen\u00fcgen. Die fachlich versierte Beratung ist gleicherma\u00dfen wichtig wie die fachgerechte Ausf\u00fchrung der entprechenden Arbeiten. Unsere Beratung ist selbstverst\u00e4ndlich v\u00f6llig unverbindlich. Qualit\u00e4tsbewusst bei \u00fcberschaubaren Kosten: Wir empfehlen uns als spezialisiertes Fachunternehmen im Norden. Unsere jahrelange Erfahrung zeichnet uns aus.<br \/>\nSenken Sie die Kosten f\u00fcr Ihr Sanierungsprojekt: Setzen Sie auf die Profis der Fachfirma Keul.<\/p>","popseo_links":"<a href=\"https:\/\/bautenschutz-keul.de\/angebote\/schimmelbeseitigung-amelinghausen\/\">Schimmelbeseitigung Amelinghausen<\/a>, <a href=\"https:\/\/bautenschutz-keul.de\/angebote\/horizontalsperre-seevetal-rosengarten\/\">Horizontalsperre Seevetal Rosengarten<\/a>, <a href=\"https:\/\/bautenschutz-keul.de\/angebote\/feuchtigkeitsschaden-winsen-luhe\/\">Feuchtigkeitsschaden Winsen Luhe<\/a>, <a href=\"https:\/\/bautenschutz-keul.de\/angebote\/schimmelbeseitigung-lueneburg\/\">Schimmelbeseitigung L\u00fcneburg<\/a>, <a href=\"https:\/\/bautenschutz-keul.de\/angebote\/feuchte-mauer-reinbek-aumuehle\/\">Feuchte Mauer Reinbek Aum\u00fchle<\/a>, <a href=\"https:\/\/bautenschutz-keul.de\/angebote\/kellerabdichtung-hanstedt\/\">Kellerabdichtung Hanstedt<\/a>, <a href=\"https:\/\/bautenschutz-keul.de\/angebote\/salpeter-im-keller-salzhausen\/\">Salpeter im Keller Salzhausen<\/a>, <a href=\"https:\/\/bautenschutz-keul.de\/angebote\/feuchtigkeitsschaden-ebstorf\/\">Feuchtigkeitsschaden Ebstorf<\/a>, <a href=\"https:\/\/bautenschutz-keul.de\/angebote\/feuchtigkeit-hanstedt\/\">Feuchtigkeit Hanstedt<\/a>, <a href=\"https:\/\/bautenschutz-keul.de\/angebote\/kellersanierung-harburg\/\">Kellersanierung Harburg<\/a>, <a href=\"https:\/\/bautenschutz-keul.de\/angebote\/kellerabdichtung-herzogtum-lauenburg\/\">Kellerabdichtung Herzogtum Lauenburg<\/a>, <a href=\"https:\/\/bautenschutz-keul.de\/angebote\/rissverpressung-bergedorf-wentorf\/\">Rissverpressung Bergedorf Wentorf<\/a>, <a href=\"https:\/\/bautenschutz-keul.de\/angebote\/schimmel-amelinghausen\/\">Schimmel Amelinghausen<\/a>, <a href=\"https:\/\/bautenschutz-keul.de\/angebote\/feuchtigkeitsschaden-amt-neuhaus\/\">Feuchtigkeitsschaden Amt Neuhaus<\/a>, <a href=\"https:\/\/bautenschutz-keul.de\/angebote\/kellerabdichtung-bardowick\/\">Kellerabdichtung Bardowick<\/a>, <a href=\"https:\/\/bautenschutz-keul.de\/angebote\/horizontalsperre-maschen\/\">Horizontalsperre Maschen<\/a>, <a href=\"https:\/\/bautenschutz-keul.de\/angebote\/feuchtigkeit-maschen\/\">Feuchtigkeit Maschen<\/a>, <a href=\"https:\/\/bautenschutz-keul.de\/angebote\/kellersanierung-ebstorf\/\">Kellersanierung Ebstorf<\/a>, <a href=\"https:\/\/bautenschutz-keul.de\/angebote\/schimmelbeseitigung-winsen-luhe\/\">Schimmelbeseitigung Winsen Luhe<\/a>, <a href=\"https:\/\/bautenschutz-keul.de\/angebote\/mauertrockenlegung-boizenburg\/\">Mauertrockenlegung Boizenburg<\/a>, <a href=\"https:\/\/bautenschutz-keul.de\/angebote\/kellerabdichtung-geesthacht\/\">Kellerabdichtung Geesthacht<\/a>, <a href=\"https:\/\/bautenschutz-keul.de\/angebote\/feuchte-wand-buchholz-in-der-nordheide\/\">Feuchte Wand Buchholz in der Nordheide<\/a>, <a href=\"https:\/\/bautenschutz-keul.de\/angebote\/innenabdichtung-hanstedt\/\">Innenabdichtung Hanstedt<\/a>, <a href=\"https:\/\/bautenschutz-keul.de\/angebote\/aufsteigende-feuchtigkeit-buchholz-in-der-nordheide\/\">aufsteigende Feuchtigkeit Buchholz in der Nordheide<\/a>, <a href=\"https:\/\/bautenschutz-keul.de\/angebote\/schimmelsanierung-bardowick\/\">Schimmelsanierung Bardowick<\/a>, <a href=\"https:\/\/bautenschutz-keul.de\/angebote\/feuchtigkeitsschaden-stelle\/\">Feuchtigkeitsschaden Stelle<\/a>, <a href=\"https:\/\/bautenschutz-keul.de\/angebote\/kellerabdichtung-adendorf\/\">Kellerabdichtung Adendorf<\/a>, <a href=\"https:\/\/bautenschutz-keul.de\/angebote\/salpeter-im-keller-brietlingen\/\">Salpeter im Keller Brietlingen<\/a>"},"_links":{"self":[{"href":"https:\/\/bautenschutz-keul.de\/angebote\/wp-json\/wp\/v2\/pages\/429","targetHints":{"allow":["GET"]}}],"collection":[{"href":"https:\/\/bautenschutz-keul.de\/angebote\/wp-json\/wp\/v2\/pages"}],"about":[{"href":"https:\/\/bautenschutz-keul.de\/angebote\/wp-json\/wp\/v2\/types\/page"}],"author":[{"embeddable":true,"href":"https:\/\/bautenschutz-keul.de\/angebote\/wp-json\/wp\/v2\/users\/1"}],"replies":[{"embeddable":true,"href":"https:\/\/bautenschutz-keul.de\/angebote\/wp-json\/wp\/v2\/comments?post=429"}],"version-history":[{"count":0,"href":"https:\/\/bautenschutz-keul.de\/angebote\/wp-json\/wp\/v2\/pages\/429\/revisions"}],"wp:attachment":[{"href":"https:\/\/bautenschutz-keul.de\/angebote\/wp-json\/wp\/v2\/media?parent=429"}],"curies":[{"name":"wp","href":"https:\/\/api.w.org\/{rel}","templated":true}]}}