{"id":431,"date":"2021-09-13T08:44:08","date_gmt":"2021-09-13T06:44:08","guid":{"rendered":"https:\/\/bautenschutz-keul.de\/angebote\/kellertrockenlegung-geesthacht\/"},"modified":"2021-09-13T08:44:08","modified_gmt":"2021-09-13T06:44:08","slug":"kellertrockenlegung-geesthacht","status":"publish","type":"page","link":"https:\/\/bautenschutz-keul.de\/angebote\/kellertrockenlegung-geesthacht\/","title":{"rendered":"Kellertrockenlegung &#8211; Geesthacht"},"content":{"rendered":"<h3>Sie interessieren sich f\u00fcr eine Kellertrockenlegung? Dann rufen Sie uns bitte an!<\/h3>\n<p>Ein dauerhaft nasser Keller kann die Substanz eines Hauses im starken Ma\u00dfe beeinflussen. Und nicht nur das: Auch Gesundheitsgef\u00e4hrdungen<br \/>\ndurch feuchte Geb\u00e4udeteile sind nicht auszuschlie\u00dfen. Ganz besonders die von drau\u00dfen eindringende N\u00e4sse ist ein erhebliches Problem, das man nicht herunterspielen sollte. Bei bedenklichen und weitreichenden Durchfeuchtungen ist eine fachgerecht gemachte Kellertrockenlegung meistens zwingend notwendig. Bevor man allerdings eine Kellertrockenlegung in Angriff nimmt, ist es zun\u00e4chst wichtig, zu kl\u00e4ren, aus welchen Gr\u00fcnden es \u00fcberhaupt zu einer Durchfeuchtung kommen konnte. Kosten und Methoden, die der Fachmann f\u00fcr die dauerhafte Kellertrockenlegung r\u00e4t, h\u00e4ngen nicht zuletzt von der eigentlichen Ursache ab. Eine undichte Leitung oder eine nicht ausreichend ged\u00e4mmte Wand<br \/>\nzieht einen anderen Sanierungsbedarf nach sich, als es zum Beispiel eine Durchn\u00e4ssung durch einen gestiegenen Grundwasserpegel tut. Es stellt sich dementsprechend die Frage, ob die Kellertrockenlegung durch ein vor\u00fcbergehendes Problem notwendig wird beziehungsweise ob die Ursache zum Beispiel in der Substanz zu finden ist.<\/p>\n<h3>Kellertrockenlegung \u2013 wir \u00fcbernehmen das!<\/h3>\n<p>Um die beste Art der Kellertrockenlegung zu ermitteln, ist es ratsam, dass der Mangel durch einen Profi beurteilt wird. Nur allein der Sachverst\u00e4ndige kennt die verschiedenen Ma\u00dfnahmen einer Kellertrockenlegung und bewertet die diversen Methoden sowohl aus einer fachlichen wie auch aus einer wirtschaftlichen Sichtweise. Sollte in Ihrem Haus eine Kellertrockenlegung erforderlich sein, so vereinbaren Sie bitte gleich einen Termin mit einem unserer Experten. Im Rahmen einer Ortsbegehung benennen wir den ben\u00f6tigten Reparaturbedarf, er\u00f6rtern die verschiedenen M\u00f6glichkeiten und \u00fcberschlagen die zu erwartenden Aufwendungen. Je nach Bedarf k\u00f6nnen verschiedene Arten und Methoden der Kellertrockenlegung erforderlich werden. Gern informieren wir Sie \u00fcber die Ma\u00dfnahmen, die wir empfehlen.<\/p>\n","protected":false},"excerpt":{"rendered":"<p>Sie interessieren sich f\u00fcr eine Kellertrockenlegung? Dann rufen Sie uns bitte an! Ein dauerhaft nasser Keller kann die Substanz eines Hauses im starken Ma\u00dfe beeinflussen. Und nicht nur das: Auch Gesundheitsgef\u00e4hrdungen durch feuchte Geb\u00e4udeteile sind nicht auszuschlie\u00dfen. Ganz besonders die von drau\u00dfen eindringende N\u00e4sse ist ein erhebliches Problem, das man nicht herunterspielen sollte. Bei bedenklichen [&hellip;]<\/p>\n","protected":false},"author":1,"featured_media":0,"parent":0,"menu_order":0,"comment_status":"closed","ping_status":"closed","template":"","meta":{"footnotes":""},"class_list":["post-431","page","type-page","status-publish","hentry"],"meta_box":{"popseo_subtitel":"Wir sind Ihr Fachanbieter f\u00fcr eine Kellertrockenlegung in Geesthacht","popseo_subtitel2":"Kellertrockenlegung - wir beraten Sie individuell und fachkundig!","popseo_lasttitel":"Kellertrockenlegung: Wir informieren Sie gerne auch pers\u00f6nlich!","popseo_region":"Geesthacht","popseo_sachwort":"Kellertrockenlegung","popseo_noupdate":"","popseo_einleitungstext":"<p>Wenn es um die Bauwerksabdichtung geht, sind Sie bei der Firma TK-Geb\u00e4udetechnik exakt an der richtigen Adresse. Seit Firmengr\u00fcndung sind wir Ihr lokaler Fachbetrieb f\u00fcr das Setzen von Horizontalsperren, die Kellerabdichtung und ganz grunds\u00e4tzlich f\u00fcr wirksame Methoden gegen aufsteigende Feuchtigkeit. Wir beurteilen die aktuelle Situation von W\u00e4nden und Mauern und zeigen Ihnen M\u00f6glichkeiten auf, wie Sie die Bausubstanz Ihrer Immobilie dauerhaft sch\u00fctzen k\u00f6nnen. Im Folgenden haben wir erste Informationen f\u00fcr Sie notiert.<\/p>","popseo_schlusstext":"<p>Sie ben\u00f6tigen einen Profi f\u00fcr die fachgerecht ausgef\u00fchrte Bauwerksabdichtung. Dann rufen Sie uns bitte rasch an. Wir freuen uns auf das Gespr\u00e4ch mit Ihnen. Wenn es um Sanierung geht, sind wir Ihr kompetenter Handwerkspartner. Wir sorgen f\u00fcr eine fachkundig durchgef\u00fchrte Arbeit nach dem stets derzeitigen Stand der Technik.<\/p>","popseo_stadttext":"<h3>Wir freuen uns \u00fcber zufriedene Kunden aus Geesthacht<\/h3>\n<p>Wir arbeiten f\u00fcr Kunden aus Geesthacht. Durch unsere Vertriebst\u00e4tigkeit haben wir uns einen ausgezeichneten \u00dcberblick \u00fcber die Architektur der Gemeinden und St\u00e4dte unseres Einzugsbereiches machen k\u00f6nnen. Nat\u00fcrlich z\u00e4hlt auch Ihre Region zu unserem unmittelbaren Wirkungskreis. Wir freuen uns darauf, mit Ihnen ins Gespr\u00e4ch zu treten. <\/p>\n<h3>Wissenswertes \u00fcber Geesthacht<\/h3>\n<p>S\u00fcd\u00f6stlich von Hamburg, direkt am Ufer der Elbe findet man Geesthacht, die gr\u00f6\u00dfte Stadt des Landkreises Herzogtum Lauenburg in Schleswig-Holstein. Geesthacht geh\u00f6rt bereits zu der Metropolregion Hamburg. Zur City von Hamburg sind es knapp 30 Kilometer, bis zum n\u00e4chstgelegenen Stadtteil Hamburg-Bergedorf knapp 12 km.<br \/>\nInnovationen und Fortschritt stehen f\u00fcr den Ort Geesthacht. Exemplarisch hierf\u00fcr sind das Kernkraftwerk Kr\u00fcmmel, das Pumpspeicherwerk und der Forschungsreaktor Geesthacht. Das macht Geesthacht zu dem gr\u00f6\u00dften Nuklear- und Energiestandort in Norddeutschland. Wen wundert es also, dass Geesthacht mit \u00fcber 50 Mio EUR R\u00fccklagen den 1. Rang unter den verm\u00f6gendsten St\u00e4dten in Schleswig-Holstein einnimmt. Ma\u00dfgebend sind hier allerdings die Zahlungen des KKW.<\/p>\n<p>Nach Geesthacht gelangt man mit dem Auto von S\u00fcden \u00fcber die Bundesstra\u00dfe 404. \u00dcber diese hat man auch Anbindung an die A25, \u00fcber die man direkt nach Hamburg kommt. Parallel zur Autobahn verl\u00e4uft die Bundesstra\u00dfe B5, die von Bergedorf \u00fcber die City von Geesthacht f\u00fchrt und in Lauenburg endet.<br \/>\nAuch mit \u00f6ffentlichen Verkehrsmitteln kann man, dank der Vernetzung mit dem HVV, Geesthacht einfach erreichen. Aufgrund der direkten Nachbarschaft zum Stadtgebiet von Hamburg bringt Sie der Bus bequem, innerhalb von 20 Minuten nach Hamburg.<\/p>\n<h4>Hohe Qualit\u00e4t f\u00fcr Kunden aus Geesthacht<\/h4>\n<p>Prima, dass Sie diese Seite gefunden haben. Wenn Sie ein Fachunternehmen suchen, sind Sie bei uns an der richtigen Adresse. Sie m\u00f6chten mehr \u00fcber uns erfahren? F\u00fcr R\u00fcckfragen stehen wir Ihnen jederzeit zur Verf\u00fcgung. Unser engagiertes Team freut sich auf Sie.<\/p>","popseo_zusatztext":"<h3>Hohe Kosten bei der Bauwerksabdichtung m\u00fcssen nicht sein<\/h3>\n<p>Sie sind interessiert an Trocknungs- oder Sanierungsarbeiten und w\u00fcnschen sich ein individuelles Angebot, das eine handwerklich gute Arbeit garantiert, gleichwohl keine hohen Kosten nach sich zieht. Toll, in diesem Fall sind Sie bei uns genau richtig. Als Handwerksbetrieb f\u00fcr Kellersanierung, Schimmelbeseitigung und Geb\u00e4udeabdichtung verarbeiten wir ausschlie\u00dflich hochwertige Materialien. Nichtsdestotrotz achten wir immer auf die Kosten, die nat\u00fcrlich nicht zu hoch sein sollen. Wir m\u00f6chten Ihnen Qualit\u00e4t anbieten, die zugleich auch die Kosten im Blick hat. Bei uns stimmen Kosten und Qualit\u00e4t: Bereits seit vielen Jahren sind wir Ihr erfahrener Fachbetrieb f\u00fcr Trocknungs- und Sanierungsarbeiten im norddeutschen Raum. Unser Gesch\u00e4ftssitz liegt verkehrsg\u00fcnstig in Brietlingen bei L\u00fcndeburg. Die Kosten stets im Blick: Wir versprechen Ihnen eine fachkundig durchgef\u00fchrte Sanierungsarbeit nach dem jeweils neuesten Stand der Technik.<\/p>\n<h3>Hochwertige Arbeit, geringe Kosten!<\/h3>\n<p>D\u00fcrfen wir Sie beraten, wie Sie die Kosten f\u00fcr eine Sanierung reduzieren? Prima, dann z\u00f6gern Sie bitte nicht und nehmen am besten noch heute Kontakt mit uns auf. Ein kurzer Telefonanruf oder auch eine kurze E-Mail gen\u00fcgen. Eine fachlich versierte Beratung ist genauso wichtig wie die perfekte Ausf\u00fchrung der entprechenden Arbeiten. Unsere fachliche Beratung ist nat\u00fcrlich absolut unverbindlich. Hochwertige Arbeit bei niedrigen Kosten: Wir empfehlen uns als spezialisiertes Unternehmen im Norden. Unsere jahrelange Erfahrung spricht f\u00fcr uns.<br \/>\nVerringern Sie die Kosten f\u00fcr Ihr Sanierungsprojekt: Setzen Sie auf die Profis der Fachfirma Keul.<\/p>","popseo_links":"<a href=\"https:\/\/bautenschutz-keul.de\/angebote\/feuchte-mauer-reinbek-aumuehle\/\">Feuchte Mauer Reinbek Aum\u00fchle<\/a>, <a href=\"https:\/\/bautenschutz-keul.de\/angebote\/feuchtigkeitsschaden-hanstedt\/\">Feuchtigkeitsschaden Hanstedt<\/a>, <a href=\"https:\/\/bautenschutz-keul.de\/angebote\/zerstoerter-putz-lueneburg\/\">zerst\u00f6rter Putz L\u00fcneburg<\/a>, <a href=\"https:\/\/bautenschutz-keul.de\/angebote\/horizontalsperre-schwarzenbek\/\">Horizontalsperre Schwarzenbek<\/a>, <a href=\"https:\/\/bautenschutz-keul.de\/angebote\/innenabdichtung-buechen\/\">Innenabdichtung B\u00fcchen<\/a>, <a href=\"https:\/\/bautenschutz-keul.de\/angebote\/feuchte-mauer-schwarzenbek\/\">Feuchte Mauer Schwarzenbek<\/a>, <a href=\"https:\/\/bautenschutz-keul.de\/angebote\/feuchtigkeitsschaden-buechen\/\">Feuchtigkeitsschaden B\u00fcchen<\/a>, <a href=\"https:\/\/bautenschutz-keul.de\/angebote\/kellersanierung-herzogtum-lauenburg\/\">Kellersanierung Herzogtum Lauenburg<\/a>, <a href=\"https:\/\/bautenschutz-keul.de\/angebote\/feuchter-keller-bergedorf-wentorf\/\">Feuchter Keller Bergedorf Wentorf<\/a>, <a href=\"https:\/\/bautenschutz-keul.de\/angebote\/aufsteigende-feuchtigkeit-tostedt-sittensen\/\">aufsteigende Feuchtigkeit Tostedt Sittensen<\/a>, <a href=\"https:\/\/bautenschutz-keul.de\/angebote\/rissverpressung-buechen\/\">Rissverpressung B\u00fcchen<\/a>, <a href=\"https:\/\/bautenschutz-keul.de\/angebote\/aussenabdichtung-herzogtum-lauenburg\/\">Au\u00dfenabdichtung Herzogtum Lauenburg<\/a>, <a href=\"https:\/\/bautenschutz-keul.de\/angebote\/zerstoerter-putz-seevetal-rosengarten\/\">zerst\u00f6rter Putz Seevetal Rosengarten<\/a>, <a href=\"https:\/\/bautenschutz-keul.de\/angebote\/feuchte-mauer-amt-neuhaus\/\">Feuchte Mauer Amt Neuhaus<\/a>, <a href=\"https:\/\/bautenschutz-keul.de\/angebote\/innenabdichtung-herzogtum-lauenburg\/\">Innenabdichtung Herzogtum Lauenburg<\/a>, <a href=\"https:\/\/bautenschutz-keul.de\/angebote\/aufsteigende-feuchtigkeit-geesthacht\/\">aufsteigende Feuchtigkeit Geesthacht<\/a>, <a href=\"https:\/\/bautenschutz-keul.de\/angebote\/feuchte-mauer-stelle\/\">Feuchte Mauer Stelle<\/a>, <a href=\"https:\/\/bautenschutz-keul.de\/angebote\/horizontalsperre-tostedt-sittensen\/\">Horizontalsperre Tostedt Sittensen<\/a>, <a href=\"https:\/\/bautenschutz-keul.de\/angebote\/schimmel-brietlingen\/\">Schimmel Brietlingen<\/a>, <a href=\"https:\/\/bautenschutz-keul.de\/angebote\/mauertrockenlegung-reinbek-aumuehle\/\">Mauertrockenlegung Reinbek Aum\u00fchle<\/a>, <a href=\"https:\/\/bautenschutz-keul.de\/angebote\/aufsteigende-feuchtigkeit-bienenbuettel\/\">aufsteigende Feuchtigkeit Bienenb\u00fcttel<\/a>, <a href=\"https:\/\/bautenschutz-keul.de\/angebote\/aussenabdichtung-adendorf\/\">Au\u00dfenabdichtung Adendorf<\/a>, <a href=\"https:\/\/bautenschutz-keul.de\/angebote\/schimmelbeseitigung-harburg\/\">Schimmelbeseitigung Harburg<\/a>, <a href=\"https:\/\/bautenschutz-keul.de\/angebote\/salpeter-im-keller-boizenburg\/\">Salpeter im Keller Boizenburg<\/a>, <a href=\"https:\/\/bautenschutz-keul.de\/angebote\/feuchtigkeitsschaden-adendorf\/\">Feuchtigkeitsschaden Adendorf<\/a>, <a href=\"https:\/\/bautenschutz-keul.de\/angebote\/salpeter-im-keller-jesteburg\/\">Salpeter im Keller Jesteburg<\/a>, <a href=\"https:\/\/bautenschutz-keul.de\/angebote\/schimmel-schwarzenbek\/\">Schimmel Schwarzenbek<\/a>, <a href=\"https:\/\/bautenschutz-keul.de\/angebote\/salpeter-im-keller-adendorf\/\">Salpeter im Keller Adendorf<\/a>"},"_links":{"self":[{"href":"https:\/\/bautenschutz-keul.de\/angebote\/wp-json\/wp\/v2\/pages\/431","targetHints":{"allow":["GET"]}}],"collection":[{"href":"https:\/\/bautenschutz-keul.de\/angebote\/wp-json\/wp\/v2\/pages"}],"about":[{"href":"https:\/\/bautenschutz-keul.de\/angebote\/wp-json\/wp\/v2\/types\/page"}],"author":[{"embeddable":true,"href":"https:\/\/bautenschutz-keul.de\/angebote\/wp-json\/wp\/v2\/users\/1"}],"replies":[{"embeddable":true,"href":"https:\/\/bautenschutz-keul.de\/angebote\/wp-json\/wp\/v2\/comments?post=431"}],"version-history":[{"count":0,"href":"https:\/\/bautenschutz-keul.de\/angebote\/wp-json\/wp\/v2\/pages\/431\/revisions"}],"wp:attachment":[{"href":"https:\/\/bautenschutz-keul.de\/angebote\/wp-json\/wp\/v2\/media?parent=431"}],"curies":[{"name":"wp","href":"https:\/\/api.w.org\/{rel}","templated":true}]}}