{"id":432,"date":"2021-09-13T08:44:08","date_gmt":"2021-09-13T06:44:08","guid":{"rendered":"https:\/\/bautenschutz-keul.de\/angebote\/kellertrockenlegung-glinde-sachsenwald\/"},"modified":"2021-09-13T08:44:08","modified_gmt":"2021-09-13T06:44:08","slug":"kellertrockenlegung-glinde-sachsenwald","status":"publish","type":"page","link":"https:\/\/bautenschutz-keul.de\/angebote\/kellertrockenlegung-glinde-sachsenwald\/","title":{"rendered":"Kellertrockenlegung &#8211; Glinde Sachsenwald"},"content":{"rendered":"<h3>Fragen Sie den Fachbetrieb in Sachen Kellertrockenlegung!<\/h3>\n<p>Ein fortw\u00e4hrend durchn\u00e4sster Keller kann die Substanz eines Bauwerkes erheblich beeintr\u00e4chtigen. Und nicht nur das: Sogar Gesundheitsgefahren<br \/>\ndurch durchfeuchtete Geb\u00e4udebereiche sind nicht auszuschlie\u00dfen. Ganz besonders die von au\u00dfen einsickernde N\u00e4sse ist ein gravierendes Problem, das man nicht untersch\u00e4tzen sollte. Bei bedrohlichen und verbreiteten Durchfeuchtungen ist eine professionell umgesetzte Kellertrockenlegung in der Regel zwingend notwendig. Bevor man aber eine Kellertrockenlegung beginnt, ist es zun\u00e4chst wichtig, abzukl\u00e4ren, aus welchen Gr\u00fcnden es \u00fcberhaupt zu einer Durchn\u00e4ssung gekommen ist. Umfang und Vorgehensweisen, die der Spezialist f\u00fcr die anhaltende Kellertrockenlegung empfiehlt, h\u00e4ngen nicht letztlich von der eigentlichen Ursache ab. Eine defekte Wasserleitung oder auch eine nicht ausreichend isolierte Wand<br \/>\nzieht einen anderen Sanierungsaufwand nach sich, als es zum Beispiel eine Durchfeuchtung durch einen hohen Grundwasserpegel tut. Es stellt sich also die Frage, ob die Kellertrockenlegung durch ein vor\u00fcbergehendes Problem notwendig wird beziehungsweise ob der Grund beispielsweise in der Bausubstanz zu suchen ist.<\/p>\n<h3>Kellertrockenlegung \u2013 wir \u00fcbernehmen das!<\/h3>\n<p>Um die beste Art der Kellertrockenlegung zu festzustellen, ist es empfehlenswert, dass der Mangel von einen Spezialisten beurteilt wird. Einzig der Fachmann kennt die unterschiedlichen Ma\u00dfnahmen einer Kellertrockenlegung und betrachtet die verschiedenen Verfahren sowohl aus einer handwerklichen als auch aus einer wirtschaftlichen Sicht. Sollte in Ihrem Geb\u00e4ude eine Kellertrockenlegung notwendig sein, so machen Sie bitte rasch einen Termin mit einem unserer Experten. Im Rahmen einer Ortsbegehung ermitteln wir den optimalen Sanierungsbedarf, erl\u00e4utern die verschiedenen Methoden und sch\u00e4tzen die zu veranschlagenden Aufwendungen. Bedarfsabh\u00e4ngig k\u00f6nnen unterschiedliche Verfahren und Methoden der Kellertrockenlegung n\u00f6tig werden. Gerne informieren wir Sie \u00fcber die Methoden, die wir raten.<\/p>\n","protected":false},"excerpt":{"rendered":"<p>Fragen Sie den Fachbetrieb in Sachen Kellertrockenlegung! Ein fortw\u00e4hrend durchn\u00e4sster Keller kann die Substanz eines Bauwerkes erheblich beeintr\u00e4chtigen. Und nicht nur das: Sogar Gesundheitsgefahren durch durchfeuchtete Geb\u00e4udebereiche sind nicht auszuschlie\u00dfen. Ganz besonders die von au\u00dfen einsickernde N\u00e4sse ist ein gravierendes Problem, das man nicht untersch\u00e4tzen sollte. Bei bedrohlichen und verbreiteten Durchfeuchtungen ist eine professionell umgesetzte [&hellip;]<\/p>\n","protected":false},"author":1,"featured_media":0,"parent":0,"menu_order":0,"comment_status":"closed","ping_status":"closed","template":"","meta":{"footnotes":""},"class_list":["post-432","page","type-page","status-publish","hentry"],"meta_box":{"popseo_subtitel":"Die Firma TK-Geb\u00e4udetechnik Thorsten Keul ist Ihr erfahrener Fachbetrieb f\u00fcr eine Kellertrockenlegung im Raum Glinde Sachsenwald","popseo_subtitel2":"Kellertrockenlegung durch die Spezialisten unserer Firma","popseo_lasttitel":"Kellertrockenlegung: Unsere Experten beantworten Ihre Fragen","popseo_region":"Glinde Sachsenwald","popseo_sachwort":"Kellertrockenlegung","popseo_noupdate":"","popseo_einleitungstext":"<p>Sie haben sich mit dem Thema Bauwerksabdichtung besch\u00e4ftigt, weil Ihre Immobilie feuchte Geb\u00e4udebereiche aufweist und Sie nach Methoden einer wirkungsvollen und professionellen Sanierung Ausschau halten. Gut, dass Sie zu uns gefunden haben. Auf den folgenden Seiten d\u00fcrfen wir Ihnen einige Informationen zu unserem Leistungsangebot geben. Sie lernen auf dieser Internetseite unsere Firma etwas n\u00e4her kennen. <\/p>\n<p>Die Firma TK-Geb\u00e4udetechnik Thorsten Keul ist ein spezialisierter und erfahrener Handwerksbetrieb mit Firmensitz in Brietlingen bei L\u00fcneburg. Seit vielen Jahren schon sind wir Ihr Spezialist f\u00fcr alle Fragen rund um die Bauwerksabdichtung. Wir setzen ausschlie\u00dflich praxisbew\u00e4hrte und effektive Sanierungsmethoden und -systeme ein. Als Sanierungsfachbetrieb schauen wir auf eine lange und intensive Berufserfahrung zur\u00fcck. Unsere gut geschulten Fachkr\u00e4fte informieren Sie sehr gerne im Detail.<\/p>","popseo_schlusstext":"<p>Sehr gerne informieren wir Sie n\u00e4her \u00fcber unser Aufgabenfeld. Wir nennen Ihnen mit Vergn\u00fcgen auch ein paar Projekte, die Ihnen einen Einblick in unsere Unternehmenst\u00e4tigkeit geben.<br \/>\nSetzen Sie auf die Expertise eines erfahrenen Fachbetriebes. Rufen Sie uns doch rasch einmal an oder senden Sie uns eine schnelle E-Mail. Wir freuen uns auf Sie.<\/p>","popseo_stadttext":"<h3>Wir arbeiten gerne f\u00fcr Kunden aus der Region Glinde \/ Sachsenwald<\/h3>\n<p>Sie leben in  in der N\u00e4he vom Sachsenwald oder in Glinde und sind hier im World Wide Web auf unsere Homepage gesto\u00dfen? Das finden wir toll. Sehr gerne pr\u00e4sentieren wir Ihnen unser komplettes Leistungsspektrum und beantworten Ihre Fragen. Durch unsere Vertriebst\u00e4tigkeit haben wir uns einen sehr guten \u00dcberblick \u00fcber die Architektur der Gemeinden und St\u00e4dte unseres Einzugsbereiches machen k\u00f6nnen. Selbstverst\u00e4ndlich geh\u00f6rt auch die Region Glinde \/ Sachsenwald zu unserem unmittelbaren Gesch\u00e4ftsgebiet. Wir freuen uns darauf, mit Ihnen ins Gespr\u00e4ch zu treten. <\/p>\n<h3>Wissenswertes \u00fcber die Region Glinde \/ Sachsenwald<\/h3>\n<p>Die Stormarner Gemeinde Glinde geh\u00f6rt zur der Metropolregion Hamburg und gut 20 km am s\u00fcd\u00f6stlichen Rand von Hamburg gelegen. Durch die Anbindung an das Verkehrsnetz des HVV sowie an die Verkehrsbetriebe von Schleswig- Holstein sind Ziele in der n\u00e4heren Umgebung oder nat\u00fcrlich auch die Hamburger City von Glinde aus schnell erreichbar.<br \/>\nInsgesamt acht Busstrecken bilden \u00f6ffentlichen Personennahverkehr von Glinde nach Hamburg bzw. in die angrenzenden Gemeinden. Ferner besteht eine direkte Anbindung mit der Eisenbahn nach Hamburg. \u00dcber den Hamburger Hauptbahnhof bekommt man eine Verbindung an das komplette Verkehrsnetz. Dar\u00fcber hinaus besteht noch die M\u00f6glichkeit, den Metronombus zu nehmen, mit dem man von Glinde nach Hamburg knapp 40 Minuten braucht. Auch f\u00fcr das Auto stehen viele \u00fcberregionale Verkehrsverbindungen zur Verf\u00fcgung. Gleich zwei Autobahnanschl\u00fcsse befinden sich in unmittelbarer N\u00e4he. \u00dcber die Autobahn A24 (AS Reinbek\/Glinde) bzw. die Autobahn A1 erreicht man schnell sein Ziel.<br \/>\nWegen seiner als gut zu bewertenden Infrastruktur hat sich Glinde zu einem beliebten Wohnquartier entwickelt.  Deutlich \u00fcber die H\u00e4lfte des Stadtgebietes von Glinde wird landwirtschaftlich genutzt oder besteht aus Park- oder Wasserfl\u00e4chen. <\/p>\n<h3>Besuchen Sie den Sachsenwald!<\/h3>\n<p>Unweit von Glinde entfernt, findet sich der Sachsenwald. Mit Fl\u00e4che von ca. 70 qkm gilt der Sachsenwald als weitfl\u00e4chigstes Waldgebiet des Landes Schleswig-Holstein. Der Sachsenwald ist ein gemeindefreies Territorium. Es grenzt an die Kreise Stormarn sowie Herzogtum Lauenburg. Naturfreunde haben im Sachsenwald ein wahres Paradies. Ein sch\u00f6ner Spaziergang durch das wunderbare Waldgebiet garantiert Mu\u00dfe und Erholung. Viele Tiere und Pflanzen haben im Sachsenwald ihr Revier gefunden. Die heimische Tierwelt hat im Sachsenwald einen weitestgehend intakten Lebensraum. Der Sachsenwald gliedert sich in die Bezirke Aum\u00fchle, Wohltorf und Friedrichsruh\/Stangenteich auf. Die dazugeh\u00f6rigen Orte erfreuen sich als exquisite Wohngebiete besonderer Popularit\u00e4t.<\/p>\n<h4>Hohe Qualit\u00e4t f\u00fcr Kunden aus Glinde und den Gemeinden am Sachsenwald<\/h4>\n<p>Sie leben in Glinde oder einer der beschaulichen Orte am Sachsenwald, interessieren sich f\u00fcr unser Angebot und haben deshalb unsere Website besucht? Dar\u00fcber freuen wir uns sehr. Unser freundliches Spezialistenteam nimmt gerne Ihren Anruf entgegen oder beantwortet Ihre E-Mail.<\/p>","popseo_zusatztext":"<h3>Hohe Kosten bei der Bauwerksabdichtung m\u00fcssen nicht sein<\/h3>\n<p>Sie interessieren sich f\u00fcr eine Kellertrockenlegung oder eine Sanierungsarbeit an Mauern bzw. W\u00e4nden und w\u00fcnschen sich ein entsprechendes Angebot, das eine handwerklich gute Arbeit garantiert, gleichzeitig aber keine hohen Kosten nach sich zieht. Toll, in diesem Fall sind Sie bei uns genau richtig. Als Fachbetrieb f\u00fcr Schimmelbeseitigung, Geb\u00e4udeabdichtung und Kellersanierung verarbeiten wir ausschlie\u00dflich hochwertige Materialien. Trotzdem achten wir immer auf die Kosten, die nat\u00fcrlich nicht zu hoch sein sollen. Wir m\u00f6chten Ihnen beste Qualit\u00e4t bieten, die trotzdem auch die Kosten im Blick hat. Bei uns stimmen Kosten und Qualit\u00e4t: Schon seit etlichen Jahren sind wir Ihr qualifizierter Partner f\u00fcr Trocknungs- und Sanierungsarbeiten im norddeutschen Raum. Unser Unternehmenssitz liegt verkehrsg\u00fcnstig in Brietlingen bei L\u00fcndeburg. Die Kosten stets vor Augen: Wir bieten Ihnen eine professionell durchgef\u00fchrte Sanierungsarbeit nach dem immer aktuellsten Stand der Technik.<\/p>\n<h3>Die Kosten stets vor Augen<\/h3>\n<p>D\u00fcrfen wir Sie beraten, wie Sie die Kosten f\u00fcr eine Sanierung senken k\u00f6nnen? Super, dann warten Sie bitte nicht und nehmen am besten gleich heute Verbindung mit uns auf. Ein kurzer Anruf oder auch eine kurze Email gen\u00fcgen. Eine gute und umfangreiche Beratung ist genauso wichtig wie die sachgem\u00e4\u00dfe Ausf\u00fchrung der entprechenden Arbeiten. Unsere Beratung ist nat\u00fcrlich v\u00f6llig unverbindlich. Beste Qualit\u00e4t bei moderaten Kosten: Wir empfehlen uns als spezialisiertes Unternehmen in Norddeutschland. Unsere jahrelange Erfahrung spricht f\u00fcr uns.<br \/>\nVerringern Sie die Kosten f\u00fcr Ihr Sanierungsprojekt: Setzen Sie auf die Profis der Fachfirma Keul.<\/p>","popseo_links":"<a href=\"https:\/\/bautenschutz-keul.de\/angebote\/zerstoerter-putz-ebstorf\/\">zerst\u00f6rter Putz Ebstorf<\/a>, <a href=\"https:\/\/bautenschutz-keul.de\/angebote\/aufsteigende-feuchtigkeit-harburg\/\">aufsteigende Feuchtigkeit Harburg<\/a>, <a href=\"https:\/\/bautenschutz-keul.de\/angebote\/rissverpressung-bardowick\/\">Rissverpressung Bardowick<\/a>, <a href=\"https:\/\/bautenschutz-keul.de\/angebote\/aufsteigende-feuchtigkeit-ebstorf\/\">aufsteigende Feuchtigkeit Ebstorf<\/a>, <a href=\"https:\/\/bautenschutz-keul.de\/angebote\/zerstoerter-putz-stelle\/\">zerst\u00f6rter Putz Stelle<\/a>, <a href=\"https:\/\/bautenschutz-keul.de\/angebote\/schimmelbeseitigung-hanstedt\/\">Schimmelbeseitigung Hanstedt<\/a>, <a href=\"https:\/\/bautenschutz-keul.de\/angebote\/feuchte-mauer-ebstorf\/\">Feuchte Mauer Ebstorf<\/a>, <a href=\"https:\/\/bautenschutz-keul.de\/angebote\/salpeter-im-keller-reppenstedt\/\">Salpeter im Keller Reppenstedt<\/a>, <a href=\"https:\/\/bautenschutz-keul.de\/angebote\/schimmelbeseitigung-brietlingen\/\">Schimmelbeseitigung Brietlingen<\/a>, <a href=\"https:\/\/bautenschutz-keul.de\/angebote\/mauertrockenlegung-brietlingen\/\">Mauertrockenlegung Brietlingen<\/a>, <a href=\"https:\/\/bautenschutz-keul.de\/angebote\/rissverpressung-bispingen\/\">Rissverpressung Bispingen<\/a>, <a href=\"https:\/\/bautenschutz-keul.de\/angebote\/feuchtigkeitsschaden-seevetal-rosengarten\/\">Feuchtigkeitsschaden Seevetal Rosengarten<\/a>, <a href=\"https:\/\/bautenschutz-keul.de\/angebote\/rissverpressung-bienenbuettel\/\">Rissverpressung Bienenb\u00fcttel<\/a>, <a href=\"https:\/\/bautenschutz-keul.de\/angebote\/horizontalsperre-brietlingen\/\">Horizontalsperre Brietlingen<\/a>, <a href=\"https:\/\/bautenschutz-keul.de\/angebote\/rissverpressung-lueneburg\/\">Rissverpressung L\u00fcneburg<\/a>, <a href=\"https:\/\/bautenschutz-keul.de\/angebote\/kellersanierung-winsen-luhe\/\">Kellersanierung Winsen Luhe<\/a>, <a href=\"https:\/\/bautenschutz-keul.de\/angebote\/horizontalsperre-reinbek-aumuehle\/\">Horizontalsperre Reinbek Aum\u00fchle<\/a>, <a href=\"https:\/\/bautenschutz-keul.de\/angebote\/feuchter-keller-maschen\/\">Feuchter Keller Maschen<\/a>, <a href=\"https:\/\/bautenschutz-keul.de\/angebote\/aufsteigende-feuchtigkeit-tostedt-sittensen\/\">aufsteigende Feuchtigkeit Tostedt Sittensen<\/a>, <a href=\"https:\/\/bautenschutz-keul.de\/angebote\/salpeter-im-keller-salzhausen\/\">Salpeter im Keller Salzhausen<\/a>, <a href=\"https:\/\/bautenschutz-keul.de\/angebote\/zerstoerter-putz-tostedt-sittensen\/\">zerst\u00f6rter Putz Tostedt Sittensen<\/a>, <a href=\"https:\/\/bautenschutz-keul.de\/angebote\/aufsteigende-feuchtigkeit-schwarzenbek\/\">aufsteigende Feuchtigkeit Schwarzenbek<\/a>, <a href=\"https:\/\/bautenschutz-keul.de\/angebote\/feuchte-mauer-adendorf\/\">Feuchte Mauer Adendorf<\/a>, <a href=\"https:\/\/bautenschutz-keul.de\/angebote\/schimmel-geesthacht\/\">Schimmel Geesthacht<\/a>, <a href=\"https:\/\/bautenschutz-keul.de\/angebote\/bauwerksabdichtung-stelle\/\">Bauwerksabdichtung Stelle<\/a>, <a href=\"https:\/\/bautenschutz-keul.de\/angebote\/feuchter-keller-bergedorf-wentorf\/\">Feuchter Keller Bergedorf Wentorf<\/a>, <a href=\"https:\/\/bautenschutz-keul.de\/angebote\/bauwerksabdichtung-maschen\/\">Bauwerksabdichtung Maschen<\/a>, <a href=\"https:\/\/bautenschutz-keul.de\/angebote\/salpeter-im-keller-buechen\/\">Salpeter im Keller B\u00fcchen<\/a>"},"_links":{"self":[{"href":"https:\/\/bautenschutz-keul.de\/angebote\/wp-json\/wp\/v2\/pages\/432","targetHints":{"allow":["GET"]}}],"collection":[{"href":"https:\/\/bautenschutz-keul.de\/angebote\/wp-json\/wp\/v2\/pages"}],"about":[{"href":"https:\/\/bautenschutz-keul.de\/angebote\/wp-json\/wp\/v2\/types\/page"}],"author":[{"embeddable":true,"href":"https:\/\/bautenschutz-keul.de\/angebote\/wp-json\/wp\/v2\/users\/1"}],"replies":[{"embeddable":true,"href":"https:\/\/bautenschutz-keul.de\/angebote\/wp-json\/wp\/v2\/comments?post=432"}],"version-history":[{"count":0,"href":"https:\/\/bautenschutz-keul.de\/angebote\/wp-json\/wp\/v2\/pages\/432\/revisions"}],"wp:attachment":[{"href":"https:\/\/bautenschutz-keul.de\/angebote\/wp-json\/wp\/v2\/media?parent=432"}],"curies":[{"name":"wp","href":"https:\/\/api.w.org\/{rel}","templated":true}]}}