{"id":433,"date":"2021-09-13T08:44:08","date_gmt":"2021-09-13T06:44:08","guid":{"rendered":"https:\/\/bautenschutz-keul.de\/angebote\/kellertrockenlegung-hanstedt\/"},"modified":"2021-09-13T08:44:08","modified_gmt":"2021-09-13T06:44:08","slug":"kellertrockenlegung-hanstedt","status":"publish","type":"page","link":"https:\/\/bautenschutz-keul.de\/angebote\/kellertrockenlegung-hanstedt\/","title":{"rendered":"Kellertrockenlegung &#8211; Hanstedt"},"content":{"rendered":"<h3>Kellertrockenlegung: Bei uns kompetent und schnell!<\/h3>\n<p>Ein st\u00e4ndig nasser Keller kann die Substanz eines Hauses erheblich beeinflussen. Und nicht nur das: Auch Gesundheitsbeeintr\u00e4chtigungen<br \/>\ndurch feuchte Hausbereiche sind nicht auszuschlie\u00dfen. Insbesondere die von drau\u00dfen eintretende Feuchtigkeit ist ein gravierendes Problem, das man nicht herunterspielen sollte. Bei brisanten und umfangreichen Durchfeuchtungen ist eine professionell gemachte Kellertrockenlegung in der Regel zwingend notwendig. Bevor man aber eine Kellertrockenlegung beginnt, ist es zun\u00e4chst wichtig, abzukl\u00e4ren, aus welchen Ursachen es eigentlich zu einer Durchn\u00e4ssung kommen konnte. Aufwand und Vorgehensweisen, die der Profi f\u00fcr die nachhaltige Kellertrockenlegung r\u00e4t, h\u00e4ngen nicht letztendlich von der eigentlichen Ursache ab. Eine defekte Leitung oder eine schlecht isolierte Au\u00dfenwand<br \/>\nzieht einen anderen Sanierungsbedarf nach sich, als es beispielsweise eine Durchfeuchtung durch einen erh\u00f6hten Wasserspiegel tut. Es stellt sich also die Frage, ob die Kellertrockenlegung durch ein vor\u00fcbergehendes Problem notwendig wird oder ob die Ursache nicht zuletzt in der Substanz zu lokalisieren ist.<\/p>\n<h3>Kellertrockenlegung \u2013 wir \u00fcbernehmen das!<\/h3>\n<p>Um die beste Art der Kellertrockenlegung zu ermitteln, ist es ratsam, dass der Mangel von einen Fachmann beurteilt wird. Einzig der Fachmann kennt die verschiedenen Ma\u00dfnahmen einer Kellertrockenlegung und betrachtet die verschiedenen Methoden sowohl aus einer fachlichen als auch aus einer wirtschaftlichen Sicht. Sollte in Ihrem Haus eine Kellertrockenlegung erforderlich sein, so verabreden Sie bitte gleich einen Termin mit einem unserer Mitarbeiter. Bei einer Ortsbesichtigung sch\u00e4tzen wir den optimalen Reparaturbedarf, er\u00f6rtern die diversen M\u00f6glichkeiten und sch\u00e4tzen die zu veranschlagenden Aufwendungen. Bedarfsabh\u00e4ngig k\u00f6nnen verschiedene Verfahren und Methoden der Kellertrockenlegung notwendig werden. Sehr gerne informieren wir Sie \u00fcber die Ma\u00dfnahmen, die wir empfehlen.<\/p>\n","protected":false},"excerpt":{"rendered":"<p>Kellertrockenlegung: Bei uns kompetent und schnell! Ein st\u00e4ndig nasser Keller kann die Substanz eines Hauses erheblich beeinflussen. Und nicht nur das: Auch Gesundheitsbeeintr\u00e4chtigungen durch feuchte Hausbereiche sind nicht auszuschlie\u00dfen. Insbesondere die von drau\u00dfen eintretende Feuchtigkeit ist ein gravierendes Problem, das man nicht herunterspielen sollte. Bei brisanten und umfangreichen Durchfeuchtungen ist eine professionell gemachte Kellertrockenlegung in [&hellip;]<\/p>\n","protected":false},"author":1,"featured_media":0,"parent":0,"menu_order":0,"comment_status":"closed","ping_status":"closed","template":"","meta":{"footnotes":""},"class_list":["post-433","page","type-page","status-publish","hentry"],"meta_box":{"popseo_subtitel":"Wir sind Ihr Fachanbieter f\u00fcr eine Kellertrockenlegung in Hanstedt","popseo_subtitel2":"Kellertrockenlegung - setzen Sie auf unsere Erfahrung","popseo_lasttitel":"Kellertrockenlegung: F\u00fcr weitere Informationen sprechen Sie uns bitte an","popseo_region":"Hanstedt","popseo_sachwort":"Kellertrockenlegung","popseo_noupdate":"","popseo_einleitungstext":"<p>Sie haben sich mit dem Thema Bauwerksabdichtung besch\u00e4ftigt, weil Ihr Haus feuchte Geb\u00e4udeteile aufweist und Sie nach Methoden einer wirkungsvollen und professionellen Sanierung Ausschau halten. Hervorragend, dass Sie unsere Homepage entdeckt haben. Nachfolgend d\u00fcrfen wir Ihnen einige Informationen zu unserem Leistungsangebot geben. Sie lernen auf dieser Website unsere Firma n\u00e4her kennen. <\/p>\n<p>Unser Unternehmen ist ein versierter und etablierter Handwerksbetrieb mit Gesch\u00e4ftsssitz in Brietlingen bei L\u00fcneburg. Seit vielen Jahren schon sind wir Ihr Fachpartner f\u00fcr alle auftretenden Fragen rund um Geb\u00e4udeabdichtung. Wir setzen ausschlie\u00dflich praxisbew\u00e4hrte und effektive Sanierungssysteme und -methoden ein. Als Fachbetrieb f\u00fcr Abdichtung und Sanierung schauen wir auf eine lange und intensive Berufserfahrung zur\u00fcck. Unsere versierten Fachleute informieren Sie mit Vergn\u00fcgen im Detail.<\/p>","popseo_schlusstext":"<p>Sehr gerne informieren wir Sie n\u00e4her \u00fcber unser T\u00e4tigkeitsspektrum. Wir nennen Ihnen mit Vergn\u00fcgen auch ein paar Referenzprojekte, die Ihnen einen Einblick in unsere Unternehmenst\u00e4tigkeit geben.<br \/>\nSetzen Sie auf die Expertise eines erfahrenen Fachbetriebes. Rufen Sie uns doch einfach einmal an oder senden Sie uns eine schnelle E-Mail. Wir freuen uns auf Ihre Kontaktaufnahme.<\/p>","popseo_stadttext":"<h3>Wohn- und Gewerbestandorte Hanstedt (Harburg)<\/h3>\n<p>Sie kommen aus Hanstedt (Harburg) und sind hier im Internet auf unsere Website gesto\u00dfen? Das finden wir toll. Gerne pr\u00e4sentieren wir Ihnen unser gesamtes Leistungsspektrum und beantworten Ihre Fragen. Durch unsere Gesch\u00e4ftst\u00e4tigkeit haben wir uns einen sehr guten \u00dcberblick \u00fcber die Stadtarchitektur der Gemeinden und St\u00e4dte unseres Einzugsbereiches machen k\u00f6nnen. Nat\u00fcrlich geh\u00f6rt auch Hanstedt (Harburg) unserem unmittelbaren Gesch\u00e4ftsgebiet. Wir freuen uns darauf, mit Ihnen in Kontakt zu treten. <\/p>\n<h3>Ein paar Fakten \u00fcber Hanstedt (Harburg)<\/h3>\n<p>Zirka 5.800 B\u00fcrger z\u00e4hlt Hanstedt (Harburg). Das Gemeindegebiet umfasst ein Gesamtareal von rund 59 Quadratkilometer. Die \u00d6konomie von Hanstedt profitiert von der verkehrstechnisch exquisiten Lage in der L\u00fcneburger Heide. Speziell f\u00fcr den Mittelstand zeigt sich die Zentralit\u00e4t des Ortes als Wachstumsmotor. Wirtschaftlich wird Hanstedt vor allem durch kleine und mittelst\u00e4ndische Betriebe aus den Bereichen Handwerk und Dienstleistung gepr\u00e4gt. Diese Wirtschaftszweign sind erkennbar prominent vertreten. Des Weiteren wurde der Fremdenverkehr zu einem wichtigen Element der \u00f6rtlichen Wirtschaft. Erholungssuchende finden in Hanstedt (Harburg) viele M\u00f6glichkeiten zum Wandern und f\u00fcr Radtouren. Besonders die ausdehnten Heidefl\u00e4chen des Naturparks L\u00fcneburger Heide sowie die Hanstedter Berge ziehen zahlreiche Touristen und Tagesbesucher in die Region. Hanstedt (Harburg) ist ein familiengerechter Ort. Die Gemeinde \u00fcberzeugt durch eine ausgezeichnete Infrastruktur. Organisatorisch geh\u00f6rt Hanstedt zum Kreis Harburg.<\/p>\n<h4>Wir f\u00fcr Sie in Hanstedt (Harburg)!<\/h4>\n<p>Das Leben in Hanstedt (Harburg) ist romantisch. Die Gemeinde verf\u00fcgt \u00fcber zahlreiche idyllische Wohngebiete, die besonders von einer typischen Einzelhausbebauung gepr\u00e4gt sind. Sie interessieren sich f\u00fcr unser Angebot und haben deshalb unsere Website besucht? Das freut uns sehr. Unser engagiertes Spezialistenteam nimmt gerne Ihren Anruf entgegen oder beantwortet Ihre E-Mail.<\/p>","popseo_zusatztext":"<h3>Keine Angst vor hohen Kosten<\/h3>\n<p>Sie sind interessiert an Trocknungs- oder Sanierungsarbeiten und m\u00f6chten gerne ein passendes Angebot, das eine qualitativ gute Arbeit garantiert, gleichwohl die Kosten im Blick hat. Prima, dann sind Sie bei uns an der richtigen Adresse. Als Spezialist f\u00fcr Schimmelbeseitigung, Geb\u00e4udeabdichtung und Kellersanierung verwenden wir ausschlie\u00dflich ausgezeichnete Materialien. Nichtsdestotrotz schauen wir stets auf die Kosten, die selbstverst\u00e4ndlich \u00fcberschaubar bleiben sollen. Wir m\u00f6chten Ihnen beste Qualit\u00e4t anbieten, die trotzdem auch die Kosten im Blick hat. Bei uns stimmen Kosten und Leistung: Schon seit etlichen Jahren sind wir Ihr qualifizierter Partner f\u00fcr Trocknungs- und Sanierungsarbeiten in Norddeutschland. Unser Standort liegt verkehrsg\u00fcnstig in Brietlingen bei L\u00fcndeburg. Die Kosten stets im Blick: Wir sorgen f\u00fcr eine professionell durchgef\u00fchrte Arbeit nach dem immer derzeitigen Stand der Technik.<\/p>\n<h3>Trocknung und Sanierung durch die Firma Wist: Beste Arbeit, geringe Kosten!<\/h3>\n<p>D\u00fcrfen wir Sie beraten, wie Sie die Kosten f\u00fcr eine Sanierung begrenzen k\u00f6nnen? Toll, dann warten Sie bitte nicht und nehmen am besten noch heute Kontakt mit uns auf. Ein kurzer Telefonanruf oder eine kurze Mail gen\u00fcgen. Eine fachm\u00e4nnische Beratung ist genauso wichtig wie die korrekte Projektausf\u00fchrung. Unsere fachliche Beratung ist nat\u00fcrlich absolut unverbindlich. Hochwertige Arbeit bei niedrigen Kosten: Wir empfehlen uns als spezialisiertes Fachunternehmen in Norddeutschland. Unsere langj\u00e4hrige Erfahrung spricht f\u00fcr uns.<br \/>\nVerringern Sie die Kosten f\u00fcr Ihr Sanierungsprojekt: Setzen Sie auf die Profis der Fachfirma Keul.<\/p>","popseo_links":"<a href=\"https:\/\/bautenschutz-keul.de\/angebote\/bauwerksabdichtung-reppenstedt\/\">Bauwerksabdichtung Reppenstedt<\/a>, <a href=\"https:\/\/bautenschutz-keul.de\/angebote\/aussenabdichtung-buechen\/\">Au\u00dfenabdichtung B\u00fcchen<\/a>, <a href=\"https:\/\/bautenschutz-keul.de\/angebote\/mauertrockenlegung-herzogtum-lauenburg\/\">Mauertrockenlegung Herzogtum Lauenburg<\/a>, <a href=\"https:\/\/bautenschutz-keul.de\/angebote\/aussenabdichtung-lueneburg\/\">Au\u00dfenabdichtung L\u00fcneburg<\/a>, <a href=\"https:\/\/bautenschutz-keul.de\/angebote\/feuchtigkeit-winsen-luhe\/\">Feuchtigkeit Winsen Luhe<\/a>, <a href=\"https:\/\/bautenschutz-keul.de\/angebote\/innenabdichtung-seevetal-rosengarten\/\">Innenabdichtung Seevetal Rosengarten<\/a>, <a href=\"https:\/\/bautenschutz-keul.de\/angebote\/bauwerksabdichtung-amelinghausen\/\">Bauwerksabdichtung Amelinghausen<\/a>, <a href=\"https:\/\/bautenschutz-keul.de\/angebote\/salpeter-im-keller-buchholz-in-der-nordheide\/\">Salpeter im Keller Buchholz in der Nordheide<\/a>, <a href=\"https:\/\/bautenschutz-keul.de\/angebote\/aufsteigende-feuchtigkeit-amelinghausen\/\">aufsteigende Feuchtigkeit Amelinghausen<\/a>, <a href=\"https:\/\/bautenschutz-keul.de\/angebote\/aussenabdichtung-geesthacht\/\">Au\u00dfenabdichtung Geesthacht<\/a>, <a href=\"https:\/\/bautenschutz-keul.de\/angebote\/feuchte-wand-harburg\/\">Feuchte Wand Harburg<\/a>, <a href=\"https:\/\/bautenschutz-keul.de\/angebote\/feuchtigkeitsschaden-bispingen\/\">Feuchtigkeitsschaden Bispingen<\/a>, <a href=\"https:\/\/bautenschutz-keul.de\/angebote\/feuchte-wand-amelinghausen\/\">Feuchte Wand Amelinghausen<\/a>, <a href=\"https:\/\/bautenschutz-keul.de\/angebote\/mauertrockenlegung-harburg\/\">Mauertrockenlegung Harburg<\/a>, <a href=\"https:\/\/bautenschutz-keul.de\/angebote\/aussenabdichtung-bad-bevensen\/\">Au\u00dfenabdichtung Bad Bevensen<\/a>, <a href=\"https:\/\/bautenschutz-keul.de\/angebote\/zerstoerter-putz-tostedt-sittensen\/\">zerst\u00f6rter Putz Tostedt Sittensen<\/a>, <a href=\"https:\/\/bautenschutz-keul.de\/angebote\/salpeter-im-keller-boizenburg\/\">Salpeter im Keller Boizenburg<\/a>, <a href=\"https:\/\/bautenschutz-keul.de\/angebote\/kellerabdichtung-buechen\/\">Kellerabdichtung B\u00fcchen<\/a>, <a href=\"https:\/\/bautenschutz-keul.de\/angebote\/aufsteigende-feuchtigkeit-bergedorf-wentorf\/\">aufsteigende Feuchtigkeit Bergedorf Wentorf<\/a>, <a href=\"https:\/\/bautenschutz-keul.de\/angebote\/feuchtigkeitsschaden-bergedorf-wentorf\/\">Feuchtigkeitsschaden Bergedorf Wentorf<\/a>, <a href=\"https:\/\/bautenschutz-keul.de\/angebote\/aufsteigende-feuchtigkeit-reinbek-aumuehle\/\">aufsteigende Feuchtigkeit Reinbek Aum\u00fchle<\/a>, <a href=\"https:\/\/bautenschutz-keul.de\/angebote\/horizontalsperre-glinde-sachsenwald\/\">Horizontalsperre Glinde Sachsenwald<\/a>, <a href=\"https:\/\/bautenschutz-keul.de\/angebote\/schimmelbeseitigung-brietlingen\/\">Schimmelbeseitigung Brietlingen<\/a>, <a href=\"https:\/\/bautenschutz-keul.de\/angebote\/feuchte-wand-buchholz-in-der-nordheide\/\">Feuchte Wand Buchholz in der Nordheide<\/a>, <a href=\"https:\/\/bautenschutz-keul.de\/angebote\/innenabdichtung-bergedorf-wentorf\/\">Innenabdichtung Bergedorf Wentorf<\/a>, <a href=\"https:\/\/bautenschutz-keul.de\/angebote\/schimmel-uelzen\/\">Schimmel Uelzen<\/a>, <a href=\"https:\/\/bautenschutz-keul.de\/angebote\/feuchte-wand-bad-bevensen\/\">Feuchte Wand Bad Bevensen<\/a>, <a href=\"https:\/\/bautenschutz-keul.de\/angebote\/bauwerksabdichtung-bergedorf-wentorf\/\">Bauwerksabdichtung Bergedorf Wentorf<\/a>"},"_links":{"self":[{"href":"https:\/\/bautenschutz-keul.de\/angebote\/wp-json\/wp\/v2\/pages\/433","targetHints":{"allow":["GET"]}}],"collection":[{"href":"https:\/\/bautenschutz-keul.de\/angebote\/wp-json\/wp\/v2\/pages"}],"about":[{"href":"https:\/\/bautenschutz-keul.de\/angebote\/wp-json\/wp\/v2\/types\/page"}],"author":[{"embeddable":true,"href":"https:\/\/bautenschutz-keul.de\/angebote\/wp-json\/wp\/v2\/users\/1"}],"replies":[{"embeddable":true,"href":"https:\/\/bautenschutz-keul.de\/angebote\/wp-json\/wp\/v2\/comments?post=433"}],"version-history":[{"count":0,"href":"https:\/\/bautenschutz-keul.de\/angebote\/wp-json\/wp\/v2\/pages\/433\/revisions"}],"wp:attachment":[{"href":"https:\/\/bautenschutz-keul.de\/angebote\/wp-json\/wp\/v2\/media?parent=433"}],"curies":[{"name":"wp","href":"https:\/\/api.w.org\/{rel}","templated":true}]}}