{"id":434,"date":"2021-09-13T08:44:08","date_gmt":"2021-09-13T06:44:08","guid":{"rendered":"https:\/\/bautenschutz-keul.de\/angebote\/kellertrockenlegung-harburg\/"},"modified":"2021-09-13T08:44:08","modified_gmt":"2021-09-13T06:44:08","slug":"kellertrockenlegung-harburg","status":"publish","type":"page","link":"https:\/\/bautenschutz-keul.de\/angebote\/kellertrockenlegung-harburg\/","title":{"rendered":"Kellertrockenlegung &#8211; Harburg"},"content":{"rendered":"<h3>Fragen Sie den Fachbetrieb in Sachen Kellertrockenlegung!<\/h3>\n<p>Ein fortw\u00e4hrend nasser Keller kann die Bausubstanz eines Geb\u00e4udes im starken Ma\u00dfe beeinflussen. Und nicht nur das: Selbst Gesundheitsbeeintr\u00e4chtigungen<br \/>\ndurch durchfeuchtete Geb\u00e4udeteile sind nicht auszuschlie\u00dfen. Ganz besonders die von au\u00dfen einsickernde Feuchtigkeit ist ein schwerwiegendes Problem, das man nicht herunterspielen sollte. Bei bedenklichen und umfangreichen Durchfeuchtungen ist eine fachgerecht umgesetzte Kellertrockenlegung in der Regel unumg\u00e4nglich. Bevor man aber eine Kellertrockenlegung anf\u00e4ngt, ist es zun\u00e4chst wichtig, zu kl\u00e4ren, aus welchen Ursachen es \u00fcberhaupt zu einer Durchfeuchtung kommen konnte. Umfang und Vorgehensweisen, die der Fachmann f\u00fcr die nachhaltige Kellertrockenlegung r\u00e4t, h\u00e4ngen nicht zuletzt von der eigentlichen Ursache ab. Eine por\u00f6se Wasserleitung oder eine nicht ausreichend ged\u00e4mmte Au\u00dfenwand<br \/>\nzieht einen anderen Sanierungsaufwand nach sich, als es beispielsweise eine Durchn\u00e4ssung durch einen gestiegenen Wasserspiegel tut. Es stellt sich dementsprechend die Frage, ob die Kellertrockenlegung durch ein tempor\u00e4res Problem n\u00f6tig wird beziehungsweise ob der Grund zum Beispiel in der Bausubstanz zu lokalisieren ist.<\/p>\n<h3>Kellertrockenlegung: Kompetent und erfahren bei Planung und Ausf\u00fchrung<\/h3>\n<p>Um die beste Art der Kellertrockenlegung zu ermitteln, ist es ratsam, dass der Mangel durch einen Spezialisten analysiert wird. Nur allein der Spezialist kennt die diversen Ma\u00dfnahmen einer Kellertrockenlegung und betrachtet die unterschiedlichen Methoden sowohl aus einer handwerklichen wie auch aus einer \u00f6konomischen Sichtweise. Sollte in Ihrem Geb\u00e4ude eine Kellertrockenlegung von N\u00f6ten sein, so machen Sie bitte gleich einen Termin mit einem unserer Profis. Bei einer Ortsbesichtigung ermitteln wir den entsprechenden Reparaturbedarf, er\u00f6rtern die verschiedenen M\u00f6glichkeiten und \u00fcberschlagen die zu veranschlagenden Aufwendungen. Je nach Bedarf k\u00f6nnen unterschiedliche Arten und Methoden der Kellertrockenlegung notwendig werden. Sehr gerne informieren wir Sie \u00fcber die Vorgehensweisen, die wir empfehlen.<\/p>\n","protected":false},"excerpt":{"rendered":"<p>Fragen Sie den Fachbetrieb in Sachen Kellertrockenlegung! Ein fortw\u00e4hrend nasser Keller kann die Bausubstanz eines Geb\u00e4udes im starken Ma\u00dfe beeinflussen. Und nicht nur das: Selbst Gesundheitsbeeintr\u00e4chtigungen durch durchfeuchtete Geb\u00e4udeteile sind nicht auszuschlie\u00dfen. Ganz besonders die von au\u00dfen einsickernde Feuchtigkeit ist ein schwerwiegendes Problem, das man nicht herunterspielen sollte. Bei bedenklichen und umfangreichen Durchfeuchtungen ist eine [&hellip;]<\/p>\n","protected":false},"author":1,"featured_media":0,"parent":0,"menu_order":0,"comment_status":"closed","ping_status":"closed","template":"","meta":{"footnotes":""},"class_list":["post-434","page","type-page","status-publish","hentry"],"meta_box":{"popseo_subtitel":"Die Firma TK-Geb\u00e4udetechnik Thorsten Keul ist Ihr Fachbetrieb f\u00fcr eine Kellertrockenlegung in Harburg","popseo_subtitel2":"Kellertrockenlegung - wir helfen Ihnen gerne!","popseo_lasttitel":"Kellertrockenlegung: D\u00fcrfen wir Ihre Fragen beantworten?","popseo_region":"Harburg","popseo_sachwort":"Kellertrockenlegung","popseo_noupdate":"","popseo_einleitungstext":"<p>Sie wollen Ihr Wohn- oder Gesch\u00e4ftshaus sanieren lassen interessieren sich f\u00fcr Sanierungsmethoden und Abdichtungssysteme? Wunderbar, dann sind Sie bei uns genau richtig. Als auf die Haussanierung fokussiertes Unternehmen, \u00fcbernehmen wir vor allem Arbeiten im Bereich Abdichtung und Trockenlegung.  <\/p>\n<p>Erfahren sind wir bei der Bauwerksabdichtung und au\u00dferdem bei der Schimmelbek\u00e4mpfung, der Kellersanierung und bei der Rissverpressung. Wir kennen uns mit der zeitgem\u00e4\u00dfen Sanierung von Neubauten und Bestandsimmobilien bestens aus. Auf unserer Internetseite stellen wir Ihnen unsere Firma und das gesamte Leistungsspektrum n\u00e4her vor. Ihr Interesse freut uns sehr.<\/p>","popseo_schlusstext":"<p>Auf Wunsch informieren wir Sie n\u00e4her \u00fcber unser Themengebiet. Wir nennen Ihnen mit Vergn\u00fcgen auch einige Referenzen, die Ihnen einen Einblick in unsere Firment\u00e4tigkeit geben.<br \/>\nWir sind f\u00fcr Sie da. Rufen Sie uns doch einfach einmal an oder schreiben Sie uns eine schnelle E-Mail. Wir freuen uns auf Ihre Kontaktaufnahme.<\/p>","popseo_stadttext":"<h3>Zufriedene Kunden haben wir auch in Harburg<\/h2>\n<p>Durch unsere Gesch\u00e4ftst\u00e4tigkeit haben wir uns einen sehr guten \u00dcberblick \u00fcber die Stadtarchitektur der Gemeinden und St\u00e4dte unseres Einzugsbereiches erarbeiten k\u00f6nnen. Selbstverst\u00e4ndlich geh\u00f6rt auch Harburg zu unserem unmittelbaren Gesch\u00e4ftsgebiet. Wir freuen uns darauf, mit Ihnen in Kontakt zu treten. <\/p>\n<h3>Ein paar Hintergrundinformationen zu Harburg<\/h3>\n<p>Harburg ist ein Stadtteil von Hamburg. Harburg war einstmals selbst\u00e4ndig. 1927 erfolgte zun\u00e4chst der Zusammenschluss mit Wilhelmsburg zur ehedem 110.000 Anwohner z\u00e4hlenden Gro\u00dfstadt Harburg-Wilhelmsburg. Zehn Jahre danach ordnete die Verwaltung schlie\u00dflich dieses neu entstandene Gro\u00dfstadtkonstrukt dem dem Land Hamburg zu. Harburg verlor damit seine Eigenst\u00e4ndigkeit. Im Jahre 1951 entstand des Weiteren der Verwaltungsbezirk Harburg. Harburg ist an der S\u00fcderelbe gelegen. Der Stadtteil grenzt an Hamburg-Wilhemlsburg und Hamburg-Neuland und an die nieders\u00e4chsischen Landkreise Harburg und Stade.  <\/p>\n<h3>Harburg hat Charme!<\/h3>\n<p>Besonders die Erweiterung des Binnenhafens Mitte des 19. Jahrhunderts war f\u00fcr die Entwicklung von Harburg entscheidend. Die kautschuk- und \u00f6lverarbeitende Schwerindustrie sorgte in Harburg f\u00fcr einen anhaltenden Aufschwung. Ab den 1960er Jahren zog sich die Hafenindustrie zu \u00fcberwiegenden Teilen aus Harburg zur\u00fcck. Best\u00e4ndig mehr Geb\u00e4ude und Industriefl\u00e4chen lagen brach. Der Strukturwandel wirkte sich massiv auf das Leben im Stadtteil Harburg aus. <\/p>\n<p>In den vergangenen Jahrzehnten hat sich Harburg sichtlich entwickelt und sich besonders als Wohngegend einen Namen gemacht. Die Infrastruktur von Harburg ist ausgezeichnet: Das Zentrum hat sich zu einem Einzelhandelszentrum entwickelt. Allein drei gro\u00dfe Einkaufszentren sind in Harburg vor Ort. Der Stadtteil verf\u00fcgt dar\u00fcber hinaus \u00fcber zahlreiche ruhige und reizvoll gelegene Wohngebiete. Ein weiterer Pluspunkt: Mit der S-Bahn f\u00e4hrt man nur gut 15 Minuten bis zum Hamburger Hauptbahnhof. In den vergangenen Jahren wurden erstaunlich viele Neubauprojekte in Harburg begonnen. Besonders der hafennahe Bereich um die Schlossinsel Harburg und das Gebiet um den Veritaskai wurden stadtarchitektonisch erneuert. Harburg ist f\u00fcr sein Bildungsangebot begehrt. Die Technische Universit\u00e4t Hamburg-Harburg, die K\u00fchne School of Logistics und das Northern Institut of Technology besitzen einen hervorragenden Ruf. <\/p>\n<h4>Unsere Leistung f\u00fcr qualit\u00e4tsbewusste Kunden aus Harburg<\/h4>\n<p>Sie interessieren sich f\u00fcr unser Angebot und sind hier im World Wide Web auf unsere Homepage gesto\u00dfen? Dar\u00fcber freuen wir uns sehr. Sehr gerne pr\u00e4sentieren wir Ihnen unser komplettes Leistungsspektrum und beantworten Ihre Fragen. Unser engagiertes Team freut sich auf Sie.<\/p>","popseo_zusatztext":"<h3>Perfekte Sanierungsarbeiten zu geringen Kosten<\/h3>\n<p>Sie sind interessiert an Trocknungs- oder Sanierungsarbeiten und m\u00f6chten gerne ein passendes Angebot, das eine qualitativ gute Arbeit garantiert, gleichwohl keine hohen Kosten verursacht. Klasse, dann sind Sie bei uns genau richtig. Als Handwerksbetrieb f\u00fcr Bauwerksabdichtung, Schimmelbeseitigung und Kellersanierung verarbeiten wir nur hochwertige Materialien. Trotzdem achten wir immer auf die Kosten, die selbstverst\u00e4ndlich \u00fcberschaubar bleiben sollen. Wir m\u00f6chten Ihnen beste Qualit\u00e4t bieten, die trotzdem auch die Kosten im Blick hat. Bei uns stimmen Kosten und Leistung: Bereits seit vielen Jahren sind wir Ihr erfahrener Fachbetrieb f\u00fcr Trocknungs- und Sanierungsarbeiten im norddeutschen Raum. Unser Standort befindet sich verkehrsg\u00fcnstig in Brietlingen bei L\u00fcndeburg. Die Kosten stets vor Augen: Wir garantieren eine fachm\u00e4nnisch durchgef\u00fchrte Arbeit nach dem stets derzeitigen Stand der Technik.<\/p>\n<h3>Kosten vs. Leistung: Eine Sanierung rechnet sich!<\/h3>\n<p>D\u00fcrfen wir Sie beraten, wie Sie die Kosten f\u00fcr eine Sanierung begrenzen k\u00f6nnen? Toll, dann warten Sie bitte nicht und nehmen am besten gleich heute Verbindung mit uns auf. Ein kurzer Anruf oder auch eine kurze eMail gen\u00fcgen. Die gute Beratung ist gleicherma\u00dfen wichtig wie die perfekte Ausf\u00fchrung der entsprechenden T\u00e4tigkeiten. Unsere fachliche Beratung ist selbstverst\u00e4ndlich v\u00f6llig unverbindlich. Beste Qualit\u00e4t bei \u00fcberschaubaren Kosten: Wir empfehlen uns als spezialisiertes Fachunternehmen im Norden. Unsere gro\u00dfe Erfahrung spricht f\u00fcr uns.<br \/>\nSenken Sie die Kosten f\u00fcr Ihr Sanierungsprojekt: Vertrauen Sie den Spezialisten der Firma Keul.<\/p>","popseo_links":"<a href=\"https:\/\/bautenschutz-keul.de\/angebote\/schimmelsanierung-stelle\/\">Schimmelsanierung Stelle<\/a>, <a href=\"https:\/\/bautenschutz-keul.de\/angebote\/feuchtigkeit-maschen\/\">Feuchtigkeit Maschen<\/a>, <a href=\"https:\/\/bautenschutz-keul.de\/angebote\/aufsteigende-feuchtigkeit-herzogtum-lauenburg\/\">aufsteigende Feuchtigkeit Herzogtum Lauenburg<\/a>, <a href=\"https:\/\/bautenschutz-keul.de\/angebote\/feuchter-keller-winsen-luhe\/\">Feuchter Keller Winsen Luhe<\/a>, <a href=\"https:\/\/bautenschutz-keul.de\/angebote\/aufsteigende-feuchtigkeit-salzhausen\/\">aufsteigende Feuchtigkeit Salzhausen<\/a>, <a href=\"https:\/\/bautenschutz-keul.de\/angebote\/salpeter-im-keller-ebstorf\/\">Salpeter im Keller Ebstorf<\/a>, <a href=\"https:\/\/bautenschutz-keul.de\/angebote\/kellersanierung-schwarzenbek\/\">Kellersanierung Schwarzenbek<\/a>, <a href=\"https:\/\/bautenschutz-keul.de\/angebote\/feuchtigkeitsschaden-herzogtum-lauenburg\/\">Feuchtigkeitsschaden Herzogtum Lauenburg<\/a>, <a href=\"https:\/\/bautenschutz-keul.de\/angebote\/innenabdichtung-bispingen\/\">Innenabdichtung Bispingen<\/a>, <a href=\"https:\/\/bautenschutz-keul.de\/angebote\/feuchte-mauer-bardowick\/\">Feuchte Mauer Bardowick<\/a>, <a href=\"https:\/\/bautenschutz-keul.de\/angebote\/bauwerksabdichtung-winsen-luhe\/\">Bauwerksabdichtung Winsen Luhe<\/a>, <a href=\"https:\/\/bautenschutz-keul.de\/angebote\/feuchte-mauer-harburg\/\">Feuchte Mauer Harburg<\/a>, <a href=\"https:\/\/bautenschutz-keul.de\/angebote\/salpeter-im-keller-bergedorf-wentorf\/\">Salpeter im Keller Bergedorf Wentorf<\/a>, <a href=\"https:\/\/bautenschutz-keul.de\/angebote\/feuchter-keller-salzhausen\/\">Feuchter Keller Salzhausen<\/a>, <a href=\"https:\/\/bautenschutz-keul.de\/angebote\/schimmel-bispingen\/\">Schimmel Bispingen<\/a>, <a href=\"https:\/\/bautenschutz-keul.de\/angebote\/innenabdichtung-buchholz-in-der-nordheide\/\">Innenabdichtung Buchholz in der Nordheide<\/a>, <a href=\"https:\/\/bautenschutz-keul.de\/angebote\/feuchte-mauer-brietlingen\/\">Feuchte Mauer Brietlingen<\/a>, <a href=\"https:\/\/bautenschutz-keul.de\/angebote\/feuchtigkeitsschaden-jesteburg\/\">Feuchtigkeitsschaden Jesteburg<\/a>, <a href=\"https:\/\/bautenschutz-keul.de\/angebote\/schimmelsanierung-hanstedt\/\">Schimmelsanierung Hanstedt<\/a>, <a href=\"https:\/\/bautenschutz-keul.de\/angebote\/rissverpressung-glinde-sachsenwald\/\">Rissverpressung Glinde Sachsenwald<\/a>, <a href=\"https:\/\/bautenschutz-keul.de\/angebote\/zerstoerter-putz-schwarzenbek\/\">zerst\u00f6rter Putz Schwarzenbek<\/a>, <a href=\"https:\/\/bautenschutz-keul.de\/angebote\/aufsteigende-feuchtigkeit-uelzen\/\">aufsteigende Feuchtigkeit Uelzen<\/a>, <a href=\"https:\/\/bautenschutz-keul.de\/angebote\/aussenabdichtung-tostedt-sittensen\/\">Au\u00dfenabdichtung Tostedt Sittensen<\/a>, <a href=\"https:\/\/bautenschutz-keul.de\/angebote\/feuchte-wand-amt-neuhaus\/\">Feuchte Wand Amt Neuhaus<\/a>, <a href=\"https:\/\/bautenschutz-keul.de\/angebote\/schimmelbeseitigung-amelinghausen\/\">Schimmelbeseitigung Amelinghausen<\/a>, <a href=\"https:\/\/bautenschutz-keul.de\/angebote\/feuchte-wand-harburg\/\">Feuchte Wand Harburg<\/a>, <a href=\"https:\/\/bautenschutz-keul.de\/angebote\/bauwerksabdichtung-glinde-sachsenwald\/\">Bauwerksabdichtung Glinde Sachsenwald<\/a>, <a href=\"https:\/\/bautenschutz-keul.de\/angebote\/feuchtigkeit-jesteburg\/\">Feuchtigkeit Jesteburg<\/a>"},"_links":{"self":[{"href":"https:\/\/bautenschutz-keul.de\/angebote\/wp-json\/wp\/v2\/pages\/434","targetHints":{"allow":["GET"]}}],"collection":[{"href":"https:\/\/bautenschutz-keul.de\/angebote\/wp-json\/wp\/v2\/pages"}],"about":[{"href":"https:\/\/bautenschutz-keul.de\/angebote\/wp-json\/wp\/v2\/types\/page"}],"author":[{"embeddable":true,"href":"https:\/\/bautenschutz-keul.de\/angebote\/wp-json\/wp\/v2\/users\/1"}],"replies":[{"embeddable":true,"href":"https:\/\/bautenschutz-keul.de\/angebote\/wp-json\/wp\/v2\/comments?post=434"}],"version-history":[{"count":0,"href":"https:\/\/bautenschutz-keul.de\/angebote\/wp-json\/wp\/v2\/pages\/434\/revisions"}],"wp:attachment":[{"href":"https:\/\/bautenschutz-keul.de\/angebote\/wp-json\/wp\/v2\/media?parent=434"}],"curies":[{"name":"wp","href":"https:\/\/api.w.org\/{rel}","templated":true}]}}