{"id":437,"date":"2021-09-13T08:44:08","date_gmt":"2021-09-13T06:44:08","guid":{"rendered":"https:\/\/bautenschutz-keul.de\/angebote\/kellertrockenlegung-lueneburg\/"},"modified":"2021-09-13T08:44:08","modified_gmt":"2021-09-13T06:44:08","slug":"kellertrockenlegung-lueneburg","status":"publish","type":"page","link":"https:\/\/bautenschutz-keul.de\/angebote\/kellertrockenlegung-lueneburg\/","title":{"rendered":"Kellertrockenlegung &#8211; L\u00fcneburg"},"content":{"rendered":"<h3>Fragen Sie den Fachbetrieb in Sachen Kellertrockenlegung!<\/h3>\n<p>Ein dauerhaft durchn\u00e4sster Keller kann die Substanz eines Hauses im starken Ma\u00dfe gef\u00e4hrden. Und nicht nur das: Sogar Gesundheitsgef\u00e4hrdungen<br \/>\ndurch durchfeuchtete Geb\u00e4udebereiche sind nicht auszuschlie\u00dfen. Insbesondere die von au\u00dfen eindringende N\u00e4sse ist ein erhebliches Problem, das man nicht untersch\u00e4tzen sollte. Bei brisanten und verbreiteten Durchfeuchtungen ist eine fachgerecht gemachte Kellertrockenlegung in der Regel unausweichlich. Bevor man jedoch eine Kellertrockenlegung in Angriff nimmt, ist es zun\u00e4chst wichtig, zu kl\u00e4ren, aus welchen Gr\u00fcnden es \u00fcberhaupt zu einer Durchfeuchtung gekommen ist. Kosten und Methoden, die der Fachmann f\u00fcr die anhaltende Kellertrockenlegung empfiehlt, h\u00e4ngen nicht zuletzt von der eigentlichen Ursache ab. Eine defekte Leitung oder auch eine schlecht ged\u00e4mmte Au\u00dfenwand<br \/>\nzieht einen anderen Sanierungsbedarf nach sich, als es z.B. eine Durchn\u00e4ssung durch einen erh\u00f6hten Grundwasserpegel tut. Es stellt sich dementsprechend die Frage, ob die Kellertrockenlegung durch ein vor\u00fcbergehendes Problem notwendig wird beziehungsweise ob der Grund zum Beispiel in der Bausubstanz zu finden ist.<\/p>\n<h3>Kellertrockenlegung: Kompetent und erfahren bei Planung und Ausf\u00fchrung<\/h3>\n<p>Um die geeigneteste Art der Kellertrockenlegung zu ermitteln, ist es ratsam, dass der Mangel von einen Spezialisten beurteilt wird. Einzig der Profi kennt die diversen Ma\u00dfnahmen einer Kellertrockenlegung und betrachtet die diversen Verfahren sowohl aus einer fachlichen als auch aus einer \u00f6konomischen Perspektive. Sollte in Ihrem Privat- oder Gesch\u00e4ftsgeb\u00e4ude eine Kellertrockenlegung von N\u00f6ten sein, so machen Sie bitte gleich einen Termin mit einem unserer Experten. Im Rahmen einer Ortsbegehung sch\u00e4tzen wir den entsprechenden Sanierungsbedarf, erkl\u00e4ren die diversen Verfahren und sch\u00e4tzen die zu veranschlagenden Aufwendungen. Bedarfsabh\u00e4ngig k\u00f6nnen verschiedene Verfahren und Methoden der Kellertrockenlegung notwendig werden. Gern informieren wir Sie \u00fcber die Vorgehensweisen, die wir raten.<\/p>\n","protected":false},"excerpt":{"rendered":"<p>Fragen Sie den Fachbetrieb in Sachen Kellertrockenlegung! Ein dauerhaft durchn\u00e4sster Keller kann die Substanz eines Hauses im starken Ma\u00dfe gef\u00e4hrden. Und nicht nur das: Sogar Gesundheitsgef\u00e4hrdungen durch durchfeuchtete Geb\u00e4udebereiche sind nicht auszuschlie\u00dfen. Insbesondere die von au\u00dfen eindringende N\u00e4sse ist ein erhebliches Problem, das man nicht untersch\u00e4tzen sollte. Bei brisanten und verbreiteten Durchfeuchtungen ist eine fachgerecht [&hellip;]<\/p>\n","protected":false},"author":1,"featured_media":0,"parent":0,"menu_order":0,"comment_status":"closed","ping_status":"closed","template":"","meta":{"footnotes":""},"class_list":["post-437","page","type-page","status-publish","hentry"],"meta_box":{"popseo_subtitel":"Wir sind Ihr erfahrener Experte f\u00fcr eine Kellertrockenlegung im Raum L\u00fcneburg","popseo_subtitel2":"Kellertrockenlegung - wir beraten Sie gerne!","popseo_lasttitel":"Kellertrockenlegung: Unsere Mitarbeiter beantworten gerne Ihre Fragen","popseo_region":"L\u00fcneburg","popseo_sachwort":"Kellertrockenlegung","popseo_noupdate":"","popseo_einleitungstext":"<p>Sie haben sich mit der Bauwerksabdichtung besch\u00e4ftigt, da Ihre Immobilie feuchte Geb\u00e4udeteile aufweist und Sie nach M\u00f6glichkeiten einer professionellen und vor allem wirksamen Sanierung Ausschau halten. Toll, dass Sie unsere Website entdeckt haben. Auf den folgenden Seiten d\u00fcrfen wir Ihnen n\u00e4here Informationen zu unserem Leistungsspektrum geben. Sie lernen auf dieser Website unsere Firma etwas n\u00e4her kennen. <\/p>\n<p>Unser Unternehmen ist ein qualifizierter und etablierter Handwerksbetrieb mit Firmensitz in Brietlingen bei L\u00fcneburg. Bereits seit vielen Jahren sind wir Ihr Fachpartner f\u00fcr s\u00e4mtliche Fragen rund um die Bauwerksabdichtung. Wir setzen ausschlie\u00dflich praxisbew\u00e4hrte und effektive Sanierungssysteme und -methoden ein. Als Sanierungsfachbetrieb blicken wir auf eine lange und intensive Berufserfahrung zur\u00fcck. Unsere gut geschulten Spezialisten informieren Sie mit Vergn\u00fcgen im Detail.<\/p>","popseo_schlusstext":"<p>Sehr gerne informieren wir Sie n\u00e4her \u00fcber unser Themengebiet. Wir zeigen Ihnen mit Vergn\u00fcgen auch ein paar Projekte, die Ihnen einen Einblick in unsere Arbeit geben.<br \/>\nSetzen Sie auf die Expertise eines erfahrenen Fachbetriebes. Rufen Sie uns doch einfach einmal an oder schicken Sie uns eine kurze E-Mail. Wir freuen uns auf den Kontakt zu Ihnen.<\/p>","popseo_stadttext":"<h3>Unser Einzugsbereich umfasst auch L\u00fcneburg und Bleckede<\/h3>\n<p>Wir betreuen Kunden aus L\u00fcneburg und Bleckede. Durch unsere Vertriebst\u00e4tigkeit haben wir uns einen sehr guten \u00dcberblick \u00fcber die Architektur der St\u00e4dte und Gemeinden unseres Einzugsbereiches erarbeiten k\u00f6nnen. Nat\u00fcrlich geh\u00f6rt auch Ihre Region zu unserem unmittelbaren Gesch\u00e4ftsgebiet. Wir freuen uns darauf, mit Ihnen ins Gespr\u00e4ch zu treten. <\/p>\n<h3>Lebensmittelpunkt L\u00fcneburg und Bleckede<\/h3>\n<p>In der nur 40 km s\u00fcdlich von Gro\u00dfstadt Hamburg gelegenen Stadt L\u00fcneburg wohnen zirka 70.000 Anwohner. Das Stadtgebiet streckt sich \u00fcber eine Gesamtfl\u00e4che von 70 Quadratkilometer. L\u00fcneburg ist Kreisstadt des Landkreises L\u00fcneburg und geh\u00f6rt zur Metropolregion Hamburg. Was viele nicht wissen: L\u00fcneburg ist eine alte Hansestadt. Wunderh\u00fcbsch an der Ilmenau gelegen, erfreut sich L\u00fcneburg massiver Popularit\u00e4t bei Tagesbesuchern und Touristen. Die \u00fcber 300.000 \u00dcbernachtungen, welche das nieders\u00e4chsische Landesamt f\u00fcr Statistik festgestellt hat, sprechen eine sehr klare Sprache. Insbesondere besuchenswert ist das Zentrum von L\u00fcneburg. Ungez\u00e4hlte geschichtstr\u00e4chtige Bauwerke verleihen der Stadt einen ganz und gar einmaligen Charme. Bei einem Gang durch das historische Zentrum von L\u00fcneburg sollte man auf jeden Fall die Kirche St. Nicolai im Wasserviertel, das Stadtschloss am Markt sowie den Stintmarkt am L\u00fcneburger Hafen besuchen. Wer ein wenig Zeit zur Verf\u00fcgung hat, macht Station in einem der vielen sch\u00f6nen Caf\u00e9s am Marktplatz und l\u00e4sst einfach die herrliche Stimmung von L\u00fcneburg auf sich wirken. Die vielen Fachwerkgeb\u00e4ude verleihen dem st\u00e4dtischen Ensemble eine v\u00f6llig einmalige Aura. Die beschauliche Universit\u00e4tsstadt ist ber\u00fchmt f\u00fcr die Salzproduktion. In L\u00fcneburg befindet sich ein ein alter Salzstock. Dort wurde \u00fcber Jahrhunderte in gro\u00dfem Stile Salz gewonnen. Das Deutsche Salzmuseum L\u00fcneburg erz\u00e4hlt heute von diesem historischen Teil der Stadtgeschichte. Au\u00dferdem ist der Stint eine bekannte kulinarische Delikatesse. Dem kleinen Fisch begegnet man in L\u00fcneburg fast an jeder Ecke. Bei einem Besuch der nieders\u00e4chsischen Stadt sollte man ein Stint-Essen auf keinen Fall vers\u00e4umen.      <\/p>\n<p>L\u00fcneburg befindet sich an der Autobahn A39. Auch \u00fcber die Bundesstra\u00dfen B4, B209 und B216 kommt man schnell und bequem in die nieders\u00e4chsische Stadt. Auch das Umland \u2013 z.B. Egestorf, Fleestedt, Hanstedt, Salzhausen, Bienenb\u00fcttel, Scharnebeck und Amelinghausen - ist gut angebunden. Wer mit der Eisenbahn nach L\u00fcneburg fahren m\u00f6chte, kann dies \u00fcber die Bahnstrecke Hamburg-Hannover tun. Des Weiteren besteht eine Regionalbahnverbindung durch den Verkehrsbetrieb Metronom. Die Fahrzeit zwischen Hamburg und L\u00fcneburg betr\u00e4gt gerade einmal 30 Minuten. <\/p>\n<h3>L\u00fcneburg und Bleckede: Attraktive Lebensmittelpunkte!<\/h3>\n<p>Die Ortschaft Bleckede befindet sich im nieders\u00e4chsischen Landkreis L\u00fcneburg. Bleckede hat etwa 10.000 Einwohner. Das Stadtareal erstreckt sich \u00fcber eine Gesamtfl\u00e4che von rund 139 Quadratkilometer. In unmittelbarer N\u00e4he befinden sich die Gemeinden Amt Neuhaus, Dahlenburg, Vastorf und Thomasburg. Zu Bleckede geh\u00f6ren in Summe 15 Gemeindeteile. Die hervorragende Lage direkt an der Elbe macht Bleckede attraktiv f\u00fcr Tagesbesucher und Touristen. Insbesondere mit dem Fahrrad lohnt sich ein Ausflug nach Bleckede. Der Elbradweg und der Mecklenburgische Seen-Radweg laden zum ausgedehnten Radfahren ein. Kennzeichnend f\u00fcr Bleckede sind die vielen Fachwerkbauten. Per pedes l\u00e4sst sich die wunderbare Architektur besonders gut bewundern. Entsprechend stolz sind die Stadtverantwortlichen von Bleckede darauf, dass die Stadt Teil der Deutschen Fachwerkstra\u00dfe ist. Malerisch ist der Hafen von Bleckede. Bis zum heutigen Tage machen viele Frachter hier Station. Besucher sch\u00e4tzen ebenfalls den F\u00e4hrverkehr auf der Elbe. Eine touristische Besonderheit: Der altehrw\u00fcrdige Raddampfer Kaiser-Wilhelm legt turnusm\u00e4\u00dfig in Bleckede an. Attraktiv ist der Hafen auch f\u00fcr die Sportschifffahrt. Die zahllosen Sportbootliegepl\u00e4tze zeigen die Anziehungskraft des Hafen besonders gut. Bleckede ist bekannt f\u00fcr seine herrliche Umgebung. Neben der bereits erw\u00e4hnten Deutschen Fachwerkstra\u00dfe f\u00fchrt auch die Deutsche Storchenstra\u00dfe durch Bleckede. Das innerst\u00e4dtisch zu bewundernde Storchennest ist eine ganz bedeutende Attraktion. Aus Richtung L\u00fcneburg kommend, kann man dar\u00fcber hinaus auch mit einer historischen Eisenbahn nach Bleckede reisen. Die Fahrt mit dem sog. Heide-Elbe-Express ist ein echter Tipp f\u00fcr Besucher der Region.<\/p>\n<h4>Wir f\u00fcr Sie in L\u00fcneburg und Bleckede!<\/h4>\n<p>Klasse, dass Sie uns hier auf dieser Website entdeckt haben. Wenn Sie ein Fachunternehmen ben\u00f6tigen, sind Sie bei uns richtig. Sie m\u00f6chten mehr \u00fcber uns erfahren? F\u00fcr R\u00fcckfragen stehen wir Ihnen jederzeit zur Verf\u00fcgung. Unser engagiertes Team freut sich auf Sie.<\/p>","popseo_zusatztext":"<h3>Keine Angst vor hohen Kosten<\/h3>\n<p>Sie sind interessiert an Trocknungs- oder Sanierungsarbeiten und w\u00fcnschen sich ein entsprechendes Angebot, das eine handwerklich gute Arbeit garantiert, gleichwohl die Kosten im Blick hat. Super, dann sind Sie bei uns an der richtigen Adresse. Als Spezialist f\u00fcr Bauwerksabdichtung, Schimmelbeseitigung und Kellersanierung verwenden wir nur hochwertige Materialien. Trotzdem schauen wir immer auf die Kosten, die nat\u00fcrlich nicht zu hoch sein sollen. Wir m\u00f6chten Ihnen beste Qualit\u00e4t bieten, die zugleich auch die Kosten im Blick hat. Bei uns stimmen Kosten und Leistung: Seit vielen Jahren schon sind wir Ihr qualifizierter Partner f\u00fcr Trocknungs- und Sanierungsarbeiten im norddeutschen Raum. Unser Unternehmenssitz befindet sich verkehrsg\u00fcnstig in Brietlingen bei L\u00fcndeburg. Die Kosten stets im Blick: Wir versprechen Ihnen eine einwandfrei durchgef\u00fchrte Arbeit nach dem jeweils neuesten Stand der Technik.<\/p>\n<h3>Trocknung und Sanierung durch die Firma Wist: Beste Arbeit, geringe Kosten!<\/h3>\n<p>D\u00fcrfen wir Sie informieren, wie Sie die Kosten f\u00fcr eine Sanierung reduzieren? Toll, dann warten Sie bitte nicht und nehmen am besten gleich heute Verbindung mit uns auf. Ein kurzer Anruf oder auch eine kurze E-Mail gen\u00fcgen. Die gute und umfangreiche Beratung ist gleicherma\u00dfen wichtig wie die perfekte Ausf\u00fchrung der entsprechenden T\u00e4tigkeiten. Unsere Beratung ist nat\u00fcrlich absolut unverbindlich. Beste Qualit\u00e4t bei niedrigen Kosten: Wir empfehlen uns als spezialisiertes Unternehmen im Norden. Unsere gro\u00dfe Erfahrung zeichnet uns aus.<br \/>\nSenken Sie die Kosten f\u00fcr Ihre Geb\u00e4udesanierung: Setzen Sie auf die Profis der Fachfirma Keul.<\/p>","popseo_links":"<a href=\"https:\/\/bautenschutz-keul.de\/angebote\/feuchte-wand-harburg\/\">Feuchte Wand Harburg<\/a>, <a href=\"https:\/\/bautenschutz-keul.de\/angebote\/salpeter-im-keller-bienenbuettel\/\">Salpeter im Keller Bienenb\u00fcttel<\/a>, <a href=\"https:\/\/bautenschutz-keul.de\/angebote\/bauwerksabdichtung-buechen\/\">Bauwerksabdichtung B\u00fcchen<\/a>, <a href=\"https:\/\/bautenschutz-keul.de\/angebote\/rissverpressung-harburg\/\">Rissverpressung Harburg<\/a>, <a href=\"https:\/\/bautenschutz-keul.de\/angebote\/aufsteigende-feuchtigkeit-ebstorf\/\">aufsteigende Feuchtigkeit Ebstorf<\/a>, <a href=\"https:\/\/bautenschutz-keul.de\/angebote\/zerstoerter-putz-boizenburg\/\">zerst\u00f6rter Putz Boizenburg<\/a>, <a href=\"https:\/\/bautenschutz-keul.de\/angebote\/kellerabdichtung-schwarzenbek\/\">Kellerabdichtung Schwarzenbek<\/a>, <a href=\"https:\/\/bautenschutz-keul.de\/angebote\/rissverpressung-boizenburg\/\">Rissverpressung Boizenburg<\/a>, <a href=\"https:\/\/bautenschutz-keul.de\/angebote\/schimmelbeseitigung-lueneburg\/\">Schimmelbeseitigung L\u00fcneburg<\/a>, <a href=\"https:\/\/bautenschutz-keul.de\/angebote\/kellerabdichtung-adendorf\/\">Kellerabdichtung Adendorf<\/a>, <a href=\"https:\/\/bautenschutz-keul.de\/angebote\/feuchte-mauer-adendorf\/\">Feuchte Mauer Adendorf<\/a>, <a href=\"https:\/\/bautenschutz-keul.de\/angebote\/schimmel-tostedt-sittensen\/\">Schimmel Tostedt Sittensen<\/a>, <a href=\"https:\/\/bautenschutz-keul.de\/angebote\/feuchte-wand-jesteburg\/\">Feuchte Wand Jesteburg<\/a>, <a href=\"https:\/\/bautenschutz-keul.de\/angebote\/innenabdichtung-schwarzenbek\/\">Innenabdichtung Schwarzenbek<\/a>, <a href=\"https:\/\/bautenschutz-keul.de\/angebote\/schimmelbeseitigung-herzogtum-lauenburg\/\">Schimmelbeseitigung Herzogtum Lauenburg<\/a>, <a href=\"https:\/\/bautenschutz-keul.de\/angebote\/zerstoerter-putz-hanstedt\/\">zerst\u00f6rter Putz Hanstedt<\/a>, <a href=\"https:\/\/bautenschutz-keul.de\/angebote\/bauwerksabdichtung-amelinghausen\/\">Bauwerksabdichtung Amelinghausen<\/a>, <a href=\"https:\/\/bautenschutz-keul.de\/angebote\/feuchtigkeitsschaden-schwarzenbek\/\">Feuchtigkeitsschaden Schwarzenbek<\/a>, <a href=\"https:\/\/bautenschutz-keul.de\/angebote\/kellersanierung-bad-bevensen\/\">Kellersanierung Bad Bevensen<\/a>, <a href=\"https:\/\/bautenschutz-keul.de\/angebote\/rissverpressung-herzogtum-lauenburg\/\">Rissverpressung Herzogtum Lauenburg<\/a>, <a href=\"https:\/\/bautenschutz-keul.de\/angebote\/mauertrockenlegung-buechen\/\">Mauertrockenlegung B\u00fcchen<\/a>, <a href=\"https:\/\/bautenschutz-keul.de\/angebote\/feuchtigkeitsschaden-buchholz-in-der-nordheide\/\">Feuchtigkeitsschaden Buchholz in der Nordheide<\/a>, <a href=\"https:\/\/bautenschutz-keul.de\/angebote\/bauwerksabdichtung-harburg\/\">Bauwerksabdichtung Harburg<\/a>, <a href=\"https:\/\/bautenschutz-keul.de\/angebote\/bauwerksabdichtung-ebstorf\/\">Bauwerksabdichtung Ebstorf<\/a>, <a href=\"https:\/\/bautenschutz-keul.de\/angebote\/aufsteigende-feuchtigkeit-schwarzenbek\/\">aufsteigende Feuchtigkeit Schwarzenbek<\/a>, <a href=\"https:\/\/bautenschutz-keul.de\/angebote\/salpeter-im-keller-amelinghausen\/\">Salpeter im Keller Amelinghausen<\/a>, <a href=\"https:\/\/bautenschutz-keul.de\/angebote\/feuchter-keller-bispingen\/\">Feuchter Keller Bispingen<\/a>, <a href=\"https:\/\/bautenschutz-keul.de\/angebote\/feuchter-keller-hanstedt\/\">Feuchter Keller Hanstedt<\/a>"},"_links":{"self":[{"href":"https:\/\/bautenschutz-keul.de\/angebote\/wp-json\/wp\/v2\/pages\/437","targetHints":{"allow":["GET"]}}],"collection":[{"href":"https:\/\/bautenschutz-keul.de\/angebote\/wp-json\/wp\/v2\/pages"}],"about":[{"href":"https:\/\/bautenschutz-keul.de\/angebote\/wp-json\/wp\/v2\/types\/page"}],"author":[{"embeddable":true,"href":"https:\/\/bautenschutz-keul.de\/angebote\/wp-json\/wp\/v2\/users\/1"}],"replies":[{"embeddable":true,"href":"https:\/\/bautenschutz-keul.de\/angebote\/wp-json\/wp\/v2\/comments?post=437"}],"version-history":[{"count":0,"href":"https:\/\/bautenschutz-keul.de\/angebote\/wp-json\/wp\/v2\/pages\/437\/revisions"}],"wp:attachment":[{"href":"https:\/\/bautenschutz-keul.de\/angebote\/wp-json\/wp\/v2\/media?parent=437"}],"curies":[{"name":"wp","href":"https:\/\/api.w.org\/{rel}","templated":true}]}}