{"id":439,"date":"2021-09-13T08:44:08","date_gmt":"2021-09-13T06:44:08","guid":{"rendered":"https:\/\/bautenschutz-keul.de\/angebote\/kellertrockenlegung-reinbek-aumuehle\/"},"modified":"2021-09-13T08:44:08","modified_gmt":"2021-09-13T06:44:08","slug":"kellertrockenlegung-reinbek-aumuehle","status":"publish","type":"page","link":"https:\/\/bautenschutz-keul.de\/angebote\/kellertrockenlegung-reinbek-aumuehle\/","title":{"rendered":"Kellertrockenlegung &#8211; Reinbek Aum\u00fchle"},"content":{"rendered":"<h3>Kellertrockenlegung: Unser Unternehmen k\u00fcmmert sich darum!<\/h3>\n<p>Ein fortw\u00e4hrend nasser Keller kann die Bausubstanz eines Hauses erheblich gef\u00e4hrden. Und nicht nur das: Auch Gesundheitsgefahren<br \/>\ndurch feuchte Hausbereiche sind nicht auszuschlie\u00dfen. Besonders die von au\u00dfen einsickernde N\u00e4sse ist ein schwerwiegendes Problem, das man nicht herunterspielen sollte. Bei akuten und verbreiteten Durchfeuchtungen ist eine professionell ausgef\u00fchrte Kellertrockenlegung meistens unausweichlich. Bevor man jedoch eine Kellertrockenlegung in Angriff nimmt, ist es erst einmal wichtig, abzukl\u00e4ren, aus welchen Ursachen es \u00fcberhaupt zu einer Durchfeuchtung kommen konnte. Aufwand und Vorgehensweisen, die der Sachverst\u00e4ndige f\u00fcr die anhaltende Kellertrockenlegung empfiehlt, h\u00e4ngen nicht letztlich von der prim\u00e4ren Ursache ab. Eine undichte Rohrleitung oder eine schlecht ged\u00e4mmte Wand<br \/>\nzieht einen anderen Sanierungsbedarf nach sich, als es z.B. eine Durchfeuchtung durch einen erh\u00f6hten Wasserspiegel tut. Es stellt sich dementsprechend die Frage, ob die Kellertrockenlegung durch ein tempor\u00e4res Problem notwendig wird oder ob der Grund nicht zuletzt in der Bausubstanz zu suchen ist.<\/p>\n<h3>Kompetent und gr\u00fcndlich: Wir \u00fcbernehmen die Kellertrockenlegung<\/h3>\n<p>Um die optimalste Art der Kellertrockenlegung zu festzustellen, ist es empfehlenswert, dass der Schaden durch einen Sachverst\u00e4ndigen beurteilt wird. Einzig der Profi kennt die verschiedenen Methoden einer Kellertrockenlegung und betrachtet die diversen Methoden sowohl aus einer handwerklichen wie auch aus einer \u00f6konomischen Sicht. Sollte in Ihrem Geb\u00e4ude eine Kellertrockenlegung notwendig sein, so machen Sie bitte gleich einen Termin mit einem unserer Profis. Bei einer Ortsbegehung benennen wir den entsprechenden Reparaturbedarf, er\u00f6rtern die verschiedenen Methoden und \u00fcberschlagen die zu erwartenden Aufwendungen. Bedarfsabh\u00e4ngig k\u00f6nnen diverse Arten und Methoden der Kellertrockenlegung erforderlich werden. Sehr gerne informieren wir Sie \u00fcber die Vorgehensweisen, die wir raten.<\/p>\n","protected":false},"excerpt":{"rendered":"<p>Kellertrockenlegung: Unser Unternehmen k\u00fcmmert sich darum! Ein fortw\u00e4hrend nasser Keller kann die Bausubstanz eines Hauses erheblich gef\u00e4hrden. Und nicht nur das: Auch Gesundheitsgefahren durch feuchte Hausbereiche sind nicht auszuschlie\u00dfen. Besonders die von au\u00dfen einsickernde N\u00e4sse ist ein schwerwiegendes Problem, das man nicht herunterspielen sollte. Bei akuten und verbreiteten Durchfeuchtungen ist eine professionell ausgef\u00fchrte Kellertrockenlegung meistens [&hellip;]<\/p>\n","protected":false},"author":1,"featured_media":0,"parent":0,"menu_order":0,"comment_status":"closed","ping_status":"closed","template":"","meta":{"footnotes":""},"class_list":["post-439","page","type-page","status-publish","hentry"],"meta_box":{"popseo_subtitel":"Die Firma TK-Geb\u00e4udetechnik Thorsten Keul ist Ihr Experte f\u00fcr eine Kellertrockenlegung in Reinbek Aum\u00fchle","popseo_subtitel2":"Kellertrockenlegung f\u00fcr Kunden aus Norddeutschland","popseo_lasttitel":"Kellertrockenlegung: D\u00fcrfen wir Ihre Fragen beantworten?","popseo_region":"Reinbek Aum\u00fchle","popseo_sachwort":"Kellertrockenlegung","popseo_noupdate":"","popseo_einleitungstext":"<p>Sie haben sich mit der Bauwerksabdichtung auseinandergesetzt, da Ihr Wohn- oder Gesch\u00e4ftshaus feuchte Geb\u00e4udebereiche aufweist und Sie nach M\u00f6glichkeiten einer professionellen und vor allem wirksamen Sanierung Ausschau halten. Sch\u00f6n, dass Sie unsere Website besuchen. Auf den folgenden Seiten m\u00f6chten wir Ihnen n\u00e4here Informationen zu unserem Leistungsangebot geben. Sie lernen auf dieser Internetseite unsere Firma etwas n\u00e4her kennen. <\/p>\n<p>Unser Unternehmen ist ein spezialisierter und etablierter Fachbetrieb mit Firmensitz in Brietlingen bei L\u00fcneburg. Seit vielen Jahren schon sind wir Ihr Spezialist f\u00fcr alle auftretenden Fragen rund um die Bauwerksabdichtung. Wir setzen ausschlie\u00dflich effektive und praxisbew\u00e4hrte Sanierungsmethoden und -systeme ein. Als Sanierungsfachbetrieb blicken wir auf eine lange Berufserfahrung zur\u00fcck. Unsere engagierten Fachkr\u00e4fte informieren Sie mit Vergn\u00fcgen im Detail.<\/p>","popseo_schlusstext":"<p>Sie suchen einen Spezialisten f\u00fcr die sachgerechte Umsetzung der Innen- und Au\u00dfenabdichtung. Dann rufen Sie uns bitte rasch an. Wir freuen uns auf das Gespr\u00e4ch mit Ihnen. Wenn es um Sanierung geht, sind wir Ihr erfahrener Handwerkspartner. Wir bieten Ihnen eine professionell durchgef\u00fchrte Arbeit nach dem immer derzeitigen Stand der Technik.<\/p>","popseo_stadttext":"<h3>Wohn- und Gewerbestandorte Aum\u00fchle und Reinbek<\/h3>\n<p>Sie leben in Reinbek oder Aum\u00fchle und sind hier im Internet auf unsere Website gesto\u00dfen? Das finden wir klasse. Gerne pr\u00e4sentieren wir Ihnen unser komplettes Leistungsspektrum und beantworten Ihre Fragen. Durch unsere Gesch\u00e4ftst\u00e4tigkeit haben wir uns einen ausgezeichneten \u00dcberblick \u00fcber die Stadtarchitektur der Gemeinden und St\u00e4dte unseres Einzugsbereiches erarbeiten k\u00f6nnen. Selbstverst\u00e4ndlich z\u00e4hlt auch die Region Reinbek \/ Aum\u00fchle zu unserem unmittelbaren Wirkungskreis. Wir freuen uns darauf, mit Ihnen in Kontakt zu kommen. <\/p>\n<h3>Ein paar Hintergrundinformationen zu Reinbek und Aum\u00fchle<\/h3>\n<p>Die schleswig-holsteinische Stadt Reinbek geh\u00f6rt zum Kreis Stormarn. Zum Kreis Herzogtum-Lauenburg geh\u00f6rt hingegen das nahe gelegene Aum\u00fchle. Momentan z\u00e4hlt Reinbek gut 26.000 B\u00fcrger. In Aum\u00fchle leben gut 3.000 Menschen. Das Stadtgebiet von Reinbek umfasst eine Grundfl\u00e4che von gut 31 qkm. Reinbek und Aum\u00fchle geh\u00f6ren zur Metropolregion Hamburg. Beide Gemeinden liegen knapp 20 Kilometer \u00f6stlich der Hansestadt. <\/p>\n<p>Reinbek verf\u00fcgt mit der S21 \u00fcber einen HVV-Anschluss. Aum\u00fchle ist der Endbahnhof der S-Bahn. Die kurze Fahrzeit von knapp 25 Minuten machen Reinbek und auch Aum\u00fchle vor allem interessant f\u00fcr Pendler. Wer also seinen Arbeitgeber in der Gro\u00dfstadt Hamburg hat, genie\u00dft mit dem Wohnort Reinbek oder Aum\u00fchle eine optimale Kombination: Das hektische Leben der Metropole findet in den ruhigen Wohnquartieren von Reinbek und Aum\u00fchle sein Gegenst\u00fcck.<\/p>\n<h4>Reinbek und Aum\u00fchle - lebenswert und attraktiv<\/h4>\n<p>Neben einer guten Anbindung \u00fcber den HVV, bieten Reinbek und Aum\u00fchle auch f\u00fcr den Autofahrer gute Bedingungen: Die Autobahnen A24 und A1 sowie die Bundesstra\u00dfe B5 liegen in unmittelbarer N\u00e4he von Reinbek und Aum\u00fchle. Die Architektur von Reinbek und Aum\u00fchle besteht in erster Linie aus vielen freistehenden Ein- und Mehrfamilienh\u00e4usern, welche ihren Bewohnern einen sehr hohen Lebenskomfort erm\u00f6glichen. Reinbek und Aum\u00fchle zeichnen sich neben der guten Lebensqualit\u00e4t aber auch durch eine hohe Wirtschaftskraft aus.<\/p>\n<h4>Hohe Qualit\u00e4t f\u00fcr Kunden aus Reinbek und Aum\u00fchle<\/h4>\n<p>Sie wohnen in Aum\u00fchle oder Reinbek, interessieren sich f\u00fcr unser Angebot und haben deshalb unsere Website besucht? Das freut uns sehr. Unser freundliches Team nimmt gerne Ihren Anruf entgegen oder beantwortet Ihre E-Mail.<\/p>","popseo_zusatztext":"<h3>Wir haben die Kosten im Blick<\/h3>\n<p>Sie sind interessiert an Trocknungs- oder Sanierungsarbeiten und m\u00f6chten gerne ein passendes Angebot, das eine qualitativ gute Arbeit garantiert, gleichwohl keine hohen Kosten nach sich zieht. Klasse, in diesem Fall sind Sie bei uns genau richtig. Als Spezialist f\u00fcr Kellersanierung, Schimmelbeseitigung und Geb\u00e4udeabdichtung verwenden wir nur exzellente Materialien. Trotzdem schauen wir immer auf die Kosten, die selbstverst\u00e4ndlich \u00fcberschaubar bleiben sollen. Wir m\u00f6chten Ihnen beste Qualit\u00e4t bieten, die trotzdem auch die Kosten im Blick beh\u00e4lt. Bei uns stimmen Kosten und Qualit\u00e4t: Schon seit etlichen Jahren sind wir Ihr qualifizierter Partner f\u00fcr Sanierungs- und Trocknungsarbeiten im norddeutschen Raum. Unser Unternehmenssitz befindet sich verkehrsg\u00fcnstig in Brietlingen bei L\u00fcndeburg. Die Kosten stets im Blick: Wir stehen f\u00fcr eine fachm\u00e4nnisch ausgef\u00fchrte Sanierungsarbeit nach dem immer neuesten Stand der Technik.<\/p>\n<h3>Trocknung und Sanierung durch die Firma Wist: Beste Arbeit, geringe Kosten!<\/h3>\n<p>D\u00fcrfen wir Sie beraten, wie Sie die Kosten f\u00fcr eine Sanierung senken k\u00f6nnen? Toll, dann warten Sie bitte nicht und nehmen am besten noch heute Kontakt mit uns auf. Ein kurzer Anruf oder auch eine kurze eMail gen\u00fcgen. Eine fachm\u00e4nnische Beratung ist ebenso wichtig wie die korrekte Projektausf\u00fchrung. Unsere fachliche Beratung ist nat\u00fcrlich absolut unverbindlich. Hochwertige Arbeit bei niedrigen Kosten: Wir empfehlen uns als spezialisiertes Unternehmen im Norden. Unsere langj\u00e4hrige Erfahrung spricht f\u00fcr uns.<br \/>\nVerringern Sie die Kosten f\u00fcr Ihr Sanierungsprojekt: Vertrauen Sie den Spezialisten der Firma Keul.<\/p>","popseo_links":"<a href=\"https:\/\/bautenschutz-keul.de\/angebote\/innenabdichtung-boizenburg\/\">Innenabdichtung Boizenburg<\/a>, <a href=\"https:\/\/bautenschutz-keul.de\/angebote\/feuchte-wand-buchholz-in-der-nordheide\/\">Feuchte Wand Buchholz in der Nordheide<\/a>, <a href=\"https:\/\/bautenschutz-keul.de\/angebote\/horizontalsperre-maschen\/\">Horizontalsperre Maschen<\/a>, <a href=\"https:\/\/bautenschutz-keul.de\/angebote\/zerstoerter-putz-herzogtum-lauenburg\/\">zerst\u00f6rter Putz Herzogtum Lauenburg<\/a>, <a href=\"https:\/\/bautenschutz-keul.de\/angebote\/schimmelsanierung-seevetal-rosengarten\/\">Schimmelsanierung Seevetal Rosengarten<\/a>, <a href=\"https:\/\/bautenschutz-keul.de\/angebote\/rissverpressung-uelzen\/\">Rissverpressung Uelzen<\/a>, <a href=\"https:\/\/bautenschutz-keul.de\/angebote\/bauwerksabdichtung-buchholz-in-der-nordheide\/\">Bauwerksabdichtung Buchholz in der Nordheide<\/a>, <a href=\"https:\/\/bautenschutz-keul.de\/angebote\/rissverpressung-buchholz-in-der-nordheide\/\">Rissverpressung Buchholz in der Nordheide<\/a>, <a href=\"https:\/\/bautenschutz-keul.de\/angebote\/feuchte-mauer-adendorf\/\">Feuchte Mauer Adendorf<\/a>, <a href=\"https:\/\/bautenschutz-keul.de\/angebote\/schimmelsanierung-buchholz-in-der-nordheide\/\">Schimmelsanierung Buchholz in der Nordheide<\/a>, <a href=\"https:\/\/bautenschutz-keul.de\/angebote\/schimmelsanierung-amt-neuhaus\/\">Schimmelsanierung Amt Neuhaus<\/a>, <a href=\"https:\/\/bautenschutz-keul.de\/angebote\/feuchtigkeitsschaden-stelle\/\">Feuchtigkeitsschaden Stelle<\/a>, <a href=\"https:\/\/bautenschutz-keul.de\/angebote\/kellersanierung-maschen\/\">Kellersanierung Maschen<\/a>, <a href=\"https:\/\/bautenschutz-keul.de\/angebote\/feuchte-mauer-hanstedt\/\">Feuchte Mauer Hanstedt<\/a>, <a href=\"https:\/\/bautenschutz-keul.de\/angebote\/schimmelsanierung-reppenstedt\/\">Schimmelsanierung Reppenstedt<\/a>, <a href=\"https:\/\/bautenschutz-keul.de\/angebote\/aussenabdichtung-schwarzenbek\/\">Au\u00dfenabdichtung Schwarzenbek<\/a>, <a href=\"https:\/\/bautenschutz-keul.de\/angebote\/kellerabdichtung-ebstorf\/\">Kellerabdichtung Ebstorf<\/a>, <a href=\"https:\/\/bautenschutz-keul.de\/angebote\/horizontalsperre-stelle\/\">Horizontalsperre Stelle<\/a>, <a href=\"https:\/\/bautenschutz-keul.de\/angebote\/aufsteigende-feuchtigkeit-reppenstedt\/\">aufsteigende Feuchtigkeit Reppenstedt<\/a>, <a href=\"https:\/\/bautenschutz-keul.de\/angebote\/feuchte-wand-bispingen\/\">Feuchte Wand Bispingen<\/a>, <a href=\"https:\/\/bautenschutz-keul.de\/angebote\/feuchtigkeit-reppenstedt\/\">Feuchtigkeit Reppenstedt<\/a>, <a href=\"https:\/\/bautenschutz-keul.de\/angebote\/horizontalsperre-ebstorf\/\">Horizontalsperre Ebstorf<\/a>, <a href=\"https:\/\/bautenschutz-keul.de\/angebote\/kellersanierung-seevetal-rosengarten\/\">Kellersanierung Seevetal Rosengarten<\/a>, <a href=\"https:\/\/bautenschutz-keul.de\/angebote\/innenabdichtung-bad-bevensen\/\">Innenabdichtung Bad Bevensen<\/a>, <a href=\"https:\/\/bautenschutz-keul.de\/angebote\/feuchter-keller-tostedt-sittensen\/\">Feuchter Keller Tostedt Sittensen<\/a>, <a href=\"https:\/\/bautenschutz-keul.de\/angebote\/schimmel-harburg\/\">Schimmel Harburg<\/a>, <a href=\"https:\/\/bautenschutz-keul.de\/angebote\/kellersanierung-tostedt-sittensen\/\">Kellersanierung Tostedt Sittensen<\/a>, <a href=\"https:\/\/bautenschutz-keul.de\/angebote\/kellerabdichtung-amt-neuhaus\/\">Kellerabdichtung Amt Neuhaus<\/a>"},"_links":{"self":[{"href":"https:\/\/bautenschutz-keul.de\/angebote\/wp-json\/wp\/v2\/pages\/439","targetHints":{"allow":["GET"]}}],"collection":[{"href":"https:\/\/bautenschutz-keul.de\/angebote\/wp-json\/wp\/v2\/pages"}],"about":[{"href":"https:\/\/bautenschutz-keul.de\/angebote\/wp-json\/wp\/v2\/types\/page"}],"author":[{"embeddable":true,"href":"https:\/\/bautenschutz-keul.de\/angebote\/wp-json\/wp\/v2\/users\/1"}],"replies":[{"embeddable":true,"href":"https:\/\/bautenschutz-keul.de\/angebote\/wp-json\/wp\/v2\/comments?post=439"}],"version-history":[{"count":0,"href":"https:\/\/bautenschutz-keul.de\/angebote\/wp-json\/wp\/v2\/pages\/439\/revisions"}],"wp:attachment":[{"href":"https:\/\/bautenschutz-keul.de\/angebote\/wp-json\/wp\/v2\/media?parent=439"}],"curies":[{"name":"wp","href":"https:\/\/api.w.org\/{rel}","templated":true}]}}