{"id":440,"date":"2021-09-13T08:44:08","date_gmt":"2021-09-13T06:44:08","guid":{"rendered":"https:\/\/bautenschutz-keul.de\/angebote\/kellertrockenlegung-reppenstedt\/"},"modified":"2021-09-13T08:44:08","modified_gmt":"2021-09-13T06:44:08","slug":"kellertrockenlegung-reppenstedt","status":"publish","type":"page","link":"https:\/\/bautenschutz-keul.de\/angebote\/kellertrockenlegung-reppenstedt\/","title":{"rendered":"Kellertrockenlegung &#8211; Reppenstedt"},"content":{"rendered":"<h3>Kellertrockenlegung: Bei uns kompetent und schnell!<\/h3>\n<p>Ein fortw\u00e4hrend nasser Keller kann die Substanz eines Bauwerkes im starken Ma\u00dfe verschlechtern. Und nicht nur das: Selbst Gesundheitsbeeintr\u00e4chtigungen<br \/>\ndurch nasse Geb\u00e4udebereiche sind nicht auszuschlie\u00dfen. Besonders die von au\u00dfen eindringende N\u00e4sse ist ein gravierendes Problem, das man nicht auf die leichte Schulter nehmen sollte. Bei brisanten und weitreichenden Durchfeuchtungen ist eine fachgerecht gemachte Kellertrockenlegung oftmals unausweichlich. Bevor man jedoch eine Kellertrockenlegung beginnt, ist es zun\u00e4chst wichtig, zu ergr\u00fcnden, aus welchen Ursachen es \u00fcberhaupt zu einer Durchfeuchtung kommen konnte. Aufwand und Vorgehensweisen, die der Experte f\u00fcr die anhaltende Kellertrockenlegung empfiehlt, h\u00e4ngen nicht zuletzt von der eigentlichen Ursache ab. Eine por\u00f6se Leitung oder auch eine nur unzureichend ged\u00e4mmte Wand<br \/>\nzieht einen anderen Sanierungsbedarf nach sich, als es beispielsweise eine Durchfeuchtung durch einen gestiegenen Wasserspiegel tut. Es stellt sich also die Frage, ob die Kellertrockenlegung durch ein vor\u00fcbergehendes Problem n\u00f6tig wird beziehungsweise ob der Grund nicht zuletzt in der Substanz zu suchen ist.<\/p>\n<h3>Kellertrockenlegung: Wir helfen schnell und kompetent!<\/h3>\n<p>Um die beste Art der Kellertrockenlegung zu festzustellen, ist es anzuraten, dass der Mangel von einen Experten begutachtet wird. Nur allein der Sachverst\u00e4ndige kennt die unterschiedlichen Mittel einer Kellertrockenlegung und betrachtet die diversen Methoden sowohl aus einer fachlichen wie auch aus einer \u00f6konomischen Sichtweise. Sollte in Ihrem Geb\u00e4ude eine Kellertrockenlegung notwendig sein, so machen Sie bitte gleich einen Termin mit einem unserer Experten. W\u00e4hrend einer Ortsbesichtigung ermitteln wir den ben\u00f6tigten Instandsetzungsbedarf, erl\u00e4utern die diversen Verfahren und berechnen die zu erwartenden Kosten. Bedarfsabh\u00e4ngig k\u00f6nnen verschiedene Arten und Methoden der Kellertrockenlegung erforderlich werden. Sehr gerne informieren wir Sie \u00fcber die Methoden, die wir anraten.<\/p>\n","protected":false},"excerpt":{"rendered":"<p>Kellertrockenlegung: Bei uns kompetent und schnell! Ein fortw\u00e4hrend nasser Keller kann die Substanz eines Bauwerkes im starken Ma\u00dfe verschlechtern. Und nicht nur das: Selbst Gesundheitsbeeintr\u00e4chtigungen durch nasse Geb\u00e4udebereiche sind nicht auszuschlie\u00dfen. Besonders die von au\u00dfen eindringende N\u00e4sse ist ein gravierendes Problem, das man nicht auf die leichte Schulter nehmen sollte. Bei brisanten und weitreichenden Durchfeuchtungen [&hellip;]<\/p>\n","protected":false},"author":1,"featured_media":0,"parent":0,"menu_order":0,"comment_status":"closed","ping_status":"closed","template":"","meta":{"footnotes":""},"class_list":["post-440","page","type-page","status-publish","hentry"],"meta_box":{"popseo_subtitel":"Wir sind Ihr erfahrener Fachbetrieb f\u00fcr eine Kellertrockenlegung im Raum Reppenstedt","popseo_subtitel2":"Kellertrockenlegung - setzen Sie auf unsere Erfahrung","popseo_lasttitel":"Kellertrockenlegung: Gerne beantworten wir Ihre Fragen!","popseo_region":"Reppenstedt","popseo_sachwort":"Kellertrockenlegung","popseo_noupdate":"","popseo_einleitungstext":"<p>Sie haben sich mit der Bauwerksabdichtung besch\u00e4ftigt, weil Ihre Immobilie feuchte Geb\u00e4udebereiche aufweist und Sie nach M\u00f6glichkeiten einer wirkungsvollen und professionellen Sanierung Ausschau halten. Prima, dass Sie unsere Website gefunden haben. Nachfolgend d\u00fcrfen wir Ihnen einige Informationen zu unserem Leistungsangebot geben. Sie lernen auf dieser Internetseite unsere Firma n\u00e4her kennen. <\/p>\n<p>Die Firma TK-Geb\u00e4udetechnik Thorsten Keul ist ein versierter und erfahrener Handwerksbetrieb mit Firmensitz in Brietlingen bei L\u00fcneburg. Seit vielen Jahren schon sind wir Ihr Fachpartner f\u00fcr alle auftretenden Fragen rund um die Bauwerksabdichtung. Wir setzen ausschlie\u00dflich praxisbew\u00e4hrte und effektive Sanierungssysteme und -methoden ein. Als Sanierungsfachbetrieb blicken wir auf eine lange und intensive Berufserfahrung zur\u00fcck. Unsere gut geschulten Fachleute informieren Sie gerne im Detail.<\/p>","popseo_schlusstext":"<p>Gerne informieren wir Sie n\u00e4her \u00fcber unser Aufgabengebiet. Wir pr\u00e4sentieren Ihnen mit Vergn\u00fcgen auch ein paar Referenzprojekte, die Ihnen einen Einblick in unsere Firment\u00e4tigkeit geben.<br \/>\nSchenken Sie uns Ihr Vertrauen. Rufen Sie uns doch rasch einmal an oder schreiben Sie uns eine kurze E-Mail. Wir freuen uns auf Ihre Kontaktaufnahme.<\/p>","popseo_stadttext":"<h3>Wir sind Ihr Partner auch in Reppenstedt<\/h3>\n<p>Sie kommen aus Reppenstedt, S\u00fcdergellersen, Kirchgellersen oder Westergellersen und sind hier im World Wide Web auf unsere Homepage gesto\u00dfen? Das finden wir toll. Sehr gerne pr\u00e4sentieren wir Ihnen unser gesamtes Leistungsspektrum und beantworten Ihre Fragen. Durch unsere Gesch\u00e4ftst\u00e4tigkeit haben wir uns einen sehr guten \u00dcberblick \u00fcber die Architektur der St\u00e4dte und Gemeinden unseres Einzugsbereiches erarbeiten k\u00f6nnen. Nat\u00fcrlich z\u00e4hlen auch Reppenstedt und die anderen Ortschaften der Samtgemeinde Gellersen zu unserem unmittelbaren Vertriebsgebiet. Wir freuen uns darauf, mit Ihnen in Kontakt zu kommen. <\/p>\n<h3>Ein paar Hintergrundinformationen zu Reppenstedt<\/h3>\n<p>Ungef\u00e4hr 7.600 Anwohner z\u00e4hlt Reppenstedt. Das Gemeindegebiet umfasst ein Gesamtareal von in etwa 14 Quadratkilometer. Reppenstedt ist Verwaltungssitz der Samtgemeinde Gellersen, einem Zusammenschluss von kleineren Orten, zu dem neben Reppenstedt selbst auch S\u00fcdergellersen, Kirchgellersen und Westergellersen geh\u00f6ren. Die Samtgemeinde z\u00e4hlt insgesamt rund 14.000 Einwohner und erstreckt sich \u00fcber ein Areal von etwas mehr als 73 Quadratkilometern. Reppenstedt schlie\u00dft direkt westlich an L\u00fcneburg an. \u00dcber die Landesstra\u00dfe 216 und die Kreisstra\u00dfe 50 ist die Gemeinde bequem mit dem Auto zu erreichen. Dar\u00fcber hinaus gibt es eine Busanbindung nach L\u00fcneburg. Reppenstedt ist ein familiengeeigneter Ort. Die Gemeinde \u00fcberzeugt wegen ihrer direkten Anbindung an L\u00fcneburg durch eine ausgezeichnete Infrastruktur. Reppenstedt ist ein Ort mit einer reizvollen naturnahen Umgebung. <\/p>\n<h4>Privat- und Gesch\u00e4ftskunden aus Reppenstedt sch\u00e4tzen unsere Leistungen!<\/h4>\n<p>Das Leben in Reppenstedt, Kirchgellersen, Westergellersen und S\u00fcdergellersen ist ruhig. Alle Orte der Samtgemeinde Gellersen verf\u00fcgen \u00fcber beruhigte Wohngebiete, die besonders von einer typischen Einzelhausbebauung gepr\u00e4gt sind. Sie interessieren sich f\u00fcr unser Angebot und haben deshalb unsere Homepage besucht? Das freut uns sehr. Unser engagiertes Spezialistenteam nimmt gerne Ihren Anruf entgegen oder beantwortet Ihre E-Mail.<\/p>","popseo_zusatztext":"<h3>Beste Leistung bei geringen Kosten<\/h3>\n<p>Sie sind interessiert an Trocknungs- oder Sanierungsarbeiten und w\u00fcnschen sich ein entsprechendes Angebot, das eine qualitativ gute Arbeit garantiert, gleichzeitig aber die Kosten im Blick hat. Toll, in diesem Fall sind Sie bei uns an der richtigen Adresse. Als Spezialist f\u00fcr Bauwerksabdichtung, Schimmelbeseitigung und Kellersanierung verarbeiten wir nur exzellente Materialien. Nichtsdestotrotz achten wir immer auf die Kosten, die selbstverst\u00e4ndlich \u00fcberschaubar bleiben sollen. Wir m\u00f6chten Ihnen Qualit\u00e4t bieten, die gleichzeitig auch die Kosten im Blick hat. Bei uns stimmen Kosten und Leistung: Schon seit etlichen Jahren sind wir Ihr erfahrener Fachbetrieb f\u00fcr Sanierungs- und Trocknungsarbeiten im norddeutschen Raum. Unser Unternehmenssitz befindet sich verkehrsg\u00fcnstig in Brietlingen bei L\u00fcndeburg. Die Kosten stets vor Augen: Wir sorgen f\u00fcr eine fachkundig durchgef\u00fchrte Sanierungsarbeit nach dem stets derzeitigen Stand der Technik.<\/p>\n<h3>Kosten vs. Leistung: Eine Sanierung rechnet sich!<\/h3>\n<p>D\u00fcrfen wir Sie beraten, wie Sie die Kosten f\u00fcr eine Sanierung reduzieren? Prima, dann warten Sie bitte nicht und nehmen am besten noch heute Verbindung mit uns auf. Ein kurzer Telefonanruf oder eine schnelle eMail gen\u00fcgen. Die fachm\u00e4nnische Beratung ist gleicherma\u00dfen wichtig wie die korrekte Umsetzung der eigentlichen Arbeiten. Unsere Beratung ist nat\u00fcrlich v\u00f6llig unverbindlich. Hochwertige Arbeit bei moderaten Kosten: Wir empfehlen uns als spezialisiertes Fachunternehmen im Norden. Unsere gro\u00dfe Erfahrung spricht f\u00fcr uns.<br \/>\nSenken Sie die Kosten f\u00fcr Ihr Sanierungsprojekt: Setzen Sie auf die Profis der Fachfirma Keul.<\/p>","popseo_links":"<a href=\"https:\/\/bautenschutz-keul.de\/angebote\/horizontalsperre-reppenstedt\/\">Horizontalsperre Reppenstedt<\/a>, <a href=\"https:\/\/bautenschutz-keul.de\/angebote\/horizontalsperre-seevetal-rosengarten\/\">Horizontalsperre Seevetal Rosengarten<\/a>, <a href=\"https:\/\/bautenschutz-keul.de\/angebote\/schimmelsanierung-glinde-sachsenwald\/\">Schimmelsanierung Glinde Sachsenwald<\/a>, <a href=\"https:\/\/bautenschutz-keul.de\/angebote\/feuchtigkeit-reppenstedt\/\">Feuchtigkeit Reppenstedt<\/a>, <a href=\"https:\/\/bautenschutz-keul.de\/angebote\/feuchtigkeitsschaden-boizenburg\/\">Feuchtigkeitsschaden Boizenburg<\/a>, <a href=\"https:\/\/bautenschutz-keul.de\/angebote\/bauwerksabdichtung-bienenbuettel\/\">Bauwerksabdichtung Bienenb\u00fcttel<\/a>, <a href=\"https:\/\/bautenschutz-keul.de\/angebote\/aussenabdichtung-adendorf\/\">Au\u00dfenabdichtung Adendorf<\/a>, <a href=\"https:\/\/bautenschutz-keul.de\/angebote\/bauwerksabdichtung-buechen\/\">Bauwerksabdichtung B\u00fcchen<\/a>, <a href=\"https:\/\/bautenschutz-keul.de\/angebote\/mauertrockenlegung-stelle\/\">Mauertrockenlegung Stelle<\/a>, <a href=\"https:\/\/bautenschutz-keul.de\/angebote\/horizontalsperre-tostedt-sittensen\/\">Horizontalsperre Tostedt Sittensen<\/a>, <a href=\"https:\/\/bautenschutz-keul.de\/angebote\/schimmel-lueneburg\/\">Schimmel L\u00fcneburg<\/a>, <a href=\"https:\/\/bautenschutz-keul.de\/angebote\/rissverpressung-schwarzenbek\/\">Rissverpressung Schwarzenbek<\/a>, <a href=\"https:\/\/bautenschutz-keul.de\/angebote\/feuchte-mauer-glinde-sachsenwald\/\">Feuchte Mauer Glinde Sachsenwald<\/a>, <a href=\"https:\/\/bautenschutz-keul.de\/angebote\/mauertrockenlegung-hanstedt\/\">Mauertrockenlegung Hanstedt<\/a>, <a href=\"https:\/\/bautenschutz-keul.de\/angebote\/schimmelsanierung-winsen-luhe\/\">Schimmelsanierung Winsen Luhe<\/a>, <a href=\"https:\/\/bautenschutz-keul.de\/angebote\/feuchte-wand-salzhausen\/\">Feuchte Wand Salzhausen<\/a>, <a href=\"https:\/\/bautenschutz-keul.de\/angebote\/rissverpressung-buchholz-in-der-nordheide\/\">Rissverpressung Buchholz in der Nordheide<\/a>, <a href=\"https:\/\/bautenschutz-keul.de\/angebote\/kellersanierung-reppenstedt\/\">Kellersanierung Reppenstedt<\/a>, <a href=\"https:\/\/bautenschutz-keul.de\/angebote\/feuchtigkeitsschaden-bienenbuettel\/\">Feuchtigkeitsschaden Bienenb\u00fcttel<\/a>, <a href=\"https:\/\/bautenschutz-keul.de\/angebote\/feuchtigkeit-glinde-sachsenwald\/\">Feuchtigkeit Glinde Sachsenwald<\/a>, <a href=\"https:\/\/bautenschutz-keul.de\/angebote\/kellerabdichtung-bardowick\/\">Kellerabdichtung Bardowick<\/a>, <a href=\"https:\/\/bautenschutz-keul.de\/angebote\/feuchtigkeitsschaden-maschen\/\">Feuchtigkeitsschaden Maschen<\/a>, <a href=\"https:\/\/bautenschutz-keul.de\/angebote\/mauertrockenlegung-bispingen\/\">Mauertrockenlegung Bispingen<\/a>, <a href=\"https:\/\/bautenschutz-keul.de\/angebote\/feuchter-keller-jesteburg\/\">Feuchter Keller Jesteburg<\/a>, <a href=\"https:\/\/bautenschutz-keul.de\/angebote\/feuchtigkeit-hanstedt\/\">Feuchtigkeit Hanstedt<\/a>, <a href=\"https:\/\/bautenschutz-keul.de\/angebote\/aufsteigende-feuchtigkeit-adendorf\/\">aufsteigende Feuchtigkeit Adendorf<\/a>, <a href=\"https:\/\/bautenschutz-keul.de\/angebote\/feuchtigkeitsschaden-reppenstedt\/\">Feuchtigkeitsschaden Reppenstedt<\/a>, <a href=\"https:\/\/bautenschutz-keul.de\/angebote\/schimmel-stelle\/\">Schimmel Stelle<\/a>"},"_links":{"self":[{"href":"https:\/\/bautenschutz-keul.de\/angebote\/wp-json\/wp\/v2\/pages\/440","targetHints":{"allow":["GET"]}}],"collection":[{"href":"https:\/\/bautenschutz-keul.de\/angebote\/wp-json\/wp\/v2\/pages"}],"about":[{"href":"https:\/\/bautenschutz-keul.de\/angebote\/wp-json\/wp\/v2\/types\/page"}],"author":[{"embeddable":true,"href":"https:\/\/bautenschutz-keul.de\/angebote\/wp-json\/wp\/v2\/users\/1"}],"replies":[{"embeddable":true,"href":"https:\/\/bautenschutz-keul.de\/angebote\/wp-json\/wp\/v2\/comments?post=440"}],"version-history":[{"count":0,"href":"https:\/\/bautenschutz-keul.de\/angebote\/wp-json\/wp\/v2\/pages\/440\/revisions"}],"wp:attachment":[{"href":"https:\/\/bautenschutz-keul.de\/angebote\/wp-json\/wp\/v2\/media?parent=440"}],"curies":[{"name":"wp","href":"https:\/\/api.w.org\/{rel}","templated":true}]}}