{"id":443,"date":"2021-09-13T08:44:08","date_gmt":"2021-09-13T06:44:08","guid":{"rendered":"https:\/\/bautenschutz-keul.de\/angebote\/kellertrockenlegung-seevetal-rosengarten\/"},"modified":"2021-09-13T08:44:08","modified_gmt":"2021-09-13T06:44:08","slug":"kellertrockenlegung-seevetal-rosengarten","status":"publish","type":"page","link":"https:\/\/bautenschutz-keul.de\/angebote\/kellertrockenlegung-seevetal-rosengarten\/","title":{"rendered":"Kellertrockenlegung &#8211; Seevetal Rosengarten"},"content":{"rendered":"<h3>Kellertrockenlegung: Unser Unternehmen k\u00fcmmert sich darum!<\/h3>\n<p>Ein dauerhaft durchn\u00e4sster Keller kann die Substanz eines Geb\u00e4udes erheblich beeintr\u00e4chtigen. Und nicht nur das: Auch Gesundheitsbeeintr\u00e4chtigungen<br \/>\ndurch feuchte Hausbereiche sind nicht auszuschlie\u00dfen. Insbesondere die von au\u00dfen eintretende Feuchtigkeit ist ein ernsthaftes Problem, das man nicht auf die leichte Schulter nehmen sollte. Bei akuten und verbreiteten Durchfeuchtungen ist eine professionell ausgef\u00fchrte Kellertrockenlegung meistens zwingend notwendig. Bevor man aber eine Kellertrockenlegung in Angriff nimmt, ist es zun\u00e4chst wichtig, zu kl\u00e4ren, aus welchen Gr\u00fcnden es \u00fcberhaupt zu einer Durchfeuchtung gekommen ist. Kosten und Vorgehensweisen, die der Experte f\u00fcr die nachhaltige Kellertrockenlegung empfiehlt, h\u00e4ngen nicht letztlich von der prim\u00e4ren Ursache ab. Eine undichte Abflu\u00dfleitung oder auch eine schlecht ged\u00e4mmte Au\u00dfenwand<br \/>\nzieht einen anderen Sanierungsbedarf nach sich, als es z.B. eine Durchfeuchtung durch einen gestiegenen Grundwasserpegel tut. Es stellt sich also die Frage, ob die Kellertrockenlegung durch ein zeitweiliges Problem n\u00f6tig wird beziehungsweise ob die Ursache beispielsweise in der Substanz zu lokalisieren ist.<\/p>\n<h3>Kellertrockenlegung: Wir helfen schnell und kompetent!<\/h3>\n<p>Um die optimalste Art der Kellertrockenlegung zu festzustellen, ist es anzuraten, dass der Mangel von einen Spezialisten begutachtet wird. Nur allein der Experte kennt die verschiedenen Methoden einer Kellertrockenlegung und bewertet die verschiedenen Verfahren sowohl aus einer fachlichen als auch aus einer \u00f6konomischen Sicht. Sollte in Ihrem Haus eine Kellertrockenlegung notwendig sein, so verabreden Sie bitte gleich einmal einen Termin mit einem unserer Experten. Im Rahmen einer Ortsbegehung beurteilen wir den optimalen Instandsetzungsbedarf, erkl\u00e4ren die unterschiedlichen M\u00f6glichkeiten und berechnen die zu erwartenden Kosten. Bedarfsabh\u00e4ngig k\u00f6nnen verschiedene Verfahren und Anwendungen der Kellertrockenlegung notwendig werden. Sehr gerne informieren wir Sie \u00fcber die Vorgehensweisen, die wir anraten.<\/p>\n","protected":false},"excerpt":{"rendered":"<p>Kellertrockenlegung: Unser Unternehmen k\u00fcmmert sich darum! Ein dauerhaft durchn\u00e4sster Keller kann die Substanz eines Geb\u00e4udes erheblich beeintr\u00e4chtigen. Und nicht nur das: Auch Gesundheitsbeeintr\u00e4chtigungen durch feuchte Hausbereiche sind nicht auszuschlie\u00dfen. Insbesondere die von au\u00dfen eintretende Feuchtigkeit ist ein ernsthaftes Problem, das man nicht auf die leichte Schulter nehmen sollte. Bei akuten und verbreiteten Durchfeuchtungen ist eine [&hellip;]<\/p>\n","protected":false},"author":1,"featured_media":0,"parent":0,"menu_order":0,"comment_status":"closed","ping_status":"closed","template":"","meta":{"footnotes":""},"class_list":["post-443","page","type-page","status-publish","hentry"],"meta_box":{"popseo_subtitel":"Wir sind Ihr Fachbetrieb f\u00fcr eine Kellertrockenlegung in Seevetal Rosengarten","popseo_subtitel2":"Kellertrockenlegung - unsere Fachleute beraten Sie gerne","popseo_lasttitel":"Kellertrockenlegung: F\u00fcr weitere Informationen sprechen Sie uns bitte an","popseo_region":"Seevetal Rosengarten","popseo_sachwort":"Kellertrockenlegung","popseo_noupdate":"","popseo_einleitungstext":"<p>Sie haben sich mit der Bauwerksabdichtung besch\u00e4ftigt, da Ihr Wohn- oder Gesch\u00e4ftshaus feuchte Geb\u00e4udebereiche aufweist und Sie nach Methoden einer wirkungsvollen und professionellen Sanierung Ausschau halten. Toll, dass Sie unsere Website entdeckt haben. Nachfolgend d\u00fcrfen wir Ihnen n\u00e4here Informationen zu unserem Leistungsspektrum geben. Sie lernen auf dieser Website unsere Firma etwas n\u00e4her kennen. <\/p>\n<p>Die Firma TK-Geb\u00e4udetechnik Thorsten Keul ist ein qualifizierter und erfahrener Fachbetrieb mit Firmensitz in Brietlingen bei L\u00fcneburg. Bereits seit vielen Jahren sind wir Ihr Spezialist f\u00fcr alle Fragen rund um Geb\u00e4udeabdichtung. Wir setzen ausschlie\u00dflich praxisbew\u00e4hrte und effektive Sanierungsmethoden und -systeme ein. Als Sanierungsfachbetrieb blicken wir auf eine lange Berufserfahrung zur\u00fcck. Unsere versierten Mitarbeiter informieren Sie gerne im Detail.<\/p>","popseo_schlusstext":"<p>Wir stellen uns h\u00f6chsten Anspr\u00fcchen und freuen uns \u00fcber die Zufriedenheit der Immobilienbesitzer. Know-how, Fachkompetenz und Zuverl\u00e4ssigkeit sorgen f\u00fcr erfolgreiche Sanierungs- und Trockenlegungsprojekte zum Vorteil unserer Kunden. Unsere Experten freuen sich \u00fcber Ihre Anfrage, unabh\u00e4ngig davon ob durch Anruf oder Nachricht per E-Mail.<\/p>","popseo_stadttext":"<h3>Wir freuen uns \u00fcber zufriedene Kunden aus Rosengarten und Seevetal<\/h2>\n<p>Unser Gesch\u00e4ftsbereich umfasst auch Rosengarten und Seevetal. Durch unsere T\u00e4tigkeit haben wir uns einen sehr guten \u00dcberblick \u00fcber die Architektur der St\u00e4dte und Gemeinden unseres Vertriebsgebietes machen k\u00f6nnen. Wir f\u00fchlen uns der Region verpflichtet und freuen uns dar\u00fcber, unseren Anteil zur guten Infrastruktur der Gemeinden beizusteuern zu k\u00f6nnen.  <\/p>\n<h3>Einige Informationen \u00fcber Seevetal und Rosengarten<\/h3>\n<p>Die Gemeinde Seevetal liegt s\u00fcdlich von Hamburg im nieders\u00e4chsischen Kreis Harburg. Im Jahre 1972 schlossen sich insgesamt 19 ehemals autonome Gemeinden zur Gesamtgemeinde Seevetal zusammen. Durch die Zusammenf\u00fchrung gilt Seevetal mit mehr als 42.000 Anwohnern als die gr\u00f6\u00dfte Gemeinde der Bundesrepublik. Trotz der noch kurzen Geschichte, sehen einige der ehedem selbstst\u00e4ndigen Gemeindeteile auf eine \u00e4u\u00dferst lange Historie zur\u00fcck. Die Ortschronik von Seevetal erz\u00e4hlt dar\u00fcber, dass der Ortsteil Ramelsloh schon im Jahre 845 zum ersten Mal urkundlich erw\u00e4hnt wurde. Die positive Bev\u00f6lkerungsentwicklung der Gemeinde Seevetal erkl\u00e4rt sich auch durch die verkehrstechnisch gute Lage. Die N\u00e4he zur Metropole Hamburg macht Seevetal f\u00fcr Pendler reizvoll. Das Arbeiten in der Metropole und das Leben im eher l\u00e4ndlich wirkenden Bereich, gehen in Seevetal eine sehr gute Verbindung ein. <\/p>\n<h4>Seevetal und Rosengarten \u2013 attraktive Wohnorte am Rande der Metropole<\/h4>\n<p>Der Wirtschaftsstandort Seevetal ist f\u00fcr eine gro\u00dfe Anzahl von Betrieben von au\u00dferordentlicher Anziehungskraft. Seevetal liegt in der Mitte von f\u00fcnf Schnellstra\u00dfen. Die verkehrstechnisch herausragende Lage gew\u00e4hrleistet sowohl eine sehr gute Erreichbarkeit als auch einen raschen G\u00fcterumschlag. Wirtschaftsf\u00f6rderung wird in Seevetal gro\u00df geschrieben. Die Gemeinde f\u00f6rdert breitfl\u00e4chig und unb\u00fcrokratisch die Gewerbeansiedlung. Seevetal ist Teil vom Hamburger Verkehrsverbund (HVV). Auf dem Schienenweg erreicht man den Ortsteil Hittfeld mit dem Metronom \u00fcber die Bahnverbindung HH-Harburg-Buchholz-Tostedt. Die zu Seevetal z\u00e4hlenden Ortsteile Meckelfeld und Maschen sind an die Schienenverbindung HH-Harburg-Winsen-L\u00fcneburg angebunden.  <\/p>\n<p>Die Gemeinde Seevetal zeichnet sich durch einen hohen Wohnwert aus. Eine gute Infrastruktur macht das Leben in Seevetal speziell f\u00fcr junge Familien reizvoll. Durch die gesunde und auf Wachstum ausgerichte Wirtschaft in Seevetal wird von den Gemeindevertretern dar\u00fcber hinaus ein besonderer Schwerpunkt auf die Attraktivit\u00e4t des Wohnortes Seevetal gelegt. In den 19 Einzelgemeinden von Seevetal findet sich mehr als genug Baugrund f\u00fcr private Bauherren.<\/p>\n<p>\u00c4hnlich attraktiv zeigt sich Rosengarten. Die Gemeinde liegt etwa rund 15 Kilometer von Seevetal entfernt. Gut 13.000 B\u00fcrger wohnen in dem idyllischen Ort, der sich \u00fcber ein Gebiet von \u00fcber 63 qkm erstreckt. Rosengarten grenzt an die Hamburger Stadtteile Marmstorf, Heimfeld und Hausbruch. Das zumeist idyllische Leben auf dem Lande verbindet sich in Rosengarten auf optimale Weise mit den vielf\u00e4ltigen Angeboten der nahen Gro\u00dfstadt. Seevetal und Rosengarten verf\u00fcgen \u00fcber zahlreiche sch\u00f6ne Wohnviertel, die insbesondere von einer ansprechenden Einzelhausbebauung gepr\u00e4gt sind. <\/p>\n<h4>Wir f\u00fcr Sie in Seevetal und Rosengarten!<\/h4>\n<p>Sie leben in Seevetal oder Rosengarten und interessieren sich f\u00fcr unser Angebot. Toll, das Sie unsere Internetseite entdeckt haben. F\u00fcr R\u00fcckfragen sind wir jederzeit f\u00fcr Sie da. Auf den Kontakt zu Ihnen freuen wir uns.<\/p>","popseo_zusatztext":"<h3>Perfekte Sanierungsarbeiten zu geringen Kosten<\/h3>\n<p>Sie interessieren sich f\u00fcr eine Kellertrockenlegung oder eine Sanierungsarbeit an Mauern bzw. W\u00e4nden und w\u00fcnschen sich ein individuelles Angebot, das eine handwerklich gute Arbeit garantiert, gleichzeitig aber die Kosten im Blick hat. Super, dann sind Sie bei uns an der richtigen Adresse. Als Spezialist f\u00fcr Schimmelbeseitigung, Geb\u00e4udeabdichtung und Kellersanierung verwenden wir ausnahmslos ausgezeichnete Materialien. Gleichwohl achten wir stets auf die Kosten, die selbstverst\u00e4ndlich \u00fcberschaubar bleiben sollen. Wir m\u00f6chten Ihnen Qualit\u00e4t anbieten, die trotzdem auch die Kosten im Blick beh\u00e4lt. Bei uns stimmen Kosten und Qualit\u00e4t: Schon seit etlichen Jahren sind wir Ihr erfahrener Fachbetrieb f\u00fcr Trocknungs- und Sanierungsarbeiten in Norddeutschland. Unser Unternehmenssitz befindet sich verkehrsg\u00fcnstig in Brietlingen bei L\u00fcndeburg. Die Kosten stets vor Augen: Wir garantieren eine professionell ausgef\u00fchrte Arbeit nach dem jeweils neuesten Stand der Technik.<\/p>\n<h3>Hochwertige Arbeit, geringe Kosten!<\/h3>\n<p>D\u00fcrfen wir Sie informieren, wie Sie die Kosten f\u00fcr eine Sanierung begrenzen k\u00f6nnen? Toll, dann warten Sie bitte nicht und nehmen am besten gleich heute Kontakt mit uns auf. Ein kurzer Anruf oder auch eine schnelle E-Mail gen\u00fcgen. Die gute Beratung ist genauso wichtig wie die perfekte Umsetzung der eigentlichen Arbeiten. Unsere fachliche Beratung ist nat\u00fcrlich v\u00f6llig unverbindlich. Qualit\u00e4tsbewusst bei niedrigen Kosten: Wir empfehlen uns als spezialisiertes Fachunternehmen im Norden. Unsere langj\u00e4hrige Erfahrung spricht f\u00fcr uns.<br \/>\nMinimieren Sie die Kosten f\u00fcr Ihre Geb\u00e4udesanierung: Setzen Sie auf die Profis der Fachfirma Keul.<\/p>","popseo_links":"<a href=\"https:\/\/bautenschutz-keul.de\/angebote\/kellerabdichtung-bardowick\/\">Kellerabdichtung Bardowick<\/a>, <a href=\"https:\/\/bautenschutz-keul.de\/angebote\/bauwerksabdichtung-reppenstedt\/\">Bauwerksabdichtung Reppenstedt<\/a>, <a href=\"https:\/\/bautenschutz-keul.de\/angebote\/feuchtigkeit-winsen-luhe\/\">Feuchtigkeit Winsen Luhe<\/a>, <a href=\"https:\/\/bautenschutz-keul.de\/angebote\/feuchte-mauer-boizenburg\/\">Feuchte Mauer Boizenburg<\/a>, <a href=\"https:\/\/bautenschutz-keul.de\/angebote\/schimmelbeseitigung-winsen-luhe\/\">Schimmelbeseitigung Winsen Luhe<\/a>, <a href=\"https:\/\/bautenschutz-keul.de\/angebote\/bauwerksabdichtung-jesteburg\/\">Bauwerksabdichtung Jesteburg<\/a>, <a href=\"https:\/\/bautenschutz-keul.de\/angebote\/horizontalsperre-buechen\/\">Horizontalsperre B\u00fcchen<\/a>, <a href=\"https:\/\/bautenschutz-keul.de\/angebote\/feuchtigkeitsschaden-bardowick\/\">Feuchtigkeitsschaden Bardowick<\/a>, <a href=\"https:\/\/bautenschutz-keul.de\/angebote\/aussenabdichtung-harburg\/\">Au\u00dfenabdichtung Harburg<\/a>, <a href=\"https:\/\/bautenschutz-keul.de\/angebote\/bauwerksabdichtung-herzogtum-lauenburg\/\">Bauwerksabdichtung Herzogtum Lauenburg<\/a>, <a href=\"https:\/\/bautenschutz-keul.de\/angebote\/aussenabdichtung-reppenstedt\/\">Au\u00dfenabdichtung Reppenstedt<\/a>, <a href=\"https:\/\/bautenschutz-keul.de\/angebote\/innenabdichtung-schwarzenbek\/\">Innenabdichtung Schwarzenbek<\/a>, <a href=\"https:\/\/bautenschutz-keul.de\/angebote\/kellerabdichtung-reppenstedt\/\">Kellerabdichtung Reppenstedt<\/a>, <a href=\"https:\/\/bautenschutz-keul.de\/angebote\/aufsteigende-feuchtigkeit-adendorf\/\">aufsteigende Feuchtigkeit Adendorf<\/a>, <a href=\"https:\/\/bautenschutz-keul.de\/angebote\/schimmel-brietlingen\/\">Schimmel Brietlingen<\/a>, <a href=\"https:\/\/bautenschutz-keul.de\/angebote\/schimmelbeseitigung-boizenburg\/\">Schimmelbeseitigung Boizenburg<\/a>, <a href=\"https:\/\/bautenschutz-keul.de\/angebote\/zerstoerter-putz-bad-bevensen\/\">zerst\u00f6rter Putz Bad Bevensen<\/a>, <a href=\"https:\/\/bautenschutz-keul.de\/angebote\/feuchte-mauer-uelzen\/\">Feuchte Mauer Uelzen<\/a>, <a href=\"https:\/\/bautenschutz-keul.de\/angebote\/salpeter-im-keller-hanstedt\/\">Salpeter im Keller Hanstedt<\/a>, <a href=\"https:\/\/bautenschutz-keul.de\/angebote\/feuchte-mauer-lueneburg\/\">Feuchte Mauer L\u00fcneburg<\/a>, <a href=\"https:\/\/bautenschutz-keul.de\/angebote\/bauwerksabdichtung-uelzen\/\">Bauwerksabdichtung Uelzen<\/a>, <a href=\"https:\/\/bautenschutz-keul.de\/angebote\/feuchte-wand-reinbek-aumuehle\/\">Feuchte Wand Reinbek Aum\u00fchle<\/a>, <a href=\"https:\/\/bautenschutz-keul.de\/angebote\/rissverpressung-amelinghausen\/\">Rissverpressung Amelinghausen<\/a>, <a href=\"https:\/\/bautenschutz-keul.de\/angebote\/kellersanierung-salzhausen\/\">Kellersanierung Salzhausen<\/a>, <a href=\"https:\/\/bautenschutz-keul.de\/angebote\/salpeter-im-keller-salzhausen\/\">Salpeter im Keller Salzhausen<\/a>, <a href=\"https:\/\/bautenschutz-keul.de\/angebote\/mauertrockenlegung-maschen\/\">Mauertrockenlegung Maschen<\/a>, <a href=\"https:\/\/bautenschutz-keul.de\/angebote\/rissverpressung-brietlingen\/\">Rissverpressung Brietlingen<\/a>, <a href=\"https:\/\/bautenschutz-keul.de\/angebote\/kellerabdichtung-adendorf\/\">Kellerabdichtung Adendorf<\/a>"},"_links":{"self":[{"href":"https:\/\/bautenschutz-keul.de\/angebote\/wp-json\/wp\/v2\/pages\/443","targetHints":{"allow":["GET"]}}],"collection":[{"href":"https:\/\/bautenschutz-keul.de\/angebote\/wp-json\/wp\/v2\/pages"}],"about":[{"href":"https:\/\/bautenschutz-keul.de\/angebote\/wp-json\/wp\/v2\/types\/page"}],"author":[{"embeddable":true,"href":"https:\/\/bautenschutz-keul.de\/angebote\/wp-json\/wp\/v2\/users\/1"}],"replies":[{"embeddable":true,"href":"https:\/\/bautenschutz-keul.de\/angebote\/wp-json\/wp\/v2\/comments?post=443"}],"version-history":[{"count":0,"href":"https:\/\/bautenschutz-keul.de\/angebote\/wp-json\/wp\/v2\/pages\/443\/revisions"}],"wp:attachment":[{"href":"https:\/\/bautenschutz-keul.de\/angebote\/wp-json\/wp\/v2\/media?parent=443"}],"curies":[{"name":"wp","href":"https:\/\/api.w.org\/{rel}","templated":true}]}}