{"id":444,"date":"2021-09-13T08:44:08","date_gmt":"2021-09-13T06:44:08","guid":{"rendered":"https:\/\/bautenschutz-keul.de\/angebote\/kellertrockenlegung-stelle\/"},"modified":"2021-09-13T08:44:08","modified_gmt":"2021-09-13T06:44:08","slug":"kellertrockenlegung-stelle","status":"publish","type":"page","link":"https:\/\/bautenschutz-keul.de\/angebote\/kellertrockenlegung-stelle\/","title":{"rendered":"Kellertrockenlegung &#8211; Stelle"},"content":{"rendered":"<h3>Kellertrockenlegung: Unser Unternehmen k\u00fcmmert sich darum!<\/h3>\n<p>Ein fortw\u00e4hrend durchfeuchter Keller kann die Bausubstanz eines Geb\u00e4udes erheblich gef\u00e4hrden. Und nicht nur das: Selbst Gesundheitsgefahren<br \/>\ndurch feuchte Geb\u00e4udebereiche sind nicht auszuschlie\u00dfen. Ganz besonders die von drau\u00dfen eindringende Feuchtigkeit ist ein schwerwiegendes Problem, das man nicht herunterspielen sollte. Bei akuten und weitreichenden Durchfeuchtungen ist eine fachm\u00e4nnisch ausgef\u00fchrte Kellertrockenlegung meistens unausweichlich. Bevor man jedoch eine Kellertrockenlegung anf\u00e4ngt, ist es zun\u00e4chst wichtig, abzukl\u00e4ren, aus welchen Ursachen es \u00fcberhaupt zu einer Durchn\u00e4ssung kommen konnte. Umfang und Vorgehensweisen, die der Sachverst\u00e4ndige f\u00fcr die nachhaltige Kellertrockenlegung r\u00e4t, h\u00e4ngen nicht letztlich von der prim\u00e4ren Ursache ab. Eine defekte Wasserleitung oder eine nicht ausreichend isolierte Au\u00dfenwand<br \/>\nzieht einen anderen Sanierungsbedarf nach sich, als es zum Beispiel eine Durchsickerung durch einen hohen Wasserspiegel tut. Es stellt sich daher die Frage, ob die Kellertrockenlegung durch ein vor\u00fcbergehendes Problem n\u00f6tig wird beziehungsweise ob der Grund zum Beispiel in der Bausubstanz zu suchen ist.<\/p>\n<h3>Kellertrockenlegung \u2013 wir \u00fcbernehmen das!<\/h3>\n<p>Um die geeigneteste Art der Kellertrockenlegung zu festzustellen, ist es ratsam, dass der Schaden von einen Experten begutachtet wird. Nur allein der Profi kennt die diversen Methoden einer Kellertrockenlegung und betrachtet die unterschiedlichen Methoden sowohl aus einer handwerklichen wie auch aus einer wirtschaftlichen Sicht. Sollte in Ihrem Geb\u00e4ude eine Kellertrockenlegung von N\u00f6ten sein, so vereinbaren Sie bitte gleich einen Termin mit einem unserer Mitarbeiter. Im Rahmen einer Ortsbesichtigung sch\u00e4tzen wir den ben\u00f6tigten Sanierungsbedarf, er\u00f6rtern die verschiedenen M\u00f6glichkeiten und berechnen die zu erwartenden Aufwendungen. Je nach Bedarf k\u00f6nnen diverse Arten und Anwendungen der Kellertrockenlegung erforderlich werden. Gern informieren wir Sie \u00fcber die Methoden, die wir empfehlen.<\/p>\n","protected":false},"excerpt":{"rendered":"<p>Kellertrockenlegung: Unser Unternehmen k\u00fcmmert sich darum! Ein fortw\u00e4hrend durchfeuchter Keller kann die Bausubstanz eines Geb\u00e4udes erheblich gef\u00e4hrden. Und nicht nur das: Selbst Gesundheitsgefahren durch feuchte Geb\u00e4udebereiche sind nicht auszuschlie\u00dfen. Ganz besonders die von drau\u00dfen eindringende Feuchtigkeit ist ein schwerwiegendes Problem, das man nicht herunterspielen sollte. Bei akuten und weitreichenden Durchfeuchtungen ist eine fachm\u00e4nnisch ausgef\u00fchrte Kellertrockenlegung [&hellip;]<\/p>\n","protected":false},"author":1,"featured_media":0,"parent":0,"menu_order":0,"comment_status":"closed","ping_status":"closed","template":"","meta":{"footnotes":""},"class_list":["post-444","page","type-page","status-publish","hentry"],"meta_box":{"popseo_subtitel":"Wir sind Ihr Fachunternehmen f\u00fcr eine Kellertrockenlegung in Stelle","popseo_subtitel2":"Kellertrockenlegung - eine Aufgabe, die wir gerne \u00fcbernehmen","popseo_lasttitel":"Kellertrockenlegung: Gerne beantworten wir Ihre Fragen!","popseo_region":"Stelle","popseo_sachwort":"Kellertrockenlegung","popseo_noupdate":"","popseo_einleitungstext":"<p>Sie haben sich mit der Bauwerksabdichtung auseinandergesetzt, weil Ihre Immobilie feuchte Geb\u00e4udeteile aufweist und Sie nach Methoden einer wirkungsvollen und professionellen Sanierung Ausschau halten. Gut, dass Sie unseren Internetauftritt entdeckt haben. Nachfolgend d\u00fcrfen wir Ihnen n\u00e4here Informationen zu unserem Leistungsangebot geben. Sie lernen auf dieser Internetseite unsere Firma etwas n\u00e4her kennen. <\/p>\n<p>Unser Unternehmen ist ein spezialisierter und etablierter Handwerksbetrieb mit Firmensitz in Brietlingen bei L\u00fcneburg. Seit vielen Jahren schon sind wir Ihr Fachpartner f\u00fcr s\u00e4mtliche Fragen rund um die Bauwerksabdichtung. Wir setzen ausschlie\u00dflich praxisbew\u00e4hrte und effektive Sanierungssysteme und -methoden ein. Als Fachbetrieb f\u00fcr Abdichtung und Sanierung schauen wir auf eine lange und intensive Berufserfahrung zur\u00fcck. Unsere versierten Fachleute informieren Sie gerne im Detail.<\/p>","popseo_schlusstext":"<p>Ihre Zufriedenheit freut uns und ist uns ein steter Ansporn. Know-how, Fachkompetenz und Zuverl\u00e4ssigkeit sorgen f\u00fcr erfolgreiche Sanierungs- und Trockenlegungsprojekte zum Vorteil unserer Kunden. Unsere Experten freuen sich \u00fcber Ihre Anfrage, egal ob per Anruf oder Nachricht per E-Mail.<\/p>","popseo_stadttext":"<h3>Unser Leistungsprogramm f\u00fcr Kunden aus Stelle<\/h2>\n<p>Unser Einzugsbereich umfasst auch Stelle. Durch unsere T\u00e4tigkeit haben wir uns einen sehr guten \u00dcberblick \u00fcber die Stadtarchitektur der St\u00e4dte und Gemeinden unseres Vertriebsgebietes machen k\u00f6nnen. Wir f\u00fchlen uns der Region verpflichtet und freuen uns dar\u00fcber, auch unseren Teil zur guten Infrastruktur der Gemeinde beizusteuern zu k\u00f6nnen.  <\/p>\n<h3>Lebensmittelpunkt Stelle<\/h3>\n<p>In der zum Landkreis Harburg geh\u00f6renden Gemeinde Stelle wohnen insgesamt rund 11.000 Anwohner auf einer Gesamtfl\u00e4che von etwa 38 km\u00b2. Direkt an Hamburg grenzend, z\u00e4hlt Stelle zum sog. \u201eSpeckg\u00fcrtel\u201c der Freien und Hansestadt. Die Bev\u00f6lkerungsdichte mit 288 Einwohnern pro Quadratkilometer ist nicht sonderlich hoch, was die Stadt zu einer begehrten Wohngegend macht. Einige sch\u00f6ne Quartiere mit einer schmucken Einzelhausbebauung machen Stelle insbesondere f\u00fcr Familien attraktiv. Leben in einem fast d\u00f6rflichen Umfeld, dabei die Gro\u00dfstadt unmittelbar vor der T\u00fcr  \u2013 ein Wohnmodell, das f\u00fcr sehr viele Menschen attraktiv ist. Eine ganze Reihe W\u00e4lder und Wiesen verleihen der Gemeinde einen streckenweise fast d\u00f6rflichen Charakter. Die lokale \u00d6konomie von Stelle ist durchzogen von kleinen und mittelst\u00e4ndigen Betrieben. <\/p>\n<p>Stelle ist f\u00fcr Pendler besonders gut geeignet. Wer seine Arbeitsstelle in der Hansestadt Hamburg hat, genie\u00dft das durchaus beschauliche Leben in der Peripherie. Stelle verf\u00fcgt \u00fcber zahlreiche idyllische Wohngebiete, die von einer ansprechenden Einzelhausbebauung gepr\u00e4gt sind. <\/p>\n<h4>Wir f\u00fcr Sie in Stelle!<\/h4>\n<p>Gerne werden wir auch f\u00fcr Sie im Raum Stelle t\u00e4tig. D\u00fcrfen wir Sie n\u00e4her informieren? Rufen Sie uns an oder senden Sie uns eine Mail. Wir freuen uns, wenn wir ihnen helfen k\u00f6nnen! Das perfekt eingespielte Team unseres Unternehmens zeichnet sich durch eine zielgerichtete Arbeit aus.<\/p>","popseo_zusatztext":"<h3>Hohe Kosten bei der Bauwerksabdichtung m\u00fcssen nicht sein<\/h3>\n<p>Sie sind interessiert an Trocknungs- oder Sanierungsarbeiten und m\u00f6chten gerne ein individuelles Angebot, das eine handwerklich gute Arbeit garantiert, gleichzeitig aber keine hohen Kosten verursacht. Toll, dann sind Sie bei uns genau richtig. Als Handwerksbetrieb f\u00fcr Bauwerksabdichtung, Schimmelbeseitigung und Kellersanierung verarbeiten wir nur ausgezeichnete Materialien. Nichtsdestotrotz achten wir immer auf die Kosten, die selbstverst\u00e4ndlich \u00fcberschaubar bleiben sollen. Wir m\u00f6chten Ihnen beste Qualit\u00e4t bieten, die gleichzeitig auch die Kosten im Blick beh\u00e4lt. Bei uns stimmen Kosten und Qualit\u00e4t: Seit vielen Jahren schon sind wir Ihr qualifizierter Fachbetrieb f\u00fcr Trocknungs- und Sanierungsarbeiten in Norddeutschland. Unser Firmensitz liegt verkehrsg\u00fcnstig in Brietlingen bei L\u00fcndeburg. Die Kosten stets im Blick: Wir stehen f\u00fcr eine fachm\u00e4nnisch durchgef\u00fchrte Arbeit nach dem stets derzeitigen Stand der Technik.<\/p>\n<h3>Kosten vs. Leistung: Eine Sanierung rechnet sich!<\/h3>\n<p>D\u00fcrfen wir Sie informieren, wie Sie die Kosten f\u00fcr eine Sanierung reduzieren? Klasse, dann z\u00f6gern Sie bitte nicht und nehmen am besten gleich heute Verbindung mit uns auf. Ein kurzer Anruf oder eine kurze E-Mail gen\u00fcgen. Eine fachlich versierte Beratung ist genauso wichtig wie die fachgerechte Ausf\u00fchrung der entsprechenden T\u00e4tigkeiten. Unsere Beratung ist selbstverst\u00e4ndlich v\u00f6llig unverbindlich. Beste Qualit\u00e4t bei \u00fcberschaubaren Kosten: Wir empfehlen uns als spezialisiertes Fachunternehmen in Norddeutschland. Unsere gro\u00dfe Erfahrung spricht f\u00fcr uns.<br \/>\nVerringern Sie die Kosten f\u00fcr Ihr Sanierungsprojekt: Setzen Sie auf die Profis der Fachfirma Keul.<\/p>","popseo_links":"<a href=\"https:\/\/bautenschutz-keul.de\/angebote\/rissverpressung-uelzen\/\">Rissverpressung Uelzen<\/a>, <a href=\"https:\/\/bautenschutz-keul.de\/angebote\/innenabdichtung-bispingen\/\">Innenabdichtung Bispingen<\/a>, <a href=\"https:\/\/bautenschutz-keul.de\/angebote\/mauertrockenlegung-buechen\/\">Mauertrockenlegung B\u00fcchen<\/a>, <a href=\"https:\/\/bautenschutz-keul.de\/angebote\/feuchte-wand-winsen-luhe\/\">Feuchte Wand Winsen Luhe<\/a>, <a href=\"https:\/\/bautenschutz-keul.de\/angebote\/rissverpressung-tostedt-sittensen\/\">Rissverpressung Tostedt Sittensen<\/a>, <a href=\"https:\/\/bautenschutz-keul.de\/angebote\/feuchte-wand-seevetal-rosengarten\/\">Feuchte Wand Seevetal Rosengarten<\/a>, <a href=\"https:\/\/bautenschutz-keul.de\/angebote\/kellerabdichtung-adendorf\/\">Kellerabdichtung Adendorf<\/a>, <a href=\"https:\/\/bautenschutz-keul.de\/angebote\/feuchtigkeitsschaden-bienenbuettel\/\">Feuchtigkeitsschaden Bienenb\u00fcttel<\/a>, <a href=\"https:\/\/bautenschutz-keul.de\/angebote\/schimmelsanierung-winsen-luhe\/\">Schimmelsanierung Winsen Luhe<\/a>, <a href=\"https:\/\/bautenschutz-keul.de\/angebote\/aussenabdichtung-brietlingen\/\">Au\u00dfenabdichtung Brietlingen<\/a>, <a href=\"https:\/\/bautenschutz-keul.de\/angebote\/mauertrockenlegung-glinde-sachsenwald\/\">Mauertrockenlegung Glinde Sachsenwald<\/a>, <a href=\"https:\/\/bautenschutz-keul.de\/angebote\/kellersanierung-lueneburg\/\">Kellersanierung L\u00fcneburg<\/a>, <a href=\"https:\/\/bautenschutz-keul.de\/angebote\/schimmelbeseitigung-reppenstedt\/\">Schimmelbeseitigung Reppenstedt<\/a>, <a href=\"https:\/\/bautenschutz-keul.de\/angebote\/feuchte-mauer-amelinghausen\/\">Feuchte Mauer Amelinghausen<\/a>, <a href=\"https:\/\/bautenschutz-keul.de\/angebote\/aussenabdichtung-schwarzenbek\/\">Au\u00dfenabdichtung Schwarzenbek<\/a>, <a href=\"https:\/\/bautenschutz-keul.de\/angebote\/salpeter-im-keller-bienenbuettel\/\">Salpeter im Keller Bienenb\u00fcttel<\/a>, <a href=\"https:\/\/bautenschutz-keul.de\/angebote\/innenabdichtung-buchholz-in-der-nordheide\/\">Innenabdichtung Buchholz in der Nordheide<\/a>, <a href=\"https:\/\/bautenschutz-keul.de\/angebote\/aussenabdichtung-amelinghausen\/\">Au\u00dfenabdichtung Amelinghausen<\/a>, <a href=\"https:\/\/bautenschutz-keul.de\/angebote\/feuchtigkeitsschaden-reinbek-aumuehle\/\">Feuchtigkeitsschaden Reinbek Aum\u00fchle<\/a>, <a href=\"https:\/\/bautenschutz-keul.de\/angebote\/feuchte-wand-jesteburg\/\">Feuchte Wand Jesteburg<\/a>, <a href=\"https:\/\/bautenschutz-keul.de\/angebote\/innenabdichtung-geesthacht\/\">Innenabdichtung Geesthacht<\/a>, <a href=\"https:\/\/bautenschutz-keul.de\/angebote\/zerstoerter-putz-harburg\/\">zerst\u00f6rter Putz Harburg<\/a>, <a href=\"https:\/\/bautenschutz-keul.de\/angebote\/horizontalsperre-brietlingen\/\">Horizontalsperre Brietlingen<\/a>, <a href=\"https:\/\/bautenschutz-keul.de\/angebote\/innenabdichtung-stelle\/\">Innenabdichtung Stelle<\/a>, <a href=\"https:\/\/bautenschutz-keul.de\/angebote\/schimmelsanierung-reinbek-aumuehle\/\">Schimmelsanierung Reinbek Aum\u00fchle<\/a>, <a href=\"https:\/\/bautenschutz-keul.de\/angebote\/feuchter-keller-bergedorf-wentorf\/\">Feuchter Keller Bergedorf Wentorf<\/a>, <a href=\"https:\/\/bautenschutz-keul.de\/angebote\/kellersanierung-adendorf\/\">Kellersanierung Adendorf<\/a>, <a href=\"https:\/\/bautenschutz-keul.de\/angebote\/schimmelbeseitigung-bienenbuettel\/\">Schimmelbeseitigung Bienenb\u00fcttel<\/a>"},"_links":{"self":[{"href":"https:\/\/bautenschutz-keul.de\/angebote\/wp-json\/wp\/v2\/pages\/444","targetHints":{"allow":["GET"]}}],"collection":[{"href":"https:\/\/bautenschutz-keul.de\/angebote\/wp-json\/wp\/v2\/pages"}],"about":[{"href":"https:\/\/bautenschutz-keul.de\/angebote\/wp-json\/wp\/v2\/types\/page"}],"author":[{"embeddable":true,"href":"https:\/\/bautenschutz-keul.de\/angebote\/wp-json\/wp\/v2\/users\/1"}],"replies":[{"embeddable":true,"href":"https:\/\/bautenschutz-keul.de\/angebote\/wp-json\/wp\/v2\/comments?post=444"}],"version-history":[{"count":0,"href":"https:\/\/bautenschutz-keul.de\/angebote\/wp-json\/wp\/v2\/pages\/444\/revisions"}],"wp:attachment":[{"href":"https:\/\/bautenschutz-keul.de\/angebote\/wp-json\/wp\/v2\/media?parent=444"}],"curies":[{"name":"wp","href":"https:\/\/api.w.org\/{rel}","templated":true}]}}