{"id":446,"date":"2021-09-13T08:44:08","date_gmt":"2021-09-13T06:44:08","guid":{"rendered":"https:\/\/bautenschutz-keul.de\/angebote\/kellertrockenlegung-uelzen\/"},"modified":"2021-09-13T08:44:08","modified_gmt":"2021-09-13T06:44:08","slug":"kellertrockenlegung-uelzen","status":"publish","type":"page","link":"https:\/\/bautenschutz-keul.de\/angebote\/kellertrockenlegung-uelzen\/","title":{"rendered":"Kellertrockenlegung &#8211; Uelzen"},"content":{"rendered":"<h3>Fragen Sie den Fachbetrieb in Sachen Kellertrockenlegung!<\/h3>\n<p>Ein st\u00e4ndig nasser Keller kann die Bausubstanz eines Hauses im starken Ma\u00dfe gef\u00e4hrden. Und nicht nur das: Auch Gesundheitsgefahren<br \/>\ndurch durchfeuchtete Geb\u00e4udeteile sind nicht auszuschlie\u00dfen. Besonders die von drau\u00dfen einsickernde Feuchtigkeit ist ein erhebliches Problem, das man nicht auf die leichte Schulter nehmen sollte. Bei akuten und weitreichenden Durchfeuchtungen ist eine fachm\u00e4nnisch umgesetzte Kellertrockenlegung zumeist unumg\u00e4nglich. Bevor man allerdings eine Kellertrockenlegung anf\u00e4ngt, ist es erst einmal wichtig, zu kl\u00e4ren, aus welchen Gr\u00fcnden es \u00fcberhaupt zu einer Durchfeuchtung kommen konnte. Umfang und Methoden, die der Experte f\u00fcr die dauerhafte Kellertrockenlegung r\u00e4t, h\u00e4ngen nicht letztlich von der prim\u00e4ren Ursache ab. Eine por\u00f6se Wasserleitung oder auch eine nur unzureichend ged\u00e4mmte Wand<br \/>\nzieht einen anderen Sanierungsaufwand nach sich, als es z.B. eine Durchsickerung durch einen gestiegenen Grundwasserpegel tut. Es stellt sich dementsprechend die Frage, ob die Kellertrockenlegung durch ein zeitweiliges Problem n\u00f6tig wird oder ob die Ursache nicht zuletzt in der Substanz zu finden ist.<\/p>\n<h3>Kompetent und gr\u00fcndlich: Wir \u00fcbernehmen die Kellertrockenlegung<\/h3>\n<p>Um die geeigneteste Art der Kellertrockenlegung zu festzustellen, ist es empfehlenswert, dass der Mangel durch einen Sachverst\u00e4ndigen analysiert wird. Nur allein der Profi kennt die diversen Mittel einer Kellertrockenlegung und beurteilt die diversen Verfahren sowohl aus einer fachlichen als auch aus einer wirtschaftlichen Perspektive. Sollte in Ihrem Haus eine Kellertrockenlegung von N\u00f6ten sein, so machen Sie bitte rasch einen Termin mit einem unserer Experten. Im Rahmen einer Ortsbesichtigung benennen wir den optimalen Reparaturbedarf, erl\u00e4utern die verschiedenen Verfahren und \u00fcberschlagen die zu veranschlagenden Aufwendungen. Je nach Bedarf k\u00f6nnen unterschiedliche Verfahren und Methoden der Kellertrockenlegung n\u00f6tig werden. Gerne informieren wir Sie \u00fcber die Ma\u00dfnahmen, die wir anraten.<\/p>\n","protected":false},"excerpt":{"rendered":"<p>Fragen Sie den Fachbetrieb in Sachen Kellertrockenlegung! Ein st\u00e4ndig nasser Keller kann die Bausubstanz eines Hauses im starken Ma\u00dfe gef\u00e4hrden. Und nicht nur das: Auch Gesundheitsgefahren durch durchfeuchtete Geb\u00e4udeteile sind nicht auszuschlie\u00dfen. Besonders die von drau\u00dfen einsickernde Feuchtigkeit ist ein erhebliches Problem, das man nicht auf die leichte Schulter nehmen sollte. Bei akuten und weitreichenden [&hellip;]<\/p>\n","protected":false},"author":1,"featured_media":0,"parent":0,"menu_order":0,"comment_status":"closed","ping_status":"closed","template":"","meta":{"footnotes":""},"class_list":["post-446","page","type-page","status-publish","hentry"],"meta_box":{"popseo_subtitel":"Wir sind Ihr Fachbetrieb f\u00fcr eine Kellertrockenlegung im Raum Uelzen","popseo_subtitel2":"Kellertrockenlegung - wir beraten Sie individuell und fachkundig!","popseo_lasttitel":"Kellertrockenlegung: Unsere Experten beantworten Ihre Fragen","popseo_region":"Uelzen","popseo_sachwort":"Kellertrockenlegung","popseo_noupdate":"","popseo_einleitungstext":"<p>W\u00e4nde, Kellerr\u00e4ume oder Mauern Ihrer Wohn- oder Gesch\u00e4ftsimmobilie weisen einen Feuchtigkeitsschaden und damit einen nicht zu \u00fcbersehenden Sanierungsbedarf auf. Dann ist die Zeit gekommen, sich \u00fcber eine sachgerechte Trocknung Gedanken zu machen. Das Team der Firma TK Geb\u00e4udetechnik ist auf die Bauwerksabdichtung spezialisiert. Zu den Schwerpunkten unseres Unternehmens geh\u00f6ren zum Beispiel die Bereiche Mauertrockenlegung, Schimmelbeseitigung und Kellerabdichtung. Der nachhaltigen Sanierung haben wir uns verschrieben. Wir beraten qualifiziert, wie Sie Ihr Geb\u00e4ude umweltgerecht und preisg\u00fcnstig sanieren k\u00f6nnen. Ein paar erste Informationen hierzu lesen Sie nachfolgend.<\/p>","popseo_schlusstext":"<p>Wenn Sie einen qualifizierten Fachbetrieb f\u00fcr die Bauwerksabdichtung suchen, sind Sie bei uns an der richtigen Adresse. Sie m\u00f6chten mehr \u00fcber uns wissen? Als auf Sanierung spezialisierte Fachfirma sind wir f\u00fcr Ihr Vorhaben der optimale Partner und freuen uns \u00fcber Ihre Kontaktaufnahme, ganz gleich ob durch Telefonanruf oder E-Mail. Worauf Sie neben unserer fachlichen Expertise setzen d\u00fcrfen: Unser Team arbeitet absolut zuverl\u00e4ssig und wird mit Elan und Schwung f\u00fcr Sie t\u00e4tig. Wir freuen uns auf das Gespr\u00e4ch mit Ihnen!<\/p>","popseo_stadttext":"<h3>Wir arbeiten gerne f\u00fcr Kunden aus Uelzen<\/h3>\n<p>Durch unsere Gesch\u00e4ftst\u00e4tigkeit haben wir uns einen guten \u00dcberblick \u00fcber die Stadtarchitektur der Gemeinden und St\u00e4dte unseres Einzugsbereiches erarbeiten k\u00f6nnen. Nat\u00fcrlich geh\u00f6rt auch Uelzen zu unserem unmittelbaren Gesch\u00e4ftsgebiet. Wir freuen uns darauf, mit Ihnen ins Gespr\u00e4ch zu treten. <\/p>\n<h3>Lebensmittelpunkt Uelzen<\/h3>\n<p>Uelzen ist die Kreisstadt des nieders\u00e4chsischen Kreises Uelzen. Alles in allem leben 33.000 B\u00fcrger in der zur Metropolregion Hamburg z\u00e4hlenden Stadt. Das Gemeindegebiet umfasst eine Fl\u00e4che von knapp 135 Quadratkilometer. St\u00e4dte in der n\u00e4heren Umgebung sind unter anderem Bad Berversen, Rosche und Ebstorf. Geographisch liegt Uelzen am am s\u00fcdlichen Ende der L\u00fcneburger Heide. Die Stadt ist zwischen gro\u00dfen Naturschutzgebieten wundersch\u00f6n gelegen. Neben der L\u00fcneburger Heide ist auch Naturschutzgebiet Elbufer-Drawehn und das Schutzgebiet Nieders\u00e4chsische Elbtalaue von Uelzen aus geschwind zu erreichen. Uelzen selbst ist an der Ilmenau gelegen. Uelzen besitzt zahlreiche nett gelegene Wohnquartier. Die Stadt ist ein attraktiver Ort zum Wohnen und Arbeiten. Wer das eher \u00fcbersichtliche Leben in einer kleineren Stadt bevorzugt, gleichzeitig aber nicht auf die Vorteile der Gro\u00dfstadt verzichten will, ist in Uelzen genau richtig. <\/p>\n<h3>Wir kennen uns aus in Uelzen<\/h3>\n<p>Die Stadt Uelzen unterteilt sich in insgesamt 18 Ortsteile. Die Architektur von Uelzen wird gepr\u00e4gt von vielen Fachwerkbauten, die der Stadt einen fraglos als m\u00e4rchenhaft zu bezeichnenden Charme verleihen. Auch historische Bauwerke im Baustil der Backsteingotik pr\u00e4gen das Stadtbild von Uelzen. Das Erkennungszeichen der Stadt ist das sogenannte \"Goldene Schiff\". Die Plastik befindet sich an der St. Marien-Kirche zu Uelzen. Vermutlich stammt die Skulptur aus der \u00c4ra der Hanse. F\u00fcr Kunstliebhaber ist Uelzen so etwas \u00e4hnliches wie eine Pilgerst\u00e4tte. Der K\u00fcnstler Friedensreich Hundertwasser erschuf direkt vor seinem Tod im Jahre 2000 den st\u00e4dtischen Bahnhof. Das aufsehenerregende Geb\u00e4ude tr\u00e4gt die Bezeichnung Hundertwasserbahnhof Uelzen.<\/p>\n<p>Das Wirtschaftsleben von Uelzen ist mittelstandsgepr\u00e4gt. Hauptfelder sind der Lebensmittelsektor sowie Betriebe aus dem Dienstleistungsgewerbe. Die Wirtschaftsf\u00f6rderung der Stadt Uelzen muss als vorbildlich benannt werden. Um den Zuzug weiterer Betriebe werben sich die Stadtvertreter erkennbar. Die bedeutendsten Arbeitgeber in Uelzen sind die Nordzucker AG sowie die Uelzena AG. Der Konzern Nestl\u00e9 Schoeller unterh\u00e4lt in Uelzen ein Werk mit gut 500 Arbeitnehmern. <\/p>\n<h4>Unsere Leistung f\u00fcr qualit\u00e4tsbewusste Kunden aus Uelzen<\/h4>\n<p>Sie leben in Uelzen und interessieren sich f\u00fcr unser Angebot. Prima, dass Sie uns hier auf dieser Website entdeckt haben. F\u00fcr R\u00fcckfragen stehen wir Ihnen jederzeit zur Verf\u00fcgung. Auf den Kontakt zu Ihnen freuen wir uns.<\/p>","popseo_zusatztext":"<h3>Wir haben die Kosten im Blick<\/h3>\n<p>Sie interessieren sich f\u00fcr eine Kellertrockenlegung oder eine Sanierungsarbeit an Mauern bzw. W\u00e4nden und w\u00fcnschen sich ein individuelles Angebot, das eine qualitativ gute Arbeit garantiert, gleichzeitig aber die Kosten im Blick hat. Klasse, dann sind Sie bei uns an der richtigen Adresse. Als Fachbetrieb f\u00fcr Bauwerksabdichtung, Schimmelbeseitigung und Kellersanierung verwenden wir ausnahmslos exzellente Materialien. Nichtsdestotrotz achten wir stets auf die Kosten, die selbstverst\u00e4ndlich \u00fcberschaubar bleiben sollen. Wir m\u00f6chten Ihnen beste Qualit\u00e4t bieten, die zugleich auch die Kosten im Blick beh\u00e4lt. Bei uns stimmen Kosten und Leistung: Bereits seit vielen Jahren sind wir Ihr erfahrener Partner f\u00fcr Trocknungs- und Sanierungsarbeiten in Norddeutschland. Unser Firmensitz befindet sich verkehrsg\u00fcnstig in Brietlingen bei L\u00fcndeburg. Die Kosten stets vor Augen: Wir garantieren eine fachkundig ausgef\u00fchrte Sanierungsarbeit nach dem jeweils derzeitigen Stand der Technik.<\/p>\n<h3>Trocknung und Sanierung durch die Firma Wist: Beste Arbeit, geringe Kosten!<\/h3>\n<p>D\u00fcrfen wir Sie informieren, wie Sie die Kosten f\u00fcr eine Sanierung reduzieren? Toll, dann z\u00f6gern Sie bitte nicht und nehmen am besten gleich heute Kontakt mit uns auf. Ein kurzer Telefonanruf oder auch eine kurze Mail gen\u00fcgen. Eine fachlich versierte Beratung ist genauso wichtig wie die fachgerechte Ausf\u00fchrung der entprechenden Arbeiten. Unsere fachliche Beratung ist selbstverst\u00e4ndlich absolut unverbindlich. Beste Qualit\u00e4t bei niedrigen Kosten: Wir empfehlen uns als spezialisiertes Unternehmen im Norden. Unsere gro\u00dfe Erfahrung spricht f\u00fcr uns.<br \/>\nSenken Sie die Kosten f\u00fcr Ihr Sanierungsprojekt: Setzen Sie auf die Profis der Fachfirma Keul.<\/p>","popseo_links":"<a href=\"https:\/\/bautenschutz-keul.de\/angebote\/zerstoerter-putz-bad-bevensen\/\">zerst\u00f6rter Putz Bad Bevensen<\/a>, <a href=\"https:\/\/bautenschutz-keul.de\/angebote\/kellerabdichtung-jesteburg\/\">Kellerabdichtung Jesteburg<\/a>, <a href=\"https:\/\/bautenschutz-keul.de\/angebote\/feuchter-keller-brietlingen\/\">Feuchter Keller Brietlingen<\/a>, <a href=\"https:\/\/bautenschutz-keul.de\/angebote\/feuchte-wand-buechen\/\">Feuchte Wand B\u00fcchen<\/a>, <a href=\"https:\/\/bautenschutz-keul.de\/angebote\/bauwerksabdichtung-reppenstedt\/\">Bauwerksabdichtung Reppenstedt<\/a>, <a href=\"https:\/\/bautenschutz-keul.de\/angebote\/schimmelsanierung-uelzen\/\">Schimmelsanierung Uelzen<\/a>, <a href=\"https:\/\/bautenschutz-keul.de\/angebote\/zerstoerter-putz-amelinghausen\/\">zerst\u00f6rter Putz Amelinghausen<\/a>, <a href=\"https:\/\/bautenschutz-keul.de\/angebote\/zerstoerter-putz-reinbek-aumuehle\/\">zerst\u00f6rter Putz Reinbek Aum\u00fchle<\/a>, <a href=\"https:\/\/bautenschutz-keul.de\/angebote\/feuchte-mauer-buechen\/\">Feuchte Mauer B\u00fcchen<\/a>, <a href=\"https:\/\/bautenschutz-keul.de\/angebote\/schimmel-winsen-luhe\/\">Schimmel Winsen Luhe<\/a>, <a href=\"https:\/\/bautenschutz-keul.de\/angebote\/schimmel-bienenbuettel\/\">Schimmel Bienenb\u00fcttel<\/a>, <a href=\"https:\/\/bautenschutz-keul.de\/angebote\/salpeter-im-keller-adendorf\/\">Salpeter im Keller Adendorf<\/a>, <a href=\"https:\/\/bautenschutz-keul.de\/angebote\/schimmelsanierung-glinde-sachsenwald\/\">Schimmelsanierung Glinde Sachsenwald<\/a>, <a href=\"https:\/\/bautenschutz-keul.de\/angebote\/aufsteigende-feuchtigkeit-schwarzenbek\/\">aufsteigende Feuchtigkeit Schwarzenbek<\/a>, <a href=\"https:\/\/bautenschutz-keul.de\/angebote\/rissverpressung-stelle\/\">Rissverpressung Stelle<\/a>, <a href=\"https:\/\/bautenschutz-keul.de\/angebote\/feuchtigkeitsschaden-reppenstedt\/\">Feuchtigkeitsschaden Reppenstedt<\/a>, <a href=\"https:\/\/bautenschutz-keul.de\/angebote\/schimmelbeseitigung-ebstorf\/\">Schimmelbeseitigung Ebstorf<\/a>, <a href=\"https:\/\/bautenschutz-keul.de\/angebote\/feuchtigkeitsschaden-maschen\/\">Feuchtigkeitsschaden Maschen<\/a>, <a href=\"https:\/\/bautenschutz-keul.de\/angebote\/aufsteigende-feuchtigkeit-winsen-luhe\/\">aufsteigende Feuchtigkeit Winsen Luhe<\/a>, <a href=\"https:\/\/bautenschutz-keul.de\/angebote\/rissverpressung-jesteburg\/\">Rissverpressung Jesteburg<\/a>, <a href=\"https:\/\/bautenschutz-keul.de\/angebote\/rissverpressung-reppenstedt\/\">Rissverpressung Reppenstedt<\/a>, <a href=\"https:\/\/bautenschutz-keul.de\/angebote\/aussenabdichtung-adendorf\/\">Au\u00dfenabdichtung Adendorf<\/a>, <a href=\"https:\/\/bautenschutz-keul.de\/angebote\/horizontalsperre-jesteburg\/\">Horizontalsperre Jesteburg<\/a>, <a href=\"https:\/\/bautenschutz-keul.de\/angebote\/feuchte-mauer-brietlingen\/\">Feuchte Mauer Brietlingen<\/a>, <a href=\"https:\/\/bautenschutz-keul.de\/angebote\/zerstoerter-putz-reppenstedt\/\">zerst\u00f6rter Putz Reppenstedt<\/a>, <a href=\"https:\/\/bautenschutz-keul.de\/angebote\/horizontalsperre-schwarzenbek\/\">Horizontalsperre Schwarzenbek<\/a>, <a href=\"https:\/\/bautenschutz-keul.de\/angebote\/feuchtigkeit-salzhausen\/\">Feuchtigkeit Salzhausen<\/a>, <a href=\"https:\/\/bautenschutz-keul.de\/angebote\/zerstoerter-putz-salzhausen\/\">zerst\u00f6rter Putz Salzhausen<\/a>"},"_links":{"self":[{"href":"https:\/\/bautenschutz-keul.de\/angebote\/wp-json\/wp\/v2\/pages\/446","targetHints":{"allow":["GET"]}}],"collection":[{"href":"https:\/\/bautenschutz-keul.de\/angebote\/wp-json\/wp\/v2\/pages"}],"about":[{"href":"https:\/\/bautenschutz-keul.de\/angebote\/wp-json\/wp\/v2\/types\/page"}],"author":[{"embeddable":true,"href":"https:\/\/bautenschutz-keul.de\/angebote\/wp-json\/wp\/v2\/users\/1"}],"replies":[{"embeddable":true,"href":"https:\/\/bautenschutz-keul.de\/angebote\/wp-json\/wp\/v2\/comments?post=446"}],"version-history":[{"count":0,"href":"https:\/\/bautenschutz-keul.de\/angebote\/wp-json\/wp\/v2\/pages\/446\/revisions"}],"wp:attachment":[{"href":"https:\/\/bautenschutz-keul.de\/angebote\/wp-json\/wp\/v2\/media?parent=446"}],"curies":[{"name":"wp","href":"https:\/\/api.w.org\/{rel}","templated":true}]}}