{"id":448,"date":"2021-09-13T08:44:08","date_gmt":"2021-09-13T06:44:08","guid":{"rendered":"https:\/\/bautenschutz-keul.de\/angebote\/mauertrockenlegung-adendorf\/"},"modified":"2021-09-13T08:44:08","modified_gmt":"2021-09-13T06:44:08","slug":"mauertrockenlegung-adendorf","status":"publish","type":"page","link":"https:\/\/bautenschutz-keul.de\/angebote\/mauertrockenlegung-adendorf\/","title":{"rendered":"Mauertrockenlegung &#8211; Adendorf"},"content":{"rendered":"<h3>Kompetent und gr\u00fcndlich: Wir \u00fcbernehmen die Mauertrockenlegung<\/h3>\n<p>Nasse R\u00e4ume k\u00f6nnen die Bausubstanz eines Hauses erheblich beeintr\u00e4chtigen. Gerade von drau\u00dfen eintretende N\u00e4sse ist ein Thema, welchem sich Hausbewohner absolut annehmen sollten. Eine sachgerecht erledigte Mauertrockenlegung bewirkt M\u00e4ngel langfristig auszuschlie\u00dfen. Vertrauen Sie bei der Mauertrockenlegung auf den Experten. Wir verf\u00fcgen \u00fcber vielj\u00e4hrige Erfahrung und freuen uns darauf, Sie fachkundig beraten zu d\u00fcrfen. <\/p>\n<p>Die Ursachen, die eine komplette Mauertrockenlegung notwendig machen, sind in der Regel mannigfaltiger Natur. Als h\u00e4ufigste Ursache sind ein hoher Grundwasserspiegel sowie auch Durchfeuchtungen f\u00f6rdernde Hanglagen von Geb\u00e4uden zu erw\u00e4hnen. Als Pr\u00e4ventiv- oder Instandsetzungsma\u00dfnahme sollte man diesbez\u00fcglich eine komplette Mauerabdichtung ins Auge fassen. Um den Reparaturbedarf zu beurteilen, ist eine Beurteilung direkt am betroffenen Objekt auf jeden Fall von N\u00f6ten. Erst wenn man die Gr\u00fcnde und den Umfang der Duchn\u00e4ssungen kennt, kann man die geeigneten Schritte f\u00fcr eine geeignete Mauertrockenlegung feststellen. Egal, welches Verfahren man anwendet, eine Mauertrockenlegung verfolgt immer das Ziel, die Mauern von Au\u00dfen und Innen anhaltend wasserdicht zu machen. Mit einer zweckdienlichen Abdichtung schaffen Sie die Basis, Ihr Bauwerk auf lange Sicht vor sch\u00e4dlichen Feuchtigkeitssch\u00e4den zu sch\u00fctzen.   <\/p>\n<h3>Fragen Sie den Fachbetrieb in Sachen Mauertrockenlegung!<\/h3>\n<p>Insbesondere bei Altbauten ist es v\u00f6llig normal, dass es mit den Jahren zu Materialverschlei\u00df und zum Feuchtigkeitseintritt kommt. Nach einer Trockenlegung k\u00f6nnen auch weitere Ma\u00dfnahmen sinnvoll sein. Zum Beispiel ist die Horizontalsperre eine bautechnische Methode, die unterbinden soll, dass weiterhin Bodenfeuchtigkeit in die Mauer eindringen kann. Wir empfehlen Ihnen darum einen Termin am betreffenden Objekt, bei dem wir die f\u00fcr Ihre Bed\u00fcrfnisse \u00f6konomischte Art der Sanierung ermitteln.<\/p>\n","protected":false},"excerpt":{"rendered":"<p>Kompetent und gr\u00fcndlich: Wir \u00fcbernehmen die Mauertrockenlegung Nasse R\u00e4ume k\u00f6nnen die Bausubstanz eines Hauses erheblich beeintr\u00e4chtigen. Gerade von drau\u00dfen eintretende N\u00e4sse ist ein Thema, welchem sich Hausbewohner absolut annehmen sollten. Eine sachgerecht erledigte Mauertrockenlegung bewirkt M\u00e4ngel langfristig auszuschlie\u00dfen. Vertrauen Sie bei der Mauertrockenlegung auf den Experten. Wir verf\u00fcgen \u00fcber vielj\u00e4hrige Erfahrung und freuen uns darauf, [&hellip;]<\/p>\n","protected":false},"author":1,"featured_media":0,"parent":0,"menu_order":0,"comment_status":"closed","ping_status":"closed","template":"","meta":{"footnotes":""},"class_list":["post-448","page","type-page","status-publish","hentry"],"meta_box":{"popseo_subtitel":"Wir sind Ihr Spezialist f\u00fcr eine Mauertrockenlegung in Adendorf","popseo_subtitel2":"Mauertrockenlegung f\u00fcr Immobilienbesitzer aus Norddeutschland","popseo_lasttitel":"Mauertrockenlegung: Wir beantworten Ihre Fragen!","popseo_region":"Adendorf","popseo_sachwort":"Mauertrockenlegung","popseo_noupdate":"","popseo_einleitungstext":"<p>Sie haben sich mit der Bauwerksabdichtung besch\u00e4ftigt, da Ihre Immobilie feuchte Geb\u00e4udeteile aufweist und Sie nach Methoden einer wirkungsvollen und professionellen Sanierung Ausschau halten. Sch\u00f6n, dass Sie unsere Website besuchen. Nachfolgend d\u00fcrfen wir Ihnen n\u00e4here Informationen zu unserem Leistungsspektrum geben. Sie lernen auf dieser Internetseite unsere Firma n\u00e4her kennen. <\/p>\n<p>Unser Unternehmen ist ein qualifizierter und etablierter Fachbetrieb mit Sitz in Brietlingen bei L\u00fcneburg. Bereits seit vielen Jahren sind wir Ihr Fachpartner f\u00fcr s\u00e4mtliche Fragen rund um die Bauwerksabdichtung. Wir setzen ausschlie\u00dflich effektive und praxisbew\u00e4hrte Sanierungsmethoden und -systeme ein. Als Sanierungsfachbetrieb blicken wir auf eine lange Berufserfahrung zur\u00fcck. Unsere versierten Mitarbeiter informieren Sie gerne im Detail.<\/p>","popseo_schlusstext":"<p>Sie suchen einen Experten f\u00fcr die fachgerecht ausgef\u00fchrte Bauwerksabdichtung. Dann rufen Sie uns bitte rasch an. Wir freuen uns auf das Gespr\u00e4ch mit Ihnen. Wenn es um Sanierung geht, sind wir Ihr qualifizierter Handwerkspartner. Wir garantieren eine fachkundig durchgef\u00fchrte Arbeit nach dem jeweils aktuellsten Stand der Technik.<\/p>","popseo_stadttext":"<h3>Unser Leistungsprogramm f\u00fcr Kunden aus  Adendorf<\/h3>\n<p>Unser Einzugsgebiet umfasst auch Adendorf. Durch unsere Gesch\u00e4ftst\u00e4tigkeit haben wir uns einen sehr guten \u00dcberblick \u00fcber die Stadtarchitektur der Gemeinden und St\u00e4dte unseres Vertriebsgebietes machen k\u00f6nnen. Wir f\u00fchlen uns der Region verpflichtet und sind stolz darauf, auch einen Anteil zur ausgezeichneten Infrastruktur der Gemeinde beizusteuern zu k\u00f6nnen.  <\/p>\n<h3>Leben und Arbeiten in Adendorf<\/h3><br \/>\nAdendorf befindet sich etwa vier Kilometer von L\u00fcneburg entfernt zwischen dem Elbe-Seitenkanal und der Illmenau. Nicht ganz 11.000 Menschen leben in Aldendorf auf einem Areal von rund 16 Quadratkilometern. Die \u00d6konomie der Gemeinde wird beherrscht von kleinen und mittelst\u00e4ndischen Unternehmen aus den Gesch\u00e4ftsfeldern Dienstleistung und Handwerk. Erreichbar ist der Ort mit dem Auto \u00fcber die Bundesstra\u00dfe 209. Aldendorf verf\u00fcgt des Weiteren \u00fcber eine Zufahrt an die BAB 39. Der Personennahverkehr wird \u00fcber verschiedene Busverbindungen sichergestellt. Die Umgebung lockt zu Exkursionen ins Gr\u00fcne. Die Bebauungsstruktur in der Region ist \u00fcberwiegend gekennzeichnet von einer h\u00fcbschen Einzelhausbebauung. Vor allem junge Familien sch\u00e4tzen das beschauliche Leben in Adendorf.<br \/>\n<h4>Privat- und Gesch\u00e4ftskunden aus Adendorf sch\u00e4tzen unsere Leistungen!<\/h4>\n<p>Sie leben in Adendorf und interessieren sich f\u00fcr unser Leistungsangebot. Prima, das Sie unsere Internetseite entdeckt haben. F\u00fcr R\u00fcckfragen sind wir jederzeit f\u00fcr Sie da. Auf den Kontakt zu Ihnen freuen wir uns.<\/p>","popseo_zusatztext":"<h3>Hohe Kosten bei der Bauwerksabdichtung m\u00fcssen nicht sein<\/h3>\n<p>Sie interessieren sich f\u00fcr eine Kellertrockenlegung oder eine Sanierungsarbeit an Mauern bzw. W\u00e4nden und w\u00fcnschen sich ein individuelles Angebot, das eine handwerklich gute Arbeit garantiert, gleichzeitig aber die Kosten im Blick hat. Toll, dann sind Sie bei uns an der richtigen Adresse. Als Handwerksbetrieb f\u00fcr Schimmelbeseitigung, Geb\u00e4udeabdichtung und Kellersanierung verwenden wir ausnahmslos exzellente Materialien. Nichtsdestotrotz schauen wir stets auf die Kosten, die selbstverst\u00e4ndlich \u00fcberschaubar bleiben sollen. Wir m\u00f6chten Ihnen beste Qualit\u00e4t anbieten, die zugleich auch die Kosten im Blick beh\u00e4lt. Bei uns stimmen Kosten und Qualit\u00e4t: Schon seit etlichen Jahren sind wir Ihr qualifizierter Fachbetrieb f\u00fcr Sanierungs- und Trocknungsarbeiten in Norddeutschland. Unser Firmensitz befindet sich verkehrsg\u00fcnstig in Brietlingen bei L\u00fcndeburg. Die Kosten stets vor Augen: Wir stehen f\u00fcr eine einwandfrei durchgef\u00fchrte Arbeit nach dem jeweils aktuellsten Stand der Technik.<\/p>\n<h3>Die Kosten stets vor Augen<\/h3>\n<p>D\u00fcrfen wir Sie informieren, wie Sie die Kosten f\u00fcr eine Sanierung reduzieren? Super, dann z\u00f6gern Sie bitte nicht und nehmen am besten noch heute Verbindung mit uns auf. Ein kurzer Anruf oder auch eine kurze Email gen\u00fcgen. Die fachlich versierte Beratung ist genauso wichtig wie die sachgem\u00e4\u00dfe Umsetzung der eigentlichen Arbeiten. Unsere fachliche Beratung ist selbstverst\u00e4ndlich absolut unverbindlich. Qualit\u00e4tsbewusst bei \u00fcberschaubaren Kosten: Wir empfehlen uns als spezialisiertes Fachunternehmen im Norden. Unsere jahrelange Erfahrung spricht f\u00fcr uns.<br \/>\nSenken Sie die Kosten f\u00fcr Ihr Sanierungsprojekt: Vertrauen Sie den Spezialisten der Firma Keul.<\/p>","popseo_links":"<a href=\"https:\/\/bautenschutz-keul.de\/angebote\/feuchtigkeit-buchholz-in-der-nordheide\/\">Feuchtigkeit Buchholz in der Nordheide<\/a>, <a href=\"https:\/\/bautenschutz-keul.de\/angebote\/feuchtigkeitsschaden-bispingen\/\">Feuchtigkeitsschaden Bispingen<\/a>, <a href=\"https:\/\/bautenschutz-keul.de\/angebote\/zerstoerter-putz-bispingen\/\">zerst\u00f6rter Putz Bispingen<\/a>, <a href=\"https:\/\/bautenschutz-keul.de\/angebote\/bauwerksabdichtung-winsen-luhe\/\">Bauwerksabdichtung Winsen Luhe<\/a>, <a href=\"https:\/\/bautenschutz-keul.de\/angebote\/kellerabdichtung-stelle\/\">Kellerabdichtung Stelle<\/a>, <a href=\"https:\/\/bautenschutz-keul.de\/angebote\/aufsteigende-feuchtigkeit-jesteburg\/\">aufsteigende Feuchtigkeit Jesteburg<\/a>, <a href=\"https:\/\/bautenschutz-keul.de\/angebote\/kellertrockenlegung-boizenburg\/\">Kellertrockenlegung Boizenburg<\/a>, <a href=\"https:\/\/bautenschutz-keul.de\/angebote\/aufsteigende-feuchtigkeit-amelinghausen\/\">aufsteigende Feuchtigkeit Amelinghausen<\/a>, <a href=\"https:\/\/bautenschutz-keul.de\/angebote\/feuchtigkeitsschaden-reppenstedt\/\">Feuchtigkeitsschaden Reppenstedt<\/a>, <a href=\"https:\/\/bautenschutz-keul.de\/angebote\/aufsteigende-feuchtigkeit-bad-bevensen\/\">aufsteigende Feuchtigkeit Bad Bevensen<\/a>, <a href=\"https:\/\/bautenschutz-keul.de\/angebote\/feuchter-keller-amelinghausen\/\">Feuchter Keller Amelinghausen<\/a>, <a href=\"https:\/\/bautenschutz-keul.de\/angebote\/kellertrockenlegung-salzhausen\/\">Kellertrockenlegung Salzhausen<\/a>, <a href=\"https:\/\/bautenschutz-keul.de\/angebote\/aussenabdichtung-reinbek-aumuehle\/\">Au\u00dfenabdichtung Reinbek Aum\u00fchle<\/a>, <a href=\"https:\/\/bautenschutz-keul.de\/angebote\/innenabdichtung-seevetal-rosengarten\/\">Innenabdichtung Seevetal Rosengarten<\/a>, <a href=\"https:\/\/bautenschutz-keul.de\/angebote\/rissverpressung-geesthacht\/\">Rissverpressung Geesthacht<\/a>, <a href=\"https:\/\/bautenschutz-keul.de\/angebote\/feuchtigkeit-bad-bevensen\/\">Feuchtigkeit Bad Bevensen<\/a>, <a href=\"https:\/\/bautenschutz-keul.de\/angebote\/kellerabdichtung-adendorf\/\">Kellerabdichtung Adendorf<\/a>, <a href=\"https:\/\/bautenschutz-keul.de\/angebote\/feuchtigkeit-schwarzenbek\/\">Feuchtigkeit Schwarzenbek<\/a>, <a href=\"https:\/\/bautenschutz-keul.de\/angebote\/feuchte-wand-reinbek-aumuehle\/\">Feuchte Wand Reinbek Aum\u00fchle<\/a>, <a href=\"https:\/\/bautenschutz-keul.de\/angebote\/feuchtigkeit-maschen\/\">Feuchtigkeit Maschen<\/a>, <a href=\"https:\/\/bautenschutz-keul.de\/angebote\/feuchte-wand-seevetal-rosengarten\/\">Feuchte Wand Seevetal Rosengarten<\/a>, <a href=\"https:\/\/bautenschutz-keul.de\/angebote\/feuchter-keller-salzhausen\/\">Feuchter Keller Salzhausen<\/a>, <a href=\"https:\/\/bautenschutz-keul.de\/angebote\/schimmelbeseitigung-ebstorf\/\">Schimmelbeseitigung Ebstorf<\/a>, <a href=\"https:\/\/bautenschutz-keul.de\/angebote\/feuchte-mauer-adendorf\/\">Feuchte Mauer Adendorf<\/a>, <a href=\"https:\/\/bautenschutz-keul.de\/angebote\/kellerabdichtung-bad-bevensen\/\">Kellerabdichtung Bad Bevensen<\/a>, <a href=\"https:\/\/bautenschutz-keul.de\/angebote\/aufsteigende-feuchtigkeit-bergedorf-wentorf\/\">aufsteigende Feuchtigkeit Bergedorf Wentorf<\/a>, <a href=\"https:\/\/bautenschutz-keul.de\/angebote\/schimmelsanierung-seevetal-rosengarten\/\">Schimmelsanierung Seevetal Rosengarten<\/a>, <a href=\"https:\/\/bautenschutz-keul.de\/angebote\/kellertrockenlegung-lueneburg\/\">Kellertrockenlegung L\u00fcneburg<\/a>"},"_links":{"self":[{"href":"https:\/\/bautenschutz-keul.de\/angebote\/wp-json\/wp\/v2\/pages\/448","targetHints":{"allow":["GET"]}}],"collection":[{"href":"https:\/\/bautenschutz-keul.de\/angebote\/wp-json\/wp\/v2\/pages"}],"about":[{"href":"https:\/\/bautenschutz-keul.de\/angebote\/wp-json\/wp\/v2\/types\/page"}],"author":[{"embeddable":true,"href":"https:\/\/bautenschutz-keul.de\/angebote\/wp-json\/wp\/v2\/users\/1"}],"replies":[{"embeddable":true,"href":"https:\/\/bautenschutz-keul.de\/angebote\/wp-json\/wp\/v2\/comments?post=448"}],"version-history":[{"count":0,"href":"https:\/\/bautenschutz-keul.de\/angebote\/wp-json\/wp\/v2\/pages\/448\/revisions"}],"wp:attachment":[{"href":"https:\/\/bautenschutz-keul.de\/angebote\/wp-json\/wp\/v2\/media?parent=448"}],"curies":[{"name":"wp","href":"https:\/\/api.w.org\/{rel}","templated":true}]}}