{"id":450,"date":"2021-09-13T08:44:08","date_gmt":"2021-09-13T06:44:08","guid":{"rendered":"https:\/\/bautenschutz-keul.de\/angebote\/mauertrockenlegung-amt-neuhaus\/"},"modified":"2021-09-13T08:44:08","modified_gmt":"2021-09-13T06:44:08","slug":"mauertrockenlegung-amt-neuhaus","status":"publish","type":"page","link":"https:\/\/bautenschutz-keul.de\/angebote\/mauertrockenlegung-amt-neuhaus\/","title":{"rendered":"Mauertrockenlegung &#8211; Amt Neuhaus"},"content":{"rendered":"<h3>Kompetent und gr\u00fcndlich: Wir \u00fcbernehmen die Mauertrockenlegung<\/h3>\n<p>Nasse R\u00e4ume k\u00f6nnen die Substanz eines Geb\u00e4udes enorm in Mitleidenschaft ziehen. Insbesondere von au\u00dfen eindringende N\u00e4sse ist ein Thema, dessen sich Hausbesitzer unbedingt annehmen sollten. Eine fachm\u00e4nnisch ausgef\u00fchrte Mauertrockenlegung hilft Sch\u00e4den langfristig auszuschlie\u00dfen. Z\u00e4hlen Sie bei der Mauertrockenlegung auf den Spezialisten. Wir verf\u00fcgen \u00fcber langj\u00e4hrige Erfahrung und freuen uns darauf, Sie sachkundig informieren zu d\u00fcrfen. <\/p>\n<p>Die Ursachen, die eine komplette Mauertrockenlegung unentbehrlich machen, sind meistens mannigfaltiger Natur. Als wiederholte Ursache sind ein hoher Grundwasserspiegel sowie auch Durchn\u00e4ssungen beg\u00fcnstigende Hanglagen von Geb\u00e4uden zu benennen. Als Pr\u00e4ventiv- oder Instandsetzungsma\u00dfnahme sollte man entsprechend eine komplette Mauerabdichtung in Erw\u00e4gung ziehen. Um den Reparaturbedarf abzusch\u00e4tzen, ist eine Analyse unmittelbar am entsprechenden Objekt absolut notwendig. Sobald man die Gr\u00fcnde und das Ausma\u00df der Durchfeuchtungen kennt, kann man die geeigneten Ma\u00dfnahmen f\u00fcr eine erforderliche Mauertrockenlegung ermitteln. F\u00fcr welches Verfahren man sich auch entscheidet, eine Mauertrockenlegung verfolgt immer den Zweck, die Mauern von Innen und Au\u00dfen anhaltend wasserdicht zu machen. Mit einer zweckdienlichen Abdichtung schaffen Sie die Basis, Ihr Bauwerk langfristig vor bedrohlichen Feuchtigkeitssch\u00e4den zu bewahren.   <\/p>\n<h3>Fragen Sie den Fachbetrieb in Sachen Mauertrockenlegung!<\/h3>\n<p>Insbesondere bei Altbauten ist es v\u00f6llig nat\u00fcrlich, dass es im Laufe der Zeit zu Materialverschlei\u00df und zum Feuchtigkeitseintritt kommt. Nach einer Trockenlegung k\u00f6nnen auch weiterf\u00fchrende Ma\u00dfnahmen angezeigt sein. Beispielsweise ist die Horizontalsperre eine bauhandwerkliche Verfahrensweise, die verhindern soll, dass weiterhin Feuchtigkeit ins Mauerwerk eindringen kann. Wir raten Ihnen deshalb einen Termin direkt bei Ihnen vor Ort, bei dem wir die f\u00fcr Ihre Bed\u00fcrfnisse optimalste Art der Sanierung feststellen.<\/p>\n","protected":false},"excerpt":{"rendered":"<p>Kompetent und gr\u00fcndlich: Wir \u00fcbernehmen die Mauertrockenlegung Nasse R\u00e4ume k\u00f6nnen die Substanz eines Geb\u00e4udes enorm in Mitleidenschaft ziehen. Insbesondere von au\u00dfen eindringende N\u00e4sse ist ein Thema, dessen sich Hausbesitzer unbedingt annehmen sollten. Eine fachm\u00e4nnisch ausgef\u00fchrte Mauertrockenlegung hilft Sch\u00e4den langfristig auszuschlie\u00dfen. Z\u00e4hlen Sie bei der Mauertrockenlegung auf den Spezialisten. Wir verf\u00fcgen \u00fcber langj\u00e4hrige Erfahrung und freuen [&hellip;]<\/p>\n","protected":false},"author":1,"featured_media":0,"parent":0,"menu_order":0,"comment_status":"closed","ping_status":"closed","template":"","meta":{"footnotes":""},"class_list":["post-450","page","type-page","status-publish","hentry"],"meta_box":{"popseo_subtitel":"Wir sind Ihr erfahrener Experte f\u00fcr eine Mauertrockenlegung im Raum Amt Neuhaus","popseo_subtitel2":"Mauertrockenlegung - wir haben die richtige L\u00f6sung f\u00fcr Sie!","popseo_lasttitel":"Mauertrockenlegung: Treten Sie in Kontakt mit uns!","popseo_region":"Amt Neuhaus","popseo_sachwort":"Mauertrockenlegung","popseo_noupdate":"","popseo_einleitungstext":"<p>Sie haben sich mit der Bauwerksabdichtung auseinandergesetzt, da Ihr Haus feuchte Geb\u00e4udebereiche aufweist und Sie nach Methoden einer wirkungsvollen und professionellen Sanierung Ausschau halten. Super, dass sie uns gefunden haben. Auf den folgenden Seiten d\u00fcrfen wir Ihnen einige Informationen zu unserem Leistungsspektrum geben. Sie lernen auf dieser Internetseite unsere Firma n\u00e4her kennen. <\/p>\n<p>Unser Unternehmen ist ein spezialisierter und erfahrener Handwerksbetrieb mit Gesch\u00e4ftsssitz in Brietlingen bei L\u00fcneburg. Seit vielen Jahren schon sind wir Ihre Experten f\u00fcr s\u00e4mtliche Fragen rund um die Bauwerksabdichtung. Wir setzen ausschlie\u00dflich effektive und praxisbew\u00e4hrte Sanierungsmethoden und -systeme ein. Als Sanierungsfachbetrieb blicken wir auf eine lange und intensive Berufserfahrung zur\u00fcck. Unsere engagierten Fachkr\u00e4fte informieren Sie mit Vergn\u00fcgen im Detail.<\/p>","popseo_schlusstext":"<p>Sie haben Fragen zu unseren Leistungen? Wenn Sie m\u00f6chten, informieren wir Sie n\u00e4her \u00fcber unser gesamtes Aufgabengebiet. Mit Vergn\u00fcgen pr\u00e4sentieren wir Ihnen einige Referenzen, die Ihnen einen Einblick in unsere T\u00e4tigkeit geben. Rufen Sie uns doch einfach einmal an oder senden Sie uns eine E-Mail. Unser freundliches Team arbeitet fachkundig und immer kundenorientiert. W\u00e4hlen Sie bitte: <\/p>\n<p>04133 \u2013 22 37 940<\/p>","popseo_stadttext":"<h3>Unsere Dienstleistungen auch f\u00fcr Kunden aus dem Amt Neuhaus<\/h3>\n<p>Durch unsere Vertriebst\u00e4tigkeit haben wir uns einen ausgezeichneten \u00dcberblick \u00fcber die Stadtarchitektur der St\u00e4dte und Gemeinden unseres Einzugsbereiches erarbeiten k\u00f6nnen. Nat\u00fcrlich geh\u00f6rt auch das Amt Neuhaus zu unserem unmittelbaren Vertriebsgebiet. Sie kommen aus Dellien, Haar, Kaar\u00dfen, Neuhaus, Sumte, Stapel oder Tripkau und sind hier im Internet auf unsere Homepage gesto\u00dfen? Das finden wir klasse. Sehr gerne pr\u00e4sentieren wir Ihnen unser gesamtes Leistungsspektrum und beantworten Ihre Fragen. Wir freuen uns darauf, mit Ihnen ins Gespr\u00e4ch zu treten. <\/p>\n<h2>Einige interessante Informationen \u00fcber das Amt Neuhaus:<\/h2>\n<p>Das Amt Neuhaus geh\u00f6rt formell zum Landkreis L\u00fcneburg. Addiert leben etwa 5.000 Menschen in der Region. Gut 237 Quadratkilometer umfasst das gesamte Gebiet. Das Amt Neuhaus ist verkehrstechnisch hervorragend angeschlossen und \u00fcberzeugt durch eine gute Infrastruktur. Wegen der ausgezeichneten Lage ist das Amt Neuhaus speziell bei Pendlern beliebt. Sowohl Hamburg, Hannover als auch L\u00fcneburg sind schnell erreicht. Das gesamte Areal des Amtes zeichnet sich durch eine wirklich wunderbare Lebens- und Wohnqualit\u00e4t aus. Die besonders als Wohnstatt beliebte Ortschaften sind vor allem auch f\u00fcr junge Familien mit Kindern eine gute Wahl. Das Amt Neuhaus verbindet durch seine Lage auf eine nette Art und Weise urbanes Leben mit dem eher volkst\u00fcmlichen Profil eines Randbezirkes. F\u00fcr die Gr\u00f6\u00dfe des Amtes \u00fcberraschend viele Sport- und Freizeitm\u00f6glichkeiten und eine landschaftlich ansprechende Umgebung kennzeichnen die Region. Die Baustruktur im Amt Neuhaus wird gepr\u00e4gt von einer h\u00fcbschen Einzelhausbebauung. <\/p>\n<h4>Wir f\u00fcr Sie im Amt Neuhaus!<\/h4>\n<p>Sie kommen aus Haar, Dellien, Kaar\u00dfen, Neuhaus, Stapel, Sumte oder Tripkau, interessieren sich f\u00fcr unser Leistungsangebot und sind hier im World Wide Web auf unsere Homepage gesto\u00dfen? Das freut uns sehr. Sehr gerne pr\u00e4sentieren wir Ihnen unser komplettes Angebotsspektrum und beantworten Ihre Fragen. Auf Ihre Anfragen freuen wir uns.<\/p>","popseo_zusatztext":"<h3>Perfekte Sanierungsarbeiten zu geringen Kosten<\/h3>\n<p>Sie sind interessiert an Trocknungs- oder Sanierungsarbeiten und w\u00fcnschen sich ein entsprechendes Angebot, das eine qualitativ gute Arbeit garantiert, gleichzeitig aber keine hohen Kosten nach sich zieht. Klasse, in diesem Fall sind Sie bei uns an der richtigen Adresse. Als Spezialist f\u00fcr Bauwerksabdichtung, Kellersanierung und Schimmelbeseitigung verwenden wir ausnahmslos exzellente Materialien. Nichtsdestotrotz achten wir immer auf die Kosten, die selbstverst\u00e4ndlich \u00fcberschaubar bleiben sollen. Wir m\u00f6chten Ihnen Qualit\u00e4t anbieten, die gleichzeitig auch die Kosten im Blick hat. Bei uns stimmen Kosten und Qualit\u00e4t: Schon seit etlichen Jahren sind wir Ihr qualifizierter Partner f\u00fcr Sanierungs- und Trocknungsarbeiten in Norddeutschland. Unser Firmensitz befindet sich verkehrsg\u00fcnstig in Brietlingen bei L\u00fcndeburg. Die Kosten stets im Blick: Wir garantieren eine professionell durchgef\u00fchrte Sanierungsarbeit nach dem immer derzeitigen Stand der Technik.<\/p>\n<h3>Die Kosten stets vor Augen<\/h3>\n<p>D\u00fcrfen wir Sie informieren, wie Sie die Kosten f\u00fcr eine Sanierung senken k\u00f6nnen? Super, dann warten Sie bitte nicht und nehmen am besten noch heute Verbindung mit uns auf. Ein kurzer Anruf oder auch eine kurze Email gen\u00fcgen. Die fachlich versierte Beratung ist ebenso wichtig wie die sachgem\u00e4\u00dfe Umsetzung der eigentlichen Arbeiten. Unsere Beratung ist selbstverst\u00e4ndlich absolut unverbindlich. Qualit\u00e4tsbewusst bei moderaten Kosten: Wir empfehlen uns als spezialisiertes Unternehmen im Norden. Unsere langj\u00e4hrige Erfahrung zeichnet uns aus.<br \/>\nMinimieren Sie die Kosten f\u00fcr Ihr Sanierungsprojekt: Setzen Sie auf die Profis der Fachfirma Keul.<\/p>","popseo_links":"<a href=\"https:\/\/bautenschutz-keul.de\/angebote\/aufsteigende-feuchtigkeit-stelle\/\">aufsteigende Feuchtigkeit Stelle<\/a>, <a href=\"https:\/\/bautenschutz-keul.de\/angebote\/feuchtigkeitsschaden-geesthacht\/\">Feuchtigkeitsschaden Geesthacht<\/a>, <a href=\"https:\/\/bautenschutz-keul.de\/angebote\/schimmelbeseitigung-buechen\/\">Schimmelbeseitigung B\u00fcchen<\/a>, <a href=\"https:\/\/bautenschutz-keul.de\/angebote\/kellerabdichtung-glinde-sachsenwald\/\">Kellerabdichtung Glinde Sachsenwald<\/a>, <a href=\"https:\/\/bautenschutz-keul.de\/angebote\/feuchtigkeit-amelinghausen\/\">Feuchtigkeit Amelinghausen<\/a>, <a href=\"https:\/\/bautenschutz-keul.de\/angebote\/kellertrockenlegung-herzogtum-lauenburg\/\">Kellertrockenlegung Herzogtum Lauenburg<\/a>, <a href=\"https:\/\/bautenschutz-keul.de\/angebote\/zerstoerter-putz-stelle\/\">zerst\u00f6rter Putz Stelle<\/a>, <a href=\"https:\/\/bautenschutz-keul.de\/angebote\/rissverpressung-buechen\/\">Rissverpressung B\u00fcchen<\/a>, <a href=\"https:\/\/bautenschutz-keul.de\/angebote\/schimmelsanierung-bienenbuettel\/\">Schimmelsanierung Bienenb\u00fcttel<\/a>, <a href=\"https:\/\/bautenschutz-keul.de\/angebote\/horizontalsperre-amelinghausen\/\">Horizontalsperre Amelinghausen<\/a>, <a href=\"https:\/\/bautenschutz-keul.de\/angebote\/schimmelsanierung-lueneburg\/\">Schimmelsanierung L\u00fcneburg<\/a>, <a href=\"https:\/\/bautenschutz-keul.de\/angebote\/feuchte-wand-glinde-sachsenwald\/\">Feuchte Wand Glinde Sachsenwald<\/a>, <a href=\"https:\/\/bautenschutz-keul.de\/angebote\/schimmel-reppenstedt\/\">Schimmel Reppenstedt<\/a>, <a href=\"https:\/\/bautenschutz-keul.de\/angebote\/feuchtigkeit-maschen\/\">Feuchtigkeit Maschen<\/a>, <a href=\"https:\/\/bautenschutz-keul.de\/angebote\/salpeter-im-keller-adendorf\/\">Salpeter im Keller Adendorf<\/a>, <a href=\"https:\/\/bautenschutz-keul.de\/angebote\/kellertrockenlegung-amt-neuhaus\/\">Kellertrockenlegung Amt Neuhaus<\/a>, <a href=\"https:\/\/bautenschutz-keul.de\/angebote\/bauwerksabdichtung-glinde-sachsenwald\/\">Bauwerksabdichtung Glinde Sachsenwald<\/a>, <a href=\"https:\/\/bautenschutz-keul.de\/angebote\/feuchtigkeitsschaden-schwarzenbek\/\">Feuchtigkeitsschaden Schwarzenbek<\/a>, <a href=\"https:\/\/bautenschutz-keul.de\/angebote\/feuchtigkeitsschaden-bispingen\/\">Feuchtigkeitsschaden Bispingen<\/a>, <a href=\"https:\/\/bautenschutz-keul.de\/angebote\/horizontalsperre-bad-bevensen\/\">Horizontalsperre Bad Bevensen<\/a>, <a href=\"https:\/\/bautenschutz-keul.de\/angebote\/rissverpressung-lueneburg\/\">Rissverpressung L\u00fcneburg<\/a>, <a href=\"https:\/\/bautenschutz-keul.de\/angebote\/kellersanierung-stelle\/\">Kellersanierung Stelle<\/a>, <a href=\"https:\/\/bautenschutz-keul.de\/angebote\/schimmelsanierung-glinde-sachsenwald\/\">Schimmelsanierung Glinde Sachsenwald<\/a>, <a href=\"https:\/\/bautenschutz-keul.de\/angebote\/schimmel-maschen\/\">Schimmel Maschen<\/a>, <a href=\"https:\/\/bautenschutz-keul.de\/angebote\/schimmelsanierung-herzogtum-lauenburg\/\">Schimmelsanierung Herzogtum Lauenburg<\/a>, <a href=\"https:\/\/bautenschutz-keul.de\/angebote\/schimmelbeseitigung-bergedorf-wentorf\/\">Schimmelbeseitigung Bergedorf Wentorf<\/a>, <a href=\"https:\/\/bautenschutz-keul.de\/angebote\/schimmelsanierung-hanstedt\/\">Schimmelsanierung Hanstedt<\/a>, <a href=\"https:\/\/bautenschutz-keul.de\/angebote\/bauwerksabdichtung-ebstorf\/\">Bauwerksabdichtung Ebstorf<\/a>"},"_links":{"self":[{"href":"https:\/\/bautenschutz-keul.de\/angebote\/wp-json\/wp\/v2\/pages\/450","targetHints":{"allow":["GET"]}}],"collection":[{"href":"https:\/\/bautenschutz-keul.de\/angebote\/wp-json\/wp\/v2\/pages"}],"about":[{"href":"https:\/\/bautenschutz-keul.de\/angebote\/wp-json\/wp\/v2\/types\/page"}],"author":[{"embeddable":true,"href":"https:\/\/bautenschutz-keul.de\/angebote\/wp-json\/wp\/v2\/users\/1"}],"replies":[{"embeddable":true,"href":"https:\/\/bautenschutz-keul.de\/angebote\/wp-json\/wp\/v2\/comments?post=450"}],"version-history":[{"count":0,"href":"https:\/\/bautenschutz-keul.de\/angebote\/wp-json\/wp\/v2\/pages\/450\/revisions"}],"wp:attachment":[{"href":"https:\/\/bautenschutz-keul.de\/angebote\/wp-json\/wp\/v2\/media?parent=450"}],"curies":[{"name":"wp","href":"https:\/\/api.w.org\/{rel}","templated":true}]}}