{"id":452,"date":"2021-09-13T08:44:08","date_gmt":"2021-09-13T06:44:08","guid":{"rendered":"https:\/\/bautenschutz-keul.de\/angebote\/mauertrockenlegung-bardowick\/"},"modified":"2021-09-13T08:44:08","modified_gmt":"2021-09-13T06:44:08","slug":"mauertrockenlegung-bardowick","status":"publish","type":"page","link":"https:\/\/bautenschutz-keul.de\/angebote\/mauertrockenlegung-bardowick\/","title":{"rendered":"Mauertrockenlegung &#8211; Bardowick"},"content":{"rendered":"<h3>Mauertrockenlegung: Kompetent und erfahren bei Planung und Ausf\u00fchrung<\/h3>\n<p>Feuchte R\u00e4ume k\u00f6nnen die Substanz eines Wohn- oder Gesch\u00e4ftshauses enorm in Mitleidenschaft ziehen. Gerade von drau\u00dfen eintretende N\u00e4sse ist ein Problem, dessen sich Hausbewohner absolut annehmen sollten. Eine fachm\u00e4nnisch umgesetzte Mauertrockenlegung hilft M\u00e4ngel langfristig zu verhindern. Setzen Sie bei der Mauertrockenlegung auf den Fachmann. Wir verf\u00fcgen \u00fcber vielj\u00e4hrige Erfahrung und freuen uns darauf, Sie sachkundig informieren zu d\u00fcrfen. <\/p>\n<p>Die Ursachen, die eine komplette Mauertrockenlegung erforderlich machen, sind meistens mannigfaltiger Natur. Als h\u00e4ufigste Ursache sind ein hoher Grundwasserspiegel sowie auch Durchfeuchtungen beg\u00fcnstigende Hanglagen von H\u00e4usern zu benennen. Als Vorsorge- oder Instandsetzungsma\u00dfnahme sollte man entsprechend eine umfangreiche Mauerabdichtung ins Auge fassen. Um den Sanierungsbedarf zu beurteilen, ist eine Beurteilung unmittelbar am betroffenen Bauk\u00f6rper dringend unumg\u00e4nglich. Wenn man die Ursachen und den Umfang der Duchn\u00e4ssungen kennt, kann man die entsprechenden Ma\u00dfnahmen f\u00fcr eine erforderliche Mauertrockenlegung ermitteln. F\u00fcr welches Verfahren man sich auch entscheidet, eine Mauertrockenlegung verfolgt in jedem Fall den Zweck, die W\u00e4nde von Innen und Au\u00dfen dauerhaft wasserdicht zu machen. Mit einer zweckdienlichen Abdichtung schaffen Sie die Grundlage, Ihr Bauwerk auf lange Sicht vor sch\u00e4dlichen N\u00e4ssesch\u00e4den zu sch\u00fctzen.   <\/p>\n<h3>Fragen Sie den Fachbetrieb in Sachen Mauertrockenlegung!<\/h3>\n<p>Insbesondere bei Altbauten ist es v\u00f6llig normal, dass es im Laufe der Zeit zu Materialverschlei\u00df und zum Feuchtigkeitseintritt kommt. Nach einer Trockenlegung k\u00f6nnen auch weitere Ma\u00dfnahmen angezeigt sein. Zum Beispiel ist die Horizontalsperre eine bautechnische Anwendung, die verhindern soll, dass weiterhin N\u00e4sse in die Wand eindringen kann. Wir empfehlen Ihnen daher einen Termin am betreffenden Objekt, bei dem wir die f\u00fcr Ihre Anforderungen geeigneteste Art der Sanierung feststellen.<\/p>\n","protected":false},"excerpt":{"rendered":"<p>Mauertrockenlegung: Kompetent und erfahren bei Planung und Ausf\u00fchrung Feuchte R\u00e4ume k\u00f6nnen die Substanz eines Wohn- oder Gesch\u00e4ftshauses enorm in Mitleidenschaft ziehen. Gerade von drau\u00dfen eintretende N\u00e4sse ist ein Problem, dessen sich Hausbewohner absolut annehmen sollten. Eine fachm\u00e4nnisch umgesetzte Mauertrockenlegung hilft M\u00e4ngel langfristig zu verhindern. Setzen Sie bei der Mauertrockenlegung auf den Fachmann. Wir verf\u00fcgen \u00fcber [&hellip;]<\/p>\n","protected":false},"author":1,"featured_media":0,"parent":0,"menu_order":0,"comment_status":"closed","ping_status":"closed","template":"","meta":{"footnotes":""},"class_list":["post-452","page","type-page","status-publish","hentry"],"meta_box":{"popseo_subtitel":"Wir sind Ihr Partner f\u00fcr eine Mauertrockenlegung in Bardowick","popseo_subtitel2":"Mauertrockenlegung - setzen Sie auf unsere Erfahrung","popseo_lasttitel":"Mauertrockenlegung: Unsere Mitarbeiter beantworten gerne Ihre Fragen","popseo_region":"Bardowick","popseo_sachwort":"Mauertrockenlegung","popseo_noupdate":"","popseo_einleitungstext":"<p>Sie haben sich mit der Bauwerksabdichtung auseinandergesetzt, da Ihre Immobilie feuchte Geb\u00e4udeteile aufweist und Sie nach M\u00f6glichkeiten einer wirkungsvollen und professionellen Sanierung Ausschau halten. Hervorragend, dass Sie unsere Homepage entdeckt haben. Auf den folgenden Seiten d\u00fcrfen wir Ihnen n\u00e4here Informationen zu unserem Leistungsangebot geben. Sie lernen auf dieser Internetseite unsere Firma n\u00e4her kennen. <\/p>\n<p>Unser Unternehmen ist ein spezialisierter und etablierter Handwerksbetrieb mit Firmensitz in Brietlingen bei L\u00fcneburg. Seit vielen Jahren schon sind wir Ihre Experten f\u00fcr alle auftretenden Fragen rund um die Bauwerksabdichtung. Wir setzen ausschlie\u00dflich effektive und praxisbew\u00e4hrte Sanierungssysteme und -methoden ein. Als Sanierungsfachbetrieb blicken wir auf eine lange und intensive Berufserfahrung zur\u00fcck. Unsere freundlichen Spezialisten informieren Sie gerne im Detail.<\/p>","popseo_schlusstext":"<p>Auf Wunsch informieren wir Sie n\u00e4her \u00fcber unser Themengebiet. Wir nennen Ihnen mit Vergn\u00fcgen auch einige Referenzprojekte, die Ihnen einen Einblick in unsere T\u00e4tigkeit geben.<br \/>\nSchenken Sie uns Ihr Vertrauen. Rufen Sie uns doch rasch einmal an oder schicken Sie uns eine kurze E-Mail. Wir freuen uns auf den Kontakt zu Ihnen.<\/p>","popseo_stadttext":"<h3>Anfragen erhalten wir auch aus Bardowick<\/h3>\n<p>Bardowick ist ein Flecken in der Nachbarschaft von Winsen (Luhe) und L\u00fcneburg. Formell z\u00e4hlt die Gemeinde zum Kreis L\u00fcneburg. Bardowick hat knapp 7.000 gemeldete B\u00fcrger und streckt sich \u00fcber ein Gesamtareal von rund 23 qkm. Die Gemeinde ist Verwaltungssitz der Samtgemeinde Bardowick, einer Vereinigung von sieben kleineren Orten \u2013 neben Bardowick selbst sind dies Barum, Handorf, Mechtersen, Radbruch, V\u00f6gelsen und Wittorf. Die Samtgemeinde z\u00e4hlt insgesamt rund 18.000 Einwohner und streckt sich \u00fcber eine Fl\u00e4che von zirka 100 km\u00b2.<\/p>\n<p>Durch unsere Vertriebst\u00e4tigkeit haben wir uns einen ausgezeichneten \u00dcberblick \u00fcber die Stadtarchitektur der St\u00e4dte und Gemeinden unseres Einzugsbereiches erarbeiten k\u00f6nnen. Sie kommen aus der Samtgemeinde Bardowick und sind hier im Internet auf unsere Website gesto\u00dfen? Das finden wir klasse. Gerne pr\u00e4sentieren wir Ihnen unser komplettes Leistungsspektrum und beantworten Ihre Fragen. Wir freuen uns darauf, mit Ihnen in Kontakt zu treten. <\/p>\n<h3>Einige Informationen zum Flecken Bardowick<\/h3>\n<p>Die Wirtschaft von Bardowick wird beherrscht von kleinen Firmen.  Schwerpunkt ist die Landwirtschaft, hier speziell der M\u00f6hren- und Spargelanbau. Jedes Jahr wird in der Gemeinde daher auch die sogenannte Wurzelk\u00f6nigin gew\u00e4hlt \u2013 ein Titel, der wahrscheinlich einmalig ist. Hinsichtlich der Verkehrssituation ist der Flecken Bardowick gut zu erreichen: In unmittelbarer Umgebung des Gemeindegebietes befindet sich eine Zufahrt zur BAB 39 in Richtung Hamburg. Des Weiteren erreicht man den Ort mit der Bahn auf der Streckenverbindung Hamburg-Hannover. Bardowick ist ein attraktiver Ort mit einem d\u00f6rflichem Charme. Der charmante Flecken ist eine familienfreundliche Ortschaft und bietet den B\u00fcrgern ein absolut attaktives Umfeld zum Leben und Arbeiten.       <\/p>\n<h4>Wir f\u00fcr Sie in Bardowick!<\/h4>\n<p>Sie leben in Bardowick, Barum, Handorf, Radbruch, Mechtersen, V\u00f6gelsen oder Wittorf und interessieren sich f\u00fcr unser Leistungsangebot. Toll, dass Sie uns hier auf dieser Website entdeckt haben. F\u00fcr R\u00fcckfragen sind wir jederzeit f\u00fcr Sie da. Unser engagiertes Team freut sich auf Sie.<\/p>","popseo_zusatztext":"<h3>Hohe Kosten bei der Bauwerksabdichtung m\u00fcssen nicht sein<\/h3>\n<p>Sie interessieren sich f\u00fcr eine Kellertrockenlegung oder eine Sanierungsarbeit an Mauern bzw. W\u00e4nden und w\u00fcnschen sich ein passendes Angebot, das eine handwerklich gute Arbeit garantiert, gleichwohl keine hohen Kosten verursacht. Toll, in diesem Fall sind Sie bei uns an der richtigen Adresse. Als Handwerksbetrieb f\u00fcr Bauwerksabdichtung, Schimmelbeseitigung und Kellersanierung verwenden wir ausschlie\u00dflich hochwertige Materialien. Gleichwohl schauen wir nat\u00fcrlich auf die Kosten, die selbstverst\u00e4ndlich \u00fcberschaubar bleiben sollen. Wir m\u00f6chten Ihnen beste Qualit\u00e4t anbieten, die zugleich auch die Kosten im Blick hat. Bei uns stimmen Kosten und Qualit\u00e4t: Bereits seit vielen Jahren sind wir Ihr erfahrener Fachbetrieb f\u00fcr Trocknungs- und Sanierungsarbeiten im norddeutschen Raum. Unser Standort befindet sich verkehrsg\u00fcnstig in Brietlingen bei L\u00fcndeburg. Die Kosten stets im Blick: Wir garantieren eine fachgerecht durchgef\u00fchrte Sanierungsarbeit nach dem immer aktuellsten Stand der Technik.<\/p>\n<h3>Trocknung und Sanierung durch die Firma Wist: Beste Arbeit, geringe Kosten!<\/h3>\n<p>D\u00fcrfen wir Sie informieren, wie Sie die Kosten f\u00fcr eine Sanierung begrenzen k\u00f6nnen? Super, dann warten Sie bitte nicht und nehmen am besten noch heute Verbindung mit uns auf. Ein kurzer Anruf oder eine schnelle E-Mail gen\u00fcgen. Eine fachm\u00e4nnische Beratung ist gleicherma\u00dfen wichtig wie die perfekte Umsetzung der eigentlichen Arbeiten. Unsere fachliche Beratung ist selbstverst\u00e4ndlich v\u00f6llig unverbindlich. Hochwertige Arbeit bei \u00fcberschaubaren Kosten: Wir empfehlen uns als spezialisiertes Unternehmen im Norden. Unsere gro\u00dfe Erfahrung spricht f\u00fcr uns.<br \/>\nSenken Sie die Kosten f\u00fcr Ihr Sanierungsprojekt: Setzen Sie auf die Profis der Fachfirma Keul.<\/p>","popseo_links":"<a href=\"https:\/\/bautenschutz-keul.de\/angebote\/zerstoerter-putz-bergedorf-wentorf\/\">zerst\u00f6rter Putz Bergedorf Wentorf<\/a>, <a href=\"https:\/\/bautenschutz-keul.de\/angebote\/feuchtigkeitsschaden-bad-bevensen\/\">Feuchtigkeitsschaden Bad Bevensen<\/a>, <a href=\"https:\/\/bautenschutz-keul.de\/angebote\/aussenabdichtung-stelle\/\">Au\u00dfenabdichtung Stelle<\/a>, <a href=\"https:\/\/bautenschutz-keul.de\/angebote\/aufsteigende-feuchtigkeit-boizenburg\/\">aufsteigende Feuchtigkeit Boizenburg<\/a>, <a href=\"https:\/\/bautenschutz-keul.de\/angebote\/rissverpressung-adendorf\/\">Rissverpressung Adendorf<\/a>, <a href=\"https:\/\/bautenschutz-keul.de\/angebote\/rissverpressung-winsen-luhe\/\">Rissverpressung Winsen Luhe<\/a>, <a href=\"https:\/\/bautenschutz-keul.de\/angebote\/schimmelsanierung-bispingen\/\">Schimmelsanierung Bispingen<\/a>, <a href=\"https:\/\/bautenschutz-keul.de\/angebote\/salpeter-im-keller-buechen\/\">Salpeter im Keller B\u00fcchen<\/a>, <a href=\"https:\/\/bautenschutz-keul.de\/angebote\/innenabdichtung-bardowick\/\">Innenabdichtung Bardowick<\/a>, <a href=\"https:\/\/bautenschutz-keul.de\/angebote\/horizontalsperre-brietlingen\/\">Horizontalsperre Brietlingen<\/a>, <a href=\"https:\/\/bautenschutz-keul.de\/angebote\/feuchte-mauer-adendorf\/\">Feuchte Mauer Adendorf<\/a>, <a href=\"https:\/\/bautenschutz-keul.de\/angebote\/rissverpressung-boizenburg\/\">Rissverpressung Boizenburg<\/a>, <a href=\"https:\/\/bautenschutz-keul.de\/angebote\/feuchtigkeit-uelzen\/\">Feuchtigkeit Uelzen<\/a>, <a href=\"https:\/\/bautenschutz-keul.de\/angebote\/zerstoerter-putz-salzhausen\/\">zerst\u00f6rter Putz Salzhausen<\/a>, <a href=\"https:\/\/bautenschutz-keul.de\/angebote\/schimmelbeseitigung-amelinghausen\/\">Schimmelbeseitigung Amelinghausen<\/a>, <a href=\"https:\/\/bautenschutz-keul.de\/angebote\/aufsteigende-feuchtigkeit-adendorf\/\">aufsteigende Feuchtigkeit Adendorf<\/a>, <a href=\"https:\/\/bautenschutz-keul.de\/angebote\/rissverpressung-brietlingen\/\">Rissverpressung Brietlingen<\/a>, <a href=\"https:\/\/bautenschutz-keul.de\/angebote\/innenabdichtung-reppenstedt\/\">Innenabdichtung Reppenstedt<\/a>, <a href=\"https:\/\/bautenschutz-keul.de\/angebote\/bauwerksabdichtung-amt-neuhaus\/\">Bauwerksabdichtung Amt Neuhaus<\/a>, <a href=\"https:\/\/bautenschutz-keul.de\/angebote\/schimmelbeseitigung-maschen\/\">Schimmelbeseitigung Maschen<\/a>, <a href=\"https:\/\/bautenschutz-keul.de\/angebote\/zerstoerter-putz-hanstedt\/\">zerst\u00f6rter Putz Hanstedt<\/a>, <a href=\"https:\/\/bautenschutz-keul.de\/angebote\/schimmel-reppenstedt\/\">Schimmel Reppenstedt<\/a>, <a href=\"https:\/\/bautenschutz-keul.de\/angebote\/bauwerksabdichtung-brietlingen\/\">Bauwerksabdichtung Brietlingen<\/a>, <a href=\"https:\/\/bautenschutz-keul.de\/angebote\/aussenabdichtung-bad-bevensen\/\">Au\u00dfenabdichtung Bad Bevensen<\/a>, <a href=\"https:\/\/bautenschutz-keul.de\/angebote\/horizontalsperre-amelinghausen\/\">Horizontalsperre Amelinghausen<\/a>, <a href=\"https:\/\/bautenschutz-keul.de\/angebote\/rissverpressung-bispingen\/\">Rissverpressung Bispingen<\/a>, <a href=\"https:\/\/bautenschutz-keul.de\/angebote\/kellersanierung-stelle\/\">Kellersanierung Stelle<\/a>, <a href=\"https:\/\/bautenschutz-keul.de\/angebote\/horizontalsperre-salzhausen\/\">Horizontalsperre Salzhausen<\/a>"},"_links":{"self":[{"href":"https:\/\/bautenschutz-keul.de\/angebote\/wp-json\/wp\/v2\/pages\/452","targetHints":{"allow":["GET"]}}],"collection":[{"href":"https:\/\/bautenschutz-keul.de\/angebote\/wp-json\/wp\/v2\/pages"}],"about":[{"href":"https:\/\/bautenschutz-keul.de\/angebote\/wp-json\/wp\/v2\/types\/page"}],"author":[{"embeddable":true,"href":"https:\/\/bautenschutz-keul.de\/angebote\/wp-json\/wp\/v2\/users\/1"}],"replies":[{"embeddable":true,"href":"https:\/\/bautenschutz-keul.de\/angebote\/wp-json\/wp\/v2\/comments?post=452"}],"version-history":[{"count":0,"href":"https:\/\/bautenschutz-keul.de\/angebote\/wp-json\/wp\/v2\/pages\/452\/revisions"}],"wp:attachment":[{"href":"https:\/\/bautenschutz-keul.de\/angebote\/wp-json\/wp\/v2\/media?parent=452"}],"curies":[{"name":"wp","href":"https:\/\/api.w.org\/{rel}","templated":true}]}}